{"id":40393,"date":"2016-05-25T19:55:10","date_gmt":"2016-05-25T19:55:10","guid":{"rendered":"https:\/\/monlacata.cetrexmarketing.com\/producto\/raimat-lo-fred-de-ponent-brut-reserva\/"},"modified":"2025-03-06T07:15:40","modified_gmt":"2025-03-06T07:15:40","slug":"raimat-lo-fred-de-ponent-brut-reserva","status":"publish","type":"product","link":"https:\/\/monlacata.cetrexmarketing.com\/ca\/producto\/raimat-lo-fred-de-ponent-brut-reserva\/","title":{"rendered":"Raimat Lo Fred de Ponent Brut Reserva"},"content":{"rendered":"<p><strong>Lo Fred de Ponent Brut Reserva<\/strong>\u00a0\u00e9s un cava de producci\u00f3 limitada que ressalta la puresa i autenticitat de la varietat <strong>Xarel\u00b7lo<\/strong>, una de les m\u00e9s emblem\u00e0tiques del Pened\u00e8s. Elaborat mitjan\u00e7ant el <strong>m\u00e8tode tradicional<\/strong>, aquest escum\u00f3s expressa l&#8217;ess\u00e8ncia del territori amb una crian\u00e7a m\u00ednima de <strong>24 mesos en rima<\/strong>, que li aporta complexitat i eleg\u00e0ncia sense perdre frescor.<\/p>\n<h3><strong>Nota de Cata<\/strong><\/h3>\n<ul>\n<li><strong>Vista<\/strong>: Groc p\u00e0l\u00b7lid amb reflexos daurats i un fi despreniment de bombolles, formant una corona persistent.<\/li>\n<li><strong>Nas<\/strong>: Aromes nets i intensos de fruita blanca (pera i poma verda), amb notes c\u00edtriques, fonoll i una subtil mineralitat que recorda el terroir calcari del Pened\u00e8s. La crian\u00e7a aporta matisos de brioix i fruits secs, que arrodoneixen el seu perfil arom\u00e0tic.<\/li>\n<li><strong>Boca<\/strong>: Entrada fresca i vibrant, amb una acidesa ben integrada que equilibra la seva cremositat. La bombolla fina i elegant aporta una textura suau i sedosa, amb un final llarg, sec i lleugerament sal\u00ed, que convida a seguir bevent.<\/li>\n<\/ul>\n<h3><strong>Maridatge<\/strong><\/h3>\n<p>Aquest <strong>100% Xarel\u00b7lo<\/strong> \u00e9s un cava gastron\u00f2mic i vers\u00e0til, ideal per acompanyar mariscos, ostres, peixos a la graella, arrossos de mar i muntanya, i formatges curats. Tamb\u00e9 \u00e9s una opci\u00f3 excel\u00b7lent per degustar sol i gaudir de la seva expressi\u00f3 aut\u00e8ntica.<\/p>\n<p><strong>Lo Fred de Ponent Brut Reserva <\/strong>\u00a0\u00e9s un cava d\u2019identitat marcada, que posa en valor aquesta varietat aut\u00f2ctona amb una bombolla fina i una estructura que equilibra a la perfecci\u00f3 frescor, mineralitat i eleg\u00e0ncia.<\/p>\n","protected":false},"excerpt":{"rendered":"<p><strong>Lo Fred de Ponent Brut Reserva<\/strong> \u00e9s un cava de producci\u00f3 limitada elaborat amb <strong>100% Xarel\u00b7lo<\/strong>, destacant la puresa i autenticitat d\u2019aquesta varietat emblem\u00e0tica del Pened\u00e8s. Criat durant <strong>24 mesos en rima<\/strong>, ofereix una complexitat arom\u00e0tica amb notes de <strong>fruita blanca, c\u00edtrics, fonoll i un subtil toc mineral<\/strong>, enriquit per matisos de <strong>brioix i fruits secs<\/strong>. En boca \u00e9s <strong>fresc, vibrant i crem\u00f3s<\/strong>, amb una bombolla fina i elegant que aporta suavitat i un final <strong>llarg, sec i lleugerament sal\u00ed<\/strong>. Vers\u00e0til i gastron\u00f2mic, marida perfectament amb <strong>marisc, peixos a la graella, arrossos i formatges curats<\/strong>, tot i que tamb\u00e9 \u00e9s ideal per gaudir-ne sol pel seu equilibri entre frescor, mineralitat i eleg\u00e0ncia.<\/p>\n","protected":false},"featured_media":62957,"comment_status":"closed","ping_status":"closed","template":"","meta":{"_acf_changed":false},"pwb-brand":[32909,32874],"product_cat":[33038,33080,33238],"product_tag":[50365,15141,50364,50379,14926,50377],"class_list":{"0":"post-40393","1":"product","2":"type-product","3":"status-publish","4":"has-post-thumbnail","6":"pwb-brand-cava-d-o","7":"pwb-brand-ca-raimat-ca","8":"product_cat-vi-escumos-ca","9":"product_cat-cava-ca","10":"product_cat-cava-blanc-ca","11":"product_tag-cava-ca-2","12":"product_tag-cava-raimat-ca","13":"product_tag-do-cava-ca-2","14":"product_tag-escumos-ca","15":"product_tag-raimat-ca","16":"product_tag-sant-sadurni-danoia-ca","17":"pa_bodega-raimat-ca","18":"pa_cantidaddeazucar-brut-ca","19":"pa_do-cava-d-o-ca-2","20":"pa_ecologico-vegano-natural-ecologic","21":"pa_envejecimiento-reserva-ca","22":"pa_formatoenl-075-ca","23":"pa_formatoenml-750-ca","24":"pa_graduacion-12_0-ca","25":"pa_pais-espanya-ca","26":"pa_pesoengramos-38336","27":"pa_pesoenkg-38230","28":"pa_pueblociudad-raimatlleida-ca","29":"pa_region-cataluna-ca","30":"pa_tipodevino-vinoespumoso","31":"pa_variedad-principal-xarello","32":"entry","33":"has-media","35":"first","36":"instock","37":"taxable","38":"shipping-taxable","39":"purchasable","40":"product-type-simple"},"acf":[],"yoast_head":"<!-- This site is optimized with the Yoast SEO Premium plugin v23.1 (Yoast SEO v24.1) - https:\/\/yoast.com\/wordpress\/plugins\/seo\/ -->\n<title>Raimat Lo Fred de Ponent Brut Reserva cava<\/title>\n<meta name=\"description\" content=\"Comprar cava online al millor preu. Vins escumsos nacionals i internacionals. DO Cava. 75cl.\" \/>\n<meta name=\"robots\" content=\"noindex, follow, max-snippet:-1, max-image-preview:large, max-video-preview:-1\" \/>\n<meta property=\"og:locale\" content=\"ca_ES\" \/>\n<meta property=\"og:type\" content=\"article\" \/>\n<meta property=\"og:title\" content=\"Raimat Lo Fred de Ponent Brut Reserva\" \/>\n<meta property=\"og:description\" content=\"Comprar cava online al millor preu. Vins escumsos nacionals i internacionals. DO Cava. 75cl.\" \/>\n<meta property=\"og:url\" content=\"https:\/\/monlacata.cetrexmarketing.com\/ca\/producto\/raimat-lo-fred-de-ponent-brut-reserva\/\" \/>\n<meta property=\"og:site_name\" content=\"M\u00f3n La Cata\" \/>\n<meta property=\"article:modified_time\" content=\"2025-03-06T07:15:40+00:00\" \/>\n<meta property=\"og:image\" content=\"https:\/\/monlacata.cetrexmarketing.com\/wp-content\/uploads\/2016\/05\/cava-raimat-lo-fred-de-ponent-brut.jpg.png\" \/>\n\t<meta property=\"og:image:width\" content=\"765\" \/>\n\t<meta property=\"og:image:height\" content=\"1024\" \/>\n\t<meta property=\"og:image:type\" content=\"image\/png\" \/>\n<meta name=\"twitter:card\" content=\"summary_large_image\" \/>\n<meta name=\"twitter:label1\" content=\"Temps estimat de lectura\" \/>\n\t<meta name=\"twitter:data1\" content=\"2 minuts\" \/>\n<script type=\"application\/ld+json\" class=\"yoast-schema-graph\">{\"@context\":\"https:\/\/schema.org\",\"@graph\":[{\"@type\":\"WebPage\",\"@id\":\"https:\/\/monlacata.cetrexmarketing.com\/ca\/producto\/raimat-lo-fred-de-ponent-brut-reserva\/\",\"url\":\"https:\/\/monlacata.cetrexmarketing.com\/ca\/producto\/raimat-lo-fred-de-ponent-brut-reserva\/\",\"name\":\"Raimat Lo Fred de Ponent Brut Reserva cava\",\"isPartOf\":{\"@id\":\"https:\/\/monlacata.cetrexmarketing.com\/#website\"},\"primaryImageOfPage\":{\"@id\":\"https:\/\/monlacata.cetrexmarketing.com\/ca\/producto\/raimat-lo-fred-de-ponent-brut-reserva\/#primaryimage\"},\"image\":{\"@id\":\"https:\/\/monlacata.cetrexmarketing.com\/ca\/producto\/raimat-lo-fred-de-ponent-brut-reserva\/#primaryimage\"},\"thumbnailUrl\":\"https:\/\/monlacata.cetrexmarketing.com\/wp-content\/uploads\/2016\/05\/cava-raimat-lo-fred-de-ponent-brut.jpg.png\",\"datePublished\":\"2016-05-25T19:55:10+00:00\",\"dateModified\":\"2025-03-06T07:15:40+00:00\",\"description\":\"Comprar cava online al millor preu. Vins escumsos nacionals i internacionals. DO Cava. 75cl.\",\"breadcrumb\":{\"@id\":\"https:\/\/monlacata.cetrexmarketing.com\/ca\/producto\/raimat-lo-fred-de-ponent-brut-reserva\/#breadcrumb\"},\"inLanguage\":\"ca\",\"potentialAction\":[{\"@type\":\"ReadAction\",\"target\":[\"https:\/\/monlacata.cetrexmarketing.com\/ca\/producto\/raimat-lo-fred-de-ponent-brut-reserva\/\"]}]},{\"@type\":\"ImageObject\",\"inLanguage\":\"ca\",\"@id\":\"https:\/\/monlacata.cetrexmarketing.com\/ca\/producto\/raimat-lo-fred-de-ponent-brut-reserva\/#primaryimage\",\"url\":\"https:\/\/monlacata.cetrexmarketing.com\/wp-content\/uploads\/2016\/05\/cava-raimat-lo-fred-de-ponent-brut.jpg.png\",\"contentUrl\":\"https:\/\/monlacata.cetrexmarketing.com\/wp-content\/uploads\/2016\/05\/cava-raimat-lo-fred-de-ponent-brut.jpg.png\",\"width\":765,\"height\":1024,\"caption\":\"cava raimat lo fred de ponent brut.jpg\"},{\"@type\":\"BreadcrumbList\",\"@id\":\"https:\/\/monlacata.cetrexmarketing.com\/ca\/producto\/raimat-lo-fred-de-ponent-brut-reserva\/#breadcrumb\",\"itemListElement\":[{\"@type\":\"ListItem\",\"position\":1,\"name\":\"Home\",\"item\":\"https:\/\/monlacata.cetrexmarketing.com\/ca\/\"},{\"@type\":\"ListItem\",\"position\":2,\"name\":\"Tienda\",\"item\":\"https:\/\/monlacata.cetrexmarketing.com\/ca\/tienda-2\/\"},{\"@type\":\"ListItem\",\"position\":3,\"name\":\"Tienda\",\"item\":\"https:\/\/monlacata.cetrexmarketing.com\/categoria-producto\/inicio\/\"},{\"@type\":\"ListItem\",\"position\":4,\"name\":\"Vino espumoso\",\"item\":\"https:\/\/monlacata.cetrexmarketing.com\/categoria-producto\/inicio\/vino-espumoso\/\"},{\"@type\":\"ListItem\",\"position\":5,\"name\":\"Cava\",\"item\":\"https:\/\/monlacata.cetrexmarketing.com\/categoria-producto\/inicio\/vino-espumoso\/cava\/\"},{\"@type\":\"ListItem\",\"position\":6,\"name\":\"Cava Blanco\",\"item\":\"https:\/\/monlacata.cetrexmarketing.com\/categoria-producto\/inicio\/vino-espumoso\/cava\/cava-blanco\/\"},{\"@type\":\"ListItem\",\"position\":7,\"name\":\"Raimat Lo Fred de Ponent Brut Reserva\"}]},{\"@type\":\"WebSite\",\"@id\":\"https:\/\/monlacata.cetrexmarketing.com\/#website\",\"url\":\"https:\/\/monlacata.cetrexmarketing.com\/\",\"name\":\"M\u00f3n La Cata\",\"description\":\"Tienda de vinos, licores, cervezas y gourmet\",\"publisher\":{\"@id\":\"https:\/\/monlacata.cetrexmarketing.com\/#organization\"},\"potentialAction\":[{\"@type\":\"SearchAction\",\"target\":{\"@type\":\"EntryPoint\",\"urlTemplate\":\"https:\/\/monlacata.cetrexmarketing.com\/?s={search_term_string}\"},\"query-input\":{\"@type\":\"PropertyValueSpecification\",\"valueRequired\":true,\"valueName\":\"search_term_string\"}}],\"inLanguage\":\"ca\"},{\"@type\":\"Organization\",\"@id\":\"https:\/\/monlacata.cetrexmarketing.com\/#organization\",\"name\":\"M\u00f3n La Cata\",\"url\":\"https:\/\/monlacata.cetrexmarketing.com\/\",\"logo\":{\"@type\":\"ImageObject\",\"inLanguage\":\"ca\",\"@id\":\"https:\/\/monlacata.cetrexmarketing.com\/#\/schema\/logo\/image\/\",\"url\":\"https:\/\/monlacata.cetrexmarketing.com\/wp-content\/uploads\/2024\/02\/monlacata-logo-blanc.png\",\"contentUrl\":\"https:\/\/monlacata.cetrexmarketing.com\/wp-content\/uploads\/2024\/02\/monlacata-logo-blanc.png\",\"width\":454,\"height\":193,\"caption\":\"M\u00f3n La Cata\"},\"image\":{\"@id\":\"https:\/\/monlacata.cetrexmarketing.com\/#\/schema\/logo\/image\/\"}}]}<\/script>\n<!-- \/ Yoast SEO Premium plugin. -->","yoast_head_json":{"title":"Raimat Lo Fred de Ponent Brut Reserva cava","description":"Comprar cava online al millor preu. Vins escumsos nacionals i internacionals. DO Cava. 75cl.","robots":{"index":"noindex","follow":"follow","max-snippet":"max-snippet:-1","max-image-preview":"max-image-preview:large","max-video-preview":"max-video-preview:-1"},"og_locale":"ca_ES","og_type":"article","og_title":"Raimat Lo Fred de Ponent Brut Reserva","og_description":"Comprar cava online al millor preu. Vins escumsos nacionals i internacionals. DO Cava. 75cl.","og_url":"https:\/\/monlacata.cetrexmarketing.com\/ca\/producto\/raimat-lo-fred-de-ponent-brut-reserva\/","og_site_name":"M\u00f3n La Cata","article_modified_time":"2025-03-06T07:15:40+00:00","og_image":[{"width":765,"height":1024,"url":"https:\/\/monlacata.cetrexmarketing.com\/wp-content\/uploads\/2016\/05\/cava-raimat-lo-fred-de-ponent-brut.jpg.png","type":"image\/png"}],"twitter_card":"summary_large_image","twitter_misc":{"Temps estimat de lectura":"2 minuts"},"schema":{"@context":"https:\/\/schema.org","@graph":[{"@type":"WebPage","@id":"https:\/\/monlacata.cetrexmarketing.com\/ca\/producto\/raimat-lo-fred-de-ponent-brut-reserva\/","url":"https:\/\/monlacata.cetrexmarketing.com\/ca\/producto\/raimat-lo-fred-de-ponent-brut-reserva\/","name":"Raimat Lo Fred de Ponent Brut Reserva cava","isPartOf":{"@id":"https:\/\/monlacata.cetrexmarketing.com\/#website"},"primaryImageOfPage":{"@id":"https:\/\/monlacata.cetrexmarketing.com\/ca\/producto\/raimat-lo-fred-de-ponent-brut-reserva\/#primaryimage"},"image":{"@id":"https:\/\/monlacata.cetrexmarketing.com\/ca\/producto\/raimat-lo-fred-de-ponent-brut-reserva\/#primaryimage"},"thumbnailUrl":"https:\/\/monlacata.cetrexmarketing.com\/wp-content\/uploads\/2016\/05\/cava-raimat-lo-fred-de-ponent-brut.jpg.png","datePublished":"2016-05-25T19:55:10+00:00","dateModified":"2025-03-06T07:15:40+00:00","description":"Comprar cava online al millor preu. Vins escumsos nacionals i internacionals. DO Cava. 75cl.","breadcrumb":{"@id":"https:\/\/monlacata.cetrexmarketing.com\/ca\/producto\/raimat-lo-fred-de-ponent-brut-reserva\/#breadcrumb"},"inLanguage":"ca","potentialAction":[{"@type":"ReadAction","target":["https:\/\/monlacata.cetrexmarketing.com\/ca\/producto\/raimat-lo-fred-de-ponent-brut-reserva\/"]}]},{"@type":"ImageObject","inLanguage":"ca","@id":"https:\/\/monlacata.cetrexmarketing.com\/ca\/producto\/raimat-lo-fred-de-ponent-brut-reserva\/#primaryimage","url":"https:\/\/monlacata.cetrexmarketing.com\/wp-content\/uploads\/2016\/05\/cava-raimat-lo-fred-de-ponent-brut.jpg.png","contentUrl":"https:\/\/monlacata.cetrexmarketing.com\/wp-content\/uploads\/2016\/05\/cava-raimat-lo-fred-de-ponent-brut.jpg.png","width":765,"height":1024,"caption":"cava raimat lo fred de ponent brut.jpg"},{"@type":"BreadcrumbList","@id":"https:\/\/monlacata.cetrexmarketing.com\/ca\/producto\/raimat-lo-fred-de-ponent-brut-reserva\/#breadcrumb","itemListElement":[{"@type":"ListItem","position":1,"name":"Home","item":"https:\/\/monlacata.cetrexmarketing.com\/ca\/"},{"@type":"ListItem","position":2,"name":"Tienda","item":"https:\/\/monlacata.cetrexmarketing.com\/ca\/tienda-2\/"},{"@type":"ListItem","position":3,"name":"Tienda","item":"https:\/\/monlacata.cetrexmarketing.com\/categoria-producto\/inicio\/"},{"@type":"ListItem","position":4,"name":"Vino espumoso","item":"https:\/\/monlacata.cetrexmarketing.com\/categoria-producto\/inicio\/vino-espumoso\/"},{"@type":"ListItem","position":5,"name":"Cava","item":"https:\/\/monlacata.cetrexmarketing.com\/categoria-producto\/inicio\/vino-espumoso\/cava\/"},{"@type":"ListItem","position":6,"name":"Cava Blanco","item":"https:\/\/monlacata.cetrexmarketing.com\/categoria-producto\/inicio\/vino-espumoso\/cava\/cava-blanco\/"},{"@type":"ListItem","position":7,"name":"Raimat Lo Fred de Ponent Brut Reserva"}]},{"@type":"WebSite","@id":"https:\/\/monlacata.cetrexmarketing.com\/#website","url":"https:\/\/monlacata.cetrexmarketing.com\/","name":"M\u00f3n La Cata","description":"Tienda de vinos, licores, cervezas y gourmet","publisher":{"@id":"https:\/\/monlacata.cetrexmarketing.com\/#organization"},"potentialAction":[{"@type":"SearchAction","target":{"@type":"EntryPoint","urlTemplate":"https:\/\/monlacata.cetrexmarketing.com\/?s={search_term_string}"},"query-input":{"@type":"PropertyValueSpecification","valueRequired":true,"valueName":"search_term_string"}}],"inLanguage":"ca"},{"@type":"Organization","@id":"https:\/\/monlacata.cetrexmarketing.com\/#organization","name":"M\u00f3n La Cata","url":"https:\/\/monlacata.cetrexmarketing.com\/","logo":{"@type":"ImageObject","inLanguage":"ca","@id":"https:\/\/monlacata.cetrexmarketing.com\/#\/schema\/logo\/image\/","url":"https:\/\/monlacata.cetrexmarketing.com\/wp-content\/uploads\/2024\/02\/monlacata-logo-blanc.png","contentUrl":"https:\/\/monlacata.cetrexmarketing.com\/wp-content\/uploads\/2024\/02\/monlacata-logo-blanc.png","width":454,"height":193,"caption":"M\u00f3n La Cata"},"image":{"@id":"https:\/\/monlacata.cetrexmarketing.com\/#\/schema\/logo\/image\/"}}]}},"brands":[{"id":32909,"name":"Cava D.O.","slug":"cava-d-o"},{"id":32874,"name":"Raimat","slug":"ca-raimat-ca"}],"tiered_pricing_type":"fixed","tiered_pricing_fixed_rules":[],"tiered_pricing_product_settings":{"layout":"default","base_unit_name":{"singular":null,"plural":null},"default_variation":null},"tiered_pricing_minimum_quantity":null,"tiered_pricing_roles_data":[],"tiered_pricing_percentage_rules":[],"tiered_pricing_maximum_quantity":null,"tiered_pricing_quantity_step":null,"_links":{"self":[{"href":"https:\/\/monlacata.cetrexmarketing.com\/ca\/wp-json\/wp\/v2\/product\/40393","targetHints":{"allow":["GET"]}}],"collection":[{"href":"https:\/\/monlacata.cetrexmarketing.com\/ca\/wp-json\/wp\/v2\/product"}],"about":[{"href":"https:\/\/monlacata.cetrexmarketing.com\/ca\/wp-json\/wp\/v2\/types\/product"}],"replies":[{"embeddable":true,"href":"https:\/\/monlacata.cetrexmarketing.com\/ca\/wp-json\/wp\/v2\/comments?post=40393"}],"wp:featuredmedia":[{"embeddable":true,"href":"https:\/\/monlacata.cetrexmarketing.com\/ca\/wp-json\/wp\/v2\/media\/62957"}],"wp:attachment":[{"href":"https:\/\/monlacata.cetrexmarketing.com\/ca\/wp-json\/wp\/v2\/media?parent=40393"}],"wp:term":[{"taxonomy":"pwb-brand","embeddable":true,"href":"https:\/\/monlacata.cetrexmarketing.com\/ca\/wp-json\/wp\/v2\/pwb-brand?post=40393"},{"taxonomy":"product_cat","embeddable":true,"href":"https:\/\/monlacata.cetrexmarketing.com\/ca\/wp-json\/wp\/v2\/product_cat?post=40393"},{"taxonomy":"product_tag","embeddable":true,"href":"https:\/\/monlacata.cetrexmarketing.com\/ca\/wp-json\/wp\/v2\/product_tag?post=40393"}],"curies":[{"name":"wp","href":"https:\/\/api.w.org\/{rel}","templated":true}]}}