{"id":40405,"date":"2016-05-25T19:55:10","date_gmt":"2016-05-25T19:55:10","guid":{"rendered":"https:\/\/monlacata.cetrexmarketing.com\/producto\/gramona-celler-batlle-gran-reserva-brut\/"},"modified":"2025-06-18T16:13:30","modified_gmt":"2025-06-18T16:13:30","slug":"gramona-celler-batlle-gran-reserva-brut","status":"publish","type":"product","link":"https:\/\/monlacata.cetrexmarketing.com\/ca\/producto\/gramona-celler-batlle-gran-reserva-brut\/","title":{"rendered":"Gramona Celler Batlle Gran Reserva Brut"},"content":{"rendered":"<article class=\"text-token-text-primary w-full\" dir=\"auto\" data-testid=\"conversation-turn-245\" data-scroll-anchor=\"true\">\n<div class=\"text-base my-auto mx-auto py-5 [--thread-content-margin:--spacing(4)] @[37rem]:[--thread-content-margin:--spacing(6)] @[72rem]:[--thread-content-margin:--spacing(16)] px-(--thread-content-margin)\">\n<div class=\"[--thread-content-max-width:32rem] @[34rem]:[--thread-content-max-width:40rem] @[64rem]:[--thread-content-max-width:48rem] mx-auto flex max-w-(--thread-content-max-width) flex-1 text-base gap-4 md:gap-5 lg:gap-6 group\/turn-messages focus-visible:outline-hidden\" tabindex=\"-1\">\n<div class=\"group\/conversation-turn relative flex w-full min-w-0 flex-col agent-turn\">\n<div class=\"relative flex-col gap-1 md:gap-3\">\n<div class=\"flex max-w-full flex-col grow\">\n<div class=\"min-h-8 text-message relative flex w-full flex-col items-end gap-2 text-start break-words whitespace-normal [.text-message+&amp;]:mt-5\" dir=\"auto\" data-message-author-role=\"assistant\" data-message-id=\"c0654d98-a63c-432c-82ca-3d4abddbc87a\" data-message-model-slug=\"gpt-4o\">\n<div class=\"flex w-full flex-col gap-1 empty:hidden first:pt-[3px]\">\n<div class=\"markdown prose dark:prose-invert w-full break-words light\">\n<p data-start=\"0\" data-end=\"395\"><strong data-start=\"0\" data-end=\"43\">Gramona Celler Batlle Gran Reserva Brut<\/strong> \u00e9s un escum\u00f3s d\u2019autor que representa la m\u00e0xima expressi\u00f3 del m\u00e8tode tradicional catal\u00e0 dins de la categoria Corpinnat. Elaborat amb un cupatge acurat de Xarel\u00b7lo i Macabeu, amb una crian\u00e7a m\u00ednima de m\u00e9s de 60 mesos en ampolla \u00b7sur lie\u00b7, aquest cava ofereix una complexitat i una finor excepcionals que l\u2019apropen als grans champagnes de llarga crian\u00e7a.<\/p>\n<p data-start=\"397\" data-end=\"416\"><strong data-start=\"397\" data-end=\"414\">Notes de tast<\/strong><\/p>\n<ul data-start=\"417\" data-end=\"914\">\n<li data-start=\"417\" data-end=\"491\">\n<p data-start=\"419\" data-end=\"491\"><strong data-start=\"419\" data-end=\"429\">Color:<\/strong> groc daurat brillant amb bombolla fina, cont\u00ednua i elegant.<\/p>\n<\/li>\n<li data-start=\"492\" data-end=\"699\">\n<p data-start=\"494\" data-end=\"699\"><strong data-start=\"494\" data-end=\"502\">Nas:<\/strong> extraordin\u00e0riament complex: fruita blanca madura (poma Golden, pera), notes c\u00edtriques de llimona i aranja, matisos d\u2019ametlla i avellana, tocs especiats, pa torrat, brioix i un fons mineral sal\u00ed.<\/p>\n<\/li>\n<li data-start=\"700\" data-end=\"914\">\n<p data-start=\"702\" data-end=\"914\"><strong data-start=\"702\" data-end=\"711\">Boca:<\/strong> entrada cremosa, voluminosa i molt equilibrada. Acidesa neta que aporta frescor, combinada amb una textura sedosa i una persist\u00e8ncia llarga. Regust mineral que evoca la pedra calc\u00e0ria i la brisa marina.<\/p>\n<\/li>\n<\/ul>\n<p data-start=\"916\" data-end=\"1255\"><strong data-start=\"916\" data-end=\"929\">Maridatge<\/strong><br data-start=\"929\" data-end=\"932\" \/>Aquest escum\u00f3s gastron\u00f2mic \u00e9s perfecte per acompanyar entrants sofisticats, marisc de closca i peixos cuinats amb delicadesa, peix blau com salm\u00f3 o tonyina a la planxa, arrossos caldosos de peix, formatges tous amb escor\u00e7a florida o foie micuit. Tamb\u00e9 pot elevar plats gourmet com carpaccios, t\u00e0rtars o entrants amb t\u00f2fona.<\/p>\n<p data-start=\"1257\" data-end=\"1510\" data-is-last-node=\"\" data-is-only-node=\"\">Gramona Celler Batlle Gran Reserva Brut \u00e9s un escum\u00f3s de llarga crian\u00e7a que combina riquesa arom\u00e0tica, equilibri t\u00e0nnic i personalitat mineral. Ideal per a celebracions i men\u00fas d\u2019alta gastronomia, \u00e9s un exemple excel\u00b7lent del savoir-faire del Corpinnat.<\/p>\n<\/div>\n<\/div>\n<\/div>\n<\/div>\n<\/div>\n<\/div>\n<\/div>\n<\/div>\n<\/article>\n","protected":false},"excerpt":{"rendered":"<p>Gramona Celler Batlle Gran Reserva Brut \u00e9s un escum\u00f3s d\u2019excel\u00b7l\u00e8ncia elaborat amb Xarel\u00b7lo i Macabeu, criat durant m\u00e9s de 60 mesos, que destaca per la seva complexitat, eleg\u00e0ncia i car\u00e0cter mineral. Amb notes de fruita madura, fruits secs i pa torrat, ofereix una boca cremosa i equilibrada amb una bombolla fina i persistent. \u00c9s un Corpinnat ideal per a maridar amb alta gastronomia i celebracions especials.<\/p>\n","protected":false},"featured_media":79513,"comment_status":"closed","ping_status":"closed","template":"","meta":{"_acf_changed":false},"pwb-brand":[32985,32866],"product_cat":[52175,33038,33122,33286,51985],"product_tag":[50365,50733,50610,50414,52174,50377,50416],"class_list":{"0":"post-40405","1":"product","2":"type-product","3":"status-publish","4":"has-post-thumbnail","6":"pwb-brand-corpinnat","7":"pwb-brand-ca-gramona-ca","8":"product_cat-lots-nadal","9":"product_cat-vi-escumos-ca","10":"product_cat-corpinnat-ca","11":"product_cat-corpinnat-blanc-ca","12":"product_cat-estoigs-i-lots","13":"product_tag-cava-ca-2","14":"product_tag-corpinnat-ca-2","15":"product_tag-gramona-ca-2","16":"product_tag-gran-reserva-ca-2","17":"product_tag-penedes-ca-2","18":"product_tag-sant-sadurni-danoia-ca","19":"product_tag-vi-escumos-ca","20":"pa_anada-2014-ca","21":"pa_bodega-gramona-ca","22":"pa_cantidaddeazucar-brut-ca","23":"pa_do-corpinnat-ca","24":"pa_formatoenml-750-ca","25":"pa_graduacion-12_0-ca","26":"pa_pais-espanya-ca","27":"pa_pueblociudad-santsadurnidanoiabarcelona-ca","28":"pa_region-cataluna-ca","29":"pa_tipodevino-vinoespumoso","30":"pa_variedad-principal-macabeu","31":"pa_variedad-principal-xarello","32":"entry","33":"has-media","35":"first","36":"instock","37":"taxable","38":"shipping-taxable","39":"purchasable","40":"product-type-simple"},"acf":[],"yoast_head":"<!-- This site is optimized with the Yoast SEO Premium plugin v23.1 (Yoast SEO v24.1) - https:\/\/yoast.com\/wordpress\/plugins\/seo\/ -->\n<title>Gramona Celler Batlle Gran Reserva Corpinnat<\/title>\n<meta name=\"description\" content=\"Comprar el corpinnat Celler Batlle Gran Reserva Brut de Gramona al millor preu. Botiga online especialitzada en vins, licors i productes gourmet. . Viniteca.\" \/>\n<meta name=\"robots\" content=\"noindex, follow, max-snippet:-1, max-image-preview:large, max-video-preview:-1\" \/>\n<meta property=\"og:locale\" content=\"ca_ES\" \/>\n<meta property=\"og:type\" content=\"article\" \/>\n<meta property=\"og:title\" content=\"Gramona Celler Batlle Gran Reserva Brut\" \/>\n<meta property=\"og:description\" content=\"Comprar el corpinnat Celler Batlle Gran Reserva Brut de Gramona al millor preu. Botiga online especialitzada en vins, licors i productes gourmet. . Viniteca.\" \/>\n<meta property=\"og:url\" content=\"https:\/\/monlacata.cetrexmarketing.com\/ca\/producto\/gramona-celler-batlle-gran-reserva-brut\/\" \/>\n<meta property=\"og:site_name\" content=\"M\u00f3n La Cata\" \/>\n<meta property=\"article:modified_time\" content=\"2025-06-18T16:13:30+00:00\" \/>\n<meta property=\"og:image\" content=\"https:\/\/monlacata.cetrexmarketing.com\/wp-content\/uploads\/2016\/05\/gramona-celler-batlle-estuche.jpg.png\" \/>\n\t<meta property=\"og:image:width\" content=\"765\" \/>\n\t<meta property=\"og:image:height\" content=\"1024\" \/>\n\t<meta property=\"og:image:type\" content=\"image\/png\" \/>\n<meta name=\"twitter:card\" content=\"summary_large_image\" \/>\n<meta name=\"twitter:label1\" content=\"Temps estimat de lectura\" \/>\n\t<meta name=\"twitter:data1\" content=\"2 minuts\" \/>\n<script type=\"application\/ld+json\" class=\"yoast-schema-graph\">{\"@context\":\"https:\/\/schema.org\",\"@graph\":[{\"@type\":\"WebPage\",\"@id\":\"https:\/\/monlacata.cetrexmarketing.com\/ca\/producto\/gramona-celler-batlle-gran-reserva-brut\/\",\"url\":\"https:\/\/monlacata.cetrexmarketing.com\/ca\/producto\/gramona-celler-batlle-gran-reserva-brut\/\",\"name\":\"Gramona Celler Batlle Gran Reserva Corpinnat\",\"isPartOf\":{\"@id\":\"https:\/\/monlacata.cetrexmarketing.com\/#website\"},\"primaryImageOfPage\":{\"@id\":\"https:\/\/monlacata.cetrexmarketing.com\/ca\/producto\/gramona-celler-batlle-gran-reserva-brut\/#primaryimage\"},\"image\":{\"@id\":\"https:\/\/monlacata.cetrexmarketing.com\/ca\/producto\/gramona-celler-batlle-gran-reserva-brut\/#primaryimage\"},\"thumbnailUrl\":\"https:\/\/monlacata.cetrexmarketing.com\/wp-content\/uploads\/2016\/05\/gramona-celler-batlle-estuche.jpg.png\",\"datePublished\":\"2016-05-25T19:55:10+00:00\",\"dateModified\":\"2025-06-18T16:13:30+00:00\",\"description\":\"Comprar el corpinnat Celler Batlle Gran Reserva Brut de Gramona al millor preu. Botiga online especialitzada en vins, licors i productes gourmet. . Viniteca.\",\"breadcrumb\":{\"@id\":\"https:\/\/monlacata.cetrexmarketing.com\/ca\/producto\/gramona-celler-batlle-gran-reserva-brut\/#breadcrumb\"},\"inLanguage\":\"ca\",\"potentialAction\":[{\"@type\":\"ReadAction\",\"target\":[\"https:\/\/monlacata.cetrexmarketing.com\/ca\/producto\/gramona-celler-batlle-gran-reserva-brut\/\"]}]},{\"@type\":\"ImageObject\",\"inLanguage\":\"ca\",\"@id\":\"https:\/\/monlacata.cetrexmarketing.com\/ca\/producto\/gramona-celler-batlle-gran-reserva-brut\/#primaryimage\",\"url\":\"https:\/\/monlacata.cetrexmarketing.com\/wp-content\/uploads\/2016\/05\/gramona-celler-batlle-estuche.jpg.png\",\"contentUrl\":\"https:\/\/monlacata.cetrexmarketing.com\/wp-content\/uploads\/2016\/05\/gramona-celler-batlle-estuche.jpg.png\",\"width\":765,\"height\":1024,\"caption\":\"gramona celler batlle estuche.jpg\"},{\"@type\":\"BreadcrumbList\",\"@id\":\"https:\/\/monlacata.cetrexmarketing.com\/ca\/producto\/gramona-celler-batlle-gran-reserva-brut\/#breadcrumb\",\"itemListElement\":[{\"@type\":\"ListItem\",\"position\":1,\"name\":\"Home\",\"item\":\"https:\/\/monlacata.cetrexmarketing.com\/ca\/\"},{\"@type\":\"ListItem\",\"position\":2,\"name\":\"Tienda\",\"item\":\"https:\/\/monlacata.cetrexmarketing.com\/ca\/tienda-2\/\"},{\"@type\":\"ListItem\",\"position\":3,\"name\":\"Tienda\",\"item\":\"https:\/\/monlacata.cetrexmarketing.com\/categoria-producto\/inicio\/\"},{\"@type\":\"ListItem\",\"position\":4,\"name\":\"Vino espumoso\",\"item\":\"https:\/\/monlacata.cetrexmarketing.com\/categoria-producto\/inicio\/vino-espumoso\/\"},{\"@type\":\"ListItem\",\"position\":5,\"name\":\"Corpinnat\",\"item\":\"https:\/\/monlacata.cetrexmarketing.com\/categoria-producto\/inicio\/vino-espumoso\/corpinnat\/\"},{\"@type\":\"ListItem\",\"position\":6,\"name\":\"Corpinnat blanco\",\"item\":\"https:\/\/monlacata.cetrexmarketing.com\/categoria-producto\/inicio\/vino-espumoso\/corpinnat\/corpinnat-blanco\/\"},{\"@type\":\"ListItem\",\"position\":7,\"name\":\"Gramona Celler Batlle Gran Reserva Brut\"}]},{\"@type\":\"WebSite\",\"@id\":\"https:\/\/monlacata.cetrexmarketing.com\/#website\",\"url\":\"https:\/\/monlacata.cetrexmarketing.com\/\",\"name\":\"M\u00f3n La Cata\",\"description\":\"Tienda de vinos, licores, cervezas y gourmet\",\"publisher\":{\"@id\":\"https:\/\/monlacata.cetrexmarketing.com\/#organization\"},\"potentialAction\":[{\"@type\":\"SearchAction\",\"target\":{\"@type\":\"EntryPoint\",\"urlTemplate\":\"https:\/\/monlacata.cetrexmarketing.com\/?s={search_term_string}\"},\"query-input\":{\"@type\":\"PropertyValueSpecification\",\"valueRequired\":true,\"valueName\":\"search_term_string\"}}],\"inLanguage\":\"ca\"},{\"@type\":\"Organization\",\"@id\":\"https:\/\/monlacata.cetrexmarketing.com\/#organization\",\"name\":\"M\u00f3n La Cata\",\"url\":\"https:\/\/monlacata.cetrexmarketing.com\/\",\"logo\":{\"@type\":\"ImageObject\",\"inLanguage\":\"ca\",\"@id\":\"https:\/\/monlacata.cetrexmarketing.com\/#\/schema\/logo\/image\/\",\"url\":\"https:\/\/monlacata.cetrexmarketing.com\/wp-content\/uploads\/2024\/02\/monlacata-logo-blanc.png\",\"contentUrl\":\"https:\/\/monlacata.cetrexmarketing.com\/wp-content\/uploads\/2024\/02\/monlacata-logo-blanc.png\",\"width\":454,\"height\":193,\"caption\":\"M\u00f3n La Cata\"},\"image\":{\"@id\":\"https:\/\/monlacata.cetrexmarketing.com\/#\/schema\/logo\/image\/\"}}]}<\/script>\n<!-- \/ Yoast SEO Premium plugin. -->","yoast_head_json":{"title":"Gramona Celler Batlle Gran Reserva Corpinnat","description":"Comprar el corpinnat Celler Batlle Gran Reserva Brut de Gramona al millor preu. Botiga online especialitzada en vins, licors i productes gourmet. . Viniteca.","robots":{"index":"noindex","follow":"follow","max-snippet":"max-snippet:-1","max-image-preview":"max-image-preview:large","max-video-preview":"max-video-preview:-1"},"og_locale":"ca_ES","og_type":"article","og_title":"Gramona Celler Batlle Gran Reserva Brut","og_description":"Comprar el corpinnat Celler Batlle Gran Reserva Brut de Gramona al millor preu. Botiga online especialitzada en vins, licors i productes gourmet. . Viniteca.","og_url":"https:\/\/monlacata.cetrexmarketing.com\/ca\/producto\/gramona-celler-batlle-gran-reserva-brut\/","og_site_name":"M\u00f3n La Cata","article_modified_time":"2025-06-18T16:13:30+00:00","og_image":[{"width":765,"height":1024,"url":"https:\/\/monlacata.cetrexmarketing.com\/wp-content\/uploads\/2016\/05\/gramona-celler-batlle-estuche.jpg.png","type":"image\/png"}],"twitter_card":"summary_large_image","twitter_misc":{"Temps estimat de lectura":"2 minuts"},"schema":{"@context":"https:\/\/schema.org","@graph":[{"@type":"WebPage","@id":"https:\/\/monlacata.cetrexmarketing.com\/ca\/producto\/gramona-celler-batlle-gran-reserva-brut\/","url":"https:\/\/monlacata.cetrexmarketing.com\/ca\/producto\/gramona-celler-batlle-gran-reserva-brut\/","name":"Gramona Celler Batlle Gran Reserva Corpinnat","isPartOf":{"@id":"https:\/\/monlacata.cetrexmarketing.com\/#website"},"primaryImageOfPage":{"@id":"https:\/\/monlacata.cetrexmarketing.com\/ca\/producto\/gramona-celler-batlle-gran-reserva-brut\/#primaryimage"},"image":{"@id":"https:\/\/monlacata.cetrexmarketing.com\/ca\/producto\/gramona-celler-batlle-gran-reserva-brut\/#primaryimage"},"thumbnailUrl":"https:\/\/monlacata.cetrexmarketing.com\/wp-content\/uploads\/2016\/05\/gramona-celler-batlle-estuche.jpg.png","datePublished":"2016-05-25T19:55:10+00:00","dateModified":"2025-06-18T16:13:30+00:00","description":"Comprar el corpinnat Celler Batlle Gran Reserva Brut de Gramona al millor preu. Botiga online especialitzada en vins, licors i productes gourmet. . Viniteca.","breadcrumb":{"@id":"https:\/\/monlacata.cetrexmarketing.com\/ca\/producto\/gramona-celler-batlle-gran-reserva-brut\/#breadcrumb"},"inLanguage":"ca","potentialAction":[{"@type":"ReadAction","target":["https:\/\/monlacata.cetrexmarketing.com\/ca\/producto\/gramona-celler-batlle-gran-reserva-brut\/"]}]},{"@type":"ImageObject","inLanguage":"ca","@id":"https:\/\/monlacata.cetrexmarketing.com\/ca\/producto\/gramona-celler-batlle-gran-reserva-brut\/#primaryimage","url":"https:\/\/monlacata.cetrexmarketing.com\/wp-content\/uploads\/2016\/05\/gramona-celler-batlle-estuche.jpg.png","contentUrl":"https:\/\/monlacata.cetrexmarketing.com\/wp-content\/uploads\/2016\/05\/gramona-celler-batlle-estuche.jpg.png","width":765,"height":1024,"caption":"gramona celler batlle estuche.jpg"},{"@type":"BreadcrumbList","@id":"https:\/\/monlacata.cetrexmarketing.com\/ca\/producto\/gramona-celler-batlle-gran-reserva-brut\/#breadcrumb","itemListElement":[{"@type":"ListItem","position":1,"name":"Home","item":"https:\/\/monlacata.cetrexmarketing.com\/ca\/"},{"@type":"ListItem","position":2,"name":"Tienda","item":"https:\/\/monlacata.cetrexmarketing.com\/ca\/tienda-2\/"},{"@type":"ListItem","position":3,"name":"Tienda","item":"https:\/\/monlacata.cetrexmarketing.com\/categoria-producto\/inicio\/"},{"@type":"ListItem","position":4,"name":"Vino espumoso","item":"https:\/\/monlacata.cetrexmarketing.com\/categoria-producto\/inicio\/vino-espumoso\/"},{"@type":"ListItem","position":5,"name":"Corpinnat","item":"https:\/\/monlacata.cetrexmarketing.com\/categoria-producto\/inicio\/vino-espumoso\/corpinnat\/"},{"@type":"ListItem","position":6,"name":"Corpinnat blanco","item":"https:\/\/monlacata.cetrexmarketing.com\/categoria-producto\/inicio\/vino-espumoso\/corpinnat\/corpinnat-blanco\/"},{"@type":"ListItem","position":7,"name":"Gramona Celler Batlle Gran Reserva Brut"}]},{"@type":"WebSite","@id":"https:\/\/monlacata.cetrexmarketing.com\/#website","url":"https:\/\/monlacata.cetrexmarketing.com\/","name":"M\u00f3n La Cata","description":"Tienda de vinos, licores, cervezas y gourmet","publisher":{"@id":"https:\/\/monlacata.cetrexmarketing.com\/#organization"},"potentialAction":[{"@type":"SearchAction","target":{"@type":"EntryPoint","urlTemplate":"https:\/\/monlacata.cetrexmarketing.com\/?s={search_term_string}"},"query-input":{"@type":"PropertyValueSpecification","valueRequired":true,"valueName":"search_term_string"}}],"inLanguage":"ca"},{"@type":"Organization","@id":"https:\/\/monlacata.cetrexmarketing.com\/#organization","name":"M\u00f3n La Cata","url":"https:\/\/monlacata.cetrexmarketing.com\/","logo":{"@type":"ImageObject","inLanguage":"ca","@id":"https:\/\/monlacata.cetrexmarketing.com\/#\/schema\/logo\/image\/","url":"https:\/\/monlacata.cetrexmarketing.com\/wp-content\/uploads\/2024\/02\/monlacata-logo-blanc.png","contentUrl":"https:\/\/monlacata.cetrexmarketing.com\/wp-content\/uploads\/2024\/02\/monlacata-logo-blanc.png","width":454,"height":193,"caption":"M\u00f3n La Cata"},"image":{"@id":"https:\/\/monlacata.cetrexmarketing.com\/#\/schema\/logo\/image\/"}}]}},"brands":[{"id":32985,"name":"Corpinnat","slug":"corpinnat"},{"id":32866,"name":"Gramona","slug":"ca-gramona-ca"}],"tiered_pricing_type":"fixed","tiered_pricing_fixed_rules":[],"tiered_pricing_product_settings":{"layout":"default","base_unit_name":{"singular":null,"plural":null},"default_variation":null},"tiered_pricing_minimum_quantity":null,"tiered_pricing_roles_data":[],"tiered_pricing_percentage_rules":[],"tiered_pricing_maximum_quantity":null,"tiered_pricing_quantity_step":null,"_links":{"self":[{"href":"https:\/\/monlacata.cetrexmarketing.com\/ca\/wp-json\/wp\/v2\/product\/40405","targetHints":{"allow":["GET"]}}],"collection":[{"href":"https:\/\/monlacata.cetrexmarketing.com\/ca\/wp-json\/wp\/v2\/product"}],"about":[{"href":"https:\/\/monlacata.cetrexmarketing.com\/ca\/wp-json\/wp\/v2\/types\/product"}],"replies":[{"embeddable":true,"href":"https:\/\/monlacata.cetrexmarketing.com\/ca\/wp-json\/wp\/v2\/comments?post=40405"}],"wp:featuredmedia":[{"embeddable":true,"href":"https:\/\/monlacata.cetrexmarketing.com\/ca\/wp-json\/wp\/v2\/media\/79513"}],"wp:attachment":[{"href":"https:\/\/monlacata.cetrexmarketing.com\/ca\/wp-json\/wp\/v2\/media?parent=40405"}],"wp:term":[{"taxonomy":"pwb-brand","embeddable":true,"href":"https:\/\/monlacata.cetrexmarketing.com\/ca\/wp-json\/wp\/v2\/pwb-brand?post=40405"},{"taxonomy":"product_cat","embeddable":true,"href":"https:\/\/monlacata.cetrexmarketing.com\/ca\/wp-json\/wp\/v2\/product_cat?post=40405"},{"taxonomy":"product_tag","embeddable":true,"href":"https:\/\/monlacata.cetrexmarketing.com\/ca\/wp-json\/wp\/v2\/product_tag?post=40405"}],"curies":[{"name":"wp","href":"https:\/\/api.w.org\/{rel}","templated":true}]}}