{"id":40433,"date":"2016-05-25T19:55:10","date_gmt":"2016-05-25T19:55:10","guid":{"rendered":"https:\/\/monlacata.cetrexmarketing.com\/producto\/dom-perignon\/"},"modified":"2026-01-21T16:30:43","modified_gmt":"2026-01-21T16:30:43","slug":"dom-perignon","status":"publish","type":"product","link":"https:\/\/monlacata.cetrexmarketing.com\/ca\/producto\/dom-perignon\/","title":{"rendered":"Dom Perignon Vintage"},"content":{"rendered":"<p><strong>Dom Perignon Vintage<\/strong><\/p>\n<p>Dom P\u00e9rignon Vintage \u00e9s la culminaci\u00f3 de l&#8217;ambici\u00f3 per crear el &#8220;millor vi del m\u00f3n&#8221;. Cada anyada \u00e9s una creaci\u00f3 singular que reflecteix tant el car\u00e0cter de l&#8217;any com l&#8217;estil atemporal de la Maison. Visualment \u00e9s brillant, amb reflexos daurats i una bombolla d&#8217;una delicadesa extrema. Al nas, \u00e9s c\u00e8lebre per la seva complexitat: notes inicials de flors blanques i c\u00edtrics que evolucionen cap a aromes de fruita madura, an\u00eds, menta torrada i l&#8217;inconfusible toc fumat i mineral de la casa. A la boca, \u00e9s un vi d&#8217;una precisi\u00f3 absoluta; \u00e9s ampli, sed\u00f3s i r\u00edtmic, amb una tensi\u00f3 perfecta entre la frescor i la maduresa. El seu final \u00e9s persistent, sal\u00ed i extremadament elegant. \u00c9s molt m\u00e9s que un xampany; \u00e9s un vi gastron\u00f2mic de luxe dissenyat per a maridatges d&#8217;alta cuina o per a moments de m\u00e0xima exclusivitat.<\/p>\n","protected":false},"excerpt":{"rendered":"<p>Dom Perignon Vintage Dom P\u00e9rignon Vintage \u00e9s la culminaci\u00f3 de l&#8217;ambici\u00f3 per crear el &#8220;millor vi del m\u00f3n&#8221;. Cada anyada \u00e9s una creaci\u00f3 singular que reflecteix tant el car\u00e0cter de l&#8217;any com l&#8217;estil atemporal de la Maison. Visualment \u00e9s brillant, amb reflexos daurats i una bombolla d&#8217;una delicadesa extrema. Al nas, \u00e9s c\u00e8lebre per la&hellip;<\/p>\n","protected":false},"featured_media":68030,"comment_status":"closed","ping_status":"closed","template":"","meta":{"_acf_changed":false},"pwb-brand":[32987],"product_cat":[33038,33094,33252],"product_tag":[51850,53495],"class_list":{"0":"post-40433","1":"product","2":"type-product","3":"status-publish","4":"has-post-thumbnail","6":"pwb-brand-champagne","7":"product_cat-vi-escumos-ca","8":"product_cat-champagne-ca","9":"product_cat-champagne-blanc-ca","10":"product_tag-champagne-ca-2","11":"product_tag-dom-perignon-vintage-ca","12":"pa_anada-2013-ca","13":"pa_bodega-donperignon-ca","14":"pa_cantidaddeazucar-brut-ca","15":"pa_do-champagneaoc-ca","16":"pa_formatoenml-750-ca","17":"pa_graduacion-12_5-ca","18":"pa_pais-franca","19":"pa_tipodevino-vinoespumoso","20":"pa_variedades-chardonnay_pinotnoir","21":"entry","22":"has-media","24":"first","25":"instock","26":"taxable","27":"shipping-taxable","28":"purchasable","29":"product-type-simple"},"acf":[],"yoast_head":"<!-- This site is optimized with the Yoast SEO Premium plugin v23.1 (Yoast SEO v24.1) - https:\/\/yoast.com\/wordpress\/plugins\/seo\/ -->\n<title>Dom Perignon Champagne<\/title>\n<meta name=\"description\" content=\"Comprar online al millor preu el champagne Dom Perignon Vintage 75cl (Fran\u00e7a). Viniteca. Licoreria. Destil\u00b7lats. Begudes. Productes Gourmet. Alimentaci\u00f3.\" \/>\n<meta name=\"robots\" content=\"noindex, follow, max-snippet:-1, max-image-preview:large, max-video-preview:-1\" \/>\n<meta property=\"og:locale\" content=\"ca_ES\" \/>\n<meta property=\"og:type\" content=\"article\" \/>\n<meta property=\"og:title\" content=\"Dom Perignon Vintage\" \/>\n<meta property=\"og:description\" content=\"Comprar online al millor preu el champagne Dom Perignon Vintage 75cl (Fran\u00e7a). Viniteca. Licoreria. Destil\u00b7lats. Begudes. Productes Gourmet. Alimentaci\u00f3.\" \/>\n<meta property=\"og:url\" content=\"https:\/\/monlacata.cetrexmarketing.com\/ca\/producto\/dom-perignon\/\" \/>\n<meta property=\"og:site_name\" content=\"M\u00f3n La Cata\" \/>\n<meta property=\"article:modified_time\" content=\"2026-01-21T16:30:43+00:00\" \/>\n<meta property=\"og:image\" content=\"https:\/\/monlacata.cetrexmarketing.com\/wp-content\/uploads\/2016\/05\/DOM-PERIGNON-VINTAGE.jpg.png\" \/>\n\t<meta property=\"og:image:width\" content=\"765\" \/>\n\t<meta property=\"og:image:height\" content=\"1024\" \/>\n\t<meta property=\"og:image:type\" content=\"image\/png\" \/>\n<meta name=\"twitter:card\" content=\"summary_large_image\" \/>\n<meta name=\"twitter:label1\" content=\"Temps estimat de lectura\" \/>\n\t<meta name=\"twitter:data1\" content=\"1 minut\" \/>\n<script type=\"application\/ld+json\" class=\"yoast-schema-graph\">{\"@context\":\"https:\/\/schema.org\",\"@graph\":[{\"@type\":\"WebPage\",\"@id\":\"https:\/\/monlacata.cetrexmarketing.com\/ca\/producto\/dom-perignon\/\",\"url\":\"https:\/\/monlacata.cetrexmarketing.com\/ca\/producto\/dom-perignon\/\",\"name\":\"Dom Perignon Champagne\",\"isPartOf\":{\"@id\":\"https:\/\/monlacata.cetrexmarketing.com\/#website\"},\"primaryImageOfPage\":{\"@id\":\"https:\/\/monlacata.cetrexmarketing.com\/ca\/producto\/dom-perignon\/#primaryimage\"},\"image\":{\"@id\":\"https:\/\/monlacata.cetrexmarketing.com\/ca\/producto\/dom-perignon\/#primaryimage\"},\"thumbnailUrl\":\"https:\/\/monlacata.cetrexmarketing.com\/wp-content\/uploads\/2016\/05\/DOM-PERIGNON-VINTAGE.jpg.png\",\"datePublished\":\"2016-05-25T19:55:10+00:00\",\"dateModified\":\"2026-01-21T16:30:43+00:00\",\"description\":\"Comprar online al millor preu el champagne Dom Perignon Vintage 75cl (Fran\u00e7a). Viniteca. Licoreria. Destil\u00b7lats. Begudes. Productes Gourmet. Alimentaci\u00f3.\",\"breadcrumb\":{\"@id\":\"https:\/\/monlacata.cetrexmarketing.com\/ca\/producto\/dom-perignon\/#breadcrumb\"},\"inLanguage\":\"ca\",\"potentialAction\":[{\"@type\":\"ReadAction\",\"target\":[\"https:\/\/monlacata.cetrexmarketing.com\/ca\/producto\/dom-perignon\/\"]}]},{\"@type\":\"ImageObject\",\"inLanguage\":\"ca\",\"@id\":\"https:\/\/monlacata.cetrexmarketing.com\/ca\/producto\/dom-perignon\/#primaryimage\",\"url\":\"https:\/\/monlacata.cetrexmarketing.com\/wp-content\/uploads\/2016\/05\/DOM-PERIGNON-VINTAGE.jpg.png\",\"contentUrl\":\"https:\/\/monlacata.cetrexmarketing.com\/wp-content\/uploads\/2016\/05\/DOM-PERIGNON-VINTAGE.jpg.png\",\"width\":765,\"height\":1024,\"caption\":\"DOM PERIGNON VINTAGE.jpg\"},{\"@type\":\"BreadcrumbList\",\"@id\":\"https:\/\/monlacata.cetrexmarketing.com\/ca\/producto\/dom-perignon\/#breadcrumb\",\"itemListElement\":[{\"@type\":\"ListItem\",\"position\":1,\"name\":\"Home\",\"item\":\"https:\/\/monlacata.cetrexmarketing.com\/ca\/\"},{\"@type\":\"ListItem\",\"position\":2,\"name\":\"Tienda\",\"item\":\"https:\/\/monlacata.cetrexmarketing.com\/ca\/tienda-2\/\"},{\"@type\":\"ListItem\",\"position\":3,\"name\":\"Vi Escum\u00f3s\",\"item\":\"https:\/\/monlacata.cetrexmarketing.com\/categoria-producto\/home-ca\/vi-escumos-ca\/\"},{\"@type\":\"ListItem\",\"position\":4,\"name\":\"Champagne AOC\",\"item\":\"https:\/\/monlacata.cetrexmarketing.com\/ca\/categoria-producto\/vi-escumos-ca\/champagne-ca\/\"},{\"@type\":\"ListItem\",\"position\":5,\"name\":\"Champagne Blanc\",\"item\":\"https:\/\/monlacata.cetrexmarketing.com\/ca\/categoria-producto\/vi-escumos-ca\/champagne-ca\/champagne-blanc-ca\/\"},{\"@type\":\"ListItem\",\"position\":6,\"name\":\"Dom Perignon Vintage\"}]},{\"@type\":\"WebSite\",\"@id\":\"https:\/\/monlacata.cetrexmarketing.com\/#website\",\"url\":\"https:\/\/monlacata.cetrexmarketing.com\/\",\"name\":\"M\u00f3n La Cata\",\"description\":\"Tienda de vinos, licores, cervezas y gourmet\",\"publisher\":{\"@id\":\"https:\/\/monlacata.cetrexmarketing.com\/#organization\"},\"potentialAction\":[{\"@type\":\"SearchAction\",\"target\":{\"@type\":\"EntryPoint\",\"urlTemplate\":\"https:\/\/monlacata.cetrexmarketing.com\/?s={search_term_string}\"},\"query-input\":{\"@type\":\"PropertyValueSpecification\",\"valueRequired\":true,\"valueName\":\"search_term_string\"}}],\"inLanguage\":\"ca\"},{\"@type\":\"Organization\",\"@id\":\"https:\/\/monlacata.cetrexmarketing.com\/#organization\",\"name\":\"M\u00f3n La Cata\",\"url\":\"https:\/\/monlacata.cetrexmarketing.com\/\",\"logo\":{\"@type\":\"ImageObject\",\"inLanguage\":\"ca\",\"@id\":\"https:\/\/monlacata.cetrexmarketing.com\/#\/schema\/logo\/image\/\",\"url\":\"https:\/\/monlacata.cetrexmarketing.com\/wp-content\/uploads\/2024\/02\/monlacata-logo-blanc.png\",\"contentUrl\":\"https:\/\/monlacata.cetrexmarketing.com\/wp-content\/uploads\/2024\/02\/monlacata-logo-blanc.png\",\"width\":454,\"height\":193,\"caption\":\"M\u00f3n La Cata\"},\"image\":{\"@id\":\"https:\/\/monlacata.cetrexmarketing.com\/#\/schema\/logo\/image\/\"}}]}<\/script>\n<!-- \/ Yoast SEO Premium plugin. -->","yoast_head_json":{"title":"Dom Perignon Champagne","description":"Comprar online al millor preu el champagne Dom Perignon Vintage 75cl (Fran\u00e7a). Viniteca. Licoreria. Destil\u00b7lats. Begudes. Productes Gourmet. Alimentaci\u00f3.","robots":{"index":"noindex","follow":"follow","max-snippet":"max-snippet:-1","max-image-preview":"max-image-preview:large","max-video-preview":"max-video-preview:-1"},"og_locale":"ca_ES","og_type":"article","og_title":"Dom Perignon Vintage","og_description":"Comprar online al millor preu el champagne Dom Perignon Vintage 75cl (Fran\u00e7a). Viniteca. Licoreria. Destil\u00b7lats. Begudes. Productes Gourmet. Alimentaci\u00f3.","og_url":"https:\/\/monlacata.cetrexmarketing.com\/ca\/producto\/dom-perignon\/","og_site_name":"M\u00f3n La Cata","article_modified_time":"2026-01-21T16:30:43+00:00","og_image":[{"width":765,"height":1024,"url":"https:\/\/monlacata.cetrexmarketing.com\/wp-content\/uploads\/2016\/05\/DOM-PERIGNON-VINTAGE.jpg.png","type":"image\/png"}],"twitter_card":"summary_large_image","twitter_misc":{"Temps estimat de lectura":"1 minut"},"schema":{"@context":"https:\/\/schema.org","@graph":[{"@type":"WebPage","@id":"https:\/\/monlacata.cetrexmarketing.com\/ca\/producto\/dom-perignon\/","url":"https:\/\/monlacata.cetrexmarketing.com\/ca\/producto\/dom-perignon\/","name":"Dom Perignon Champagne","isPartOf":{"@id":"https:\/\/monlacata.cetrexmarketing.com\/#website"},"primaryImageOfPage":{"@id":"https:\/\/monlacata.cetrexmarketing.com\/ca\/producto\/dom-perignon\/#primaryimage"},"image":{"@id":"https:\/\/monlacata.cetrexmarketing.com\/ca\/producto\/dom-perignon\/#primaryimage"},"thumbnailUrl":"https:\/\/monlacata.cetrexmarketing.com\/wp-content\/uploads\/2016\/05\/DOM-PERIGNON-VINTAGE.jpg.png","datePublished":"2016-05-25T19:55:10+00:00","dateModified":"2026-01-21T16:30:43+00:00","description":"Comprar online al millor preu el champagne Dom Perignon Vintage 75cl (Fran\u00e7a). Viniteca. Licoreria. Destil\u00b7lats. Begudes. Productes Gourmet. Alimentaci\u00f3.","breadcrumb":{"@id":"https:\/\/monlacata.cetrexmarketing.com\/ca\/producto\/dom-perignon\/#breadcrumb"},"inLanguage":"ca","potentialAction":[{"@type":"ReadAction","target":["https:\/\/monlacata.cetrexmarketing.com\/ca\/producto\/dom-perignon\/"]}]},{"@type":"ImageObject","inLanguage":"ca","@id":"https:\/\/monlacata.cetrexmarketing.com\/ca\/producto\/dom-perignon\/#primaryimage","url":"https:\/\/monlacata.cetrexmarketing.com\/wp-content\/uploads\/2016\/05\/DOM-PERIGNON-VINTAGE.jpg.png","contentUrl":"https:\/\/monlacata.cetrexmarketing.com\/wp-content\/uploads\/2016\/05\/DOM-PERIGNON-VINTAGE.jpg.png","width":765,"height":1024,"caption":"DOM PERIGNON VINTAGE.jpg"},{"@type":"BreadcrumbList","@id":"https:\/\/monlacata.cetrexmarketing.com\/ca\/producto\/dom-perignon\/#breadcrumb","itemListElement":[{"@type":"ListItem","position":1,"name":"Home","item":"https:\/\/monlacata.cetrexmarketing.com\/ca\/"},{"@type":"ListItem","position":2,"name":"Tienda","item":"https:\/\/monlacata.cetrexmarketing.com\/ca\/tienda-2\/"},{"@type":"ListItem","position":3,"name":"Vi Escum\u00f3s","item":"https:\/\/monlacata.cetrexmarketing.com\/categoria-producto\/home-ca\/vi-escumos-ca\/"},{"@type":"ListItem","position":4,"name":"Champagne AOC","item":"https:\/\/monlacata.cetrexmarketing.com\/ca\/categoria-producto\/vi-escumos-ca\/champagne-ca\/"},{"@type":"ListItem","position":5,"name":"Champagne Blanc","item":"https:\/\/monlacata.cetrexmarketing.com\/ca\/categoria-producto\/vi-escumos-ca\/champagne-ca\/champagne-blanc-ca\/"},{"@type":"ListItem","position":6,"name":"Dom Perignon Vintage"}]},{"@type":"WebSite","@id":"https:\/\/monlacata.cetrexmarketing.com\/#website","url":"https:\/\/monlacata.cetrexmarketing.com\/","name":"M\u00f3n La Cata","description":"Tienda de vinos, licores, cervezas y gourmet","publisher":{"@id":"https:\/\/monlacata.cetrexmarketing.com\/#organization"},"potentialAction":[{"@type":"SearchAction","target":{"@type":"EntryPoint","urlTemplate":"https:\/\/monlacata.cetrexmarketing.com\/?s={search_term_string}"},"query-input":{"@type":"PropertyValueSpecification","valueRequired":true,"valueName":"search_term_string"}}],"inLanguage":"ca"},{"@type":"Organization","@id":"https:\/\/monlacata.cetrexmarketing.com\/#organization","name":"M\u00f3n La Cata","url":"https:\/\/monlacata.cetrexmarketing.com\/","logo":{"@type":"ImageObject","inLanguage":"ca","@id":"https:\/\/monlacata.cetrexmarketing.com\/#\/schema\/logo\/image\/","url":"https:\/\/monlacata.cetrexmarketing.com\/wp-content\/uploads\/2024\/02\/monlacata-logo-blanc.png","contentUrl":"https:\/\/monlacata.cetrexmarketing.com\/wp-content\/uploads\/2024\/02\/monlacata-logo-blanc.png","width":454,"height":193,"caption":"M\u00f3n La Cata"},"image":{"@id":"https:\/\/monlacata.cetrexmarketing.com\/#\/schema\/logo\/image\/"}}]}},"brands":[{"id":32987,"name":"Champagne","slug":"champagne"}],"tiered_pricing_type":"fixed","tiered_pricing_fixed_rules":[],"tiered_pricing_product_settings":{"layout":"default","base_unit_name":{"singular":null,"plural":null},"default_variation":null},"tiered_pricing_minimum_quantity":null,"tiered_pricing_roles_data":[],"tiered_pricing_percentage_rules":[],"tiered_pricing_maximum_quantity":null,"tiered_pricing_quantity_step":null,"_links":{"self":[{"href":"https:\/\/monlacata.cetrexmarketing.com\/ca\/wp-json\/wp\/v2\/product\/40433","targetHints":{"allow":["GET"]}}],"collection":[{"href":"https:\/\/monlacata.cetrexmarketing.com\/ca\/wp-json\/wp\/v2\/product"}],"about":[{"href":"https:\/\/monlacata.cetrexmarketing.com\/ca\/wp-json\/wp\/v2\/types\/product"}],"replies":[{"embeddable":true,"href":"https:\/\/monlacata.cetrexmarketing.com\/ca\/wp-json\/wp\/v2\/comments?post=40433"}],"wp:featuredmedia":[{"embeddable":true,"href":"https:\/\/monlacata.cetrexmarketing.com\/ca\/wp-json\/wp\/v2\/media\/68030"}],"wp:attachment":[{"href":"https:\/\/monlacata.cetrexmarketing.com\/ca\/wp-json\/wp\/v2\/media?parent=40433"}],"wp:term":[{"taxonomy":"pwb-brand","embeddable":true,"href":"https:\/\/monlacata.cetrexmarketing.com\/ca\/wp-json\/wp\/v2\/pwb-brand?post=40433"},{"taxonomy":"product_cat","embeddable":true,"href":"https:\/\/monlacata.cetrexmarketing.com\/ca\/wp-json\/wp\/v2\/product_cat?post=40433"},{"taxonomy":"product_tag","embeddable":true,"href":"https:\/\/monlacata.cetrexmarketing.com\/ca\/wp-json\/wp\/v2\/product_tag?post=40433"}],"curies":[{"name":"wp","href":"https:\/\/api.w.org\/{rel}","templated":true}]}}