{"id":40495,"date":"2016-05-25T19:55:10","date_gmt":"2016-05-25T19:55:10","guid":{"rendered":"https:\/\/monlacata.cetrexmarketing.com\/producto\/5th-air-london-dry-gin\/"},"modified":"2025-02-05T14:43:09","modified_gmt":"2025-02-05T14:43:09","slug":"5th-air-london-dry-gin","status":"publish","type":"product","link":"https:\/\/monlacata.cetrexmarketing.com\/ca\/producto\/5th-air-london-dry-gin\/","title":{"rendered":"5th Air London Dry Gin"},"content":{"rendered":"<div class=\"flex max-w-full flex-col flex-grow\">\n<div class=\"min-h-8 text-message flex w-full flex-col items-end gap-2 whitespace-normal break-words text-start [.text-message+&amp;]:mt-5\" dir=\"auto\" data-message-author-role=\"assistant\" data-message-id=\"6ef192a9-a0de-4e7d-a71e-87203074de65\" data-message-model-slug=\"gpt-4o\">\n<div class=\"flex w-full flex-col gap-1 empty:hidden first:pt-[3px]\">\n<div class=\"markdown prose w-full break-words dark:prose-invert light\">\n<p><strong>5th Air London Dry Gin<\/strong> \u00e9s una ginebra premium amb un perfil lleuger, fresc i elegant, inspirada en el concepte del &#8220;cinqu\u00e8 element&#8221;. Forma part de la l\u00ednia <strong>5TH GIN<\/strong>, que es distingeix per les seves versions inspirades en els elements naturals: <strong>Earth, Water, Fire i Air.<\/strong><\/p>\n<h3><strong>Caracter\u00edstiques principals<\/strong><\/h3>\n<ul>\n<li><strong>Origen<\/strong>: Espanya<\/li>\n<li><strong>Tipo<\/strong>: Ginebra Premium<\/li>\n<li><strong>Graduaci\u00f3 alcoh\u00f2lica:<\/strong> 42% Vol.\n<\/li>\n<li><strong>Elaboraci\u00f3<\/strong>: Destil\u00b7lada en petits lots mitjan\u00e7ant un proc\u00e9s tradicional en alambins de coure, fet que garanteix una puresa i un equilibri excepcionals.\n<\/li>\n<\/ul>\n<h3><strong>Perfil de Sabor<\/strong><\/h3>\n<ul>\n<li><strong>Aroma<\/strong>: Notes florals i c\u00edtriques molt subtils, amb una sensaci\u00f3 de frescor i puresa al nas.\n<\/li>\n<li><strong>Sabor:<\/strong> Suau i lleuger, amb un car\u00e0cter refinat i eteri. Els matisos florals i herbals dominen el paladar, deixant una sensaci\u00f3 de frescor envoltant.\n<\/li>\n<li><strong>Final:<\/strong> Delicat i persistent, amb un retrogust net i lleugerament afruitat.\n<\/li>\n<\/ul>\n<h3><strong>Recomanacions de consum<\/p>\n<p><\/strong><\/h3>\n<ul>\n<li><strong>Gin Tonic:<\/strong> Perfecta per combinar amb t\u00f2nica neutra o lleugerament c\u00edtrica, acompanyada de pell de llimona o llima per ressaltar-ne la frescor.\n<\/li>\n<li><strong>C\u00f2ctels<\/strong>: Ideal per a c\u00f2ctels florals i lleugers com el French 75 o l\u2019Aviation.\n<\/li>\n<li><strong>Sola<\/strong>: Es pot gaudir amb gel per apreciar-ne els matisos subtils.\n<\/li>\n<\/ul>\n<h3><strong>Diferenciaci\u00f3<\/p>\n<p><\/strong><\/h3>\n<p>5TH AIR \u00e9s una ginebra dissenyada per a aquells que busquen un destil\u00b7lat elegant, fresc i eteri. El seu car\u00e0cter delicat i refinat la converteix en una opci\u00f3 ideal per a qui prefereix una ginebra m\u00e9s lleugera i equilibrada, sense perdre la complexitat arom\u00e0tica. <\/p>\n<\/div>\n<\/div>\n<\/div>\n<\/div>\n<p>&nbsp;<\/p>\n","protected":false},"excerpt":{"rendered":"<p>.<\/p>\n","protected":false},"featured_media":65614,"comment_status":"closed","ping_status":"closed","template":"","meta":{"_acf_changed":false},"pwb-brand":[],"product_cat":[33040,33164],"product_tag":[51664,15196,51665,15198,15197],"class_list":{"0":"post-40495","1":"product","2":"type-product","3":"status-publish","4":"has-post-thumbnail","6":"product_cat-destil-lats-ca","7":"product_cat-ginebra-ca","8":"product_tag-gin-ca-2","9":"product_tag-gin-5th-ca","10":"product_tag-ginebra-ca-2","11":"product_tag-ginebra-5th-ca","12":"product_tag-ginebra-catalana-ca","13":"product_shipping_class-enviament-en-7-10-dies","14":"pa_bodega-atmosphera-ca","15":"pa_formatoenl-070-ca","16":"pa_formatoenml-700-ca","17":"pa_graduacion-40_0-ca","18":"pa_pais-espanya-ca","19":"pa_pesoengramos-1250-ca","20":"pa_pesoenkg-125-ca-2","21":"pa_pueblociudad-arenysdemuntbarcelona-ca","22":"pa_region-cataluna-ca","23":"entry","24":"has-media","26":"first","27":"onbackorder","28":"taxable","29":"shipping-taxable","30":"purchasable","31":"product-type-simple"},"acf":[],"yoast_head":"<!-- This site is optimized with the Yoast SEO Premium plugin v23.1 (Yoast SEO v24.1) - https:\/\/yoast.com\/wordpress\/plugins\/seo\/ -->\n<title>5th Air London Dry Gin<\/title>\n<meta name=\"description\" content=\"Comprar online la ginebra 5th Air. London dry gin.\" \/>\n<meta name=\"robots\" content=\"noindex, follow, max-snippet:-1, max-image-preview:large, max-video-preview:-1\" \/>\n<meta property=\"og:locale\" content=\"ca_ES\" \/>\n<meta property=\"og:type\" content=\"article\" \/>\n<meta property=\"og:title\" content=\"5th Air London Dry Gin\" \/>\n<meta property=\"og:description\" content=\"Comprar online la ginebra 5th Air. London dry gin.\" \/>\n<meta property=\"og:url\" content=\"https:\/\/monlacata.cetrexmarketing.com\/producto\/5th-air-london-dry-gin\/\" \/>\n<meta property=\"og:site_name\" content=\"M\u00f3n La Cata\" \/>\n<meta property=\"article:modified_time\" content=\"2025-02-05T14:43:09+00:00\" \/>\n<meta property=\"og:image\" content=\"https:\/\/monlacata.cetrexmarketing.com\/wp-content\/uploads\/2016\/05\/GIN-5TH-AIR-LONDON-DRY-GIN.jpg.png\" \/>\n\t<meta property=\"og:image:width\" content=\"765\" \/>\n\t<meta property=\"og:image:height\" content=\"1024\" \/>\n\t<meta property=\"og:image:type\" content=\"image\/png\" \/>\n<meta name=\"twitter:card\" content=\"summary_large_image\" \/>\n<meta name=\"twitter:label1\" content=\"Temps estimat de lectura\" \/>\n\t<meta name=\"twitter:data1\" content=\"1 minut\" \/>\n<script type=\"application\/ld+json\" class=\"yoast-schema-graph\">{\"@context\":\"https:\/\/schema.org\",\"@graph\":[{\"@type\":\"WebPage\",\"@id\":\"https:\/\/monlacata.cetrexmarketing.com\/producto\/5th-air-london-dry-gin\/\",\"url\":\"https:\/\/monlacata.cetrexmarketing.com\/producto\/5th-air-london-dry-gin\/\",\"name\":\"5th Air London Dry Gin\",\"isPartOf\":{\"@id\":\"https:\/\/monlacata.cetrexmarketing.com\/#website\"},\"primaryImageOfPage\":{\"@id\":\"https:\/\/monlacata.cetrexmarketing.com\/producto\/5th-air-london-dry-gin\/#primaryimage\"},\"image\":{\"@id\":\"https:\/\/monlacata.cetrexmarketing.com\/producto\/5th-air-london-dry-gin\/#primaryimage\"},\"thumbnailUrl\":\"https:\/\/monlacata.cetrexmarketing.com\/wp-content\/uploads\/2016\/05\/GIN-5TH-AIR-LONDON-DRY-GIN.jpg.png\",\"datePublished\":\"2016-05-25T19:55:10+00:00\",\"dateModified\":\"2025-02-05T14:43:09+00:00\",\"description\":\"Comprar online la ginebra 5th Air. London dry gin.\",\"breadcrumb\":{\"@id\":\"https:\/\/monlacata.cetrexmarketing.com\/producto\/5th-air-london-dry-gin\/#breadcrumb\"},\"inLanguage\":\"ca\",\"potentialAction\":[{\"@type\":\"ReadAction\",\"target\":[\"https:\/\/monlacata.cetrexmarketing.com\/producto\/5th-air-london-dry-gin\/\"]}]},{\"@type\":\"ImageObject\",\"inLanguage\":\"ca\",\"@id\":\"https:\/\/monlacata.cetrexmarketing.com\/producto\/5th-air-london-dry-gin\/#primaryimage\",\"url\":\"https:\/\/monlacata.cetrexmarketing.com\/wp-content\/uploads\/2016\/05\/GIN-5TH-AIR-LONDON-DRY-GIN.jpg.png\",\"contentUrl\":\"https:\/\/monlacata.cetrexmarketing.com\/wp-content\/uploads\/2016\/05\/GIN-5TH-AIR-LONDON-DRY-GIN.jpg.png\",\"width\":765,\"height\":1024,\"caption\":\"GIN 5TH AIR LONDON DRY GIN.jpg\"},{\"@type\":\"BreadcrumbList\",\"@id\":\"https:\/\/monlacata.cetrexmarketing.com\/producto\/5th-air-london-dry-gin\/#breadcrumb\",\"itemListElement\":[{\"@type\":\"ListItem\",\"position\":1,\"name\":\"Home\",\"item\":\"https:\/\/monlacata.cetrexmarketing.com\/ca\/\"},{\"@type\":\"ListItem\",\"position\":2,\"name\":\"Tienda\",\"item\":\"https:\/\/monlacata.cetrexmarketing.com\/ca\/tienda-2\/\"},{\"@type\":\"ListItem\",\"position\":3,\"name\":\"Destil\u00b7lats\",\"item\":\"https:\/\/monlacata.cetrexmarketing.com\/categoria-producto\/home-ca\/destil-lats-ca\/\"},{\"@type\":\"ListItem\",\"position\":4,\"name\":\"Ginebra\",\"item\":\"https:\/\/monlacata.cetrexmarketing.com\/ca\/categoria-producto\/destil-lats-ca\/ginebra-ca\/\"},{\"@type\":\"ListItem\",\"position\":5,\"name\":\"5th Air London Dry Gin\"}]},{\"@type\":\"WebSite\",\"@id\":\"https:\/\/monlacata.cetrexmarketing.com\/#website\",\"url\":\"https:\/\/monlacata.cetrexmarketing.com\/\",\"name\":\"M\u00f3n La Cata\",\"description\":\"Tienda de vinos, licores, cervezas y gourmet\",\"publisher\":{\"@id\":\"https:\/\/monlacata.cetrexmarketing.com\/#organization\"},\"potentialAction\":[{\"@type\":\"SearchAction\",\"target\":{\"@type\":\"EntryPoint\",\"urlTemplate\":\"https:\/\/monlacata.cetrexmarketing.com\/?s={search_term_string}\"},\"query-input\":{\"@type\":\"PropertyValueSpecification\",\"valueRequired\":true,\"valueName\":\"search_term_string\"}}],\"inLanguage\":\"ca\"},{\"@type\":\"Organization\",\"@id\":\"https:\/\/monlacata.cetrexmarketing.com\/#organization\",\"name\":\"M\u00f3n La Cata\",\"url\":\"https:\/\/monlacata.cetrexmarketing.com\/\",\"logo\":{\"@type\":\"ImageObject\",\"inLanguage\":\"ca\",\"@id\":\"https:\/\/monlacata.cetrexmarketing.com\/#\/schema\/logo\/image\/\",\"url\":\"https:\/\/monlacata.cetrexmarketing.com\/wp-content\/uploads\/2024\/02\/monlacata-logo-blanc.png\",\"contentUrl\":\"https:\/\/monlacata.cetrexmarketing.com\/wp-content\/uploads\/2024\/02\/monlacata-logo-blanc.png\",\"width\":454,\"height\":193,\"caption\":\"M\u00f3n La Cata\"},\"image\":{\"@id\":\"https:\/\/monlacata.cetrexmarketing.com\/#\/schema\/logo\/image\/\"}}]}<\/script>\n<!-- \/ Yoast SEO Premium plugin. -->","yoast_head_json":{"title":"5th Air London Dry Gin","description":"Comprar online la ginebra 5th Air. London dry gin.","robots":{"index":"noindex","follow":"follow","max-snippet":"max-snippet:-1","max-image-preview":"max-image-preview:large","max-video-preview":"max-video-preview:-1"},"og_locale":"ca_ES","og_type":"article","og_title":"5th Air London Dry Gin","og_description":"Comprar online la ginebra 5th Air. London dry gin.","og_url":"https:\/\/monlacata.cetrexmarketing.com\/producto\/5th-air-london-dry-gin\/","og_site_name":"M\u00f3n La Cata","article_modified_time":"2025-02-05T14:43:09+00:00","og_image":[{"width":765,"height":1024,"url":"https:\/\/monlacata.cetrexmarketing.com\/wp-content\/uploads\/2016\/05\/GIN-5TH-AIR-LONDON-DRY-GIN.jpg.png","type":"image\/png"}],"twitter_card":"summary_large_image","twitter_misc":{"Temps estimat de lectura":"1 minut"},"schema":{"@context":"https:\/\/schema.org","@graph":[{"@type":"WebPage","@id":"https:\/\/monlacata.cetrexmarketing.com\/producto\/5th-air-london-dry-gin\/","url":"https:\/\/monlacata.cetrexmarketing.com\/producto\/5th-air-london-dry-gin\/","name":"5th Air London Dry Gin","isPartOf":{"@id":"https:\/\/monlacata.cetrexmarketing.com\/#website"},"primaryImageOfPage":{"@id":"https:\/\/monlacata.cetrexmarketing.com\/producto\/5th-air-london-dry-gin\/#primaryimage"},"image":{"@id":"https:\/\/monlacata.cetrexmarketing.com\/producto\/5th-air-london-dry-gin\/#primaryimage"},"thumbnailUrl":"https:\/\/monlacata.cetrexmarketing.com\/wp-content\/uploads\/2016\/05\/GIN-5TH-AIR-LONDON-DRY-GIN.jpg.png","datePublished":"2016-05-25T19:55:10+00:00","dateModified":"2025-02-05T14:43:09+00:00","description":"Comprar online la ginebra 5th Air. London dry gin.","breadcrumb":{"@id":"https:\/\/monlacata.cetrexmarketing.com\/producto\/5th-air-london-dry-gin\/#breadcrumb"},"inLanguage":"ca","potentialAction":[{"@type":"ReadAction","target":["https:\/\/monlacata.cetrexmarketing.com\/producto\/5th-air-london-dry-gin\/"]}]},{"@type":"ImageObject","inLanguage":"ca","@id":"https:\/\/monlacata.cetrexmarketing.com\/producto\/5th-air-london-dry-gin\/#primaryimage","url":"https:\/\/monlacata.cetrexmarketing.com\/wp-content\/uploads\/2016\/05\/GIN-5TH-AIR-LONDON-DRY-GIN.jpg.png","contentUrl":"https:\/\/monlacata.cetrexmarketing.com\/wp-content\/uploads\/2016\/05\/GIN-5TH-AIR-LONDON-DRY-GIN.jpg.png","width":765,"height":1024,"caption":"GIN 5TH AIR LONDON DRY GIN.jpg"},{"@type":"BreadcrumbList","@id":"https:\/\/monlacata.cetrexmarketing.com\/producto\/5th-air-london-dry-gin\/#breadcrumb","itemListElement":[{"@type":"ListItem","position":1,"name":"Home","item":"https:\/\/monlacata.cetrexmarketing.com\/ca\/"},{"@type":"ListItem","position":2,"name":"Tienda","item":"https:\/\/monlacata.cetrexmarketing.com\/ca\/tienda-2\/"},{"@type":"ListItem","position":3,"name":"Destil\u00b7lats","item":"https:\/\/monlacata.cetrexmarketing.com\/categoria-producto\/home-ca\/destil-lats-ca\/"},{"@type":"ListItem","position":4,"name":"Ginebra","item":"https:\/\/monlacata.cetrexmarketing.com\/ca\/categoria-producto\/destil-lats-ca\/ginebra-ca\/"},{"@type":"ListItem","position":5,"name":"5th Air London Dry Gin"}]},{"@type":"WebSite","@id":"https:\/\/monlacata.cetrexmarketing.com\/#website","url":"https:\/\/monlacata.cetrexmarketing.com\/","name":"M\u00f3n La Cata","description":"Tienda de vinos, licores, cervezas y gourmet","publisher":{"@id":"https:\/\/monlacata.cetrexmarketing.com\/#organization"},"potentialAction":[{"@type":"SearchAction","target":{"@type":"EntryPoint","urlTemplate":"https:\/\/monlacata.cetrexmarketing.com\/?s={search_term_string}"},"query-input":{"@type":"PropertyValueSpecification","valueRequired":true,"valueName":"search_term_string"}}],"inLanguage":"ca"},{"@type":"Organization","@id":"https:\/\/monlacata.cetrexmarketing.com\/#organization","name":"M\u00f3n La Cata","url":"https:\/\/monlacata.cetrexmarketing.com\/","logo":{"@type":"ImageObject","inLanguage":"ca","@id":"https:\/\/monlacata.cetrexmarketing.com\/#\/schema\/logo\/image\/","url":"https:\/\/monlacata.cetrexmarketing.com\/wp-content\/uploads\/2024\/02\/monlacata-logo-blanc.png","contentUrl":"https:\/\/monlacata.cetrexmarketing.com\/wp-content\/uploads\/2024\/02\/monlacata-logo-blanc.png","width":454,"height":193,"caption":"M\u00f3n La Cata"},"image":{"@id":"https:\/\/monlacata.cetrexmarketing.com\/#\/schema\/logo\/image\/"}}]}},"brands":[],"tiered_pricing_type":"fixed","tiered_pricing_fixed_rules":[],"tiered_pricing_product_settings":{"layout":"default","base_unit_name":{"singular":null,"plural":null},"default_variation":null},"tiered_pricing_minimum_quantity":null,"tiered_pricing_roles_data":[],"tiered_pricing_percentage_rules":[],"tiered_pricing_maximum_quantity":null,"tiered_pricing_quantity_step":null,"_links":{"self":[{"href":"https:\/\/monlacata.cetrexmarketing.com\/ca\/wp-json\/wp\/v2\/product\/40495","targetHints":{"allow":["GET"]}}],"collection":[{"href":"https:\/\/monlacata.cetrexmarketing.com\/ca\/wp-json\/wp\/v2\/product"}],"about":[{"href":"https:\/\/monlacata.cetrexmarketing.com\/ca\/wp-json\/wp\/v2\/types\/product"}],"replies":[{"embeddable":true,"href":"https:\/\/monlacata.cetrexmarketing.com\/ca\/wp-json\/wp\/v2\/comments?post=40495"}],"wp:featuredmedia":[{"embeddable":true,"href":"https:\/\/monlacata.cetrexmarketing.com\/ca\/wp-json\/wp\/v2\/media\/65614"}],"wp:attachment":[{"href":"https:\/\/monlacata.cetrexmarketing.com\/ca\/wp-json\/wp\/v2\/media?parent=40495"}],"wp:term":[{"taxonomy":"pwb-brand","embeddable":true,"href":"https:\/\/monlacata.cetrexmarketing.com\/ca\/wp-json\/wp\/v2\/pwb-brand?post=40495"},{"taxonomy":"product_cat","embeddable":true,"href":"https:\/\/monlacata.cetrexmarketing.com\/ca\/wp-json\/wp\/v2\/product_cat?post=40495"},{"taxonomy":"product_tag","embeddable":true,"href":"https:\/\/monlacata.cetrexmarketing.com\/ca\/wp-json\/wp\/v2\/product_tag?post=40495"}],"curies":[{"name":"wp","href":"https:\/\/api.w.org\/{rel}","templated":true}]}}