{"id":41049,"date":"2017-03-06T18:51:50","date_gmt":"2017-03-06T18:51:50","guid":{"rendered":"https:\/\/monlacata.cetrexmarketing.com\/producto\/bailey-s-original\/"},"modified":"2025-02-12T12:40:37","modified_gmt":"2025-02-12T12:40:37","slug":"bailey-s-original","status":"publish","type":"product","link":"https:\/\/monlacata.cetrexmarketing.com\/ca\/producto\/bailey-s-original\/","title":{"rendered":"Baileys Original"},"content":{"rendered":"<p data-start=\"0\" data-end=\"41\"><strong data-start=\"0\" data-end=\"39\">Baileys Original Irish Cream 0,70 L<\/strong><\/p>\n<p data-start=\"43\" data-end=\"326\">Baileys Original Irish Cream \u00e9s un licor crem\u00f3s ic\u00f2nic, elaborat a partir d\u2019una barreja de whisky irland\u00e8s, nata fresca, cacau i vainilla. Es caracteritza per la seva textura sedosa i el seu sabor dol\u00e7 i equilibrat, amb notes de xocolata, caramel i un toc subtil de whisky.<\/p>\n<h3 data-start=\"328\" data-end=\"367\"><strong data-start=\"332\" data-end=\"365\">Caracter\u00edques del producte:<\/strong><\/h3>\n<ul data-start=\"368\" data-end=\"680\">\n<li data-start=\"368\" data-end=\"396\"><strong data-start=\"370\" data-end=\"382\">Volum:<\/strong> 0,70 litres<\/li>\n<li data-start=\"397\" data-end=\"431\"><strong data-start=\"399\" data-end=\"425\">Graduaci\u00f3 alcoh\u00f2lica:<\/strong> 17%<\/li>\n<li data-start=\"432\" data-end=\"455\"><strong data-start=\"434\" data-end=\"445\">Origen:<\/strong> Irlanda<\/li>\n<li data-start=\"456\" data-end=\"554\"><strong data-start=\"458\" data-end=\"487\">Ingredients<\/strong> principals: Whisky irland\u00e8s, nata fresca, cacau, vainilla i sucre\n<\/li>\n<li data-start=\"555\" data-end=\"587\"><strong data-start=\"557\" data-end=\"569\">Textura:<\/strong> Cremosa i suau<\/li>\n<li data-start=\"588\" data-end=\"680\"><strong data-start=\"590\" data-end=\"600\">Sabor<\/strong>: Dol\u00e7, amb notes de xocolata, vainilla, caramel i un lleuger toc de whisky\n<\/li>\n<\/ul>\n<h3 data-start=\"967\" data-end=\"990\"><strong data-start=\"971\" data-end=\"988\">Conservaci\u00f3:<\/strong><\/h3>\n<p data-start=\"991\" data-end=\"1232\">Es recomana guardar-lo en un lloc fresc i sec, preferiblement entre 0\u00b0C i 25\u00b0C. No cal refrigerar-lo despr\u00e9s d\u2019obrir-lo, per\u00f2 s\u2019ha de consumir dins dels 6 mesos posteriors a l\u2019obertura per mantenir-ne la frescor i la qualitat. <\/p>\n<p data-start=\"1234\" data-end=\"1386\" data-is-last-node=\"\">Baileys \u00e9s una opci\u00f3 perfecta per a aquells que busquen un licor suau, dol\u00e7 i vers\u00e0til, ideal per gaudir en moments especials o compartir amb amics.<\/p>\n","protected":false},"excerpt":{"rendered":"<p>Baileys Original Irish Cream 0,70 L Baileys Original Irish Cream \u00e9s un licor crem\u00f3s ic\u00f2nic, elaborat a partir d\u2019una barreja de whisky irland\u00e8s, nata fresca, cacau i vainilla. Es caracteritza per la seva textura sedosa i el seu sabor dol\u00e7 i equilibrat, amb notes de xocolata, caramel i un toc subtil de whisky. Caracter\u00edques del&hellip;<\/p>\n","protected":false},"featured_media":62768,"comment_status":"closed","ping_status":"closed","template":"","meta":{"_acf_changed":false},"pwb-brand":[],"product_cat":[33040,33184],"product_tag":[52303],"class_list":{"0":"post-41049","1":"product","2":"type-product","3":"status-publish","4":"has-post-thumbnail","6":"product_cat-destil-lats-ca","7":"product_cat-licor-ca","8":"product_tag-baileys-original-ca","9":"pa_destileria-rabaileyco-ca","10":"pa_formatoenml-700-ca","11":"pa_graduacion-17_0-ca","12":"pa_pais-irlanda-ca","13":"entry","14":"has-media","16":"first","17":"instock","18":"taxable","19":"shipping-taxable","20":"purchasable","21":"product-type-simple"},"acf":[],"yoast_head":"<!-- This site is optimized with the Yoast SEO Premium plugin v23.1 (Yoast SEO v24.1) - https:\/\/yoast.com\/wordpress\/plugins\/seo\/ -->\n<title>Comprar Terroir Sense Fronteres Negre<\/title>\n<meta name=\"description\" content=\"Comprar la crema de whisky\" \/>\n<meta name=\"robots\" content=\"noindex, follow, max-snippet:-1, max-image-preview:large, max-video-preview:-1\" \/>\n<meta property=\"og:locale\" content=\"ca_ES\" \/>\n<meta property=\"og:type\" content=\"article\" \/>\n<meta property=\"og:title\" content=\"Baileys Original\" \/>\n<meta property=\"og:description\" content=\"Comprar la crema de whisky\" \/>\n<meta property=\"og:url\" content=\"https:\/\/monlacata.cetrexmarketing.com\/ca\/producto\/bailey-s-original\/\" \/>\n<meta property=\"og:site_name\" content=\"M\u00f3n La Cata\" \/>\n<meta property=\"article:modified_time\" content=\"2025-02-12T12:40:37+00:00\" \/>\n<meta property=\"og:image\" content=\"https:\/\/monlacata.cetrexmarketing.com\/wp-content\/uploads\/2017\/03\/baileys-70cl.jpg.png\" \/>\n\t<meta property=\"og:image:width\" content=\"765\" \/>\n\t<meta property=\"og:image:height\" content=\"1024\" \/>\n\t<meta property=\"og:image:type\" content=\"image\/png\" \/>\n<meta name=\"twitter:card\" content=\"summary_large_image\" \/>\n<meta name=\"twitter:label1\" content=\"Temps estimat de lectura\" \/>\n\t<meta name=\"twitter:data1\" content=\"1 minut\" \/>\n<script type=\"application\/ld+json\" class=\"yoast-schema-graph\">{\"@context\":\"https:\/\/schema.org\",\"@graph\":[{\"@type\":\"WebPage\",\"@id\":\"https:\/\/monlacata.cetrexmarketing.com\/ca\/producto\/bailey-s-original\/\",\"url\":\"https:\/\/monlacata.cetrexmarketing.com\/ca\/producto\/bailey-s-original\/\",\"name\":\"Comprar Terroir Sense Fronteres Negre\",\"isPartOf\":{\"@id\":\"https:\/\/monlacata.cetrexmarketing.com\/#website\"},\"primaryImageOfPage\":{\"@id\":\"https:\/\/monlacata.cetrexmarketing.com\/ca\/producto\/bailey-s-original\/#primaryimage\"},\"image\":{\"@id\":\"https:\/\/monlacata.cetrexmarketing.com\/ca\/producto\/bailey-s-original\/#primaryimage\"},\"thumbnailUrl\":\"https:\/\/monlacata.cetrexmarketing.com\/wp-content\/uploads\/2017\/03\/baileys-70cl.jpg.png\",\"datePublished\":\"2017-03-06T18:51:50+00:00\",\"dateModified\":\"2025-02-12T12:40:37+00:00\",\"description\":\"Comprar la crema de whisky\",\"breadcrumb\":{\"@id\":\"https:\/\/monlacata.cetrexmarketing.com\/ca\/producto\/bailey-s-original\/#breadcrumb\"},\"inLanguage\":\"ca\",\"potentialAction\":[{\"@type\":\"ReadAction\",\"target\":[\"https:\/\/monlacata.cetrexmarketing.com\/ca\/producto\/bailey-s-original\/\"]}]},{\"@type\":\"ImageObject\",\"inLanguage\":\"ca\",\"@id\":\"https:\/\/monlacata.cetrexmarketing.com\/ca\/producto\/bailey-s-original\/#primaryimage\",\"url\":\"https:\/\/monlacata.cetrexmarketing.com\/wp-content\/uploads\/2017\/03\/baileys-70cl.jpg.png\",\"contentUrl\":\"https:\/\/monlacata.cetrexmarketing.com\/wp-content\/uploads\/2017\/03\/baileys-70cl.jpg.png\",\"width\":765,\"height\":1024,\"caption\":\"bailey's 70cl.jpg\"},{\"@type\":\"BreadcrumbList\",\"@id\":\"https:\/\/monlacata.cetrexmarketing.com\/ca\/producto\/bailey-s-original\/#breadcrumb\",\"itemListElement\":[{\"@type\":\"ListItem\",\"position\":1,\"name\":\"Home\",\"item\":\"https:\/\/monlacata.cetrexmarketing.com\/ca\/\"},{\"@type\":\"ListItem\",\"position\":2,\"name\":\"Tienda\",\"item\":\"https:\/\/monlacata.cetrexmarketing.com\/ca\/tienda-2\/\"},{\"@type\":\"ListItem\",\"position\":3,\"name\":\"Tienda\",\"item\":\"https:\/\/monlacata.cetrexmarketing.com\/categoria-producto\/inicio\/\"},{\"@type\":\"ListItem\",\"position\":4,\"name\":\"Destilados\",\"item\":\"https:\/\/monlacata.cetrexmarketing.com\/categoria-producto\/inicio\/destilados\/\"},{\"@type\":\"ListItem\",\"position\":5,\"name\":\"Baileys Original\"}]},{\"@type\":\"WebSite\",\"@id\":\"https:\/\/monlacata.cetrexmarketing.com\/#website\",\"url\":\"https:\/\/monlacata.cetrexmarketing.com\/\",\"name\":\"M\u00f3n La Cata\",\"description\":\"Tienda de vinos, licores, cervezas y gourmet\",\"publisher\":{\"@id\":\"https:\/\/monlacata.cetrexmarketing.com\/#organization\"},\"potentialAction\":[{\"@type\":\"SearchAction\",\"target\":{\"@type\":\"EntryPoint\",\"urlTemplate\":\"https:\/\/monlacata.cetrexmarketing.com\/?s={search_term_string}\"},\"query-input\":{\"@type\":\"PropertyValueSpecification\",\"valueRequired\":true,\"valueName\":\"search_term_string\"}}],\"inLanguage\":\"ca\"},{\"@type\":\"Organization\",\"@id\":\"https:\/\/monlacata.cetrexmarketing.com\/#organization\",\"name\":\"M\u00f3n La Cata\",\"url\":\"https:\/\/monlacata.cetrexmarketing.com\/\",\"logo\":{\"@type\":\"ImageObject\",\"inLanguage\":\"ca\",\"@id\":\"https:\/\/monlacata.cetrexmarketing.com\/#\/schema\/logo\/image\/\",\"url\":\"https:\/\/monlacata.cetrexmarketing.com\/wp-content\/uploads\/2024\/02\/monlacata-logo-blanc.png\",\"contentUrl\":\"https:\/\/monlacata.cetrexmarketing.com\/wp-content\/uploads\/2024\/02\/monlacata-logo-blanc.png\",\"width\":454,\"height\":193,\"caption\":\"M\u00f3n La Cata\"},\"image\":{\"@id\":\"https:\/\/monlacata.cetrexmarketing.com\/#\/schema\/logo\/image\/\"}}]}<\/script>\n<!-- \/ Yoast SEO Premium plugin. -->","yoast_head_json":{"title":"Comprar Terroir Sense Fronteres Negre","description":"Comprar la crema de whisky","robots":{"index":"noindex","follow":"follow","max-snippet":"max-snippet:-1","max-image-preview":"max-image-preview:large","max-video-preview":"max-video-preview:-1"},"og_locale":"ca_ES","og_type":"article","og_title":"Baileys Original","og_description":"Comprar la crema de whisky","og_url":"https:\/\/monlacata.cetrexmarketing.com\/ca\/producto\/bailey-s-original\/","og_site_name":"M\u00f3n La Cata","article_modified_time":"2025-02-12T12:40:37+00:00","og_image":[{"width":765,"height":1024,"url":"https:\/\/monlacata.cetrexmarketing.com\/wp-content\/uploads\/2017\/03\/baileys-70cl.jpg.png","type":"image\/png"}],"twitter_card":"summary_large_image","twitter_misc":{"Temps estimat de lectura":"1 minut"},"schema":{"@context":"https:\/\/schema.org","@graph":[{"@type":"WebPage","@id":"https:\/\/monlacata.cetrexmarketing.com\/ca\/producto\/bailey-s-original\/","url":"https:\/\/monlacata.cetrexmarketing.com\/ca\/producto\/bailey-s-original\/","name":"Comprar Terroir Sense Fronteres Negre","isPartOf":{"@id":"https:\/\/monlacata.cetrexmarketing.com\/#website"},"primaryImageOfPage":{"@id":"https:\/\/monlacata.cetrexmarketing.com\/ca\/producto\/bailey-s-original\/#primaryimage"},"image":{"@id":"https:\/\/monlacata.cetrexmarketing.com\/ca\/producto\/bailey-s-original\/#primaryimage"},"thumbnailUrl":"https:\/\/monlacata.cetrexmarketing.com\/wp-content\/uploads\/2017\/03\/baileys-70cl.jpg.png","datePublished":"2017-03-06T18:51:50+00:00","dateModified":"2025-02-12T12:40:37+00:00","description":"Comprar la crema de whisky","breadcrumb":{"@id":"https:\/\/monlacata.cetrexmarketing.com\/ca\/producto\/bailey-s-original\/#breadcrumb"},"inLanguage":"ca","potentialAction":[{"@type":"ReadAction","target":["https:\/\/monlacata.cetrexmarketing.com\/ca\/producto\/bailey-s-original\/"]}]},{"@type":"ImageObject","inLanguage":"ca","@id":"https:\/\/monlacata.cetrexmarketing.com\/ca\/producto\/bailey-s-original\/#primaryimage","url":"https:\/\/monlacata.cetrexmarketing.com\/wp-content\/uploads\/2017\/03\/baileys-70cl.jpg.png","contentUrl":"https:\/\/monlacata.cetrexmarketing.com\/wp-content\/uploads\/2017\/03\/baileys-70cl.jpg.png","width":765,"height":1024,"caption":"bailey's 70cl.jpg"},{"@type":"BreadcrumbList","@id":"https:\/\/monlacata.cetrexmarketing.com\/ca\/producto\/bailey-s-original\/#breadcrumb","itemListElement":[{"@type":"ListItem","position":1,"name":"Home","item":"https:\/\/monlacata.cetrexmarketing.com\/ca\/"},{"@type":"ListItem","position":2,"name":"Tienda","item":"https:\/\/monlacata.cetrexmarketing.com\/ca\/tienda-2\/"},{"@type":"ListItem","position":3,"name":"Tienda","item":"https:\/\/monlacata.cetrexmarketing.com\/categoria-producto\/inicio\/"},{"@type":"ListItem","position":4,"name":"Destilados","item":"https:\/\/monlacata.cetrexmarketing.com\/categoria-producto\/inicio\/destilados\/"},{"@type":"ListItem","position":5,"name":"Baileys Original"}]},{"@type":"WebSite","@id":"https:\/\/monlacata.cetrexmarketing.com\/#website","url":"https:\/\/monlacata.cetrexmarketing.com\/","name":"M\u00f3n La Cata","description":"Tienda de vinos, licores, cervezas y gourmet","publisher":{"@id":"https:\/\/monlacata.cetrexmarketing.com\/#organization"},"potentialAction":[{"@type":"SearchAction","target":{"@type":"EntryPoint","urlTemplate":"https:\/\/monlacata.cetrexmarketing.com\/?s={search_term_string}"},"query-input":{"@type":"PropertyValueSpecification","valueRequired":true,"valueName":"search_term_string"}}],"inLanguage":"ca"},{"@type":"Organization","@id":"https:\/\/monlacata.cetrexmarketing.com\/#organization","name":"M\u00f3n La Cata","url":"https:\/\/monlacata.cetrexmarketing.com\/","logo":{"@type":"ImageObject","inLanguage":"ca","@id":"https:\/\/monlacata.cetrexmarketing.com\/#\/schema\/logo\/image\/","url":"https:\/\/monlacata.cetrexmarketing.com\/wp-content\/uploads\/2024\/02\/monlacata-logo-blanc.png","contentUrl":"https:\/\/monlacata.cetrexmarketing.com\/wp-content\/uploads\/2024\/02\/monlacata-logo-blanc.png","width":454,"height":193,"caption":"M\u00f3n La Cata"},"image":{"@id":"https:\/\/monlacata.cetrexmarketing.com\/#\/schema\/logo\/image\/"}}]}},"brands":[],"tiered_pricing_type":"fixed","tiered_pricing_fixed_rules":[],"tiered_pricing_product_settings":{"layout":"default","base_unit_name":{"singular":null,"plural":null},"default_variation":null},"tiered_pricing_minimum_quantity":null,"tiered_pricing_roles_data":[],"tiered_pricing_percentage_rules":[],"tiered_pricing_maximum_quantity":null,"tiered_pricing_quantity_step":null,"_links":{"self":[{"href":"https:\/\/monlacata.cetrexmarketing.com\/ca\/wp-json\/wp\/v2\/product\/41049","targetHints":{"allow":["GET"]}}],"collection":[{"href":"https:\/\/monlacata.cetrexmarketing.com\/ca\/wp-json\/wp\/v2\/product"}],"about":[{"href":"https:\/\/monlacata.cetrexmarketing.com\/ca\/wp-json\/wp\/v2\/types\/product"}],"replies":[{"embeddable":true,"href":"https:\/\/monlacata.cetrexmarketing.com\/ca\/wp-json\/wp\/v2\/comments?post=41049"}],"wp:featuredmedia":[{"embeddable":true,"href":"https:\/\/monlacata.cetrexmarketing.com\/ca\/wp-json\/wp\/v2\/media\/62768"}],"wp:attachment":[{"href":"https:\/\/monlacata.cetrexmarketing.com\/ca\/wp-json\/wp\/v2\/media?parent=41049"}],"wp:term":[{"taxonomy":"pwb-brand","embeddable":true,"href":"https:\/\/monlacata.cetrexmarketing.com\/ca\/wp-json\/wp\/v2\/pwb-brand?post=41049"},{"taxonomy":"product_cat","embeddable":true,"href":"https:\/\/monlacata.cetrexmarketing.com\/ca\/wp-json\/wp\/v2\/product_cat?post=41049"},{"taxonomy":"product_tag","embeddable":true,"href":"https:\/\/monlacata.cetrexmarketing.com\/ca\/wp-json\/wp\/v2\/product_tag?post=41049"}],"curies":[{"name":"wp","href":"https:\/\/api.w.org\/{rel}","templated":true}]}}