{"id":41101,"date":"2017-03-06T18:51:50","date_gmt":"2017-03-06T18:51:50","guid":{"rendered":"https:\/\/monlacata.cetrexmarketing.com\/producto\/bombay-sapphire-70cl\/"},"modified":"2024-09-25T11:34:18","modified_gmt":"2024-09-25T11:34:18","slug":"bombay-sapphire-70cl","status":"publish","type":"product","link":"https:\/\/monlacata.cetrexmarketing.com\/ca\/producto\/bombay-sapphire-70cl\/","title":{"rendered":"Bombay Sapphire 70cl"},"content":{"rendered":"<p><strong>Bombay Sapphire 70cl<\/strong> \u00e9s una ginebra premium ic\u00f2nica, coneguda per la seva suavitat i el seu sabor distintiu. Origin\u00e0ria del Regne Unit, aquesta ginebra s&#8217;elabora amb una barreja \u00fanica de deu bot\u00e0nics seleccionats de tot el m\u00f3n, incloent baies de ginebr\u00f3, ametlla, regal\u00e8ssia i escor\u00e7a de llimona. Utilitza un exclusiu proc\u00e9s de destil\u00b7laci\u00f3 per infusi\u00f3 de vapor, que permet que els sabors dels bot\u00e0nics es barregin de manera equilibrada. El resultat \u00e9s una ginebra de perfil suau i complex, amb notes fresques i c\u00edtriques. Ideal per a c\u00f2ctels cl\u00e0ssics com el gin tonic o el martini. Bombay Sapphire \u00e9s una opci\u00f3 perfecta per a aquells que busquen una experi\u00e8ncia de ginebra sofisticada i vers\u00e0til.<\/p>\n","protected":false},"excerpt":{"rendered":"<p><strong>Bombay Sapphire 70cl<\/strong> \u00e9s una ginebra premium ic\u00f2nica, coneguda per la seva suavitat i el seu sabor distintiu. Origin\u00e0ria del Regne Unit, aquesta ginebra s&#8217;elabora amb una barreja \u00fanica de deu bot\u00e0nics seleccionats de tot el m\u00f3n, incloent baies de ginebr\u00f3, ametlla, regal\u00e8ssia i escor\u00e7a de llimona. Utilitza un exclusiu proc\u00e9s de destil\u00b7laci\u00f3 per infusi\u00f3 de vapor, que permet que els sabors dels bot\u00e0nics es barregin de manera equilibrada. El resultat \u00e9s una ginebra de perfil suau i complex, amb notes fresques i c\u00edtriques. Ideal per a c\u00f2ctels cl\u00e0ssics com el gin tonic o el martini. Bombay Sapphire \u00e9s una opci\u00f3 perfecta per a aquells que busquen una experi\u00e8ncia de ginebra sofisticada i vers\u00e0til.<\/p>\n","protected":false},"featured_media":66040,"comment_status":"closed","ping_status":"closed","template":"","meta":{"_acf_changed":false},"pwb-brand":[],"product_cat":[33040,33164],"product_tag":[51663,51662,51664,51665],"class_list":{"0":"post-41101","1":"product","2":"type-product","3":"status-publish","4":"has-post-thumbnail","6":"product_cat-destil-lats-ca","7":"product_cat-ginebra-ca","8":"product_tag-bombay-ca-2","9":"product_tag-bombay-sapphire-ca","10":"product_tag-gin-ca-2","11":"product_tag-ginebra-ca-2","12":"pa_destileria-thebombaysapphiredistillery-ca","13":"pa_formatoenml-700-ca","14":"pa_graduacion-40_0-ca","15":"pa_pais-gran-bretanya","16":"entry","17":"has-media","19":"first","20":"instock","21":"taxable","22":"shipping-taxable","23":"purchasable","24":"product-type-simple"},"acf":[],"yoast_head":"<!-- This site is optimized with the Yoast SEO Premium plugin v23.1 (Yoast SEO v24.1) - https:\/\/yoast.com\/wordpress\/plugins\/seo\/ -->\n<title>Bombay Sapphire Distilled London Dry Gin<\/title>\n<meta name=\"description\" content=\"Bombay Sapphire Distilled London Dry Gin\" \/>\n<meta name=\"robots\" content=\"noindex, follow, max-snippet:-1, max-image-preview:large, max-video-preview:-1\" \/>\n<meta property=\"og:locale\" content=\"ca_ES\" \/>\n<meta property=\"og:type\" content=\"article\" \/>\n<meta property=\"og:title\" content=\"Bombay Sapphire 70cl\" \/>\n<meta property=\"og:description\" content=\"Bombay Sapphire Distilled London Dry Gin\" \/>\n<meta property=\"og:url\" content=\"https:\/\/monlacata.cetrexmarketing.com\/ca\/producto\/bombay-sapphire-70cl\/\" \/>\n<meta property=\"og:site_name\" content=\"M\u00f3n La Cata\" \/>\n<meta property=\"article:modified_time\" content=\"2024-09-25T11:34:18+00:00\" \/>\n<meta property=\"og:image\" content=\"https:\/\/monlacata.cetrexmarketing.com\/wp-content\/uploads\/2017\/03\/GIN-BOMBAY-SAPPHIRE-70CL.jpg.png\" \/>\n\t<meta property=\"og:image:width\" content=\"765\" \/>\n\t<meta property=\"og:image:height\" content=\"1024\" \/>\n\t<meta property=\"og:image:type\" content=\"image\/png\" \/>\n<meta name=\"twitter:card\" content=\"summary_large_image\" \/>\n<meta name=\"twitter:label1\" content=\"Temps estimat de lectura\" \/>\n\t<meta name=\"twitter:data1\" content=\"1 minut\" \/>\n<script type=\"application\/ld+json\" class=\"yoast-schema-graph\">{\"@context\":\"https:\/\/schema.org\",\"@graph\":[{\"@type\":\"WebPage\",\"@id\":\"https:\/\/monlacata.cetrexmarketing.com\/ca\/producto\/bombay-sapphire-70cl\/\",\"url\":\"https:\/\/monlacata.cetrexmarketing.com\/ca\/producto\/bombay-sapphire-70cl\/\",\"name\":\"Bombay Sapphire Distilled London Dry Gin\",\"isPartOf\":{\"@id\":\"https:\/\/monlacata.cetrexmarketing.com\/#website\"},\"primaryImageOfPage\":{\"@id\":\"https:\/\/monlacata.cetrexmarketing.com\/ca\/producto\/bombay-sapphire-70cl\/#primaryimage\"},\"image\":{\"@id\":\"https:\/\/monlacata.cetrexmarketing.com\/ca\/producto\/bombay-sapphire-70cl\/#primaryimage\"},\"thumbnailUrl\":\"https:\/\/monlacata.cetrexmarketing.com\/wp-content\/uploads\/2017\/03\/GIN-BOMBAY-SAPPHIRE-70CL.jpg.png\",\"datePublished\":\"2017-03-06T18:51:50+00:00\",\"dateModified\":\"2024-09-25T11:34:18+00:00\",\"description\":\"Bombay Sapphire Distilled London Dry Gin\",\"breadcrumb\":{\"@id\":\"https:\/\/monlacata.cetrexmarketing.com\/ca\/producto\/bombay-sapphire-70cl\/#breadcrumb\"},\"inLanguage\":\"ca\",\"potentialAction\":[{\"@type\":\"ReadAction\",\"target\":[\"https:\/\/monlacata.cetrexmarketing.com\/ca\/producto\/bombay-sapphire-70cl\/\"]}]},{\"@type\":\"ImageObject\",\"inLanguage\":\"ca\",\"@id\":\"https:\/\/monlacata.cetrexmarketing.com\/ca\/producto\/bombay-sapphire-70cl\/#primaryimage\",\"url\":\"https:\/\/monlacata.cetrexmarketing.com\/wp-content\/uploads\/2017\/03\/GIN-BOMBAY-SAPPHIRE-70CL.jpg.png\",\"contentUrl\":\"https:\/\/monlacata.cetrexmarketing.com\/wp-content\/uploads\/2017\/03\/GIN-BOMBAY-SAPPHIRE-70CL.jpg.png\",\"width\":765,\"height\":1024,\"caption\":\"GIN BOMBAY SAPPHIRE 70CL.jpg\"},{\"@type\":\"BreadcrumbList\",\"@id\":\"https:\/\/monlacata.cetrexmarketing.com\/ca\/producto\/bombay-sapphire-70cl\/#breadcrumb\",\"itemListElement\":[{\"@type\":\"ListItem\",\"position\":1,\"name\":\"Home\",\"item\":\"https:\/\/monlacata.cetrexmarketing.com\/ca\/\"},{\"@type\":\"ListItem\",\"position\":2,\"name\":\"Tienda\",\"item\":\"https:\/\/monlacata.cetrexmarketing.com\/ca\/tienda-2\/\"},{\"@type\":\"ListItem\",\"position\":3,\"name\":\"Destil\u00b7lats\",\"item\":\"https:\/\/monlacata.cetrexmarketing.com\/categoria-producto\/home-ca\/destil-lats-ca\/\"},{\"@type\":\"ListItem\",\"position\":4,\"name\":\"Ginebra\",\"item\":\"https:\/\/monlacata.cetrexmarketing.com\/ca\/categoria-producto\/destil-lats-ca\/ginebra-ca\/\"},{\"@type\":\"ListItem\",\"position\":5,\"name\":\"Bombay Sapphire 70cl\"}]},{\"@type\":\"WebSite\",\"@id\":\"https:\/\/monlacata.cetrexmarketing.com\/#website\",\"url\":\"https:\/\/monlacata.cetrexmarketing.com\/\",\"name\":\"M\u00f3n La Cata\",\"description\":\"Tienda de vinos, licores, cervezas y gourmet\",\"publisher\":{\"@id\":\"https:\/\/monlacata.cetrexmarketing.com\/#organization\"},\"potentialAction\":[{\"@type\":\"SearchAction\",\"target\":{\"@type\":\"EntryPoint\",\"urlTemplate\":\"https:\/\/monlacata.cetrexmarketing.com\/?s={search_term_string}\"},\"query-input\":{\"@type\":\"PropertyValueSpecification\",\"valueRequired\":true,\"valueName\":\"search_term_string\"}}],\"inLanguage\":\"ca\"},{\"@type\":\"Organization\",\"@id\":\"https:\/\/monlacata.cetrexmarketing.com\/#organization\",\"name\":\"M\u00f3n La Cata\",\"url\":\"https:\/\/monlacata.cetrexmarketing.com\/\",\"logo\":{\"@type\":\"ImageObject\",\"inLanguage\":\"ca\",\"@id\":\"https:\/\/monlacata.cetrexmarketing.com\/#\/schema\/logo\/image\/\",\"url\":\"https:\/\/monlacata.cetrexmarketing.com\/wp-content\/uploads\/2024\/02\/monlacata-logo-blanc.png\",\"contentUrl\":\"https:\/\/monlacata.cetrexmarketing.com\/wp-content\/uploads\/2024\/02\/monlacata-logo-blanc.png\",\"width\":454,\"height\":193,\"caption\":\"M\u00f3n La Cata\"},\"image\":{\"@id\":\"https:\/\/monlacata.cetrexmarketing.com\/#\/schema\/logo\/image\/\"}}]}<\/script>\n<!-- \/ Yoast SEO Premium plugin. -->","yoast_head_json":{"title":"Bombay Sapphire Distilled London Dry Gin","description":"Bombay Sapphire Distilled London Dry Gin","robots":{"index":"noindex","follow":"follow","max-snippet":"max-snippet:-1","max-image-preview":"max-image-preview:large","max-video-preview":"max-video-preview:-1"},"og_locale":"ca_ES","og_type":"article","og_title":"Bombay Sapphire 70cl","og_description":"Bombay Sapphire Distilled London Dry Gin","og_url":"https:\/\/monlacata.cetrexmarketing.com\/ca\/producto\/bombay-sapphire-70cl\/","og_site_name":"M\u00f3n La Cata","article_modified_time":"2024-09-25T11:34:18+00:00","og_image":[{"width":765,"height":1024,"url":"https:\/\/monlacata.cetrexmarketing.com\/wp-content\/uploads\/2017\/03\/GIN-BOMBAY-SAPPHIRE-70CL.jpg.png","type":"image\/png"}],"twitter_card":"summary_large_image","twitter_misc":{"Temps estimat de lectura":"1 minut"},"schema":{"@context":"https:\/\/schema.org","@graph":[{"@type":"WebPage","@id":"https:\/\/monlacata.cetrexmarketing.com\/ca\/producto\/bombay-sapphire-70cl\/","url":"https:\/\/monlacata.cetrexmarketing.com\/ca\/producto\/bombay-sapphire-70cl\/","name":"Bombay Sapphire Distilled London Dry Gin","isPartOf":{"@id":"https:\/\/monlacata.cetrexmarketing.com\/#website"},"primaryImageOfPage":{"@id":"https:\/\/monlacata.cetrexmarketing.com\/ca\/producto\/bombay-sapphire-70cl\/#primaryimage"},"image":{"@id":"https:\/\/monlacata.cetrexmarketing.com\/ca\/producto\/bombay-sapphire-70cl\/#primaryimage"},"thumbnailUrl":"https:\/\/monlacata.cetrexmarketing.com\/wp-content\/uploads\/2017\/03\/GIN-BOMBAY-SAPPHIRE-70CL.jpg.png","datePublished":"2017-03-06T18:51:50+00:00","dateModified":"2024-09-25T11:34:18+00:00","description":"Bombay Sapphire Distilled London Dry Gin","breadcrumb":{"@id":"https:\/\/monlacata.cetrexmarketing.com\/ca\/producto\/bombay-sapphire-70cl\/#breadcrumb"},"inLanguage":"ca","potentialAction":[{"@type":"ReadAction","target":["https:\/\/monlacata.cetrexmarketing.com\/ca\/producto\/bombay-sapphire-70cl\/"]}]},{"@type":"ImageObject","inLanguage":"ca","@id":"https:\/\/monlacata.cetrexmarketing.com\/ca\/producto\/bombay-sapphire-70cl\/#primaryimage","url":"https:\/\/monlacata.cetrexmarketing.com\/wp-content\/uploads\/2017\/03\/GIN-BOMBAY-SAPPHIRE-70CL.jpg.png","contentUrl":"https:\/\/monlacata.cetrexmarketing.com\/wp-content\/uploads\/2017\/03\/GIN-BOMBAY-SAPPHIRE-70CL.jpg.png","width":765,"height":1024,"caption":"GIN BOMBAY SAPPHIRE 70CL.jpg"},{"@type":"BreadcrumbList","@id":"https:\/\/monlacata.cetrexmarketing.com\/ca\/producto\/bombay-sapphire-70cl\/#breadcrumb","itemListElement":[{"@type":"ListItem","position":1,"name":"Home","item":"https:\/\/monlacata.cetrexmarketing.com\/ca\/"},{"@type":"ListItem","position":2,"name":"Tienda","item":"https:\/\/monlacata.cetrexmarketing.com\/ca\/tienda-2\/"},{"@type":"ListItem","position":3,"name":"Destil\u00b7lats","item":"https:\/\/monlacata.cetrexmarketing.com\/categoria-producto\/home-ca\/destil-lats-ca\/"},{"@type":"ListItem","position":4,"name":"Ginebra","item":"https:\/\/monlacata.cetrexmarketing.com\/ca\/categoria-producto\/destil-lats-ca\/ginebra-ca\/"},{"@type":"ListItem","position":5,"name":"Bombay Sapphire 70cl"}]},{"@type":"WebSite","@id":"https:\/\/monlacata.cetrexmarketing.com\/#website","url":"https:\/\/monlacata.cetrexmarketing.com\/","name":"M\u00f3n La Cata","description":"Tienda de vinos, licores, cervezas y gourmet","publisher":{"@id":"https:\/\/monlacata.cetrexmarketing.com\/#organization"},"potentialAction":[{"@type":"SearchAction","target":{"@type":"EntryPoint","urlTemplate":"https:\/\/monlacata.cetrexmarketing.com\/?s={search_term_string}"},"query-input":{"@type":"PropertyValueSpecification","valueRequired":true,"valueName":"search_term_string"}}],"inLanguage":"ca"},{"@type":"Organization","@id":"https:\/\/monlacata.cetrexmarketing.com\/#organization","name":"M\u00f3n La Cata","url":"https:\/\/monlacata.cetrexmarketing.com\/","logo":{"@type":"ImageObject","inLanguage":"ca","@id":"https:\/\/monlacata.cetrexmarketing.com\/#\/schema\/logo\/image\/","url":"https:\/\/monlacata.cetrexmarketing.com\/wp-content\/uploads\/2024\/02\/monlacata-logo-blanc.png","contentUrl":"https:\/\/monlacata.cetrexmarketing.com\/wp-content\/uploads\/2024\/02\/monlacata-logo-blanc.png","width":454,"height":193,"caption":"M\u00f3n La Cata"},"image":{"@id":"https:\/\/monlacata.cetrexmarketing.com\/#\/schema\/logo\/image\/"}}]}},"brands":[],"tiered_pricing_type":"fixed","tiered_pricing_fixed_rules":[],"tiered_pricing_product_settings":{"layout":"default","base_unit_name":{"singular":null,"plural":null},"default_variation":null},"tiered_pricing_minimum_quantity":1,"tiered_pricing_roles_data":[],"tiered_pricing_percentage_rules":[],"tiered_pricing_maximum_quantity":null,"tiered_pricing_quantity_step":null,"_links":{"self":[{"href":"https:\/\/monlacata.cetrexmarketing.com\/ca\/wp-json\/wp\/v2\/product\/41101","targetHints":{"allow":["GET"]}}],"collection":[{"href":"https:\/\/monlacata.cetrexmarketing.com\/ca\/wp-json\/wp\/v2\/product"}],"about":[{"href":"https:\/\/monlacata.cetrexmarketing.com\/ca\/wp-json\/wp\/v2\/types\/product"}],"replies":[{"embeddable":true,"href":"https:\/\/monlacata.cetrexmarketing.com\/ca\/wp-json\/wp\/v2\/comments?post=41101"}],"wp:featuredmedia":[{"embeddable":true,"href":"https:\/\/monlacata.cetrexmarketing.com\/ca\/wp-json\/wp\/v2\/media\/66040"}],"wp:attachment":[{"href":"https:\/\/monlacata.cetrexmarketing.com\/ca\/wp-json\/wp\/v2\/media?parent=41101"}],"wp:term":[{"taxonomy":"pwb-brand","embeddable":true,"href":"https:\/\/monlacata.cetrexmarketing.com\/ca\/wp-json\/wp\/v2\/pwb-brand?post=41101"},{"taxonomy":"product_cat","embeddable":true,"href":"https:\/\/monlacata.cetrexmarketing.com\/ca\/wp-json\/wp\/v2\/product_cat?post=41101"},{"taxonomy":"product_tag","embeddable":true,"href":"https:\/\/monlacata.cetrexmarketing.com\/ca\/wp-json\/wp\/v2\/product_tag?post=41101"}],"curies":[{"name":"wp","href":"https:\/\/api.w.org\/{rel}","templated":true}]}}