{"id":41485,"date":"2017-03-06T18:51:50","date_gmt":"2017-03-06T18:51:50","guid":{"rendered":"https:\/\/monlacata.cetrexmarketing.com\/producto\/baines-etiqueta-or\/"},"modified":"2025-09-27T16:07:43","modified_gmt":"2025-09-27T16:07:43","slug":"baines-etiqueta-or","status":"publish","type":"product","link":"https:\/\/monlacata.cetrexmarketing.com\/ca\/producto\/baines-etiqueta-or\/","title":{"rendered":"Baines Etiqueta Oro"},"content":{"rendered":"<p data-start=\"178\" data-end=\"523\">El <strong data-start=\"181\" data-end=\"221\">pachar\u00e1n en la seva m\u00e0xima expressi\u00f3<\/strong>. Elaborat amb m\u00e8todes artesanals transmesos de generaci\u00f3 en generaci\u00f3, mant\u00e9 intacta l\u2019ess\u00e8ncia de la casa Baines. El seu car\u00e0cter \u00fanic prov\u00e9 de la <strong data-start=\"370\" data-end=\"475\">maceraci\u00f3 d\u2019aranyons silvestres amb an\u00eds en b\u00f3tes de roure de 500 litres durant un m\u00ednim de sis mesos<\/strong>, aconseguint un sabor profund i inconfusible.<\/p>\n<h3 data-start=\"525\" data-end=\"541\">Elaboraci\u00f3<\/h3>\n<ul data-start=\"542\" data-end=\"777\">\n<li data-start=\"542\" data-end=\"609\">\n<p data-start=\"544\" data-end=\"609\"><strong data-start=\"544\" data-end=\"554\">M\u00e8tode<\/strong>: Maceraci\u00f3 artesanal d\u2019aranyons silvestres amb an\u00eds.<\/p>\n<\/li>\n<li data-start=\"610\" data-end=\"645\">\n<p data-start=\"612\" data-end=\"645\"><strong data-start=\"612\" data-end=\"621\">B\u00f3tes<\/strong>: Roure de 500 litres.<\/p>\n<\/li>\n<li data-start=\"646\" data-end=\"688\">\n<p data-start=\"648\" data-end=\"688\"><strong data-start=\"648\" data-end=\"670\">Temps de maceraci\u00f3<\/strong>: m\u00ednim 6 mesos.<\/p>\n<\/li>\n<li data-start=\"689\" data-end=\"777\">\n<p data-start=\"691\" data-end=\"777\"><strong data-start=\"691\" data-end=\"700\">Estil<\/strong>: Producci\u00f3 artesanal, respectant la recepta original de la fam\u00edlia Baines.<\/p>\n<\/li>\n<\/ul>\n<h3 data-start=\"779\" data-end=\"798\">Notes de tast<\/h3>\n<ul data-start=\"799\" data-end=\"1109\">\n<li data-start=\"799\" data-end=\"880\">\n<p data-start=\"801\" data-end=\"880\"><strong data-start=\"801\" data-end=\"810\">Vista<\/strong>: Vermell rob\u00ed intens i brillant, amb reflexos ataronjats i cuivats.<\/p>\n<\/li>\n<li data-start=\"881\" data-end=\"977\">\n<p data-start=\"883\" data-end=\"977\"><strong data-start=\"883\" data-end=\"890\">Nas<\/strong>: Aromes frescos d\u2019an\u00eds i fruita vermella, principalment arany\u00f3, finament ensamblats.<\/p>\n<\/li>\n<li data-start=\"978\" data-end=\"1109\">\n<p data-start=\"980\" data-end=\"1109\"><strong data-start=\"980\" data-end=\"988\">Boca<\/strong>: Entrada untuosa i vellutada, amb un pas dol\u00e7 i afruitat. Persistent, fresc i equilibrat, amb un final llarg i intens.<\/p>\n<\/li>\n<\/ul>\n<h3 data-start=\"1111\" data-end=\"1126\">Maridatge<\/h3>\n<p data-start=\"1127\" data-end=\"1300\">Ideal com a <strong data-start=\"1139\" data-end=\"1170\">digestiu despr\u00e9s dels \u00e0pats<\/strong>, servit fred o amb gel. Tamb\u00e9 acompanya de meravella <strong data-start=\"1224\" data-end=\"1297\">postres de xocolata negra, fruites vermelles o rebosteria tradicional<\/strong>.<\/p>\n<h3 data-start=\"1302\" data-end=\"1317\">Conclusi\u00f3<\/h3>\n<p data-start=\"1318\" data-end=\"1424\">Gaudeix de l\u2019<strong data-start=\"1331\" data-end=\"1372\">experi\u00e8ncia del pachar\u00e1n en estat pur<\/strong>: tradici\u00f3, autenticitat i sabor \u00fanic a cada glop.<\/p>\n","protected":false},"excerpt":{"rendered":"<p>Baines Etiqueta Oro<\/p>\n","protected":false},"featured_media":65784,"comment_status":"closed","ping_status":"closed","template":"","meta":{"_acf_changed":false},"pwb-brand":[],"product_cat":[33040,33196,51990],"product_tag":[50796,50490,51417,15473],"class_list":{"0":"post-41485","1":"product","2":"type-product","3":"status-publish","4":"has-post-thumbnail","6":"product_cat-destil-lats-ca","7":"product_cat-patxaran-ca","8":"product_cat-lots-i-estoigs","9":"product_tag-baines-etiqueta-oro-ca","10":"product_tag-navarra-ca-2","11":"product_tag-pacharan-ca-2","12":"product_tag-patxarana-ca","13":"pa_formatoenml-700-ca","14":"pa_graduacion-30_0-ca","15":"pa_pais-espanya-ca","16":"pa_pueblociudad-pamplonanavarra-ca","17":"entry","18":"has-media","20":"first","21":"instock","22":"taxable","23":"shipping-taxable","24":"purchasable","25":"product-type-simple"},"acf":[],"yoast_head":"<!-- This site is optimized with the Yoast SEO Premium plugin v23.1 (Yoast SEO v24.1) - https:\/\/yoast.com\/wordpress\/plugins\/seo\/ -->\n<title>Baines Etiqueta Oro<\/title>\n<meta name=\"description\" content=\"Comprar online al millor preu el m\u00edtic patxar\u00e0 Baines Etiqueta Oro. Web especialitzada en destil\u00b7lats, vins i alimentaci\u00f3 gourmet.\" \/>\n<meta name=\"robots\" content=\"noindex, follow, max-snippet:-1, max-image-preview:large, max-video-preview:-1\" \/>\n<meta property=\"og:locale\" content=\"ca_ES\" \/>\n<meta property=\"og:type\" content=\"article\" \/>\n<meta property=\"og:title\" content=\"Baines Etiqueta Oro\" \/>\n<meta property=\"og:description\" content=\"Comprar online al millor preu el m\u00edtic patxar\u00e0 Baines Etiqueta Oro. Web especialitzada en destil\u00b7lats, vins i alimentaci\u00f3 gourmet.\" \/>\n<meta property=\"og:url\" content=\"https:\/\/monlacata.cetrexmarketing.com\/ca\/producto\/baines-etiqueta-or\/\" \/>\n<meta property=\"og:site_name\" content=\"M\u00f3n La Cata\" \/>\n<meta property=\"article:modified_time\" content=\"2025-09-27T16:07:43+00:00\" \/>\n<meta property=\"og:image\" content=\"https:\/\/monlacata.cetrexmarketing.com\/wp-content\/uploads\/2017\/03\/BAINES-ETIQUETA-ORO.jpg.png\" \/>\n\t<meta property=\"og:image:width\" content=\"765\" \/>\n\t<meta property=\"og:image:height\" content=\"1024\" \/>\n\t<meta property=\"og:image:type\" content=\"image\/png\" \/>\n<meta name=\"twitter:card\" content=\"summary_large_image\" \/>\n<meta name=\"twitter:label1\" content=\"Temps estimat de lectura\" \/>\n\t<meta name=\"twitter:data1\" content=\"2 minuts\" \/>\n<script type=\"application\/ld+json\" class=\"yoast-schema-graph\">{\"@context\":\"https:\/\/schema.org\",\"@graph\":[{\"@type\":\"WebPage\",\"@id\":\"https:\/\/monlacata.cetrexmarketing.com\/ca\/producto\/baines-etiqueta-or\/\",\"url\":\"https:\/\/monlacata.cetrexmarketing.com\/ca\/producto\/baines-etiqueta-or\/\",\"name\":\"Baines Etiqueta Oro\",\"isPartOf\":{\"@id\":\"https:\/\/monlacata.cetrexmarketing.com\/#website\"},\"primaryImageOfPage\":{\"@id\":\"https:\/\/monlacata.cetrexmarketing.com\/ca\/producto\/baines-etiqueta-or\/#primaryimage\"},\"image\":{\"@id\":\"https:\/\/monlacata.cetrexmarketing.com\/ca\/producto\/baines-etiqueta-or\/#primaryimage\"},\"thumbnailUrl\":\"https:\/\/monlacata.cetrexmarketing.com\/wp-content\/uploads\/2017\/03\/BAINES-ETIQUETA-ORO.jpg.png\",\"datePublished\":\"2017-03-06T18:51:50+00:00\",\"dateModified\":\"2025-09-27T16:07:43+00:00\",\"description\":\"Comprar online al millor preu el m\u00edtic patxar\u00e0 Baines Etiqueta Oro. Web especialitzada en destil\u00b7lats, vins i alimentaci\u00f3 gourmet.\",\"breadcrumb\":{\"@id\":\"https:\/\/monlacata.cetrexmarketing.com\/ca\/producto\/baines-etiqueta-or\/#breadcrumb\"},\"inLanguage\":\"ca\",\"potentialAction\":[{\"@type\":\"ReadAction\",\"target\":[\"https:\/\/monlacata.cetrexmarketing.com\/ca\/producto\/baines-etiqueta-or\/\"]}]},{\"@type\":\"ImageObject\",\"inLanguage\":\"ca\",\"@id\":\"https:\/\/monlacata.cetrexmarketing.com\/ca\/producto\/baines-etiqueta-or\/#primaryimage\",\"url\":\"https:\/\/monlacata.cetrexmarketing.com\/wp-content\/uploads\/2017\/03\/BAINES-ETIQUETA-ORO.jpg.png\",\"contentUrl\":\"https:\/\/monlacata.cetrexmarketing.com\/wp-content\/uploads\/2017\/03\/BAINES-ETIQUETA-ORO.jpg.png\",\"width\":765,\"height\":1024,\"caption\":\"BAINES ETIQUETA ORO.jpg\"},{\"@type\":\"BreadcrumbList\",\"@id\":\"https:\/\/monlacata.cetrexmarketing.com\/ca\/producto\/baines-etiqueta-or\/#breadcrumb\",\"itemListElement\":[{\"@type\":\"ListItem\",\"position\":1,\"name\":\"Home\",\"item\":\"https:\/\/monlacata.cetrexmarketing.com\/ca\/\"},{\"@type\":\"ListItem\",\"position\":2,\"name\":\"Tienda\",\"item\":\"https:\/\/monlacata.cetrexmarketing.com\/ca\/tienda-2\/\"},{\"@type\":\"ListItem\",\"position\":3,\"name\":\"Tienda\",\"item\":\"https:\/\/monlacata.cetrexmarketing.com\/categoria-producto\/inicio\/\"},{\"@type\":\"ListItem\",\"position\":4,\"name\":\"Destilados\",\"item\":\"https:\/\/monlacata.cetrexmarketing.com\/categoria-producto\/inicio\/destilados\/\"},{\"@type\":\"ListItem\",\"position\":5,\"name\":\"Pacharan\",\"item\":\"https:\/\/monlacata.cetrexmarketing.com\/categoria-producto\/inicio\/destilados\/pacharan\/\"},{\"@type\":\"ListItem\",\"position\":6,\"name\":\"Baines Etiqueta Oro\"}]},{\"@type\":\"WebSite\",\"@id\":\"https:\/\/monlacata.cetrexmarketing.com\/#website\",\"url\":\"https:\/\/monlacata.cetrexmarketing.com\/\",\"name\":\"M\u00f3n La Cata\",\"description\":\"Tienda de vinos, licores, cervezas y gourmet\",\"publisher\":{\"@id\":\"https:\/\/monlacata.cetrexmarketing.com\/#organization\"},\"potentialAction\":[{\"@type\":\"SearchAction\",\"target\":{\"@type\":\"EntryPoint\",\"urlTemplate\":\"https:\/\/monlacata.cetrexmarketing.com\/?s={search_term_string}\"},\"query-input\":{\"@type\":\"PropertyValueSpecification\",\"valueRequired\":true,\"valueName\":\"search_term_string\"}}],\"inLanguage\":\"ca\"},{\"@type\":\"Organization\",\"@id\":\"https:\/\/monlacata.cetrexmarketing.com\/#organization\",\"name\":\"M\u00f3n La Cata\",\"url\":\"https:\/\/monlacata.cetrexmarketing.com\/\",\"logo\":{\"@type\":\"ImageObject\",\"inLanguage\":\"ca\",\"@id\":\"https:\/\/monlacata.cetrexmarketing.com\/#\/schema\/logo\/image\/\",\"url\":\"https:\/\/monlacata.cetrexmarketing.com\/wp-content\/uploads\/2024\/02\/monlacata-logo-blanc.png\",\"contentUrl\":\"https:\/\/monlacata.cetrexmarketing.com\/wp-content\/uploads\/2024\/02\/monlacata-logo-blanc.png\",\"width\":454,\"height\":193,\"caption\":\"M\u00f3n La Cata\"},\"image\":{\"@id\":\"https:\/\/monlacata.cetrexmarketing.com\/#\/schema\/logo\/image\/\"}}]}<\/script>\n<!-- \/ Yoast SEO Premium plugin. -->","yoast_head_json":{"title":"Baines Etiqueta Oro","description":"Comprar online al millor preu el m\u00edtic patxar\u00e0 Baines Etiqueta Oro. Web especialitzada en destil\u00b7lats, vins i alimentaci\u00f3 gourmet.","robots":{"index":"noindex","follow":"follow","max-snippet":"max-snippet:-1","max-image-preview":"max-image-preview:large","max-video-preview":"max-video-preview:-1"},"og_locale":"ca_ES","og_type":"article","og_title":"Baines Etiqueta Oro","og_description":"Comprar online al millor preu el m\u00edtic patxar\u00e0 Baines Etiqueta Oro. Web especialitzada en destil\u00b7lats, vins i alimentaci\u00f3 gourmet.","og_url":"https:\/\/monlacata.cetrexmarketing.com\/ca\/producto\/baines-etiqueta-or\/","og_site_name":"M\u00f3n La Cata","article_modified_time":"2025-09-27T16:07:43+00:00","og_image":[{"width":765,"height":1024,"url":"https:\/\/monlacata.cetrexmarketing.com\/wp-content\/uploads\/2017\/03\/BAINES-ETIQUETA-ORO.jpg.png","type":"image\/png"}],"twitter_card":"summary_large_image","twitter_misc":{"Temps estimat de lectura":"2 minuts"},"schema":{"@context":"https:\/\/schema.org","@graph":[{"@type":"WebPage","@id":"https:\/\/monlacata.cetrexmarketing.com\/ca\/producto\/baines-etiqueta-or\/","url":"https:\/\/monlacata.cetrexmarketing.com\/ca\/producto\/baines-etiqueta-or\/","name":"Baines Etiqueta Oro","isPartOf":{"@id":"https:\/\/monlacata.cetrexmarketing.com\/#website"},"primaryImageOfPage":{"@id":"https:\/\/monlacata.cetrexmarketing.com\/ca\/producto\/baines-etiqueta-or\/#primaryimage"},"image":{"@id":"https:\/\/monlacata.cetrexmarketing.com\/ca\/producto\/baines-etiqueta-or\/#primaryimage"},"thumbnailUrl":"https:\/\/monlacata.cetrexmarketing.com\/wp-content\/uploads\/2017\/03\/BAINES-ETIQUETA-ORO.jpg.png","datePublished":"2017-03-06T18:51:50+00:00","dateModified":"2025-09-27T16:07:43+00:00","description":"Comprar online al millor preu el m\u00edtic patxar\u00e0 Baines Etiqueta Oro. Web especialitzada en destil\u00b7lats, vins i alimentaci\u00f3 gourmet.","breadcrumb":{"@id":"https:\/\/monlacata.cetrexmarketing.com\/ca\/producto\/baines-etiqueta-or\/#breadcrumb"},"inLanguage":"ca","potentialAction":[{"@type":"ReadAction","target":["https:\/\/monlacata.cetrexmarketing.com\/ca\/producto\/baines-etiqueta-or\/"]}]},{"@type":"ImageObject","inLanguage":"ca","@id":"https:\/\/monlacata.cetrexmarketing.com\/ca\/producto\/baines-etiqueta-or\/#primaryimage","url":"https:\/\/monlacata.cetrexmarketing.com\/wp-content\/uploads\/2017\/03\/BAINES-ETIQUETA-ORO.jpg.png","contentUrl":"https:\/\/monlacata.cetrexmarketing.com\/wp-content\/uploads\/2017\/03\/BAINES-ETIQUETA-ORO.jpg.png","width":765,"height":1024,"caption":"BAINES ETIQUETA ORO.jpg"},{"@type":"BreadcrumbList","@id":"https:\/\/monlacata.cetrexmarketing.com\/ca\/producto\/baines-etiqueta-or\/#breadcrumb","itemListElement":[{"@type":"ListItem","position":1,"name":"Home","item":"https:\/\/monlacata.cetrexmarketing.com\/ca\/"},{"@type":"ListItem","position":2,"name":"Tienda","item":"https:\/\/monlacata.cetrexmarketing.com\/ca\/tienda-2\/"},{"@type":"ListItem","position":3,"name":"Tienda","item":"https:\/\/monlacata.cetrexmarketing.com\/categoria-producto\/inicio\/"},{"@type":"ListItem","position":4,"name":"Destilados","item":"https:\/\/monlacata.cetrexmarketing.com\/categoria-producto\/inicio\/destilados\/"},{"@type":"ListItem","position":5,"name":"Pacharan","item":"https:\/\/monlacata.cetrexmarketing.com\/categoria-producto\/inicio\/destilados\/pacharan\/"},{"@type":"ListItem","position":6,"name":"Baines Etiqueta Oro"}]},{"@type":"WebSite","@id":"https:\/\/monlacata.cetrexmarketing.com\/#website","url":"https:\/\/monlacata.cetrexmarketing.com\/","name":"M\u00f3n La Cata","description":"Tienda de vinos, licores, cervezas y gourmet","publisher":{"@id":"https:\/\/monlacata.cetrexmarketing.com\/#organization"},"potentialAction":[{"@type":"SearchAction","target":{"@type":"EntryPoint","urlTemplate":"https:\/\/monlacata.cetrexmarketing.com\/?s={search_term_string}"},"query-input":{"@type":"PropertyValueSpecification","valueRequired":true,"valueName":"search_term_string"}}],"inLanguage":"ca"},{"@type":"Organization","@id":"https:\/\/monlacata.cetrexmarketing.com\/#organization","name":"M\u00f3n La Cata","url":"https:\/\/monlacata.cetrexmarketing.com\/","logo":{"@type":"ImageObject","inLanguage":"ca","@id":"https:\/\/monlacata.cetrexmarketing.com\/#\/schema\/logo\/image\/","url":"https:\/\/monlacata.cetrexmarketing.com\/wp-content\/uploads\/2024\/02\/monlacata-logo-blanc.png","contentUrl":"https:\/\/monlacata.cetrexmarketing.com\/wp-content\/uploads\/2024\/02\/monlacata-logo-blanc.png","width":454,"height":193,"caption":"M\u00f3n La Cata"},"image":{"@id":"https:\/\/monlacata.cetrexmarketing.com\/#\/schema\/logo\/image\/"}}]}},"brands":[],"tiered_pricing_type":"fixed","tiered_pricing_fixed_rules":[],"tiered_pricing_product_settings":{"layout":"default","base_unit_name":{"singular":null,"plural":null},"default_variation":null},"tiered_pricing_minimum_quantity":null,"tiered_pricing_roles_data":[],"tiered_pricing_percentage_rules":[],"tiered_pricing_maximum_quantity":null,"tiered_pricing_quantity_step":null,"_links":{"self":[{"href":"https:\/\/monlacata.cetrexmarketing.com\/ca\/wp-json\/wp\/v2\/product\/41485","targetHints":{"allow":["GET"]}}],"collection":[{"href":"https:\/\/monlacata.cetrexmarketing.com\/ca\/wp-json\/wp\/v2\/product"}],"about":[{"href":"https:\/\/monlacata.cetrexmarketing.com\/ca\/wp-json\/wp\/v2\/types\/product"}],"replies":[{"embeddable":true,"href":"https:\/\/monlacata.cetrexmarketing.com\/ca\/wp-json\/wp\/v2\/comments?post=41485"}],"wp:featuredmedia":[{"embeddable":true,"href":"https:\/\/monlacata.cetrexmarketing.com\/ca\/wp-json\/wp\/v2\/media\/65784"}],"wp:attachment":[{"href":"https:\/\/monlacata.cetrexmarketing.com\/ca\/wp-json\/wp\/v2\/media?parent=41485"}],"wp:term":[{"taxonomy":"pwb-brand","embeddable":true,"href":"https:\/\/monlacata.cetrexmarketing.com\/ca\/wp-json\/wp\/v2\/pwb-brand?post=41485"},{"taxonomy":"product_cat","embeddable":true,"href":"https:\/\/monlacata.cetrexmarketing.com\/ca\/wp-json\/wp\/v2\/product_cat?post=41485"},{"taxonomy":"product_tag","embeddable":true,"href":"https:\/\/monlacata.cetrexmarketing.com\/ca\/wp-json\/wp\/v2\/product_tag?post=41485"}],"curies":[{"name":"wp","href":"https:\/\/api.w.org\/{rel}","templated":true}]}}