{"id":42001,"date":"2017-03-06T18:51:50","date_gmt":"2017-03-06T18:51:50","guid":{"rendered":"https:\/\/monlacata.cetrexmarketing.com\/producto\/aberlour-12-anys-1l\/"},"modified":"2025-12-04T11:57:16","modified_gmt":"2025-12-04T11:57:16","slug":"aberlour-12-anys-1l","status":"publish","type":"product","link":"https:\/\/monlacata.cetrexmarketing.com\/ca\/producto\/aberlour-12-anys-1l\/","title":{"rendered":"Aberlour 12 anys 1L"},"content":{"rendered":"<p class=\"normal\">Aquest Highland, de la regio de Speyside, \u00e9s dels mes tradicionals de la zona de Speyside. Construida sobre una capella druida del segle de bronze, disfruta d\u00b4una de les aigues mes pures de la zona, la del Pou de Sant Drostan.<\/p>\n<p class=\"normal\">En aquest cas, es diferencia del 10 anys amb mes temps en bota de xer\u00e8s. Li aporta tocs mes dol\u00e7os i suaus.<\/p>\n<p class=\"normal\">NOTAS DE CATA: Color ambar, en nas suau i es reafirma el major temps en bota de xer\u00e8s. Te negre i fruita caramelitzada. Cos cremos i suau. En boca sedos i de caracter mentolat. Final de fruits secs i records a xocolata.<\/p>\n","protected":false},"excerpt":{"rendered":"<p dir=\"ltr\"><span>Constru\u00efda sobre una capella druida del segle de bronze, gaudeix de les aig\u00fces pures del Pou de Sant Dorsten.<\/span><\/p>\n<p dir=\"ltr\"><span>Es diferencia de<\/span><span class=\"hiddenGrammarError\">l 10 anys<\/span><span>\u00a0amb m\u00e9s temps en bota de xer\u00e8s. Li aporta tocs m\u00e9s dol\u00e7os i suaus.<\/span><br \/><span><\/span><\/p>\n<p dir=\"ltr\"><span>Color ambre. En nas reafirma\u00a0<\/span><span class=\"hiddenGreenError\">el major temps<\/span><span>\u00a0en\u00a0<\/span><span class=\"hiddenGrammarError\">bota<\/span><span>\u00a0de xer\u00e8s. T\u00e8 negre i fruita\u00a0<\/span><span>caramel\u00b7litzada<\/span><span>.<\/span><\/p>\n<p dir=\"ltr\"><span>En boca\u00a0<\/span><span>sed\u00f3s<\/span><span>\u00a0i de\u00a0<\/span><span>car\u00e0cter<\/span><span>\u00a0mentolat. Final de fruits secs i xocolata.\u00a0<\/span><span>Cos crem\u00f3s i suau.<\/span><\/p><\/p>\n","protected":false},"featured_media":67415,"comment_status":"closed","ping_status":"closed","template":"","meta":{"_acf_changed":false},"pwb-brand":[],"product_cat":[33040,33230,33244,33724],"product_tag":[15646,51454,15649,15274,15650,50618],"class_list":{"0":"post-42001","1":"product","2":"type-product","3":"status-publish","4":"has-post-thumbnail","6":"product_cat-destil-lats-ca","7":"product_cat-whisky-ca","8":"product_cat-whisky-escocia-ca","9":"product_cat-highland-single-malt-scotch-whisky-ca","10":"product_tag-aberlour-ca","11":"product_tag-escocia-ca","12":"product_tag-highland-ca","13":"product_tag-malta-ca","14":"product_tag-speyside-ca","15":"product_tag-whisky-ca-2","16":"pa_ahumado-baix-mitja","17":"pa_cereal-malta-100","18":"pa_destileria-aberlourdistilleryco","19":"pa_do-highlandigpescocia-ca","20":"pa_envejecimiento-12-anys","21":"pa_formatoenl-10-ca","22":"pa_formatoenml-1000-ca","23":"pa_graduacion-40_0-ca","24":"pa_pais-escocia-ca-2","25":"pa_pesoengramos-1250-ca","26":"pa_pesoenkg-125-ca-2","27":"pa_propietario-pernodricard","28":"pa_pueblociudad-banffshire","29":"pa_region-highlandnord_est","30":"pa_subregion-speyside","31":"pa_tipodewhisky-scotchwhiskysinglemalt-ca","32":"entry","33":"has-media","35":"first","36":"outofstock","37":"taxable","38":"shipping-taxable","39":"purchasable","40":"product-type-simple"},"acf":[],"yoast_head":"<!-- This site is optimized with the Yoast SEO Premium plugin v23.1 (Yoast SEO v24.1) - https:\/\/yoast.com\/wordpress\/plugins\/seo\/ -->\n<title>Aberlour 12 anys whisky<\/title>\n<meta name=\"description\" content=\"Constru\u00efda sobre una capella druida, gaudeix de les aig\u00fces pures del Pou de Sant Dorsten. Whisky que es diferencia del 10 anys amb m\u00e9s temps en bota de xer\u00e8s.\" \/>\n<meta name=\"robots\" content=\"noindex, follow, max-snippet:-1, max-image-preview:large, max-video-preview:-1\" \/>\n<meta property=\"og:locale\" content=\"ca_ES\" \/>\n<meta property=\"og:type\" content=\"article\" \/>\n<meta property=\"og:title\" content=\"Aberlour 12 anys 1L\" \/>\n<meta property=\"og:description\" content=\"Constru\u00efda sobre una capella druida, gaudeix de les aig\u00fces pures del Pou de Sant Dorsten. Whisky que es diferencia del 10 anys amb m\u00e9s temps en bota de xer\u00e8s.\" \/>\n<meta property=\"og:url\" content=\"https:\/\/monlacata.cetrexmarketing.com\/producto\/aberlour-12-anos-1l\/\" \/>\n<meta property=\"og:site_name\" content=\"M\u00f3n La Cata\" \/>\n<meta property=\"article:modified_time\" content=\"2025-12-04T11:57:16+00:00\" \/>\n<meta property=\"og:image\" content=\"https:\/\/monlacata.cetrexmarketing.com\/wp-content\/uploads\/2017\/03\/ABERLOUR-12-ANOS-1L.jpg.png\" \/>\n\t<meta property=\"og:image:width\" content=\"765\" \/>\n\t<meta property=\"og:image:height\" content=\"1024\" \/>\n\t<meta property=\"og:image:type\" content=\"image\/png\" \/>\n<meta name=\"twitter:card\" content=\"summary_large_image\" \/>\n<meta name=\"twitter:label1\" content=\"Temps estimat de lectura\" \/>\n\t<meta name=\"twitter:data1\" content=\"1 minut\" \/>\n<script type=\"application\/ld+json\" class=\"yoast-schema-graph\">{\"@context\":\"https:\/\/schema.org\",\"@graph\":[{\"@type\":\"WebPage\",\"@id\":\"https:\/\/monlacata.cetrexmarketing.com\/producto\/aberlour-12-anos-1l\/\",\"url\":\"https:\/\/monlacata.cetrexmarketing.com\/producto\/aberlour-12-anos-1l\/\",\"name\":\"Aberlour 12 anys whisky\",\"isPartOf\":{\"@id\":\"https:\/\/monlacata.cetrexmarketing.com\/#website\"},\"primaryImageOfPage\":{\"@id\":\"https:\/\/monlacata.cetrexmarketing.com\/producto\/aberlour-12-anos-1l\/#primaryimage\"},\"image\":{\"@id\":\"https:\/\/monlacata.cetrexmarketing.com\/producto\/aberlour-12-anos-1l\/#primaryimage\"},\"thumbnailUrl\":\"https:\/\/monlacata.cetrexmarketing.com\/wp-content\/uploads\/2017\/03\/ABERLOUR-12-ANOS-1L.jpg.png\",\"datePublished\":\"2017-03-06T18:51:50+00:00\",\"dateModified\":\"2025-12-04T11:57:16+00:00\",\"description\":\"Constru\u00efda sobre una capella druida, gaudeix de les aig\u00fces pures del Pou de Sant Dorsten. Whisky que es diferencia del 10 anys amb m\u00e9s temps en bota de xer\u00e8s.\",\"breadcrumb\":{\"@id\":\"https:\/\/monlacata.cetrexmarketing.com\/producto\/aberlour-12-anos-1l\/#breadcrumb\"},\"inLanguage\":\"ca\",\"potentialAction\":[{\"@type\":\"ReadAction\",\"target\":[\"https:\/\/monlacata.cetrexmarketing.com\/producto\/aberlour-12-anos-1l\/\"]}]},{\"@type\":\"ImageObject\",\"inLanguage\":\"ca\",\"@id\":\"https:\/\/monlacata.cetrexmarketing.com\/producto\/aberlour-12-anos-1l\/#primaryimage\",\"url\":\"https:\/\/monlacata.cetrexmarketing.com\/wp-content\/uploads\/2017\/03\/ABERLOUR-12-ANOS-1L.jpg.png\",\"contentUrl\":\"https:\/\/monlacata.cetrexmarketing.com\/wp-content\/uploads\/2017\/03\/ABERLOUR-12-ANOS-1L.jpg.png\",\"width\":765,\"height\":1024,\"caption\":\"ABERLOUR 12 A\u00d1OS 1L.jpg\"},{\"@type\":\"BreadcrumbList\",\"@id\":\"https:\/\/monlacata.cetrexmarketing.com\/producto\/aberlour-12-anos-1l\/#breadcrumb\",\"itemListElement\":[{\"@type\":\"ListItem\",\"position\":1,\"name\":\"Home\",\"item\":\"https:\/\/monlacata.cetrexmarketing.com\/ca\/\"},{\"@type\":\"ListItem\",\"position\":2,\"name\":\"Tienda\",\"item\":\"https:\/\/monlacata.cetrexmarketing.com\/ca\/tienda-2\/\"},{\"@type\":\"ListItem\",\"position\":3,\"name\":\"Destil\u00b7lats\",\"item\":\"https:\/\/monlacata.cetrexmarketing.com\/categoria-producto\/home-ca\/destil-lats-ca\/\"},{\"@type\":\"ListItem\",\"position\":4,\"name\":\"Whisky\",\"item\":\"https:\/\/monlacata.cetrexmarketing.com\/ca\/categoria-producto\/destil-lats-ca\/whisky-ca\/\"},{\"@type\":\"ListItem\",\"position\":5,\"name\":\"Whisky Esc\u00f2cia\",\"item\":\"https:\/\/monlacata.cetrexmarketing.com\/ca\/categoria-producto\/destil-lats-ca\/whisky-ca\/whisky-escocia-ca\/\"},{\"@type\":\"ListItem\",\"position\":6,\"name\":\"Highland Single Malt Scotch Whisky\",\"item\":\"https:\/\/monlacata.cetrexmarketing.com\/ca\/categoria-producto\/destil-lats-ca\/whisky-ca\/whisky-escocia-ca\/highland-single-malt-scotch-whisky-ca\/\"},{\"@type\":\"ListItem\",\"position\":7,\"name\":\"Aberlour 12 anys 1L\"}]},{\"@type\":\"WebSite\",\"@id\":\"https:\/\/monlacata.cetrexmarketing.com\/#website\",\"url\":\"https:\/\/monlacata.cetrexmarketing.com\/\",\"name\":\"M\u00f3n La Cata\",\"description\":\"Tienda de vinos, licores, cervezas y gourmet\",\"publisher\":{\"@id\":\"https:\/\/monlacata.cetrexmarketing.com\/#organization\"},\"potentialAction\":[{\"@type\":\"SearchAction\",\"target\":{\"@type\":\"EntryPoint\",\"urlTemplate\":\"https:\/\/monlacata.cetrexmarketing.com\/?s={search_term_string}\"},\"query-input\":{\"@type\":\"PropertyValueSpecification\",\"valueRequired\":true,\"valueName\":\"search_term_string\"}}],\"inLanguage\":\"ca\"},{\"@type\":\"Organization\",\"@id\":\"https:\/\/monlacata.cetrexmarketing.com\/#organization\",\"name\":\"M\u00f3n La Cata\",\"url\":\"https:\/\/monlacata.cetrexmarketing.com\/\",\"logo\":{\"@type\":\"ImageObject\",\"inLanguage\":\"ca\",\"@id\":\"https:\/\/monlacata.cetrexmarketing.com\/#\/schema\/logo\/image\/\",\"url\":\"https:\/\/monlacata.cetrexmarketing.com\/wp-content\/uploads\/2024\/02\/monlacata-logo-blanc.png\",\"contentUrl\":\"https:\/\/monlacata.cetrexmarketing.com\/wp-content\/uploads\/2024\/02\/monlacata-logo-blanc.png\",\"width\":454,\"height\":193,\"caption\":\"M\u00f3n La Cata\"},\"image\":{\"@id\":\"https:\/\/monlacata.cetrexmarketing.com\/#\/schema\/logo\/image\/\"}}]}<\/script>\n<!-- \/ Yoast SEO Premium plugin. -->","yoast_head_json":{"title":"Aberlour 12 anys whisky","description":"Constru\u00efda sobre una capella druida, gaudeix de les aig\u00fces pures del Pou de Sant Dorsten. Whisky que es diferencia del 10 anys amb m\u00e9s temps en bota de xer\u00e8s.","robots":{"index":"noindex","follow":"follow","max-snippet":"max-snippet:-1","max-image-preview":"max-image-preview:large","max-video-preview":"max-video-preview:-1"},"og_locale":"ca_ES","og_type":"article","og_title":"Aberlour 12 anys 1L","og_description":"Constru\u00efda sobre una capella druida, gaudeix de les aig\u00fces pures del Pou de Sant Dorsten. Whisky que es diferencia del 10 anys amb m\u00e9s temps en bota de xer\u00e8s.","og_url":"https:\/\/monlacata.cetrexmarketing.com\/producto\/aberlour-12-anos-1l\/","og_site_name":"M\u00f3n La Cata","article_modified_time":"2025-12-04T11:57:16+00:00","og_image":[{"width":765,"height":1024,"url":"https:\/\/monlacata.cetrexmarketing.com\/wp-content\/uploads\/2017\/03\/ABERLOUR-12-ANOS-1L.jpg.png","type":"image\/png"}],"twitter_card":"summary_large_image","twitter_misc":{"Temps estimat de lectura":"1 minut"},"schema":{"@context":"https:\/\/schema.org","@graph":[{"@type":"WebPage","@id":"https:\/\/monlacata.cetrexmarketing.com\/producto\/aberlour-12-anos-1l\/","url":"https:\/\/monlacata.cetrexmarketing.com\/producto\/aberlour-12-anos-1l\/","name":"Aberlour 12 anys whisky","isPartOf":{"@id":"https:\/\/monlacata.cetrexmarketing.com\/#website"},"primaryImageOfPage":{"@id":"https:\/\/monlacata.cetrexmarketing.com\/producto\/aberlour-12-anos-1l\/#primaryimage"},"image":{"@id":"https:\/\/monlacata.cetrexmarketing.com\/producto\/aberlour-12-anos-1l\/#primaryimage"},"thumbnailUrl":"https:\/\/monlacata.cetrexmarketing.com\/wp-content\/uploads\/2017\/03\/ABERLOUR-12-ANOS-1L.jpg.png","datePublished":"2017-03-06T18:51:50+00:00","dateModified":"2025-12-04T11:57:16+00:00","description":"Constru\u00efda sobre una capella druida, gaudeix de les aig\u00fces pures del Pou de Sant Dorsten. Whisky que es diferencia del 10 anys amb m\u00e9s temps en bota de xer\u00e8s.","breadcrumb":{"@id":"https:\/\/monlacata.cetrexmarketing.com\/producto\/aberlour-12-anos-1l\/#breadcrumb"},"inLanguage":"ca","potentialAction":[{"@type":"ReadAction","target":["https:\/\/monlacata.cetrexmarketing.com\/producto\/aberlour-12-anos-1l\/"]}]},{"@type":"ImageObject","inLanguage":"ca","@id":"https:\/\/monlacata.cetrexmarketing.com\/producto\/aberlour-12-anos-1l\/#primaryimage","url":"https:\/\/monlacata.cetrexmarketing.com\/wp-content\/uploads\/2017\/03\/ABERLOUR-12-ANOS-1L.jpg.png","contentUrl":"https:\/\/monlacata.cetrexmarketing.com\/wp-content\/uploads\/2017\/03\/ABERLOUR-12-ANOS-1L.jpg.png","width":765,"height":1024,"caption":"ABERLOUR 12 A\u00d1OS 1L.jpg"},{"@type":"BreadcrumbList","@id":"https:\/\/monlacata.cetrexmarketing.com\/producto\/aberlour-12-anos-1l\/#breadcrumb","itemListElement":[{"@type":"ListItem","position":1,"name":"Home","item":"https:\/\/monlacata.cetrexmarketing.com\/ca\/"},{"@type":"ListItem","position":2,"name":"Tienda","item":"https:\/\/monlacata.cetrexmarketing.com\/ca\/tienda-2\/"},{"@type":"ListItem","position":3,"name":"Destil\u00b7lats","item":"https:\/\/monlacata.cetrexmarketing.com\/categoria-producto\/home-ca\/destil-lats-ca\/"},{"@type":"ListItem","position":4,"name":"Whisky","item":"https:\/\/monlacata.cetrexmarketing.com\/ca\/categoria-producto\/destil-lats-ca\/whisky-ca\/"},{"@type":"ListItem","position":5,"name":"Whisky Esc\u00f2cia","item":"https:\/\/monlacata.cetrexmarketing.com\/ca\/categoria-producto\/destil-lats-ca\/whisky-ca\/whisky-escocia-ca\/"},{"@type":"ListItem","position":6,"name":"Highland Single Malt Scotch Whisky","item":"https:\/\/monlacata.cetrexmarketing.com\/ca\/categoria-producto\/destil-lats-ca\/whisky-ca\/whisky-escocia-ca\/highland-single-malt-scotch-whisky-ca\/"},{"@type":"ListItem","position":7,"name":"Aberlour 12 anys 1L"}]},{"@type":"WebSite","@id":"https:\/\/monlacata.cetrexmarketing.com\/#website","url":"https:\/\/monlacata.cetrexmarketing.com\/","name":"M\u00f3n La Cata","description":"Tienda de vinos, licores, cervezas y gourmet","publisher":{"@id":"https:\/\/monlacata.cetrexmarketing.com\/#organization"},"potentialAction":[{"@type":"SearchAction","target":{"@type":"EntryPoint","urlTemplate":"https:\/\/monlacata.cetrexmarketing.com\/?s={search_term_string}"},"query-input":{"@type":"PropertyValueSpecification","valueRequired":true,"valueName":"search_term_string"}}],"inLanguage":"ca"},{"@type":"Organization","@id":"https:\/\/monlacata.cetrexmarketing.com\/#organization","name":"M\u00f3n La Cata","url":"https:\/\/monlacata.cetrexmarketing.com\/","logo":{"@type":"ImageObject","inLanguage":"ca","@id":"https:\/\/monlacata.cetrexmarketing.com\/#\/schema\/logo\/image\/","url":"https:\/\/monlacata.cetrexmarketing.com\/wp-content\/uploads\/2024\/02\/monlacata-logo-blanc.png","contentUrl":"https:\/\/monlacata.cetrexmarketing.com\/wp-content\/uploads\/2024\/02\/monlacata-logo-blanc.png","width":454,"height":193,"caption":"M\u00f3n La Cata"},"image":{"@id":"https:\/\/monlacata.cetrexmarketing.com\/#\/schema\/logo\/image\/"}}]}},"brands":[],"tiered_pricing_type":"fixed","tiered_pricing_fixed_rules":[],"tiered_pricing_product_settings":{"layout":"default","base_unit_name":{"singular":null,"plural":null},"default_variation":null},"tiered_pricing_minimum_quantity":1,"tiered_pricing_roles_data":[],"tiered_pricing_percentage_rules":[],"tiered_pricing_maximum_quantity":null,"tiered_pricing_quantity_step":null,"_links":{"self":[{"href":"https:\/\/monlacata.cetrexmarketing.com\/ca\/wp-json\/wp\/v2\/product\/42001","targetHints":{"allow":["GET"]}}],"collection":[{"href":"https:\/\/monlacata.cetrexmarketing.com\/ca\/wp-json\/wp\/v2\/product"}],"about":[{"href":"https:\/\/monlacata.cetrexmarketing.com\/ca\/wp-json\/wp\/v2\/types\/product"}],"replies":[{"embeddable":true,"href":"https:\/\/monlacata.cetrexmarketing.com\/ca\/wp-json\/wp\/v2\/comments?post=42001"}],"wp:featuredmedia":[{"embeddable":true,"href":"https:\/\/monlacata.cetrexmarketing.com\/ca\/wp-json\/wp\/v2\/media\/67415"}],"wp:attachment":[{"href":"https:\/\/monlacata.cetrexmarketing.com\/ca\/wp-json\/wp\/v2\/media?parent=42001"}],"wp:term":[{"taxonomy":"pwb-brand","embeddable":true,"href":"https:\/\/monlacata.cetrexmarketing.com\/ca\/wp-json\/wp\/v2\/pwb-brand?post=42001"},{"taxonomy":"product_cat","embeddable":true,"href":"https:\/\/monlacata.cetrexmarketing.com\/ca\/wp-json\/wp\/v2\/product_cat?post=42001"},{"taxonomy":"product_tag","embeddable":true,"href":"https:\/\/monlacata.cetrexmarketing.com\/ca\/wp-json\/wp\/v2\/product_tag?post=42001"}],"curies":[{"name":"wp","href":"https:\/\/api.w.org\/{rel}","templated":true}]}}