{"id":42419,"date":"2017-03-07T17:25:02","date_gmt":"2017-03-07T17:25:02","guid":{"rendered":"https:\/\/monlacata.cetrexmarketing.com\/producto\/aurora-d-espiells\/"},"modified":"2024-05-29T04:30:31","modified_gmt":"2024-05-29T04:30:31","slug":"aurora-d-espiells","status":"publish","type":"product","link":"https:\/\/monlacata.cetrexmarketing.com\/ca\/producto\/aurora-d-espiells\/","title":{"rendered":"Aurora d&#8217;Espiells"},"content":{"rendered":"<p><P Dir = \"LTR\"> Aurora \u00e9s un rosa amb un color rosa i rosat molt clar. <\/p>\n<p> n <\/p>\n<p dir = \"ltr\"> en el nas destaquen aromes de fruita vermella i negra amb un toc floral com a tel\u00f3 de fons. <\/p>\n<p> n <\/p>\n<p dir = \"ltr\"> a la boca \u00e9s fresc i dol\u00e7.<br \/>\n n <P DIR = \"LTR\"> Es recomana combinar -lo amb un plat de menjar t\u00edpic japon\u00e8s, el yakisoba ebi. <\/p>\n","protected":false},"excerpt":{"rendered":"<p dir=\"ltr\"><span>Aurora \u00e9s un rosat amb un color rosa viu i claret molt actual. <\/span><\/p>\n<p dir=\"ltr\"><span>En nas destaquen aromes de fruita vermella i negre amb un toc floral com a tel\u00f3 de fons.<\/span><\/p>\n<p dir=\"ltr\"><span>En boca \u00e9s fi fresc i llaminer.<\/span><\/p>\n<p dir=\"ltr\"><span>Es recomana maridar-lo amb un plat t\u00edpic de menjar japon\u00e8s, el yakisoba ebi.<\/span><\/p><\/p>\n","protected":false},"featured_media":68165,"comment_status":"closed","ping_status":"closed","template":"","meta":{"_acf_changed":false},"pwb-brand":[44771,32895],"product_cat":[52314,33020,33078,33048],"product_tag":[50378,15763,52337,15762,15761,52174,48509,48488],"class_list":{"0":"post-42419","1":"product","2":"type-product","3":"status-publish","4":"has-post-thumbnail","6":"pwb-brand-juve-camps","7":"pwb-brand-penedes-d-o","8":"product_cat-rebaixes","9":"product_cat-vi-ca","10":"product_cat-vino-rosado-ca","11":"product_cat-ecologic-ca","12":"product_tag-agricultura-ecologica-ca-2","13":"product_tag-aurora-ca","14":"product_tag-do-penedes-ca-2","15":"product_tag-espiells-ca","16":"product_tag-juve-y-camps-ca","17":"product_tag-penedes-ca-2","18":"product_tag-rosat-ca","19":"product_tag-vi-rosat-ca","20":"pa_anada-2023-ca","21":"pa_bodega-juvecamps-ca","22":"pa_certificado-certificat-dagricultura-ecologica","23":"pa_do-penedes-d-o-ca","24":"pa_ecologico-vegano-natural-ecologic","25":"pa_envejecimiento-jove","26":"pa_floral-rosat-floral","27":"pa_formatoenl-075-ca","28":"pa_formatoenml-750-ca","29":"pa_graduacion-12_5-ca","30":"pa_maridaje-dolcos","31":"pa_maridaje-embotits","32":"pa_maridaje-verdures","33":"pa_pais-espanya-ca","34":"pa_pesoengramos-1250-ca","35":"pa_pesoenkg-125-ca-2","36":"pa_pueblociudad-santsadurnidanoiabarcelona-ca","37":"pa_region-cataluna-ca","38":"pa_tipodevino-vi-tranquil","39":"pa_variedad-principal-pinot-noir-ca","40":"pa_variedad-principal-xarello","41":"pa_variedades-pinotnoir_xarello","42":"entry","43":"has-media","45":"first","46":"instock","47":"sale","48":"taxable","49":"shipping-taxable","50":"purchasable","51":"product-type-simple"},"acf":[],"yoast_head":"<!-- This site is optimized with the Yoast SEO Premium plugin v23.1 (Yoast SEO v24.1) - https:\/\/yoast.com\/wordpress\/plugins\/seo\/ -->\n<title>Aurora d&#039;Espiells Rosat Juv\u00e9 &amp; Camps vi rosat<\/title>\n<meta name=\"description\" content=\"Comprar online al millor preu el vi rosat Aurora d&#039;Espiells de Juv\u00e9 &amp; Camps a la DO Pened\u00e8s. Seguretat i rapidesa defineixen la web i la viniteca. Descomptes.\" \/>\n<meta name=\"robots\" content=\"noindex, follow, max-snippet:-1, max-image-preview:large, max-video-preview:-1\" \/>\n<meta property=\"og:locale\" content=\"ca_ES\" \/>\n<meta property=\"og:type\" content=\"article\" \/>\n<meta property=\"og:title\" content=\"Aurora d&#039;Espiells\" \/>\n<meta property=\"og:description\" content=\"Comprar online al millor preu el vi rosat Aurora d&#039;Espiells de Juv\u00e9 &amp; Camps a la DO Pened\u00e8s. Seguretat i rapidesa defineixen la web i la viniteca. Descomptes.\" \/>\n<meta property=\"og:url\" content=\"https:\/\/monlacata.cetrexmarketing.com\/producto\/aurora-d-espiells\/\" \/>\n<meta property=\"og:site_name\" content=\"M\u00f3n La Cata\" \/>\n<meta property=\"article:modified_time\" content=\"2024-05-29T04:30:31+00:00\" \/>\n<meta property=\"og:image\" content=\"https:\/\/monlacata.cetrexmarketing.com\/wp-content\/uploads\/2017\/03\/aurora-espiells.jpg.png\" \/>\n\t<meta property=\"og:image:width\" content=\"765\" \/>\n\t<meta property=\"og:image:height\" content=\"1024\" \/>\n\t<meta property=\"og:image:type\" content=\"image\/png\" \/>\n<meta name=\"twitter:card\" content=\"summary_large_image\" \/>\n<script type=\"application\/ld+json\" class=\"yoast-schema-graph\">{\"@context\":\"https:\/\/schema.org\",\"@graph\":[{\"@type\":\"WebPage\",\"@id\":\"https:\/\/monlacata.cetrexmarketing.com\/producto\/aurora-d-espiells\/\",\"url\":\"https:\/\/monlacata.cetrexmarketing.com\/producto\/aurora-d-espiells\/\",\"name\":\"Aurora d'Espiells Rosat Juv\u00e9 & Camps vi rosat\",\"isPartOf\":{\"@id\":\"https:\/\/monlacata.cetrexmarketing.com\/#website\"},\"primaryImageOfPage\":{\"@id\":\"https:\/\/monlacata.cetrexmarketing.com\/producto\/aurora-d-espiells\/#primaryimage\"},\"image\":{\"@id\":\"https:\/\/monlacata.cetrexmarketing.com\/producto\/aurora-d-espiells\/#primaryimage\"},\"thumbnailUrl\":\"https:\/\/monlacata.cetrexmarketing.com\/wp-content\/uploads\/2017\/03\/aurora-espiells.jpg.png\",\"datePublished\":\"2017-03-07T17:25:02+00:00\",\"dateModified\":\"2024-05-29T04:30:31+00:00\",\"description\":\"Comprar online al millor preu el vi rosat Aurora d'Espiells de Juv\u00e9 & Camps a la DO Pened\u00e8s. Seguretat i rapidesa defineixen la web i la viniteca. Descomptes.\",\"breadcrumb\":{\"@id\":\"https:\/\/monlacata.cetrexmarketing.com\/producto\/aurora-d-espiells\/#breadcrumb\"},\"inLanguage\":\"ca\",\"potentialAction\":[{\"@type\":\"ReadAction\",\"target\":[\"https:\/\/monlacata.cetrexmarketing.com\/producto\/aurora-d-espiells\/\"]}]},{\"@type\":\"ImageObject\",\"inLanguage\":\"ca\",\"@id\":\"https:\/\/monlacata.cetrexmarketing.com\/producto\/aurora-d-espiells\/#primaryimage\",\"url\":\"https:\/\/monlacata.cetrexmarketing.com\/wp-content\/uploads\/2017\/03\/aurora-espiells.jpg.png\",\"contentUrl\":\"https:\/\/monlacata.cetrexmarketing.com\/wp-content\/uploads\/2017\/03\/aurora-espiells.jpg.png\",\"width\":765,\"height\":1024,\"caption\":\"aurora espiells.jpg\"},{\"@type\":\"BreadcrumbList\",\"@id\":\"https:\/\/monlacata.cetrexmarketing.com\/producto\/aurora-d-espiells\/#breadcrumb\",\"itemListElement\":[{\"@type\":\"ListItem\",\"position\":1,\"name\":\"Home\",\"item\":\"https:\/\/monlacata.cetrexmarketing.com\/ca\/\"},{\"@type\":\"ListItem\",\"position\":2,\"name\":\"Tienda\",\"item\":\"https:\/\/monlacata.cetrexmarketing.com\/ca\/tienda-2\/\"},{\"@type\":\"ListItem\",\"position\":3,\"name\":\"Botiga\",\"item\":\"https:\/\/monlacata.cetrexmarketing.com\/ca\/categoria-producto\/botiga\/\"},{\"@type\":\"ListItem\",\"position\":4,\"name\":\"Rebaixes\",\"item\":\"https:\/\/monlacata.cetrexmarketing.com\/ca\/categoria-producto\/botiga\/rebaixes\/\"},{\"@type\":\"ListItem\",\"position\":5,\"name\":\"Aurora d&#8217;Espiells\"}]},{\"@type\":\"WebSite\",\"@id\":\"https:\/\/monlacata.cetrexmarketing.com\/#website\",\"url\":\"https:\/\/monlacata.cetrexmarketing.com\/\",\"name\":\"M\u00f3n La Cata\",\"description\":\"Tienda de vinos, licores, cervezas y gourmet\",\"publisher\":{\"@id\":\"https:\/\/monlacata.cetrexmarketing.com\/#organization\"},\"potentialAction\":[{\"@type\":\"SearchAction\",\"target\":{\"@type\":\"EntryPoint\",\"urlTemplate\":\"https:\/\/monlacata.cetrexmarketing.com\/?s={search_term_string}\"},\"query-input\":{\"@type\":\"PropertyValueSpecification\",\"valueRequired\":true,\"valueName\":\"search_term_string\"}}],\"inLanguage\":\"ca\"},{\"@type\":\"Organization\",\"@id\":\"https:\/\/monlacata.cetrexmarketing.com\/#organization\",\"name\":\"M\u00f3n La Cata\",\"url\":\"https:\/\/monlacata.cetrexmarketing.com\/\",\"logo\":{\"@type\":\"ImageObject\",\"inLanguage\":\"ca\",\"@id\":\"https:\/\/monlacata.cetrexmarketing.com\/#\/schema\/logo\/image\/\",\"url\":\"https:\/\/monlacata.cetrexmarketing.com\/wp-content\/uploads\/2024\/02\/monlacata-logo-blanc.png\",\"contentUrl\":\"https:\/\/monlacata.cetrexmarketing.com\/wp-content\/uploads\/2024\/02\/monlacata-logo-blanc.png\",\"width\":454,\"height\":193,\"caption\":\"M\u00f3n La Cata\"},\"image\":{\"@id\":\"https:\/\/monlacata.cetrexmarketing.com\/#\/schema\/logo\/image\/\"}}]}<\/script>\n<!-- \/ Yoast SEO Premium plugin. -->","yoast_head_json":{"title":"Aurora d'Espiells Rosat Juv\u00e9 & Camps vi rosat","description":"Comprar online al millor preu el vi rosat Aurora d'Espiells de Juv\u00e9 & Camps a la DO Pened\u00e8s. Seguretat i rapidesa defineixen la web i la viniteca. Descomptes.","robots":{"index":"noindex","follow":"follow","max-snippet":"max-snippet:-1","max-image-preview":"max-image-preview:large","max-video-preview":"max-video-preview:-1"},"og_locale":"ca_ES","og_type":"article","og_title":"Aurora d'Espiells","og_description":"Comprar online al millor preu el vi rosat Aurora d'Espiells de Juv\u00e9 & Camps a la DO Pened\u00e8s. Seguretat i rapidesa defineixen la web i la viniteca. Descomptes.","og_url":"https:\/\/monlacata.cetrexmarketing.com\/producto\/aurora-d-espiells\/","og_site_name":"M\u00f3n La Cata","article_modified_time":"2024-05-29T04:30:31+00:00","og_image":[{"width":765,"height":1024,"url":"https:\/\/monlacata.cetrexmarketing.com\/wp-content\/uploads\/2017\/03\/aurora-espiells.jpg.png","type":"image\/png"}],"twitter_card":"summary_large_image","schema":{"@context":"https:\/\/schema.org","@graph":[{"@type":"WebPage","@id":"https:\/\/monlacata.cetrexmarketing.com\/producto\/aurora-d-espiells\/","url":"https:\/\/monlacata.cetrexmarketing.com\/producto\/aurora-d-espiells\/","name":"Aurora d'Espiells Rosat Juv\u00e9 & Camps vi rosat","isPartOf":{"@id":"https:\/\/monlacata.cetrexmarketing.com\/#website"},"primaryImageOfPage":{"@id":"https:\/\/monlacata.cetrexmarketing.com\/producto\/aurora-d-espiells\/#primaryimage"},"image":{"@id":"https:\/\/monlacata.cetrexmarketing.com\/producto\/aurora-d-espiells\/#primaryimage"},"thumbnailUrl":"https:\/\/monlacata.cetrexmarketing.com\/wp-content\/uploads\/2017\/03\/aurora-espiells.jpg.png","datePublished":"2017-03-07T17:25:02+00:00","dateModified":"2024-05-29T04:30:31+00:00","description":"Comprar online al millor preu el vi rosat Aurora d'Espiells de Juv\u00e9 & Camps a la DO Pened\u00e8s. Seguretat i rapidesa defineixen la web i la viniteca. Descomptes.","breadcrumb":{"@id":"https:\/\/monlacata.cetrexmarketing.com\/producto\/aurora-d-espiells\/#breadcrumb"},"inLanguage":"ca","potentialAction":[{"@type":"ReadAction","target":["https:\/\/monlacata.cetrexmarketing.com\/producto\/aurora-d-espiells\/"]}]},{"@type":"ImageObject","inLanguage":"ca","@id":"https:\/\/monlacata.cetrexmarketing.com\/producto\/aurora-d-espiells\/#primaryimage","url":"https:\/\/monlacata.cetrexmarketing.com\/wp-content\/uploads\/2017\/03\/aurora-espiells.jpg.png","contentUrl":"https:\/\/monlacata.cetrexmarketing.com\/wp-content\/uploads\/2017\/03\/aurora-espiells.jpg.png","width":765,"height":1024,"caption":"aurora espiells.jpg"},{"@type":"BreadcrumbList","@id":"https:\/\/monlacata.cetrexmarketing.com\/producto\/aurora-d-espiells\/#breadcrumb","itemListElement":[{"@type":"ListItem","position":1,"name":"Home","item":"https:\/\/monlacata.cetrexmarketing.com\/ca\/"},{"@type":"ListItem","position":2,"name":"Tienda","item":"https:\/\/monlacata.cetrexmarketing.com\/ca\/tienda-2\/"},{"@type":"ListItem","position":3,"name":"Botiga","item":"https:\/\/monlacata.cetrexmarketing.com\/ca\/categoria-producto\/botiga\/"},{"@type":"ListItem","position":4,"name":"Rebaixes","item":"https:\/\/monlacata.cetrexmarketing.com\/ca\/categoria-producto\/botiga\/rebaixes\/"},{"@type":"ListItem","position":5,"name":"Aurora d&#8217;Espiells"}]},{"@type":"WebSite","@id":"https:\/\/monlacata.cetrexmarketing.com\/#website","url":"https:\/\/monlacata.cetrexmarketing.com\/","name":"M\u00f3n La Cata","description":"Tienda de vinos, licores, cervezas y gourmet","publisher":{"@id":"https:\/\/monlacata.cetrexmarketing.com\/#organization"},"potentialAction":[{"@type":"SearchAction","target":{"@type":"EntryPoint","urlTemplate":"https:\/\/monlacata.cetrexmarketing.com\/?s={search_term_string}"},"query-input":{"@type":"PropertyValueSpecification","valueRequired":true,"valueName":"search_term_string"}}],"inLanguage":"ca"},{"@type":"Organization","@id":"https:\/\/monlacata.cetrexmarketing.com\/#organization","name":"M\u00f3n La Cata","url":"https:\/\/monlacata.cetrexmarketing.com\/","logo":{"@type":"ImageObject","inLanguage":"ca","@id":"https:\/\/monlacata.cetrexmarketing.com\/#\/schema\/logo\/image\/","url":"https:\/\/monlacata.cetrexmarketing.com\/wp-content\/uploads\/2024\/02\/monlacata-logo-blanc.png","contentUrl":"https:\/\/monlacata.cetrexmarketing.com\/wp-content\/uploads\/2024\/02\/monlacata-logo-blanc.png","width":454,"height":193,"caption":"M\u00f3n La Cata"},"image":{"@id":"https:\/\/monlacata.cetrexmarketing.com\/#\/schema\/logo\/image\/"}}]}},"brands":[{"id":44771,"name":"Juv\u00e9 &amp; Camps","slug":"juve-camps"},{"id":32895,"name":"Pened\u00e8s D.O.","slug":"penedes-d-o"}],"tiered_pricing_type":"fixed","tiered_pricing_fixed_rules":[],"tiered_pricing_product_settings":{"layout":"default","base_unit_name":{"singular":null,"plural":null},"default_variation":null},"tiered_pricing_minimum_quantity":1,"tiered_pricing_roles_data":[],"tiered_pricing_percentage_rules":[],"tiered_pricing_maximum_quantity":null,"tiered_pricing_quantity_step":null,"_links":{"self":[{"href":"https:\/\/monlacata.cetrexmarketing.com\/ca\/wp-json\/wp\/v2\/product\/42419","targetHints":{"allow":["GET"]}}],"collection":[{"href":"https:\/\/monlacata.cetrexmarketing.com\/ca\/wp-json\/wp\/v2\/product"}],"about":[{"href":"https:\/\/monlacata.cetrexmarketing.com\/ca\/wp-json\/wp\/v2\/types\/product"}],"replies":[{"embeddable":true,"href":"https:\/\/monlacata.cetrexmarketing.com\/ca\/wp-json\/wp\/v2\/comments?post=42419"}],"wp:featuredmedia":[{"embeddable":true,"href":"https:\/\/monlacata.cetrexmarketing.com\/ca\/wp-json\/wp\/v2\/media\/68165"}],"wp:attachment":[{"href":"https:\/\/monlacata.cetrexmarketing.com\/ca\/wp-json\/wp\/v2\/media?parent=42419"}],"wp:term":[{"taxonomy":"pwb-brand","embeddable":true,"href":"https:\/\/monlacata.cetrexmarketing.com\/ca\/wp-json\/wp\/v2\/pwb-brand?post=42419"},{"taxonomy":"product_cat","embeddable":true,"href":"https:\/\/monlacata.cetrexmarketing.com\/ca\/wp-json\/wp\/v2\/product_cat?post=42419"},{"taxonomy":"product_tag","embeddable":true,"href":"https:\/\/monlacata.cetrexmarketing.com\/ca\/wp-json\/wp\/v2\/product_tag?post=42419"}],"curies":[{"name":"wp","href":"https:\/\/api.w.org\/{rel}","templated":true}]}}