{"id":42459,"date":"2017-03-07T17:25:02","date_gmt":"2017-03-07T17:25:02","guid":{"rendered":"https:\/\/monlacata.cetrexmarketing.com\/producto\/castell-d-olerdola-brut-rose\/"},"modified":"2024-05-29T04:31:05","modified_gmt":"2024-05-29T04:31:05","slug":"castell-d-olerdola-brut-rose","status":"publish","type":"product","link":"https:\/\/monlacata.cetrexmarketing.com\/ca\/producto\/castell-d-olerdola-brut-rose\/","title":{"rendered":"Castell d’Ol\u00e8rdola Brut Ros\u00e9"},"content":{"rendered":"","protected":false},"excerpt":{"rendered":"","protected":false},"featured_media":67988,"comment_status":"closed","ping_status":"closed","template":"","meta":{"_acf_changed":false},"pwb-brand":[45516,32909],"product_cat":[33038,33080,33282],"product_tag":[15160,50365,51689,15780,50364,15781],"class_list":{"0":"post-42459","1":"product","2":"type-product","3":"status-publish","4":"has-post-thumbnail","6":"pwb-brand-castell-dolerdola","7":"pwb-brand-cava-d-o","8":"product_cat-vi-escumos-ca","9":"product_cat-cava-ca","10":"product_cat-cava-rosat-ca","11":"product_tag-brut-rose-ca","12":"product_tag-cava-ca-2","13":"product_tag-cava-rosat-ca","14":"product_tag-cava-rose-ca","15":"product_tag-do-cava-ca-2","16":"product_tag-olerdola-ca","17":"pa_bodega-capesa-ca","18":"pa_cantidaddeazucar-brut-ca","19":"pa_do-cava-d-o-ca-2","20":"pa_formatoenl-075-ca","21":"pa_formatoenml-750-ca","22":"pa_graduacion-11_5","23":"pa_pais-espanya-ca","24":"pa_pesoengramos-1250-ca","25":"pa_pesoenkg-125-ca-2","26":"pa_pueblociudad-torrellesdefoixbarcelona-ca","27":"pa_region-cataluna-ca","28":"pa_tipodevino-vinoespumoso","29":"pa_variedad-principal-garnacha-tinta-ca","30":"pa_variedad-principal-pinot-noir-ca","31":"pa_variedades-garnachatinta_pinotnoir","32":"entry","33":"has-media","35":"first","36":"outofstock","37":"taxable","38":"shipping-taxable","39":"purchasable","40":"product-type-simple"},"acf":[],"yoast_head":"\nCastell d'Ol\u00e8rdola Brut Ros\u00e9 cava<\/title>\n<meta name=\"description\" content=\"Comprar online a bon preu el cava rosat Castell d'Ol\u00e8rdola Brut de la DO Cava. Confian\u00e7a, rapidesa i seguretat defineixen la web i la nostra vinoteca.\" \/>\n<meta name=\"robots\" content=\"noindex, follow, max-snippet:-1, max-image-preview:large, max-video-preview:-1\" \/>\n<meta property=\"og:locale\" content=\"ca_ES\" \/>\n<meta property=\"og:type\" content=\"article\" \/>\n<meta property=\"og:title\" content=\"Castell d'Ol\u00e8rdola Brut Ros\u00e9\" \/>\n<meta property=\"og:description\" content=\"Comprar online a bon preu el cava rosat Castell d'Ol\u00e8rdola Brut de la DO Cava. Confian\u00e7a, rapidesa i seguretat defineixen la web i la nostra vinoteca.\" \/>\n<meta property=\"og:url\" content=\"https:\/\/monlacata.cetrexmarketing.com\/producto\/castell-d-olerdola-brut-rose\/\" \/>\n<meta property=\"og:site_name\" content=\"M\u00f3n La Cata\" \/>\n<meta property=\"article:modified_time\" content=\"2024-05-29T04:31:05+00:00\" \/>\n<meta property=\"og:image\" content=\"https:\/\/monlacata.cetrexmarketing.com\/wp-content\/uploads\/2017\/03\/CASTELL-OLERDOLA-ROSE.jpg.png\" \/>\n\t<meta property=\"og:image:width\" content=\"765\" \/>\n\t<meta property=\"og:image:height\" content=\"1024\" \/>\n\t<meta property=\"og:image:type\" content=\"image\/png\" \/>\n<meta name=\"twitter:card\" content=\"summary_large_image\" \/>\n<script type=\"application\/ld+json\" class=\"yoast-schema-graph\">{\"@context\":\"https:\/\/schema.org\",\"@graph\":[{\"@type\":\"WebPage\",\"@id\":\"https:\/\/monlacata.cetrexmarketing.com\/producto\/castell-d-olerdola-brut-rose\/\",\"url\":\"https:\/\/monlacata.cetrexmarketing.com\/producto\/castell-d-olerdola-brut-rose\/\",\"name\":\"Castell d'Ol\u00e8rdola Brut Ros\u00e9 cava\",\"isPartOf\":{\"@id\":\"https:\/\/monlacata.cetrexmarketing.com\/#website\"},\"primaryImageOfPage\":{\"@id\":\"https:\/\/monlacata.cetrexmarketing.com\/producto\/castell-d-olerdola-brut-rose\/#primaryimage\"},\"image\":{\"@id\":\"https:\/\/monlacata.cetrexmarketing.com\/producto\/castell-d-olerdola-brut-rose\/#primaryimage\"},\"thumbnailUrl\":\"https:\/\/monlacata.cetrexmarketing.com\/wp-content\/uploads\/2017\/03\/CASTELL-OLERDOLA-ROSE.jpg.png\",\"datePublished\":\"2017-03-07T17:25:02+00:00\",\"dateModified\":\"2024-05-29T04:31:05+00:00\",\"description\":\"Comprar online a bon preu el cava rosat Castell d'Ol\u00e8rdola Brut de la DO Cava. Confian\u00e7a, rapidesa i seguretat defineixen la web i la nostra vinoteca.\",\"breadcrumb\":{\"@id\":\"https:\/\/monlacata.cetrexmarketing.com\/producto\/castell-d-olerdola-brut-rose\/#breadcrumb\"},\"inLanguage\":\"ca\",\"potentialAction\":[{\"@type\":\"ReadAction\",\"target\":[\"https:\/\/monlacata.cetrexmarketing.com\/producto\/castell-d-olerdola-brut-rose\/\"]}]},{\"@type\":\"ImageObject\",\"inLanguage\":\"ca\",\"@id\":\"https:\/\/monlacata.cetrexmarketing.com\/producto\/castell-d-olerdola-brut-rose\/#primaryimage\",\"url\":\"https:\/\/monlacata.cetrexmarketing.com\/wp-content\/uploads\/2017\/03\/CASTELL-OLERDOLA-ROSE.jpg.png\",\"contentUrl\":\"https:\/\/monlacata.cetrexmarketing.com\/wp-content\/uploads\/2017\/03\/CASTELL-OLERDOLA-ROSE.jpg.png\",\"width\":765,\"height\":1024,\"caption\":\"CASTELL OLERDOLA ROSE.jpg\"},{\"@type\":\"BreadcrumbList\",\"@id\":\"https:\/\/monlacata.cetrexmarketing.com\/producto\/castell-d-olerdola-brut-rose\/#breadcrumb\",\"itemListElement\":[{\"@type\":\"ListItem\",\"position\":1,\"name\":\"Home\",\"item\":\"https:\/\/monlacata.cetrexmarketing.com\/ca\/\"},{\"@type\":\"ListItem\",\"position\":2,\"name\":\"Tienda\",\"item\":\"https:\/\/monlacata.cetrexmarketing.com\/ca\/tienda-2\/\"},{\"@type\":\"ListItem\",\"position\":3,\"name\":\"Vi Escum\u00f3s\",\"item\":\"https:\/\/monlacata.cetrexmarketing.com\/categoria-producto\/home-ca\/vi-escumos-ca\/\"},{\"@type\":\"ListItem\",\"position\":4,\"name\":\"Cava\",\"item\":\"https:\/\/monlacata.cetrexmarketing.com\/ca\/categoria-producto\/home-ca\/vi-escumos-ca\/cava-ca\/\"},{\"@type\":\"ListItem\",\"position\":5,\"name\":\"Cava Rosat\",\"item\":\"https:\/\/monlacata.cetrexmarketing.com\/ca\/categoria-producto\/vi-escumos-ca\/cava-ca\/cava-rosat-ca\/\"},{\"@type\":\"ListItem\",\"position\":6,\"name\":\"Castell d’Ol\u00e8rdola Brut Ros\u00e9\"}]},{\"@type\":\"WebSite\",\"@id\":\"https:\/\/monlacata.cetrexmarketing.com\/#website\",\"url\":\"https:\/\/monlacata.cetrexmarketing.com\/\",\"name\":\"M\u00f3n La Cata\",\"description\":\"Tienda de vinos, licores, cervezas y gourmet\",\"publisher\":{\"@id\":\"https:\/\/monlacata.cetrexmarketing.com\/#organization\"},\"potentialAction\":[{\"@type\":\"SearchAction\",\"target\":{\"@type\":\"EntryPoint\",\"urlTemplate\":\"https:\/\/monlacata.cetrexmarketing.com\/?s={search_term_string}\"},\"query-input\":{\"@type\":\"PropertyValueSpecification\",\"valueRequired\":true,\"valueName\":\"search_term_string\"}}],\"inLanguage\":\"ca\"},{\"@type\":\"Organization\",\"@id\":\"https:\/\/monlacata.cetrexmarketing.com\/#organization\",\"name\":\"M\u00f3n La Cata\",\"url\":\"https:\/\/monlacata.cetrexmarketing.com\/\",\"logo\":{\"@type\":\"ImageObject\",\"inLanguage\":\"ca\",\"@id\":\"https:\/\/monlacata.cetrexmarketing.com\/#\/schema\/logo\/image\/\",\"url\":\"https:\/\/monlacata.cetrexmarketing.com\/wp-content\/uploads\/2024\/02\/monlacata-logo-blanc.png\",\"contentUrl\":\"https:\/\/monlacata.cetrexmarketing.com\/wp-content\/uploads\/2024\/02\/monlacata-logo-blanc.png\",\"width\":454,\"height\":193,\"caption\":\"M\u00f3n La Cata\"},\"image\":{\"@id\":\"https:\/\/monlacata.cetrexmarketing.com\/#\/schema\/logo\/image\/\"}}]}<\/script>\n<!-- \/ Yoast SEO Premium plugin. -->","yoast_head_json":{"title":"Castell d'Ol\u00e8rdola Brut Ros\u00e9 cava","description":"Comprar online a bon preu el cava rosat Castell d'Ol\u00e8rdola Brut de la DO Cava. Confian\u00e7a, rapidesa i seguretat defineixen la web i la nostra vinoteca.","robots":{"index":"noindex","follow":"follow","max-snippet":"max-snippet:-1","max-image-preview":"max-image-preview:large","max-video-preview":"max-video-preview:-1"},"og_locale":"ca_ES","og_type":"article","og_title":"Castell d'Ol\u00e8rdola Brut Ros\u00e9","og_description":"Comprar online a bon preu el cava rosat Castell d'Ol\u00e8rdola Brut de la DO Cava. Confian\u00e7a, rapidesa i seguretat defineixen la web i la nostra vinoteca.","og_url":"https:\/\/monlacata.cetrexmarketing.com\/producto\/castell-d-olerdola-brut-rose\/","og_site_name":"M\u00f3n La Cata","article_modified_time":"2024-05-29T04:31:05+00:00","og_image":[{"width":765,"height":1024,"url":"https:\/\/monlacata.cetrexmarketing.com\/wp-content\/uploads\/2017\/03\/CASTELL-OLERDOLA-ROSE.jpg.png","type":"image\/png"}],"twitter_card":"summary_large_image","schema":{"@context":"https:\/\/schema.org","@graph":[{"@type":"WebPage","@id":"https:\/\/monlacata.cetrexmarketing.com\/producto\/castell-d-olerdola-brut-rose\/","url":"https:\/\/monlacata.cetrexmarketing.com\/producto\/castell-d-olerdola-brut-rose\/","name":"Castell d'Ol\u00e8rdola Brut Ros\u00e9 cava","isPartOf":{"@id":"https:\/\/monlacata.cetrexmarketing.com\/#website"},"primaryImageOfPage":{"@id":"https:\/\/monlacata.cetrexmarketing.com\/producto\/castell-d-olerdola-brut-rose\/#primaryimage"},"image":{"@id":"https:\/\/monlacata.cetrexmarketing.com\/producto\/castell-d-olerdola-brut-rose\/#primaryimage"},"thumbnailUrl":"https:\/\/monlacata.cetrexmarketing.com\/wp-content\/uploads\/2017\/03\/CASTELL-OLERDOLA-ROSE.jpg.png","datePublished":"2017-03-07T17:25:02+00:00","dateModified":"2024-05-29T04:31:05+00:00","description":"Comprar online a bon preu el cava rosat Castell d'Ol\u00e8rdola Brut de la DO Cava. Confian\u00e7a, rapidesa i seguretat defineixen la web i la nostra vinoteca.","breadcrumb":{"@id":"https:\/\/monlacata.cetrexmarketing.com\/producto\/castell-d-olerdola-brut-rose\/#breadcrumb"},"inLanguage":"ca","potentialAction":[{"@type":"ReadAction","target":["https:\/\/monlacata.cetrexmarketing.com\/producto\/castell-d-olerdola-brut-rose\/"]}]},{"@type":"ImageObject","inLanguage":"ca","@id":"https:\/\/monlacata.cetrexmarketing.com\/producto\/castell-d-olerdola-brut-rose\/#primaryimage","url":"https:\/\/monlacata.cetrexmarketing.com\/wp-content\/uploads\/2017\/03\/CASTELL-OLERDOLA-ROSE.jpg.png","contentUrl":"https:\/\/monlacata.cetrexmarketing.com\/wp-content\/uploads\/2017\/03\/CASTELL-OLERDOLA-ROSE.jpg.png","width":765,"height":1024,"caption":"CASTELL OLERDOLA ROSE.jpg"},{"@type":"BreadcrumbList","@id":"https:\/\/monlacata.cetrexmarketing.com\/producto\/castell-d-olerdola-brut-rose\/#breadcrumb","itemListElement":[{"@type":"ListItem","position":1,"name":"Home","item":"https:\/\/monlacata.cetrexmarketing.com\/ca\/"},{"@type":"ListItem","position":2,"name":"Tienda","item":"https:\/\/monlacata.cetrexmarketing.com\/ca\/tienda-2\/"},{"@type":"ListItem","position":3,"name":"Vi Escum\u00f3s","item":"https:\/\/monlacata.cetrexmarketing.com\/categoria-producto\/home-ca\/vi-escumos-ca\/"},{"@type":"ListItem","position":4,"name":"Cava","item":"https:\/\/monlacata.cetrexmarketing.com\/ca\/categoria-producto\/home-ca\/vi-escumos-ca\/cava-ca\/"},{"@type":"ListItem","position":5,"name":"Cava Rosat","item":"https:\/\/monlacata.cetrexmarketing.com\/ca\/categoria-producto\/vi-escumos-ca\/cava-ca\/cava-rosat-ca\/"},{"@type":"ListItem","position":6,"name":"Castell d’Ol\u00e8rdola Brut Ros\u00e9"}]},{"@type":"WebSite","@id":"https:\/\/monlacata.cetrexmarketing.com\/#website","url":"https:\/\/monlacata.cetrexmarketing.com\/","name":"M\u00f3n La Cata","description":"Tienda de vinos, licores, cervezas y gourmet","publisher":{"@id":"https:\/\/monlacata.cetrexmarketing.com\/#organization"},"potentialAction":[{"@type":"SearchAction","target":{"@type":"EntryPoint","urlTemplate":"https:\/\/monlacata.cetrexmarketing.com\/?s={search_term_string}"},"query-input":{"@type":"PropertyValueSpecification","valueRequired":true,"valueName":"search_term_string"}}],"inLanguage":"ca"},{"@type":"Organization","@id":"https:\/\/monlacata.cetrexmarketing.com\/#organization","name":"M\u00f3n La Cata","url":"https:\/\/monlacata.cetrexmarketing.com\/","logo":{"@type":"ImageObject","inLanguage":"ca","@id":"https:\/\/monlacata.cetrexmarketing.com\/#\/schema\/logo\/image\/","url":"https:\/\/monlacata.cetrexmarketing.com\/wp-content\/uploads\/2024\/02\/monlacata-logo-blanc.png","contentUrl":"https:\/\/monlacata.cetrexmarketing.com\/wp-content\/uploads\/2024\/02\/monlacata-logo-blanc.png","width":454,"height":193,"caption":"M\u00f3n La Cata"},"image":{"@id":"https:\/\/monlacata.cetrexmarketing.com\/#\/schema\/logo\/image\/"}}]}},"brands":[{"id":45516,"name":"Castell d'Ol\u00e8rdola","slug":"castell-dolerdola"},{"id":32909,"name":"Cava D.O.","slug":"cava-d-o"}],"tiered_pricing_type":"fixed","tiered_pricing_fixed_rules":[],"tiered_pricing_product_settings":{"layout":"default","base_unit_name":{"singular":null,"plural":null},"default_variation":null},"tiered_pricing_minimum_quantity":1,"tiered_pricing_roles_data":[],"tiered_pricing_percentage_rules":[],"tiered_pricing_maximum_quantity":null,"tiered_pricing_quantity_step":null,"_links":{"self":[{"href":"https:\/\/monlacata.cetrexmarketing.com\/ca\/wp-json\/wp\/v2\/product\/42459","targetHints":{"allow":["GET"]}}],"collection":[{"href":"https:\/\/monlacata.cetrexmarketing.com\/ca\/wp-json\/wp\/v2\/product"}],"about":[{"href":"https:\/\/monlacata.cetrexmarketing.com\/ca\/wp-json\/wp\/v2\/types\/product"}],"replies":[{"embeddable":true,"href":"https:\/\/monlacata.cetrexmarketing.com\/ca\/wp-json\/wp\/v2\/comments?post=42459"}],"wp:featuredmedia":[{"embeddable":true,"href":"https:\/\/monlacata.cetrexmarketing.com\/ca\/wp-json\/wp\/v2\/media\/67988"}],"wp:attachment":[{"href":"https:\/\/monlacata.cetrexmarketing.com\/ca\/wp-json\/wp\/v2\/media?parent=42459"}],"wp:term":[{"taxonomy":"pwb-brand","embeddable":true,"href":"https:\/\/monlacata.cetrexmarketing.com\/ca\/wp-json\/wp\/v2\/pwb-brand?post=42459"},{"taxonomy":"product_cat","embeddable":true,"href":"https:\/\/monlacata.cetrexmarketing.com\/ca\/wp-json\/wp\/v2\/product_cat?post=42459"},{"taxonomy":"product_tag","embeddable":true,"href":"https:\/\/monlacata.cetrexmarketing.com\/ca\/wp-json\/wp\/v2\/product_tag?post=42459"}],"curies":[{"name":"wp","href":"https:\/\/api.w.org\/{rel}","templated":true}]}}