{"id":42553,"date":"2017-03-07T17:25:02","date_gmt":"2017-03-07T17:25:02","guid":{"rendered":"https:\/\/monlacata.cetrexmarketing.com\/producto\/gregal-d-espiells\/"},"modified":"2024-05-29T04:30:58","modified_gmt":"2024-05-29T04:30:58","slug":"gregal-d-espiells","status":"publish","type":"product","link":"https:\/\/monlacata.cetrexmarketing.com\/ca\/producto\/gregal-d-espiells\/","title":{"rendered":"Gregal d&#8217;Espiells"},"content":{"rendered":"<p>Gregal d&#8217;Espiells armonitza perfectament amb aperitius, arrossos, formatges suaus, foies, peixos i cuina asi\u00e0tica.<\/p>\n","protected":false},"excerpt":{"rendered":"<p>Gregal d&#8217;Espiells \u00e9s fresc i equilibrat, amb una acidesa notable que aporta un toc vibrant a la fruita i una textura cremosa que li confereix suavitat i eleg\u00e0ncia. Harmonitza perfectament amb aperitius, arrossos, formatges suaus, foies, peixos i cuina asi\u00e0tica.<\/p>\n","protected":false},"featured_media":85049,"comment_status":"closed","ping_status":"closed","template":"","meta":{"_acf_changed":false},"pwb-brand":[44771,32895],"product_cat":[52314,33020,33092],"product_tag":[],"class_list":{"0":"post-42553","1":"product","2":"type-product","3":"status-publish","4":"has-post-thumbnail","6":"pwb-brand-juve-camps","7":"pwb-brand-penedes-d-o","8":"product_cat-rebaixes","9":"product_cat-vi-ca","10":"product_cat-vino-blanco-ca","11":"pa_anada-2022-ca","12":"pa_bodega-juvecamps-ca","13":"pa_do-penedes-d-o-ca","14":"pa_ecologico-vegano-natural-ecologic","15":"pa_envejecimiento-jove","16":"pa_floral-blanc-floral","17":"pa_formatoenl-075-ca","18":"pa_formatoenml-750-ca","19":"pa_graduacion-12_0-ca","20":"pa_maridaje-marisc","21":"pa_maridaje-peix","22":"pa_pais-espanya-ca","23":"pa_pesoengramos-1250-ca","24":"pa_pesoenkg-125-ca-2","25":"pa_region-cataluna-ca","26":"pa_variedad-principal-gewurztraminer-ca-2","27":"pa_variedad-principal-moscatell-dalexandria","28":"pa_variedades-5d-moscatelldalexandriaigewur","29":"entry","30":"has-media","32":"first","33":"instock","34":"sale","35":"taxable","36":"shipping-taxable","37":"purchasable","38":"product-type-simple"},"acf":[],"yoast_head":"<!-- This site is optimized with the Yoast SEO Premium plugin v23.1 (Yoast SEO v24.1) - https:\/\/yoast.com\/wordpress\/plugins\/seo\/ -->\n<title>Gregal d&#039;Espiells<\/title>\n<meta name=\"description\" content=\"Gregal d&#039;Espiells. do Pened\u00e8s. Vino afrutado elaborado a partir de las arom\u00e1ticas variedades moscatel de Alejandr\u00eda y gew\u00fcrztraminer.\" \/>\n<meta name=\"robots\" content=\"noindex, follow, max-snippet:-1, max-image-preview:large, max-video-preview:-1\" \/>\n<meta property=\"og:locale\" content=\"ca_ES\" \/>\n<meta property=\"og:type\" content=\"article\" \/>\n<meta property=\"og:title\" content=\"Gregal d&#039;Espiells\" \/>\n<meta property=\"og:description\" content=\"Gregal d&#039;Espiells. do Pened\u00e8s. Vino afrutado elaborado a partir de las arom\u00e1ticas variedades moscatel de Alejandr\u00eda y gew\u00fcrztraminer.\" \/>\n<meta property=\"og:url\" content=\"https:\/\/monlacata.cetrexmarketing.com\/producto\/gregal-despiells\/\" \/>\n<meta property=\"og:site_name\" content=\"M\u00f3n La Cata\" \/>\n<meta property=\"article:modified_time\" content=\"2024-05-29T04:30:58+00:00\" \/>\n<meta property=\"og:image\" content=\"https:\/\/monlacata.cetrexmarketing.com\/wp-content\/uploads\/2017\/03\/Espiells-Gregal.png\" \/>\n\t<meta property=\"og:image:width\" content=\"765\" \/>\n\t<meta property=\"og:image:height\" content=\"1024\" \/>\n\t<meta property=\"og:image:type\" content=\"image\/png\" \/>\n<meta name=\"twitter:card\" content=\"summary_large_image\" \/>\n<script type=\"application\/ld+json\" class=\"yoast-schema-graph\">{\"@context\":\"https:\/\/schema.org\",\"@graph\":[{\"@type\":\"WebPage\",\"@id\":\"https:\/\/monlacata.cetrexmarketing.com\/producto\/gregal-despiells\/\",\"url\":\"https:\/\/monlacata.cetrexmarketing.com\/producto\/gregal-despiells\/\",\"name\":\"Gregal d'Espiells\",\"isPartOf\":{\"@id\":\"https:\/\/monlacata.cetrexmarketing.com\/#website\"},\"primaryImageOfPage\":{\"@id\":\"https:\/\/monlacata.cetrexmarketing.com\/producto\/gregal-despiells\/#primaryimage\"},\"image\":{\"@id\":\"https:\/\/monlacata.cetrexmarketing.com\/producto\/gregal-despiells\/#primaryimage\"},\"thumbnailUrl\":\"https:\/\/monlacata.cetrexmarketing.com\/wp-content\/uploads\/2017\/03\/Espiells-Gregal.png\",\"datePublished\":\"2017-03-07T17:25:02+00:00\",\"dateModified\":\"2024-05-29T04:30:58+00:00\",\"description\":\"Gregal d'Espiells. do Pened\u00e8s. Vino afrutado elaborado a partir de las arom\u00e1ticas variedades moscatel de Alejandr\u00eda y gew\u00fcrztraminer.\",\"breadcrumb\":{\"@id\":\"https:\/\/monlacata.cetrexmarketing.com\/producto\/gregal-despiells\/#breadcrumb\"},\"inLanguage\":\"ca\",\"potentialAction\":[{\"@type\":\"ReadAction\",\"target\":[\"https:\/\/monlacata.cetrexmarketing.com\/producto\/gregal-despiells\/\"]}]},{\"@type\":\"ImageObject\",\"inLanguage\":\"ca\",\"@id\":\"https:\/\/monlacata.cetrexmarketing.com\/producto\/gregal-despiells\/#primaryimage\",\"url\":\"https:\/\/monlacata.cetrexmarketing.com\/wp-content\/uploads\/2017\/03\/Espiells-Gregal.png\",\"contentUrl\":\"https:\/\/monlacata.cetrexmarketing.com\/wp-content\/uploads\/2017\/03\/Espiells-Gregal.png\",\"width\":765,\"height\":1024,\"caption\":\"Espiells-Gregal\"},{\"@type\":\"BreadcrumbList\",\"@id\":\"https:\/\/monlacata.cetrexmarketing.com\/producto\/gregal-despiells\/#breadcrumb\",\"itemListElement\":[{\"@type\":\"ListItem\",\"position\":1,\"name\":\"Home\",\"item\":\"https:\/\/monlacata.cetrexmarketing.com\/ca\/\"},{\"@type\":\"ListItem\",\"position\":2,\"name\":\"Tienda\",\"item\":\"https:\/\/monlacata.cetrexmarketing.com\/ca\/tienda-2\/\"},{\"@type\":\"ListItem\",\"position\":3,\"name\":\"Botiga\",\"item\":\"https:\/\/monlacata.cetrexmarketing.com\/ca\/categoria-producto\/botiga\/\"},{\"@type\":\"ListItem\",\"position\":4,\"name\":\"Rebaixes\",\"item\":\"https:\/\/monlacata.cetrexmarketing.com\/ca\/categoria-producto\/botiga\/rebaixes\/\"},{\"@type\":\"ListItem\",\"position\":5,\"name\":\"Gregal d&#8217;Espiells\"}]},{\"@type\":\"WebSite\",\"@id\":\"https:\/\/monlacata.cetrexmarketing.com\/#website\",\"url\":\"https:\/\/monlacata.cetrexmarketing.com\/\",\"name\":\"M\u00f3n La Cata\",\"description\":\"Tienda de vinos, licores, cervezas y gourmet\",\"publisher\":{\"@id\":\"https:\/\/monlacata.cetrexmarketing.com\/#organization\"},\"potentialAction\":[{\"@type\":\"SearchAction\",\"target\":{\"@type\":\"EntryPoint\",\"urlTemplate\":\"https:\/\/monlacata.cetrexmarketing.com\/?s={search_term_string}\"},\"query-input\":{\"@type\":\"PropertyValueSpecification\",\"valueRequired\":true,\"valueName\":\"search_term_string\"}}],\"inLanguage\":\"ca\"},{\"@type\":\"Organization\",\"@id\":\"https:\/\/monlacata.cetrexmarketing.com\/#organization\",\"name\":\"M\u00f3n La Cata\",\"url\":\"https:\/\/monlacata.cetrexmarketing.com\/\",\"logo\":{\"@type\":\"ImageObject\",\"inLanguage\":\"ca\",\"@id\":\"https:\/\/monlacata.cetrexmarketing.com\/#\/schema\/logo\/image\/\",\"url\":\"https:\/\/monlacata.cetrexmarketing.com\/wp-content\/uploads\/2024\/02\/monlacata-logo-blanc.png\",\"contentUrl\":\"https:\/\/monlacata.cetrexmarketing.com\/wp-content\/uploads\/2024\/02\/monlacata-logo-blanc.png\",\"width\":454,\"height\":193,\"caption\":\"M\u00f3n La Cata\"},\"image\":{\"@id\":\"https:\/\/monlacata.cetrexmarketing.com\/#\/schema\/logo\/image\/\"}}]}<\/script>\n<!-- \/ Yoast SEO Premium plugin. -->","yoast_head_json":{"title":"Gregal d'Espiells","description":"Gregal d'Espiells. do Pened\u00e8s. Vino afrutado elaborado a partir de las arom\u00e1ticas variedades moscatel de Alejandr\u00eda y gew\u00fcrztraminer.","robots":{"index":"noindex","follow":"follow","max-snippet":"max-snippet:-1","max-image-preview":"max-image-preview:large","max-video-preview":"max-video-preview:-1"},"og_locale":"ca_ES","og_type":"article","og_title":"Gregal d'Espiells","og_description":"Gregal d'Espiells. do Pened\u00e8s. Vino afrutado elaborado a partir de las arom\u00e1ticas variedades moscatel de Alejandr\u00eda y gew\u00fcrztraminer.","og_url":"https:\/\/monlacata.cetrexmarketing.com\/producto\/gregal-despiells\/","og_site_name":"M\u00f3n La Cata","article_modified_time":"2024-05-29T04:30:58+00:00","og_image":[{"width":765,"height":1024,"url":"https:\/\/monlacata.cetrexmarketing.com\/wp-content\/uploads\/2017\/03\/Espiells-Gregal.png","type":"image\/png"}],"twitter_card":"summary_large_image","schema":{"@context":"https:\/\/schema.org","@graph":[{"@type":"WebPage","@id":"https:\/\/monlacata.cetrexmarketing.com\/producto\/gregal-despiells\/","url":"https:\/\/monlacata.cetrexmarketing.com\/producto\/gregal-despiells\/","name":"Gregal d'Espiells","isPartOf":{"@id":"https:\/\/monlacata.cetrexmarketing.com\/#website"},"primaryImageOfPage":{"@id":"https:\/\/monlacata.cetrexmarketing.com\/producto\/gregal-despiells\/#primaryimage"},"image":{"@id":"https:\/\/monlacata.cetrexmarketing.com\/producto\/gregal-despiells\/#primaryimage"},"thumbnailUrl":"https:\/\/monlacata.cetrexmarketing.com\/wp-content\/uploads\/2017\/03\/Espiells-Gregal.png","datePublished":"2017-03-07T17:25:02+00:00","dateModified":"2024-05-29T04:30:58+00:00","description":"Gregal d'Espiells. do Pened\u00e8s. Vino afrutado elaborado a partir de las arom\u00e1ticas variedades moscatel de Alejandr\u00eda y gew\u00fcrztraminer.","breadcrumb":{"@id":"https:\/\/monlacata.cetrexmarketing.com\/producto\/gregal-despiells\/#breadcrumb"},"inLanguage":"ca","potentialAction":[{"@type":"ReadAction","target":["https:\/\/monlacata.cetrexmarketing.com\/producto\/gregal-despiells\/"]}]},{"@type":"ImageObject","inLanguage":"ca","@id":"https:\/\/monlacata.cetrexmarketing.com\/producto\/gregal-despiells\/#primaryimage","url":"https:\/\/monlacata.cetrexmarketing.com\/wp-content\/uploads\/2017\/03\/Espiells-Gregal.png","contentUrl":"https:\/\/monlacata.cetrexmarketing.com\/wp-content\/uploads\/2017\/03\/Espiells-Gregal.png","width":765,"height":1024,"caption":"Espiells-Gregal"},{"@type":"BreadcrumbList","@id":"https:\/\/monlacata.cetrexmarketing.com\/producto\/gregal-despiells\/#breadcrumb","itemListElement":[{"@type":"ListItem","position":1,"name":"Home","item":"https:\/\/monlacata.cetrexmarketing.com\/ca\/"},{"@type":"ListItem","position":2,"name":"Tienda","item":"https:\/\/monlacata.cetrexmarketing.com\/ca\/tienda-2\/"},{"@type":"ListItem","position":3,"name":"Botiga","item":"https:\/\/monlacata.cetrexmarketing.com\/ca\/categoria-producto\/botiga\/"},{"@type":"ListItem","position":4,"name":"Rebaixes","item":"https:\/\/monlacata.cetrexmarketing.com\/ca\/categoria-producto\/botiga\/rebaixes\/"},{"@type":"ListItem","position":5,"name":"Gregal d&#8217;Espiells"}]},{"@type":"WebSite","@id":"https:\/\/monlacata.cetrexmarketing.com\/#website","url":"https:\/\/monlacata.cetrexmarketing.com\/","name":"M\u00f3n La Cata","description":"Tienda de vinos, licores, cervezas y gourmet","publisher":{"@id":"https:\/\/monlacata.cetrexmarketing.com\/#organization"},"potentialAction":[{"@type":"SearchAction","target":{"@type":"EntryPoint","urlTemplate":"https:\/\/monlacata.cetrexmarketing.com\/?s={search_term_string}"},"query-input":{"@type":"PropertyValueSpecification","valueRequired":true,"valueName":"search_term_string"}}],"inLanguage":"ca"},{"@type":"Organization","@id":"https:\/\/monlacata.cetrexmarketing.com\/#organization","name":"M\u00f3n La Cata","url":"https:\/\/monlacata.cetrexmarketing.com\/","logo":{"@type":"ImageObject","inLanguage":"ca","@id":"https:\/\/monlacata.cetrexmarketing.com\/#\/schema\/logo\/image\/","url":"https:\/\/monlacata.cetrexmarketing.com\/wp-content\/uploads\/2024\/02\/monlacata-logo-blanc.png","contentUrl":"https:\/\/monlacata.cetrexmarketing.com\/wp-content\/uploads\/2024\/02\/monlacata-logo-blanc.png","width":454,"height":193,"caption":"M\u00f3n La Cata"},"image":{"@id":"https:\/\/monlacata.cetrexmarketing.com\/#\/schema\/logo\/image\/"}}]}},"brands":[{"id":44771,"name":"Juv\u00e9 &amp; Camps","slug":"juve-camps"},{"id":32895,"name":"Pened\u00e8s D.O.","slug":"penedes-d-o"}],"tiered_pricing_type":"fixed","tiered_pricing_fixed_rules":[],"tiered_pricing_product_settings":{"layout":"default","base_unit_name":{"singular":null,"plural":null},"default_variation":null},"tiered_pricing_minimum_quantity":null,"tiered_pricing_roles_data":[],"tiered_pricing_percentage_rules":[],"tiered_pricing_maximum_quantity":null,"tiered_pricing_quantity_step":null,"_links":{"self":[{"href":"https:\/\/monlacata.cetrexmarketing.com\/ca\/wp-json\/wp\/v2\/product\/42553","targetHints":{"allow":["GET"]}}],"collection":[{"href":"https:\/\/monlacata.cetrexmarketing.com\/ca\/wp-json\/wp\/v2\/product"}],"about":[{"href":"https:\/\/monlacata.cetrexmarketing.com\/ca\/wp-json\/wp\/v2\/types\/product"}],"replies":[{"embeddable":true,"href":"https:\/\/monlacata.cetrexmarketing.com\/ca\/wp-json\/wp\/v2\/comments?post=42553"}],"wp:featuredmedia":[{"embeddable":true,"href":"https:\/\/monlacata.cetrexmarketing.com\/ca\/wp-json\/wp\/v2\/media\/85049"}],"wp:attachment":[{"href":"https:\/\/monlacata.cetrexmarketing.com\/ca\/wp-json\/wp\/v2\/media?parent=42553"}],"wp:term":[{"taxonomy":"pwb-brand","embeddable":true,"href":"https:\/\/monlacata.cetrexmarketing.com\/ca\/wp-json\/wp\/v2\/pwb-brand?post=42553"},{"taxonomy":"product_cat","embeddable":true,"href":"https:\/\/monlacata.cetrexmarketing.com\/ca\/wp-json\/wp\/v2\/product_cat?post=42553"},{"taxonomy":"product_tag","embeddable":true,"href":"https:\/\/monlacata.cetrexmarketing.com\/ca\/wp-json\/wp\/v2\/product_tag?post=42553"}],"curies":[{"name":"wp","href":"https:\/\/api.w.org\/{rel}","templated":true}]}}