{"id":42955,"date":"2017-06-19T17:05:06","date_gmt":"2017-06-19T17:05:06","guid":{"rendered":"https:\/\/monlacata.cetrexmarketing.com\/producto\/albet-i-noya-3-macabeus\/"},"modified":"2025-12-01T17:52:27","modified_gmt":"2025-12-01T17:52:27","slug":"albet-i-noya-3-macabeus","status":"publish","type":"product","link":"https:\/\/monlacata.cetrexmarketing.com\/ca\/producto\/albet-i-noya-3-macabeus\/","title":{"rendered":"Albet i Noya 3 Macabeus"},"content":{"rendered":"<p dir=\"ltr\">3 Macabeus \u00e9s un vi que marca tend\u00e8ncia, \u00e9s un vi que ens parla de l&#8217;expressi\u00f3 perduda del Macabeu. Aquest Macabeu prov\u00e9 de tres finques de vinyes velles en terrenys calcari argilosos. \u00c9s un vi fresc i c\u00edtric, amb un lleuger i molt agradable toc vegetal.<\/p>\n<p dir=\"ltr\">Maridaria perfecte amb formatges de pasta tova i graellada de verdures.<\/p>\n","protected":false},"excerpt":{"rendered":"<p dir=\"ltr\">3 Macabeus \u00e9s un vi que marca tend\u00e8ncia, \u00e9s un vi que ens parla de l&#8217;expressi\u00f3 perduda del Macabeu. Aquest Macabeu prov\u00e9 de tres finques de vinyes velles en terrenys calcari argilosos. \u00c9s un vi fresc i c\u00edtric, amb un lleuger i molt agradable toc vegetal.<\/p>\n<p dir=\"ltr\">Maridaria perfecte amb formatges de pasta tova i graellada de verdures.<\/p>\n","protected":false},"featured_media":72015,"comment_status":"closed","ping_status":"closed","template":"","meta":{"_acf_changed":false},"pwb-brand":[32895],"product_cat":[33020,33092,33048],"product_tag":[15970,52337,48480,50546,52174,50324,50331,48482,48481],"class_list":{"0":"post-42955","1":"product","2":"type-product","3":"status-publish","4":"has-post-thumbnail","6":"pwb-brand-penedes-d-o","7":"product_cat-vi-ca","8":"product_cat-vino-blanco-ca","9":"product_cat-ecologic-ca","10":"product_tag-3-macabeus-ca","11":"product_tag-do-penedes-ca-2","12":"product_tag-ecologic","13":"product_tag-macabeu-ca","14":"product_tag-penedes-ca-2","15":"product_tag-vi-ca-2","16":"product_tag-vi-blanc-ca-2","17":"product_tag-vi-blanc-ecologic-ca","18":"product_tag-vi-ecologic-ca","19":"pa_anada-2024-ca","20":"pa_bodega-albet-i-noya-ca","21":"pa_certificado-certificat-dagricultura-ecologica","22":"pa_do-penedes-d-o-ca","23":"pa_ecologico-vegano-natural-vega","24":"pa_floral-blanc-floral","25":"pa_formatoenl-075-ca","26":"pa_formatoenml-750-ca","27":"pa_graduacion-12_0-ca","28":"pa_maridaje-marisc","29":"pa_maridaje-peix","30":"pa_pais-espanya-ca","31":"pa_pesoengramos-1250-ca","32":"pa_pesoenkg-125-ca-2","33":"pa_pueblociudad-santpaudordalbarcelona-ca","34":"pa_region-cataluna-ca","35":"pa_tipodevino-vi-tranquil","36":"pa_variedades-macabeo","37":"entry","38":"has-media","40":"first","41":"instock","42":"taxable","43":"shipping-taxable","44":"purchasable","45":"product-type-simple"},"acf":[],"yoast_head":"<!-- This site is optimized with the Yoast SEO Premium plugin v23.1 (Yoast SEO v24.1) - https:\/\/yoast.com\/wordpress\/plugins\/seo\/ -->\n<title>Albet i Noya 3 Macabeus<\/title>\n<meta name=\"description\" content=\"Prov\u00e9 de tres finques de vinyes velles en terrenys calcari argilosos. \u00c9s un vi fresc i c\u00edtric, amb un lleuger i molt agradable toc vegetal. 3 Macabeus !\" \/>\n<meta name=\"robots\" content=\"noindex, follow, max-snippet:-1, max-image-preview:large, max-video-preview:-1\" \/>\n<meta property=\"og:locale\" content=\"ca_ES\" \/>\n<meta property=\"og:type\" content=\"article\" \/>\n<meta property=\"og:title\" content=\"Albet i Noya 3 Macabeus\" \/>\n<meta property=\"og:description\" content=\"Prov\u00e9 de tres finques de vinyes velles en terrenys calcari argilosos. \u00c9s un vi fresc i c\u00edtric, amb un lleuger i molt agradable toc vegetal. 3 Macabeus !\" \/>\n<meta property=\"og:url\" content=\"https:\/\/monlacata.cetrexmarketing.com\/ca\/producto\/albet-i-noya-3-macabeus\/\" \/>\n<meta property=\"og:site_name\" content=\"M\u00f3n La Cata\" \/>\n<meta property=\"article:modified_time\" content=\"2025-12-01T17:52:27+00:00\" \/>\n<meta property=\"og:image\" content=\"https:\/\/monlacata.cetrexmarketing.com\/wp-content\/uploads\/2017\/06\/ALBET-I-NOYA-3-MACABEUS.jpg-1.png\" \/>\n\t<meta property=\"og:image:width\" content=\"765\" \/>\n\t<meta property=\"og:image:height\" content=\"1024\" \/>\n\t<meta property=\"og:image:type\" content=\"image\/png\" \/>\n<meta name=\"twitter:card\" content=\"summary_large_image\" \/>\n<meta name=\"twitter:label1\" content=\"Temps estimat de lectura\" \/>\n\t<meta name=\"twitter:data1\" content=\"1 minut\" \/>\n<script type=\"application\/ld+json\" class=\"yoast-schema-graph\">{\"@context\":\"https:\/\/schema.org\",\"@graph\":[{\"@type\":\"WebPage\",\"@id\":\"https:\/\/monlacata.cetrexmarketing.com\/ca\/producto\/albet-i-noya-3-macabeus\/\",\"url\":\"https:\/\/monlacata.cetrexmarketing.com\/ca\/producto\/albet-i-noya-3-macabeus\/\",\"name\":\"Albet i Noya 3 Macabeus\",\"isPartOf\":{\"@id\":\"https:\/\/monlacata.cetrexmarketing.com\/#website\"},\"primaryImageOfPage\":{\"@id\":\"https:\/\/monlacata.cetrexmarketing.com\/ca\/producto\/albet-i-noya-3-macabeus\/#primaryimage\"},\"image\":{\"@id\":\"https:\/\/monlacata.cetrexmarketing.com\/ca\/producto\/albet-i-noya-3-macabeus\/#primaryimage\"},\"thumbnailUrl\":\"https:\/\/monlacata.cetrexmarketing.com\/wp-content\/uploads\/2017\/06\/ALBET-I-NOYA-3-MACABEUS.jpg-1.png\",\"datePublished\":\"2017-06-19T17:05:06+00:00\",\"dateModified\":\"2025-12-01T17:52:27+00:00\",\"description\":\"Prov\u00e9 de tres finques de vinyes velles en terrenys calcari argilosos. \u00c9s un vi fresc i c\u00edtric, amb un lleuger i molt agradable toc vegetal. 3 Macabeus !\",\"breadcrumb\":{\"@id\":\"https:\/\/monlacata.cetrexmarketing.com\/ca\/producto\/albet-i-noya-3-macabeus\/#breadcrumb\"},\"inLanguage\":\"ca\",\"potentialAction\":[{\"@type\":\"ReadAction\",\"target\":[\"https:\/\/monlacata.cetrexmarketing.com\/ca\/producto\/albet-i-noya-3-macabeus\/\"]}]},{\"@type\":\"ImageObject\",\"inLanguage\":\"ca\",\"@id\":\"https:\/\/monlacata.cetrexmarketing.com\/ca\/producto\/albet-i-noya-3-macabeus\/#primaryimage\",\"url\":\"https:\/\/monlacata.cetrexmarketing.com\/wp-content\/uploads\/2017\/06\/ALBET-I-NOYA-3-MACABEUS.jpg-1.png\",\"contentUrl\":\"https:\/\/monlacata.cetrexmarketing.com\/wp-content\/uploads\/2017\/06\/ALBET-I-NOYA-3-MACABEUS.jpg-1.png\",\"width\":765,\"height\":1024,\"caption\":\"ALBET I NOYA 3 MACABEUS.jpg\"},{\"@type\":\"BreadcrumbList\",\"@id\":\"https:\/\/monlacata.cetrexmarketing.com\/ca\/producto\/albet-i-noya-3-macabeus\/#breadcrumb\",\"itemListElement\":[{\"@type\":\"ListItem\",\"position\":1,\"name\":\"Home\",\"item\":\"https:\/\/monlacata.cetrexmarketing.com\/ca\/\"},{\"@type\":\"ListItem\",\"position\":2,\"name\":\"Tienda\",\"item\":\"https:\/\/monlacata.cetrexmarketing.com\/ca\/tienda-2\/\"},{\"@type\":\"ListItem\",\"position\":3,\"name\":\"Vi\",\"item\":\"https:\/\/monlacata.cetrexmarketing.com\/categoria-producto\/home-ca\/vi-ca\/\"},{\"@type\":\"ListItem\",\"position\":4,\"name\":\"Vi Blanc\",\"item\":\"https:\/\/monlacata.cetrexmarketing.com\/ca\/categoria-producto\/home-ca\/vi-ca\/vino-blanco-ca\/\"},{\"@type\":\"ListItem\",\"position\":5,\"name\":\"Albet i Noya 3 Macabeus\"}]},{\"@type\":\"WebSite\",\"@id\":\"https:\/\/monlacata.cetrexmarketing.com\/#website\",\"url\":\"https:\/\/monlacata.cetrexmarketing.com\/\",\"name\":\"M\u00f3n La Cata\",\"description\":\"Tienda de vinos, licores, cervezas y gourmet\",\"publisher\":{\"@id\":\"https:\/\/monlacata.cetrexmarketing.com\/#organization\"},\"potentialAction\":[{\"@type\":\"SearchAction\",\"target\":{\"@type\":\"EntryPoint\",\"urlTemplate\":\"https:\/\/monlacata.cetrexmarketing.com\/?s={search_term_string}\"},\"query-input\":{\"@type\":\"PropertyValueSpecification\",\"valueRequired\":true,\"valueName\":\"search_term_string\"}}],\"inLanguage\":\"ca\"},{\"@type\":\"Organization\",\"@id\":\"https:\/\/monlacata.cetrexmarketing.com\/#organization\",\"name\":\"M\u00f3n La Cata\",\"url\":\"https:\/\/monlacata.cetrexmarketing.com\/\",\"logo\":{\"@type\":\"ImageObject\",\"inLanguage\":\"ca\",\"@id\":\"https:\/\/monlacata.cetrexmarketing.com\/#\/schema\/logo\/image\/\",\"url\":\"https:\/\/monlacata.cetrexmarketing.com\/wp-content\/uploads\/2024\/02\/monlacata-logo-blanc.png\",\"contentUrl\":\"https:\/\/monlacata.cetrexmarketing.com\/wp-content\/uploads\/2024\/02\/monlacata-logo-blanc.png\",\"width\":454,\"height\":193,\"caption\":\"M\u00f3n La Cata\"},\"image\":{\"@id\":\"https:\/\/monlacata.cetrexmarketing.com\/#\/schema\/logo\/image\/\"}}]}<\/script>\n<!-- \/ Yoast SEO Premium plugin. -->","yoast_head_json":{"title":"Albet i Noya 3 Macabeus","description":"Prov\u00e9 de tres finques de vinyes velles en terrenys calcari argilosos. \u00c9s un vi fresc i c\u00edtric, amb un lleuger i molt agradable toc vegetal. 3 Macabeus !","robots":{"index":"noindex","follow":"follow","max-snippet":"max-snippet:-1","max-image-preview":"max-image-preview:large","max-video-preview":"max-video-preview:-1"},"og_locale":"ca_ES","og_type":"article","og_title":"Albet i Noya 3 Macabeus","og_description":"Prov\u00e9 de tres finques de vinyes velles en terrenys calcari argilosos. \u00c9s un vi fresc i c\u00edtric, amb un lleuger i molt agradable toc vegetal. 3 Macabeus !","og_url":"https:\/\/monlacata.cetrexmarketing.com\/ca\/producto\/albet-i-noya-3-macabeus\/","og_site_name":"M\u00f3n La Cata","article_modified_time":"2025-12-01T17:52:27+00:00","og_image":[{"width":765,"height":1024,"url":"https:\/\/monlacata.cetrexmarketing.com\/wp-content\/uploads\/2017\/06\/ALBET-I-NOYA-3-MACABEUS.jpg-1.png","type":"image\/png"}],"twitter_card":"summary_large_image","twitter_misc":{"Temps estimat de lectura":"1 minut"},"schema":{"@context":"https:\/\/schema.org","@graph":[{"@type":"WebPage","@id":"https:\/\/monlacata.cetrexmarketing.com\/ca\/producto\/albet-i-noya-3-macabeus\/","url":"https:\/\/monlacata.cetrexmarketing.com\/ca\/producto\/albet-i-noya-3-macabeus\/","name":"Albet i Noya 3 Macabeus","isPartOf":{"@id":"https:\/\/monlacata.cetrexmarketing.com\/#website"},"primaryImageOfPage":{"@id":"https:\/\/monlacata.cetrexmarketing.com\/ca\/producto\/albet-i-noya-3-macabeus\/#primaryimage"},"image":{"@id":"https:\/\/monlacata.cetrexmarketing.com\/ca\/producto\/albet-i-noya-3-macabeus\/#primaryimage"},"thumbnailUrl":"https:\/\/monlacata.cetrexmarketing.com\/wp-content\/uploads\/2017\/06\/ALBET-I-NOYA-3-MACABEUS.jpg-1.png","datePublished":"2017-06-19T17:05:06+00:00","dateModified":"2025-12-01T17:52:27+00:00","description":"Prov\u00e9 de tres finques de vinyes velles en terrenys calcari argilosos. \u00c9s un vi fresc i c\u00edtric, amb un lleuger i molt agradable toc vegetal. 3 Macabeus !","breadcrumb":{"@id":"https:\/\/monlacata.cetrexmarketing.com\/ca\/producto\/albet-i-noya-3-macabeus\/#breadcrumb"},"inLanguage":"ca","potentialAction":[{"@type":"ReadAction","target":["https:\/\/monlacata.cetrexmarketing.com\/ca\/producto\/albet-i-noya-3-macabeus\/"]}]},{"@type":"ImageObject","inLanguage":"ca","@id":"https:\/\/monlacata.cetrexmarketing.com\/ca\/producto\/albet-i-noya-3-macabeus\/#primaryimage","url":"https:\/\/monlacata.cetrexmarketing.com\/wp-content\/uploads\/2017\/06\/ALBET-I-NOYA-3-MACABEUS.jpg-1.png","contentUrl":"https:\/\/monlacata.cetrexmarketing.com\/wp-content\/uploads\/2017\/06\/ALBET-I-NOYA-3-MACABEUS.jpg-1.png","width":765,"height":1024,"caption":"ALBET I NOYA 3 MACABEUS.jpg"},{"@type":"BreadcrumbList","@id":"https:\/\/monlacata.cetrexmarketing.com\/ca\/producto\/albet-i-noya-3-macabeus\/#breadcrumb","itemListElement":[{"@type":"ListItem","position":1,"name":"Home","item":"https:\/\/monlacata.cetrexmarketing.com\/ca\/"},{"@type":"ListItem","position":2,"name":"Tienda","item":"https:\/\/monlacata.cetrexmarketing.com\/ca\/tienda-2\/"},{"@type":"ListItem","position":3,"name":"Vi","item":"https:\/\/monlacata.cetrexmarketing.com\/categoria-producto\/home-ca\/vi-ca\/"},{"@type":"ListItem","position":4,"name":"Vi Blanc","item":"https:\/\/monlacata.cetrexmarketing.com\/ca\/categoria-producto\/home-ca\/vi-ca\/vino-blanco-ca\/"},{"@type":"ListItem","position":5,"name":"Albet i Noya 3 Macabeus"}]},{"@type":"WebSite","@id":"https:\/\/monlacata.cetrexmarketing.com\/#website","url":"https:\/\/monlacata.cetrexmarketing.com\/","name":"M\u00f3n La Cata","description":"Tienda de vinos, licores, cervezas y gourmet","publisher":{"@id":"https:\/\/monlacata.cetrexmarketing.com\/#organization"},"potentialAction":[{"@type":"SearchAction","target":{"@type":"EntryPoint","urlTemplate":"https:\/\/monlacata.cetrexmarketing.com\/?s={search_term_string}"},"query-input":{"@type":"PropertyValueSpecification","valueRequired":true,"valueName":"search_term_string"}}],"inLanguage":"ca"},{"@type":"Organization","@id":"https:\/\/monlacata.cetrexmarketing.com\/#organization","name":"M\u00f3n La Cata","url":"https:\/\/monlacata.cetrexmarketing.com\/","logo":{"@type":"ImageObject","inLanguage":"ca","@id":"https:\/\/monlacata.cetrexmarketing.com\/#\/schema\/logo\/image\/","url":"https:\/\/monlacata.cetrexmarketing.com\/wp-content\/uploads\/2024\/02\/monlacata-logo-blanc.png","contentUrl":"https:\/\/monlacata.cetrexmarketing.com\/wp-content\/uploads\/2024\/02\/monlacata-logo-blanc.png","width":454,"height":193,"caption":"M\u00f3n La Cata"},"image":{"@id":"https:\/\/monlacata.cetrexmarketing.com\/#\/schema\/logo\/image\/"}}]}},"brands":[{"id":32895,"name":"Pened\u00e8s D.O.","slug":"penedes-d-o"}],"tiered_pricing_type":"fixed","tiered_pricing_fixed_rules":[],"tiered_pricing_product_settings":{"layout":"default","base_unit_name":{"singular":null,"plural":null},"default_variation":null},"tiered_pricing_minimum_quantity":null,"tiered_pricing_roles_data":[],"tiered_pricing_percentage_rules":[],"tiered_pricing_maximum_quantity":null,"tiered_pricing_quantity_step":null,"_links":{"self":[{"href":"https:\/\/monlacata.cetrexmarketing.com\/ca\/wp-json\/wp\/v2\/product\/42955","targetHints":{"allow":["GET"]}}],"collection":[{"href":"https:\/\/monlacata.cetrexmarketing.com\/ca\/wp-json\/wp\/v2\/product"}],"about":[{"href":"https:\/\/monlacata.cetrexmarketing.com\/ca\/wp-json\/wp\/v2\/types\/product"}],"replies":[{"embeddable":true,"href":"https:\/\/monlacata.cetrexmarketing.com\/ca\/wp-json\/wp\/v2\/comments?post=42955"}],"wp:featuredmedia":[{"embeddable":true,"href":"https:\/\/monlacata.cetrexmarketing.com\/ca\/wp-json\/wp\/v2\/media\/72015"}],"wp:attachment":[{"href":"https:\/\/monlacata.cetrexmarketing.com\/ca\/wp-json\/wp\/v2\/media?parent=42955"}],"wp:term":[{"taxonomy":"pwb-brand","embeddable":true,"href":"https:\/\/monlacata.cetrexmarketing.com\/ca\/wp-json\/wp\/v2\/pwb-brand?post=42955"},{"taxonomy":"product_cat","embeddable":true,"href":"https:\/\/monlacata.cetrexmarketing.com\/ca\/wp-json\/wp\/v2\/product_cat?post=42955"},{"taxonomy":"product_tag","embeddable":true,"href":"https:\/\/monlacata.cetrexmarketing.com\/ca\/wp-json\/wp\/v2\/product_tag?post=42955"}],"curies":[{"name":"wp","href":"https:\/\/api.w.org\/{rel}","templated":true}]}}