{"id":43073,"date":"2017-06-19T17:05:06","date_gmt":"2017-06-19T17:05:06","guid":{"rendered":"https:\/\/monlacata.cetrexmarketing.com\/producto\/abadia-retuerta-rivola\/"},"modified":"2025-10-22T09:07:51","modified_gmt":"2025-10-22T09:07:51","slug":"abadia-retuerta-rivola","status":"publish","type":"product","link":"https:\/\/monlacata.cetrexmarketing.com\/ca\/producto\/abadia-retuerta-rivola\/","title":{"rendered":"Abadia Retuerta Rivola"},"content":{"rendered":"<p><strong> Abad\u00eda Retuerta rivola <\/strong><br \/>\n n<br \/>\n n <span style = \"font-weight: 400;\"> sinergia entre diverses tipologies de s\u00f2ls, varietats i t\u00e8cniques de maceraci\u00f3 convergeix a Rivola, un vi que apunta al cam\u00ed cap al futur de la viticultura al nostre pa\u00eds. <\/s\n n\n n <span style = \"font-weight: 400;\"> Despr\u00e9s de 12 mesos de maduraci\u00f3, aquest vi mostra una complexitat excepcional, la seva estructura \u00e9s admirable. S <\/s\n n\n n <span style = \"font-weight: 400;\" No persegueixo la mateixa ambici\u00f3 que els seus predecessors de m\u00e9s renom, Rivola destaca com la major producci\u00f3 de Retuerta Abbey i, amb la seva excel\u00b7l\u00e8ncia assequible, \u00e9s com a Magn\u00edfica elecci\u00f3 per gaudir di\u00e0riament.\n<\/p>\n","protected":false},"excerpt":{"rendered":"<p><strong> abbotting rivola <\/strong><br \/>\n n<br \/>\n n <span style = \"font-weight: 400;\"> sinergia entre diverses tipologies de s\u00f2ls, varietats i t\u00e8cniques de maceraci\u00f3 convergeix a Rivola, un vi que apunta al cam\u00ed cap al futur de la viticultura al nostre pa\u00eds. <\/s\n n\n n <span style = \"font-weight: 400;\"> Despr\u00e9s de 12 mesos de maduraci\u00f3, aquest vi mostra una complexitat excepcional, la seva estructura \u00e9s admirable. S <\/s\n n\n n <span style = \"font-weight: 400;\" No persegueixo la mateixa ambici\u00f3 que els seus predecessors de m\u00e9s renom, Rivola destaca com la major producci\u00f3 de Retuerta Abbey i, amb la seva excel\u00b7l\u00e8ncia assequible, \u00e9s com a Magn\u00edfica elecci\u00f3 per gaudir di\u00e0riament.\n<\/p>\n","protected":false},"featured_media":69288,"comment_status":"closed","ping_status":"closed","template":"","meta":{"_acf_changed":false},"pwb-brand":[32880,32871],"product_cat":[33020,33054],"product_tag":[16002,51035,16003,50324,50323],"class_list":{"0":"post-43073","1":"product","2":"type-product","3":"status-publish","4":"has-post-thumbnail","6":"pwb-brand-ca-abadiaretuerta-ca","7":"pwb-brand-castilla-y-leon-v-t","8":"product_cat-vi-ca","9":"product_cat-vino-tinto-ca","10":"product_tag-abadia-retuerta-ca","11":"product_tag-ribera-del-duero-ca-4","12":"product_tag-rivola-ca","13":"product_tag-vi-ca-2","14":"product_tag-vi-negre-ca-2","15":"pa_anada-2022-ca","16":"pa_bodega-abadia-retuerta-ca","17":"pa_do-castillayleonvt-ca","18":"pa_formatoenl-075-ca","19":"pa_formatoenml-750-ca","20":"pa_gastronomico-negre-gastronomic","21":"pa_graduacion-14_5-ca","22":"pa_maridaje-carn-blanca","23":"pa_maridaje-carn-roja","24":"pa_pais-espanya-ca","25":"pa_pesoengramos-1400-ca","26":"pa_pesoenkg-14-ca","27":"pa_pueblociudad-sardondeduerovalladolid","28":"pa_tipodevino-vi-tranquil","29":"pa_variedad-principal-cabernet-sauvignon-ca","30":"pa_variedad-principal-tempranillo-ca","31":"entry","32":"has-media","34":"first","35":"instock","36":"taxable","37":"shipping-taxable","38":"purchasable","39":"product-type-simple"},"acf":[],"yoast_head":"<!-- This site is optimized with the Yoast SEO Premium plugin v23.1 (Yoast SEO v24.1) - https:\/\/yoast.com\/wordpress\/plugins\/seo\/ -->\n<title>Abadia Retuerta Rivola<\/title>\n<meta name=\"description\" content=\"Comprar online al millor preu el vi negre Rivola de Abadia Retuerta a la DO Ribera del Duero. Viniteca. Destil\u00b7lats. Begudes. Licoreria. Productes Gourmet.\" \/>\n<meta name=\"robots\" content=\"noindex, follow, max-snippet:-1, max-image-preview:large, max-video-preview:-1\" \/>\n<meta property=\"og:locale\" content=\"ca_ES\" \/>\n<meta property=\"og:type\" content=\"article\" \/>\n<meta property=\"og:title\" content=\"Abadia Retuerta Rivola\" \/>\n<meta property=\"og:description\" content=\"Comprar online al millor preu el vi negre Rivola de Abadia Retuerta a la DO Ribera del Duero. Viniteca. Destil\u00b7lats. Begudes. Licoreria. Productes Gourmet.\" \/>\n<meta property=\"og:url\" content=\"https:\/\/monlacata.cetrexmarketing.com\/ca\/producto\/abadia-retuerta-rivola\/\" \/>\n<meta property=\"og:site_name\" content=\"M\u00f3n La Cata\" \/>\n<meta property=\"article:modified_time\" content=\"2025-10-22T09:07:51+00:00\" \/>\n<meta property=\"og:image\" content=\"https:\/\/monlacata.cetrexmarketing.com\/wp-content\/uploads\/2017\/06\/vino-tinto-abadia-retuerta-rivola-sardon-de-duero.jpg-2.png\" \/>\n\t<meta property=\"og:image:width\" content=\"450\" \/>\n\t<meta property=\"og:image:height\" content=\"600\" \/>\n\t<meta property=\"og:image:type\" content=\"image\/png\" \/>\n<meta name=\"twitter:card\" content=\"summary_large_image\" \/>\n<meta name=\"twitter:label1\" content=\"Temps estimat de lectura\" \/>\n\t<meta name=\"twitter:data1\" content=\"1 minut\" \/>\n<script type=\"application\/ld+json\" class=\"yoast-schema-graph\">{\"@context\":\"https:\/\/schema.org\",\"@graph\":[{\"@type\":\"WebPage\",\"@id\":\"https:\/\/monlacata.cetrexmarketing.com\/ca\/producto\/abadia-retuerta-rivola\/\",\"url\":\"https:\/\/monlacata.cetrexmarketing.com\/ca\/producto\/abadia-retuerta-rivola\/\",\"name\":\"Abadia Retuerta Rivola\",\"isPartOf\":{\"@id\":\"https:\/\/monlacata.cetrexmarketing.com\/#website\"},\"primaryImageOfPage\":{\"@id\":\"https:\/\/monlacata.cetrexmarketing.com\/ca\/producto\/abadia-retuerta-rivola\/#primaryimage\"},\"image\":{\"@id\":\"https:\/\/monlacata.cetrexmarketing.com\/ca\/producto\/abadia-retuerta-rivola\/#primaryimage\"},\"thumbnailUrl\":\"https:\/\/monlacata.cetrexmarketing.com\/wp-content\/uploads\/2017\/06\/Abadia-Retuerta-Rivola.jpg.png\",\"datePublished\":\"2017-06-19T17:05:06+00:00\",\"dateModified\":\"2025-10-22T09:07:51+00:00\",\"description\":\"Comprar online al millor preu el vi negre Rivola de Abadia Retuerta a la DO Ribera del Duero. Viniteca. Destil\u00b7lats. Begudes. Licoreria. Productes Gourmet.\",\"breadcrumb\":{\"@id\":\"https:\/\/monlacata.cetrexmarketing.com\/ca\/producto\/abadia-retuerta-rivola\/#breadcrumb\"},\"inLanguage\":\"ca\",\"potentialAction\":[{\"@type\":\"ReadAction\",\"target\":[\"https:\/\/monlacata.cetrexmarketing.com\/ca\/producto\/abadia-retuerta-rivola\/\"]}]},{\"@type\":\"ImageObject\",\"inLanguage\":\"ca\",\"@id\":\"https:\/\/monlacata.cetrexmarketing.com\/ca\/producto\/abadia-retuerta-rivola\/#primaryimage\",\"url\":\"https:\/\/monlacata.cetrexmarketing.com\/wp-content\/uploads\/2017\/06\/Abadia-Retuerta-Rivola.jpg.png\",\"contentUrl\":\"https:\/\/monlacata.cetrexmarketing.com\/wp-content\/uploads\/2017\/06\/Abadia-Retuerta-Rivola.jpg.png\",\"width\":765,\"height\":1024,\"caption\":\"Abad\u00eda Retuerta R\u00edvola.jpg\"},{\"@type\":\"BreadcrumbList\",\"@id\":\"https:\/\/monlacata.cetrexmarketing.com\/ca\/producto\/abadia-retuerta-rivola\/#breadcrumb\",\"itemListElement\":[{\"@type\":\"ListItem\",\"position\":1,\"name\":\"Home\",\"item\":\"https:\/\/monlacata.cetrexmarketing.com\/ca\/\"},{\"@type\":\"ListItem\",\"position\":2,\"name\":\"Tienda\",\"item\":\"https:\/\/monlacata.cetrexmarketing.com\/ca\/tienda-2\/\"},{\"@type\":\"ListItem\",\"position\":3,\"name\":\"Vi\",\"item\":\"https:\/\/monlacata.cetrexmarketing.com\/categoria-producto\/home-ca\/vi-ca\/\"},{\"@type\":\"ListItem\",\"position\":4,\"name\":\"Vi Negre\",\"item\":\"https:\/\/monlacata.cetrexmarketing.com\/ca\/categoria-producto\/home-ca\/vi-ca\/vino-tinto-ca\/\"},{\"@type\":\"ListItem\",\"position\":5,\"name\":\"Abadia Retuerta Rivola\"}]},{\"@type\":\"WebSite\",\"@id\":\"https:\/\/monlacata.cetrexmarketing.com\/#website\",\"url\":\"https:\/\/monlacata.cetrexmarketing.com\/\",\"name\":\"M\u00f3n La Cata\",\"description\":\"Tienda de vinos, licores, cervezas y gourmet\",\"publisher\":{\"@id\":\"https:\/\/monlacata.cetrexmarketing.com\/#organization\"},\"potentialAction\":[{\"@type\":\"SearchAction\",\"target\":{\"@type\":\"EntryPoint\",\"urlTemplate\":\"https:\/\/monlacata.cetrexmarketing.com\/?s={search_term_string}\"},\"query-input\":{\"@type\":\"PropertyValueSpecification\",\"valueRequired\":true,\"valueName\":\"search_term_string\"}}],\"inLanguage\":\"ca\"},{\"@type\":\"Organization\",\"@id\":\"https:\/\/monlacata.cetrexmarketing.com\/#organization\",\"name\":\"M\u00f3n La Cata\",\"url\":\"https:\/\/monlacata.cetrexmarketing.com\/\",\"logo\":{\"@type\":\"ImageObject\",\"inLanguage\":\"ca\",\"@id\":\"https:\/\/monlacata.cetrexmarketing.com\/#\/schema\/logo\/image\/\",\"url\":\"https:\/\/monlacata.cetrexmarketing.com\/wp-content\/uploads\/2024\/02\/monlacata-logo-blanc.png\",\"contentUrl\":\"https:\/\/monlacata.cetrexmarketing.com\/wp-content\/uploads\/2024\/02\/monlacata-logo-blanc.png\",\"width\":454,\"height\":193,\"caption\":\"M\u00f3n La Cata\"},\"image\":{\"@id\":\"https:\/\/monlacata.cetrexmarketing.com\/#\/schema\/logo\/image\/\"}}]}<\/script>\n<!-- \/ Yoast SEO Premium plugin. -->","yoast_head_json":{"title":"Abadia Retuerta Rivola","description":"Comprar online al millor preu el vi negre Rivola de Abadia Retuerta a la DO Ribera del Duero. Viniteca. Destil\u00b7lats. Begudes. Licoreria. Productes Gourmet.","robots":{"index":"noindex","follow":"follow","max-snippet":"max-snippet:-1","max-image-preview":"max-image-preview:large","max-video-preview":"max-video-preview:-1"},"og_locale":"ca_ES","og_type":"article","og_title":"Abadia Retuerta Rivola","og_description":"Comprar online al millor preu el vi negre Rivola de Abadia Retuerta a la DO Ribera del Duero. Viniteca. Destil\u00b7lats. Begudes. Licoreria. Productes Gourmet.","og_url":"https:\/\/monlacata.cetrexmarketing.com\/ca\/producto\/abadia-retuerta-rivola\/","og_site_name":"M\u00f3n La Cata","article_modified_time":"2025-10-22T09:07:51+00:00","og_image":[{"width":450,"height":600,"url":"https:\/\/monlacata.cetrexmarketing.com\/wp-content\/uploads\/2017\/06\/vino-tinto-abadia-retuerta-rivola-sardon-de-duero.jpg-2.png","type":"image\/png"}],"twitter_card":"summary_large_image","twitter_misc":{"Temps estimat de lectura":"1 minut"},"schema":{"@context":"https:\/\/schema.org","@graph":[{"@type":"WebPage","@id":"https:\/\/monlacata.cetrexmarketing.com\/ca\/producto\/abadia-retuerta-rivola\/","url":"https:\/\/monlacata.cetrexmarketing.com\/ca\/producto\/abadia-retuerta-rivola\/","name":"Abadia Retuerta Rivola","isPartOf":{"@id":"https:\/\/monlacata.cetrexmarketing.com\/#website"},"primaryImageOfPage":{"@id":"https:\/\/monlacata.cetrexmarketing.com\/ca\/producto\/abadia-retuerta-rivola\/#primaryimage"},"image":{"@id":"https:\/\/monlacata.cetrexmarketing.com\/ca\/producto\/abadia-retuerta-rivola\/#primaryimage"},"thumbnailUrl":"https:\/\/monlacata.cetrexmarketing.com\/wp-content\/uploads\/2017\/06\/Abadia-Retuerta-Rivola.jpg.png","datePublished":"2017-06-19T17:05:06+00:00","dateModified":"2025-10-22T09:07:51+00:00","description":"Comprar online al millor preu el vi negre Rivola de Abadia Retuerta a la DO Ribera del Duero. Viniteca. Destil\u00b7lats. Begudes. Licoreria. Productes Gourmet.","breadcrumb":{"@id":"https:\/\/monlacata.cetrexmarketing.com\/ca\/producto\/abadia-retuerta-rivola\/#breadcrumb"},"inLanguage":"ca","potentialAction":[{"@type":"ReadAction","target":["https:\/\/monlacata.cetrexmarketing.com\/ca\/producto\/abadia-retuerta-rivola\/"]}]},{"@type":"ImageObject","inLanguage":"ca","@id":"https:\/\/monlacata.cetrexmarketing.com\/ca\/producto\/abadia-retuerta-rivola\/#primaryimage","url":"https:\/\/monlacata.cetrexmarketing.com\/wp-content\/uploads\/2017\/06\/Abadia-Retuerta-Rivola.jpg.png","contentUrl":"https:\/\/monlacata.cetrexmarketing.com\/wp-content\/uploads\/2017\/06\/Abadia-Retuerta-Rivola.jpg.png","width":765,"height":1024,"caption":"Abad\u00eda Retuerta R\u00edvola.jpg"},{"@type":"BreadcrumbList","@id":"https:\/\/monlacata.cetrexmarketing.com\/ca\/producto\/abadia-retuerta-rivola\/#breadcrumb","itemListElement":[{"@type":"ListItem","position":1,"name":"Home","item":"https:\/\/monlacata.cetrexmarketing.com\/ca\/"},{"@type":"ListItem","position":2,"name":"Tienda","item":"https:\/\/monlacata.cetrexmarketing.com\/ca\/tienda-2\/"},{"@type":"ListItem","position":3,"name":"Vi","item":"https:\/\/monlacata.cetrexmarketing.com\/categoria-producto\/home-ca\/vi-ca\/"},{"@type":"ListItem","position":4,"name":"Vi Negre","item":"https:\/\/monlacata.cetrexmarketing.com\/ca\/categoria-producto\/home-ca\/vi-ca\/vino-tinto-ca\/"},{"@type":"ListItem","position":5,"name":"Abadia Retuerta Rivola"}]},{"@type":"WebSite","@id":"https:\/\/monlacata.cetrexmarketing.com\/#website","url":"https:\/\/monlacata.cetrexmarketing.com\/","name":"M\u00f3n La Cata","description":"Tienda de vinos, licores, cervezas y gourmet","publisher":{"@id":"https:\/\/monlacata.cetrexmarketing.com\/#organization"},"potentialAction":[{"@type":"SearchAction","target":{"@type":"EntryPoint","urlTemplate":"https:\/\/monlacata.cetrexmarketing.com\/?s={search_term_string}"},"query-input":{"@type":"PropertyValueSpecification","valueRequired":true,"valueName":"search_term_string"}}],"inLanguage":"ca"},{"@type":"Organization","@id":"https:\/\/monlacata.cetrexmarketing.com\/#organization","name":"M\u00f3n La Cata","url":"https:\/\/monlacata.cetrexmarketing.com\/","logo":{"@type":"ImageObject","inLanguage":"ca","@id":"https:\/\/monlacata.cetrexmarketing.com\/#\/schema\/logo\/image\/","url":"https:\/\/monlacata.cetrexmarketing.com\/wp-content\/uploads\/2024\/02\/monlacata-logo-blanc.png","contentUrl":"https:\/\/monlacata.cetrexmarketing.com\/wp-content\/uploads\/2024\/02\/monlacata-logo-blanc.png","width":454,"height":193,"caption":"M\u00f3n La Cata"},"image":{"@id":"https:\/\/monlacata.cetrexmarketing.com\/#\/schema\/logo\/image\/"}}]}},"brands":[{"id":32880,"name":"Abadia Retuerta","slug":"ca-abadiaretuerta-ca"},{"id":32871,"name":"Castilla y Le\u00f3n V.T.","slug":"castilla-y-leon-v-t"}],"tiered_pricing_type":"fixed","tiered_pricing_fixed_rules":[],"tiered_pricing_product_settings":{"layout":"default","base_unit_name":{"singular":null,"plural":null},"default_variation":null},"tiered_pricing_minimum_quantity":null,"tiered_pricing_roles_data":[],"tiered_pricing_percentage_rules":[],"tiered_pricing_maximum_quantity":null,"tiered_pricing_quantity_step":null,"_links":{"self":[{"href":"https:\/\/monlacata.cetrexmarketing.com\/ca\/wp-json\/wp\/v2\/product\/43073","targetHints":{"allow":["GET"]}}],"collection":[{"href":"https:\/\/monlacata.cetrexmarketing.com\/ca\/wp-json\/wp\/v2\/product"}],"about":[{"href":"https:\/\/monlacata.cetrexmarketing.com\/ca\/wp-json\/wp\/v2\/types\/product"}],"replies":[{"embeddable":true,"href":"https:\/\/monlacata.cetrexmarketing.com\/ca\/wp-json\/wp\/v2\/comments?post=43073"}],"wp:featuredmedia":[{"embeddable":true,"href":"https:\/\/monlacata.cetrexmarketing.com\/ca\/wp-json\/wp\/v2\/media\/69288"}],"wp:attachment":[{"href":"https:\/\/monlacata.cetrexmarketing.com\/ca\/wp-json\/wp\/v2\/media?parent=43073"}],"wp:term":[{"taxonomy":"pwb-brand","embeddable":true,"href":"https:\/\/monlacata.cetrexmarketing.com\/ca\/wp-json\/wp\/v2\/pwb-brand?post=43073"},{"taxonomy":"product_cat","embeddable":true,"href":"https:\/\/monlacata.cetrexmarketing.com\/ca\/wp-json\/wp\/v2\/product_cat?post=43073"},{"taxonomy":"product_tag","embeddable":true,"href":"https:\/\/monlacata.cetrexmarketing.com\/ca\/wp-json\/wp\/v2\/product_tag?post=43073"}],"curies":[{"name":"wp","href":"https:\/\/api.w.org\/{rel}","templated":true}]}}