{"id":43513,"date":"2017-06-19T17:05:06","date_gmt":"2017-06-19T17:05:06","guid":{"rendered":"https:\/\/monlacata.cetrexmarketing.com\/producto\/brunus-negre\/"},"modified":"2026-01-23T10:30:31","modified_gmt":"2026-01-23T10:30:31","slug":"brunus-negre","status":"publish","type":"product","link":"https:\/\/monlacata.cetrexmarketing.com\/ca\/producto\/brunus-negre\/","title":{"rendered":"Brunus Negre"},"content":{"rendered":"<p><strong>Brunus Negre<\/strong><\/p>\n<p>El Brunus \u00e9s un vi negre amb una personalitat aclaparadora que neix del respecte absolut pel terrer al celler Portal del Montsant. Es caracteritza per una eleg\u00e0ncia sublim, on la fruita roja madura s&#8217;entrella\u00e7a harm\u00f2nicament amb subtils notes minerals i els tocs especiats propis de la seva acurada crian\u00e7a en b\u00f3ta. En boca, ofereix una experi\u00e8ncia equilibrada, amb tanins amables i una frescor sorprenent que convida a continuar bevent. \u00c9s un vi estructurat i vers\u00e0til, capa\u00e7 d&#8217;elevar qualsevol \u00e0pat, des de carns a la brasa fins a guisats m\u00e9s elaborats. En definitiva, \u00e9s una proposta sincera que captura l&#8217;ess\u00e8ncia de les vinyes velles i el paisatge escarpat de la seva regi\u00f3 d&#8217;origen.<\/p>\n<p>&nbsp;<\/p>\n","protected":false},"excerpt":{"rendered":"<p dir=\"ltr\">Brunus \u00e9s un vi de la D.O. Montsant fet\u00a0de Garnatxa i Carinyena.<\/p>\n<p dir=\"ltr\">Passa 12 mesos en b\u00f3tes de roure franc\u00e8s.<\/p>\n<p dir=\"ltr\">\u00c9s un vi amb cos, amb\u00a0una explosi\u00f3 d&#8217;aromes de fruita negra madura,\u00a0amb tocs de la b\u00f3ta que l&#8217;endolcen.<\/p>\n<p dir=\"ltr\">Pot jugar b\u00e9 amb carn vermella guisada a baixa temperatura.<\/p>\n","protected":false},"featured_media":69477,"comment_status":"closed","ping_status":"closed","template":"","meta":{"_acf_changed":false},"pwb-brand":[45162,32891],"product_cat":[33020,33054],"product_tag":[16120,14969,50758,15769,50324,50323],"class_list":{"0":"post-43513","1":"product","2":"type-product","3":"status-publish","4":"has-post-thumbnail","6":"pwb-brand-brunus","7":"pwb-brand-montsant-d-o","8":"product_cat-vi-ca","9":"product_cat-vino-tinto-ca","10":"product_tag-brunus-ca","11":"product_tag-do-montsant-ca","12":"product_tag-montsant-ca-2","13":"product_tag-portal-del-montsant-ca","14":"product_tag-vi-ca-2","15":"product_tag-vi-negre-ca-2","16":"pa_anada-2022-ca","17":"pa_bodega-portal-del-montsant-ca","18":"pa_do-montsant-d-o-ca","19":"pa_formatoenl-075-ca","20":"pa_formatoenml-750-ca","21":"pa_graduacion-14_0-ca","22":"pa_maridaje-carn-blanca","23":"pa_maridaje-carn-roja","24":"pa_pais-espanya-ca","25":"pa_pesoengramos-1400-ca","26":"pa_pesoenkg-14-ca","27":"pa_potente-negre-potent","28":"pa_pueblociudad-marcatarragona-ca","29":"pa_region-cataluna-ca","30":"pa_tipodevino-vi-tranquil","31":"pa_variedad-principal-garnacha-tinta-ca","32":"pa_variedades-garnachatinta-ca","33":"entry","34":"has-media","36":"first","37":"instock","38":"featured","39":"taxable","40":"shipping-taxable","41":"purchasable","42":"product-type-simple"},"acf":[],"yoast_head":"<!-- This site is optimized with the Yoast SEO Premium plugin v23.1 (Yoast SEO v24.1) - https:\/\/yoast.com\/wordpress\/plugins\/seo\/ -->\n<title>Brunus vi negre de la DO Montsant<\/title>\n<meta name=\"description\" content=\"Comprar online a bon preu el vi negre Brunus, de Portal del Montsant a la DO Montsant. Enviament Expr\u00e9s. Viniteca online.\" \/>\n<meta name=\"robots\" content=\"noindex, follow, max-snippet:-1, max-image-preview:large, max-video-preview:-1\" \/>\n<meta property=\"og:locale\" content=\"ca_ES\" \/>\n<meta property=\"og:type\" content=\"article\" \/>\n<meta property=\"og:title\" content=\"Brunus Negre\" \/>\n<meta property=\"og:description\" content=\"Comprar online a bon preu el vi negre Brunus, de Portal del Montsant a la DO Montsant. Enviament Expr\u00e9s. Viniteca online.\" \/>\n<meta property=\"og:url\" content=\"https:\/\/monlacata.cetrexmarketing.com\/ca\/producto\/brunus-negre\/\" \/>\n<meta property=\"og:site_name\" content=\"M\u00f3n La Cata\" \/>\n<meta property=\"article:modified_time\" content=\"2026-01-23T10:30:31+00:00\" \/>\n<meta property=\"og:image\" content=\"https:\/\/monlacata.cetrexmarketing.com\/wp-content\/uploads\/2017\/06\/Brunus-Tinto.jpg.png\" \/>\n\t<meta property=\"og:image:width\" content=\"765\" \/>\n\t<meta property=\"og:image:height\" content=\"1024\" \/>\n\t<meta property=\"og:image:type\" content=\"image\/png\" \/>\n<meta name=\"twitter:card\" content=\"summary_large_image\" \/>\n<meta name=\"twitter:label1\" content=\"Temps estimat de lectura\" \/>\n\t<meta name=\"twitter:data1\" content=\"1 minut\" \/>\n<script type=\"application\/ld+json\" class=\"yoast-schema-graph\">{\"@context\":\"https:\/\/schema.org\",\"@graph\":[{\"@type\":\"WebPage\",\"@id\":\"https:\/\/monlacata.cetrexmarketing.com\/ca\/producto\/brunus-negre\/\",\"url\":\"https:\/\/monlacata.cetrexmarketing.com\/ca\/producto\/brunus-negre\/\",\"name\":\"Brunus vi negre de la DO Montsant\",\"isPartOf\":{\"@id\":\"https:\/\/monlacata.cetrexmarketing.com\/#website\"},\"primaryImageOfPage\":{\"@id\":\"https:\/\/monlacata.cetrexmarketing.com\/ca\/producto\/brunus-negre\/#primaryimage\"},\"image\":{\"@id\":\"https:\/\/monlacata.cetrexmarketing.com\/ca\/producto\/brunus-negre\/#primaryimage\"},\"thumbnailUrl\":\"https:\/\/monlacata.cetrexmarketing.com\/wp-content\/uploads\/2017\/06\/Brunus-Tinto.jpg.png\",\"datePublished\":\"2017-06-19T17:05:06+00:00\",\"dateModified\":\"2026-01-23T10:30:31+00:00\",\"description\":\"Comprar online a bon preu el vi negre Brunus, de Portal del Montsant a la DO Montsant. Enviament Expr\u00e9s. Viniteca online.\",\"breadcrumb\":{\"@id\":\"https:\/\/monlacata.cetrexmarketing.com\/ca\/producto\/brunus-negre\/#breadcrumb\"},\"inLanguage\":\"ca\",\"potentialAction\":[{\"@type\":\"ReadAction\",\"target\":[\"https:\/\/monlacata.cetrexmarketing.com\/ca\/producto\/brunus-negre\/\"]}]},{\"@type\":\"ImageObject\",\"inLanguage\":\"ca\",\"@id\":\"https:\/\/monlacata.cetrexmarketing.com\/ca\/producto\/brunus-negre\/#primaryimage\",\"url\":\"https:\/\/monlacata.cetrexmarketing.com\/wp-content\/uploads\/2017\/06\/Brunus-Tinto.jpg.png\",\"contentUrl\":\"https:\/\/monlacata.cetrexmarketing.com\/wp-content\/uploads\/2017\/06\/Brunus-Tinto.jpg.png\",\"width\":765,\"height\":1024,\"caption\":\"Brunus Tinto.jpg\"},{\"@type\":\"BreadcrumbList\",\"@id\":\"https:\/\/monlacata.cetrexmarketing.com\/ca\/producto\/brunus-negre\/#breadcrumb\",\"itemListElement\":[{\"@type\":\"ListItem\",\"position\":1,\"name\":\"Home\",\"item\":\"https:\/\/monlacata.cetrexmarketing.com\/ca\/\"},{\"@type\":\"ListItem\",\"position\":2,\"name\":\"Tienda\",\"item\":\"https:\/\/monlacata.cetrexmarketing.com\/ca\/tienda-2\/\"},{\"@type\":\"ListItem\",\"position\":3,\"name\":\"Vi\",\"item\":\"https:\/\/monlacata.cetrexmarketing.com\/categoria-producto\/home-ca\/vi-ca\/\"},{\"@type\":\"ListItem\",\"position\":4,\"name\":\"Vi Negre\",\"item\":\"https:\/\/monlacata.cetrexmarketing.com\/ca\/categoria-producto\/home-ca\/vi-ca\/vino-tinto-ca\/\"},{\"@type\":\"ListItem\",\"position\":5,\"name\":\"Brunus Negre\"}]},{\"@type\":\"WebSite\",\"@id\":\"https:\/\/monlacata.cetrexmarketing.com\/#website\",\"url\":\"https:\/\/monlacata.cetrexmarketing.com\/\",\"name\":\"M\u00f3n La Cata\",\"description\":\"Tienda de vinos, licores, cervezas y gourmet\",\"publisher\":{\"@id\":\"https:\/\/monlacata.cetrexmarketing.com\/#organization\"},\"potentialAction\":[{\"@type\":\"SearchAction\",\"target\":{\"@type\":\"EntryPoint\",\"urlTemplate\":\"https:\/\/monlacata.cetrexmarketing.com\/?s={search_term_string}\"},\"query-input\":{\"@type\":\"PropertyValueSpecification\",\"valueRequired\":true,\"valueName\":\"search_term_string\"}}],\"inLanguage\":\"ca\"},{\"@type\":\"Organization\",\"@id\":\"https:\/\/monlacata.cetrexmarketing.com\/#organization\",\"name\":\"M\u00f3n La Cata\",\"url\":\"https:\/\/monlacata.cetrexmarketing.com\/\",\"logo\":{\"@type\":\"ImageObject\",\"inLanguage\":\"ca\",\"@id\":\"https:\/\/monlacata.cetrexmarketing.com\/#\/schema\/logo\/image\/\",\"url\":\"https:\/\/monlacata.cetrexmarketing.com\/wp-content\/uploads\/2024\/02\/monlacata-logo-blanc.png\",\"contentUrl\":\"https:\/\/monlacata.cetrexmarketing.com\/wp-content\/uploads\/2024\/02\/monlacata-logo-blanc.png\",\"width\":454,\"height\":193,\"caption\":\"M\u00f3n La Cata\"},\"image\":{\"@id\":\"https:\/\/monlacata.cetrexmarketing.com\/#\/schema\/logo\/image\/\"}}]}<\/script>\n<!-- \/ Yoast SEO Premium plugin. -->","yoast_head_json":{"title":"Brunus vi negre de la DO Montsant","description":"Comprar online a bon preu el vi negre Brunus, de Portal del Montsant a la DO Montsant. Enviament Expr\u00e9s. Viniteca online.","robots":{"index":"noindex","follow":"follow","max-snippet":"max-snippet:-1","max-image-preview":"max-image-preview:large","max-video-preview":"max-video-preview:-1"},"og_locale":"ca_ES","og_type":"article","og_title":"Brunus Negre","og_description":"Comprar online a bon preu el vi negre Brunus, de Portal del Montsant a la DO Montsant. Enviament Expr\u00e9s. Viniteca online.","og_url":"https:\/\/monlacata.cetrexmarketing.com\/ca\/producto\/brunus-negre\/","og_site_name":"M\u00f3n La Cata","article_modified_time":"2026-01-23T10:30:31+00:00","og_image":[{"width":765,"height":1024,"url":"https:\/\/monlacata.cetrexmarketing.com\/wp-content\/uploads\/2017\/06\/Brunus-Tinto.jpg.png","type":"image\/png"}],"twitter_card":"summary_large_image","twitter_misc":{"Temps estimat de lectura":"1 minut"},"schema":{"@context":"https:\/\/schema.org","@graph":[{"@type":"WebPage","@id":"https:\/\/monlacata.cetrexmarketing.com\/ca\/producto\/brunus-negre\/","url":"https:\/\/monlacata.cetrexmarketing.com\/ca\/producto\/brunus-negre\/","name":"Brunus vi negre de la DO Montsant","isPartOf":{"@id":"https:\/\/monlacata.cetrexmarketing.com\/#website"},"primaryImageOfPage":{"@id":"https:\/\/monlacata.cetrexmarketing.com\/ca\/producto\/brunus-negre\/#primaryimage"},"image":{"@id":"https:\/\/monlacata.cetrexmarketing.com\/ca\/producto\/brunus-negre\/#primaryimage"},"thumbnailUrl":"https:\/\/monlacata.cetrexmarketing.com\/wp-content\/uploads\/2017\/06\/Brunus-Tinto.jpg.png","datePublished":"2017-06-19T17:05:06+00:00","dateModified":"2026-01-23T10:30:31+00:00","description":"Comprar online a bon preu el vi negre Brunus, de Portal del Montsant a la DO Montsant. Enviament Expr\u00e9s. Viniteca online.","breadcrumb":{"@id":"https:\/\/monlacata.cetrexmarketing.com\/ca\/producto\/brunus-negre\/#breadcrumb"},"inLanguage":"ca","potentialAction":[{"@type":"ReadAction","target":["https:\/\/monlacata.cetrexmarketing.com\/ca\/producto\/brunus-negre\/"]}]},{"@type":"ImageObject","inLanguage":"ca","@id":"https:\/\/monlacata.cetrexmarketing.com\/ca\/producto\/brunus-negre\/#primaryimage","url":"https:\/\/monlacata.cetrexmarketing.com\/wp-content\/uploads\/2017\/06\/Brunus-Tinto.jpg.png","contentUrl":"https:\/\/monlacata.cetrexmarketing.com\/wp-content\/uploads\/2017\/06\/Brunus-Tinto.jpg.png","width":765,"height":1024,"caption":"Brunus Tinto.jpg"},{"@type":"BreadcrumbList","@id":"https:\/\/monlacata.cetrexmarketing.com\/ca\/producto\/brunus-negre\/#breadcrumb","itemListElement":[{"@type":"ListItem","position":1,"name":"Home","item":"https:\/\/monlacata.cetrexmarketing.com\/ca\/"},{"@type":"ListItem","position":2,"name":"Tienda","item":"https:\/\/monlacata.cetrexmarketing.com\/ca\/tienda-2\/"},{"@type":"ListItem","position":3,"name":"Vi","item":"https:\/\/monlacata.cetrexmarketing.com\/categoria-producto\/home-ca\/vi-ca\/"},{"@type":"ListItem","position":4,"name":"Vi Negre","item":"https:\/\/monlacata.cetrexmarketing.com\/ca\/categoria-producto\/home-ca\/vi-ca\/vino-tinto-ca\/"},{"@type":"ListItem","position":5,"name":"Brunus Negre"}]},{"@type":"WebSite","@id":"https:\/\/monlacata.cetrexmarketing.com\/#website","url":"https:\/\/monlacata.cetrexmarketing.com\/","name":"M\u00f3n La Cata","description":"Tienda de vinos, licores, cervezas y gourmet","publisher":{"@id":"https:\/\/monlacata.cetrexmarketing.com\/#organization"},"potentialAction":[{"@type":"SearchAction","target":{"@type":"EntryPoint","urlTemplate":"https:\/\/monlacata.cetrexmarketing.com\/?s={search_term_string}"},"query-input":{"@type":"PropertyValueSpecification","valueRequired":true,"valueName":"search_term_string"}}],"inLanguage":"ca"},{"@type":"Organization","@id":"https:\/\/monlacata.cetrexmarketing.com\/#organization","name":"M\u00f3n La Cata","url":"https:\/\/monlacata.cetrexmarketing.com\/","logo":{"@type":"ImageObject","inLanguage":"ca","@id":"https:\/\/monlacata.cetrexmarketing.com\/#\/schema\/logo\/image\/","url":"https:\/\/monlacata.cetrexmarketing.com\/wp-content\/uploads\/2024\/02\/monlacata-logo-blanc.png","contentUrl":"https:\/\/monlacata.cetrexmarketing.com\/wp-content\/uploads\/2024\/02\/monlacata-logo-blanc.png","width":454,"height":193,"caption":"M\u00f3n La Cata"},"image":{"@id":"https:\/\/monlacata.cetrexmarketing.com\/#\/schema\/logo\/image\/"}}]}},"brands":[{"id":45162,"name":"Brunus","slug":"brunus"},{"id":32891,"name":"Montsant D.O.","slug":"montsant-d-o"}],"tiered_pricing_type":"fixed","tiered_pricing_fixed_rules":[],"tiered_pricing_product_settings":{"layout":"default","base_unit_name":{"singular":null,"plural":null},"default_variation":null},"tiered_pricing_minimum_quantity":null,"tiered_pricing_roles_data":[],"tiered_pricing_percentage_rules":[],"tiered_pricing_maximum_quantity":null,"tiered_pricing_quantity_step":null,"_links":{"self":[{"href":"https:\/\/monlacata.cetrexmarketing.com\/ca\/wp-json\/wp\/v2\/product\/43513","targetHints":{"allow":["GET"]}}],"collection":[{"href":"https:\/\/monlacata.cetrexmarketing.com\/ca\/wp-json\/wp\/v2\/product"}],"about":[{"href":"https:\/\/monlacata.cetrexmarketing.com\/ca\/wp-json\/wp\/v2\/types\/product"}],"replies":[{"embeddable":true,"href":"https:\/\/monlacata.cetrexmarketing.com\/ca\/wp-json\/wp\/v2\/comments?post=43513"}],"wp:featuredmedia":[{"embeddable":true,"href":"https:\/\/monlacata.cetrexmarketing.com\/ca\/wp-json\/wp\/v2\/media\/69477"}],"wp:attachment":[{"href":"https:\/\/monlacata.cetrexmarketing.com\/ca\/wp-json\/wp\/v2\/media?parent=43513"}],"wp:term":[{"taxonomy":"pwb-brand","embeddable":true,"href":"https:\/\/monlacata.cetrexmarketing.com\/ca\/wp-json\/wp\/v2\/pwb-brand?post=43513"},{"taxonomy":"product_cat","embeddable":true,"href":"https:\/\/monlacata.cetrexmarketing.com\/ca\/wp-json\/wp\/v2\/product_cat?post=43513"},{"taxonomy":"product_tag","embeddable":true,"href":"https:\/\/monlacata.cetrexmarketing.com\/ca\/wp-json\/wp\/v2\/product_tag?post=43513"}],"curies":[{"name":"wp","href":"https:\/\/api.w.org\/{rel}","templated":true}]}}