{"id":43593,"date":"2017-06-19T17:05:06","date_gmt":"2017-06-19T17:05:06","guid":{"rendered":"https:\/\/monlacata.cetrexmarketing.com\/producto\/carmelo-rodero-crianca\/"},"modified":"2025-06-10T10:56:28","modified_gmt":"2025-06-10T10:56:28","slug":"carmelo-rodero-crianca","status":"publish","type":"product","link":"https:\/\/monlacata.cetrexmarketing.com\/ca\/producto\/carmelo-rodero-crianca\/","title":{"rendered":"Carmelo Rodero Crian\u00e7a"},"content":{"rendered":"<h2 data-sourcepos=\"19:1-19:39\"><span style=\"font-size: 16px;\">Vi Negre Carmelo Rodero Crian\u00e7a 2022<\/span><\/h2>\n<p data-sourcepos=\"21:1-21:435\">Des del cor de la <strong>Ribera del Duero<\/strong>, presentem el <strong>Carmelo Rodero Crian\u00e7a 2022<\/strong>, una obra mestra de <strong>Bodegas Rodero<\/strong>, un projecte familiar amb arrels profundes a la localitat de Pedrosa de Duero, Burgos. Un vi que honora la traject\u00f2ria de Carmelo Rodero, qui va tenir el privilegi de proveir els seus ra\u00efms a la ic\u00f2nica bodega Vega Sicilia durant 14 anys. Aquesta Crian\u00e7a \u00e9s un testimoni d&#8217;aquesta her\u00e8ncia de qualitat i passi\u00f3.<\/p>\n<p data-sourcepos=\"23:1-23:355\">Aquest coupage excepcional es compon d&#8217;un <strong>90% Tempranillo<\/strong> i un <strong>10% Cabernet Sauvignon<\/strong>, ra\u00efms conreats amb cura que donen com a resultat una producci\u00f3 anual d&#8217;entre 200.000 i 280.000 ampolles. Amb una graduaci\u00f3 alcoh\u00f2lica del <strong>14,0%<\/strong> i despr\u00e9s de 15 mesos de crian\u00e7a en b\u00f3tes de roure, aquest vi es posiciona com un referent en la seva categoria.<\/p>\n<p data-sourcepos=\"25:1-25:363\">Els vins de Carmelo Rodero sempre marquen la difer\u00e8ncia amb una sobrietat i noblesa que els distingeix. Aquesta Crian\u00e7a 2022 no \u00e9s l&#8217;excepci\u00f3; ofereix tot el que es pot esperar d&#8217;un gran negre riberenc, amb aquest inconfusible <strong>plus d&#8217;eleg\u00e0ncia<\/strong>. \u00c9s un vi que es mostra imponent en la seva joventut i que desenvolupa una sofisticada complexitat amb la maduresa.<\/p>\n<p data-sourcepos=\"27:1-27:41\"><strong>Una Experi\u00e8ncia Sensorial Inoblidable<\/strong><\/p>\n<p data-sourcepos=\"29:1-29:905\">El <strong>Carmelo Rodero Crian\u00e7a 2022<\/strong> sedueix a la vista amb el seu color profund, i captiva al nas amb les seves complexes aromes. Per\u00f2 \u00e9s en boca on la veritable m\u00e0gia succeeix. El seu tacte finament granulat i una acidesa mil\u00b7lim\u00e8trica donen pas a una explosi\u00f3 de sabors. Descobrir\u00e0s delicades notes de <strong>canyella, clau, pebre i vainilla<\/strong>, perfectament integrades del seu pas pel roure. Aquestes es fusionen harm\u00f2nicament amb la maduresa i la justa tanicitat d&#8217;un ra\u00efm de qualitat excepcional. Els tanins s&#8217;estenen per cada rac\u00f3 de la boca sense assecar, embolicats en la jugositat de la fruita. Un final persistent, amb elegants tocs de <strong>malta i cacau<\/strong>, arrodonint un vi de gran precisi\u00f3 que aconsegueix transmetre un ferm car\u00e0cter de celler sense renunciar a mostrar les particularitats \u00faniques de cada anyada. \u00c9s un vi carn\u00f3s i estructurat, intens en sabor, llarg i gener\u00f3s en sensacions gustatives.<\/p>\n","protected":false},"excerpt":{"rendered":"<p>Vi Negre Carmelo Rodero Crian\u00e7a 2022 Des del cor de la Ribera del Duero, presentem el Carmelo Rodero Crian\u00e7a 2022, una obra mestra de Bodegas Rodero, un projecte familiar amb arrels profundes a la localitat de Pedrosa de Duero, Burgos. Un vi que honora la traject\u00f2ria de Carmelo Rodero, qui va tenir el privilegi de&hellip;<\/p>\n","protected":false},"featured_media":78844,"comment_status":"closed","ping_status":"closed","template":"","meta":{"_acf_changed":false},"pwb-brand":[32905],"product_cat":[33020,33054],"product_tag":[16156,50424,50324,50323],"class_list":{"0":"post-43593","1":"product","2":"type-product","3":"status-publish","4":"has-post-thumbnail","6":"pwb-brand-ribera-del-duero-d-o","7":"product_cat-vi-ca","8":"product_cat-vino-tinto-ca","9":"product_tag-carmelo-rodero-ca","10":"product_tag-crianca","11":"product_tag-vi-ca-2","12":"product_tag-vi-negre-ca-2","13":"pa_anada-2022-ca","14":"pa_bodega-bodegasrodero-ca","15":"pa_do-riberadelduerodo-ca","16":"pa_envejecimiento-crianca","17":"pa_formatoenl-075-ca","18":"pa_formatoenml-750-ca","19":"pa_graduacion-14_5-ca","20":"pa_maridaje-carn-roja","21":"pa_pais-espanya-ca","22":"pa_pesoengramos-1400-ca","23":"pa_pesoenkg-14-ca","24":"pa_pueblociudad-pedrosadedueroburgos-ca","25":"pa_tipodevino-vi-tranquil","26":"pa_variedad-principal-cabernet-sauvignon-ca","27":"pa_variedad-principal-tempranillo-ca","28":"pa_variedades-tempranillo_cabernetsauvignon","29":"entry","30":"has-media","32":"first","33":"instock","34":"taxable","35":"shipping-taxable","36":"purchasable","37":"product-type-simple"},"acf":[],"yoast_head":"<!-- This site is optimized with the Yoast SEO Premium plugin v23.1 (Yoast SEO v24.1) - https:\/\/yoast.com\/wordpress\/plugins\/seo\/ -->\n<title>Carmelo Rodero Crian\u00e7a vi negre de la DO Ribera del Duero<\/title>\n<meta name=\"description\" content=\"Comprar online al millor preu vi negre Carmelo Rodero Crian\u00e7a de DO Ribera del Duero al M\u00f3n la Cata, botiga especialitzada en begudes i alimentaci\u00f3 gourmet.\" \/>\n<meta name=\"robots\" content=\"noindex, follow, max-snippet:-1, max-image-preview:large, max-video-preview:-1\" \/>\n<meta property=\"og:locale\" content=\"ca_ES\" \/>\n<meta property=\"og:type\" content=\"article\" \/>\n<meta property=\"og:title\" content=\"Carmelo Rodero Crian\u00e7a\" \/>\n<meta property=\"og:description\" content=\"Comprar online al millor preu vi negre Carmelo Rodero Crian\u00e7a de DO Ribera del Duero al M\u00f3n la Cata, botiga especialitzada en begudes i alimentaci\u00f3 gourmet.\" \/>\n<meta property=\"og:url\" content=\"https:\/\/monlacata.cetrexmarketing.com\/ca\/producto\/carmelo-rodero-crianca\/\" \/>\n<meta property=\"og:site_name\" content=\"M\u00f3n La Cata\" \/>\n<meta property=\"article:modified_time\" content=\"2025-06-10T10:56:28+00:00\" \/>\n<meta property=\"og:image\" content=\"https:\/\/monlacata.cetrexmarketing.com\/wp-content\/uploads\/2017\/06\/carmelo-rodero-crianza.png\" \/>\n\t<meta property=\"og:image:width\" content=\"765\" \/>\n\t<meta property=\"og:image:height\" content=\"1024\" \/>\n\t<meta property=\"og:image:type\" content=\"image\/png\" \/>\n<meta name=\"twitter:card\" content=\"summary_large_image\" \/>\n<meta name=\"twitter:label1\" content=\"Temps estimat de lectura\" \/>\n\t<meta name=\"twitter:data1\" content=\"3 minuts\" \/>\n<script type=\"application\/ld+json\" class=\"yoast-schema-graph\">{\"@context\":\"https:\/\/schema.org\",\"@graph\":[{\"@type\":\"WebPage\",\"@id\":\"https:\/\/monlacata.cetrexmarketing.com\/ca\/producto\/carmelo-rodero-crianca\/\",\"url\":\"https:\/\/monlacata.cetrexmarketing.com\/ca\/producto\/carmelo-rodero-crianca\/\",\"name\":\"Carmelo Rodero Crian\u00e7a vi negre de la DO Ribera del Duero\",\"isPartOf\":{\"@id\":\"https:\/\/monlacata.cetrexmarketing.com\/#website\"},\"primaryImageOfPage\":{\"@id\":\"https:\/\/monlacata.cetrexmarketing.com\/ca\/producto\/carmelo-rodero-crianca\/#primaryimage\"},\"image\":{\"@id\":\"https:\/\/monlacata.cetrexmarketing.com\/ca\/producto\/carmelo-rodero-crianca\/#primaryimage\"},\"thumbnailUrl\":\"https:\/\/monlacata.cetrexmarketing.com\/wp-content\/uploads\/2017\/06\/carmelo-rodero-crianza.png\",\"datePublished\":\"2017-06-19T17:05:06+00:00\",\"dateModified\":\"2025-06-10T10:56:28+00:00\",\"description\":\"Comprar online al millor preu vi negre Carmelo Rodero Crian\u00e7a de DO Ribera del Duero al M\u00f3n la Cata, botiga especialitzada en begudes i alimentaci\u00f3 gourmet.\",\"breadcrumb\":{\"@id\":\"https:\/\/monlacata.cetrexmarketing.com\/ca\/producto\/carmelo-rodero-crianca\/#breadcrumb\"},\"inLanguage\":\"ca\",\"potentialAction\":[{\"@type\":\"ReadAction\",\"target\":[\"https:\/\/monlacata.cetrexmarketing.com\/ca\/producto\/carmelo-rodero-crianca\/\"]}]},{\"@type\":\"ImageObject\",\"inLanguage\":\"ca\",\"@id\":\"https:\/\/monlacata.cetrexmarketing.com\/ca\/producto\/carmelo-rodero-crianca\/#primaryimage\",\"url\":\"https:\/\/monlacata.cetrexmarketing.com\/wp-content\/uploads\/2017\/06\/carmelo-rodero-crianza.png\",\"contentUrl\":\"https:\/\/monlacata.cetrexmarketing.com\/wp-content\/uploads\/2017\/06\/carmelo-rodero-crianza.png\",\"width\":765,\"height\":1024,\"caption\":\"carmelo rodero crianza\"},{\"@type\":\"BreadcrumbList\",\"@id\":\"https:\/\/monlacata.cetrexmarketing.com\/ca\/producto\/carmelo-rodero-crianca\/#breadcrumb\",\"itemListElement\":[{\"@type\":\"ListItem\",\"position\":1,\"name\":\"Home\",\"item\":\"https:\/\/monlacata.cetrexmarketing.com\/ca\/\"},{\"@type\":\"ListItem\",\"position\":2,\"name\":\"Tienda\",\"item\":\"https:\/\/monlacata.cetrexmarketing.com\/ca\/tienda-2\/\"},{\"@type\":\"ListItem\",\"position\":3,\"name\":\"Vi\",\"item\":\"https:\/\/monlacata.cetrexmarketing.com\/categoria-producto\/home-ca\/vi-ca\/\"},{\"@type\":\"ListItem\",\"position\":4,\"name\":\"Vi Negre\",\"item\":\"https:\/\/monlacata.cetrexmarketing.com\/ca\/categoria-producto\/home-ca\/vi-ca\/vino-tinto-ca\/\"},{\"@type\":\"ListItem\",\"position\":5,\"name\":\"Carmelo Rodero Crian\u00e7a\"}]},{\"@type\":\"WebSite\",\"@id\":\"https:\/\/monlacata.cetrexmarketing.com\/#website\",\"url\":\"https:\/\/monlacata.cetrexmarketing.com\/\",\"name\":\"M\u00f3n La Cata\",\"description\":\"Tienda de vinos, licores, cervezas y gourmet\",\"publisher\":{\"@id\":\"https:\/\/monlacata.cetrexmarketing.com\/#organization\"},\"potentialAction\":[{\"@type\":\"SearchAction\",\"target\":{\"@type\":\"EntryPoint\",\"urlTemplate\":\"https:\/\/monlacata.cetrexmarketing.com\/?s={search_term_string}\"},\"query-input\":{\"@type\":\"PropertyValueSpecification\",\"valueRequired\":true,\"valueName\":\"search_term_string\"}}],\"inLanguage\":\"ca\"},{\"@type\":\"Organization\",\"@id\":\"https:\/\/monlacata.cetrexmarketing.com\/#organization\",\"name\":\"M\u00f3n La Cata\",\"url\":\"https:\/\/monlacata.cetrexmarketing.com\/\",\"logo\":{\"@type\":\"ImageObject\",\"inLanguage\":\"ca\",\"@id\":\"https:\/\/monlacata.cetrexmarketing.com\/#\/schema\/logo\/image\/\",\"url\":\"https:\/\/monlacata.cetrexmarketing.com\/wp-content\/uploads\/2024\/02\/monlacata-logo-blanc.png\",\"contentUrl\":\"https:\/\/monlacata.cetrexmarketing.com\/wp-content\/uploads\/2024\/02\/monlacata-logo-blanc.png\",\"width\":454,\"height\":193,\"caption\":\"M\u00f3n La Cata\"},\"image\":{\"@id\":\"https:\/\/monlacata.cetrexmarketing.com\/#\/schema\/logo\/image\/\"}}]}<\/script>\n<!-- \/ Yoast SEO Premium plugin. -->","yoast_head_json":{"title":"Carmelo Rodero Crian\u00e7a vi negre de la DO Ribera del Duero","description":"Comprar online al millor preu vi negre Carmelo Rodero Crian\u00e7a de DO Ribera del Duero al M\u00f3n la Cata, botiga especialitzada en begudes i alimentaci\u00f3 gourmet.","robots":{"index":"noindex","follow":"follow","max-snippet":"max-snippet:-1","max-image-preview":"max-image-preview:large","max-video-preview":"max-video-preview:-1"},"og_locale":"ca_ES","og_type":"article","og_title":"Carmelo Rodero Crian\u00e7a","og_description":"Comprar online al millor preu vi negre Carmelo Rodero Crian\u00e7a de DO Ribera del Duero al M\u00f3n la Cata, botiga especialitzada en begudes i alimentaci\u00f3 gourmet.","og_url":"https:\/\/monlacata.cetrexmarketing.com\/ca\/producto\/carmelo-rodero-crianca\/","og_site_name":"M\u00f3n La Cata","article_modified_time":"2025-06-10T10:56:28+00:00","og_image":[{"width":765,"height":1024,"url":"https:\/\/monlacata.cetrexmarketing.com\/wp-content\/uploads\/2017\/06\/carmelo-rodero-crianza.png","type":"image\/png"}],"twitter_card":"summary_large_image","twitter_misc":{"Temps estimat de lectura":"3 minuts"},"schema":{"@context":"https:\/\/schema.org","@graph":[{"@type":"WebPage","@id":"https:\/\/monlacata.cetrexmarketing.com\/ca\/producto\/carmelo-rodero-crianca\/","url":"https:\/\/monlacata.cetrexmarketing.com\/ca\/producto\/carmelo-rodero-crianca\/","name":"Carmelo Rodero Crian\u00e7a vi negre de la DO Ribera del Duero","isPartOf":{"@id":"https:\/\/monlacata.cetrexmarketing.com\/#website"},"primaryImageOfPage":{"@id":"https:\/\/monlacata.cetrexmarketing.com\/ca\/producto\/carmelo-rodero-crianca\/#primaryimage"},"image":{"@id":"https:\/\/monlacata.cetrexmarketing.com\/ca\/producto\/carmelo-rodero-crianca\/#primaryimage"},"thumbnailUrl":"https:\/\/monlacata.cetrexmarketing.com\/wp-content\/uploads\/2017\/06\/carmelo-rodero-crianza.png","datePublished":"2017-06-19T17:05:06+00:00","dateModified":"2025-06-10T10:56:28+00:00","description":"Comprar online al millor preu vi negre Carmelo Rodero Crian\u00e7a de DO Ribera del Duero al M\u00f3n la Cata, botiga especialitzada en begudes i alimentaci\u00f3 gourmet.","breadcrumb":{"@id":"https:\/\/monlacata.cetrexmarketing.com\/ca\/producto\/carmelo-rodero-crianca\/#breadcrumb"},"inLanguage":"ca","potentialAction":[{"@type":"ReadAction","target":["https:\/\/monlacata.cetrexmarketing.com\/ca\/producto\/carmelo-rodero-crianca\/"]}]},{"@type":"ImageObject","inLanguage":"ca","@id":"https:\/\/monlacata.cetrexmarketing.com\/ca\/producto\/carmelo-rodero-crianca\/#primaryimage","url":"https:\/\/monlacata.cetrexmarketing.com\/wp-content\/uploads\/2017\/06\/carmelo-rodero-crianza.png","contentUrl":"https:\/\/monlacata.cetrexmarketing.com\/wp-content\/uploads\/2017\/06\/carmelo-rodero-crianza.png","width":765,"height":1024,"caption":"carmelo rodero crianza"},{"@type":"BreadcrumbList","@id":"https:\/\/monlacata.cetrexmarketing.com\/ca\/producto\/carmelo-rodero-crianca\/#breadcrumb","itemListElement":[{"@type":"ListItem","position":1,"name":"Home","item":"https:\/\/monlacata.cetrexmarketing.com\/ca\/"},{"@type":"ListItem","position":2,"name":"Tienda","item":"https:\/\/monlacata.cetrexmarketing.com\/ca\/tienda-2\/"},{"@type":"ListItem","position":3,"name":"Vi","item":"https:\/\/monlacata.cetrexmarketing.com\/categoria-producto\/home-ca\/vi-ca\/"},{"@type":"ListItem","position":4,"name":"Vi Negre","item":"https:\/\/monlacata.cetrexmarketing.com\/ca\/categoria-producto\/home-ca\/vi-ca\/vino-tinto-ca\/"},{"@type":"ListItem","position":5,"name":"Carmelo Rodero Crian\u00e7a"}]},{"@type":"WebSite","@id":"https:\/\/monlacata.cetrexmarketing.com\/#website","url":"https:\/\/monlacata.cetrexmarketing.com\/","name":"M\u00f3n La Cata","description":"Tienda de vinos, licores, cervezas y gourmet","publisher":{"@id":"https:\/\/monlacata.cetrexmarketing.com\/#organization"},"potentialAction":[{"@type":"SearchAction","target":{"@type":"EntryPoint","urlTemplate":"https:\/\/monlacata.cetrexmarketing.com\/?s={search_term_string}"},"query-input":{"@type":"PropertyValueSpecification","valueRequired":true,"valueName":"search_term_string"}}],"inLanguage":"ca"},{"@type":"Organization","@id":"https:\/\/monlacata.cetrexmarketing.com\/#organization","name":"M\u00f3n La Cata","url":"https:\/\/monlacata.cetrexmarketing.com\/","logo":{"@type":"ImageObject","inLanguage":"ca","@id":"https:\/\/monlacata.cetrexmarketing.com\/#\/schema\/logo\/image\/","url":"https:\/\/monlacata.cetrexmarketing.com\/wp-content\/uploads\/2024\/02\/monlacata-logo-blanc.png","contentUrl":"https:\/\/monlacata.cetrexmarketing.com\/wp-content\/uploads\/2024\/02\/monlacata-logo-blanc.png","width":454,"height":193,"caption":"M\u00f3n La Cata"},"image":{"@id":"https:\/\/monlacata.cetrexmarketing.com\/#\/schema\/logo\/image\/"}}]}},"brands":[{"id":32905,"name":"Ribera del Duero D.O.","slug":"ribera-del-duero-d-o"}],"tiered_pricing_type":"fixed","tiered_pricing_fixed_rules":[],"tiered_pricing_product_settings":{"layout":"default","base_unit_name":{"singular":null,"plural":null},"default_variation":null},"tiered_pricing_minimum_quantity":null,"tiered_pricing_roles_data":[],"tiered_pricing_percentage_rules":[],"tiered_pricing_maximum_quantity":null,"tiered_pricing_quantity_step":null,"_links":{"self":[{"href":"https:\/\/monlacata.cetrexmarketing.com\/ca\/wp-json\/wp\/v2\/product\/43593","targetHints":{"allow":["GET"]}}],"collection":[{"href":"https:\/\/monlacata.cetrexmarketing.com\/ca\/wp-json\/wp\/v2\/product"}],"about":[{"href":"https:\/\/monlacata.cetrexmarketing.com\/ca\/wp-json\/wp\/v2\/types\/product"}],"replies":[{"embeddable":true,"href":"https:\/\/monlacata.cetrexmarketing.com\/ca\/wp-json\/wp\/v2\/comments?post=43593"}],"wp:featuredmedia":[{"embeddable":true,"href":"https:\/\/monlacata.cetrexmarketing.com\/ca\/wp-json\/wp\/v2\/media\/78844"}],"wp:attachment":[{"href":"https:\/\/monlacata.cetrexmarketing.com\/ca\/wp-json\/wp\/v2\/media?parent=43593"}],"wp:term":[{"taxonomy":"pwb-brand","embeddable":true,"href":"https:\/\/monlacata.cetrexmarketing.com\/ca\/wp-json\/wp\/v2\/pwb-brand?post=43593"},{"taxonomy":"product_cat","embeddable":true,"href":"https:\/\/monlacata.cetrexmarketing.com\/ca\/wp-json\/wp\/v2\/product_cat?post=43593"},{"taxonomy":"product_tag","embeddable":true,"href":"https:\/\/monlacata.cetrexmarketing.com\/ca\/wp-json\/wp\/v2\/product_tag?post=43593"}],"curies":[{"name":"wp","href":"https:\/\/api.w.org\/{rel}","templated":true}]}}