{"id":43627,"date":"2017-06-19T17:05:06","date_gmt":"2017-06-19T17:05:06","guid":{"rendered":"https:\/\/monlacata.cetrexmarketing.com\/producto\/finca-villacreces-pruno\/"},"modified":"2026-01-28T12:32:00","modified_gmt":"2026-01-28T12:32:00","slug":"finca-villacreces-pruno","status":"publish","type":"product","link":"https:\/\/monlacata.cetrexmarketing.com\/ca\/producto\/finca-villacreces-pruno\/","title":{"rendered":"Finca Villacreces Pruno"},"content":{"rendered":"<p><strong>Finca Villacreces Pruno<\/strong><\/p>\n<p>Pruno \u00e9s un vi que desborda fruita i amabilitat. S&#8217;elabora a partir d&#8217;una acurada selecci\u00f3 de ra\u00efm de les vinyes de la mateixa finca. On l&#8217;Ull de Llebre es complementa amb una petita part de Cabernet Sauvignon. Despr\u00e9s de descansar 12 mesos en b\u00f3tes de roure franc\u00e8s de segon any, ofereix un nas llaminer ple de nabius, regal\u00e8ssia i notes de <i data-path-to-node=\"5\" data-index-in-node=\"342\">toffee<\/i> i cacau. En boca \u00e9s una del\u00edcia. \u00c9s carn\u00f3s, rod\u00f3 i molt equilibrat, amb un tan\u00ed suau que el fa extremadament f\u00e0cil de gaudir. \u00c9s el vi &#8220;totterreny&#8221; per excel\u00b7l\u00e8ncia, amb la sofisticaci\u00f3 de la Ribera del Duero per\u00f2 amb un perfil modern i accessible per a tots els paladars.<\/p>\n","protected":false},"excerpt":{"rendered":"<p>Finca Villacreces Pruno Pruno \u00e9s un vi que desborda fruita i amabilitat. S&#8217;elabora a partir d&#8217;una acurada selecci\u00f3 de ra\u00efm de les vinyes de la mateixa finca. On l&#8217;Ull de Llebre es complementa amb una petita part de Cabernet Sauvignon. Despr\u00e9s de descansar 12 mesos en b\u00f3tes de roure franc\u00e8s de segon any, ofereix un&hellip;<\/p>\n","protected":false},"featured_media":79110,"comment_status":"closed","ping_status":"closed","template":"","meta":{"_acf_changed":false},"pwb-brand":[32905],"product_cat":[33020,33054],"product_tag":[16157,53562,16163,16164,51035,50324,50323],"class_list":{"0":"post-43627","1":"product","2":"type-product","3":"status-publish","4":"has-post-thumbnail","6":"pwb-brand-ribera-del-duero-d-o","7":"product_cat-vi-ca","8":"product_cat-vino-tinto-ca","9":"product_tag-finca-villacreces-ca","10":"product_tag-finca-villacreces-pruno-ca","11":"product_tag-pruno-ca","12":"product_tag-pruno-finca-villacreces-ca","13":"product_tag-ribera-del-duero-ca-4","14":"product_tag-vi-ca-2","15":"product_tag-vi-negre-ca-2","16":"pa_anada-2023-ca","17":"pa_bodega-fincavillacreces-ca","18":"pa_do-riberadelduerodo-ca","19":"pa_formatoenl-075-ca","20":"pa_formatoenml-750-ca","21":"pa_gastronomico-negre-gastronomic","22":"pa_graduacion-14_0-ca","23":"pa_maridaje-carn-blanca","24":"pa_maridaje-carn-roja","25":"pa_maridaje-midons","26":"pa_pais-espanya-ca","27":"pa_pesoengramos-1400-ca","28":"pa_pesoenkg-14-ca","29":"pa_tipodevino-vi-tranquil","30":"pa_variedad-principal-cabernet-sauvignon-ca","31":"pa_variedad-principal-negre-fi","32":"pa_variedades-tintofino_cabernetsauvignon","33":"entry","34":"has-media","36":"first","37":"instock","38":"taxable","39":"shipping-taxable","40":"purchasable","41":"product-type-simple"},"acf":[],"yoast_head":"<!-- This site is optimized with the Yoast SEO Premium plugin v23.1 (Yoast SEO v24.1) - https:\/\/yoast.com\/wordpress\/plugins\/seo\/ -->\n<title>Pruno Finca Villacreces vi negre DO Ribera del Duero<\/title>\n<meta name=\"description\" content=\"Comprar online al millor preu el vi negre Pruno de Finca Villacreces a M\u00f3n la Cata. Viniteca. Licoreria. Destil.lats. Begudes. Productes Gourmet.\" \/>\n<meta name=\"robots\" content=\"noindex, follow, max-snippet:-1, max-image-preview:large, max-video-preview:-1\" \/>\n<meta property=\"og:locale\" content=\"ca_ES\" \/>\n<meta property=\"og:type\" content=\"article\" \/>\n<meta property=\"og:title\" content=\"Finca Villacreces Pruno\" \/>\n<meta property=\"og:description\" content=\"Comprar online al millor preu el vi negre Pruno de Finca Villacreces a M\u00f3n la Cata. Viniteca. Licoreria. Destil.lats. Begudes. Productes Gourmet.\" \/>\n<meta property=\"og:url\" content=\"https:\/\/monlacata.cetrexmarketing.com\/ca\/producto\/finca-villacreces-pruno\/\" \/>\n<meta property=\"og:site_name\" content=\"M\u00f3n La Cata\" \/>\n<meta property=\"article:modified_time\" content=\"2026-01-28T12:32:00+00:00\" \/>\n<meta property=\"og:image\" content=\"https:\/\/monlacata.cetrexmarketing.com\/wp-content\/uploads\/2017\/06\/finca-villacreces-pruno.jpg.png\" \/>\n\t<meta property=\"og:image:width\" content=\"765\" \/>\n\t<meta property=\"og:image:height\" content=\"1024\" \/>\n\t<meta property=\"og:image:type\" content=\"image\/png\" \/>\n<meta name=\"twitter:card\" content=\"summary_large_image\" \/>\n<meta name=\"twitter:label1\" content=\"Temps estimat de lectura\" \/>\n\t<meta name=\"twitter:data1\" content=\"1 minut\" \/>\n<script type=\"application\/ld+json\" class=\"yoast-schema-graph\">{\"@context\":\"https:\/\/schema.org\",\"@graph\":[{\"@type\":\"WebPage\",\"@id\":\"https:\/\/monlacata.cetrexmarketing.com\/ca\/producto\/finca-villacreces-pruno\/\",\"url\":\"https:\/\/monlacata.cetrexmarketing.com\/ca\/producto\/finca-villacreces-pruno\/\",\"name\":\"Pruno Finca Villacreces vi negre DO Ribera del Duero\",\"isPartOf\":{\"@id\":\"https:\/\/monlacata.cetrexmarketing.com\/#website\"},\"primaryImageOfPage\":{\"@id\":\"https:\/\/monlacata.cetrexmarketing.com\/ca\/producto\/finca-villacreces-pruno\/#primaryimage\"},\"image\":{\"@id\":\"https:\/\/monlacata.cetrexmarketing.com\/ca\/producto\/finca-villacreces-pruno\/#primaryimage\"},\"thumbnailUrl\":\"https:\/\/monlacata.cetrexmarketing.com\/wp-content\/uploads\/2017\/06\/finca-villacreces-pruno.jpg.png\",\"datePublished\":\"2017-06-19T17:05:06+00:00\",\"dateModified\":\"2026-01-28T12:32:00+00:00\",\"description\":\"Comprar online al millor preu el vi negre Pruno de Finca Villacreces a M\u00f3n la Cata. Viniteca. Licoreria. Destil.lats. Begudes. Productes Gourmet.\",\"breadcrumb\":{\"@id\":\"https:\/\/monlacata.cetrexmarketing.com\/ca\/producto\/finca-villacreces-pruno\/#breadcrumb\"},\"inLanguage\":\"ca\",\"potentialAction\":[{\"@type\":\"ReadAction\",\"target\":[\"https:\/\/monlacata.cetrexmarketing.com\/ca\/producto\/finca-villacreces-pruno\/\"]}]},{\"@type\":\"ImageObject\",\"inLanguage\":\"ca\",\"@id\":\"https:\/\/monlacata.cetrexmarketing.com\/ca\/producto\/finca-villacreces-pruno\/#primaryimage\",\"url\":\"https:\/\/monlacata.cetrexmarketing.com\/wp-content\/uploads\/2017\/06\/finca-villacreces-pruno.jpg.png\",\"contentUrl\":\"https:\/\/monlacata.cetrexmarketing.com\/wp-content\/uploads\/2017\/06\/finca-villacreces-pruno.jpg.png\",\"width\":765,\"height\":1024,\"caption\":\"finca villacreces pruno.jpg\"},{\"@type\":\"BreadcrumbList\",\"@id\":\"https:\/\/monlacata.cetrexmarketing.com\/ca\/producto\/finca-villacreces-pruno\/#breadcrumb\",\"itemListElement\":[{\"@type\":\"ListItem\",\"position\":1,\"name\":\"Home\",\"item\":\"https:\/\/monlacata.cetrexmarketing.com\/ca\/\"},{\"@type\":\"ListItem\",\"position\":2,\"name\":\"Tienda\",\"item\":\"https:\/\/monlacata.cetrexmarketing.com\/ca\/tienda-2\/\"},{\"@type\":\"ListItem\",\"position\":3,\"name\":\"Vi\",\"item\":\"https:\/\/monlacata.cetrexmarketing.com\/categoria-producto\/home-ca\/vi-ca\/\"},{\"@type\":\"ListItem\",\"position\":4,\"name\":\"Vi Negre\",\"item\":\"https:\/\/monlacata.cetrexmarketing.com\/ca\/categoria-producto\/home-ca\/vi-ca\/vino-tinto-ca\/\"},{\"@type\":\"ListItem\",\"position\":5,\"name\":\"Finca Villacreces Pruno\"}]},{\"@type\":\"WebSite\",\"@id\":\"https:\/\/monlacata.cetrexmarketing.com\/#website\",\"url\":\"https:\/\/monlacata.cetrexmarketing.com\/\",\"name\":\"M\u00f3n La Cata\",\"description\":\"Tienda de vinos, licores, cervezas y gourmet\",\"publisher\":{\"@id\":\"https:\/\/monlacata.cetrexmarketing.com\/#organization\"},\"potentialAction\":[{\"@type\":\"SearchAction\",\"target\":{\"@type\":\"EntryPoint\",\"urlTemplate\":\"https:\/\/monlacata.cetrexmarketing.com\/?s={search_term_string}\"},\"query-input\":{\"@type\":\"PropertyValueSpecification\",\"valueRequired\":true,\"valueName\":\"search_term_string\"}}],\"inLanguage\":\"ca\"},{\"@type\":\"Organization\",\"@id\":\"https:\/\/monlacata.cetrexmarketing.com\/#organization\",\"name\":\"M\u00f3n La Cata\",\"url\":\"https:\/\/monlacata.cetrexmarketing.com\/\",\"logo\":{\"@type\":\"ImageObject\",\"inLanguage\":\"ca\",\"@id\":\"https:\/\/monlacata.cetrexmarketing.com\/#\/schema\/logo\/image\/\",\"url\":\"https:\/\/monlacata.cetrexmarketing.com\/wp-content\/uploads\/2024\/02\/monlacata-logo-blanc.png\",\"contentUrl\":\"https:\/\/monlacata.cetrexmarketing.com\/wp-content\/uploads\/2024\/02\/monlacata-logo-blanc.png\",\"width\":454,\"height\":193,\"caption\":\"M\u00f3n La Cata\"},\"image\":{\"@id\":\"https:\/\/monlacata.cetrexmarketing.com\/#\/schema\/logo\/image\/\"}}]}<\/script>\n<!-- \/ Yoast SEO Premium plugin. -->","yoast_head_json":{"title":"Pruno Finca Villacreces vi negre DO Ribera del Duero","description":"Comprar online al millor preu el vi negre Pruno de Finca Villacreces a M\u00f3n la Cata. Viniteca. Licoreria. Destil.lats. Begudes. Productes Gourmet.","robots":{"index":"noindex","follow":"follow","max-snippet":"max-snippet:-1","max-image-preview":"max-image-preview:large","max-video-preview":"max-video-preview:-1"},"og_locale":"ca_ES","og_type":"article","og_title":"Finca Villacreces Pruno","og_description":"Comprar online al millor preu el vi negre Pruno de Finca Villacreces a M\u00f3n la Cata. Viniteca. Licoreria. Destil.lats. Begudes. Productes Gourmet.","og_url":"https:\/\/monlacata.cetrexmarketing.com\/ca\/producto\/finca-villacreces-pruno\/","og_site_name":"M\u00f3n La Cata","article_modified_time":"2026-01-28T12:32:00+00:00","og_image":[{"width":765,"height":1024,"url":"https:\/\/monlacata.cetrexmarketing.com\/wp-content\/uploads\/2017\/06\/finca-villacreces-pruno.jpg.png","type":"image\/png"}],"twitter_card":"summary_large_image","twitter_misc":{"Temps estimat de lectura":"1 minut"},"schema":{"@context":"https:\/\/schema.org","@graph":[{"@type":"WebPage","@id":"https:\/\/monlacata.cetrexmarketing.com\/ca\/producto\/finca-villacreces-pruno\/","url":"https:\/\/monlacata.cetrexmarketing.com\/ca\/producto\/finca-villacreces-pruno\/","name":"Pruno Finca Villacreces vi negre DO Ribera del Duero","isPartOf":{"@id":"https:\/\/monlacata.cetrexmarketing.com\/#website"},"primaryImageOfPage":{"@id":"https:\/\/monlacata.cetrexmarketing.com\/ca\/producto\/finca-villacreces-pruno\/#primaryimage"},"image":{"@id":"https:\/\/monlacata.cetrexmarketing.com\/ca\/producto\/finca-villacreces-pruno\/#primaryimage"},"thumbnailUrl":"https:\/\/monlacata.cetrexmarketing.com\/wp-content\/uploads\/2017\/06\/finca-villacreces-pruno.jpg.png","datePublished":"2017-06-19T17:05:06+00:00","dateModified":"2026-01-28T12:32:00+00:00","description":"Comprar online al millor preu el vi negre Pruno de Finca Villacreces a M\u00f3n la Cata. Viniteca. Licoreria. Destil.lats. Begudes. Productes Gourmet.","breadcrumb":{"@id":"https:\/\/monlacata.cetrexmarketing.com\/ca\/producto\/finca-villacreces-pruno\/#breadcrumb"},"inLanguage":"ca","potentialAction":[{"@type":"ReadAction","target":["https:\/\/monlacata.cetrexmarketing.com\/ca\/producto\/finca-villacreces-pruno\/"]}]},{"@type":"ImageObject","inLanguage":"ca","@id":"https:\/\/monlacata.cetrexmarketing.com\/ca\/producto\/finca-villacreces-pruno\/#primaryimage","url":"https:\/\/monlacata.cetrexmarketing.com\/wp-content\/uploads\/2017\/06\/finca-villacreces-pruno.jpg.png","contentUrl":"https:\/\/monlacata.cetrexmarketing.com\/wp-content\/uploads\/2017\/06\/finca-villacreces-pruno.jpg.png","width":765,"height":1024,"caption":"finca villacreces pruno.jpg"},{"@type":"BreadcrumbList","@id":"https:\/\/monlacata.cetrexmarketing.com\/ca\/producto\/finca-villacreces-pruno\/#breadcrumb","itemListElement":[{"@type":"ListItem","position":1,"name":"Home","item":"https:\/\/monlacata.cetrexmarketing.com\/ca\/"},{"@type":"ListItem","position":2,"name":"Tienda","item":"https:\/\/monlacata.cetrexmarketing.com\/ca\/tienda-2\/"},{"@type":"ListItem","position":3,"name":"Vi","item":"https:\/\/monlacata.cetrexmarketing.com\/categoria-producto\/home-ca\/vi-ca\/"},{"@type":"ListItem","position":4,"name":"Vi Negre","item":"https:\/\/monlacata.cetrexmarketing.com\/ca\/categoria-producto\/home-ca\/vi-ca\/vino-tinto-ca\/"},{"@type":"ListItem","position":5,"name":"Finca Villacreces Pruno"}]},{"@type":"WebSite","@id":"https:\/\/monlacata.cetrexmarketing.com\/#website","url":"https:\/\/monlacata.cetrexmarketing.com\/","name":"M\u00f3n La Cata","description":"Tienda de vinos, licores, cervezas y gourmet","publisher":{"@id":"https:\/\/monlacata.cetrexmarketing.com\/#organization"},"potentialAction":[{"@type":"SearchAction","target":{"@type":"EntryPoint","urlTemplate":"https:\/\/monlacata.cetrexmarketing.com\/?s={search_term_string}"},"query-input":{"@type":"PropertyValueSpecification","valueRequired":true,"valueName":"search_term_string"}}],"inLanguage":"ca"},{"@type":"Organization","@id":"https:\/\/monlacata.cetrexmarketing.com\/#organization","name":"M\u00f3n La Cata","url":"https:\/\/monlacata.cetrexmarketing.com\/","logo":{"@type":"ImageObject","inLanguage":"ca","@id":"https:\/\/monlacata.cetrexmarketing.com\/#\/schema\/logo\/image\/","url":"https:\/\/monlacata.cetrexmarketing.com\/wp-content\/uploads\/2024\/02\/monlacata-logo-blanc.png","contentUrl":"https:\/\/monlacata.cetrexmarketing.com\/wp-content\/uploads\/2024\/02\/monlacata-logo-blanc.png","width":454,"height":193,"caption":"M\u00f3n La Cata"},"image":{"@id":"https:\/\/monlacata.cetrexmarketing.com\/#\/schema\/logo\/image\/"}}]}},"brands":[{"id":32905,"name":"Ribera del Duero D.O.","slug":"ribera-del-duero-d-o"}],"tiered_pricing_type":"fixed","tiered_pricing_fixed_rules":[],"tiered_pricing_product_settings":{"layout":"default","base_unit_name":{"singular":null,"plural":null},"default_variation":null},"tiered_pricing_minimum_quantity":null,"tiered_pricing_roles_data":[],"tiered_pricing_percentage_rules":[],"tiered_pricing_maximum_quantity":null,"tiered_pricing_quantity_step":null,"_links":{"self":[{"href":"https:\/\/monlacata.cetrexmarketing.com\/ca\/wp-json\/wp\/v2\/product\/43627","targetHints":{"allow":["GET"]}}],"collection":[{"href":"https:\/\/monlacata.cetrexmarketing.com\/ca\/wp-json\/wp\/v2\/product"}],"about":[{"href":"https:\/\/monlacata.cetrexmarketing.com\/ca\/wp-json\/wp\/v2\/types\/product"}],"replies":[{"embeddable":true,"href":"https:\/\/monlacata.cetrexmarketing.com\/ca\/wp-json\/wp\/v2\/comments?post=43627"}],"wp:featuredmedia":[{"embeddable":true,"href":"https:\/\/monlacata.cetrexmarketing.com\/ca\/wp-json\/wp\/v2\/media\/79110"}],"wp:attachment":[{"href":"https:\/\/monlacata.cetrexmarketing.com\/ca\/wp-json\/wp\/v2\/media?parent=43627"}],"wp:term":[{"taxonomy":"pwb-brand","embeddable":true,"href":"https:\/\/monlacata.cetrexmarketing.com\/ca\/wp-json\/wp\/v2\/pwb-brand?post=43627"},{"taxonomy":"product_cat","embeddable":true,"href":"https:\/\/monlacata.cetrexmarketing.com\/ca\/wp-json\/wp\/v2\/product_cat?post=43627"},{"taxonomy":"product_tag","embeddable":true,"href":"https:\/\/monlacata.cetrexmarketing.com\/ca\/wp-json\/wp\/v2\/product_tag?post=43627"}],"curies":[{"name":"wp","href":"https:\/\/api.w.org\/{rel}","templated":true}]}}