{"id":43943,"date":"2017-06-19T17:05:06","date_gmt":"2017-06-19T17:05:06","guid":{"rendered":"https:\/\/monlacata.cetrexmarketing.com\/producto\/raimat-vol-d-anima-rosat\/"},"modified":"2025-06-09T17:35:17","modified_gmt":"2025-06-09T17:35:17","slug":"raimat-vol-d-anima-rosat","status":"publish","type":"product","link":"https:\/\/monlacata.cetrexmarketing.com\/ca\/producto\/raimat-vol-d-anima-rosat\/","title":{"rendered":"Raimat Vol d&#8217;\u00c0nima Rosat"},"content":{"rendered":"<p data-start=\"184\" data-end=\"487\">El <strong data-start=\"187\" data-end=\"208\">Vol d\u2019\u00c0nima Rosat<\/strong> de <strong data-start=\"212\" data-end=\"222\">Raimat<\/strong>, pertanyent a la <strong data-start=\"240\" data-end=\"264\">DO Costers del Segre<\/strong>, \u00e9s un vi rosat jove i vibrant que captura l\u2019esperit contemporani de la bodega. Elaborat principalment amb ra\u00efms <strong data-start=\"378\" data-end=\"392\">Pinot Noir<\/strong> i <strong data-start=\"395\" data-end=\"407\">Garnatxa<\/strong>, reflecteix l\u2019harmonia entre innovaci\u00f3, sostenibilitat i respecte per la terra.<\/p>\n<p data-start=\"489\" data-end=\"507\"><strong data-start=\"489\" data-end=\"505\">Nota de tast<\/strong><\/p>\n<ul data-start=\"508\" data-end=\"851\">\n<li data-start=\"508\" data-end=\"588\">\n<p data-start=\"510\" data-end=\"588\"><strong data-start=\"510\" data-end=\"520\">Vista:<\/strong> Color rosa p\u00e0l\u00b7lid amb matisos pr\u00e9ssec, brillant i molt atractiu.<\/p>\n<\/li>\n<li data-start=\"589\" data-end=\"720\">\n<p data-start=\"591\" data-end=\"720\"><strong data-start=\"591\" data-end=\"599\">Nas:<\/strong> Aromes intensos i nets de fruites vermelles fresques com maduixa i cirera, amb subtils notes florals i un fons c\u00edtric.<\/p>\n<\/li>\n<li data-start=\"721\" data-end=\"851\">\n<p data-start=\"723\" data-end=\"851\"><strong data-start=\"723\" data-end=\"732\">Boca:<\/strong> Lleuger, fresc i equilibrat, amb bona acidesa, pas sed\u00f3s i un final persistent que deixa un agradable record afruitat.<\/p>\n<\/li>\n<\/ul>\n<p data-start=\"853\" data-end=\"1056\"><strong data-start=\"853\" data-end=\"876\">Maridatge recomanat<\/strong><br data-start=\"876\" data-end=\"879\" \/>Ideal per maridar amb amanides fresques, arrossos, cuina asi\u00e0tica, marisc o plats vegetarians. Perfecte per a aperitius, tardes d\u2019estiu o celebracions informals a l\u2019aire lliure.<\/p>\n<p data-start=\"1058\" data-end=\"1311\"><br data-start=\"1071\" data-end=\"1074\" \/><strong data-start=\"1074\" data-end=\"1095\">Vol d\u2019\u00c0nima Rosat<\/strong> de Raimat \u00e9s un vi rosat modern i accessible, pensat per a qui busca frescor, qualitat i un perfil arom\u00e0tic net. El seu estil jove, elegant i vers\u00e0til el converteix en una opci\u00f3 ideal per gaudir en qualsevol moment.<\/p>\n","protected":false},"excerpt":{"rendered":"<p><strong data-start=\"0\" data-end=\"30\" data-is-only-node=\"\">Vol d\u2019\u00c0nima de Raimat Ros\u00e9<\/strong> \u00e9s un vi elegant i fresc, amb un color rosa p\u00e0l\u00b7lid i brillant. Al nas, desplega aromes c\u00edtrics de pomelo i mandarina, combinats amb fruits vermells com groselles i maduixes, a m\u00e9s de matisos de pr\u00e9ssec i un subtil toc mineral. En boca, \u00e9s vibrant i sed\u00f3s, amb una acidesa equilibrada que real\u00e7a el seu car\u00e0cter afruitats i un final llarg amb notes c\u00edtriques i un lleu toc sal\u00ed. Vers\u00e0til i refinat, \u00e9s ideal per maridar amb cuina mediterr\u00e0nia, mariscs o sushi, servint-lo entre 8-10\u00b0C per gaudir plenament de la seva frescor.<\/p>\n<p><span style=\"font-weight: 400;\">. <\/span><\/p>\n","protected":false},"featured_media":62942,"comment_status":"closed","ping_status":"closed","template":"","meta":{"_acf_changed":false},"pwb-brand":[32877,32874],"product_cat":[33020,33078,33048,33070],"product_tag":[14927,14925,14926,52357,48509,50324,48488,52356],"class_list":{"0":"post-43943","1":"product","2":"type-product","3":"status-publish","4":"has-post-thumbnail","6":"pwb-brand-coster-del-segre-d-o","7":"pwb-brand-ca-raimat-ca","8":"product_cat-vi-ca","9":"product_cat-vino-rosado-ca","10":"product_cat-ecologic-ca","11":"product_cat-vega-ca","12":"product_tag-costers-del-segre-ca","13":"product_tag-do-costers-del-segre-ca","14":"product_tag-raimat-ca","15":"product_tag-raimat-vol-danima-rosat","16":"product_tag-rosat-ca","17":"product_tag-vi-ca-2","18":"product_tag-vi-rosat-ca","19":"product_tag-vol-danima-ca","20":"pa_anada-2024-ca","21":"pa_bodega-raimat-ca","22":"pa_do-costersdelsegredo-ca","23":"pa_ecologico-vegano-natural-ecologic","24":"pa_ecologico-vegano-natural-vega","25":"pa_envejecimiento-jove","26":"pa_formatoenml-750-ca","27":"pa_fresco-rosat-fresc","28":"pa_graduacion-12_5-ca","29":"pa_maridaje-embotits","30":"pa_maridaje-midons","31":"pa_pais-espanya-ca","32":"pa_pueblociudad-raimatlleida-ca","33":"pa_region-cataluna-ca","34":"pa_variedad-principal-pinot-noir-ca","35":"pa_variedades-garnachatinta_pinotnoir","36":"entry","37":"has-media","39":"first","40":"instock","41":"taxable","42":"shipping-taxable","43":"purchasable","44":"product-type-simple"},"acf":[],"yoast_head":"<!-- This site is optimized with the Yoast SEO Premium plugin v23.1 (Yoast SEO v24.1) - https:\/\/yoast.com\/wordpress\/plugins\/seo\/ -->\n<title>Raimat Vol d&#039;\u00c0nima Rosat<\/title>\n<meta name=\"description\" content=\"Comprar vi rosat Raimat Vol d&#039;\u00c0nima Botiga de vins online al millor preu. Selecci\u00f3n de productos de calidad.\" \/>\n<meta name=\"robots\" content=\"noindex, follow, max-snippet:-1, max-image-preview:large, max-video-preview:-1\" \/>\n<meta property=\"og:locale\" content=\"ca_ES\" \/>\n<meta property=\"og:type\" content=\"article\" \/>\n<meta property=\"og:title\" content=\"Raimat Vol d&#039;\u00c0nima Rosat\" \/>\n<meta property=\"og:description\" content=\"Comprar vi rosat Raimat Vol d&#039;\u00c0nima Botiga de vins online al millor preu. Selecci\u00f3n de productos de calidad.\" \/>\n<meta property=\"og:url\" content=\"https:\/\/monlacata.cetrexmarketing.com\/ca\/producto\/raimat-vol-d-anima-rosat\/\" \/>\n<meta property=\"og:site_name\" content=\"M\u00f3n La Cata\" \/>\n<meta property=\"article:modified_time\" content=\"2025-06-09T17:35:17+00:00\" \/>\n<meta property=\"og:image\" content=\"https:\/\/monlacata.cetrexmarketing.com\/wp-content\/uploads\/2017\/06\/vino-rosado-vol-danima-raimat.jpg.png\" \/>\n\t<meta property=\"og:image:width\" content=\"765\" \/>\n\t<meta property=\"og:image:height\" content=\"1024\" \/>\n\t<meta property=\"og:image:type\" content=\"image\/png\" \/>\n<meta name=\"twitter:card\" content=\"summary_large_image\" \/>\n<meta name=\"twitter:label1\" content=\"Temps estimat de lectura\" \/>\n\t<meta name=\"twitter:data1\" content=\"2 minuts\" \/>\n<script type=\"application\/ld+json\" class=\"yoast-schema-graph\">{\"@context\":\"https:\/\/schema.org\",\"@graph\":[{\"@type\":\"WebPage\",\"@id\":\"https:\/\/monlacata.cetrexmarketing.com\/ca\/producto\/raimat-vol-d-anima-rosat\/\",\"url\":\"https:\/\/monlacata.cetrexmarketing.com\/ca\/producto\/raimat-vol-d-anima-rosat\/\",\"name\":\"Raimat Vol d'\u00c0nima Rosat\",\"isPartOf\":{\"@id\":\"https:\/\/monlacata.cetrexmarketing.com\/#website\"},\"primaryImageOfPage\":{\"@id\":\"https:\/\/monlacata.cetrexmarketing.com\/ca\/producto\/raimat-vol-d-anima-rosat\/#primaryimage\"},\"image\":{\"@id\":\"https:\/\/monlacata.cetrexmarketing.com\/ca\/producto\/raimat-vol-d-anima-rosat\/#primaryimage\"},\"thumbnailUrl\":\"https:\/\/monlacata.cetrexmarketing.com\/wp-content\/uploads\/2017\/06\/vino-rosado-vol-danima-raimat.jpg.png\",\"datePublished\":\"2017-06-19T17:05:06+00:00\",\"dateModified\":\"2025-06-09T17:35:17+00:00\",\"description\":\"Comprar vi rosat Raimat Vol d'\u00c0nima Botiga de vins online al millor preu. Selecci\u00f3n de productos de calidad.\",\"breadcrumb\":{\"@id\":\"https:\/\/monlacata.cetrexmarketing.com\/ca\/producto\/raimat-vol-d-anima-rosat\/#breadcrumb\"},\"inLanguage\":\"ca\",\"potentialAction\":[{\"@type\":\"ReadAction\",\"target\":[\"https:\/\/monlacata.cetrexmarketing.com\/ca\/producto\/raimat-vol-d-anima-rosat\/\"]}]},{\"@type\":\"ImageObject\",\"inLanguage\":\"ca\",\"@id\":\"https:\/\/monlacata.cetrexmarketing.com\/ca\/producto\/raimat-vol-d-anima-rosat\/#primaryimage\",\"url\":\"https:\/\/monlacata.cetrexmarketing.com\/wp-content\/uploads\/2017\/06\/vino-rosado-vol-danima-raimat.jpg.png\",\"contentUrl\":\"https:\/\/monlacata.cetrexmarketing.com\/wp-content\/uploads\/2017\/06\/vino-rosado-vol-danima-raimat.jpg.png\",\"width\":765,\"height\":1024,\"caption\":\"vino rosado vol d'anima raimat.jpg\"},{\"@type\":\"BreadcrumbList\",\"@id\":\"https:\/\/monlacata.cetrexmarketing.com\/ca\/producto\/raimat-vol-d-anima-rosat\/#breadcrumb\",\"itemListElement\":[{\"@type\":\"ListItem\",\"position\":1,\"name\":\"Home\",\"item\":\"https:\/\/monlacata.cetrexmarketing.com\/ca\/\"},{\"@type\":\"ListItem\",\"position\":2,\"name\":\"Tienda\",\"item\":\"https:\/\/monlacata.cetrexmarketing.com\/ca\/tienda-2\/\"},{\"@type\":\"ListItem\",\"position\":3,\"name\":\"Vi\",\"item\":\"https:\/\/monlacata.cetrexmarketing.com\/categoria-producto\/home-ca\/vi-ca\/\"},{\"@type\":\"ListItem\",\"position\":4,\"name\":\"Vi Rosat\",\"item\":\"https:\/\/monlacata.cetrexmarketing.com\/ca\/categoria-producto\/home-ca\/vi-ca\/vino-rosado-ca\/\"},{\"@type\":\"ListItem\",\"position\":5,\"name\":\"Raimat Vol d&#8217;\u00c0nima Rosat\"}]},{\"@type\":\"WebSite\",\"@id\":\"https:\/\/monlacata.cetrexmarketing.com\/#website\",\"url\":\"https:\/\/monlacata.cetrexmarketing.com\/\",\"name\":\"M\u00f3n La Cata\",\"description\":\"Tienda de vinos, licores, cervezas y gourmet\",\"publisher\":{\"@id\":\"https:\/\/monlacata.cetrexmarketing.com\/#organization\"},\"potentialAction\":[{\"@type\":\"SearchAction\",\"target\":{\"@type\":\"EntryPoint\",\"urlTemplate\":\"https:\/\/monlacata.cetrexmarketing.com\/?s={search_term_string}\"},\"query-input\":{\"@type\":\"PropertyValueSpecification\",\"valueRequired\":true,\"valueName\":\"search_term_string\"}}],\"inLanguage\":\"ca\"},{\"@type\":\"Organization\",\"@id\":\"https:\/\/monlacata.cetrexmarketing.com\/#organization\",\"name\":\"M\u00f3n La Cata\",\"url\":\"https:\/\/monlacata.cetrexmarketing.com\/\",\"logo\":{\"@type\":\"ImageObject\",\"inLanguage\":\"ca\",\"@id\":\"https:\/\/monlacata.cetrexmarketing.com\/#\/schema\/logo\/image\/\",\"url\":\"https:\/\/monlacata.cetrexmarketing.com\/wp-content\/uploads\/2024\/02\/monlacata-logo-blanc.png\",\"contentUrl\":\"https:\/\/monlacata.cetrexmarketing.com\/wp-content\/uploads\/2024\/02\/monlacata-logo-blanc.png\",\"width\":454,\"height\":193,\"caption\":\"M\u00f3n La Cata\"},\"image\":{\"@id\":\"https:\/\/monlacata.cetrexmarketing.com\/#\/schema\/logo\/image\/\"}}]}<\/script>\n<!-- \/ Yoast SEO Premium plugin. -->","yoast_head_json":{"title":"Raimat Vol d'\u00c0nima Rosat","description":"Comprar vi rosat Raimat Vol d'\u00c0nima Botiga de vins online al millor preu. Selecci\u00f3n de productos de calidad.","robots":{"index":"noindex","follow":"follow","max-snippet":"max-snippet:-1","max-image-preview":"max-image-preview:large","max-video-preview":"max-video-preview:-1"},"og_locale":"ca_ES","og_type":"article","og_title":"Raimat Vol d'\u00c0nima Rosat","og_description":"Comprar vi rosat Raimat Vol d'\u00c0nima Botiga de vins online al millor preu. Selecci\u00f3n de productos de calidad.","og_url":"https:\/\/monlacata.cetrexmarketing.com\/ca\/producto\/raimat-vol-d-anima-rosat\/","og_site_name":"M\u00f3n La Cata","article_modified_time":"2025-06-09T17:35:17+00:00","og_image":[{"width":765,"height":1024,"url":"https:\/\/monlacata.cetrexmarketing.com\/wp-content\/uploads\/2017\/06\/vino-rosado-vol-danima-raimat.jpg.png","type":"image\/png"}],"twitter_card":"summary_large_image","twitter_misc":{"Temps estimat de lectura":"2 minuts"},"schema":{"@context":"https:\/\/schema.org","@graph":[{"@type":"WebPage","@id":"https:\/\/monlacata.cetrexmarketing.com\/ca\/producto\/raimat-vol-d-anima-rosat\/","url":"https:\/\/monlacata.cetrexmarketing.com\/ca\/producto\/raimat-vol-d-anima-rosat\/","name":"Raimat Vol d'\u00c0nima Rosat","isPartOf":{"@id":"https:\/\/monlacata.cetrexmarketing.com\/#website"},"primaryImageOfPage":{"@id":"https:\/\/monlacata.cetrexmarketing.com\/ca\/producto\/raimat-vol-d-anima-rosat\/#primaryimage"},"image":{"@id":"https:\/\/monlacata.cetrexmarketing.com\/ca\/producto\/raimat-vol-d-anima-rosat\/#primaryimage"},"thumbnailUrl":"https:\/\/monlacata.cetrexmarketing.com\/wp-content\/uploads\/2017\/06\/vino-rosado-vol-danima-raimat.jpg.png","datePublished":"2017-06-19T17:05:06+00:00","dateModified":"2025-06-09T17:35:17+00:00","description":"Comprar vi rosat Raimat Vol d'\u00c0nima Botiga de vins online al millor preu. Selecci\u00f3n de productos de calidad.","breadcrumb":{"@id":"https:\/\/monlacata.cetrexmarketing.com\/ca\/producto\/raimat-vol-d-anima-rosat\/#breadcrumb"},"inLanguage":"ca","potentialAction":[{"@type":"ReadAction","target":["https:\/\/monlacata.cetrexmarketing.com\/ca\/producto\/raimat-vol-d-anima-rosat\/"]}]},{"@type":"ImageObject","inLanguage":"ca","@id":"https:\/\/monlacata.cetrexmarketing.com\/ca\/producto\/raimat-vol-d-anima-rosat\/#primaryimage","url":"https:\/\/monlacata.cetrexmarketing.com\/wp-content\/uploads\/2017\/06\/vino-rosado-vol-danima-raimat.jpg.png","contentUrl":"https:\/\/monlacata.cetrexmarketing.com\/wp-content\/uploads\/2017\/06\/vino-rosado-vol-danima-raimat.jpg.png","width":765,"height":1024,"caption":"vino rosado vol d'anima raimat.jpg"},{"@type":"BreadcrumbList","@id":"https:\/\/monlacata.cetrexmarketing.com\/ca\/producto\/raimat-vol-d-anima-rosat\/#breadcrumb","itemListElement":[{"@type":"ListItem","position":1,"name":"Home","item":"https:\/\/monlacata.cetrexmarketing.com\/ca\/"},{"@type":"ListItem","position":2,"name":"Tienda","item":"https:\/\/monlacata.cetrexmarketing.com\/ca\/tienda-2\/"},{"@type":"ListItem","position":3,"name":"Vi","item":"https:\/\/monlacata.cetrexmarketing.com\/categoria-producto\/home-ca\/vi-ca\/"},{"@type":"ListItem","position":4,"name":"Vi Rosat","item":"https:\/\/monlacata.cetrexmarketing.com\/ca\/categoria-producto\/home-ca\/vi-ca\/vino-rosado-ca\/"},{"@type":"ListItem","position":5,"name":"Raimat Vol d&#8217;\u00c0nima Rosat"}]},{"@type":"WebSite","@id":"https:\/\/monlacata.cetrexmarketing.com\/#website","url":"https:\/\/monlacata.cetrexmarketing.com\/","name":"M\u00f3n La Cata","description":"Tienda de vinos, licores, cervezas y gourmet","publisher":{"@id":"https:\/\/monlacata.cetrexmarketing.com\/#organization"},"potentialAction":[{"@type":"SearchAction","target":{"@type":"EntryPoint","urlTemplate":"https:\/\/monlacata.cetrexmarketing.com\/?s={search_term_string}"},"query-input":{"@type":"PropertyValueSpecification","valueRequired":true,"valueName":"search_term_string"}}],"inLanguage":"ca"},{"@type":"Organization","@id":"https:\/\/monlacata.cetrexmarketing.com\/#organization","name":"M\u00f3n La Cata","url":"https:\/\/monlacata.cetrexmarketing.com\/","logo":{"@type":"ImageObject","inLanguage":"ca","@id":"https:\/\/monlacata.cetrexmarketing.com\/#\/schema\/logo\/image\/","url":"https:\/\/monlacata.cetrexmarketing.com\/wp-content\/uploads\/2024\/02\/monlacata-logo-blanc.png","contentUrl":"https:\/\/monlacata.cetrexmarketing.com\/wp-content\/uploads\/2024\/02\/monlacata-logo-blanc.png","width":454,"height":193,"caption":"M\u00f3n La Cata"},"image":{"@id":"https:\/\/monlacata.cetrexmarketing.com\/#\/schema\/logo\/image\/"}}]}},"brands":[{"id":32877,"name":"Coster del Segre D.O.","slug":"coster-del-segre-d-o"},{"id":32874,"name":"Raimat","slug":"ca-raimat-ca"}],"tiered_pricing_type":"fixed","tiered_pricing_fixed_rules":[],"tiered_pricing_product_settings":{"layout":"default","base_unit_name":{"singular":null,"plural":null},"default_variation":null},"tiered_pricing_minimum_quantity":null,"tiered_pricing_roles_data":[],"tiered_pricing_percentage_rules":[],"tiered_pricing_maximum_quantity":null,"tiered_pricing_quantity_step":null,"_links":{"self":[{"href":"https:\/\/monlacata.cetrexmarketing.com\/ca\/wp-json\/wp\/v2\/product\/43943","targetHints":{"allow":["GET"]}}],"collection":[{"href":"https:\/\/monlacata.cetrexmarketing.com\/ca\/wp-json\/wp\/v2\/product"}],"about":[{"href":"https:\/\/monlacata.cetrexmarketing.com\/ca\/wp-json\/wp\/v2\/types\/product"}],"replies":[{"embeddable":true,"href":"https:\/\/monlacata.cetrexmarketing.com\/ca\/wp-json\/wp\/v2\/comments?post=43943"}],"wp:featuredmedia":[{"embeddable":true,"href":"https:\/\/monlacata.cetrexmarketing.com\/ca\/wp-json\/wp\/v2\/media\/62942"}],"wp:attachment":[{"href":"https:\/\/monlacata.cetrexmarketing.com\/ca\/wp-json\/wp\/v2\/media?parent=43943"}],"wp:term":[{"taxonomy":"pwb-brand","embeddable":true,"href":"https:\/\/monlacata.cetrexmarketing.com\/ca\/wp-json\/wp\/v2\/pwb-brand?post=43943"},{"taxonomy":"product_cat","embeddable":true,"href":"https:\/\/monlacata.cetrexmarketing.com\/ca\/wp-json\/wp\/v2\/product_cat?post=43943"},{"taxonomy":"product_tag","embeddable":true,"href":"https:\/\/monlacata.cetrexmarketing.com\/ca\/wp-json\/wp\/v2\/product_tag?post=43943"}],"curies":[{"name":"wp","href":"https:\/\/api.w.org\/{rel}","templated":true}]}}