{"id":44295,"date":"2020-04-06T21:30:51","date_gmt":"2020-04-06T21:30:51","guid":{"rendered":"https:\/\/monlacata.cetrexmarketing.com\/producto\/albet-i-noya-lignum-negre\/"},"modified":"2025-06-27T17:37:56","modified_gmt":"2025-06-27T17:37:56","slug":"albet-i-noya-lignum-negre","status":"publish","type":"product","link":"https:\/\/monlacata.cetrexmarketing.com\/ca\/producto\/albet-i-noya-lignum-negre\/","title":{"rendered":"Albet i Noya Lignum Negre"},"content":{"rendered":"<p dir=\"ltr\">Lignum \u00e9s un vi fet de Cabernet Sauvignon, Garnatxa i Merlot. T\u00e9 un pas per b\u00f3tes de roure franc\u00e8s i americ\u00e0.<\/p>\n<p dir=\"ltr\">\u00c9s un vi fruit\u00f3s i especiat. El seu pas per b\u00f3ta de roure americ\u00e0 li aporta notes de vainilla i junt amb un tan\u00ed rod\u00f3 li confereix una sensaci\u00f3 de dol\u00e7or final molt agradable.<\/p>\n<p dir=\"ltr\">Un vi fenomenal per una taula d\u2019embotits i formatges.<\/p>\n","protected":false},"excerpt":{"rendered":"<p dir=\"ltr\">Lignum \u00e9s un vi fet de Cabernet Sauvignon, Garnatxa i Merlot. T\u00e9 un pas per b\u00f3tes de roure franc\u00e8s i americ\u00e0.<\/p>\n<p dir=\"ltr\">\u00c9s un vi fruit\u00f3s i especiat. El seu pas per b\u00f3ta de roure americ\u00e0 li aporta notes de vainilla i junt amb un tan\u00ed rod\u00f3 li confereix una sensaci\u00f3 de dol\u00e7or final molt agradable.<\/p>\n<p dir=\"ltr\">Un vi fenomenal per una taula d\u2019embotits i formatges.<\/p>\n","protected":false},"featured_media":76189,"comment_status":"closed","ping_status":"closed","template":"","meta":{"_acf_changed":false},"pwb-brand":[44875,32895],"product_cat":[33020,33054,33048],"product_tag":[14983,16341,52337,48480,16340,52174,50324,48481,50323],"class_list":{"0":"post-44295","1":"product","2":"type-product","3":"status-publish","4":"has-post-thumbnail","6":"pwb-brand-albet-i-noya","7":"pwb-brand-penedes-d-o","8":"product_cat-vi-ca","9":"product_cat-vino-tinto-ca","10":"product_cat-ecologic-ca","11":"product_tag-albet-i-noya-ca","12":"product_tag-albet-i-noya-lignum-ca","13":"product_tag-do-penedes-ca-2","14":"product_tag-ecologic","15":"product_tag-lignum-ca","16":"product_tag-penedes-ca-2","17":"product_tag-vi-ca-2","18":"product_tag-vi-ecologic-ca","19":"product_tag-vi-negre-ca-2","20":"pa_anada-2019-ca","21":"pa_bodega-albet-i-noya-ca","22":"pa_certificado-certificat-dagricultura-ecologica","23":"pa_do-penedes-d-o-ca","24":"pa_ecologico-vegano-natural-ecologic","25":"pa_formatoenml-750-ca","26":"pa_graduacion-13_5-ca","27":"pa_maridaje-embotits","28":"pa_maridaje-formatge-cremos","29":"pa_maridaje-formatge-curat","30":"pa_maridaje-midons","31":"pa_pais-espanya-ca","32":"pa_potente-negre-potent","33":"pa_pueblociudad-santpaudordalbarcelona-ca","34":"pa_region-cataluna-ca","35":"pa_tipodevino-vi-tranquil","36":"pa_variedad-principal-cabernet-sauvignon-ca","37":"pa_variedad-principal-garnacha-tinta-ca","38":"pa_variedad-principal-merlot-ca","39":"entry","40":"has-media","42":"first","43":"instock","44":"taxable","45":"shipping-taxable","46":"purchasable","47":"product-type-simple"},"acf":[],"yoast_head":"<!-- This site is optimized with the Yoast SEO Premium plugin v23.1 (Yoast SEO v24.1) - https:\/\/yoast.com\/wordpress\/plugins\/seo\/ -->\n<title>Lignum Albet i Noya<\/title>\n<meta name=\"description\" content=\"Elaborat per Albet i Noya, referent en vins ecol\u00f2gics de Catalunya. Aquest Lignum negre et sorprendr\u00e0. Compra&#039;l aqu\u00ed, a monlacata.com\" \/>\n<meta name=\"robots\" content=\"noindex, follow, max-snippet:-1, max-image-preview:large, max-video-preview:-1\" \/>\n<meta property=\"og:locale\" content=\"ca_ES\" \/>\n<meta property=\"og:type\" content=\"article\" \/>\n<meta property=\"og:title\" content=\"Albet i Noya Lignum Negre\" \/>\n<meta property=\"og:description\" content=\"Elaborat per Albet i Noya, referent en vins ecol\u00f2gics de Catalunya. Aquest Lignum negre et sorprendr\u00e0. Compra&#039;l aqu\u00ed, a monlacata.com\" \/>\n<meta property=\"og:url\" content=\"https:\/\/monlacata.cetrexmarketing.com\/ca\/producto\/albet-i-noya-lignum-negre\/\" \/>\n<meta property=\"og:site_name\" content=\"M\u00f3n La Cata\" \/>\n<meta property=\"article:modified_time\" content=\"2025-06-27T17:37:56+00:00\" \/>\n<meta property=\"og:image\" content=\"https:\/\/monlacata.cetrexmarketing.com\/wp-content\/uploads\/2020\/04\/vino-tinto-albet-i-noya-lignum-vegan-and-organic-red-wine-do-penedes.jpg.png\" \/>\n\t<meta property=\"og:image:width\" content=\"450\" \/>\n\t<meta property=\"og:image:height\" content=\"600\" \/>\n\t<meta property=\"og:image:type\" content=\"image\/png\" \/>\n<meta name=\"twitter:card\" content=\"summary_large_image\" \/>\n<meta name=\"twitter:label1\" content=\"Temps estimat de lectura\" \/>\n\t<meta name=\"twitter:data1\" content=\"1 minut\" \/>\n<script type=\"application\/ld+json\" class=\"yoast-schema-graph\">{\"@context\":\"https:\/\/schema.org\",\"@graph\":[{\"@type\":\"WebPage\",\"@id\":\"https:\/\/monlacata.cetrexmarketing.com\/ca\/producto\/albet-i-noya-lignum-negre\/\",\"url\":\"https:\/\/monlacata.cetrexmarketing.com\/ca\/producto\/albet-i-noya-lignum-negre\/\",\"name\":\"Lignum Albet i Noya\",\"isPartOf\":{\"@id\":\"https:\/\/monlacata.cetrexmarketing.com\/#website\"},\"primaryImageOfPage\":{\"@id\":\"https:\/\/monlacata.cetrexmarketing.com\/ca\/producto\/albet-i-noya-lignum-negre\/#primaryimage\"},\"image\":{\"@id\":\"https:\/\/monlacata.cetrexmarketing.com\/ca\/producto\/albet-i-noya-lignum-negre\/#primaryimage\"},\"thumbnailUrl\":\"https:\/\/monlacata.cetrexmarketing.com\/wp-content\/uploads\/2020\/04\/Albet-i-Noya-Lignum-Tinto-1.png\",\"datePublished\":\"2020-04-06T21:30:51+00:00\",\"dateModified\":\"2025-06-27T17:37:56+00:00\",\"description\":\"Elaborat per Albet i Noya, referent en vins ecol\u00f2gics de Catalunya. Aquest Lignum negre et sorprendr\u00e0. Compra'l aqu\u00ed, a monlacata.com\",\"breadcrumb\":{\"@id\":\"https:\/\/monlacata.cetrexmarketing.com\/ca\/producto\/albet-i-noya-lignum-negre\/#breadcrumb\"},\"inLanguage\":\"ca\",\"potentialAction\":[{\"@type\":\"ReadAction\",\"target\":[\"https:\/\/monlacata.cetrexmarketing.com\/ca\/producto\/albet-i-noya-lignum-negre\/\"]}]},{\"@type\":\"ImageObject\",\"inLanguage\":\"ca\",\"@id\":\"https:\/\/monlacata.cetrexmarketing.com\/ca\/producto\/albet-i-noya-lignum-negre\/#primaryimage\",\"url\":\"https:\/\/monlacata.cetrexmarketing.com\/wp-content\/uploads\/2020\/04\/Albet-i-Noya-Lignum-Tinto-1.png\",\"contentUrl\":\"https:\/\/monlacata.cetrexmarketing.com\/wp-content\/uploads\/2020\/04\/Albet-i-Noya-Lignum-Tinto-1.png\",\"width\":765,\"height\":1024,\"caption\":\"Albet i Noya Lignum Tinto\"},{\"@type\":\"BreadcrumbList\",\"@id\":\"https:\/\/monlacata.cetrexmarketing.com\/ca\/producto\/albet-i-noya-lignum-negre\/#breadcrumb\",\"itemListElement\":[{\"@type\":\"ListItem\",\"position\":1,\"name\":\"Home\",\"item\":\"https:\/\/monlacata.cetrexmarketing.com\/ca\/\"},{\"@type\":\"ListItem\",\"position\":2,\"name\":\"Tienda\",\"item\":\"https:\/\/monlacata.cetrexmarketing.com\/ca\/tienda-2\/\"},{\"@type\":\"ListItem\",\"position\":3,\"name\":\"Vi\",\"item\":\"https:\/\/monlacata.cetrexmarketing.com\/categoria-producto\/home-ca\/vi-ca\/\"},{\"@type\":\"ListItem\",\"position\":4,\"name\":\"Vi Negre\",\"item\":\"https:\/\/monlacata.cetrexmarketing.com\/ca\/categoria-producto\/home-ca\/vi-ca\/vino-tinto-ca\/\"},{\"@type\":\"ListItem\",\"position\":5,\"name\":\"Albet i Noya Lignum Negre\"}]},{\"@type\":\"WebSite\",\"@id\":\"https:\/\/monlacata.cetrexmarketing.com\/#website\",\"url\":\"https:\/\/monlacata.cetrexmarketing.com\/\",\"name\":\"M\u00f3n La Cata\",\"description\":\"Tienda de vinos, licores, cervezas y gourmet\",\"publisher\":{\"@id\":\"https:\/\/monlacata.cetrexmarketing.com\/#organization\"},\"potentialAction\":[{\"@type\":\"SearchAction\",\"target\":{\"@type\":\"EntryPoint\",\"urlTemplate\":\"https:\/\/monlacata.cetrexmarketing.com\/?s={search_term_string}\"},\"query-input\":{\"@type\":\"PropertyValueSpecification\",\"valueRequired\":true,\"valueName\":\"search_term_string\"}}],\"inLanguage\":\"ca\"},{\"@type\":\"Organization\",\"@id\":\"https:\/\/monlacata.cetrexmarketing.com\/#organization\",\"name\":\"M\u00f3n La Cata\",\"url\":\"https:\/\/monlacata.cetrexmarketing.com\/\",\"logo\":{\"@type\":\"ImageObject\",\"inLanguage\":\"ca\",\"@id\":\"https:\/\/monlacata.cetrexmarketing.com\/#\/schema\/logo\/image\/\",\"url\":\"https:\/\/monlacata.cetrexmarketing.com\/wp-content\/uploads\/2024\/02\/monlacata-logo-blanc.png\",\"contentUrl\":\"https:\/\/monlacata.cetrexmarketing.com\/wp-content\/uploads\/2024\/02\/monlacata-logo-blanc.png\",\"width\":454,\"height\":193,\"caption\":\"M\u00f3n La Cata\"},\"image\":{\"@id\":\"https:\/\/monlacata.cetrexmarketing.com\/#\/schema\/logo\/image\/\"}}]}<\/script>\n<!-- \/ Yoast SEO Premium plugin. -->","yoast_head_json":{"title":"Lignum Albet i Noya","description":"Elaborat per Albet i Noya, referent en vins ecol\u00f2gics de Catalunya. Aquest Lignum negre et sorprendr\u00e0. Compra'l aqu\u00ed, a monlacata.com","robots":{"index":"noindex","follow":"follow","max-snippet":"max-snippet:-1","max-image-preview":"max-image-preview:large","max-video-preview":"max-video-preview:-1"},"og_locale":"ca_ES","og_type":"article","og_title":"Albet i Noya Lignum Negre","og_description":"Elaborat per Albet i Noya, referent en vins ecol\u00f2gics de Catalunya. Aquest Lignum negre et sorprendr\u00e0. Compra'l aqu\u00ed, a monlacata.com","og_url":"https:\/\/monlacata.cetrexmarketing.com\/ca\/producto\/albet-i-noya-lignum-negre\/","og_site_name":"M\u00f3n La Cata","article_modified_time":"2025-06-27T17:37:56+00:00","og_image":[{"width":450,"height":600,"url":"https:\/\/monlacata.cetrexmarketing.com\/wp-content\/uploads\/2020\/04\/vino-tinto-albet-i-noya-lignum-vegan-and-organic-red-wine-do-penedes.jpg.png","type":"image\/png"}],"twitter_card":"summary_large_image","twitter_misc":{"Temps estimat de lectura":"1 minut"},"schema":{"@context":"https:\/\/schema.org","@graph":[{"@type":"WebPage","@id":"https:\/\/monlacata.cetrexmarketing.com\/ca\/producto\/albet-i-noya-lignum-negre\/","url":"https:\/\/monlacata.cetrexmarketing.com\/ca\/producto\/albet-i-noya-lignum-negre\/","name":"Lignum Albet i Noya","isPartOf":{"@id":"https:\/\/monlacata.cetrexmarketing.com\/#website"},"primaryImageOfPage":{"@id":"https:\/\/monlacata.cetrexmarketing.com\/ca\/producto\/albet-i-noya-lignum-negre\/#primaryimage"},"image":{"@id":"https:\/\/monlacata.cetrexmarketing.com\/ca\/producto\/albet-i-noya-lignum-negre\/#primaryimage"},"thumbnailUrl":"https:\/\/monlacata.cetrexmarketing.com\/wp-content\/uploads\/2020\/04\/Albet-i-Noya-Lignum-Tinto-1.png","datePublished":"2020-04-06T21:30:51+00:00","dateModified":"2025-06-27T17:37:56+00:00","description":"Elaborat per Albet i Noya, referent en vins ecol\u00f2gics de Catalunya. Aquest Lignum negre et sorprendr\u00e0. Compra'l aqu\u00ed, a monlacata.com","breadcrumb":{"@id":"https:\/\/monlacata.cetrexmarketing.com\/ca\/producto\/albet-i-noya-lignum-negre\/#breadcrumb"},"inLanguage":"ca","potentialAction":[{"@type":"ReadAction","target":["https:\/\/monlacata.cetrexmarketing.com\/ca\/producto\/albet-i-noya-lignum-negre\/"]}]},{"@type":"ImageObject","inLanguage":"ca","@id":"https:\/\/monlacata.cetrexmarketing.com\/ca\/producto\/albet-i-noya-lignum-negre\/#primaryimage","url":"https:\/\/monlacata.cetrexmarketing.com\/wp-content\/uploads\/2020\/04\/Albet-i-Noya-Lignum-Tinto-1.png","contentUrl":"https:\/\/monlacata.cetrexmarketing.com\/wp-content\/uploads\/2020\/04\/Albet-i-Noya-Lignum-Tinto-1.png","width":765,"height":1024,"caption":"Albet i Noya Lignum Tinto"},{"@type":"BreadcrumbList","@id":"https:\/\/monlacata.cetrexmarketing.com\/ca\/producto\/albet-i-noya-lignum-negre\/#breadcrumb","itemListElement":[{"@type":"ListItem","position":1,"name":"Home","item":"https:\/\/monlacata.cetrexmarketing.com\/ca\/"},{"@type":"ListItem","position":2,"name":"Tienda","item":"https:\/\/monlacata.cetrexmarketing.com\/ca\/tienda-2\/"},{"@type":"ListItem","position":3,"name":"Vi","item":"https:\/\/monlacata.cetrexmarketing.com\/categoria-producto\/home-ca\/vi-ca\/"},{"@type":"ListItem","position":4,"name":"Vi Negre","item":"https:\/\/monlacata.cetrexmarketing.com\/ca\/categoria-producto\/home-ca\/vi-ca\/vino-tinto-ca\/"},{"@type":"ListItem","position":5,"name":"Albet i Noya Lignum Negre"}]},{"@type":"WebSite","@id":"https:\/\/monlacata.cetrexmarketing.com\/#website","url":"https:\/\/monlacata.cetrexmarketing.com\/","name":"M\u00f3n La Cata","description":"Tienda de vinos, licores, cervezas y gourmet","publisher":{"@id":"https:\/\/monlacata.cetrexmarketing.com\/#organization"},"potentialAction":[{"@type":"SearchAction","target":{"@type":"EntryPoint","urlTemplate":"https:\/\/monlacata.cetrexmarketing.com\/?s={search_term_string}"},"query-input":{"@type":"PropertyValueSpecification","valueRequired":true,"valueName":"search_term_string"}}],"inLanguage":"ca"},{"@type":"Organization","@id":"https:\/\/monlacata.cetrexmarketing.com\/#organization","name":"M\u00f3n La Cata","url":"https:\/\/monlacata.cetrexmarketing.com\/","logo":{"@type":"ImageObject","inLanguage":"ca","@id":"https:\/\/monlacata.cetrexmarketing.com\/#\/schema\/logo\/image\/","url":"https:\/\/monlacata.cetrexmarketing.com\/wp-content\/uploads\/2024\/02\/monlacata-logo-blanc.png","contentUrl":"https:\/\/monlacata.cetrexmarketing.com\/wp-content\/uploads\/2024\/02\/monlacata-logo-blanc.png","width":454,"height":193,"caption":"M\u00f3n La Cata"},"image":{"@id":"https:\/\/monlacata.cetrexmarketing.com\/#\/schema\/logo\/image\/"}}]}},"brands":[{"id":44875,"name":"Albet i Noya","slug":"albet-i-noya"},{"id":32895,"name":"Pened\u00e8s D.O.","slug":"penedes-d-o"}],"tiered_pricing_type":"fixed","tiered_pricing_fixed_rules":[],"tiered_pricing_product_settings":{"layout":"default","base_unit_name":{"singular":null,"plural":null},"default_variation":null},"tiered_pricing_minimum_quantity":1,"tiered_pricing_roles_data":[],"tiered_pricing_percentage_rules":[],"tiered_pricing_maximum_quantity":null,"tiered_pricing_quantity_step":null,"_links":{"self":[{"href":"https:\/\/monlacata.cetrexmarketing.com\/ca\/wp-json\/wp\/v2\/product\/44295","targetHints":{"allow":["GET"]}}],"collection":[{"href":"https:\/\/monlacata.cetrexmarketing.com\/ca\/wp-json\/wp\/v2\/product"}],"about":[{"href":"https:\/\/monlacata.cetrexmarketing.com\/ca\/wp-json\/wp\/v2\/types\/product"}],"replies":[{"embeddable":true,"href":"https:\/\/monlacata.cetrexmarketing.com\/ca\/wp-json\/wp\/v2\/comments?post=44295"}],"wp:featuredmedia":[{"embeddable":true,"href":"https:\/\/monlacata.cetrexmarketing.com\/ca\/wp-json\/wp\/v2\/media\/76189"}],"wp:attachment":[{"href":"https:\/\/monlacata.cetrexmarketing.com\/ca\/wp-json\/wp\/v2\/media?parent=44295"}],"wp:term":[{"taxonomy":"pwb-brand","embeddable":true,"href":"https:\/\/monlacata.cetrexmarketing.com\/ca\/wp-json\/wp\/v2\/pwb-brand?post=44295"},{"taxonomy":"product_cat","embeddable":true,"href":"https:\/\/monlacata.cetrexmarketing.com\/ca\/wp-json\/wp\/v2\/product_cat?post=44295"},{"taxonomy":"product_tag","embeddable":true,"href":"https:\/\/monlacata.cetrexmarketing.com\/ca\/wp-json\/wp\/v2\/product_tag?post=44295"}],"curies":[{"name":"wp","href":"https:\/\/api.w.org\/{rel}","templated":true}]}}