{"id":44467,"date":"2020-04-14T21:09:05","date_gmt":"2020-04-14T21:09:05","guid":{"rendered":"https:\/\/monlacata.cetrexmarketing.com\/producto\/vina-pomal-rosat\/"},"modified":"2024-12-12T11:30:48","modified_gmt":"2024-12-12T11:30:48","slug":"vina-pomal-rosat","status":"publish","type":"product","link":"https:\/\/monlacata.cetrexmarketing.com\/ca\/producto\/vina-pomal-rosat\/","title":{"rendered":"Vi\u00f1a Pomal Rosat"},"content":{"rendered":"","protected":false},"excerpt":{"rendered":"","protected":false},"featured_media":82928,"comment_status":"closed","ping_status":"closed","template":"","meta":{"_acf_changed":false},"pwb-brand":[32907],"product_cat":[33020,33078],"product_tag":[50428,51742,14914,50359,52277,50324,48488],"class_list":{"0":"post-44467","1":"product","2":"type-product","3":"status-publish","4":"has-post-thumbnail","6":"pwb-brand-rioja-d-o","7":"product_cat-vi-ca","8":"product_cat-vino-rosado-ca","9":"product_tag-bodegas-bilbainas-ca","10":"product_tag-doca-rioja-ca-2","11":"product_tag-haro-ca","12":"product_tag-rioja-ca-2","13":"product_tag-rioja-rosado-ca","14":"product_tag-vi-ca-2","15":"product_tag-vi-rosat-ca","16":"pa_anada-2024-ca","17":"pa_bodega-bodegasbilbainas-ca","18":"pa_do-rioja-d-o-ca-ca","19":"pa_ecologico-vegano-natural-vega","20":"pa_envejecimiento-jove","21":"pa_formatoenl-075-ca","22":"pa_formatoenml-750-ca","23":"pa_fresco-rosat-fresc","24":"pa_graduacion-13_5-ca","25":"pa_maridaje-marisc","26":"pa_maridaje-midons","27":"pa_maridaje-peix","28":"pa_pais-espanya-ca","29":"pa_pesoengramos-1250-ca","30":"pa_pesoenkg-125-ca-2","31":"pa_pueblociudad-harolarioja-ca","32":"pa_tipodevino-vi-tranquil","33":"pa_variedad-principal-garnacha-tinta-ca","34":"pa_variedad-principal-viura-ca","35":"pa_variedades-garnachatinta_viura","36":"entry","37":"has-media","39":"first","40":"instock","41":"taxable","42":"shipping-taxable","43":"purchasable","44":"product-type-simple"},"acf":[],"yoast_head":"\nVi\u00f1a Pomal Rosat vi<\/title>\n<meta name=\"description\" content=\"Comprar online al millor preu el vi rosat Vi\u00f1a Pomal de Bodegas Bilba\u00ednas a la DOCa Rioja. Confian\u00e7a, seguretat i rapidesa defineixen la web. Descomptes.\" \/>\n<meta name=\"robots\" content=\"noindex, follow, max-snippet:-1, max-image-preview:large, max-video-preview:-1\" \/>\n<meta property=\"og:locale\" content=\"ca_ES\" \/>\n<meta property=\"og:type\" content=\"article\" \/>\n<meta property=\"og:title\" content=\"Vi\u00f1a Pomal Rosat\" \/>\n<meta property=\"og:description\" content=\"Comprar online al millor preu el vi rosat Vi\u00f1a Pomal de Bodegas Bilba\u00ednas a la DOCa Rioja. Confian\u00e7a, seguretat i rapidesa defineixen la web. Descomptes.\" \/>\n<meta property=\"og:url\" content=\"https:\/\/monlacata.cetrexmarketing.com\/ca\/producto\/vina-pomal-rosat\/\" \/>\n<meta property=\"og:site_name\" content=\"M\u00f3n La Cata\" \/>\n<meta property=\"article:modified_time\" content=\"2024-12-12T11:30:48+00:00\" \/>\n<meta property=\"og:image\" content=\"https:\/\/monlacata.cetrexmarketing.com\/wp-content\/uploads\/2020\/04\/vina-pomal-rosado.jpg.png\" \/>\n\t<meta property=\"og:image:width\" content=\"765\" \/>\n\t<meta property=\"og:image:height\" content=\"1024\" \/>\n\t<meta property=\"og:image:type\" content=\"image\/png\" \/>\n<meta name=\"twitter:card\" content=\"summary_large_image\" \/>\n<script type=\"application\/ld+json\" class=\"yoast-schema-graph\">{\"@context\":\"https:\/\/schema.org\",\"@graph\":[{\"@type\":\"WebPage\",\"@id\":\"https:\/\/monlacata.cetrexmarketing.com\/ca\/producto\/vina-pomal-rosat\/\",\"url\":\"https:\/\/monlacata.cetrexmarketing.com\/ca\/producto\/vina-pomal-rosat\/\",\"name\":\"Vi\u00f1a Pomal Rosat vi\",\"isPartOf\":{\"@id\":\"https:\/\/monlacata.cetrexmarketing.com\/#website\"},\"primaryImageOfPage\":{\"@id\":\"https:\/\/monlacata.cetrexmarketing.com\/ca\/producto\/vina-pomal-rosat\/#primaryimage\"},\"image\":{\"@id\":\"https:\/\/monlacata.cetrexmarketing.com\/ca\/producto\/vina-pomal-rosat\/#primaryimage\"},\"thumbnailUrl\":\"https:\/\/monlacata.cetrexmarketing.com\/wp-content\/uploads\/2020\/04\/vina-pomal-rosado.png\",\"datePublished\":\"2020-04-14T21:09:05+00:00\",\"dateModified\":\"2024-12-12T11:30:48+00:00\",\"description\":\"Comprar online al millor preu el vi rosat Vi\u00f1a Pomal de Bodegas Bilba\u00ednas a la DOCa Rioja. Confian\u00e7a, seguretat i rapidesa defineixen la web. Descomptes.\",\"breadcrumb\":{\"@id\":\"https:\/\/monlacata.cetrexmarketing.com\/ca\/producto\/vina-pomal-rosat\/#breadcrumb\"},\"inLanguage\":\"ca\",\"potentialAction\":[{\"@type\":\"ReadAction\",\"target\":[\"https:\/\/monlacata.cetrexmarketing.com\/ca\/producto\/vina-pomal-rosat\/\"]}]},{\"@type\":\"ImageObject\",\"inLanguage\":\"ca\",\"@id\":\"https:\/\/monlacata.cetrexmarketing.com\/ca\/producto\/vina-pomal-rosat\/#primaryimage\",\"url\":\"https:\/\/monlacata.cetrexmarketing.com\/wp-content\/uploads\/2020\/04\/vina-pomal-rosado.png\",\"contentUrl\":\"https:\/\/monlacata.cetrexmarketing.com\/wp-content\/uploads\/2020\/04\/vina-pomal-rosado.png\",\"width\":765,\"height\":1024,\"caption\":\"vi\u00f1a pomal rosado\"},{\"@type\":\"BreadcrumbList\",\"@id\":\"https:\/\/monlacata.cetrexmarketing.com\/ca\/producto\/vina-pomal-rosat\/#breadcrumb\",\"itemListElement\":[{\"@type\":\"ListItem\",\"position\":1,\"name\":\"Home\",\"item\":\"https:\/\/monlacata.cetrexmarketing.com\/ca\/\"},{\"@type\":\"ListItem\",\"position\":2,\"name\":\"Tienda\",\"item\":\"https:\/\/monlacata.cetrexmarketing.com\/ca\/tienda-2\/\"},{\"@type\":\"ListItem\",\"position\":3,\"name\":\"Vi\",\"item\":\"https:\/\/monlacata.cetrexmarketing.com\/categoria-producto\/home-ca\/vi-ca\/\"},{\"@type\":\"ListItem\",\"position\":4,\"name\":\"Vi Rosat\",\"item\":\"https:\/\/monlacata.cetrexmarketing.com\/ca\/categoria-producto\/home-ca\/vi-ca\/vino-rosado-ca\/\"},{\"@type\":\"ListItem\",\"position\":5,\"name\":\"Vi\u00f1a Pomal Rosat\"}]},{\"@type\":\"WebSite\",\"@id\":\"https:\/\/monlacata.cetrexmarketing.com\/#website\",\"url\":\"https:\/\/monlacata.cetrexmarketing.com\/\",\"name\":\"M\u00f3n La Cata\",\"description\":\"Tienda de vinos, licores, cervezas y gourmet\",\"publisher\":{\"@id\":\"https:\/\/monlacata.cetrexmarketing.com\/#organization\"},\"potentialAction\":[{\"@type\":\"SearchAction\",\"target\":{\"@type\":\"EntryPoint\",\"urlTemplate\":\"https:\/\/monlacata.cetrexmarketing.com\/?s={search_term_string}\"},\"query-input\":{\"@type\":\"PropertyValueSpecification\",\"valueRequired\":true,\"valueName\":\"search_term_string\"}}],\"inLanguage\":\"ca\"},{\"@type\":\"Organization\",\"@id\":\"https:\/\/monlacata.cetrexmarketing.com\/#organization\",\"name\":\"M\u00f3n La Cata\",\"url\":\"https:\/\/monlacata.cetrexmarketing.com\/\",\"logo\":{\"@type\":\"ImageObject\",\"inLanguage\":\"ca\",\"@id\":\"https:\/\/monlacata.cetrexmarketing.com\/#\/schema\/logo\/image\/\",\"url\":\"https:\/\/monlacata.cetrexmarketing.com\/wp-content\/uploads\/2024\/02\/monlacata-logo-blanc.png\",\"contentUrl\":\"https:\/\/monlacata.cetrexmarketing.com\/wp-content\/uploads\/2024\/02\/monlacata-logo-blanc.png\",\"width\":454,\"height\":193,\"caption\":\"M\u00f3n La Cata\"},\"image\":{\"@id\":\"https:\/\/monlacata.cetrexmarketing.com\/#\/schema\/logo\/image\/\"}}]}<\/script>\n<!-- \/ Yoast SEO Premium plugin. -->","yoast_head_json":{"title":"Vi\u00f1a Pomal Rosat vi","description":"Comprar online al millor preu el vi rosat Vi\u00f1a Pomal de Bodegas Bilba\u00ednas a la DOCa Rioja. Confian\u00e7a, seguretat i rapidesa defineixen la web. Descomptes.","robots":{"index":"noindex","follow":"follow","max-snippet":"max-snippet:-1","max-image-preview":"max-image-preview:large","max-video-preview":"max-video-preview:-1"},"og_locale":"ca_ES","og_type":"article","og_title":"Vi\u00f1a Pomal Rosat","og_description":"Comprar online al millor preu el vi rosat Vi\u00f1a Pomal de Bodegas Bilba\u00ednas a la DOCa Rioja. Confian\u00e7a, seguretat i rapidesa defineixen la web. Descomptes.","og_url":"https:\/\/monlacata.cetrexmarketing.com\/ca\/producto\/vina-pomal-rosat\/","og_site_name":"M\u00f3n La Cata","article_modified_time":"2024-12-12T11:30:48+00:00","og_image":[{"width":765,"height":1024,"url":"https:\/\/monlacata.cetrexmarketing.com\/wp-content\/uploads\/2020\/04\/vina-pomal-rosado.jpg.png","type":"image\/png"}],"twitter_card":"summary_large_image","schema":{"@context":"https:\/\/schema.org","@graph":[{"@type":"WebPage","@id":"https:\/\/monlacata.cetrexmarketing.com\/ca\/producto\/vina-pomal-rosat\/","url":"https:\/\/monlacata.cetrexmarketing.com\/ca\/producto\/vina-pomal-rosat\/","name":"Vi\u00f1a Pomal Rosat vi","isPartOf":{"@id":"https:\/\/monlacata.cetrexmarketing.com\/#website"},"primaryImageOfPage":{"@id":"https:\/\/monlacata.cetrexmarketing.com\/ca\/producto\/vina-pomal-rosat\/#primaryimage"},"image":{"@id":"https:\/\/monlacata.cetrexmarketing.com\/ca\/producto\/vina-pomal-rosat\/#primaryimage"},"thumbnailUrl":"https:\/\/monlacata.cetrexmarketing.com\/wp-content\/uploads\/2020\/04\/vina-pomal-rosado.png","datePublished":"2020-04-14T21:09:05+00:00","dateModified":"2024-12-12T11:30:48+00:00","description":"Comprar online al millor preu el vi rosat Vi\u00f1a Pomal de Bodegas Bilba\u00ednas a la DOCa Rioja. Confian\u00e7a, seguretat i rapidesa defineixen la web. Descomptes.","breadcrumb":{"@id":"https:\/\/monlacata.cetrexmarketing.com\/ca\/producto\/vina-pomal-rosat\/#breadcrumb"},"inLanguage":"ca","potentialAction":[{"@type":"ReadAction","target":["https:\/\/monlacata.cetrexmarketing.com\/ca\/producto\/vina-pomal-rosat\/"]}]},{"@type":"ImageObject","inLanguage":"ca","@id":"https:\/\/monlacata.cetrexmarketing.com\/ca\/producto\/vina-pomal-rosat\/#primaryimage","url":"https:\/\/monlacata.cetrexmarketing.com\/wp-content\/uploads\/2020\/04\/vina-pomal-rosado.png","contentUrl":"https:\/\/monlacata.cetrexmarketing.com\/wp-content\/uploads\/2020\/04\/vina-pomal-rosado.png","width":765,"height":1024,"caption":"vi\u00f1a pomal rosado"},{"@type":"BreadcrumbList","@id":"https:\/\/monlacata.cetrexmarketing.com\/ca\/producto\/vina-pomal-rosat\/#breadcrumb","itemListElement":[{"@type":"ListItem","position":1,"name":"Home","item":"https:\/\/monlacata.cetrexmarketing.com\/ca\/"},{"@type":"ListItem","position":2,"name":"Tienda","item":"https:\/\/monlacata.cetrexmarketing.com\/ca\/tienda-2\/"},{"@type":"ListItem","position":3,"name":"Vi","item":"https:\/\/monlacata.cetrexmarketing.com\/categoria-producto\/home-ca\/vi-ca\/"},{"@type":"ListItem","position":4,"name":"Vi Rosat","item":"https:\/\/monlacata.cetrexmarketing.com\/ca\/categoria-producto\/home-ca\/vi-ca\/vino-rosado-ca\/"},{"@type":"ListItem","position":5,"name":"Vi\u00f1a Pomal Rosat"}]},{"@type":"WebSite","@id":"https:\/\/monlacata.cetrexmarketing.com\/#website","url":"https:\/\/monlacata.cetrexmarketing.com\/","name":"M\u00f3n La Cata","description":"Tienda de vinos, licores, cervezas y gourmet","publisher":{"@id":"https:\/\/monlacata.cetrexmarketing.com\/#organization"},"potentialAction":[{"@type":"SearchAction","target":{"@type":"EntryPoint","urlTemplate":"https:\/\/monlacata.cetrexmarketing.com\/?s={search_term_string}"},"query-input":{"@type":"PropertyValueSpecification","valueRequired":true,"valueName":"search_term_string"}}],"inLanguage":"ca"},{"@type":"Organization","@id":"https:\/\/monlacata.cetrexmarketing.com\/#organization","name":"M\u00f3n La Cata","url":"https:\/\/monlacata.cetrexmarketing.com\/","logo":{"@type":"ImageObject","inLanguage":"ca","@id":"https:\/\/monlacata.cetrexmarketing.com\/#\/schema\/logo\/image\/","url":"https:\/\/monlacata.cetrexmarketing.com\/wp-content\/uploads\/2024\/02\/monlacata-logo-blanc.png","contentUrl":"https:\/\/monlacata.cetrexmarketing.com\/wp-content\/uploads\/2024\/02\/monlacata-logo-blanc.png","width":454,"height":193,"caption":"M\u00f3n La Cata"},"image":{"@id":"https:\/\/monlacata.cetrexmarketing.com\/#\/schema\/logo\/image\/"}}]}},"brands":[{"id":32907,"name":"Rioja D.O.","slug":"rioja-d-o"}],"tiered_pricing_type":"fixed","tiered_pricing_fixed_rules":[],"tiered_pricing_product_settings":{"layout":"default","base_unit_name":{"singular":null,"plural":null},"default_variation":null},"tiered_pricing_minimum_quantity":null,"tiered_pricing_roles_data":[],"tiered_pricing_percentage_rules":[],"tiered_pricing_maximum_quantity":null,"tiered_pricing_quantity_step":null,"_links":{"self":[{"href":"https:\/\/monlacata.cetrexmarketing.com\/ca\/wp-json\/wp\/v2\/product\/44467","targetHints":{"allow":["GET"]}}],"collection":[{"href":"https:\/\/monlacata.cetrexmarketing.com\/ca\/wp-json\/wp\/v2\/product"}],"about":[{"href":"https:\/\/monlacata.cetrexmarketing.com\/ca\/wp-json\/wp\/v2\/types\/product"}],"replies":[{"embeddable":true,"href":"https:\/\/monlacata.cetrexmarketing.com\/ca\/wp-json\/wp\/v2\/comments?post=44467"}],"wp:featuredmedia":[{"embeddable":true,"href":"https:\/\/monlacata.cetrexmarketing.com\/ca\/wp-json\/wp\/v2\/media\/82928"}],"wp:attachment":[{"href":"https:\/\/monlacata.cetrexmarketing.com\/ca\/wp-json\/wp\/v2\/media?parent=44467"}],"wp:term":[{"taxonomy":"pwb-brand","embeddable":true,"href":"https:\/\/monlacata.cetrexmarketing.com\/ca\/wp-json\/wp\/v2\/pwb-brand?post=44467"},{"taxonomy":"product_cat","embeddable":true,"href":"https:\/\/monlacata.cetrexmarketing.com\/ca\/wp-json\/wp\/v2\/product_cat?post=44467"},{"taxonomy":"product_tag","embeddable":true,"href":"https:\/\/monlacata.cetrexmarketing.com\/ca\/wp-json\/wp\/v2\/product_tag?post=44467"}],"curies":[{"name":"wp","href":"https:\/\/api.w.org\/{rel}","templated":true}]}}