{"id":44815,"date":"2020-05-10T12:32:08","date_gmt":"2020-05-10T12:32:08","guid":{"rendered":"https:\/\/monlacata.cetrexmarketing.com\/producto\/abadia-de-poblet-negre\/"},"modified":"2025-12-20T08:29:42","modified_gmt":"2025-12-20T08:29:42","slug":"abadia-de-poblet-negre","status":"publish","type":"product","link":"https:\/\/monlacata.cetrexmarketing.com\/ca\/producto\/abadia-de-poblet-negre\/","title":{"rendered":"Abadia de Poblet Negre"},"content":{"rendered":"<p dir=\"ltr\">Amb el Trepat i el Garrut com a protagonistes i la garnatxa i l&#8217;ull de llebre com a tel\u00f3 de fons, aquest vi \u00e9s una perfecta comuni\u00f3 entre tradici\u00f3 i modernitat. Vinyes velles de monestir acaronades per les mans d\u2019aut\u00e8ntics cient\u00edfics del vi.<\/p>\n<p dir=\"ltr\">Un vi fresc, fruit\u00f3s per\u00f2 sec i seri\u00f3s. gastron\u00f2mic i vers\u00e0til.<\/p>\n<p dir=\"ltr\">En nas destaquen les aromes de fruita vermella amb un petit toc de pebre blanc t\u00edpic del trepat.<\/p>\n<p dir=\"ltr\">En boca \u00e9s fresc per\u00f2 sec lleuger i estructurat, llarg i persistent.<\/p>\n<p dir=\"ltr\">Un gran vi per qualsevol ocasi\u00f3. :p<\/p>\n","protected":false},"excerpt":{"rendered":"<p dir=\"ltr\">Amb el Trepat i el Garrut com a protagonistes i la garnatxa i l&#8217;ull de llebre com a tel\u00f3 de fons, aquest vi \u00e9s una perfecta comuni\u00f3 entre tradici\u00f3 i modernitat. Vinyes velles de monestir acaronades per les mans d\u2019aut\u00e8ntics cient\u00edfics del vi.<\/p>\n<p dir=\"ltr\">Un vi fresc, fruit\u00f3s per\u00f2 sec i seri\u00f3s. gastron\u00f2mic i vers\u00e0til.<\/p>\n<p dir=\"ltr\">Un gran vi per qualsevol ocasi\u00f3.<\/p>\n","protected":false},"featured_media":62917,"comment_status":"closed","ping_status":"closed","template":"","meta":{"_acf_changed":false},"pwb-brand":[32875],"product_cat":[33020,33054],"product_tag":[14921,14920,16101,50324,50323],"class_list":{"0":"post-44815","1":"product","2":"type-product","3":"status-publish","4":"has-post-thumbnail","6":"pwb-brand-conca-de-barbera-d-o","7":"product_cat-vi-ca","8":"product_cat-vino-tinto-ca","9":"product_tag-abadia-de-poblet-ca","10":"product_tag-conca-de-barbera-ca","11":"product_tag-poblet-ca","12":"product_tag-vi-ca-2","13":"product_tag-vi-negre-ca-2","14":"pa_anada-2019-ca","15":"pa_bodega-abadia-de-poblet-ca","16":"pa_do-concadebarberado-ca","17":"pa_formatoenl-075-ca","18":"pa_formatoenml-750-ca","19":"pa_fresco-negre-fresc","20":"pa_graduacion-13_5-ca","21":"pa_pais-espanya-ca","22":"pa_pesoengramos-1400-ca","23":"pa_pesoenkg-14-ca","24":"pa_pueblociudad-vimboditarragona-ca","25":"pa_region-cataluna-ca","26":"pa_tipodevino-vi-tranquil","27":"pa_variedad-principal-garnacha-tinta-ca","28":"pa_variedad-principal-tempranillo-ca","29":"pa_variedad-principal-trepat-ca","30":"pa_variedades-3d-trepat_garrut_garnachatint","31":"entry","32":"has-media","34":"first","35":"instock","36":"taxable","37":"shipping-taxable","38":"purchasable","39":"product-type-simple"},"acf":[],"yoast_head":"<!-- This site is optimized with the Yoast SEO Premium plugin v23.1 (Yoast SEO v24.1) - https:\/\/yoast.com\/wordpress\/plugins\/seo\/ -->\n<title>Abadia de Poblet Negre vi<\/title>\n<meta name=\"description\" content=\"Un gran vi de la do Conca de Barber\u00e0 per a tots els moments. Pots comprar aquest vi del Monestir de l&#039;Abad\u00eda de Poblet al millor preu.\" \/>\n<meta name=\"robots\" content=\"noindex, follow, max-snippet:-1, max-image-preview:large, max-video-preview:-1\" \/>\n<meta property=\"og:locale\" content=\"ca_ES\" \/>\n<meta property=\"og:type\" content=\"article\" \/>\n<meta property=\"og:title\" content=\"Abadia de Poblet Negre\" \/>\n<meta property=\"og:description\" content=\"Un gran vi de la do Conca de Barber\u00e0 per a tots els moments. Pots comprar aquest vi del Monestir de l&#039;Abad\u00eda de Poblet al millor preu.\" \/>\n<meta property=\"og:url\" content=\"https:\/\/monlacata.cetrexmarketing.com\/ca\/producto\/abadia-de-poblet-negre\/\" \/>\n<meta property=\"og:site_name\" content=\"M\u00f3n La Cata\" \/>\n<meta property=\"article:modified_time\" content=\"2025-12-20T08:29:42+00:00\" \/>\n<meta property=\"og:image\" content=\"https:\/\/monlacata.cetrexmarketing.com\/wp-content\/uploads\/2020\/05\/vino-tinto-abadia-de-poblet.jpg.png\" \/>\n\t<meta property=\"og:image:width\" content=\"765\" \/>\n\t<meta property=\"og:image:height\" content=\"1024\" \/>\n\t<meta property=\"og:image:type\" content=\"image\/png\" \/>\n<meta name=\"twitter:card\" content=\"summary_large_image\" \/>\n<meta name=\"twitter:label1\" content=\"Temps estimat de lectura\" \/>\n\t<meta name=\"twitter:data1\" content=\"1 minut\" \/>\n<script type=\"application\/ld+json\" class=\"yoast-schema-graph\">{\"@context\":\"https:\/\/schema.org\",\"@graph\":[{\"@type\":\"WebPage\",\"@id\":\"https:\/\/monlacata.cetrexmarketing.com\/ca\/producto\/abadia-de-poblet-negre\/\",\"url\":\"https:\/\/monlacata.cetrexmarketing.com\/ca\/producto\/abadia-de-poblet-negre\/\",\"name\":\"Abadia de Poblet Negre vi\",\"isPartOf\":{\"@id\":\"https:\/\/monlacata.cetrexmarketing.com\/#website\"},\"primaryImageOfPage\":{\"@id\":\"https:\/\/monlacata.cetrexmarketing.com\/ca\/producto\/abadia-de-poblet-negre\/#primaryimage\"},\"image\":{\"@id\":\"https:\/\/monlacata.cetrexmarketing.com\/ca\/producto\/abadia-de-poblet-negre\/#primaryimage\"},\"thumbnailUrl\":\"https:\/\/monlacata.cetrexmarketing.com\/wp-content\/uploads\/2020\/05\/vino-tinto-abadia-de-poblet.jpg.png\",\"datePublished\":\"2020-05-10T12:32:08+00:00\",\"dateModified\":\"2025-12-20T08:29:42+00:00\",\"description\":\"Un gran vi de la do Conca de Barber\u00e0 per a tots els moments. Pots comprar aquest vi del Monestir de l'Abad\u00eda de Poblet al millor preu.\",\"breadcrumb\":{\"@id\":\"https:\/\/monlacata.cetrexmarketing.com\/ca\/producto\/abadia-de-poblet-negre\/#breadcrumb\"},\"inLanguage\":\"ca\",\"potentialAction\":[{\"@type\":\"ReadAction\",\"target\":[\"https:\/\/monlacata.cetrexmarketing.com\/ca\/producto\/abadia-de-poblet-negre\/\"]}]},{\"@type\":\"ImageObject\",\"inLanguage\":\"ca\",\"@id\":\"https:\/\/monlacata.cetrexmarketing.com\/ca\/producto\/abadia-de-poblet-negre\/#primaryimage\",\"url\":\"https:\/\/monlacata.cetrexmarketing.com\/wp-content\/uploads\/2020\/05\/vino-tinto-abadia-de-poblet.jpg.png\",\"contentUrl\":\"https:\/\/monlacata.cetrexmarketing.com\/wp-content\/uploads\/2020\/05\/vino-tinto-abadia-de-poblet.jpg.png\",\"width\":765,\"height\":1024,\"caption\":\"vino tinto abadia de poblet.jpg\"},{\"@type\":\"BreadcrumbList\",\"@id\":\"https:\/\/monlacata.cetrexmarketing.com\/ca\/producto\/abadia-de-poblet-negre\/#breadcrumb\",\"itemListElement\":[{\"@type\":\"ListItem\",\"position\":1,\"name\":\"Home\",\"item\":\"https:\/\/monlacata.cetrexmarketing.com\/ca\/\"},{\"@type\":\"ListItem\",\"position\":2,\"name\":\"Tienda\",\"item\":\"https:\/\/monlacata.cetrexmarketing.com\/ca\/tienda-2\/\"},{\"@type\":\"ListItem\",\"position\":3,\"name\":\"Vi\",\"item\":\"https:\/\/monlacata.cetrexmarketing.com\/categoria-producto\/home-ca\/vi-ca\/\"},{\"@type\":\"ListItem\",\"position\":4,\"name\":\"Vi Negre\",\"item\":\"https:\/\/monlacata.cetrexmarketing.com\/ca\/categoria-producto\/home-ca\/vi-ca\/vino-tinto-ca\/\"},{\"@type\":\"ListItem\",\"position\":5,\"name\":\"Abadia de Poblet Negre\"}]},{\"@type\":\"WebSite\",\"@id\":\"https:\/\/monlacata.cetrexmarketing.com\/#website\",\"url\":\"https:\/\/monlacata.cetrexmarketing.com\/\",\"name\":\"M\u00f3n La Cata\",\"description\":\"Tienda de vinos, licores, cervezas y gourmet\",\"publisher\":{\"@id\":\"https:\/\/monlacata.cetrexmarketing.com\/#organization\"},\"potentialAction\":[{\"@type\":\"SearchAction\",\"target\":{\"@type\":\"EntryPoint\",\"urlTemplate\":\"https:\/\/monlacata.cetrexmarketing.com\/?s={search_term_string}\"},\"query-input\":{\"@type\":\"PropertyValueSpecification\",\"valueRequired\":true,\"valueName\":\"search_term_string\"}}],\"inLanguage\":\"ca\"},{\"@type\":\"Organization\",\"@id\":\"https:\/\/monlacata.cetrexmarketing.com\/#organization\",\"name\":\"M\u00f3n La Cata\",\"url\":\"https:\/\/monlacata.cetrexmarketing.com\/\",\"logo\":{\"@type\":\"ImageObject\",\"inLanguage\":\"ca\",\"@id\":\"https:\/\/monlacata.cetrexmarketing.com\/#\/schema\/logo\/image\/\",\"url\":\"https:\/\/monlacata.cetrexmarketing.com\/wp-content\/uploads\/2024\/02\/monlacata-logo-blanc.png\",\"contentUrl\":\"https:\/\/monlacata.cetrexmarketing.com\/wp-content\/uploads\/2024\/02\/monlacata-logo-blanc.png\",\"width\":454,\"height\":193,\"caption\":\"M\u00f3n La Cata\"},\"image\":{\"@id\":\"https:\/\/monlacata.cetrexmarketing.com\/#\/schema\/logo\/image\/\"}}]}<\/script>\n<!-- \/ Yoast SEO Premium plugin. -->","yoast_head_json":{"title":"Abadia de Poblet Negre vi","description":"Un gran vi de la do Conca de Barber\u00e0 per a tots els moments. Pots comprar aquest vi del Monestir de l'Abad\u00eda de Poblet al millor preu.","robots":{"index":"noindex","follow":"follow","max-snippet":"max-snippet:-1","max-image-preview":"max-image-preview:large","max-video-preview":"max-video-preview:-1"},"og_locale":"ca_ES","og_type":"article","og_title":"Abadia de Poblet Negre","og_description":"Un gran vi de la do Conca de Barber\u00e0 per a tots els moments. Pots comprar aquest vi del Monestir de l'Abad\u00eda de Poblet al millor preu.","og_url":"https:\/\/monlacata.cetrexmarketing.com\/ca\/producto\/abadia-de-poblet-negre\/","og_site_name":"M\u00f3n La Cata","article_modified_time":"2025-12-20T08:29:42+00:00","og_image":[{"width":765,"height":1024,"url":"https:\/\/monlacata.cetrexmarketing.com\/wp-content\/uploads\/2020\/05\/vino-tinto-abadia-de-poblet.jpg.png","type":"image\/png"}],"twitter_card":"summary_large_image","twitter_misc":{"Temps estimat de lectura":"1 minut"},"schema":{"@context":"https:\/\/schema.org","@graph":[{"@type":"WebPage","@id":"https:\/\/monlacata.cetrexmarketing.com\/ca\/producto\/abadia-de-poblet-negre\/","url":"https:\/\/monlacata.cetrexmarketing.com\/ca\/producto\/abadia-de-poblet-negre\/","name":"Abadia de Poblet Negre vi","isPartOf":{"@id":"https:\/\/monlacata.cetrexmarketing.com\/#website"},"primaryImageOfPage":{"@id":"https:\/\/monlacata.cetrexmarketing.com\/ca\/producto\/abadia-de-poblet-negre\/#primaryimage"},"image":{"@id":"https:\/\/monlacata.cetrexmarketing.com\/ca\/producto\/abadia-de-poblet-negre\/#primaryimage"},"thumbnailUrl":"https:\/\/monlacata.cetrexmarketing.com\/wp-content\/uploads\/2020\/05\/vino-tinto-abadia-de-poblet.jpg.png","datePublished":"2020-05-10T12:32:08+00:00","dateModified":"2025-12-20T08:29:42+00:00","description":"Un gran vi de la do Conca de Barber\u00e0 per a tots els moments. Pots comprar aquest vi del Monestir de l'Abad\u00eda de Poblet al millor preu.","breadcrumb":{"@id":"https:\/\/monlacata.cetrexmarketing.com\/ca\/producto\/abadia-de-poblet-negre\/#breadcrumb"},"inLanguage":"ca","potentialAction":[{"@type":"ReadAction","target":["https:\/\/monlacata.cetrexmarketing.com\/ca\/producto\/abadia-de-poblet-negre\/"]}]},{"@type":"ImageObject","inLanguage":"ca","@id":"https:\/\/monlacata.cetrexmarketing.com\/ca\/producto\/abadia-de-poblet-negre\/#primaryimage","url":"https:\/\/monlacata.cetrexmarketing.com\/wp-content\/uploads\/2020\/05\/vino-tinto-abadia-de-poblet.jpg.png","contentUrl":"https:\/\/monlacata.cetrexmarketing.com\/wp-content\/uploads\/2020\/05\/vino-tinto-abadia-de-poblet.jpg.png","width":765,"height":1024,"caption":"vino tinto abadia de poblet.jpg"},{"@type":"BreadcrumbList","@id":"https:\/\/monlacata.cetrexmarketing.com\/ca\/producto\/abadia-de-poblet-negre\/#breadcrumb","itemListElement":[{"@type":"ListItem","position":1,"name":"Home","item":"https:\/\/monlacata.cetrexmarketing.com\/ca\/"},{"@type":"ListItem","position":2,"name":"Tienda","item":"https:\/\/monlacata.cetrexmarketing.com\/ca\/tienda-2\/"},{"@type":"ListItem","position":3,"name":"Vi","item":"https:\/\/monlacata.cetrexmarketing.com\/categoria-producto\/home-ca\/vi-ca\/"},{"@type":"ListItem","position":4,"name":"Vi Negre","item":"https:\/\/monlacata.cetrexmarketing.com\/ca\/categoria-producto\/home-ca\/vi-ca\/vino-tinto-ca\/"},{"@type":"ListItem","position":5,"name":"Abadia de Poblet Negre"}]},{"@type":"WebSite","@id":"https:\/\/monlacata.cetrexmarketing.com\/#website","url":"https:\/\/monlacata.cetrexmarketing.com\/","name":"M\u00f3n La Cata","description":"Tienda de vinos, licores, cervezas y gourmet","publisher":{"@id":"https:\/\/monlacata.cetrexmarketing.com\/#organization"},"potentialAction":[{"@type":"SearchAction","target":{"@type":"EntryPoint","urlTemplate":"https:\/\/monlacata.cetrexmarketing.com\/?s={search_term_string}"},"query-input":{"@type":"PropertyValueSpecification","valueRequired":true,"valueName":"search_term_string"}}],"inLanguage":"ca"},{"@type":"Organization","@id":"https:\/\/monlacata.cetrexmarketing.com\/#organization","name":"M\u00f3n La Cata","url":"https:\/\/monlacata.cetrexmarketing.com\/","logo":{"@type":"ImageObject","inLanguage":"ca","@id":"https:\/\/monlacata.cetrexmarketing.com\/#\/schema\/logo\/image\/","url":"https:\/\/monlacata.cetrexmarketing.com\/wp-content\/uploads\/2024\/02\/monlacata-logo-blanc.png","contentUrl":"https:\/\/monlacata.cetrexmarketing.com\/wp-content\/uploads\/2024\/02\/monlacata-logo-blanc.png","width":454,"height":193,"caption":"M\u00f3n La Cata"},"image":{"@id":"https:\/\/monlacata.cetrexmarketing.com\/#\/schema\/logo\/image\/"}}]}},"brands":[{"id":32875,"name":"Conca de Barber\u00e0 D.O.","slug":"conca-de-barbera-d-o"}],"tiered_pricing_type":"fixed","tiered_pricing_fixed_rules":[],"tiered_pricing_product_settings":{"layout":"default","base_unit_name":{"singular":null,"plural":null},"default_variation":null},"tiered_pricing_minimum_quantity":1,"tiered_pricing_roles_data":[],"tiered_pricing_percentage_rules":[],"tiered_pricing_maximum_quantity":null,"tiered_pricing_quantity_step":null,"_links":{"self":[{"href":"https:\/\/monlacata.cetrexmarketing.com\/ca\/wp-json\/wp\/v2\/product\/44815","targetHints":{"allow":["GET"]}}],"collection":[{"href":"https:\/\/monlacata.cetrexmarketing.com\/ca\/wp-json\/wp\/v2\/product"}],"about":[{"href":"https:\/\/monlacata.cetrexmarketing.com\/ca\/wp-json\/wp\/v2\/types\/product"}],"replies":[{"embeddable":true,"href":"https:\/\/monlacata.cetrexmarketing.com\/ca\/wp-json\/wp\/v2\/comments?post=44815"}],"wp:featuredmedia":[{"embeddable":true,"href":"https:\/\/monlacata.cetrexmarketing.com\/ca\/wp-json\/wp\/v2\/media\/62917"}],"wp:attachment":[{"href":"https:\/\/monlacata.cetrexmarketing.com\/ca\/wp-json\/wp\/v2\/media?parent=44815"}],"wp:term":[{"taxonomy":"pwb-brand","embeddable":true,"href":"https:\/\/monlacata.cetrexmarketing.com\/ca\/wp-json\/wp\/v2\/pwb-brand?post=44815"},{"taxonomy":"product_cat","embeddable":true,"href":"https:\/\/monlacata.cetrexmarketing.com\/ca\/wp-json\/wp\/v2\/product_cat?post=44815"},{"taxonomy":"product_tag","embeddable":true,"href":"https:\/\/monlacata.cetrexmarketing.com\/ca\/wp-json\/wp\/v2\/product_tag?post=44815"}],"curies":[{"name":"wp","href":"https:\/\/api.w.org\/{rel}","templated":true}]}}