{"id":44821,"date":"2020-05-10T12:48:32","date_gmt":"2020-05-10T12:48:32","guid":{"rendered":"https:\/\/monlacata.cetrexmarketing.com\/producto\/vermouth-cisa-ecofriendly-1l\/"},"modified":"2024-07-31T08:32:22","modified_gmt":"2024-07-31T08:32:22","slug":"vermouth-cisa-ecofriendly-1l","status":"publish","type":"product","link":"https:\/\/monlacata.cetrexmarketing.com\/ca\/producto\/vermouth-cisa-ecofriendly-1l\/","title":{"rendered":"Vermouth Cisa Ecofriendly 1L"},"content":{"rendered":"<p>Vermut Cisa Ecofriendly 1L \u00e9s una opci\u00f3 premium que destaca pel seu comprom\u00eds amb el medi ambient. Aquest vermut, originari de Catalunya, es elabora amb ingredients ecol\u00f2gics, garantint una qualitat superior i un respecte pel voltant. Presenta un color vermell profund i una combinaci\u00f3 refinada d&#8217;esp\u00e8cies, herbes i fruits, amb un equilibri entre amargor i dol\u00e7or. Ideal per gaudir-lo sol, amb gel i una rodanxa de taronja, o com a base per a c\u00f2ctels cl\u00e0ssics. Acompanya a la perfecci\u00f3 tapes, embotits i plats de cuina mediterr\u00e0nia.<\/p>\n","protected":false},"excerpt":{"rendered":"<p>Vermut Cisa Ecofriendly 1L \u00e9s una opci\u00f3 premium que destaca pel seu comprom\u00eds amb el medi ambient. Aquest vermut, originari de Catalunya, es elabora amb ingredients ecol\u00f2gics, garantint una qualitat superior i un respecte pel voltant. Presenta un color vermell profund i una combinaci\u00f3 refinada d&#8217;esp\u00e8cies, herbes i fruits, amb un equilibri entre amargor i&hellip;<\/p>\n","protected":false},"featured_media":23556,"comment_status":"closed","ping_status":"closed","template":"","meta":{"_acf_changed":false},"pwb-brand":[],"product_cat":[33040,33226],"product_tag":[16457,50572,50570],"class_list":{"0":"post-44821","1":"product","2":"type-product","3":"status-publish","4":"has-post-thumbnail","6":"product_cat-destil-lats-ca","7":"product_cat-vermut-negre-ca","8":"product_tag-cisa-ca","9":"product_tag-vermouth-ca-2","10":"product_tag-vermu-ca","11":"pa_bodega-vermutcisa-ca","12":"pa_formatoenml-1000-ca","13":"pa_graduacion-15_0-ca","14":"pa_pais-espanya-ca","15":"pa_pueblociudad-elmasnoubarcelona-ca","16":"entry","17":"has-media","19":"first","20":"onbackorder","21":"taxable","22":"shipping-taxable","23":"purchasable","24":"product-type-simple"},"acf":[],"yoast_head":"<!-- This site is optimized with the Yoast SEO Premium plugin v23.1 (Yoast SEO v24.1) - https:\/\/yoast.com\/wordpress\/plugins\/seo\/ -->\n<title>Cisa Ecofriendly vermut<\/title>\n<meta name=\"description\" content=\"Comprar online al millor preu vermuts, aperitius i molts altres destil\u00b7lats d&#039;arreu del m\u00f3n.\" \/>\n<meta name=\"robots\" content=\"noindex, follow, max-snippet:-1, max-image-preview:large, max-video-preview:-1\" \/>\n<meta property=\"og:locale\" content=\"ca_ES\" \/>\n<meta property=\"og:type\" content=\"article\" \/>\n<meta property=\"og:title\" content=\"Vermouth Cisa Ecofriendly 1L\" \/>\n<meta property=\"og:description\" content=\"Comprar online al millor preu vermuts, aperitius i molts altres destil\u00b7lats d&#039;arreu del m\u00f3n.\" \/>\n<meta property=\"og:url\" content=\"https:\/\/monlacata.cetrexmarketing.com\/producto\/vermouth-cisa-ecofriendly-1l\/\" \/>\n<meta property=\"og:site_name\" content=\"M\u00f3n La Cata\" \/>\n<meta property=\"article:modified_time\" content=\"2024-07-31T08:32:22+00:00\" \/>\n<meta property=\"og:image\" content=\"https:\/\/monlacata.cetrexmarketing.com\/wp-content\/uploads\/2020\/05\/12552-Vermut-Cisa-Ecofriendly-Lt.jpg\" \/>\n\t<meta property=\"og:image:width\" content=\"400\" \/>\n\t<meta property=\"og:image:height\" content=\"600\" \/>\n\t<meta property=\"og:image:type\" content=\"image\/jpeg\" \/>\n<meta name=\"twitter:card\" content=\"summary_large_image\" \/>\n<meta name=\"twitter:label1\" content=\"Temps estimat de lectura\" \/>\n\t<meta name=\"twitter:data1\" content=\"1 minut\" \/>\n<script type=\"application\/ld+json\" class=\"yoast-schema-graph\">{\"@context\":\"https:\/\/schema.org\",\"@graph\":[{\"@type\":\"WebPage\",\"@id\":\"https:\/\/monlacata.cetrexmarketing.com\/producto\/vermouth-cisa-ecofriendly-1l\/\",\"url\":\"https:\/\/monlacata.cetrexmarketing.com\/producto\/vermouth-cisa-ecofriendly-1l\/\",\"name\":\"Cisa Ecofriendly vermut\",\"isPartOf\":{\"@id\":\"https:\/\/monlacata.cetrexmarketing.com\/#website\"},\"primaryImageOfPage\":{\"@id\":\"https:\/\/monlacata.cetrexmarketing.com\/producto\/vermouth-cisa-ecofriendly-1l\/#primaryimage\"},\"image\":{\"@id\":\"https:\/\/monlacata.cetrexmarketing.com\/producto\/vermouth-cisa-ecofriendly-1l\/#primaryimage\"},\"thumbnailUrl\":\"https:\/\/monlacata.cetrexmarketing.com\/wp-content\/uploads\/2020\/05\/12552-Vermut-Cisa-Ecofriendly-Lt.jpg\",\"datePublished\":\"2020-05-10T12:48:32+00:00\",\"dateModified\":\"2024-07-31T08:32:22+00:00\",\"description\":\"Comprar online al millor preu vermuts, aperitius i molts altres destil\u00b7lats d'arreu del m\u00f3n.\",\"breadcrumb\":{\"@id\":\"https:\/\/monlacata.cetrexmarketing.com\/producto\/vermouth-cisa-ecofriendly-1l\/#breadcrumb\"},\"inLanguage\":\"ca\",\"potentialAction\":[{\"@type\":\"ReadAction\",\"target\":[\"https:\/\/monlacata.cetrexmarketing.com\/producto\/vermouth-cisa-ecofriendly-1l\/\"]}]},{\"@type\":\"ImageObject\",\"inLanguage\":\"ca\",\"@id\":\"https:\/\/monlacata.cetrexmarketing.com\/producto\/vermouth-cisa-ecofriendly-1l\/#primaryimage\",\"url\":\"https:\/\/monlacata.cetrexmarketing.com\/wp-content\/uploads\/2020\/05\/12552-Vermut-Cisa-Ecofriendly-Lt.jpg\",\"contentUrl\":\"https:\/\/monlacata.cetrexmarketing.com\/wp-content\/uploads\/2020\/05\/12552-Vermut-Cisa-Ecofriendly-Lt.jpg\",\"width\":400,\"height\":600},{\"@type\":\"BreadcrumbList\",\"@id\":\"https:\/\/monlacata.cetrexmarketing.com\/producto\/vermouth-cisa-ecofriendly-1l\/#breadcrumb\",\"itemListElement\":[{\"@type\":\"ListItem\",\"position\":1,\"name\":\"Home\",\"item\":\"https:\/\/monlacata.cetrexmarketing.com\/ca\/\"},{\"@type\":\"ListItem\",\"position\":2,\"name\":\"Tienda\",\"item\":\"https:\/\/monlacata.cetrexmarketing.com\/ca\/tienda-2\/\"},{\"@type\":\"ListItem\",\"position\":3,\"name\":\"Destil\u00b7lats\",\"item\":\"https:\/\/monlacata.cetrexmarketing.com\/categoria-producto\/home-ca\/destil-lats-ca\/\"},{\"@type\":\"ListItem\",\"position\":4,\"name\":\"Vermut Negre\",\"item\":\"https:\/\/monlacata.cetrexmarketing.com\/ca\/categoria-producto\/destil-lats-ca\/vermut-negre-ca\/\"},{\"@type\":\"ListItem\",\"position\":5,\"name\":\"Vermouth Cisa Ecofriendly 1L\"}]},{\"@type\":\"WebSite\",\"@id\":\"https:\/\/monlacata.cetrexmarketing.com\/#website\",\"url\":\"https:\/\/monlacata.cetrexmarketing.com\/\",\"name\":\"M\u00f3n La Cata\",\"description\":\"Tienda de vinos, licores, cervezas y gourmet\",\"publisher\":{\"@id\":\"https:\/\/monlacata.cetrexmarketing.com\/#organization\"},\"potentialAction\":[{\"@type\":\"SearchAction\",\"target\":{\"@type\":\"EntryPoint\",\"urlTemplate\":\"https:\/\/monlacata.cetrexmarketing.com\/?s={search_term_string}\"},\"query-input\":{\"@type\":\"PropertyValueSpecification\",\"valueRequired\":true,\"valueName\":\"search_term_string\"}}],\"inLanguage\":\"ca\"},{\"@type\":\"Organization\",\"@id\":\"https:\/\/monlacata.cetrexmarketing.com\/#organization\",\"name\":\"M\u00f3n La Cata\",\"url\":\"https:\/\/monlacata.cetrexmarketing.com\/\",\"logo\":{\"@type\":\"ImageObject\",\"inLanguage\":\"ca\",\"@id\":\"https:\/\/monlacata.cetrexmarketing.com\/#\/schema\/logo\/image\/\",\"url\":\"https:\/\/monlacata.cetrexmarketing.com\/wp-content\/uploads\/2024\/02\/monlacata-logo-blanc.png\",\"contentUrl\":\"https:\/\/monlacata.cetrexmarketing.com\/wp-content\/uploads\/2024\/02\/monlacata-logo-blanc.png\",\"width\":454,\"height\":193,\"caption\":\"M\u00f3n La Cata\"},\"image\":{\"@id\":\"https:\/\/monlacata.cetrexmarketing.com\/#\/schema\/logo\/image\/\"}}]}<\/script>\n<!-- \/ Yoast SEO Premium plugin. -->","yoast_head_json":{"title":"Cisa Ecofriendly vermut","description":"Comprar online al millor preu vermuts, aperitius i molts altres destil\u00b7lats d'arreu del m\u00f3n.","robots":{"index":"noindex","follow":"follow","max-snippet":"max-snippet:-1","max-image-preview":"max-image-preview:large","max-video-preview":"max-video-preview:-1"},"og_locale":"ca_ES","og_type":"article","og_title":"Vermouth Cisa Ecofriendly 1L","og_description":"Comprar online al millor preu vermuts, aperitius i molts altres destil\u00b7lats d'arreu del m\u00f3n.","og_url":"https:\/\/monlacata.cetrexmarketing.com\/producto\/vermouth-cisa-ecofriendly-1l\/","og_site_name":"M\u00f3n La Cata","article_modified_time":"2024-07-31T08:32:22+00:00","og_image":[{"width":400,"height":600,"url":"https:\/\/monlacata.cetrexmarketing.com\/wp-content\/uploads\/2020\/05\/12552-Vermut-Cisa-Ecofriendly-Lt.jpg","type":"image\/jpeg"}],"twitter_card":"summary_large_image","twitter_misc":{"Temps estimat de lectura":"1 minut"},"schema":{"@context":"https:\/\/schema.org","@graph":[{"@type":"WebPage","@id":"https:\/\/monlacata.cetrexmarketing.com\/producto\/vermouth-cisa-ecofriendly-1l\/","url":"https:\/\/monlacata.cetrexmarketing.com\/producto\/vermouth-cisa-ecofriendly-1l\/","name":"Cisa Ecofriendly vermut","isPartOf":{"@id":"https:\/\/monlacata.cetrexmarketing.com\/#website"},"primaryImageOfPage":{"@id":"https:\/\/monlacata.cetrexmarketing.com\/producto\/vermouth-cisa-ecofriendly-1l\/#primaryimage"},"image":{"@id":"https:\/\/monlacata.cetrexmarketing.com\/producto\/vermouth-cisa-ecofriendly-1l\/#primaryimage"},"thumbnailUrl":"https:\/\/monlacata.cetrexmarketing.com\/wp-content\/uploads\/2020\/05\/12552-Vermut-Cisa-Ecofriendly-Lt.jpg","datePublished":"2020-05-10T12:48:32+00:00","dateModified":"2024-07-31T08:32:22+00:00","description":"Comprar online al millor preu vermuts, aperitius i molts altres destil\u00b7lats d'arreu del m\u00f3n.","breadcrumb":{"@id":"https:\/\/monlacata.cetrexmarketing.com\/producto\/vermouth-cisa-ecofriendly-1l\/#breadcrumb"},"inLanguage":"ca","potentialAction":[{"@type":"ReadAction","target":["https:\/\/monlacata.cetrexmarketing.com\/producto\/vermouth-cisa-ecofriendly-1l\/"]}]},{"@type":"ImageObject","inLanguage":"ca","@id":"https:\/\/monlacata.cetrexmarketing.com\/producto\/vermouth-cisa-ecofriendly-1l\/#primaryimage","url":"https:\/\/monlacata.cetrexmarketing.com\/wp-content\/uploads\/2020\/05\/12552-Vermut-Cisa-Ecofriendly-Lt.jpg","contentUrl":"https:\/\/monlacata.cetrexmarketing.com\/wp-content\/uploads\/2020\/05\/12552-Vermut-Cisa-Ecofriendly-Lt.jpg","width":400,"height":600},{"@type":"BreadcrumbList","@id":"https:\/\/monlacata.cetrexmarketing.com\/producto\/vermouth-cisa-ecofriendly-1l\/#breadcrumb","itemListElement":[{"@type":"ListItem","position":1,"name":"Home","item":"https:\/\/monlacata.cetrexmarketing.com\/ca\/"},{"@type":"ListItem","position":2,"name":"Tienda","item":"https:\/\/monlacata.cetrexmarketing.com\/ca\/tienda-2\/"},{"@type":"ListItem","position":3,"name":"Destil\u00b7lats","item":"https:\/\/monlacata.cetrexmarketing.com\/categoria-producto\/home-ca\/destil-lats-ca\/"},{"@type":"ListItem","position":4,"name":"Vermut Negre","item":"https:\/\/monlacata.cetrexmarketing.com\/ca\/categoria-producto\/destil-lats-ca\/vermut-negre-ca\/"},{"@type":"ListItem","position":5,"name":"Vermouth Cisa Ecofriendly 1L"}]},{"@type":"WebSite","@id":"https:\/\/monlacata.cetrexmarketing.com\/#website","url":"https:\/\/monlacata.cetrexmarketing.com\/","name":"M\u00f3n La Cata","description":"Tienda de vinos, licores, cervezas y gourmet","publisher":{"@id":"https:\/\/monlacata.cetrexmarketing.com\/#organization"},"potentialAction":[{"@type":"SearchAction","target":{"@type":"EntryPoint","urlTemplate":"https:\/\/monlacata.cetrexmarketing.com\/?s={search_term_string}"},"query-input":{"@type":"PropertyValueSpecification","valueRequired":true,"valueName":"search_term_string"}}],"inLanguage":"ca"},{"@type":"Organization","@id":"https:\/\/monlacata.cetrexmarketing.com\/#organization","name":"M\u00f3n La Cata","url":"https:\/\/monlacata.cetrexmarketing.com\/","logo":{"@type":"ImageObject","inLanguage":"ca","@id":"https:\/\/monlacata.cetrexmarketing.com\/#\/schema\/logo\/image\/","url":"https:\/\/monlacata.cetrexmarketing.com\/wp-content\/uploads\/2024\/02\/monlacata-logo-blanc.png","contentUrl":"https:\/\/monlacata.cetrexmarketing.com\/wp-content\/uploads\/2024\/02\/monlacata-logo-blanc.png","width":454,"height":193,"caption":"M\u00f3n La Cata"},"image":{"@id":"https:\/\/monlacata.cetrexmarketing.com\/#\/schema\/logo\/image\/"}}]}},"brands":[],"tiered_pricing_type":"fixed","tiered_pricing_fixed_rules":[],"tiered_pricing_product_settings":{"layout":"default","base_unit_name":{"singular":null,"plural":null},"default_variation":null},"tiered_pricing_minimum_quantity":1,"tiered_pricing_roles_data":[],"tiered_pricing_percentage_rules":[],"tiered_pricing_maximum_quantity":null,"tiered_pricing_quantity_step":null,"_links":{"self":[{"href":"https:\/\/monlacata.cetrexmarketing.com\/ca\/wp-json\/wp\/v2\/product\/44821","targetHints":{"allow":["GET"]}}],"collection":[{"href":"https:\/\/monlacata.cetrexmarketing.com\/ca\/wp-json\/wp\/v2\/product"}],"about":[{"href":"https:\/\/monlacata.cetrexmarketing.com\/ca\/wp-json\/wp\/v2\/types\/product"}],"replies":[{"embeddable":true,"href":"https:\/\/monlacata.cetrexmarketing.com\/ca\/wp-json\/wp\/v2\/comments?post=44821"}],"wp:featuredmedia":[{"embeddable":true,"href":"https:\/\/monlacata.cetrexmarketing.com\/ca\/wp-json\/wp\/v2\/media\/23556"}],"wp:attachment":[{"href":"https:\/\/monlacata.cetrexmarketing.com\/ca\/wp-json\/wp\/v2\/media?parent=44821"}],"wp:term":[{"taxonomy":"pwb-brand","embeddable":true,"href":"https:\/\/monlacata.cetrexmarketing.com\/ca\/wp-json\/wp\/v2\/pwb-brand?post=44821"},{"taxonomy":"product_cat","embeddable":true,"href":"https:\/\/monlacata.cetrexmarketing.com\/ca\/wp-json\/wp\/v2\/product_cat?post=44821"},{"taxonomy":"product_tag","embeddable":true,"href":"https:\/\/monlacata.cetrexmarketing.com\/ca\/wp-json\/wp\/v2\/product_tag?post=44821"}],"curies":[{"name":"wp","href":"https:\/\/api.w.org\/{rel}","templated":true}]}}