{"id":45117,"date":"2020-06-04T12:38:33","date_gmt":"2020-06-04T12:38:33","guid":{"rendered":"https:\/\/monlacata.cetrexmarketing.com\/producto\/ojo-plato-verdejo\/"},"modified":"2026-01-19T09:48:21","modified_gmt":"2026-01-19T09:48:21","slug":"ojo-plato-verdejo","status":"publish","type":"product","link":"https:\/\/monlacata.cetrexmarketing.com\/ca\/producto\/ojo-plato-verdejo\/","title":{"rendered":"Ojo Plato Verdejo"},"content":{"rendered":"<div class=\"flex max-w-full flex-col flex-grow\">\n<div class=\"min-h-8 text-message flex w-full flex-col items-end gap-2 whitespace-normal break-words text-start [.text-message+&amp;]:mt-5\" dir=\"auto\" data-message-author-role=\"assistant\" data-message-id=\"924229ce-d6dc-490a-8f30-e9f9488974ab\" data-message-model-slug=\"gpt-4o\">\n<div class=\"flex w-full flex-col gap-1 empty:hidden first:pt-[3px]\">\n<div class=\"markdown prose w-full break-words dark:prose-invert light\">\n<p><strong>Ojo Plato Verdejo<\/strong> \u00e9s un vi blanc elaborat amb ra\u00efm 100% Verdejo, acuradament seleccionat de vinyes situades en zones de clima continental amb s\u00f2ls pedregosos i arenosos. El seu proc\u00e9s de vinificaci\u00f3 busca ressaltar la frescor i l&#8217;expressi\u00f3 varietal de la Verdejo, utilitzant fermentaci\u00f3 en dip\u00f2sits d\u2019acer inoxidable a temperatura controlada per preservar els seus aromes i matisos naturals.<\/p>\n<h3><strong>Caracter\u00edstiques del vi:<\/strong><\/h3>\n<ul>\n<li><strong>Color<\/strong>: Groc p\u00e0l\u00b7lid amb reflexos verdosos, brillant i net.<\/li>\n<li><strong>Aromes<\/strong>: Intensos i expressius, amb notes de fruites blanques (poma, pera) i c\u00edtrics (aranja, llima), juntament amb matisos herbacis caracter\u00edstics de la Verdejo, com el fenc fresc i el fonoll.<\/li>\n<li><strong>Sabor<\/strong>: Fresc i vibrant, amb una acidesa ben equilibrada. Destaquen sabors afruitats i un lleuger toc mineral que aporta complexitat i persist\u00e8ncia en boca.<\/li>\n<\/ul>\n<h3><strong>Temperatura de servei:<\/strong><\/h3>\n<p>Es recomaa servir entre <strong>6-8\u00b0C<\/strong> per gaudir plenament de la seva frescor i expressi\u00f3 arom\u00e0tica.<\/p>\n<\/div>\n<\/div>\n<\/div>\n<\/div>\n<div class=\"mt-3 w-full empty:hidden\">\n<div class=\"text-center\">\n<div class=\"mx-auto\">\n<div>\n<div class=\"inline-flex rounded-xl border border-gray-100 dark:border-gray-700\">\n<div class=\"flex items-center justify-center gap-4 px-4 py-3 text-sm text-token-text-secondary\"><\/div>\n<\/div>\n<\/div>\n<\/div>\n<\/div>\n<\/div>\n","protected":false},"excerpt":{"rendered":"<p>Ojo Plato Verdejo \u00e9s un vi blanc elaborat amb ra\u00efm 100% Verdejo, acuradament seleccionat de vinyes situades en zones de clima continental amb s\u00f2ls pedregosos i arenosos. El seu proc\u00e9s de vinificaci\u00f3 busca ressaltar la frescor i l&#8217;expressi\u00f3 varietal de la Verdejo, utilitzant fermentaci\u00f3 en dip\u00f2sits d\u2019acer inoxidable a temperatura controlada per preservar els seus&hellip;<\/p>\n","protected":false},"featured_media":69020,"comment_status":"closed","ping_status":"closed","template":"","meta":{"_acf_changed":false},"pwb-brand":[32933],"product_cat":[33020,33092],"product_tag":[50430,50331],"class_list":{"0":"post-45117","1":"product","2":"type-product","3":"status-publish","4":"has-post-thumbnail","6":"pwb-brand-rueda-d-o","7":"product_cat-vi-ca","8":"product_cat-vino-blanco-ca","9":"product_tag-verdejo-ca-2","10":"product_tag-vi-blanc-ca-2","11":"pa_anada-2023-ca","12":"pa_bodega-bodegasaltosdeontanon-ca","13":"pa_do-ruedado-ca","14":"pa_formatoenl-075-ca","15":"pa_formatoenml-750-ca","16":"pa_graduacion-15_5-ca","17":"pa_pais-espanya-ca","18":"pa_pesoengramos-1250-ca","19":"pa_pesoenkg-125-ca-2","20":"pa_variedades-verdejo-ca","21":"entry","22":"has-media","24":"first","25":"instock","26":"taxable","27":"shipping-taxable","28":"purchasable","29":"product-type-simple"},"acf":[],"yoast_head":"<!-- This site is optimized with the Yoast SEO Premium plugin v23.1 (Yoast SEO v24.1) - https:\/\/yoast.com\/wordpress\/plugins\/seo\/ -->\n<title>Ojo Plato Verdejo<\/title>\n<meta name=\"description\" content=\"Comprar Ojo Plato Verdejo en la DO Rueda. 75cl. Vinoteca. Licoreria. Begudes. Alimentaci\u00f3 Productes gurmet. Descomptes. Ofertes.\" \/>\n<meta name=\"robots\" content=\"noindex, follow, max-snippet:-1, max-image-preview:large, max-video-preview:-1\" \/>\n<meta property=\"og:locale\" content=\"ca_ES\" \/>\n<meta property=\"og:type\" content=\"article\" \/>\n<meta property=\"og:title\" content=\"Ojo Plato Verdejo\" \/>\n<meta property=\"og:description\" content=\"Comprar Ojo Plato Verdejo en la DO Rueda. 75cl. Vinoteca. Licoreria. Begudes. Alimentaci\u00f3 Productes gurmet. Descomptes. Ofertes.\" \/>\n<meta property=\"og:url\" content=\"https:\/\/monlacata.cetrexmarketing.com\/ca\/producto\/ojo-plato-verdejo\/\" \/>\n<meta property=\"og:site_name\" content=\"M\u00f3n La Cata\" \/>\n<meta property=\"article:modified_time\" content=\"2026-01-19T09:48:21+00:00\" \/>\n<meta property=\"og:image\" content=\"https:\/\/monlacata.cetrexmarketing.com\/wp-content\/uploads\/2020\/06\/Ojo-Plato-verdejo.jpg.png\" \/>\n\t<meta property=\"og:image:width\" content=\"765\" \/>\n\t<meta property=\"og:image:height\" content=\"1024\" \/>\n\t<meta property=\"og:image:type\" content=\"image\/png\" \/>\n<meta name=\"twitter:card\" content=\"summary_large_image\" \/>\n<meta name=\"twitter:label1\" content=\"Temps estimat de lectura\" \/>\n\t<meta name=\"twitter:data1\" content=\"1 minut\" \/>\n<script type=\"application\/ld+json\" class=\"yoast-schema-graph\">{\"@context\":\"https:\/\/schema.org\",\"@graph\":[{\"@type\":\"WebPage\",\"@id\":\"https:\/\/monlacata.cetrexmarketing.com\/ca\/producto\/ojo-plato-verdejo\/\",\"url\":\"https:\/\/monlacata.cetrexmarketing.com\/ca\/producto\/ojo-plato-verdejo\/\",\"name\":\"Ojo Plato Verdejo\",\"isPartOf\":{\"@id\":\"https:\/\/monlacata.cetrexmarketing.com\/#website\"},\"primaryImageOfPage\":{\"@id\":\"https:\/\/monlacata.cetrexmarketing.com\/ca\/producto\/ojo-plato-verdejo\/#primaryimage\"},\"image\":{\"@id\":\"https:\/\/monlacata.cetrexmarketing.com\/ca\/producto\/ojo-plato-verdejo\/#primaryimage\"},\"thumbnailUrl\":\"https:\/\/monlacata.cetrexmarketing.com\/wp-content\/uploads\/2020\/06\/Ojo-Plato-verdejo.jpg.png\",\"datePublished\":\"2020-06-04T12:38:33+00:00\",\"dateModified\":\"2026-01-19T09:48:21+00:00\",\"description\":\"Comprar Ojo Plato Verdejo en la DO Rueda. 75cl. Vinoteca. Licoreria. Begudes. Alimentaci\u00f3 Productes gurmet. Descomptes. Ofertes.\",\"breadcrumb\":{\"@id\":\"https:\/\/monlacata.cetrexmarketing.com\/ca\/producto\/ojo-plato-verdejo\/#breadcrumb\"},\"inLanguage\":\"ca\",\"potentialAction\":[{\"@type\":\"ReadAction\",\"target\":[\"https:\/\/monlacata.cetrexmarketing.com\/ca\/producto\/ojo-plato-verdejo\/\"]}]},{\"@type\":\"ImageObject\",\"inLanguage\":\"ca\",\"@id\":\"https:\/\/monlacata.cetrexmarketing.com\/ca\/producto\/ojo-plato-verdejo\/#primaryimage\",\"url\":\"https:\/\/monlacata.cetrexmarketing.com\/wp-content\/uploads\/2020\/06\/Ojo-Plato-verdejo.jpg.png\",\"contentUrl\":\"https:\/\/monlacata.cetrexmarketing.com\/wp-content\/uploads\/2020\/06\/Ojo-Plato-verdejo.jpg.png\",\"width\":765,\"height\":1024,\"caption\":\"Ojo Plato verdejo.jpg\"},{\"@type\":\"BreadcrumbList\",\"@id\":\"https:\/\/monlacata.cetrexmarketing.com\/ca\/producto\/ojo-plato-verdejo\/#breadcrumb\",\"itemListElement\":[{\"@type\":\"ListItem\",\"position\":1,\"name\":\"Home\",\"item\":\"https:\/\/monlacata.cetrexmarketing.com\/ca\/\"},{\"@type\":\"ListItem\",\"position\":2,\"name\":\"Tienda\",\"item\":\"https:\/\/monlacata.cetrexmarketing.com\/ca\/tienda-2\/\"},{\"@type\":\"ListItem\",\"position\":3,\"name\":\"Vi\",\"item\":\"https:\/\/monlacata.cetrexmarketing.com\/categoria-producto\/home-ca\/vi-ca\/\"},{\"@type\":\"ListItem\",\"position\":4,\"name\":\"Vi Blanc\",\"item\":\"https:\/\/monlacata.cetrexmarketing.com\/ca\/categoria-producto\/home-ca\/vi-ca\/vino-blanco-ca\/\"},{\"@type\":\"ListItem\",\"position\":5,\"name\":\"Ojo Plato Verdejo\"}]},{\"@type\":\"WebSite\",\"@id\":\"https:\/\/monlacata.cetrexmarketing.com\/#website\",\"url\":\"https:\/\/monlacata.cetrexmarketing.com\/\",\"name\":\"M\u00f3n La Cata\",\"description\":\"Tienda de vinos, licores, cervezas y gourmet\",\"publisher\":{\"@id\":\"https:\/\/monlacata.cetrexmarketing.com\/#organization\"},\"potentialAction\":[{\"@type\":\"SearchAction\",\"target\":{\"@type\":\"EntryPoint\",\"urlTemplate\":\"https:\/\/monlacata.cetrexmarketing.com\/?s={search_term_string}\"},\"query-input\":{\"@type\":\"PropertyValueSpecification\",\"valueRequired\":true,\"valueName\":\"search_term_string\"}}],\"inLanguage\":\"ca\"},{\"@type\":\"Organization\",\"@id\":\"https:\/\/monlacata.cetrexmarketing.com\/#organization\",\"name\":\"M\u00f3n La Cata\",\"url\":\"https:\/\/monlacata.cetrexmarketing.com\/\",\"logo\":{\"@type\":\"ImageObject\",\"inLanguage\":\"ca\",\"@id\":\"https:\/\/monlacata.cetrexmarketing.com\/#\/schema\/logo\/image\/\",\"url\":\"https:\/\/monlacata.cetrexmarketing.com\/wp-content\/uploads\/2024\/02\/monlacata-logo-blanc.png\",\"contentUrl\":\"https:\/\/monlacata.cetrexmarketing.com\/wp-content\/uploads\/2024\/02\/monlacata-logo-blanc.png\",\"width\":454,\"height\":193,\"caption\":\"M\u00f3n La Cata\"},\"image\":{\"@id\":\"https:\/\/monlacata.cetrexmarketing.com\/#\/schema\/logo\/image\/\"}}]}<\/script>\n<!-- \/ Yoast SEO Premium plugin. -->","yoast_head_json":{"title":"Ojo Plato Verdejo","description":"Comprar Ojo Plato Verdejo en la DO Rueda. 75cl. Vinoteca. Licoreria. Begudes. Alimentaci\u00f3 Productes gurmet. Descomptes. Ofertes.","robots":{"index":"noindex","follow":"follow","max-snippet":"max-snippet:-1","max-image-preview":"max-image-preview:large","max-video-preview":"max-video-preview:-1"},"og_locale":"ca_ES","og_type":"article","og_title":"Ojo Plato Verdejo","og_description":"Comprar Ojo Plato Verdejo en la DO Rueda. 75cl. Vinoteca. Licoreria. Begudes. Alimentaci\u00f3 Productes gurmet. Descomptes. Ofertes.","og_url":"https:\/\/monlacata.cetrexmarketing.com\/ca\/producto\/ojo-plato-verdejo\/","og_site_name":"M\u00f3n La Cata","article_modified_time":"2026-01-19T09:48:21+00:00","og_image":[{"width":765,"height":1024,"url":"https:\/\/monlacata.cetrexmarketing.com\/wp-content\/uploads\/2020\/06\/Ojo-Plato-verdejo.jpg.png","type":"image\/png"}],"twitter_card":"summary_large_image","twitter_misc":{"Temps estimat de lectura":"1 minut"},"schema":{"@context":"https:\/\/schema.org","@graph":[{"@type":"WebPage","@id":"https:\/\/monlacata.cetrexmarketing.com\/ca\/producto\/ojo-plato-verdejo\/","url":"https:\/\/monlacata.cetrexmarketing.com\/ca\/producto\/ojo-plato-verdejo\/","name":"Ojo Plato Verdejo","isPartOf":{"@id":"https:\/\/monlacata.cetrexmarketing.com\/#website"},"primaryImageOfPage":{"@id":"https:\/\/monlacata.cetrexmarketing.com\/ca\/producto\/ojo-plato-verdejo\/#primaryimage"},"image":{"@id":"https:\/\/monlacata.cetrexmarketing.com\/ca\/producto\/ojo-plato-verdejo\/#primaryimage"},"thumbnailUrl":"https:\/\/monlacata.cetrexmarketing.com\/wp-content\/uploads\/2020\/06\/Ojo-Plato-verdejo.jpg.png","datePublished":"2020-06-04T12:38:33+00:00","dateModified":"2026-01-19T09:48:21+00:00","description":"Comprar Ojo Plato Verdejo en la DO Rueda. 75cl. Vinoteca. Licoreria. Begudes. Alimentaci\u00f3 Productes gurmet. Descomptes. Ofertes.","breadcrumb":{"@id":"https:\/\/monlacata.cetrexmarketing.com\/ca\/producto\/ojo-plato-verdejo\/#breadcrumb"},"inLanguage":"ca","potentialAction":[{"@type":"ReadAction","target":["https:\/\/monlacata.cetrexmarketing.com\/ca\/producto\/ojo-plato-verdejo\/"]}]},{"@type":"ImageObject","inLanguage":"ca","@id":"https:\/\/monlacata.cetrexmarketing.com\/ca\/producto\/ojo-plato-verdejo\/#primaryimage","url":"https:\/\/monlacata.cetrexmarketing.com\/wp-content\/uploads\/2020\/06\/Ojo-Plato-verdejo.jpg.png","contentUrl":"https:\/\/monlacata.cetrexmarketing.com\/wp-content\/uploads\/2020\/06\/Ojo-Plato-verdejo.jpg.png","width":765,"height":1024,"caption":"Ojo Plato verdejo.jpg"},{"@type":"BreadcrumbList","@id":"https:\/\/monlacata.cetrexmarketing.com\/ca\/producto\/ojo-plato-verdejo\/#breadcrumb","itemListElement":[{"@type":"ListItem","position":1,"name":"Home","item":"https:\/\/monlacata.cetrexmarketing.com\/ca\/"},{"@type":"ListItem","position":2,"name":"Tienda","item":"https:\/\/monlacata.cetrexmarketing.com\/ca\/tienda-2\/"},{"@type":"ListItem","position":3,"name":"Vi","item":"https:\/\/monlacata.cetrexmarketing.com\/categoria-producto\/home-ca\/vi-ca\/"},{"@type":"ListItem","position":4,"name":"Vi Blanc","item":"https:\/\/monlacata.cetrexmarketing.com\/ca\/categoria-producto\/home-ca\/vi-ca\/vino-blanco-ca\/"},{"@type":"ListItem","position":5,"name":"Ojo Plato Verdejo"}]},{"@type":"WebSite","@id":"https:\/\/monlacata.cetrexmarketing.com\/#website","url":"https:\/\/monlacata.cetrexmarketing.com\/","name":"M\u00f3n La Cata","description":"Tienda de vinos, licores, cervezas y gourmet","publisher":{"@id":"https:\/\/monlacata.cetrexmarketing.com\/#organization"},"potentialAction":[{"@type":"SearchAction","target":{"@type":"EntryPoint","urlTemplate":"https:\/\/monlacata.cetrexmarketing.com\/?s={search_term_string}"},"query-input":{"@type":"PropertyValueSpecification","valueRequired":true,"valueName":"search_term_string"}}],"inLanguage":"ca"},{"@type":"Organization","@id":"https:\/\/monlacata.cetrexmarketing.com\/#organization","name":"M\u00f3n La Cata","url":"https:\/\/monlacata.cetrexmarketing.com\/","logo":{"@type":"ImageObject","inLanguage":"ca","@id":"https:\/\/monlacata.cetrexmarketing.com\/#\/schema\/logo\/image\/","url":"https:\/\/monlacata.cetrexmarketing.com\/wp-content\/uploads\/2024\/02\/monlacata-logo-blanc.png","contentUrl":"https:\/\/monlacata.cetrexmarketing.com\/wp-content\/uploads\/2024\/02\/monlacata-logo-blanc.png","width":454,"height":193,"caption":"M\u00f3n La Cata"},"image":{"@id":"https:\/\/monlacata.cetrexmarketing.com\/#\/schema\/logo\/image\/"}}]}},"brands":[{"id":32933,"name":"Rueda D.O.","slug":"rueda-d-o"}],"tiered_pricing_type":"fixed","tiered_pricing_fixed_rules":[],"tiered_pricing_product_settings":{"layout":"default","base_unit_name":{"singular":null,"plural":null},"default_variation":null},"tiered_pricing_minimum_quantity":null,"tiered_pricing_roles_data":[],"tiered_pricing_percentage_rules":[],"tiered_pricing_maximum_quantity":null,"tiered_pricing_quantity_step":null,"_links":{"self":[{"href":"https:\/\/monlacata.cetrexmarketing.com\/ca\/wp-json\/wp\/v2\/product\/45117","targetHints":{"allow":["GET"]}}],"collection":[{"href":"https:\/\/monlacata.cetrexmarketing.com\/ca\/wp-json\/wp\/v2\/product"}],"about":[{"href":"https:\/\/monlacata.cetrexmarketing.com\/ca\/wp-json\/wp\/v2\/types\/product"}],"replies":[{"embeddable":true,"href":"https:\/\/monlacata.cetrexmarketing.com\/ca\/wp-json\/wp\/v2\/comments?post=45117"}],"wp:featuredmedia":[{"embeddable":true,"href":"https:\/\/monlacata.cetrexmarketing.com\/ca\/wp-json\/wp\/v2\/media\/69020"}],"wp:attachment":[{"href":"https:\/\/monlacata.cetrexmarketing.com\/ca\/wp-json\/wp\/v2\/media?parent=45117"}],"wp:term":[{"taxonomy":"pwb-brand","embeddable":true,"href":"https:\/\/monlacata.cetrexmarketing.com\/ca\/wp-json\/wp\/v2\/pwb-brand?post=45117"},{"taxonomy":"product_cat","embeddable":true,"href":"https:\/\/monlacata.cetrexmarketing.com\/ca\/wp-json\/wp\/v2\/product_cat?post=45117"},{"taxonomy":"product_tag","embeddable":true,"href":"https:\/\/monlacata.cetrexmarketing.com\/ca\/wp-json\/wp\/v2\/product_tag?post=45117"}],"curies":[{"name":"wp","href":"https:\/\/api.w.org\/{rel}","templated":true}]}}