{"id":45137,"date":"2020-06-04T19:21:08","date_gmt":"2020-06-04T19:21:08","guid":{"rendered":"https:\/\/monlacata.cetrexmarketing.com\/producto\/garnatxa-capcanes\/"},"modified":"2025-01-16T10:27:44","modified_gmt":"2025-01-16T10:27:44","slug":"garnatxa-capcanes","status":"publish","type":"product","link":"https:\/\/monlacata.cetrexmarketing.com\/ca\/producto\/garnatxa-capcanes\/","title":{"rendered":"Garnatxa Dol\u00e7a Cap\u00e7anes"},"content":{"rendered":"<p><strong>Garnatxa Dol\u00e7a Cap\u00e7anes<\/strong><\/p>\n<p><span style=\"font-weight: 400;\">Es tracta d\u2019un vi dol\u00e7 molt tradicional elaborat amb ra\u00efm Garnatxa. Per assolir una graduaci\u00f3 alcoh\u00f2lica superior al 15% vol., es fortifica amb alcohol v\u00ednic. Posteriorment, experimenta una llarga crian\u00e7a de 24 mesos en b\u00f3tes de roure franc\u00e8s, seguida d\u2019un per\u00edode addicional d\u2019envelliment en tancs abans de ser embotellat. Abans de l\u2019embotellament, es sotmet a processos de clarificaci\u00f3 i filtraci\u00f3 per garantir-ne la qualitat i l\u2019estabilitat.   <\/span><\/p>\n","protected":false},"excerpt":{"rendered":"<p><strong>Garnatxa Dol\u00e7a Cap\u00e7anes<\/strong><\/p>\n<p><span style=\"font-weight: 400;\">Es tracta d\u2019un vi dol\u00e7 molt tradicional elaborat amb ra\u00efm Garnatxa. Per assolir una graduaci\u00f3 alcoh\u00f2lica superior al 15% vol., es fortifica amb alcohol v\u00ednic. Posteriorment, experimenta una llarga crian\u00e7a de 24 mesos en b\u00f3tes de roure franc\u00e8s, seguida d\u2019un per\u00edode addicional d\u2019envelliment en tancs abans de ser embotellat. Abans de l\u2019embotellament, es sotmet a processos de clarificaci\u00f3 i filtraci\u00f3 per garantir-ne la qualitat i l\u2019estabilitat.   <\/span><\/p>\n","protected":false},"featured_media":71881,"comment_status":"closed","ping_status":"closed","template":"","meta":{"_acf_changed":false},"pwb-brand":[44888],"product_cat":[33020,33106],"product_tag":[50526,52198,50758],"class_list":{"0":"post-45137","1":"product","2":"type-product","3":"status-publish","4":"has-post-thumbnail","6":"pwb-brand-capcanes","7":"product_cat-vi-ca","8":"product_cat-vi-generos","9":"product_tag-capcanes-ca-2","10":"product_tag-garnatxa-dolca-capcanes","11":"product_tag-montsant-ca-2","12":"pa_bodega-celler-capcanes-ca","13":"pa_do-montsant-d-o-ca","14":"pa_formatoenml-750-ca","15":"pa_graduacion-16_5-ca","16":"pa_pais-espanya-ca","17":"pa_variedad-principal-garnacha-tinta-ca","18":"pa_variedad-principal-garnatxa-blanca","19":"entry","20":"has-media","22":"first","23":"instock","24":"taxable","25":"shipping-taxable","26":"purchasable","27":"product-type-simple"},"acf":[],"yoast_head":"<!-- This site is optimized with the Yoast SEO Premium plugin v23.1 (Yoast SEO v24.1) - https:\/\/yoast.com\/wordpress\/plugins\/seo\/ -->\n<title>Garnatxa Dol\u00e7a Cap\u00e7anes<\/title>\n<meta name=\"description\" content=\"Comprar online Garnatxa Cap\u00e7anes en la DO Montsant. 75cl. Vinoteca. Licoreria. Begudes. Alimentaci\u00f3 Productes gurmet. Ofertes.\" \/>\n<meta name=\"robots\" content=\"noindex, follow, max-snippet:-1, max-image-preview:large, max-video-preview:-1\" \/>\n<meta property=\"og:locale\" content=\"ca_ES\" \/>\n<meta property=\"og:type\" content=\"article\" \/>\n<meta property=\"og:title\" content=\"Garnatxa Dol\u00e7a Cap\u00e7anes\" \/>\n<meta property=\"og:description\" content=\"Comprar online Garnatxa Cap\u00e7anes en la DO Montsant. 75cl. Vinoteca. Licoreria. Begudes. Alimentaci\u00f3 Productes gurmet. Ofertes.\" \/>\n<meta property=\"og:url\" content=\"https:\/\/monlacata.cetrexmarketing.com\/ca\/producto\/garnatxa-capcanes\/\" \/>\n<meta property=\"og:site_name\" content=\"M\u00f3n La Cata\" \/>\n<meta property=\"article:modified_time\" content=\"2025-01-16T10:27:44+00:00\" \/>\n<meta property=\"og:image\" content=\"https:\/\/monlacata.cetrexmarketing.com\/wp-content\/uploads\/2020\/06\/carnacha-dulce-capcanes.jpeg.png\" \/>\n\t<meta property=\"og:image:width\" content=\"765\" \/>\n\t<meta property=\"og:image:height\" content=\"1024\" \/>\n\t<meta property=\"og:image:type\" content=\"image\/png\" \/>\n<meta name=\"twitter:card\" content=\"summary_large_image\" \/>\n<meta name=\"twitter:label1\" content=\"Temps estimat de lectura\" \/>\n\t<meta name=\"twitter:data1\" content=\"1 minut\" \/>\n<script type=\"application\/ld+json\" class=\"yoast-schema-graph\">{\"@context\":\"https:\/\/schema.org\",\"@graph\":[{\"@type\":\"WebPage\",\"@id\":\"https:\/\/monlacata.cetrexmarketing.com\/ca\/producto\/garnatxa-capcanes\/\",\"url\":\"https:\/\/monlacata.cetrexmarketing.com\/ca\/producto\/garnatxa-capcanes\/\",\"name\":\"Garnatxa Dol\u00e7a Cap\u00e7anes\",\"isPartOf\":{\"@id\":\"https:\/\/monlacata.cetrexmarketing.com\/#website\"},\"primaryImageOfPage\":{\"@id\":\"https:\/\/monlacata.cetrexmarketing.com\/ca\/producto\/garnatxa-capcanes\/#primaryimage\"},\"image\":{\"@id\":\"https:\/\/monlacata.cetrexmarketing.com\/ca\/producto\/garnatxa-capcanes\/#primaryimage\"},\"thumbnailUrl\":\"https:\/\/monlacata.cetrexmarketing.com\/wp-content\/uploads\/2020\/06\/carnacha-dulce-capcanes.jpeg.png\",\"datePublished\":\"2020-06-04T19:21:08+00:00\",\"dateModified\":\"2025-01-16T10:27:44+00:00\",\"description\":\"Comprar online Garnatxa Cap\u00e7anes en la DO Montsant. 75cl. Vinoteca. Licoreria. Begudes. Alimentaci\u00f3 Productes gurmet. Ofertes.\",\"breadcrumb\":{\"@id\":\"https:\/\/monlacata.cetrexmarketing.com\/ca\/producto\/garnatxa-capcanes\/#breadcrumb\"},\"inLanguage\":\"ca\",\"potentialAction\":[{\"@type\":\"ReadAction\",\"target\":[\"https:\/\/monlacata.cetrexmarketing.com\/ca\/producto\/garnatxa-capcanes\/\"]}]},{\"@type\":\"ImageObject\",\"inLanguage\":\"ca\",\"@id\":\"https:\/\/monlacata.cetrexmarketing.com\/ca\/producto\/garnatxa-capcanes\/#primaryimage\",\"url\":\"https:\/\/monlacata.cetrexmarketing.com\/wp-content\/uploads\/2020\/06\/carnacha-dulce-capcanes.jpeg.png\",\"contentUrl\":\"https:\/\/monlacata.cetrexmarketing.com\/wp-content\/uploads\/2020\/06\/carnacha-dulce-capcanes.jpeg.png\",\"width\":765,\"height\":1024,\"caption\":\"garnacha dulce cap\u00e7anes.jpeg\"},{\"@type\":\"BreadcrumbList\",\"@id\":\"https:\/\/monlacata.cetrexmarketing.com\/ca\/producto\/garnatxa-capcanes\/#breadcrumb\",\"itemListElement\":[{\"@type\":\"ListItem\",\"position\":1,\"name\":\"Home\",\"item\":\"https:\/\/monlacata.cetrexmarketing.com\/ca\/\"},{\"@type\":\"ListItem\",\"position\":2,\"name\":\"Tienda\",\"item\":\"https:\/\/monlacata.cetrexmarketing.com\/ca\/tienda-2\/\"},{\"@type\":\"ListItem\",\"position\":3,\"name\":\"Vi\",\"item\":\"https:\/\/monlacata.cetrexmarketing.com\/categoria-producto\/home-ca\/vi-ca\/\"},{\"@type\":\"ListItem\",\"position\":4,\"name\":\"Vi Gener\u00f3s\",\"item\":\"https:\/\/monlacata.cetrexmarketing.com\/ca\/categoria-producto\/vi-ca\/vi-generos\/\"},{\"@type\":\"ListItem\",\"position\":5,\"name\":\"Garnatxa Dol\u00e7a Cap\u00e7anes\"}]},{\"@type\":\"WebSite\",\"@id\":\"https:\/\/monlacata.cetrexmarketing.com\/#website\",\"url\":\"https:\/\/monlacata.cetrexmarketing.com\/\",\"name\":\"M\u00f3n La Cata\",\"description\":\"Tienda de vinos, licores, cervezas y gourmet\",\"publisher\":{\"@id\":\"https:\/\/monlacata.cetrexmarketing.com\/#organization\"},\"potentialAction\":[{\"@type\":\"SearchAction\",\"target\":{\"@type\":\"EntryPoint\",\"urlTemplate\":\"https:\/\/monlacata.cetrexmarketing.com\/?s={search_term_string}\"},\"query-input\":{\"@type\":\"PropertyValueSpecification\",\"valueRequired\":true,\"valueName\":\"search_term_string\"}}],\"inLanguage\":\"ca\"},{\"@type\":\"Organization\",\"@id\":\"https:\/\/monlacata.cetrexmarketing.com\/#organization\",\"name\":\"M\u00f3n La Cata\",\"url\":\"https:\/\/monlacata.cetrexmarketing.com\/\",\"logo\":{\"@type\":\"ImageObject\",\"inLanguage\":\"ca\",\"@id\":\"https:\/\/monlacata.cetrexmarketing.com\/#\/schema\/logo\/image\/\",\"url\":\"https:\/\/monlacata.cetrexmarketing.com\/wp-content\/uploads\/2024\/02\/monlacata-logo-blanc.png\",\"contentUrl\":\"https:\/\/monlacata.cetrexmarketing.com\/wp-content\/uploads\/2024\/02\/monlacata-logo-blanc.png\",\"width\":454,\"height\":193,\"caption\":\"M\u00f3n La Cata\"},\"image\":{\"@id\":\"https:\/\/monlacata.cetrexmarketing.com\/#\/schema\/logo\/image\/\"}}]}<\/script>\n<!-- \/ Yoast SEO Premium plugin. -->","yoast_head_json":{"title":"Garnatxa Dol\u00e7a Cap\u00e7anes","description":"Comprar online Garnatxa Cap\u00e7anes en la DO Montsant. 75cl. Vinoteca. Licoreria. Begudes. Alimentaci\u00f3 Productes gurmet. Ofertes.","robots":{"index":"noindex","follow":"follow","max-snippet":"max-snippet:-1","max-image-preview":"max-image-preview:large","max-video-preview":"max-video-preview:-1"},"og_locale":"ca_ES","og_type":"article","og_title":"Garnatxa Dol\u00e7a Cap\u00e7anes","og_description":"Comprar online Garnatxa Cap\u00e7anes en la DO Montsant. 75cl. Vinoteca. Licoreria. Begudes. Alimentaci\u00f3 Productes gurmet. Ofertes.","og_url":"https:\/\/monlacata.cetrexmarketing.com\/ca\/producto\/garnatxa-capcanes\/","og_site_name":"M\u00f3n La Cata","article_modified_time":"2025-01-16T10:27:44+00:00","og_image":[{"width":765,"height":1024,"url":"https:\/\/monlacata.cetrexmarketing.com\/wp-content\/uploads\/2020\/06\/carnacha-dulce-capcanes.jpeg.png","type":"image\/png"}],"twitter_card":"summary_large_image","twitter_misc":{"Temps estimat de lectura":"1 minut"},"schema":{"@context":"https:\/\/schema.org","@graph":[{"@type":"WebPage","@id":"https:\/\/monlacata.cetrexmarketing.com\/ca\/producto\/garnatxa-capcanes\/","url":"https:\/\/monlacata.cetrexmarketing.com\/ca\/producto\/garnatxa-capcanes\/","name":"Garnatxa Dol\u00e7a Cap\u00e7anes","isPartOf":{"@id":"https:\/\/monlacata.cetrexmarketing.com\/#website"},"primaryImageOfPage":{"@id":"https:\/\/monlacata.cetrexmarketing.com\/ca\/producto\/garnatxa-capcanes\/#primaryimage"},"image":{"@id":"https:\/\/monlacata.cetrexmarketing.com\/ca\/producto\/garnatxa-capcanes\/#primaryimage"},"thumbnailUrl":"https:\/\/monlacata.cetrexmarketing.com\/wp-content\/uploads\/2020\/06\/carnacha-dulce-capcanes.jpeg.png","datePublished":"2020-06-04T19:21:08+00:00","dateModified":"2025-01-16T10:27:44+00:00","description":"Comprar online Garnatxa Cap\u00e7anes en la DO Montsant. 75cl. Vinoteca. Licoreria. Begudes. Alimentaci\u00f3 Productes gurmet. Ofertes.","breadcrumb":{"@id":"https:\/\/monlacata.cetrexmarketing.com\/ca\/producto\/garnatxa-capcanes\/#breadcrumb"},"inLanguage":"ca","potentialAction":[{"@type":"ReadAction","target":["https:\/\/monlacata.cetrexmarketing.com\/ca\/producto\/garnatxa-capcanes\/"]}]},{"@type":"ImageObject","inLanguage":"ca","@id":"https:\/\/monlacata.cetrexmarketing.com\/ca\/producto\/garnatxa-capcanes\/#primaryimage","url":"https:\/\/monlacata.cetrexmarketing.com\/wp-content\/uploads\/2020\/06\/carnacha-dulce-capcanes.jpeg.png","contentUrl":"https:\/\/monlacata.cetrexmarketing.com\/wp-content\/uploads\/2020\/06\/carnacha-dulce-capcanes.jpeg.png","width":765,"height":1024,"caption":"garnacha dulce cap\u00e7anes.jpeg"},{"@type":"BreadcrumbList","@id":"https:\/\/monlacata.cetrexmarketing.com\/ca\/producto\/garnatxa-capcanes\/#breadcrumb","itemListElement":[{"@type":"ListItem","position":1,"name":"Home","item":"https:\/\/monlacata.cetrexmarketing.com\/ca\/"},{"@type":"ListItem","position":2,"name":"Tienda","item":"https:\/\/monlacata.cetrexmarketing.com\/ca\/tienda-2\/"},{"@type":"ListItem","position":3,"name":"Vi","item":"https:\/\/monlacata.cetrexmarketing.com\/categoria-producto\/home-ca\/vi-ca\/"},{"@type":"ListItem","position":4,"name":"Vi Gener\u00f3s","item":"https:\/\/monlacata.cetrexmarketing.com\/ca\/categoria-producto\/vi-ca\/vi-generos\/"},{"@type":"ListItem","position":5,"name":"Garnatxa Dol\u00e7a Cap\u00e7anes"}]},{"@type":"WebSite","@id":"https:\/\/monlacata.cetrexmarketing.com\/#website","url":"https:\/\/monlacata.cetrexmarketing.com\/","name":"M\u00f3n La Cata","description":"Tienda de vinos, licores, cervezas y gourmet","publisher":{"@id":"https:\/\/monlacata.cetrexmarketing.com\/#organization"},"potentialAction":[{"@type":"SearchAction","target":{"@type":"EntryPoint","urlTemplate":"https:\/\/monlacata.cetrexmarketing.com\/?s={search_term_string}"},"query-input":{"@type":"PropertyValueSpecification","valueRequired":true,"valueName":"search_term_string"}}],"inLanguage":"ca"},{"@type":"Organization","@id":"https:\/\/monlacata.cetrexmarketing.com\/#organization","name":"M\u00f3n La Cata","url":"https:\/\/monlacata.cetrexmarketing.com\/","logo":{"@type":"ImageObject","inLanguage":"ca","@id":"https:\/\/monlacata.cetrexmarketing.com\/#\/schema\/logo\/image\/","url":"https:\/\/monlacata.cetrexmarketing.com\/wp-content\/uploads\/2024\/02\/monlacata-logo-blanc.png","contentUrl":"https:\/\/monlacata.cetrexmarketing.com\/wp-content\/uploads\/2024\/02\/monlacata-logo-blanc.png","width":454,"height":193,"caption":"M\u00f3n La Cata"},"image":{"@id":"https:\/\/monlacata.cetrexmarketing.com\/#\/schema\/logo\/image\/"}}]}},"brands":[{"id":44888,"name":"Cap\u00e7anes","slug":"capcanes"}],"tiered_pricing_type":"fixed","tiered_pricing_fixed_rules":[],"tiered_pricing_product_settings":{"layout":"default","base_unit_name":{"singular":null,"plural":null},"default_variation":null},"tiered_pricing_minimum_quantity":null,"tiered_pricing_roles_data":[],"tiered_pricing_percentage_rules":[],"tiered_pricing_maximum_quantity":null,"tiered_pricing_quantity_step":null,"_links":{"self":[{"href":"https:\/\/monlacata.cetrexmarketing.com\/ca\/wp-json\/wp\/v2\/product\/45137","targetHints":{"allow":["GET"]}}],"collection":[{"href":"https:\/\/monlacata.cetrexmarketing.com\/ca\/wp-json\/wp\/v2\/product"}],"about":[{"href":"https:\/\/monlacata.cetrexmarketing.com\/ca\/wp-json\/wp\/v2\/types\/product"}],"replies":[{"embeddable":true,"href":"https:\/\/monlacata.cetrexmarketing.com\/ca\/wp-json\/wp\/v2\/comments?post=45137"}],"wp:featuredmedia":[{"embeddable":true,"href":"https:\/\/monlacata.cetrexmarketing.com\/ca\/wp-json\/wp\/v2\/media\/71881"}],"wp:attachment":[{"href":"https:\/\/monlacata.cetrexmarketing.com\/ca\/wp-json\/wp\/v2\/media?parent=45137"}],"wp:term":[{"taxonomy":"pwb-brand","embeddable":true,"href":"https:\/\/monlacata.cetrexmarketing.com\/ca\/wp-json\/wp\/v2\/pwb-brand?post=45137"},{"taxonomy":"product_cat","embeddable":true,"href":"https:\/\/monlacata.cetrexmarketing.com\/ca\/wp-json\/wp\/v2\/product_cat?post=45137"},{"taxonomy":"product_tag","embeddable":true,"href":"https:\/\/monlacata.cetrexmarketing.com\/ca\/wp-json\/wp\/v2\/product_tag?post=45137"}],"curies":[{"name":"wp","href":"https:\/\/api.w.org\/{rel}","templated":true}]}}