{"id":45265,"date":"2020-06-25T19:06:01","date_gmt":"2020-06-25T19:06:01","guid":{"rendered":"https:\/\/monlacata.cetrexmarketing.com\/producto\/baron-de-ley-reserva-magnum\/"},"modified":"2025-05-30T07:52:59","modified_gmt":"2025-05-30T07:52:59","slug":"baron-de-ley-reserva-magnum","status":"publish","type":"product","link":"https:\/\/monlacata.cetrexmarketing.com\/ca\/producto\/baron-de-ley-reserva-magnum\/","title":{"rendered":"Bar\u00f3n de Ley Reserva Magnum"},"content":{"rendered":"<p><strong>Bar\u00f3n de Ley Reserva Magnum<\/strong><\/p>\n<p><strong>D.O.Ca Rioja<\/strong> \u2013 Vi Negre Reserva<\/p>\n<p>Magnum 1,5 L<\/p>\n<ul>\n<li>Varietats: Tempranillo, Graciano, Maturana<\/li>\n<li>Crian\u00e7a: 20 mesos en b\u00f3ta + 24 mesos en ampolla<\/li>\n<li>Format: Magnum 1,5 L<\/li>\n<li>Denominaci\u00f3 d\u2019origen: D.O.Ca Rioja<\/li>\n<li>Al\u00b7l\u00e8rgens: Pot contenir sulfits<\/li>\n<\/ul>\n<p><strong>Descripci\u00f3<\/strong>:<\/p>\n<p>El Bar\u00f3n de Ley Reserva Magnum \u00e9s un elegant vi negre de crian\u00e7a elaborat principalment amb Tempranillo, complementat amb Graciano i Maturana, procedents de vinyes pr\u00f2pies situades a la subzona de la Rioja Oriental, concretament a les finques de Mendavia i Los Almendros d\u2019Ausejo.<\/p>\n<p>Aquest reserva ha estat criat durant 20 mesos en b\u00f3tes de roure americ\u00e0 nou, seguit de 24 mesos d\u2019afinament en ampolla, aconseguint una expressi\u00f3 complexa, madura i equilibrada. No ha estat sotm\u00e8s a processos de filtratge o estabilitzaci\u00f3, per la qual cosa pot presentar precipitacions naturals que no afecten la seva qualitat.<\/p>\n<p>Notes de tast:<\/p>\n<p>Color vermell rob\u00ed intens. En nas sorpr\u00e8n per la seva intensitat afruitada, ben integrada amb aromes de la crian\u00e7a: coco, toffee i notes de sotabosc. En boca \u00e9s potent i volumin\u00f3s, amb una textura sedosa i un final llarg i persistent. En el retrogust reapareixen els records a fruites vermelles i herbes arom\u00e0tiques.<\/p>\n<p>Viticultura i vinificaci\u00f3:<\/p>\n<p>Verema manual de les millors parcel\u00b7les. Fermentaci\u00f3 en tines d\u2019acer inoxidable amb control de temperatura per preservar els aromes naturals. Crian\u00e7a en roure americ\u00e0 nou durant 20 mesos i posterior maduraci\u00f3 en ampolla durant 2 anys.<\/p>\n<p>Maridatge:<\/p>\n<p>Ideal per a formatges curats, plats de porc i vedella, i guisats saborosos.<\/p>\n<p>Recomanaci\u00f3 de servei:<\/p>\n<p>Servir a una temperatura de 16 \u00baC.<\/p>\n","protected":false},"excerpt":{"rendered":"<p>Va arribar sobretot amb la varietat Tempranillo. Era en barrils de roure franc\u00e8s i americ\u00e0. A Boca revela notes intenses a la fruita madura i picant. La seva estructura \u00e9s equilibrada i els seus tanins s\u00f3n sedosos.<br \/>\nn<br \/>\nNideal per acompanyar els plats de carn vermella.<\/p>\n","protected":false},"featured_media":76263,"comment_status":"closed","ping_status":"closed","template":"","meta":{"_acf_changed":false},"pwb-brand":[48669,32907],"product_cat":[33020,33054],"product_tag":[52233,51742,51527,50359,51847,50324,50323],"class_list":{"0":"post-45265","1":"product","2":"type-product","3":"status-publish","4":"has-post-thumbnail","6":"pwb-brand-baron-de-ley","7":"pwb-brand-rioja-d-o","8":"product_cat-vi-ca","9":"product_cat-vino-tinto-ca","10":"product_tag-baron-de-ley-ca-2","11":"product_tag-doca-rioja-ca-2","12":"product_tag-magnum-ca-2","13":"product_tag-rioja-ca-2","14":"product_tag-tempranillo-ca-2","15":"product_tag-vi-ca-2","16":"product_tag-vi-negre-ca-2","17":"pa_anada-2020-ca","18":"pa_bodega-barondeley-ca","19":"pa_do-rioja-d-o-ca-ca","20":"pa_formatoenml-1500-ca","21":"pa_gastronomico-negre-gastronomic","22":"pa_graduacion-13_5-ca","23":"pa_maridaje-carn-blanca","24":"pa_maridaje-carn-roja","25":"pa_maridaje-embotits","26":"pa_pueblociudad-mendavianavarra-ca","27":"pa_tipodevino-vi-tranquil","28":"pa_variedad-principal-tempranillo-ca","29":"entry","30":"has-media","32":"first","33":"instock","34":"taxable","35":"shipping-taxable","36":"purchasable","37":"product-type-simple"},"acf":[],"yoast_head":"<!-- This site is optimized with the Yoast SEO Premium plugin v23.1 (Yoast SEO v24.1) - https:\/\/yoast.com\/wordpress\/plugins\/seo\/ -->\n<title>Baron de Ley Reserva magnum vi negre<\/title>\n<meta name=\"description\" content=\"Comprar online al millor preu vi negre de la DOCa Rioja.\" \/>\n<meta name=\"robots\" content=\"noindex, follow, max-snippet:-1, max-image-preview:large, max-video-preview:-1\" \/>\n<meta property=\"og:locale\" content=\"ca_ES\" \/>\n<meta property=\"og:type\" content=\"article\" \/>\n<meta property=\"og:title\" content=\"Bar\u00f3n de Ley Reserva Magnum\" \/>\n<meta property=\"og:description\" content=\"Comprar online al millor preu vi negre de la DOCa Rioja.\" \/>\n<meta property=\"og:url\" content=\"https:\/\/monlacata.cetrexmarketing.com\/ca\/producto\/baron-de-ley-reserva-magnum\/\" \/>\n<meta property=\"og:site_name\" content=\"M\u00f3n La Cata\" \/>\n<meta property=\"article:modified_time\" content=\"2025-05-30T07:52:59+00:00\" \/>\n<meta property=\"og:image\" content=\"https:\/\/monlacata.cetrexmarketing.com\/wp-content\/uploads\/2020\/06\/Baron-de-Ley-Reserva-Magnum.jpg-1.png\" \/>\n\t<meta property=\"og:image:width\" content=\"765\" \/>\n\t<meta property=\"og:image:height\" content=\"1024\" \/>\n\t<meta property=\"og:image:type\" content=\"image\/png\" \/>\n<meta name=\"twitter:card\" content=\"summary_large_image\" \/>\n<meta name=\"twitter:label1\" content=\"Temps estimat de lectura\" \/>\n\t<meta name=\"twitter:data1\" content=\"2 minuts\" \/>\n<script type=\"application\/ld+json\" class=\"yoast-schema-graph\">{\"@context\":\"https:\/\/schema.org\",\"@graph\":[{\"@type\":\"WebPage\",\"@id\":\"https:\/\/monlacata.cetrexmarketing.com\/ca\/producto\/baron-de-ley-reserva-magnum\/\",\"url\":\"https:\/\/monlacata.cetrexmarketing.com\/ca\/producto\/baron-de-ley-reserva-magnum\/\",\"name\":\"Baron de Ley Reserva magnum vi negre\",\"isPartOf\":{\"@id\":\"https:\/\/monlacata.cetrexmarketing.com\/#website\"},\"primaryImageOfPage\":{\"@id\":\"https:\/\/monlacata.cetrexmarketing.com\/ca\/producto\/baron-de-ley-reserva-magnum\/#primaryimage\"},\"image\":{\"@id\":\"https:\/\/monlacata.cetrexmarketing.com\/ca\/producto\/baron-de-ley-reserva-magnum\/#primaryimage\"},\"thumbnailUrl\":\"https:\/\/monlacata.cetrexmarketing.com\/wp-content\/uploads\/2020\/06\/Baron-de-Ley-Reserva-Magnum.jpg-1.png\",\"datePublished\":\"2020-06-25T19:06:01+00:00\",\"dateModified\":\"2025-05-30T07:52:59+00:00\",\"description\":\"Comprar online al millor preu vi negre de la DOCa Rioja.\",\"breadcrumb\":{\"@id\":\"https:\/\/monlacata.cetrexmarketing.com\/ca\/producto\/baron-de-ley-reserva-magnum\/#breadcrumb\"},\"inLanguage\":\"ca\",\"potentialAction\":[{\"@type\":\"ReadAction\",\"target\":[\"https:\/\/monlacata.cetrexmarketing.com\/ca\/producto\/baron-de-ley-reserva-magnum\/\"]}]},{\"@type\":\"ImageObject\",\"inLanguage\":\"ca\",\"@id\":\"https:\/\/monlacata.cetrexmarketing.com\/ca\/producto\/baron-de-ley-reserva-magnum\/#primaryimage\",\"url\":\"https:\/\/monlacata.cetrexmarketing.com\/wp-content\/uploads\/2020\/06\/Baron-de-Ley-Reserva-Magnum.jpg-1.png\",\"contentUrl\":\"https:\/\/monlacata.cetrexmarketing.com\/wp-content\/uploads\/2020\/06\/Baron-de-Ley-Reserva-Magnum.jpg-1.png\",\"width\":765,\"height\":1024,\"caption\":\"Bar\u00f3n de Ley Reserva Magnum.jpg\"},{\"@type\":\"BreadcrumbList\",\"@id\":\"https:\/\/monlacata.cetrexmarketing.com\/ca\/producto\/baron-de-ley-reserva-magnum\/#breadcrumb\",\"itemListElement\":[{\"@type\":\"ListItem\",\"position\":1,\"name\":\"Home\",\"item\":\"https:\/\/monlacata.cetrexmarketing.com\/ca\/\"},{\"@type\":\"ListItem\",\"position\":2,\"name\":\"Tienda\",\"item\":\"https:\/\/monlacata.cetrexmarketing.com\/ca\/tienda-2\/\"},{\"@type\":\"ListItem\",\"position\":3,\"name\":\"Vi\",\"item\":\"https:\/\/monlacata.cetrexmarketing.com\/categoria-producto\/home-ca\/vi-ca\/\"},{\"@type\":\"ListItem\",\"position\":4,\"name\":\"Vi Negre\",\"item\":\"https:\/\/monlacata.cetrexmarketing.com\/ca\/categoria-producto\/home-ca\/vi-ca\/vino-tinto-ca\/\"},{\"@type\":\"ListItem\",\"position\":5,\"name\":\"Bar\u00f3n de Ley Reserva Magnum\"}]},{\"@type\":\"WebSite\",\"@id\":\"https:\/\/monlacata.cetrexmarketing.com\/#website\",\"url\":\"https:\/\/monlacata.cetrexmarketing.com\/\",\"name\":\"M\u00f3n La Cata\",\"description\":\"Tienda de vinos, licores, cervezas y gourmet\",\"publisher\":{\"@id\":\"https:\/\/monlacata.cetrexmarketing.com\/#organization\"},\"potentialAction\":[{\"@type\":\"SearchAction\",\"target\":{\"@type\":\"EntryPoint\",\"urlTemplate\":\"https:\/\/monlacata.cetrexmarketing.com\/?s={search_term_string}\"},\"query-input\":{\"@type\":\"PropertyValueSpecification\",\"valueRequired\":true,\"valueName\":\"search_term_string\"}}],\"inLanguage\":\"ca\"},{\"@type\":\"Organization\",\"@id\":\"https:\/\/monlacata.cetrexmarketing.com\/#organization\",\"name\":\"M\u00f3n La Cata\",\"url\":\"https:\/\/monlacata.cetrexmarketing.com\/\",\"logo\":{\"@type\":\"ImageObject\",\"inLanguage\":\"ca\",\"@id\":\"https:\/\/monlacata.cetrexmarketing.com\/#\/schema\/logo\/image\/\",\"url\":\"https:\/\/monlacata.cetrexmarketing.com\/wp-content\/uploads\/2024\/02\/monlacata-logo-blanc.png\",\"contentUrl\":\"https:\/\/monlacata.cetrexmarketing.com\/wp-content\/uploads\/2024\/02\/monlacata-logo-blanc.png\",\"width\":454,\"height\":193,\"caption\":\"M\u00f3n La Cata\"},\"image\":{\"@id\":\"https:\/\/monlacata.cetrexmarketing.com\/#\/schema\/logo\/image\/\"}}]}<\/script>\n<!-- \/ Yoast SEO Premium plugin. -->","yoast_head_json":{"title":"Baron de Ley Reserva magnum vi negre","description":"Comprar online al millor preu vi negre de la DOCa Rioja.","robots":{"index":"noindex","follow":"follow","max-snippet":"max-snippet:-1","max-image-preview":"max-image-preview:large","max-video-preview":"max-video-preview:-1"},"og_locale":"ca_ES","og_type":"article","og_title":"Bar\u00f3n de Ley Reserva Magnum","og_description":"Comprar online al millor preu vi negre de la DOCa Rioja.","og_url":"https:\/\/monlacata.cetrexmarketing.com\/ca\/producto\/baron-de-ley-reserva-magnum\/","og_site_name":"M\u00f3n La Cata","article_modified_time":"2025-05-30T07:52:59+00:00","og_image":[{"width":765,"height":1024,"url":"https:\/\/monlacata.cetrexmarketing.com\/wp-content\/uploads\/2020\/06\/Baron-de-Ley-Reserva-Magnum.jpg-1.png","type":"image\/png"}],"twitter_card":"summary_large_image","twitter_misc":{"Temps estimat de lectura":"2 minuts"},"schema":{"@context":"https:\/\/schema.org","@graph":[{"@type":"WebPage","@id":"https:\/\/monlacata.cetrexmarketing.com\/ca\/producto\/baron-de-ley-reserva-magnum\/","url":"https:\/\/monlacata.cetrexmarketing.com\/ca\/producto\/baron-de-ley-reserva-magnum\/","name":"Baron de Ley Reserva magnum vi negre","isPartOf":{"@id":"https:\/\/monlacata.cetrexmarketing.com\/#website"},"primaryImageOfPage":{"@id":"https:\/\/monlacata.cetrexmarketing.com\/ca\/producto\/baron-de-ley-reserva-magnum\/#primaryimage"},"image":{"@id":"https:\/\/monlacata.cetrexmarketing.com\/ca\/producto\/baron-de-ley-reserva-magnum\/#primaryimage"},"thumbnailUrl":"https:\/\/monlacata.cetrexmarketing.com\/wp-content\/uploads\/2020\/06\/Baron-de-Ley-Reserva-Magnum.jpg-1.png","datePublished":"2020-06-25T19:06:01+00:00","dateModified":"2025-05-30T07:52:59+00:00","description":"Comprar online al millor preu vi negre de la DOCa Rioja.","breadcrumb":{"@id":"https:\/\/monlacata.cetrexmarketing.com\/ca\/producto\/baron-de-ley-reserva-magnum\/#breadcrumb"},"inLanguage":"ca","potentialAction":[{"@type":"ReadAction","target":["https:\/\/monlacata.cetrexmarketing.com\/ca\/producto\/baron-de-ley-reserva-magnum\/"]}]},{"@type":"ImageObject","inLanguage":"ca","@id":"https:\/\/monlacata.cetrexmarketing.com\/ca\/producto\/baron-de-ley-reserva-magnum\/#primaryimage","url":"https:\/\/monlacata.cetrexmarketing.com\/wp-content\/uploads\/2020\/06\/Baron-de-Ley-Reserva-Magnum.jpg-1.png","contentUrl":"https:\/\/monlacata.cetrexmarketing.com\/wp-content\/uploads\/2020\/06\/Baron-de-Ley-Reserva-Magnum.jpg-1.png","width":765,"height":1024,"caption":"Bar\u00f3n de Ley Reserva Magnum.jpg"},{"@type":"BreadcrumbList","@id":"https:\/\/monlacata.cetrexmarketing.com\/ca\/producto\/baron-de-ley-reserva-magnum\/#breadcrumb","itemListElement":[{"@type":"ListItem","position":1,"name":"Home","item":"https:\/\/monlacata.cetrexmarketing.com\/ca\/"},{"@type":"ListItem","position":2,"name":"Tienda","item":"https:\/\/monlacata.cetrexmarketing.com\/ca\/tienda-2\/"},{"@type":"ListItem","position":3,"name":"Vi","item":"https:\/\/monlacata.cetrexmarketing.com\/categoria-producto\/home-ca\/vi-ca\/"},{"@type":"ListItem","position":4,"name":"Vi Negre","item":"https:\/\/monlacata.cetrexmarketing.com\/ca\/categoria-producto\/home-ca\/vi-ca\/vino-tinto-ca\/"},{"@type":"ListItem","position":5,"name":"Bar\u00f3n de Ley Reserva Magnum"}]},{"@type":"WebSite","@id":"https:\/\/monlacata.cetrexmarketing.com\/#website","url":"https:\/\/monlacata.cetrexmarketing.com\/","name":"M\u00f3n La Cata","description":"Tienda de vinos, licores, cervezas y gourmet","publisher":{"@id":"https:\/\/monlacata.cetrexmarketing.com\/#organization"},"potentialAction":[{"@type":"SearchAction","target":{"@type":"EntryPoint","urlTemplate":"https:\/\/monlacata.cetrexmarketing.com\/?s={search_term_string}"},"query-input":{"@type":"PropertyValueSpecification","valueRequired":true,"valueName":"search_term_string"}}],"inLanguage":"ca"},{"@type":"Organization","@id":"https:\/\/monlacata.cetrexmarketing.com\/#organization","name":"M\u00f3n La Cata","url":"https:\/\/monlacata.cetrexmarketing.com\/","logo":{"@type":"ImageObject","inLanguage":"ca","@id":"https:\/\/monlacata.cetrexmarketing.com\/#\/schema\/logo\/image\/","url":"https:\/\/monlacata.cetrexmarketing.com\/wp-content\/uploads\/2024\/02\/monlacata-logo-blanc.png","contentUrl":"https:\/\/monlacata.cetrexmarketing.com\/wp-content\/uploads\/2024\/02\/monlacata-logo-blanc.png","width":454,"height":193,"caption":"M\u00f3n La Cata"},"image":{"@id":"https:\/\/monlacata.cetrexmarketing.com\/#\/schema\/logo\/image\/"}}]}},"brands":[{"id":48669,"name":"Bar\u00f3n de Ley","slug":"baron-de-ley"},{"id":32907,"name":"Rioja D.O.","slug":"rioja-d-o"}],"tiered_pricing_type":"fixed","tiered_pricing_fixed_rules":[],"tiered_pricing_product_settings":{"layout":"default","base_unit_name":{"singular":null,"plural":null},"default_variation":null},"tiered_pricing_minimum_quantity":null,"tiered_pricing_roles_data":[],"tiered_pricing_percentage_rules":[],"tiered_pricing_maximum_quantity":null,"tiered_pricing_quantity_step":null,"_links":{"self":[{"href":"https:\/\/monlacata.cetrexmarketing.com\/ca\/wp-json\/wp\/v2\/product\/45265","targetHints":{"allow":["GET"]}}],"collection":[{"href":"https:\/\/monlacata.cetrexmarketing.com\/ca\/wp-json\/wp\/v2\/product"}],"about":[{"href":"https:\/\/monlacata.cetrexmarketing.com\/ca\/wp-json\/wp\/v2\/types\/product"}],"replies":[{"embeddable":true,"href":"https:\/\/monlacata.cetrexmarketing.com\/ca\/wp-json\/wp\/v2\/comments?post=45265"}],"wp:featuredmedia":[{"embeddable":true,"href":"https:\/\/monlacata.cetrexmarketing.com\/ca\/wp-json\/wp\/v2\/media\/76263"}],"wp:attachment":[{"href":"https:\/\/monlacata.cetrexmarketing.com\/ca\/wp-json\/wp\/v2\/media?parent=45265"}],"wp:term":[{"taxonomy":"pwb-brand","embeddable":true,"href":"https:\/\/monlacata.cetrexmarketing.com\/ca\/wp-json\/wp\/v2\/pwb-brand?post=45265"},{"taxonomy":"product_cat","embeddable":true,"href":"https:\/\/monlacata.cetrexmarketing.com\/ca\/wp-json\/wp\/v2\/product_cat?post=45265"},{"taxonomy":"product_tag","embeddable":true,"href":"https:\/\/monlacata.cetrexmarketing.com\/ca\/wp-json\/wp\/v2\/product_tag?post=45265"}],"curies":[{"name":"wp","href":"https:\/\/api.w.org\/{rel}","templated":true}]}}