{"id":45357,"date":"2020-07-09T12:08:30","date_gmt":"2020-07-09T12:08:30","guid":{"rendered":"https:\/\/monlacata.cetrexmarketing.com\/producto\/almodi-negre\/"},"modified":"2025-01-22T10:28:21","modified_gmt":"2025-01-22T10:28:21","slug":"almodi-negre","status":"publish","type":"product","link":"https:\/\/monlacata.cetrexmarketing.com\/ca\/producto\/almodi-negre\/","title":{"rendered":"Altavins Almod\u00ed Negre"},"content":{"rendered":"<p><strong>Altavins Almod\u00ed Negre<\/strong><\/p>\n<p dir=\"ltr\">T\u00e9 una crian\u00e7a de 4 mesos en b\u00f3ta de roure franc\u00e8s.<\/p>\n<p dir=\"ltr\">Es tracta d&#8217;un vi amb aromes de gerds, m\u00f3res i fruites del bosc, pero tamb\u00e9 amb un toc especiat que li aporta la b\u00f3ta.\u00a0En boca carn\u00f3s, fresc i t\u00e0nnic.<\/p>\n<p dir=\"ltr\">Un bon maridatge seria amb un risotto.<\/p>\n","protected":false},"excerpt":{"rendered":"<p dir=\"ltr\">Almod\u00ed \u00e9s un vi fet amb la varietat Garnatxa Peluda 100%.<\/p>\n<p dir=\"ltr\">T\u00e9 una crian\u00e7a de 4 mesos en b\u00f3ta de roure franc\u00e8s.<\/p>\n<p dir=\"ltr\">Es tracta d&#8217;un vi amb aromes de gerds, m\u00f3res i fruites del bosc, pero tamb\u00e9 amb un toc especiat que li aporta la b\u00f3ta.\u00a0En boca carn\u00f3s, fresc i t\u00e0nnic.<\/p>\n<p dir=\"ltr\">Un bon maridatge seria amb un risotto.<\/p>\n","protected":false},"featured_media":76196,"comment_status":"closed","ping_status":"closed","template":"","meta":{"_acf_changed":false},"pwb-brand":[32968,32913],"product_cat":[33020,33054],"product_tag":[16572,48517,50541],"class_list":{"0":"post-45357","1":"product","2":"type-product","3":"status-publish","4":"has-post-thumbnail","6":"pwb-brand-ca-altavinsviticultors-ca","7":"pwb-brand-terra-alta-d-o","8":"product_cat-vi-ca","9":"product_cat-vino-tinto-ca","10":"product_tag-almodi-ca","11":"product_tag-garnatxa-peluda-ca","12":"product_tag-terra-alta-ca-2","13":"pa_anada-2023-ca","14":"pa_bodega-altavinsviticultors-ca","15":"pa_envejecimiento-roure","16":"pa_formatoenl-075-ca","17":"pa_formatoenml-750-ca","18":"pa_gastronomico-negre-gastronomic","19":"pa_graduacion-14_5-ca","20":"pa_maridaje-carn-blanca","21":"pa_maridaje-carn-roja","22":"pa_maridaje-embotits","23":"pa_maridaje-formatge-curat","24":"pa_maridaje-midons","25":"pa_maridaje-verdures","26":"pa_pais-espanya-ca","27":"pa_pesoengramos-1250-ca","28":"pa_pesoenkg-125-ca-2","29":"pa_pueblociudad-bateatarragona-ca","30":"pa_region-cataluna-ca","31":"pa_tipodevino-vi-tranquil","32":"pa_variedad-principal-garnatxa-peluda","33":"pa_variedades-garnachapeluda","34":"entry","35":"has-media","37":"first","38":"instock","39":"taxable","40":"shipping-taxable","41":"purchasable","42":"product-type-simple"},"acf":[],"yoast_head":"<!-- This site is optimized with the Yoast SEO Premium plugin v23.1 (Yoast SEO v24.1) - https:\/\/yoast.com\/wordpress\/plugins\/seo\/ -->\n<title>Altavins Almod\u00ed Negre<\/title>\n<meta name=\"description\" content=\"Compra el vi d&#039;Altavins Almod\u00ed Negre de la DO Terra Alta. a Mon la Cata, la teva botiga de vins, destil\u00b7lats, cerveses i alimentaci\u00f3 online de confian\u00e7a.\" \/>\n<meta name=\"robots\" content=\"noindex, follow, max-snippet:-1, max-image-preview:large, max-video-preview:-1\" \/>\n<meta property=\"og:locale\" content=\"ca_ES\" \/>\n<meta property=\"og:type\" content=\"article\" \/>\n<meta property=\"og:title\" content=\"Altavins Almod\u00ed Negre\" \/>\n<meta property=\"og:description\" content=\"Compra el vi d&#039;Altavins Almod\u00ed Negre de la DO Terra Alta. a Mon la Cata, la teva botiga de vins, destil\u00b7lats, cerveses i alimentaci\u00f3 online de confian\u00e7a.\" \/>\n<meta property=\"og:url\" content=\"https:\/\/monlacata.cetrexmarketing.com\/ca\/producto\/almodi-negre\/\" \/>\n<meta property=\"og:site_name\" content=\"M\u00f3n La Cata\" \/>\n<meta property=\"article:modified_time\" content=\"2025-01-22T10:28:21+00:00\" \/>\n<meta property=\"og:image\" content=\"https:\/\/monlacata.cetrexmarketing.com\/wp-content\/uploads\/2020\/07\/ALMODI-TINTO.jpg.png\" \/>\n\t<meta property=\"og:image:width\" content=\"765\" \/>\n\t<meta property=\"og:image:height\" content=\"1024\" \/>\n\t<meta property=\"og:image:type\" content=\"image\/png\" \/>\n<meta name=\"twitter:card\" content=\"summary_large_image\" \/>\n<meta name=\"twitter:label1\" content=\"Temps estimat de lectura\" \/>\n\t<meta name=\"twitter:data1\" content=\"1 minut\" \/>\n<script type=\"application\/ld+json\" class=\"yoast-schema-graph\">{\"@context\":\"https:\/\/schema.org\",\"@graph\":[{\"@type\":\"WebPage\",\"@id\":\"https:\/\/monlacata.cetrexmarketing.com\/ca\/producto\/almodi-negre\/\",\"url\":\"https:\/\/monlacata.cetrexmarketing.com\/ca\/producto\/almodi-negre\/\",\"name\":\"Altavins Almod\u00ed Negre\",\"isPartOf\":{\"@id\":\"https:\/\/monlacata.cetrexmarketing.com\/#website\"},\"primaryImageOfPage\":{\"@id\":\"https:\/\/monlacata.cetrexmarketing.com\/ca\/producto\/almodi-negre\/#primaryimage\"},\"image\":{\"@id\":\"https:\/\/monlacata.cetrexmarketing.com\/ca\/producto\/almodi-negre\/#primaryimage\"},\"thumbnailUrl\":\"https:\/\/monlacata.cetrexmarketing.com\/wp-content\/uploads\/2020\/07\/ALMODI-TINTO.jpg.png\",\"datePublished\":\"2020-07-09T12:08:30+00:00\",\"dateModified\":\"2025-01-22T10:28:21+00:00\",\"description\":\"Compra el vi d'Altavins Almod\u00ed Negre de la DO Terra Alta. a Mon la Cata, la teva botiga de vins, destil\u00b7lats, cerveses i alimentaci\u00f3 online de confian\u00e7a.\",\"breadcrumb\":{\"@id\":\"https:\/\/monlacata.cetrexmarketing.com\/ca\/producto\/almodi-negre\/#breadcrumb\"},\"inLanguage\":\"ca\",\"potentialAction\":[{\"@type\":\"ReadAction\",\"target\":[\"https:\/\/monlacata.cetrexmarketing.com\/ca\/producto\/almodi-negre\/\"]}]},{\"@type\":\"ImageObject\",\"inLanguage\":\"ca\",\"@id\":\"https:\/\/monlacata.cetrexmarketing.com\/ca\/producto\/almodi-negre\/#primaryimage\",\"url\":\"https:\/\/monlacata.cetrexmarketing.com\/wp-content\/uploads\/2020\/07\/ALMODI-TINTO.jpg.png\",\"contentUrl\":\"https:\/\/monlacata.cetrexmarketing.com\/wp-content\/uploads\/2020\/07\/ALMODI-TINTO.jpg.png\",\"width\":765,\"height\":1024,\"caption\":\"ALMODI TINTO.jpg\"},{\"@type\":\"BreadcrumbList\",\"@id\":\"https:\/\/monlacata.cetrexmarketing.com\/ca\/producto\/almodi-negre\/#breadcrumb\",\"itemListElement\":[{\"@type\":\"ListItem\",\"position\":1,\"name\":\"Home\",\"item\":\"https:\/\/monlacata.cetrexmarketing.com\/ca\/\"},{\"@type\":\"ListItem\",\"position\":2,\"name\":\"Tienda\",\"item\":\"https:\/\/monlacata.cetrexmarketing.com\/ca\/tienda-2\/\"},{\"@type\":\"ListItem\",\"position\":3,\"name\":\"Vi\",\"item\":\"https:\/\/monlacata.cetrexmarketing.com\/categoria-producto\/home-ca\/vi-ca\/\"},{\"@type\":\"ListItem\",\"position\":4,\"name\":\"Vi Negre\",\"item\":\"https:\/\/monlacata.cetrexmarketing.com\/ca\/categoria-producto\/home-ca\/vi-ca\/vino-tinto-ca\/\"},{\"@type\":\"ListItem\",\"position\":5,\"name\":\"Altavins Almod\u00ed Negre\"}]},{\"@type\":\"WebSite\",\"@id\":\"https:\/\/monlacata.cetrexmarketing.com\/#website\",\"url\":\"https:\/\/monlacata.cetrexmarketing.com\/\",\"name\":\"M\u00f3n La Cata\",\"description\":\"Tienda de vinos, licores, cervezas y gourmet\",\"publisher\":{\"@id\":\"https:\/\/monlacata.cetrexmarketing.com\/#organization\"},\"potentialAction\":[{\"@type\":\"SearchAction\",\"target\":{\"@type\":\"EntryPoint\",\"urlTemplate\":\"https:\/\/monlacata.cetrexmarketing.com\/?s={search_term_string}\"},\"query-input\":{\"@type\":\"PropertyValueSpecification\",\"valueRequired\":true,\"valueName\":\"search_term_string\"}}],\"inLanguage\":\"ca\"},{\"@type\":\"Organization\",\"@id\":\"https:\/\/monlacata.cetrexmarketing.com\/#organization\",\"name\":\"M\u00f3n La Cata\",\"url\":\"https:\/\/monlacata.cetrexmarketing.com\/\",\"logo\":{\"@type\":\"ImageObject\",\"inLanguage\":\"ca\",\"@id\":\"https:\/\/monlacata.cetrexmarketing.com\/#\/schema\/logo\/image\/\",\"url\":\"https:\/\/monlacata.cetrexmarketing.com\/wp-content\/uploads\/2024\/02\/monlacata-logo-blanc.png\",\"contentUrl\":\"https:\/\/monlacata.cetrexmarketing.com\/wp-content\/uploads\/2024\/02\/monlacata-logo-blanc.png\",\"width\":454,\"height\":193,\"caption\":\"M\u00f3n La Cata\"},\"image\":{\"@id\":\"https:\/\/monlacata.cetrexmarketing.com\/#\/schema\/logo\/image\/\"}}]}<\/script>\n<!-- \/ Yoast SEO Premium plugin. -->","yoast_head_json":{"title":"Altavins Almod\u00ed Negre","description":"Compra el vi d'Altavins Almod\u00ed Negre de la DO Terra Alta. a Mon la Cata, la teva botiga de vins, destil\u00b7lats, cerveses i alimentaci\u00f3 online de confian\u00e7a.","robots":{"index":"noindex","follow":"follow","max-snippet":"max-snippet:-1","max-image-preview":"max-image-preview:large","max-video-preview":"max-video-preview:-1"},"og_locale":"ca_ES","og_type":"article","og_title":"Altavins Almod\u00ed Negre","og_description":"Compra el vi d'Altavins Almod\u00ed Negre de la DO Terra Alta. a Mon la Cata, la teva botiga de vins, destil\u00b7lats, cerveses i alimentaci\u00f3 online de confian\u00e7a.","og_url":"https:\/\/monlacata.cetrexmarketing.com\/ca\/producto\/almodi-negre\/","og_site_name":"M\u00f3n La Cata","article_modified_time":"2025-01-22T10:28:21+00:00","og_image":[{"width":765,"height":1024,"url":"https:\/\/monlacata.cetrexmarketing.com\/wp-content\/uploads\/2020\/07\/ALMODI-TINTO.jpg.png","type":"image\/png"}],"twitter_card":"summary_large_image","twitter_misc":{"Temps estimat de lectura":"1 minut"},"schema":{"@context":"https:\/\/schema.org","@graph":[{"@type":"WebPage","@id":"https:\/\/monlacata.cetrexmarketing.com\/ca\/producto\/almodi-negre\/","url":"https:\/\/monlacata.cetrexmarketing.com\/ca\/producto\/almodi-negre\/","name":"Altavins Almod\u00ed Negre","isPartOf":{"@id":"https:\/\/monlacata.cetrexmarketing.com\/#website"},"primaryImageOfPage":{"@id":"https:\/\/monlacata.cetrexmarketing.com\/ca\/producto\/almodi-negre\/#primaryimage"},"image":{"@id":"https:\/\/monlacata.cetrexmarketing.com\/ca\/producto\/almodi-negre\/#primaryimage"},"thumbnailUrl":"https:\/\/monlacata.cetrexmarketing.com\/wp-content\/uploads\/2020\/07\/ALMODI-TINTO.jpg.png","datePublished":"2020-07-09T12:08:30+00:00","dateModified":"2025-01-22T10:28:21+00:00","description":"Compra el vi d'Altavins Almod\u00ed Negre de la DO Terra Alta. a Mon la Cata, la teva botiga de vins, destil\u00b7lats, cerveses i alimentaci\u00f3 online de confian\u00e7a.","breadcrumb":{"@id":"https:\/\/monlacata.cetrexmarketing.com\/ca\/producto\/almodi-negre\/#breadcrumb"},"inLanguage":"ca","potentialAction":[{"@type":"ReadAction","target":["https:\/\/monlacata.cetrexmarketing.com\/ca\/producto\/almodi-negre\/"]}]},{"@type":"ImageObject","inLanguage":"ca","@id":"https:\/\/monlacata.cetrexmarketing.com\/ca\/producto\/almodi-negre\/#primaryimage","url":"https:\/\/monlacata.cetrexmarketing.com\/wp-content\/uploads\/2020\/07\/ALMODI-TINTO.jpg.png","contentUrl":"https:\/\/monlacata.cetrexmarketing.com\/wp-content\/uploads\/2020\/07\/ALMODI-TINTO.jpg.png","width":765,"height":1024,"caption":"ALMODI TINTO.jpg"},{"@type":"BreadcrumbList","@id":"https:\/\/monlacata.cetrexmarketing.com\/ca\/producto\/almodi-negre\/#breadcrumb","itemListElement":[{"@type":"ListItem","position":1,"name":"Home","item":"https:\/\/monlacata.cetrexmarketing.com\/ca\/"},{"@type":"ListItem","position":2,"name":"Tienda","item":"https:\/\/monlacata.cetrexmarketing.com\/ca\/tienda-2\/"},{"@type":"ListItem","position":3,"name":"Vi","item":"https:\/\/monlacata.cetrexmarketing.com\/categoria-producto\/home-ca\/vi-ca\/"},{"@type":"ListItem","position":4,"name":"Vi Negre","item":"https:\/\/monlacata.cetrexmarketing.com\/ca\/categoria-producto\/home-ca\/vi-ca\/vino-tinto-ca\/"},{"@type":"ListItem","position":5,"name":"Altavins Almod\u00ed Negre"}]},{"@type":"WebSite","@id":"https:\/\/monlacata.cetrexmarketing.com\/#website","url":"https:\/\/monlacata.cetrexmarketing.com\/","name":"M\u00f3n La Cata","description":"Tienda de vinos, licores, cervezas y gourmet","publisher":{"@id":"https:\/\/monlacata.cetrexmarketing.com\/#organization"},"potentialAction":[{"@type":"SearchAction","target":{"@type":"EntryPoint","urlTemplate":"https:\/\/monlacata.cetrexmarketing.com\/?s={search_term_string}"},"query-input":{"@type":"PropertyValueSpecification","valueRequired":true,"valueName":"search_term_string"}}],"inLanguage":"ca"},{"@type":"Organization","@id":"https:\/\/monlacata.cetrexmarketing.com\/#organization","name":"M\u00f3n La Cata","url":"https:\/\/monlacata.cetrexmarketing.com\/","logo":{"@type":"ImageObject","inLanguage":"ca","@id":"https:\/\/monlacata.cetrexmarketing.com\/#\/schema\/logo\/image\/","url":"https:\/\/monlacata.cetrexmarketing.com\/wp-content\/uploads\/2024\/02\/monlacata-logo-blanc.png","contentUrl":"https:\/\/monlacata.cetrexmarketing.com\/wp-content\/uploads\/2024\/02\/monlacata-logo-blanc.png","width":454,"height":193,"caption":"M\u00f3n La Cata"},"image":{"@id":"https:\/\/monlacata.cetrexmarketing.com\/#\/schema\/logo\/image\/"}}]}},"brands":[{"id":32968,"name":"Altavins Viticultors","slug":"ca-altavinsviticultors-ca"},{"id":32913,"name":"Terra Alta D.O.","slug":"terra-alta-d-o"}],"tiered_pricing_type":"fixed","tiered_pricing_fixed_rules":[],"tiered_pricing_product_settings":{"layout":"default","base_unit_name":{"singular":null,"plural":null},"default_variation":null},"tiered_pricing_minimum_quantity":null,"tiered_pricing_roles_data":[],"tiered_pricing_percentage_rules":[],"tiered_pricing_maximum_quantity":null,"tiered_pricing_quantity_step":null,"_links":{"self":[{"href":"https:\/\/monlacata.cetrexmarketing.com\/ca\/wp-json\/wp\/v2\/product\/45357","targetHints":{"allow":["GET"]}}],"collection":[{"href":"https:\/\/monlacata.cetrexmarketing.com\/ca\/wp-json\/wp\/v2\/product"}],"about":[{"href":"https:\/\/monlacata.cetrexmarketing.com\/ca\/wp-json\/wp\/v2\/types\/product"}],"replies":[{"embeddable":true,"href":"https:\/\/monlacata.cetrexmarketing.com\/ca\/wp-json\/wp\/v2\/comments?post=45357"}],"wp:featuredmedia":[{"embeddable":true,"href":"https:\/\/monlacata.cetrexmarketing.com\/ca\/wp-json\/wp\/v2\/media\/76196"}],"wp:attachment":[{"href":"https:\/\/monlacata.cetrexmarketing.com\/ca\/wp-json\/wp\/v2\/media?parent=45357"}],"wp:term":[{"taxonomy":"pwb-brand","embeddable":true,"href":"https:\/\/monlacata.cetrexmarketing.com\/ca\/wp-json\/wp\/v2\/pwb-brand?post=45357"},{"taxonomy":"product_cat","embeddable":true,"href":"https:\/\/monlacata.cetrexmarketing.com\/ca\/wp-json\/wp\/v2\/product_cat?post=45357"},{"taxonomy":"product_tag","embeddable":true,"href":"https:\/\/monlacata.cetrexmarketing.com\/ca\/wp-json\/wp\/v2\/product_tag?post=45357"}],"curies":[{"name":"wp","href":"https:\/\/api.w.org\/{rel}","templated":true}]}}