{"id":45417,"date":"2020-07-21T18:14:37","date_gmt":"2020-07-21T18:14:37","guid":{"rendered":"https:\/\/monlacata.cetrexmarketing.com\/producto\/arzuaga-la-planta-magnum\/"},"modified":"2025-09-23T13:57:57","modified_gmt":"2025-09-23T13:57:57","slug":"arzuaga-la-planta-magnum","status":"publish","type":"product","link":"https:\/\/monlacata.cetrexmarketing.com\/ca\/producto\/arzuaga-la-planta-magnum\/","title":{"rendered":"Arzuaga La Planta Magnum"},"content":{"rendered":"<p><strong>Arzuaga La Planta Magnum<\/strong><\/p>\n<p>La Planta \u00e9s el vi tot terreny d&#8217;Arzuaga Navarro, un prestigi\u00f3s celler localitzat a Quintanilla d&#8217;On\u00e9simo, al cor de la Ribera del Duero. Un vi delici\u00f3s que reflecteix la joventut, la frescor i l&#8217;equilibri de la fruita procedent de la finca del mateix nom, una vinya situada per sobre dels 900 m d&#8217;altitud sobre s\u00f2ls argil\u00b7localcaris i la roca mare a menys d&#8217;un metre de la superf\u00edcie. Una parcel\u00b7la cuidada amb molta cura, d&#8217;escassa producci\u00f3 i amb fruits de molta concentraci\u00f3.<br \/>\nAl nas destaca per la seva complexitat, especialment tractant-se d&#8217;un vi que va madurar en b\u00f3tes de roure americ\u00e0 i franc\u00e8s nom\u00e9s durant sis mesos. Es perceben aromes de menta, regal\u00e8ssia i cacau perfumant un cos de melmelada de fruita silvestre. Es tracta d&#8217;un vi fresc, equilibrat i bals\u00e0mic, molt llaminer, jovial, gaireb\u00e9 espontani, per\u00f2 amb la maduresa dels tanins vellutats i l&#8217;equilibri de la seva justa crian\u00e7a, que li aporta tocs torrats de nobles fustes, fent-ho sorprenentment elegant.<\/p>\n","protected":false},"excerpt":{"rendered":"<p>Vi ple de fruites per\u00f2 amb maduresa i eleg\u00e0ncia gr\u00e0cies a la crian\u00e7a en b\u00f3tes de roure franc\u00e8s i americ\u00e0 durant 6 mesos.<\/p>\n","protected":false},"featured_media":76238,"comment_status":"closed","ping_status":"closed","template":"","meta":{"_acf_changed":false},"pwb-brand":[32905],"product_cat":[33020,33054],"product_tag":[15749,15750,51527,51035],"class_list":{"0":"post-45417","1":"product","2":"type-product","3":"status-publish","4":"has-post-thumbnail","6":"pwb-brand-ribera-del-duero-d-o","7":"product_cat-vi-ca","8":"product_cat-vino-tinto-ca","9":"product_tag-arzuaga-ca","10":"product_tag-la-planta-ca","11":"product_tag-magnum-ca-2","12":"product_tag-ribera-del-duero-ca-4","13":"pa_anada-2023-ca","14":"pa_bodega-bodegasarzuaganavarro-ca","15":"pa_do-riberadelduerodo-ca","16":"pa_floral-negre-floral","17":"pa_formatoenml-1500-ca","18":"pa_graduacion-14_0-ca","19":"pa_maridaje-carn-blanca","20":"pa_maridaje-carn-roja","21":"pa_maridaje-midons","22":"pa_maridaje-peix","23":"pa_maridaje-verdures","24":"pa_pais-espanya-ca","25":"pa_pueblociudad-c7-quintanilladeonesimovallad-ca","26":"pa_tipodevino-vi-tranquil","27":"pa_variedad-principal-tempranillo-ca","28":"pa_variedades-tempranillo-ca","29":"entry","30":"has-media","32":"first","33":"onbackorder","34":"taxable","35":"shipping-taxable","36":"purchasable","37":"product-type-simple"},"acf":[],"yoast_head":"<!-- This site is optimized with the Yoast SEO Premium plugin v23.1 (Yoast SEO v24.1) - https:\/\/yoast.com\/wordpress\/plugins\/seo\/ -->\n<title>Arzuaga La Planta Magnum<\/title>\n<meta name=\"description\" content=\"Comprar al millor preu el vi negre Arzuaga La Planta Magnum a Mon la Cata. Botiga especialitzada en vins, destil\u00b7lats, cerveses i alimentaci\u00f3.\" \/>\n<meta name=\"robots\" content=\"noindex, follow, max-snippet:-1, max-image-preview:large, max-video-preview:-1\" \/>\n<meta property=\"og:locale\" content=\"ca_ES\" \/>\n<meta property=\"og:type\" content=\"article\" \/>\n<meta property=\"og:title\" content=\"Arzuaga La Planta Magnum\" \/>\n<meta property=\"og:description\" content=\"Comprar al millor preu el vi negre Arzuaga La Planta Magnum a Mon la Cata. Botiga especialitzada en vins, destil\u00b7lats, cerveses i alimentaci\u00f3.\" \/>\n<meta property=\"og:url\" content=\"https:\/\/monlacata.cetrexmarketing.com\/ca\/producto\/arzuaga-la-planta-magnum\/\" \/>\n<meta property=\"og:site_name\" content=\"M\u00f3n La Cata\" \/>\n<meta property=\"article:modified_time\" content=\"2025-09-23T13:57:57+00:00\" \/>\n<meta property=\"og:image\" content=\"https:\/\/monlacata.cetrexmarketing.com\/wp-content\/uploads\/2020\/07\/ARZUAGA-LA-PLANTA-MAGNUM.jpg.png\" \/>\n\t<meta property=\"og:image:width\" content=\"765\" \/>\n\t<meta property=\"og:image:height\" content=\"1024\" \/>\n\t<meta property=\"og:image:type\" content=\"image\/png\" \/>\n<meta name=\"twitter:card\" content=\"summary_large_image\" \/>\n<meta name=\"twitter:label1\" content=\"Temps estimat de lectura\" \/>\n\t<meta name=\"twitter:data1\" content=\"2 minuts\" \/>\n<script type=\"application\/ld+json\" class=\"yoast-schema-graph\">{\"@context\":\"https:\/\/schema.org\",\"@graph\":[{\"@type\":\"WebPage\",\"@id\":\"https:\/\/monlacata.cetrexmarketing.com\/ca\/producto\/arzuaga-la-planta-magnum\/\",\"url\":\"https:\/\/monlacata.cetrexmarketing.com\/ca\/producto\/arzuaga-la-planta-magnum\/\",\"name\":\"Arzuaga La Planta Magnum\",\"isPartOf\":{\"@id\":\"https:\/\/monlacata.cetrexmarketing.com\/#website\"},\"primaryImageOfPage\":{\"@id\":\"https:\/\/monlacata.cetrexmarketing.com\/ca\/producto\/arzuaga-la-planta-magnum\/#primaryimage\"},\"image\":{\"@id\":\"https:\/\/monlacata.cetrexmarketing.com\/ca\/producto\/arzuaga-la-planta-magnum\/#primaryimage\"},\"thumbnailUrl\":\"https:\/\/monlacata.cetrexmarketing.com\/wp-content\/uploads\/2020\/07\/ARZUAGA-LA-PLANTA-MAGNUM.jpg.png\",\"datePublished\":\"2020-07-21T18:14:37+00:00\",\"dateModified\":\"2025-09-23T13:57:57+00:00\",\"description\":\"Comprar al millor preu el vi negre Arzuaga La Planta Magnum a Mon la Cata. Botiga especialitzada en vins, destil\u00b7lats, cerveses i alimentaci\u00f3.\",\"breadcrumb\":{\"@id\":\"https:\/\/monlacata.cetrexmarketing.com\/ca\/producto\/arzuaga-la-planta-magnum\/#breadcrumb\"},\"inLanguage\":\"ca\",\"potentialAction\":[{\"@type\":\"ReadAction\",\"target\":[\"https:\/\/monlacata.cetrexmarketing.com\/ca\/producto\/arzuaga-la-planta-magnum\/\"]}]},{\"@type\":\"ImageObject\",\"inLanguage\":\"ca\",\"@id\":\"https:\/\/monlacata.cetrexmarketing.com\/ca\/producto\/arzuaga-la-planta-magnum\/#primaryimage\",\"url\":\"https:\/\/monlacata.cetrexmarketing.com\/wp-content\/uploads\/2020\/07\/ARZUAGA-LA-PLANTA-MAGNUM.jpg.png\",\"contentUrl\":\"https:\/\/monlacata.cetrexmarketing.com\/wp-content\/uploads\/2020\/07\/ARZUAGA-LA-PLANTA-MAGNUM.jpg.png\",\"width\":765,\"height\":1024,\"caption\":\"ARZUAGA LA PLANTA MAGNUM.jpg\"},{\"@type\":\"BreadcrumbList\",\"@id\":\"https:\/\/monlacata.cetrexmarketing.com\/ca\/producto\/arzuaga-la-planta-magnum\/#breadcrumb\",\"itemListElement\":[{\"@type\":\"ListItem\",\"position\":1,\"name\":\"Home\",\"item\":\"https:\/\/monlacata.cetrexmarketing.com\/ca\/\"},{\"@type\":\"ListItem\",\"position\":2,\"name\":\"Tienda\",\"item\":\"https:\/\/monlacata.cetrexmarketing.com\/ca\/tienda-2\/\"},{\"@type\":\"ListItem\",\"position\":3,\"name\":\"Vi\",\"item\":\"https:\/\/monlacata.cetrexmarketing.com\/categoria-producto\/home-ca\/vi-ca\/\"},{\"@type\":\"ListItem\",\"position\":4,\"name\":\"Vi Negre\",\"item\":\"https:\/\/monlacata.cetrexmarketing.com\/ca\/categoria-producto\/home-ca\/vi-ca\/vino-tinto-ca\/\"},{\"@type\":\"ListItem\",\"position\":5,\"name\":\"Arzuaga La Planta Magnum\"}]},{\"@type\":\"WebSite\",\"@id\":\"https:\/\/monlacata.cetrexmarketing.com\/#website\",\"url\":\"https:\/\/monlacata.cetrexmarketing.com\/\",\"name\":\"M\u00f3n La Cata\",\"description\":\"Tienda de vinos, licores, cervezas y gourmet\",\"publisher\":{\"@id\":\"https:\/\/monlacata.cetrexmarketing.com\/#organization\"},\"potentialAction\":[{\"@type\":\"SearchAction\",\"target\":{\"@type\":\"EntryPoint\",\"urlTemplate\":\"https:\/\/monlacata.cetrexmarketing.com\/?s={search_term_string}\"},\"query-input\":{\"@type\":\"PropertyValueSpecification\",\"valueRequired\":true,\"valueName\":\"search_term_string\"}}],\"inLanguage\":\"ca\"},{\"@type\":\"Organization\",\"@id\":\"https:\/\/monlacata.cetrexmarketing.com\/#organization\",\"name\":\"M\u00f3n La Cata\",\"url\":\"https:\/\/monlacata.cetrexmarketing.com\/\",\"logo\":{\"@type\":\"ImageObject\",\"inLanguage\":\"ca\",\"@id\":\"https:\/\/monlacata.cetrexmarketing.com\/#\/schema\/logo\/image\/\",\"url\":\"https:\/\/monlacata.cetrexmarketing.com\/wp-content\/uploads\/2024\/02\/monlacata-logo-blanc.png\",\"contentUrl\":\"https:\/\/monlacata.cetrexmarketing.com\/wp-content\/uploads\/2024\/02\/monlacata-logo-blanc.png\",\"width\":454,\"height\":193,\"caption\":\"M\u00f3n La Cata\"},\"image\":{\"@id\":\"https:\/\/monlacata.cetrexmarketing.com\/#\/schema\/logo\/image\/\"}}]}<\/script>\n<!-- \/ Yoast SEO Premium plugin. -->","yoast_head_json":{"title":"Arzuaga La Planta Magnum","description":"Comprar al millor preu el vi negre Arzuaga La Planta Magnum a Mon la Cata. Botiga especialitzada en vins, destil\u00b7lats, cerveses i alimentaci\u00f3.","robots":{"index":"noindex","follow":"follow","max-snippet":"max-snippet:-1","max-image-preview":"max-image-preview:large","max-video-preview":"max-video-preview:-1"},"og_locale":"ca_ES","og_type":"article","og_title":"Arzuaga La Planta Magnum","og_description":"Comprar al millor preu el vi negre Arzuaga La Planta Magnum a Mon la Cata. Botiga especialitzada en vins, destil\u00b7lats, cerveses i alimentaci\u00f3.","og_url":"https:\/\/monlacata.cetrexmarketing.com\/ca\/producto\/arzuaga-la-planta-magnum\/","og_site_name":"M\u00f3n La Cata","article_modified_time":"2025-09-23T13:57:57+00:00","og_image":[{"width":765,"height":1024,"url":"https:\/\/monlacata.cetrexmarketing.com\/wp-content\/uploads\/2020\/07\/ARZUAGA-LA-PLANTA-MAGNUM.jpg.png","type":"image\/png"}],"twitter_card":"summary_large_image","twitter_misc":{"Temps estimat de lectura":"2 minuts"},"schema":{"@context":"https:\/\/schema.org","@graph":[{"@type":"WebPage","@id":"https:\/\/monlacata.cetrexmarketing.com\/ca\/producto\/arzuaga-la-planta-magnum\/","url":"https:\/\/monlacata.cetrexmarketing.com\/ca\/producto\/arzuaga-la-planta-magnum\/","name":"Arzuaga La Planta Magnum","isPartOf":{"@id":"https:\/\/monlacata.cetrexmarketing.com\/#website"},"primaryImageOfPage":{"@id":"https:\/\/monlacata.cetrexmarketing.com\/ca\/producto\/arzuaga-la-planta-magnum\/#primaryimage"},"image":{"@id":"https:\/\/monlacata.cetrexmarketing.com\/ca\/producto\/arzuaga-la-planta-magnum\/#primaryimage"},"thumbnailUrl":"https:\/\/monlacata.cetrexmarketing.com\/wp-content\/uploads\/2020\/07\/ARZUAGA-LA-PLANTA-MAGNUM.jpg.png","datePublished":"2020-07-21T18:14:37+00:00","dateModified":"2025-09-23T13:57:57+00:00","description":"Comprar al millor preu el vi negre Arzuaga La Planta Magnum a Mon la Cata. Botiga especialitzada en vins, destil\u00b7lats, cerveses i alimentaci\u00f3.","breadcrumb":{"@id":"https:\/\/monlacata.cetrexmarketing.com\/ca\/producto\/arzuaga-la-planta-magnum\/#breadcrumb"},"inLanguage":"ca","potentialAction":[{"@type":"ReadAction","target":["https:\/\/monlacata.cetrexmarketing.com\/ca\/producto\/arzuaga-la-planta-magnum\/"]}]},{"@type":"ImageObject","inLanguage":"ca","@id":"https:\/\/monlacata.cetrexmarketing.com\/ca\/producto\/arzuaga-la-planta-magnum\/#primaryimage","url":"https:\/\/monlacata.cetrexmarketing.com\/wp-content\/uploads\/2020\/07\/ARZUAGA-LA-PLANTA-MAGNUM.jpg.png","contentUrl":"https:\/\/monlacata.cetrexmarketing.com\/wp-content\/uploads\/2020\/07\/ARZUAGA-LA-PLANTA-MAGNUM.jpg.png","width":765,"height":1024,"caption":"ARZUAGA LA PLANTA MAGNUM.jpg"},{"@type":"BreadcrumbList","@id":"https:\/\/monlacata.cetrexmarketing.com\/ca\/producto\/arzuaga-la-planta-magnum\/#breadcrumb","itemListElement":[{"@type":"ListItem","position":1,"name":"Home","item":"https:\/\/monlacata.cetrexmarketing.com\/ca\/"},{"@type":"ListItem","position":2,"name":"Tienda","item":"https:\/\/monlacata.cetrexmarketing.com\/ca\/tienda-2\/"},{"@type":"ListItem","position":3,"name":"Vi","item":"https:\/\/monlacata.cetrexmarketing.com\/categoria-producto\/home-ca\/vi-ca\/"},{"@type":"ListItem","position":4,"name":"Vi Negre","item":"https:\/\/monlacata.cetrexmarketing.com\/ca\/categoria-producto\/home-ca\/vi-ca\/vino-tinto-ca\/"},{"@type":"ListItem","position":5,"name":"Arzuaga La Planta Magnum"}]},{"@type":"WebSite","@id":"https:\/\/monlacata.cetrexmarketing.com\/#website","url":"https:\/\/monlacata.cetrexmarketing.com\/","name":"M\u00f3n La Cata","description":"Tienda de vinos, licores, cervezas y gourmet","publisher":{"@id":"https:\/\/monlacata.cetrexmarketing.com\/#organization"},"potentialAction":[{"@type":"SearchAction","target":{"@type":"EntryPoint","urlTemplate":"https:\/\/monlacata.cetrexmarketing.com\/?s={search_term_string}"},"query-input":{"@type":"PropertyValueSpecification","valueRequired":true,"valueName":"search_term_string"}}],"inLanguage":"ca"},{"@type":"Organization","@id":"https:\/\/monlacata.cetrexmarketing.com\/#organization","name":"M\u00f3n La Cata","url":"https:\/\/monlacata.cetrexmarketing.com\/","logo":{"@type":"ImageObject","inLanguage":"ca","@id":"https:\/\/monlacata.cetrexmarketing.com\/#\/schema\/logo\/image\/","url":"https:\/\/monlacata.cetrexmarketing.com\/wp-content\/uploads\/2024\/02\/monlacata-logo-blanc.png","contentUrl":"https:\/\/monlacata.cetrexmarketing.com\/wp-content\/uploads\/2024\/02\/monlacata-logo-blanc.png","width":454,"height":193,"caption":"M\u00f3n La Cata"},"image":{"@id":"https:\/\/monlacata.cetrexmarketing.com\/#\/schema\/logo\/image\/"}}]}},"brands":[{"id":32905,"name":"Ribera del Duero D.O.","slug":"ribera-del-duero-d-o"}],"tiered_pricing_type":"fixed","tiered_pricing_fixed_rules":[],"tiered_pricing_product_settings":{"layout":"default","base_unit_name":{"singular":null,"plural":null},"default_variation":null},"tiered_pricing_minimum_quantity":null,"tiered_pricing_roles_data":[],"tiered_pricing_percentage_rules":[],"tiered_pricing_maximum_quantity":null,"tiered_pricing_quantity_step":null,"_links":{"self":[{"href":"https:\/\/monlacata.cetrexmarketing.com\/ca\/wp-json\/wp\/v2\/product\/45417","targetHints":{"allow":["GET"]}}],"collection":[{"href":"https:\/\/monlacata.cetrexmarketing.com\/ca\/wp-json\/wp\/v2\/product"}],"about":[{"href":"https:\/\/monlacata.cetrexmarketing.com\/ca\/wp-json\/wp\/v2\/types\/product"}],"replies":[{"embeddable":true,"href":"https:\/\/monlacata.cetrexmarketing.com\/ca\/wp-json\/wp\/v2\/comments?post=45417"}],"wp:featuredmedia":[{"embeddable":true,"href":"https:\/\/monlacata.cetrexmarketing.com\/ca\/wp-json\/wp\/v2\/media\/76238"}],"wp:attachment":[{"href":"https:\/\/monlacata.cetrexmarketing.com\/ca\/wp-json\/wp\/v2\/media?parent=45417"}],"wp:term":[{"taxonomy":"pwb-brand","embeddable":true,"href":"https:\/\/monlacata.cetrexmarketing.com\/ca\/wp-json\/wp\/v2\/pwb-brand?post=45417"},{"taxonomy":"product_cat","embeddable":true,"href":"https:\/\/monlacata.cetrexmarketing.com\/ca\/wp-json\/wp\/v2\/product_cat?post=45417"},{"taxonomy":"product_tag","embeddable":true,"href":"https:\/\/monlacata.cetrexmarketing.com\/ca\/wp-json\/wp\/v2\/product_tag?post=45417"}],"curies":[{"name":"wp","href":"https:\/\/api.w.org\/{rel}","templated":true}]}}