{"id":45773,"date":"2020-12-18T12:05:53","date_gmt":"2020-12-18T12:05:53","guid":{"rendered":"https:\/\/monlacata.cetrexmarketing.com\/producto\/taittinger-brut-reserve\/"},"modified":"2025-10-17T15:26:30","modified_gmt":"2025-10-17T15:26:30","slug":"taittinger-brut-reserve","status":"publish","type":"product","link":"https:\/\/monlacata.cetrexmarketing.com\/ca\/producto\/taittinger-brut-reserve\/","title":{"rendered":"Taittinger Brut Reserva"},"content":{"rendered":"<p><strong>Taittinger Brut Reserva<\/strong><\/p>\n<p>Taittinger Brut Reserva est\u00e0 elaborat en un 40% de Chardonnay i un 60% de Pinot Noir i Pinot Meunier, procedents de m\u00e9s de 35 vinyes diferents i de diferents veremes portades a la perfecta maduraci\u00f3. Aquesta forta proporci\u00f3 de Chardonnay, \u00fanica entre els grans xampanys sense anyada, aix\u00ed com una crian\u00e7a m\u00ednima de tres anys al celler, on assoleix la seva plena maduresa arom\u00e0tica, fan de Taittinger Brut Reserva un xampany molt equilibrat, la qualitat del qual, d&#8217;una const\u00e0ncia absoluta, \u00e9s reconeguda al m\u00f3n sencer. El Champagne Taittinger se sent honrat de concebre aix\u00ed un Brut sense any excepcional<br \/>\nDe color groc palla daurada i brillant. Les bombolles s\u00f3n fines. L&#8217;escuma \u00e9s discreta i persistent. El nas, molt expressiu i obert, \u00e9s alhora afruitat i cordat. Despr\u00e8n aromes de pr\u00e9ssec, de flors blanques que recorden l&#8217;ar\u00e7 blanc i l&#8217;ac\u00e0cia i notes avainillades. L&#8217;entrada a la boca \u00e9s fresca, viva i harmoniosa. Tot seguit, s&#8217;expressen amb delicadesa sabors de fruites blanques i de mel. Taittinger Brut Reserva \u00e9s un xampany per gaudir en qualsevol moment i en qualsevol lloc, amb una gran versatilitat gastron\u00f2mica.<\/p>\n","protected":false},"excerpt":{"rendered":"<p><strong>Taittinger Brut Reserva<\/strong><\/p>\n<p>Champagne reconegut mundialment pel seu equilibri \u00fanic, amb 40% de Chardonnay i maduraci\u00f3 de 3-4 anys.<\/p>\n","protected":false},"featured_media":68051,"comment_status":"closed","ping_status":"closed","template":"","meta":{"_acf_changed":false},"pwb-brand":[32987],"product_cat":[33038,33094,33252,51985],"product_tag":[51850,16665,51857,50998],"class_list":{"0":"post-45773","1":"product","2":"type-product","3":"status-publish","4":"has-post-thumbnail","6":"pwb-brand-champagne","7":"product_cat-vi-escumos-ca","8":"product_cat-champagne-ca","9":"product_cat-champagne-blanc-ca","10":"product_cat-estoigs-i-lots","11":"product_tag-champagne-ca-2","12":"product_tag-taittinger-ca","13":"product_tag-taittinger-brut-reserva-ca","14":"product_tag-taittinger-brut-reserve-ca","15":"pa_bodega-taittinger-ca","16":"pa_cantidaddeazucar-brut-ca","17":"pa_do-champagneaoc-ca","18":"pa_formatoenml-750-ca","19":"pa_graduacion-12_5-ca","20":"pa_pais-franca","21":"pa_pueblociudad-reims-ca","22":"pa_tipodevino-vinoespumoso","23":"pa_variedades-5d-chardonnay_pinotnoir_pinot","24":"entry","25":"has-media","27":"first","28":"instock","29":"featured","30":"taxable","31":"shipping-taxable","32":"purchasable","33":"product-type-simple"},"acf":[],"yoast_head":"<!-- This site is optimized with the Yoast SEO Premium plugin v23.1 (Yoast SEO v24.1) - https:\/\/yoast.com\/wordpress\/plugins\/seo\/ -->\n<title>Taittinger Brut Reserva<\/title>\n<meta name=\"description\" content=\"Comprar online al millor preu el champagne Taittinger Brut Reserva (Reims, Fran\u00e7a) Viniteca. Begudes. Licoreria. Destil\u00b7lats. Productes Gourmet. Descomptes.\" \/>\n<meta name=\"robots\" content=\"noindex, follow, max-snippet:-1, max-image-preview:large, max-video-preview:-1\" \/>\n<meta property=\"og:locale\" content=\"ca_ES\" \/>\n<meta property=\"og:type\" content=\"article\" \/>\n<meta property=\"og:title\" content=\"Taittinger Brut Reserva\" \/>\n<meta property=\"og:description\" content=\"Comprar online al millor preu el champagne Taittinger Brut Reserva (Reims, Fran\u00e7a) Viniteca. Begudes. Licoreria. Destil\u00b7lats. Productes Gourmet. Descomptes.\" \/>\n<meta property=\"og:url\" content=\"https:\/\/monlacata.cetrexmarketing.com\/ca\/producto\/taittinger-brut-reserve\/\" \/>\n<meta property=\"og:site_name\" content=\"M\u00f3n La Cata\" \/>\n<meta property=\"article:modified_time\" content=\"2025-10-17T15:26:30+00:00\" \/>\n<meta property=\"og:image\" content=\"https:\/\/monlacata.cetrexmarketing.com\/wp-content\/uploads\/2020\/12\/TAITTINGER-BRUT-RESERVE.jpg.png\" \/>\n\t<meta property=\"og:image:width\" content=\"765\" \/>\n\t<meta property=\"og:image:height\" content=\"1024\" \/>\n\t<meta property=\"og:image:type\" content=\"image\/png\" \/>\n<meta name=\"twitter:card\" content=\"summary_large_image\" \/>\n<meta name=\"twitter:label1\" content=\"Temps estimat de lectura\" \/>\n\t<meta name=\"twitter:data1\" content=\"2 minuts\" \/>\n<script type=\"application\/ld+json\" class=\"yoast-schema-graph\">{\"@context\":\"https:\/\/schema.org\",\"@graph\":[{\"@type\":\"WebPage\",\"@id\":\"https:\/\/monlacata.cetrexmarketing.com\/ca\/producto\/taittinger-brut-reserve\/\",\"url\":\"https:\/\/monlacata.cetrexmarketing.com\/ca\/producto\/taittinger-brut-reserve\/\",\"name\":\"Taittinger Brut Reserva\",\"isPartOf\":{\"@id\":\"https:\/\/monlacata.cetrexmarketing.com\/#website\"},\"primaryImageOfPage\":{\"@id\":\"https:\/\/monlacata.cetrexmarketing.com\/ca\/producto\/taittinger-brut-reserve\/#primaryimage\"},\"image\":{\"@id\":\"https:\/\/monlacata.cetrexmarketing.com\/ca\/producto\/taittinger-brut-reserve\/#primaryimage\"},\"thumbnailUrl\":\"https:\/\/monlacata.cetrexmarketing.com\/wp-content\/uploads\/2020\/12\/TAITTINGER-BRUT-RESERVE.jpg.png\",\"datePublished\":\"2020-12-18T12:05:53+00:00\",\"dateModified\":\"2025-10-17T15:26:30+00:00\",\"description\":\"Comprar online al millor preu el champagne Taittinger Brut Reserva (Reims, Fran\u00e7a) Viniteca. Begudes. Licoreria. Destil\u00b7lats. Productes Gourmet. Descomptes.\",\"breadcrumb\":{\"@id\":\"https:\/\/monlacata.cetrexmarketing.com\/ca\/producto\/taittinger-brut-reserve\/#breadcrumb\"},\"inLanguage\":\"ca\",\"potentialAction\":[{\"@type\":\"ReadAction\",\"target\":[\"https:\/\/monlacata.cetrexmarketing.com\/ca\/producto\/taittinger-brut-reserve\/\"]}]},{\"@type\":\"ImageObject\",\"inLanguage\":\"ca\",\"@id\":\"https:\/\/monlacata.cetrexmarketing.com\/ca\/producto\/taittinger-brut-reserve\/#primaryimage\",\"url\":\"https:\/\/monlacata.cetrexmarketing.com\/wp-content\/uploads\/2020\/12\/TAITTINGER-BRUT-RESERVE.jpg.png\",\"contentUrl\":\"https:\/\/monlacata.cetrexmarketing.com\/wp-content\/uploads\/2020\/12\/TAITTINGER-BRUT-RESERVE.jpg.png\",\"width\":765,\"height\":1024,\"caption\":\"TAITTINGER BRUT RESERVE.jpg\"},{\"@type\":\"BreadcrumbList\",\"@id\":\"https:\/\/monlacata.cetrexmarketing.com\/ca\/producto\/taittinger-brut-reserve\/#breadcrumb\",\"itemListElement\":[{\"@type\":\"ListItem\",\"position\":1,\"name\":\"Home\",\"item\":\"https:\/\/monlacata.cetrexmarketing.com\/ca\/\"},{\"@type\":\"ListItem\",\"position\":2,\"name\":\"Tienda\",\"item\":\"https:\/\/monlacata.cetrexmarketing.com\/ca\/tienda-2\/\"},{\"@type\":\"ListItem\",\"position\":3,\"name\":\"Tienda\",\"item\":\"https:\/\/monlacata.cetrexmarketing.com\/categoria-producto\/inicio\/\"},{\"@type\":\"ListItem\",\"position\":4,\"name\":\"Vino espumoso\",\"item\":\"https:\/\/monlacata.cetrexmarketing.com\/categoria-producto\/inicio\/vino-espumoso\/\"},{\"@type\":\"ListItem\",\"position\":5,\"name\":\"Champagne AOC\",\"item\":\"https:\/\/monlacata.cetrexmarketing.com\/categoria-producto\/inicio\/vino-espumoso\/champagne\/\"},{\"@type\":\"ListItem\",\"position\":6,\"name\":\"Champagne Blanco\",\"item\":\"https:\/\/monlacata.cetrexmarketing.com\/categoria-producto\/inicio\/vino-espumoso\/champagne\/champagne-blanco\/\"},{\"@type\":\"ListItem\",\"position\":7,\"name\":\"Taittinger Brut Reserva\"}]},{\"@type\":\"WebSite\",\"@id\":\"https:\/\/monlacata.cetrexmarketing.com\/#website\",\"url\":\"https:\/\/monlacata.cetrexmarketing.com\/\",\"name\":\"M\u00f3n La Cata\",\"description\":\"Tienda de vinos, licores, cervezas y gourmet\",\"publisher\":{\"@id\":\"https:\/\/monlacata.cetrexmarketing.com\/#organization\"},\"potentialAction\":[{\"@type\":\"SearchAction\",\"target\":{\"@type\":\"EntryPoint\",\"urlTemplate\":\"https:\/\/monlacata.cetrexmarketing.com\/?s={search_term_string}\"},\"query-input\":{\"@type\":\"PropertyValueSpecification\",\"valueRequired\":true,\"valueName\":\"search_term_string\"}}],\"inLanguage\":\"ca\"},{\"@type\":\"Organization\",\"@id\":\"https:\/\/monlacata.cetrexmarketing.com\/#organization\",\"name\":\"M\u00f3n La Cata\",\"url\":\"https:\/\/monlacata.cetrexmarketing.com\/\",\"logo\":{\"@type\":\"ImageObject\",\"inLanguage\":\"ca\",\"@id\":\"https:\/\/monlacata.cetrexmarketing.com\/#\/schema\/logo\/image\/\",\"url\":\"https:\/\/monlacata.cetrexmarketing.com\/wp-content\/uploads\/2024\/02\/monlacata-logo-blanc.png\",\"contentUrl\":\"https:\/\/monlacata.cetrexmarketing.com\/wp-content\/uploads\/2024\/02\/monlacata-logo-blanc.png\",\"width\":454,\"height\":193,\"caption\":\"M\u00f3n La Cata\"},\"image\":{\"@id\":\"https:\/\/monlacata.cetrexmarketing.com\/#\/schema\/logo\/image\/\"}}]}<\/script>\n<!-- \/ Yoast SEO Premium plugin. -->","yoast_head_json":{"title":"Taittinger Brut Reserva","description":"Comprar online al millor preu el champagne Taittinger Brut Reserva (Reims, Fran\u00e7a) Viniteca. Begudes. Licoreria. Destil\u00b7lats. Productes Gourmet. Descomptes.","robots":{"index":"noindex","follow":"follow","max-snippet":"max-snippet:-1","max-image-preview":"max-image-preview:large","max-video-preview":"max-video-preview:-1"},"og_locale":"ca_ES","og_type":"article","og_title":"Taittinger Brut Reserva","og_description":"Comprar online al millor preu el champagne Taittinger Brut Reserva (Reims, Fran\u00e7a) Viniteca. Begudes. Licoreria. Destil\u00b7lats. Productes Gourmet. Descomptes.","og_url":"https:\/\/monlacata.cetrexmarketing.com\/ca\/producto\/taittinger-brut-reserve\/","og_site_name":"M\u00f3n La Cata","article_modified_time":"2025-10-17T15:26:30+00:00","og_image":[{"width":765,"height":1024,"url":"https:\/\/monlacata.cetrexmarketing.com\/wp-content\/uploads\/2020\/12\/TAITTINGER-BRUT-RESERVE.jpg.png","type":"image\/png"}],"twitter_card":"summary_large_image","twitter_misc":{"Temps estimat de lectura":"2 minuts"},"schema":{"@context":"https:\/\/schema.org","@graph":[{"@type":"WebPage","@id":"https:\/\/monlacata.cetrexmarketing.com\/ca\/producto\/taittinger-brut-reserve\/","url":"https:\/\/monlacata.cetrexmarketing.com\/ca\/producto\/taittinger-brut-reserve\/","name":"Taittinger Brut Reserva","isPartOf":{"@id":"https:\/\/monlacata.cetrexmarketing.com\/#website"},"primaryImageOfPage":{"@id":"https:\/\/monlacata.cetrexmarketing.com\/ca\/producto\/taittinger-brut-reserve\/#primaryimage"},"image":{"@id":"https:\/\/monlacata.cetrexmarketing.com\/ca\/producto\/taittinger-brut-reserve\/#primaryimage"},"thumbnailUrl":"https:\/\/monlacata.cetrexmarketing.com\/wp-content\/uploads\/2020\/12\/TAITTINGER-BRUT-RESERVE.jpg.png","datePublished":"2020-12-18T12:05:53+00:00","dateModified":"2025-10-17T15:26:30+00:00","description":"Comprar online al millor preu el champagne Taittinger Brut Reserva (Reims, Fran\u00e7a) Viniteca. Begudes. Licoreria. Destil\u00b7lats. Productes Gourmet. Descomptes.","breadcrumb":{"@id":"https:\/\/monlacata.cetrexmarketing.com\/ca\/producto\/taittinger-brut-reserve\/#breadcrumb"},"inLanguage":"ca","potentialAction":[{"@type":"ReadAction","target":["https:\/\/monlacata.cetrexmarketing.com\/ca\/producto\/taittinger-brut-reserve\/"]}]},{"@type":"ImageObject","inLanguage":"ca","@id":"https:\/\/monlacata.cetrexmarketing.com\/ca\/producto\/taittinger-brut-reserve\/#primaryimage","url":"https:\/\/monlacata.cetrexmarketing.com\/wp-content\/uploads\/2020\/12\/TAITTINGER-BRUT-RESERVE.jpg.png","contentUrl":"https:\/\/monlacata.cetrexmarketing.com\/wp-content\/uploads\/2020\/12\/TAITTINGER-BRUT-RESERVE.jpg.png","width":765,"height":1024,"caption":"TAITTINGER BRUT RESERVE.jpg"},{"@type":"BreadcrumbList","@id":"https:\/\/monlacata.cetrexmarketing.com\/ca\/producto\/taittinger-brut-reserve\/#breadcrumb","itemListElement":[{"@type":"ListItem","position":1,"name":"Home","item":"https:\/\/monlacata.cetrexmarketing.com\/ca\/"},{"@type":"ListItem","position":2,"name":"Tienda","item":"https:\/\/monlacata.cetrexmarketing.com\/ca\/tienda-2\/"},{"@type":"ListItem","position":3,"name":"Tienda","item":"https:\/\/monlacata.cetrexmarketing.com\/categoria-producto\/inicio\/"},{"@type":"ListItem","position":4,"name":"Vino espumoso","item":"https:\/\/monlacata.cetrexmarketing.com\/categoria-producto\/inicio\/vino-espumoso\/"},{"@type":"ListItem","position":5,"name":"Champagne AOC","item":"https:\/\/monlacata.cetrexmarketing.com\/categoria-producto\/inicio\/vino-espumoso\/champagne\/"},{"@type":"ListItem","position":6,"name":"Champagne Blanco","item":"https:\/\/monlacata.cetrexmarketing.com\/categoria-producto\/inicio\/vino-espumoso\/champagne\/champagne-blanco\/"},{"@type":"ListItem","position":7,"name":"Taittinger Brut Reserva"}]},{"@type":"WebSite","@id":"https:\/\/monlacata.cetrexmarketing.com\/#website","url":"https:\/\/monlacata.cetrexmarketing.com\/","name":"M\u00f3n La Cata","description":"Tienda de vinos, licores, cervezas y gourmet","publisher":{"@id":"https:\/\/monlacata.cetrexmarketing.com\/#organization"},"potentialAction":[{"@type":"SearchAction","target":{"@type":"EntryPoint","urlTemplate":"https:\/\/monlacata.cetrexmarketing.com\/?s={search_term_string}"},"query-input":{"@type":"PropertyValueSpecification","valueRequired":true,"valueName":"search_term_string"}}],"inLanguage":"ca"},{"@type":"Organization","@id":"https:\/\/monlacata.cetrexmarketing.com\/#organization","name":"M\u00f3n La Cata","url":"https:\/\/monlacata.cetrexmarketing.com\/","logo":{"@type":"ImageObject","inLanguage":"ca","@id":"https:\/\/monlacata.cetrexmarketing.com\/#\/schema\/logo\/image\/","url":"https:\/\/monlacata.cetrexmarketing.com\/wp-content\/uploads\/2024\/02\/monlacata-logo-blanc.png","contentUrl":"https:\/\/monlacata.cetrexmarketing.com\/wp-content\/uploads\/2024\/02\/monlacata-logo-blanc.png","width":454,"height":193,"caption":"M\u00f3n La Cata"},"image":{"@id":"https:\/\/monlacata.cetrexmarketing.com\/#\/schema\/logo\/image\/"}}]}},"brands":[{"id":32987,"name":"Champagne","slug":"champagne"}],"tiered_pricing_type":"fixed","tiered_pricing_fixed_rules":[],"tiered_pricing_product_settings":{"layout":"default","base_unit_name":{"singular":null,"plural":null},"default_variation":null},"tiered_pricing_minimum_quantity":null,"tiered_pricing_roles_data":[],"tiered_pricing_percentage_rules":[],"tiered_pricing_maximum_quantity":null,"tiered_pricing_quantity_step":null,"_links":{"self":[{"href":"https:\/\/monlacata.cetrexmarketing.com\/ca\/wp-json\/wp\/v2\/product\/45773","targetHints":{"allow":["GET"]}}],"collection":[{"href":"https:\/\/monlacata.cetrexmarketing.com\/ca\/wp-json\/wp\/v2\/product"}],"about":[{"href":"https:\/\/monlacata.cetrexmarketing.com\/ca\/wp-json\/wp\/v2\/types\/product"}],"replies":[{"embeddable":true,"href":"https:\/\/monlacata.cetrexmarketing.com\/ca\/wp-json\/wp\/v2\/comments?post=45773"}],"wp:featuredmedia":[{"embeddable":true,"href":"https:\/\/monlacata.cetrexmarketing.com\/ca\/wp-json\/wp\/v2\/media\/68051"}],"wp:attachment":[{"href":"https:\/\/monlacata.cetrexmarketing.com\/ca\/wp-json\/wp\/v2\/media?parent=45773"}],"wp:term":[{"taxonomy":"pwb-brand","embeddable":true,"href":"https:\/\/monlacata.cetrexmarketing.com\/ca\/wp-json\/wp\/v2\/pwb-brand?post=45773"},{"taxonomy":"product_cat","embeddable":true,"href":"https:\/\/monlacata.cetrexmarketing.com\/ca\/wp-json\/wp\/v2\/product_cat?post=45773"},{"taxonomy":"product_tag","embeddable":true,"href":"https:\/\/monlacata.cetrexmarketing.com\/ca\/wp-json\/wp\/v2\/product_tag?post=45773"}],"curies":[{"name":"wp","href":"https:\/\/api.w.org\/{rel}","templated":true}]}}