{"id":45985,"date":"2021-01-27T17:20:23","date_gmt":"2021-01-27T17:20:23","guid":{"rendered":"https:\/\/monlacata.cetrexmarketing.com\/producto\/leon-beyer-gewuerztraminer\/"},"modified":"2024-08-21T07:34:18","modified_gmt":"2024-08-21T07:34:18","slug":"leon-beyer-gewuerztraminer","status":"publish","type":"product","link":"https:\/\/monlacata.cetrexmarketing.com\/ca\/producto\/leon-beyer-gewuerztraminer\/","title":{"rendered":"L\u00e9on Beyer Gew\u00fcrztraminer"},"content":{"rendered":"<p><strong>L\u00e9on Beyer Gew\u00fcrztraminer<\/strong> \u00e9s un vi blanc de prestigi, produ\u00eft a la renomada regi\u00f3 d&#8217;Als\u00e0cia, a Fran\u00e7a. Aquest vi est\u00e0 elaborat amb ra\u00efms Gew\u00fcrztraminer, coneguts per la seva intensitat arom\u00e0tica i complexitat. Presenta un perfil de sabor ex\u00f2tic amb notes de fruites tropicals com el litxi i la pinya, juntament amb matisos florals i especiats caracter\u00edstics d&#8217;aquesta varietat. La seva textura \u00e9s rica i envoltant, amb un final lleugerament dol\u00e7 i persistent. Ideal per maridar amb plats asi\u00e0tics, formatges forts o com a vi d&#8217;aperitiu, L\u00e9on Beyer Gew\u00fcrztraminer \u00e9s una aut\u00e8ntica joia d&#8217;Als\u00e0cia.<\/p>\n","protected":false},"excerpt":{"rendered":"<p>L\u00e9on Beyer Gew\u00fcrztraminer \u00e9s un vi blanc de prestigi, produ\u00eft a la renomada regi\u00f3 d&#8217;Als\u00e0cia, a Fran\u00e7a. Aquest vi est\u00e0 elaborat amb ra\u00efms Gew\u00fcrztraminer, coneguts per la seva intensitat arom\u00e0tica i complexitat. Presenta un perfil de sabor ex\u00f2tic amb notes de fruites tropicals com el litxi i la pinya, juntament amb matisos florals i especiats&hellip;<\/p>\n","protected":false},"featured_media":73249,"comment_status":"closed","ping_status":"closed","template":"","meta":{"_acf_changed":false},"pwb-brand":[32947],"product_cat":[33020,33092],"product_tag":[15944,50657,52225,15946,50324,50331],"class_list":{"0":"post-45985","1":"product","2":"type-product","3":"status-publish","4":"has-post-thumbnail","6":"pwb-brand-alsace-a-o-c","7":"product_cat-vi-ca","8":"product_cat-vino-blanco-ca","9":"product_tag-alsace-ca","10":"product_tag-franca-ca-2","11":"product_tag-gewurztraminer-ca-2","12":"product_tag-leon-beyer-ca","13":"product_tag-vi-ca-2","14":"product_tag-vi-blanc-ca-2","15":"pa_anada-2021-ca","16":"pa_bodega-leonbeyer-ca","17":"pa_do-alsaceaocfrancia-ca","18":"pa_floral-blanc-floral","19":"pa_formatoenl-075-ca","20":"pa_formatoenml-750-ca","21":"pa_graduacion-14_0-ca","22":"pa_maridaje-formatge-cremos","23":"pa_maridaje-formatge-curat","24":"pa_maridaje-marisc","25":"pa_maridaje-midons","26":"pa_maridaje-peix","27":"pa_pais-franca","28":"pa_pesoengramos-1250-ca","29":"pa_pesoenkg-125-ca-2","30":"pa_pueblociudad-eguisheim-ca","31":"pa_tipodevino-vi-tranquil","32":"pa_variedad-principal-gewurztraminer-ca-2","33":"pa_variedades-gewurztraminer-ca","34":"entry","35":"has-media","37":"first","38":"instock","39":"taxable","40":"shipping-taxable","41":"purchasable","42":"product-type-simple"},"acf":[],"yoast_head":"<!-- This site is optimized with the Yoast SEO Premium plugin v23.1 (Yoast SEO v24.1) - https:\/\/yoast.com\/wordpress\/plugins\/seo\/ -->\n<title>L\u00e9on Beyer Gew\u00fcrztraminer<\/title>\n<meta name=\"description\" content=\"Comprar online al millor preu el vi blanc Leon Beyer Gewurztraminer AOC Alsace. Seguretat i rapidesa defineixen la web i la vinoteca. Descomptes per caixes.\" \/>\n<meta name=\"robots\" content=\"noindex, follow, max-snippet:-1, max-image-preview:large, max-video-preview:-1\" \/>\n<meta property=\"og:locale\" content=\"ca_ES\" \/>\n<meta property=\"og:type\" content=\"article\" \/>\n<meta property=\"og:title\" content=\"L\u00e9on Beyer Gew\u00fcrztraminer\" \/>\n<meta property=\"og:description\" content=\"Comprar online al millor preu el vi blanc Leon Beyer Gewurztraminer AOC Alsace. Seguretat i rapidesa defineixen la web i la vinoteca. Descomptes per caixes.\" \/>\n<meta property=\"og:url\" content=\"https:\/\/monlacata.cetrexmarketing.com\/ca\/producto\/leon-beyer-gewuerztraminer\/\" \/>\n<meta property=\"og:site_name\" content=\"M\u00f3n La Cata\" \/>\n<meta property=\"article:modified_time\" content=\"2024-08-21T07:34:18+00:00\" \/>\n<meta property=\"og:image\" content=\"https:\/\/monlacata.cetrexmarketing.com\/wp-content\/uploads\/2021\/01\/LEON-BEYER-GEWURZTRAMINER.png\" \/>\n\t<meta property=\"og:image:width\" content=\"765\" \/>\n\t<meta property=\"og:image:height\" content=\"1024\" \/>\n\t<meta property=\"og:image:type\" content=\"image\/png\" \/>\n<meta name=\"twitter:card\" content=\"summary_large_image\" \/>\n<meta name=\"twitter:label1\" content=\"Temps estimat de lectura\" \/>\n\t<meta name=\"twitter:data1\" content=\"1 minut\" \/>\n<script type=\"application\/ld+json\" class=\"yoast-schema-graph\">{\"@context\":\"https:\/\/schema.org\",\"@graph\":[{\"@type\":\"WebPage\",\"@id\":\"https:\/\/monlacata.cetrexmarketing.com\/ca\/producto\/leon-beyer-gewuerztraminer\/\",\"url\":\"https:\/\/monlacata.cetrexmarketing.com\/ca\/producto\/leon-beyer-gewuerztraminer\/\",\"name\":\"L\u00e9on Beyer Gew\u00fcrztraminer\",\"isPartOf\":{\"@id\":\"https:\/\/monlacata.cetrexmarketing.com\/#website\"},\"primaryImageOfPage\":{\"@id\":\"https:\/\/monlacata.cetrexmarketing.com\/ca\/producto\/leon-beyer-gewuerztraminer\/#primaryimage\"},\"image\":{\"@id\":\"https:\/\/monlacata.cetrexmarketing.com\/ca\/producto\/leon-beyer-gewuerztraminer\/#primaryimage\"},\"thumbnailUrl\":\"https:\/\/monlacata.cetrexmarketing.com\/wp-content\/uploads\/2021\/01\/LEON-BEYER-GEWURZTRAMINER.png\",\"datePublished\":\"2021-01-27T17:20:23+00:00\",\"dateModified\":\"2024-08-21T07:34:18+00:00\",\"description\":\"Comprar online al millor preu el vi blanc Leon Beyer Gewurztraminer AOC Alsace. Seguretat i rapidesa defineixen la web i la vinoteca. Descomptes per caixes.\",\"breadcrumb\":{\"@id\":\"https:\/\/monlacata.cetrexmarketing.com\/ca\/producto\/leon-beyer-gewuerztraminer\/#breadcrumb\"},\"inLanguage\":\"ca\",\"potentialAction\":[{\"@type\":\"ReadAction\",\"target\":[\"https:\/\/monlacata.cetrexmarketing.com\/ca\/producto\/leon-beyer-gewuerztraminer\/\"]}]},{\"@type\":\"ImageObject\",\"inLanguage\":\"ca\",\"@id\":\"https:\/\/monlacata.cetrexmarketing.com\/ca\/producto\/leon-beyer-gewuerztraminer\/#primaryimage\",\"url\":\"https:\/\/monlacata.cetrexmarketing.com\/wp-content\/uploads\/2021\/01\/LEON-BEYER-GEWURZTRAMINER.png\",\"contentUrl\":\"https:\/\/monlacata.cetrexmarketing.com\/wp-content\/uploads\/2021\/01\/LEON-BEYER-GEWURZTRAMINER.png\",\"width\":765,\"height\":1024,\"caption\":\"LEON BEYER GEWURZTRAMINER\"},{\"@type\":\"BreadcrumbList\",\"@id\":\"https:\/\/monlacata.cetrexmarketing.com\/ca\/producto\/leon-beyer-gewuerztraminer\/#breadcrumb\",\"itemListElement\":[{\"@type\":\"ListItem\",\"position\":1,\"name\":\"Home\",\"item\":\"https:\/\/monlacata.cetrexmarketing.com\/ca\/\"},{\"@type\":\"ListItem\",\"position\":2,\"name\":\"Tienda\",\"item\":\"https:\/\/monlacata.cetrexmarketing.com\/ca\/tienda-2\/\"},{\"@type\":\"ListItem\",\"position\":3,\"name\":\"Vi\",\"item\":\"https:\/\/monlacata.cetrexmarketing.com\/categoria-producto\/home-ca\/vi-ca\/\"},{\"@type\":\"ListItem\",\"position\":4,\"name\":\"Vi Blanc\",\"item\":\"https:\/\/monlacata.cetrexmarketing.com\/ca\/categoria-producto\/home-ca\/vi-ca\/vino-blanco-ca\/\"},{\"@type\":\"ListItem\",\"position\":5,\"name\":\"L\u00e9on Beyer Gew\u00fcrztraminer\"}]},{\"@type\":\"WebSite\",\"@id\":\"https:\/\/monlacata.cetrexmarketing.com\/#website\",\"url\":\"https:\/\/monlacata.cetrexmarketing.com\/\",\"name\":\"M\u00f3n La Cata\",\"description\":\"Tienda de vinos, licores, cervezas y gourmet\",\"publisher\":{\"@id\":\"https:\/\/monlacata.cetrexmarketing.com\/#organization\"},\"potentialAction\":[{\"@type\":\"SearchAction\",\"target\":{\"@type\":\"EntryPoint\",\"urlTemplate\":\"https:\/\/monlacata.cetrexmarketing.com\/?s={search_term_string}\"},\"query-input\":{\"@type\":\"PropertyValueSpecification\",\"valueRequired\":true,\"valueName\":\"search_term_string\"}}],\"inLanguage\":\"ca\"},{\"@type\":\"Organization\",\"@id\":\"https:\/\/monlacata.cetrexmarketing.com\/#organization\",\"name\":\"M\u00f3n La Cata\",\"url\":\"https:\/\/monlacata.cetrexmarketing.com\/\",\"logo\":{\"@type\":\"ImageObject\",\"inLanguage\":\"ca\",\"@id\":\"https:\/\/monlacata.cetrexmarketing.com\/#\/schema\/logo\/image\/\",\"url\":\"https:\/\/monlacata.cetrexmarketing.com\/wp-content\/uploads\/2024\/02\/monlacata-logo-blanc.png\",\"contentUrl\":\"https:\/\/monlacata.cetrexmarketing.com\/wp-content\/uploads\/2024\/02\/monlacata-logo-blanc.png\",\"width\":454,\"height\":193,\"caption\":\"M\u00f3n La Cata\"},\"image\":{\"@id\":\"https:\/\/monlacata.cetrexmarketing.com\/#\/schema\/logo\/image\/\"}}]}<\/script>\n<!-- \/ Yoast SEO Premium plugin. -->","yoast_head_json":{"title":"L\u00e9on Beyer Gew\u00fcrztraminer","description":"Comprar online al millor preu el vi blanc Leon Beyer Gewurztraminer AOC Alsace. Seguretat i rapidesa defineixen la web i la vinoteca. Descomptes per caixes.","robots":{"index":"noindex","follow":"follow","max-snippet":"max-snippet:-1","max-image-preview":"max-image-preview:large","max-video-preview":"max-video-preview:-1"},"og_locale":"ca_ES","og_type":"article","og_title":"L\u00e9on Beyer Gew\u00fcrztraminer","og_description":"Comprar online al millor preu el vi blanc Leon Beyer Gewurztraminer AOC Alsace. Seguretat i rapidesa defineixen la web i la vinoteca. Descomptes per caixes.","og_url":"https:\/\/monlacata.cetrexmarketing.com\/ca\/producto\/leon-beyer-gewuerztraminer\/","og_site_name":"M\u00f3n La Cata","article_modified_time":"2024-08-21T07:34:18+00:00","og_image":[{"width":765,"height":1024,"url":"https:\/\/monlacata.cetrexmarketing.com\/wp-content\/uploads\/2021\/01\/LEON-BEYER-GEWURZTRAMINER.png","type":"image\/png"}],"twitter_card":"summary_large_image","twitter_misc":{"Temps estimat de lectura":"1 minut"},"schema":{"@context":"https:\/\/schema.org","@graph":[{"@type":"WebPage","@id":"https:\/\/monlacata.cetrexmarketing.com\/ca\/producto\/leon-beyer-gewuerztraminer\/","url":"https:\/\/monlacata.cetrexmarketing.com\/ca\/producto\/leon-beyer-gewuerztraminer\/","name":"L\u00e9on Beyer Gew\u00fcrztraminer","isPartOf":{"@id":"https:\/\/monlacata.cetrexmarketing.com\/#website"},"primaryImageOfPage":{"@id":"https:\/\/monlacata.cetrexmarketing.com\/ca\/producto\/leon-beyer-gewuerztraminer\/#primaryimage"},"image":{"@id":"https:\/\/monlacata.cetrexmarketing.com\/ca\/producto\/leon-beyer-gewuerztraminer\/#primaryimage"},"thumbnailUrl":"https:\/\/monlacata.cetrexmarketing.com\/wp-content\/uploads\/2021\/01\/LEON-BEYER-GEWURZTRAMINER.png","datePublished":"2021-01-27T17:20:23+00:00","dateModified":"2024-08-21T07:34:18+00:00","description":"Comprar online al millor preu el vi blanc Leon Beyer Gewurztraminer AOC Alsace. Seguretat i rapidesa defineixen la web i la vinoteca. Descomptes per caixes.","breadcrumb":{"@id":"https:\/\/monlacata.cetrexmarketing.com\/ca\/producto\/leon-beyer-gewuerztraminer\/#breadcrumb"},"inLanguage":"ca","potentialAction":[{"@type":"ReadAction","target":["https:\/\/monlacata.cetrexmarketing.com\/ca\/producto\/leon-beyer-gewuerztraminer\/"]}]},{"@type":"ImageObject","inLanguage":"ca","@id":"https:\/\/monlacata.cetrexmarketing.com\/ca\/producto\/leon-beyer-gewuerztraminer\/#primaryimage","url":"https:\/\/monlacata.cetrexmarketing.com\/wp-content\/uploads\/2021\/01\/LEON-BEYER-GEWURZTRAMINER.png","contentUrl":"https:\/\/monlacata.cetrexmarketing.com\/wp-content\/uploads\/2021\/01\/LEON-BEYER-GEWURZTRAMINER.png","width":765,"height":1024,"caption":"LEON BEYER GEWURZTRAMINER"},{"@type":"BreadcrumbList","@id":"https:\/\/monlacata.cetrexmarketing.com\/ca\/producto\/leon-beyer-gewuerztraminer\/#breadcrumb","itemListElement":[{"@type":"ListItem","position":1,"name":"Home","item":"https:\/\/monlacata.cetrexmarketing.com\/ca\/"},{"@type":"ListItem","position":2,"name":"Tienda","item":"https:\/\/monlacata.cetrexmarketing.com\/ca\/tienda-2\/"},{"@type":"ListItem","position":3,"name":"Vi","item":"https:\/\/monlacata.cetrexmarketing.com\/categoria-producto\/home-ca\/vi-ca\/"},{"@type":"ListItem","position":4,"name":"Vi Blanc","item":"https:\/\/monlacata.cetrexmarketing.com\/ca\/categoria-producto\/home-ca\/vi-ca\/vino-blanco-ca\/"},{"@type":"ListItem","position":5,"name":"L\u00e9on Beyer Gew\u00fcrztraminer"}]},{"@type":"WebSite","@id":"https:\/\/monlacata.cetrexmarketing.com\/#website","url":"https:\/\/monlacata.cetrexmarketing.com\/","name":"M\u00f3n La Cata","description":"Tienda de vinos, licores, cervezas y gourmet","publisher":{"@id":"https:\/\/monlacata.cetrexmarketing.com\/#organization"},"potentialAction":[{"@type":"SearchAction","target":{"@type":"EntryPoint","urlTemplate":"https:\/\/monlacata.cetrexmarketing.com\/?s={search_term_string}"},"query-input":{"@type":"PropertyValueSpecification","valueRequired":true,"valueName":"search_term_string"}}],"inLanguage":"ca"},{"@type":"Organization","@id":"https:\/\/monlacata.cetrexmarketing.com\/#organization","name":"M\u00f3n La Cata","url":"https:\/\/monlacata.cetrexmarketing.com\/","logo":{"@type":"ImageObject","inLanguage":"ca","@id":"https:\/\/monlacata.cetrexmarketing.com\/#\/schema\/logo\/image\/","url":"https:\/\/monlacata.cetrexmarketing.com\/wp-content\/uploads\/2024\/02\/monlacata-logo-blanc.png","contentUrl":"https:\/\/monlacata.cetrexmarketing.com\/wp-content\/uploads\/2024\/02\/monlacata-logo-blanc.png","width":454,"height":193,"caption":"M\u00f3n La Cata"},"image":{"@id":"https:\/\/monlacata.cetrexmarketing.com\/#\/schema\/logo\/image\/"}}]}},"brands":[{"id":32947,"name":"Alsace A.O.C.","slug":"alsace-a-o-c"}],"tiered_pricing_type":"fixed","tiered_pricing_fixed_rules":[],"tiered_pricing_product_settings":{"layout":"default","base_unit_name":{"singular":null,"plural":null},"default_variation":null},"tiered_pricing_minimum_quantity":null,"tiered_pricing_roles_data":[],"tiered_pricing_percentage_rules":[],"tiered_pricing_maximum_quantity":null,"tiered_pricing_quantity_step":null,"_links":{"self":[{"href":"https:\/\/monlacata.cetrexmarketing.com\/ca\/wp-json\/wp\/v2\/product\/45985","targetHints":{"allow":["GET"]}}],"collection":[{"href":"https:\/\/monlacata.cetrexmarketing.com\/ca\/wp-json\/wp\/v2\/product"}],"about":[{"href":"https:\/\/monlacata.cetrexmarketing.com\/ca\/wp-json\/wp\/v2\/types\/product"}],"replies":[{"embeddable":true,"href":"https:\/\/monlacata.cetrexmarketing.com\/ca\/wp-json\/wp\/v2\/comments?post=45985"}],"wp:featuredmedia":[{"embeddable":true,"href":"https:\/\/monlacata.cetrexmarketing.com\/ca\/wp-json\/wp\/v2\/media\/73249"}],"wp:attachment":[{"href":"https:\/\/monlacata.cetrexmarketing.com\/ca\/wp-json\/wp\/v2\/media?parent=45985"}],"wp:term":[{"taxonomy":"pwb-brand","embeddable":true,"href":"https:\/\/monlacata.cetrexmarketing.com\/ca\/wp-json\/wp\/v2\/pwb-brand?post=45985"},{"taxonomy":"product_cat","embeddable":true,"href":"https:\/\/monlacata.cetrexmarketing.com\/ca\/wp-json\/wp\/v2\/product_cat?post=45985"},{"taxonomy":"product_tag","embeddable":true,"href":"https:\/\/monlacata.cetrexmarketing.com\/ca\/wp-json\/wp\/v2\/product_tag?post=45985"}],"curies":[{"name":"wp","href":"https:\/\/api.w.org\/{rel}","templated":true}]}}