{"id":46001,"date":"2021-01-28T10:02:18","date_gmt":"2021-01-28T10:02:18","guid":{"rendered":"https:\/\/monlacata.cetrexmarketing.com\/producto\/vermouth-jarabe-de-palo-negre\/"},"modified":"2025-04-17T08:41:17","modified_gmt":"2025-04-17T08:41:17","slug":"vermouth-jarabe-de-palo-negre","status":"publish","type":"product","link":"https:\/\/monlacata.cetrexmarketing.com\/ca\/producto\/vermouth-jarabe-de-palo-negre\/","title":{"rendered":"Jarabe de Palo Negre"},"content":{"rendered":"<div class=\"flex flex-grow flex-col max-w-full\">\n<div class=\"min-h-[20px] text-message flex w-full flex-col items-end gap-2 whitespace-pre-wrap break-words [.text-message+&amp;]:mt-5 overflow-x-auto\" dir=\"auto\" data-message-author-role=\"assistant\" data-message-id=\"5fcb155f-973f-4172-8f3e-6f45de575609\">\n<div class=\"flex w-full flex-col gap-1 empty:hidden first:pt-[3px]\">\n<div class=\"markdown prose w-full break-words dark:prose-invert light\">\n<p class=\"\" data-start=\"1295\" data-end=\"1578\">Jarabe de Palo Negro \u00e9s un vermut vermell elaborat artesanalment a partir de vi de qualitat i una acurada selecci\u00f3 d\u2019herbes i bot\u00e0nics. El seu car\u00e0cter \u00fanic neix de la combinaci\u00f3 de tradici\u00f3 i creativitat, donant com a resultat un vermut intens, arom\u00e0tic i amb una gran personalitat.<\/p>\n<p class=\"\" data-start=\"1580\" data-end=\"1614\"><strong data-start=\"1580\" data-end=\"1614\">Caracter\u00edstiques del producte:<\/strong><\/p>\n<ul data-start=\"1616\" data-end=\"1752\">\n<li class=\"\" data-start=\"1616\" data-end=\"1655\">\n<p class=\"\" data-start=\"1618\" data-end=\"1655\"><strong data-start=\"1618\" data-end=\"1628\">Tipus:<\/strong> Vermut vermell artesanal<\/p>\n<\/li>\n<li class=\"\" data-start=\"1656\" data-end=\"1679\">\n<p class=\"\" data-start=\"1658\" data-end=\"1679\"><strong data-start=\"1658\" data-end=\"1669\">Origen:<\/strong> Espanya<\/p>\n<\/li>\n<li class=\"\" data-start=\"1680\" data-end=\"1718\">\n<p class=\"\" data-start=\"1682\" data-end=\"1718\"><strong data-start=\"1682\" data-end=\"1707\">Graduaci\u00f3 alcoh\u00f2lica:<\/strong> 15% vol.<\/p>\n<\/li>\n<li class=\"\" data-start=\"1719\" data-end=\"1752\">\n<p class=\"\" data-start=\"1721\" data-end=\"1752\"><strong data-start=\"1721\" data-end=\"1732\">Format:<\/strong> Ampolla d\u20191 litre<\/p>\n<\/li>\n<\/ul>\n<p class=\"\" data-start=\"1754\" data-end=\"1772\"><strong data-start=\"1754\" data-end=\"1772\">Notes de tast:<\/strong><\/p>\n<ul data-start=\"1774\" data-end=\"2053\">\n<li class=\"\" data-start=\"1774\" data-end=\"1828\">\n<p class=\"\" data-start=\"1776\" data-end=\"1828\"><strong data-start=\"1776\" data-end=\"1786\">Color:<\/strong> Caoba vermell\u00f3s amb reflexos brillants.<\/p>\n<\/li>\n<li class=\"\" data-start=\"1829\" data-end=\"1926\">\n<p class=\"\" data-start=\"1831\" data-end=\"1926\"><strong data-start=\"1831\" data-end=\"1841\">Aroma:<\/strong> Intens i especiat, amb notes de canyella, clau, herbes silvestres i fruita madura.<\/p>\n<\/li>\n<li class=\"\" data-start=\"1927\" data-end=\"2053\">\n<p class=\"\" data-start=\"1929\" data-end=\"2053\"><strong data-start=\"1929\" data-end=\"1938\">Gust:<\/strong> Equilibrat i envoltant, combina dol\u00e7or amb un agradable toc amarg. Final llarg, amb records bals\u00e0mics i torrats.<\/p>\n<\/li>\n<\/ul>\n<p class=\"\" data-start=\"2055\" data-end=\"2079\"><strong data-start=\"2055\" data-end=\"2079\">Maridatge recomanat:<\/strong><\/p>\n<p class=\"\" data-start=\"2081\" data-end=\"2230\">Ideal com a aperitiu, sol o amb gel, acompanyat d\u2019olives, patates fregides o conserves. Tamb\u00e9 marida molt b\u00e9 amb formatges curats i embotits ib\u00e8rics.<\/p>\n<p class=\"\" data-start=\"2232\" data-end=\"2246\"><strong data-start=\"2232\" data-end=\"2246\">Conclusi\u00f3:<\/strong><\/p>\n<p class=\"\" data-start=\"2248\" data-end=\"2424\">Jarabe de Palo Negro \u00e9s un vermut amb \u00e0nima, que uneix el respecte per les receptes tradicionals amb una proposta moderna. Perfecte per a qui cerca sabors profunds i aut\u00e8ntics.<\/p>\n<\/div>\n<\/div>\n<\/div>\n<\/div>\n<div class=\"mt-1 flex gap-3 empty:hidden -ml-2\">\n<div class=\"items-center justify-start rounded-xl p-1 flex\">\n<div class=\"flex items-center\">\n<p>&nbsp;<\/p>\n<div class=\"flex\"><\/div>\n<div class=\"flex items-center pb-0\">\n<div class=\"[&amp;_svg]:h-full [&amp;_svg]:w-full icon-md h-4 w-4\"><\/div>\n<p>&nbsp;<\/p>\n<\/div>\n<\/div>\n<\/div>\n<\/div>\n","protected":false},"excerpt":{"rendered":"<p>Jarabe de Palo Negre<\/p>\n","protected":false},"featured_media":68734,"comment_status":"closed","ping_status":"closed","template":"","meta":{"_acf_changed":false},"pwb-brand":[],"product_cat":[33040,33226],"product_tag":[51728],"class_list":{"0":"post-46001","1":"product","2":"type-product","3":"status-publish","4":"has-post-thumbnail","6":"product_cat-destil-lats-ca","7":"product_cat-vermut-negre-ca","8":"product_tag-jarabe-de-palo-negre","9":"pa_bodega-jarabedepalo-ca","10":"pa_formatoenl-075-ca","11":"pa_formatoenml-750-ca","12":"pa_graduacion-15_0-ca","13":"pa_pais-espanya-ca","14":"pa_pesoengramos-1000-ca","15":"pa_pesoenkg-10-ca-2","16":"pa_variedades-muscatdealejandria-ca","17":"entry","18":"has-media","20":"first","21":"onbackorder","22":"taxable","23":"shipping-taxable","24":"purchasable","25":"product-type-simple"},"acf":[],"yoast_head":"<!-- This site is optimized with the Yoast SEO Premium plugin v23.1 (Yoast SEO v24.1) - https:\/\/yoast.com\/wordpress\/plugins\/seo\/ -->\n<title>Jarabe de Palo Negre<\/title>\n<meta name=\"description\" content=\"Comprar online al millor preu el vermut Jarabe de Palo Negre. Web especialitzada en destil\u00b7lats, vins i alimentaci\u00f3 gourmet.\" \/>\n<meta name=\"robots\" content=\"noindex, follow, max-snippet:-1, max-image-preview:large, max-video-preview:-1\" \/>\n<meta property=\"og:locale\" content=\"ca_ES\" \/>\n<meta property=\"og:type\" content=\"article\" \/>\n<meta property=\"og:title\" content=\"Jarabe de Palo Negre\" \/>\n<meta property=\"og:description\" content=\"Comprar online al millor preu el vermut Jarabe de Palo Negre. Web especialitzada en destil\u00b7lats, vins i alimentaci\u00f3 gourmet.\" \/>\n<meta property=\"og:url\" content=\"https:\/\/monlacata.cetrexmarketing.com\/ca\/producto\/vermouth-jarabe-de-palo-negre\/\" \/>\n<meta property=\"og:site_name\" content=\"M\u00f3n La Cata\" \/>\n<meta property=\"article:modified_time\" content=\"2025-04-17T08:41:17+00:00\" \/>\n<meta property=\"og:image\" content=\"https:\/\/monlacata.cetrexmarketing.com\/wp-content\/uploads\/2021\/01\/JARABE-DE-PALO-NEGRO-3.png\" \/>\n\t<meta property=\"og:image:width\" content=\"765\" \/>\n\t<meta property=\"og:image:height\" content=\"1024\" \/>\n\t<meta property=\"og:image:type\" content=\"image\/png\" \/>\n<meta name=\"twitter:card\" content=\"summary_large_image\" \/>\n<meta name=\"twitter:label1\" content=\"Temps estimat de lectura\" \/>\n\t<meta name=\"twitter:data1\" content=\"2 minuts\" \/>\n<script type=\"application\/ld+json\" class=\"yoast-schema-graph\">{\"@context\":\"https:\/\/schema.org\",\"@graph\":[{\"@type\":\"WebPage\",\"@id\":\"https:\/\/monlacata.cetrexmarketing.com\/ca\/producto\/vermouth-jarabe-de-palo-negre\/\",\"url\":\"https:\/\/monlacata.cetrexmarketing.com\/ca\/producto\/vermouth-jarabe-de-palo-negre\/\",\"name\":\"Jarabe de Palo Negre\",\"isPartOf\":{\"@id\":\"https:\/\/monlacata.cetrexmarketing.com\/#website\"},\"primaryImageOfPage\":{\"@id\":\"https:\/\/monlacata.cetrexmarketing.com\/ca\/producto\/vermouth-jarabe-de-palo-negre\/#primaryimage\"},\"image\":{\"@id\":\"https:\/\/monlacata.cetrexmarketing.com\/ca\/producto\/vermouth-jarabe-de-palo-negre\/#primaryimage\"},\"thumbnailUrl\":\"https:\/\/monlacata.cetrexmarketing.com\/wp-content\/uploads\/2021\/01\/JARABE-DE-PALO-NEGRO-3.png\",\"datePublished\":\"2021-01-28T10:02:18+00:00\",\"dateModified\":\"2025-04-17T08:41:17+00:00\",\"description\":\"Comprar online al millor preu el vermut Jarabe de Palo Negre. Web especialitzada en destil\u00b7lats, vins i alimentaci\u00f3 gourmet.\",\"breadcrumb\":{\"@id\":\"https:\/\/monlacata.cetrexmarketing.com\/ca\/producto\/vermouth-jarabe-de-palo-negre\/#breadcrumb\"},\"inLanguage\":\"ca\",\"potentialAction\":[{\"@type\":\"ReadAction\",\"target\":[\"https:\/\/monlacata.cetrexmarketing.com\/ca\/producto\/vermouth-jarabe-de-palo-negre\/\"]}]},{\"@type\":\"ImageObject\",\"inLanguage\":\"ca\",\"@id\":\"https:\/\/monlacata.cetrexmarketing.com\/ca\/producto\/vermouth-jarabe-de-palo-negre\/#primaryimage\",\"url\":\"https:\/\/monlacata.cetrexmarketing.com\/wp-content\/uploads\/2021\/01\/JARABE-DE-PALO-NEGRO-3.png\",\"contentUrl\":\"https:\/\/monlacata.cetrexmarketing.com\/wp-content\/uploads\/2021\/01\/JARABE-DE-PALO-NEGRO-3.png\",\"width\":765,\"height\":1024,\"caption\":\"JARABE DE PALO NEGRO\"},{\"@type\":\"BreadcrumbList\",\"@id\":\"https:\/\/monlacata.cetrexmarketing.com\/ca\/producto\/vermouth-jarabe-de-palo-negre\/#breadcrumb\",\"itemListElement\":[{\"@type\":\"ListItem\",\"position\":1,\"name\":\"Home\",\"item\":\"https:\/\/monlacata.cetrexmarketing.com\/ca\/\"},{\"@type\":\"ListItem\",\"position\":2,\"name\":\"Tienda\",\"item\":\"https:\/\/monlacata.cetrexmarketing.com\/ca\/tienda-2\/\"},{\"@type\":\"ListItem\",\"position\":3,\"name\":\"Tienda\",\"item\":\"https:\/\/monlacata.cetrexmarketing.com\/categoria-producto\/inicio\/\"},{\"@type\":\"ListItem\",\"position\":4,\"name\":\"Destilados\",\"item\":\"https:\/\/monlacata.cetrexmarketing.com\/categoria-producto\/inicio\/destilados\/\"},{\"@type\":\"ListItem\",\"position\":5,\"name\":\"Vermut\",\"item\":\"https:\/\/monlacata.cetrexmarketing.com\/categoria-producto\/inicio\/destilados\/vermut\/\"},{\"@type\":\"ListItem\",\"position\":6,\"name\":\"Vermut Rojo\",\"item\":\"https:\/\/monlacata.cetrexmarketing.com\/categoria-producto\/inicio\/destilados\/vermut-rojo\/\"},{\"@type\":\"ListItem\",\"position\":7,\"name\":\"Jarabe de Palo Negre\"}]},{\"@type\":\"WebSite\",\"@id\":\"https:\/\/monlacata.cetrexmarketing.com\/#website\",\"url\":\"https:\/\/monlacata.cetrexmarketing.com\/\",\"name\":\"M\u00f3n La Cata\",\"description\":\"Tienda de vinos, licores, cervezas y gourmet\",\"publisher\":{\"@id\":\"https:\/\/monlacata.cetrexmarketing.com\/#organization\"},\"potentialAction\":[{\"@type\":\"SearchAction\",\"target\":{\"@type\":\"EntryPoint\",\"urlTemplate\":\"https:\/\/monlacata.cetrexmarketing.com\/?s={search_term_string}\"},\"query-input\":{\"@type\":\"PropertyValueSpecification\",\"valueRequired\":true,\"valueName\":\"search_term_string\"}}],\"inLanguage\":\"ca\"},{\"@type\":\"Organization\",\"@id\":\"https:\/\/monlacata.cetrexmarketing.com\/#organization\",\"name\":\"M\u00f3n La Cata\",\"url\":\"https:\/\/monlacata.cetrexmarketing.com\/\",\"logo\":{\"@type\":\"ImageObject\",\"inLanguage\":\"ca\",\"@id\":\"https:\/\/monlacata.cetrexmarketing.com\/#\/schema\/logo\/image\/\",\"url\":\"https:\/\/monlacata.cetrexmarketing.com\/wp-content\/uploads\/2024\/02\/monlacata-logo-blanc.png\",\"contentUrl\":\"https:\/\/monlacata.cetrexmarketing.com\/wp-content\/uploads\/2024\/02\/monlacata-logo-blanc.png\",\"width\":454,\"height\":193,\"caption\":\"M\u00f3n La Cata\"},\"image\":{\"@id\":\"https:\/\/monlacata.cetrexmarketing.com\/#\/schema\/logo\/image\/\"}}]}<\/script>\n<!-- \/ Yoast SEO Premium plugin. -->","yoast_head_json":{"title":"Jarabe de Palo Negre","description":"Comprar online al millor preu el vermut Jarabe de Palo Negre. Web especialitzada en destil\u00b7lats, vins i alimentaci\u00f3 gourmet.","robots":{"index":"noindex","follow":"follow","max-snippet":"max-snippet:-1","max-image-preview":"max-image-preview:large","max-video-preview":"max-video-preview:-1"},"og_locale":"ca_ES","og_type":"article","og_title":"Jarabe de Palo Negre","og_description":"Comprar online al millor preu el vermut Jarabe de Palo Negre. Web especialitzada en destil\u00b7lats, vins i alimentaci\u00f3 gourmet.","og_url":"https:\/\/monlacata.cetrexmarketing.com\/ca\/producto\/vermouth-jarabe-de-palo-negre\/","og_site_name":"M\u00f3n La Cata","article_modified_time":"2025-04-17T08:41:17+00:00","og_image":[{"width":765,"height":1024,"url":"https:\/\/monlacata.cetrexmarketing.com\/wp-content\/uploads\/2021\/01\/JARABE-DE-PALO-NEGRO-3.png","type":"image\/png"}],"twitter_card":"summary_large_image","twitter_misc":{"Temps estimat de lectura":"2 minuts"},"schema":{"@context":"https:\/\/schema.org","@graph":[{"@type":"WebPage","@id":"https:\/\/monlacata.cetrexmarketing.com\/ca\/producto\/vermouth-jarabe-de-palo-negre\/","url":"https:\/\/monlacata.cetrexmarketing.com\/ca\/producto\/vermouth-jarabe-de-palo-negre\/","name":"Jarabe de Palo Negre","isPartOf":{"@id":"https:\/\/monlacata.cetrexmarketing.com\/#website"},"primaryImageOfPage":{"@id":"https:\/\/monlacata.cetrexmarketing.com\/ca\/producto\/vermouth-jarabe-de-palo-negre\/#primaryimage"},"image":{"@id":"https:\/\/monlacata.cetrexmarketing.com\/ca\/producto\/vermouth-jarabe-de-palo-negre\/#primaryimage"},"thumbnailUrl":"https:\/\/monlacata.cetrexmarketing.com\/wp-content\/uploads\/2021\/01\/JARABE-DE-PALO-NEGRO-3.png","datePublished":"2021-01-28T10:02:18+00:00","dateModified":"2025-04-17T08:41:17+00:00","description":"Comprar online al millor preu el vermut Jarabe de Palo Negre. Web especialitzada en destil\u00b7lats, vins i alimentaci\u00f3 gourmet.","breadcrumb":{"@id":"https:\/\/monlacata.cetrexmarketing.com\/ca\/producto\/vermouth-jarabe-de-palo-negre\/#breadcrumb"},"inLanguage":"ca","potentialAction":[{"@type":"ReadAction","target":["https:\/\/monlacata.cetrexmarketing.com\/ca\/producto\/vermouth-jarabe-de-palo-negre\/"]}]},{"@type":"ImageObject","inLanguage":"ca","@id":"https:\/\/monlacata.cetrexmarketing.com\/ca\/producto\/vermouth-jarabe-de-palo-negre\/#primaryimage","url":"https:\/\/monlacata.cetrexmarketing.com\/wp-content\/uploads\/2021\/01\/JARABE-DE-PALO-NEGRO-3.png","contentUrl":"https:\/\/monlacata.cetrexmarketing.com\/wp-content\/uploads\/2021\/01\/JARABE-DE-PALO-NEGRO-3.png","width":765,"height":1024,"caption":"JARABE DE PALO NEGRO"},{"@type":"BreadcrumbList","@id":"https:\/\/monlacata.cetrexmarketing.com\/ca\/producto\/vermouth-jarabe-de-palo-negre\/#breadcrumb","itemListElement":[{"@type":"ListItem","position":1,"name":"Home","item":"https:\/\/monlacata.cetrexmarketing.com\/ca\/"},{"@type":"ListItem","position":2,"name":"Tienda","item":"https:\/\/monlacata.cetrexmarketing.com\/ca\/tienda-2\/"},{"@type":"ListItem","position":3,"name":"Tienda","item":"https:\/\/monlacata.cetrexmarketing.com\/categoria-producto\/inicio\/"},{"@type":"ListItem","position":4,"name":"Destilados","item":"https:\/\/monlacata.cetrexmarketing.com\/categoria-producto\/inicio\/destilados\/"},{"@type":"ListItem","position":5,"name":"Vermut","item":"https:\/\/monlacata.cetrexmarketing.com\/categoria-producto\/inicio\/destilados\/vermut\/"},{"@type":"ListItem","position":6,"name":"Vermut Rojo","item":"https:\/\/monlacata.cetrexmarketing.com\/categoria-producto\/inicio\/destilados\/vermut-rojo\/"},{"@type":"ListItem","position":7,"name":"Jarabe de Palo Negre"}]},{"@type":"WebSite","@id":"https:\/\/monlacata.cetrexmarketing.com\/#website","url":"https:\/\/monlacata.cetrexmarketing.com\/","name":"M\u00f3n La Cata","description":"Tienda de vinos, licores, cervezas y gourmet","publisher":{"@id":"https:\/\/monlacata.cetrexmarketing.com\/#organization"},"potentialAction":[{"@type":"SearchAction","target":{"@type":"EntryPoint","urlTemplate":"https:\/\/monlacata.cetrexmarketing.com\/?s={search_term_string}"},"query-input":{"@type":"PropertyValueSpecification","valueRequired":true,"valueName":"search_term_string"}}],"inLanguage":"ca"},{"@type":"Organization","@id":"https:\/\/monlacata.cetrexmarketing.com\/#organization","name":"M\u00f3n La Cata","url":"https:\/\/monlacata.cetrexmarketing.com\/","logo":{"@type":"ImageObject","inLanguage":"ca","@id":"https:\/\/monlacata.cetrexmarketing.com\/#\/schema\/logo\/image\/","url":"https:\/\/monlacata.cetrexmarketing.com\/wp-content\/uploads\/2024\/02\/monlacata-logo-blanc.png","contentUrl":"https:\/\/monlacata.cetrexmarketing.com\/wp-content\/uploads\/2024\/02\/monlacata-logo-blanc.png","width":454,"height":193,"caption":"M\u00f3n La Cata"},"image":{"@id":"https:\/\/monlacata.cetrexmarketing.com\/#\/schema\/logo\/image\/"}}]}},"brands":[],"tiered_pricing_type":"fixed","tiered_pricing_fixed_rules":[],"tiered_pricing_product_settings":{"layout":"default","base_unit_name":{"singular":null,"plural":null},"default_variation":null},"tiered_pricing_minimum_quantity":null,"tiered_pricing_roles_data":[],"tiered_pricing_percentage_rules":[],"tiered_pricing_maximum_quantity":null,"tiered_pricing_quantity_step":null,"_links":{"self":[{"href":"https:\/\/monlacata.cetrexmarketing.com\/ca\/wp-json\/wp\/v2\/product\/46001","targetHints":{"allow":["GET"]}}],"collection":[{"href":"https:\/\/monlacata.cetrexmarketing.com\/ca\/wp-json\/wp\/v2\/product"}],"about":[{"href":"https:\/\/monlacata.cetrexmarketing.com\/ca\/wp-json\/wp\/v2\/types\/product"}],"replies":[{"embeddable":true,"href":"https:\/\/monlacata.cetrexmarketing.com\/ca\/wp-json\/wp\/v2\/comments?post=46001"}],"wp:featuredmedia":[{"embeddable":true,"href":"https:\/\/monlacata.cetrexmarketing.com\/ca\/wp-json\/wp\/v2\/media\/68734"}],"wp:attachment":[{"href":"https:\/\/monlacata.cetrexmarketing.com\/ca\/wp-json\/wp\/v2\/media?parent=46001"}],"wp:term":[{"taxonomy":"pwb-brand","embeddable":true,"href":"https:\/\/monlacata.cetrexmarketing.com\/ca\/wp-json\/wp\/v2\/pwb-brand?post=46001"},{"taxonomy":"product_cat","embeddable":true,"href":"https:\/\/monlacata.cetrexmarketing.com\/ca\/wp-json\/wp\/v2\/product_cat?post=46001"},{"taxonomy":"product_tag","embeddable":true,"href":"https:\/\/monlacata.cetrexmarketing.com\/ca\/wp-json\/wp\/v2\/product_tag?post=46001"}],"curies":[{"name":"wp","href":"https:\/\/api.w.org\/{rel}","templated":true}]}}