{"id":46283,"date":"2021-03-05T16:24:50","date_gmt":"2021-03-05T16:24:50","guid":{"rendered":"https:\/\/monlacata.cetrexmarketing.com\/producto\/alta-alella-tallarol\/"},"modified":"2025-09-10T09:12:26","modified_gmt":"2025-09-10T09:12:26","slug":"alta-alella-tallarol","status":"publish","type":"product","link":"https:\/\/monlacata.cetrexmarketing.com\/ca\/producto\/alta-alella-tallarol\/","title":{"rendered":"Alta Alella Tallarol"},"content":{"rendered":"<p><strong>Alta Alella Tallarol<\/strong><\/p>\n<p data-start=\"1253\" data-end=\"1627\"><strong data-start=\"1253\" data-end=\"1265\">Tallarol<\/strong> \u00e9s un vi blanc ecol\u00f2gic de m\u00ednima intervenci\u00f3, elaborat \u00fanicament amb <strong data-start=\"1336\" data-end=\"1363\">Pansa Blanca (Xarel\u00b7lo)<\/strong> procedent de les millors vinyes d\u2019<strong data-start=\"1398\" data-end=\"1413\">Alta Alella<\/strong>. Veremat a m\u00e0 i fermentat de manera espont\u00e0nia en \u00e0mfores de <strong data-start=\"1475\" data-end=\"1484\">saul\u00f3<\/strong>, el s\u00f2l gran\u00edtic propi de la zona, realitza una crian\u00e7a de 3 mesos amb les seves lies, sense afegir sulfits ni cap altre producte enol\u00f2gic.<\/p>\n<p data-start=\"1629\" data-end=\"1961\">De color <strong data-start=\"1638\" data-end=\"1695\">groc palla amb reflexos daurats i subtils tons rosats<\/strong>, al nas ofereix aromes de <strong data-start=\"1722\" data-end=\"1786\">pera, poma blanca, ametlla verda, fonoll i pell de mandarina<\/strong>. En boca \u00e9s <strong data-start=\"1799\" data-end=\"1828\">volumin\u00f3s, untu\u00f3s i fresc<\/strong>, amb notes c\u00edtriques i salines, una acidesa marcada i un postgust llarg i lleugerament t\u00e0nnic que aporta equilibri i autenticitat.<\/p>\n<p data-start=\"1963\" data-end=\"2091\">Un vi natural pur, vibrant i fidel al seu origen, un impressindible<strong data-start=\"2016\" data-end=\"2088\">\u00a0per als amants del \u201cterroir\u201d i dels vins d\u2019elaboraci\u00f3 natural<\/strong>.<\/p>\n","protected":false},"excerpt":{"rendered":"<p>Alta Alella Tallarol Tallarol \u00e9s un vi blanc ecol\u00f2gic de m\u00ednima intervenci\u00f3, elaborat \u00fanicament amb Pansa Blanca (Xarel\u00b7lo) procedent de les millors vinyes d\u2019Alta Alella. Veremat a m\u00e0 i fermentat de manera espont\u00e0nia en \u00e0mfores de saul\u00f3, el s\u00f2l gran\u00edtic propi de la zona, realitza una crian\u00e7a de 3 mesos amb les seves lies, sense&hellip;<\/p>\n","protected":false},"featured_media":68414,"comment_status":"closed","ping_status":"closed","template":"","meta":{"_acf_changed":false},"pwb-brand":[32865,32868],"product_cat":[33020,33092],"product_tag":[14882,16800,50324,50331],"class_list":{"0":"post-46283","1":"product","2":"type-product","3":"status-publish","4":"has-post-thumbnail","6":"pwb-brand-alella-d-o","7":"pwb-brand-ca-altaalella-mirgin-ca","8":"product_cat-vi-ca","9":"product_cat-vino-blanco-ca","10":"product_tag-alta-alella-ca","11":"product_tag-tallarol-ca","12":"product_tag-vi-ca-2","13":"product_tag-vi-blanc-ca-2","14":"pa_anada-2022-ca","15":"pa_bodega-altaalella-ca","16":"pa_certificado-certificat-dagricultura-ecologica","17":"pa_do-alellado-ca","18":"pa_ecologico-vegano-natural-ecologic","19":"pa_ecologico-vegano-natural-natural-ca","20":"pa_envejecimiento-jove","21":"pa_formatoenl-075-ca","22":"pa_formatoenml-750-ca","23":"pa_fresco-blanc-fresc","24":"pa_graduacion-12_0-ca","25":"pa_maridaje-formatge-cremos","26":"pa_maridaje-formatge-curat","27":"pa_maridaje-marisc","28":"pa_maridaje-peix","29":"pa_maridaje-verdures","30":"pa_pais-espanya-ca","31":"pa_pesoengramos-1400-ca","32":"pa_pesoenkg-14-ca","33":"pa_pueblociudad-alellabarcelona-ca","34":"pa_region-cataluna-ca","35":"pa_tipodevino-vi-tranquil","36":"pa_variedad-principal-pansa-blanca-ca","37":"pa_variedades-pansablanca-ca","38":"entry","39":"has-media","41":"first","42":"outofstock","43":"taxable","44":"shipping-taxable","45":"purchasable","46":"product-type-simple"},"acf":[],"yoast_head":"<!-- This site is optimized with the Yoast SEO Premium plugin v23.1 (Yoast SEO v24.1) - https:\/\/yoast.com\/wordpress\/plugins\/seo\/ -->\n<title>Tallarol Alta Alella vi blanc<\/title>\n<meta name=\"description\" content=\"Comprar online al millor preu el vi blanc Tallarol d&#039;Alta Alella a la DO Alella. Viniteca. Destil\u00b7lats. Licoreria. Begudes. Productes Gourmet. Alimentaci\u00f3.\" \/>\n<meta name=\"robots\" content=\"noindex, follow, max-snippet:-1, max-image-preview:large, max-video-preview:-1\" \/>\n<meta property=\"og:locale\" content=\"ca_ES\" \/>\n<meta property=\"og:type\" content=\"article\" \/>\n<meta property=\"og:title\" content=\"Alta Alella Tallarol\" \/>\n<meta property=\"og:description\" content=\"Comprar online al millor preu el vi blanc Tallarol d&#039;Alta Alella a la DO Alella. Viniteca. Destil\u00b7lats. Licoreria. Begudes. Productes Gourmet. Alimentaci\u00f3.\" \/>\n<meta property=\"og:url\" content=\"https:\/\/monlacata.cetrexmarketing.com\/ca\/producto\/alta-alella-tallarol\/\" \/>\n<meta property=\"og:site_name\" content=\"M\u00f3n La Cata\" \/>\n<meta property=\"article:modified_time\" content=\"2025-09-10T09:12:26+00:00\" \/>\n<meta property=\"og:image\" content=\"https:\/\/monlacata.cetrexmarketing.com\/wp-content\/uploads\/2021\/03\/ALTA-ALELLA-TALLAROL.jpg.png\" \/>\n\t<meta property=\"og:image:width\" content=\"765\" \/>\n\t<meta property=\"og:image:height\" content=\"1024\" \/>\n\t<meta property=\"og:image:type\" content=\"image\/png\" \/>\n<meta name=\"twitter:card\" content=\"summary_large_image\" \/>\n<meta name=\"twitter:label1\" content=\"Temps estimat de lectura\" \/>\n\t<meta name=\"twitter:data1\" content=\"1 minut\" \/>\n<script type=\"application\/ld+json\" class=\"yoast-schema-graph\">{\"@context\":\"https:\/\/schema.org\",\"@graph\":[{\"@type\":\"WebPage\",\"@id\":\"https:\/\/monlacata.cetrexmarketing.com\/ca\/producto\/alta-alella-tallarol\/\",\"url\":\"https:\/\/monlacata.cetrexmarketing.com\/ca\/producto\/alta-alella-tallarol\/\",\"name\":\"Tallarol Alta Alella vi blanc\",\"isPartOf\":{\"@id\":\"https:\/\/monlacata.cetrexmarketing.com\/#website\"},\"primaryImageOfPage\":{\"@id\":\"https:\/\/monlacata.cetrexmarketing.com\/ca\/producto\/alta-alella-tallarol\/#primaryimage\"},\"image\":{\"@id\":\"https:\/\/monlacata.cetrexmarketing.com\/ca\/producto\/alta-alella-tallarol\/#primaryimage\"},\"thumbnailUrl\":\"https:\/\/monlacata.cetrexmarketing.com\/wp-content\/uploads\/2021\/03\/ALTA-ALELLA-TALLAROL.jpg.png\",\"datePublished\":\"2021-03-05T16:24:50+00:00\",\"dateModified\":\"2025-09-10T09:12:26+00:00\",\"description\":\"Comprar online al millor preu el vi blanc Tallarol d'Alta Alella a la DO Alella. Viniteca. Destil\u00b7lats. Licoreria. Begudes. Productes Gourmet. Alimentaci\u00f3.\",\"breadcrumb\":{\"@id\":\"https:\/\/monlacata.cetrexmarketing.com\/ca\/producto\/alta-alella-tallarol\/#breadcrumb\"},\"inLanguage\":\"ca\",\"potentialAction\":[{\"@type\":\"ReadAction\",\"target\":[\"https:\/\/monlacata.cetrexmarketing.com\/ca\/producto\/alta-alella-tallarol\/\"]}]},{\"@type\":\"ImageObject\",\"inLanguage\":\"ca\",\"@id\":\"https:\/\/monlacata.cetrexmarketing.com\/ca\/producto\/alta-alella-tallarol\/#primaryimage\",\"url\":\"https:\/\/monlacata.cetrexmarketing.com\/wp-content\/uploads\/2021\/03\/ALTA-ALELLA-TALLAROL.jpg.png\",\"contentUrl\":\"https:\/\/monlacata.cetrexmarketing.com\/wp-content\/uploads\/2021\/03\/ALTA-ALELLA-TALLAROL.jpg.png\",\"width\":765,\"height\":1024,\"caption\":\"ALTA ALELLA TALLAROL.jpg\"},{\"@type\":\"BreadcrumbList\",\"@id\":\"https:\/\/monlacata.cetrexmarketing.com\/ca\/producto\/alta-alella-tallarol\/#breadcrumb\",\"itemListElement\":[{\"@type\":\"ListItem\",\"position\":1,\"name\":\"Home\",\"item\":\"https:\/\/monlacata.cetrexmarketing.com\/ca\/\"},{\"@type\":\"ListItem\",\"position\":2,\"name\":\"Tienda\",\"item\":\"https:\/\/monlacata.cetrexmarketing.com\/ca\/tienda-2\/\"},{\"@type\":\"ListItem\",\"position\":3,\"name\":\"Vi\",\"item\":\"https:\/\/monlacata.cetrexmarketing.com\/categoria-producto\/home-ca\/vi-ca\/\"},{\"@type\":\"ListItem\",\"position\":4,\"name\":\"Vi Blanc\",\"item\":\"https:\/\/monlacata.cetrexmarketing.com\/ca\/categoria-producto\/home-ca\/vi-ca\/vino-blanco-ca\/\"},{\"@type\":\"ListItem\",\"position\":5,\"name\":\"Alta Alella Tallarol\"}]},{\"@type\":\"WebSite\",\"@id\":\"https:\/\/monlacata.cetrexmarketing.com\/#website\",\"url\":\"https:\/\/monlacata.cetrexmarketing.com\/\",\"name\":\"M\u00f3n La Cata\",\"description\":\"Tienda de vinos, licores, cervezas y gourmet\",\"publisher\":{\"@id\":\"https:\/\/monlacata.cetrexmarketing.com\/#organization\"},\"potentialAction\":[{\"@type\":\"SearchAction\",\"target\":{\"@type\":\"EntryPoint\",\"urlTemplate\":\"https:\/\/monlacata.cetrexmarketing.com\/?s={search_term_string}\"},\"query-input\":{\"@type\":\"PropertyValueSpecification\",\"valueRequired\":true,\"valueName\":\"search_term_string\"}}],\"inLanguage\":\"ca\"},{\"@type\":\"Organization\",\"@id\":\"https:\/\/monlacata.cetrexmarketing.com\/#organization\",\"name\":\"M\u00f3n La Cata\",\"url\":\"https:\/\/monlacata.cetrexmarketing.com\/\",\"logo\":{\"@type\":\"ImageObject\",\"inLanguage\":\"ca\",\"@id\":\"https:\/\/monlacata.cetrexmarketing.com\/#\/schema\/logo\/image\/\",\"url\":\"https:\/\/monlacata.cetrexmarketing.com\/wp-content\/uploads\/2024\/02\/monlacata-logo-blanc.png\",\"contentUrl\":\"https:\/\/monlacata.cetrexmarketing.com\/wp-content\/uploads\/2024\/02\/monlacata-logo-blanc.png\",\"width\":454,\"height\":193,\"caption\":\"M\u00f3n La Cata\"},\"image\":{\"@id\":\"https:\/\/monlacata.cetrexmarketing.com\/#\/schema\/logo\/image\/\"}}]}<\/script>\n<!-- \/ Yoast SEO Premium plugin. -->","yoast_head_json":{"title":"Tallarol Alta Alella vi blanc","description":"Comprar online al millor preu el vi blanc Tallarol d'Alta Alella a la DO Alella. Viniteca. Destil\u00b7lats. Licoreria. Begudes. Productes Gourmet. Alimentaci\u00f3.","robots":{"index":"noindex","follow":"follow","max-snippet":"max-snippet:-1","max-image-preview":"max-image-preview:large","max-video-preview":"max-video-preview:-1"},"og_locale":"ca_ES","og_type":"article","og_title":"Alta Alella Tallarol","og_description":"Comprar online al millor preu el vi blanc Tallarol d'Alta Alella a la DO Alella. Viniteca. Destil\u00b7lats. Licoreria. Begudes. Productes Gourmet. Alimentaci\u00f3.","og_url":"https:\/\/monlacata.cetrexmarketing.com\/ca\/producto\/alta-alella-tallarol\/","og_site_name":"M\u00f3n La Cata","article_modified_time":"2025-09-10T09:12:26+00:00","og_image":[{"width":765,"height":1024,"url":"https:\/\/monlacata.cetrexmarketing.com\/wp-content\/uploads\/2021\/03\/ALTA-ALELLA-TALLAROL.jpg.png","type":"image\/png"}],"twitter_card":"summary_large_image","twitter_misc":{"Temps estimat de lectura":"1 minut"},"schema":{"@context":"https:\/\/schema.org","@graph":[{"@type":"WebPage","@id":"https:\/\/monlacata.cetrexmarketing.com\/ca\/producto\/alta-alella-tallarol\/","url":"https:\/\/monlacata.cetrexmarketing.com\/ca\/producto\/alta-alella-tallarol\/","name":"Tallarol Alta Alella vi blanc","isPartOf":{"@id":"https:\/\/monlacata.cetrexmarketing.com\/#website"},"primaryImageOfPage":{"@id":"https:\/\/monlacata.cetrexmarketing.com\/ca\/producto\/alta-alella-tallarol\/#primaryimage"},"image":{"@id":"https:\/\/monlacata.cetrexmarketing.com\/ca\/producto\/alta-alella-tallarol\/#primaryimage"},"thumbnailUrl":"https:\/\/monlacata.cetrexmarketing.com\/wp-content\/uploads\/2021\/03\/ALTA-ALELLA-TALLAROL.jpg.png","datePublished":"2021-03-05T16:24:50+00:00","dateModified":"2025-09-10T09:12:26+00:00","description":"Comprar online al millor preu el vi blanc Tallarol d'Alta Alella a la DO Alella. Viniteca. Destil\u00b7lats. Licoreria. Begudes. Productes Gourmet. Alimentaci\u00f3.","breadcrumb":{"@id":"https:\/\/monlacata.cetrexmarketing.com\/ca\/producto\/alta-alella-tallarol\/#breadcrumb"},"inLanguage":"ca","potentialAction":[{"@type":"ReadAction","target":["https:\/\/monlacata.cetrexmarketing.com\/ca\/producto\/alta-alella-tallarol\/"]}]},{"@type":"ImageObject","inLanguage":"ca","@id":"https:\/\/monlacata.cetrexmarketing.com\/ca\/producto\/alta-alella-tallarol\/#primaryimage","url":"https:\/\/monlacata.cetrexmarketing.com\/wp-content\/uploads\/2021\/03\/ALTA-ALELLA-TALLAROL.jpg.png","contentUrl":"https:\/\/monlacata.cetrexmarketing.com\/wp-content\/uploads\/2021\/03\/ALTA-ALELLA-TALLAROL.jpg.png","width":765,"height":1024,"caption":"ALTA ALELLA TALLAROL.jpg"},{"@type":"BreadcrumbList","@id":"https:\/\/monlacata.cetrexmarketing.com\/ca\/producto\/alta-alella-tallarol\/#breadcrumb","itemListElement":[{"@type":"ListItem","position":1,"name":"Home","item":"https:\/\/monlacata.cetrexmarketing.com\/ca\/"},{"@type":"ListItem","position":2,"name":"Tienda","item":"https:\/\/monlacata.cetrexmarketing.com\/ca\/tienda-2\/"},{"@type":"ListItem","position":3,"name":"Vi","item":"https:\/\/monlacata.cetrexmarketing.com\/categoria-producto\/home-ca\/vi-ca\/"},{"@type":"ListItem","position":4,"name":"Vi Blanc","item":"https:\/\/monlacata.cetrexmarketing.com\/ca\/categoria-producto\/home-ca\/vi-ca\/vino-blanco-ca\/"},{"@type":"ListItem","position":5,"name":"Alta Alella Tallarol"}]},{"@type":"WebSite","@id":"https:\/\/monlacata.cetrexmarketing.com\/#website","url":"https:\/\/monlacata.cetrexmarketing.com\/","name":"M\u00f3n La Cata","description":"Tienda de vinos, licores, cervezas y gourmet","publisher":{"@id":"https:\/\/monlacata.cetrexmarketing.com\/#organization"},"potentialAction":[{"@type":"SearchAction","target":{"@type":"EntryPoint","urlTemplate":"https:\/\/monlacata.cetrexmarketing.com\/?s={search_term_string}"},"query-input":{"@type":"PropertyValueSpecification","valueRequired":true,"valueName":"search_term_string"}}],"inLanguage":"ca"},{"@type":"Organization","@id":"https:\/\/monlacata.cetrexmarketing.com\/#organization","name":"M\u00f3n La Cata","url":"https:\/\/monlacata.cetrexmarketing.com\/","logo":{"@type":"ImageObject","inLanguage":"ca","@id":"https:\/\/monlacata.cetrexmarketing.com\/#\/schema\/logo\/image\/","url":"https:\/\/monlacata.cetrexmarketing.com\/wp-content\/uploads\/2024\/02\/monlacata-logo-blanc.png","contentUrl":"https:\/\/monlacata.cetrexmarketing.com\/wp-content\/uploads\/2024\/02\/monlacata-logo-blanc.png","width":454,"height":193,"caption":"M\u00f3n La Cata"},"image":{"@id":"https:\/\/monlacata.cetrexmarketing.com\/#\/schema\/logo\/image\/"}}]}},"brands":[{"id":32865,"name":"Alella D.O.","slug":"alella-d-o"},{"id":32868,"name":"Alta Alella - Mirgin","slug":"ca-altaalella-mirgin-ca"}],"tiered_pricing_type":"fixed","tiered_pricing_fixed_rules":[],"tiered_pricing_product_settings":{"layout":"default","base_unit_name":{"singular":null,"plural":null},"default_variation":null},"tiered_pricing_minimum_quantity":null,"tiered_pricing_roles_data":[],"tiered_pricing_percentage_rules":[],"tiered_pricing_maximum_quantity":null,"tiered_pricing_quantity_step":null,"_links":{"self":[{"href":"https:\/\/monlacata.cetrexmarketing.com\/ca\/wp-json\/wp\/v2\/product\/46283","targetHints":{"allow":["GET"]}}],"collection":[{"href":"https:\/\/monlacata.cetrexmarketing.com\/ca\/wp-json\/wp\/v2\/product"}],"about":[{"href":"https:\/\/monlacata.cetrexmarketing.com\/ca\/wp-json\/wp\/v2\/types\/product"}],"replies":[{"embeddable":true,"href":"https:\/\/monlacata.cetrexmarketing.com\/ca\/wp-json\/wp\/v2\/comments?post=46283"}],"wp:featuredmedia":[{"embeddable":true,"href":"https:\/\/monlacata.cetrexmarketing.com\/ca\/wp-json\/wp\/v2\/media\/68414"}],"wp:attachment":[{"href":"https:\/\/monlacata.cetrexmarketing.com\/ca\/wp-json\/wp\/v2\/media?parent=46283"}],"wp:term":[{"taxonomy":"pwb-brand","embeddable":true,"href":"https:\/\/monlacata.cetrexmarketing.com\/ca\/wp-json\/wp\/v2\/pwb-brand?post=46283"},{"taxonomy":"product_cat","embeddable":true,"href":"https:\/\/monlacata.cetrexmarketing.com\/ca\/wp-json\/wp\/v2\/product_cat?post=46283"},{"taxonomy":"product_tag","embeddable":true,"href":"https:\/\/monlacata.cetrexmarketing.com\/ca\/wp-json\/wp\/v2\/product_tag?post=46283"}],"curies":[{"name":"wp","href":"https:\/\/api.w.org\/{rel}","templated":true}]}}