{"id":46307,"date":"2021-03-05T17:57:53","date_gmt":"2021-03-05T17:57:53","guid":{"rendered":"https:\/\/monlacata.cetrexmarketing.com\/producto\/gramona-vi-de-glass-xarello\/"},"modified":"2025-09-05T09:55:58","modified_gmt":"2025-09-05T09:55:58","slug":"gramona-vi-de-glass-xarello","status":"publish","type":"product","link":"https:\/\/monlacata.cetrexmarketing.com\/ca\/producto\/gramona-vi-de-glass-xarello\/","title":{"rendered":"Gramona Vi de Glass Xarel.lo"},"content":{"rendered":"<p><span style=\"font-weight: 400;\">Submergeix-te en la singularitat del <strong>Gramona Vi de Glass Xarel\u00b7lo 2023<\/strong>, el pioner dels vins de gel a Espanya, elaborat pel prestigi\u00f3s celler Gramona al <strong>Pened\u00e8s<\/strong>. Aquest vi dol\u00e7 de concentraci\u00f3 natural, presentat en una elegant ampolla de 0,37 L, \u00e9s un tribut a l\u2019excel\u00b7l\u00e8ncia i a la tradici\u00f3 dels famosos <\/span><i><span style=\"font-weight: 400;\">Eisweine<\/span><\/i><span style=\"font-weight: 400;\"> alemanys, adaptant la varietat aut\u00f2tctona del Pened\u00e8s amb la innovaci\u00f3 i mestratge\u00a0 que caracteritzen a Gramona.<\/span><\/p>\n<p><span style=\"font-weight: 400;\">Des de 1997, <strong>Gramona<\/strong> ha investigat i perfeccionat el seu propi sistema per crear aquests \u201cvins de cristall\u201d. A difer\u00e8ncia dels Eisweine tradicionals, on la congelaci\u00f3 ocorre a la vinya, Gramona aconsegueix la concentraci\u00f3 dels seus ra\u00efms 100% <strong>Xarel\u00b7lo<\/strong> en cambres especials a -15\u00baC amb ajuda de nitrogen l\u00edquid. Aquest m\u00e8tode d\u2019avantguarda garanteix una congelaci\u00f3 r\u00e0pida i homog\u00e8nia dels ra\u00efms recollits tardanament, extraient aix\u00ed un most d\u2019excepcional puresa i concentraci\u00f3.<\/span><\/p>\n<p><span style=\"font-weight: 400;\">El most resultant, d\u2019una dol\u00e7or intensificada, fermenta lentament durant aproximadament<strong> dos mesos i mig<\/strong> en dip\u00f2sits d\u2019acer inoxidable. Aquest proc\u00e9s prolongat, a causa de la seva elevada concentraci\u00f3 de sucre, d\u00f3na lloc a un vi afruitat i extraordin\u00e0riament concentrat, amb una graduaci\u00f3 alcoh\u00f2lica del <strong>9,5%.<\/strong> El seu disseny en una ampolla de cristall gruixut i fosc no nom\u00e9s \u00e9s est\u00e8tic, sin\u00f3 que est\u00e0 especialment concebut per protegir la seva crian\u00e7a i permetre-li envellir sense l\u00edmit, desenvolupant una complexitat encara major amb el temps.<\/span><\/p>\n","protected":false},"excerpt":{"rendered":"<p>Submergeix-te en la singularitat del Gramona Vi de Glass Xarel\u00b7lo 2023, el pioner dels vins de gel a Espanya, elaborat pel prestigi\u00f3s celler Gramona al Pened\u00e8s. Aquest vi dol\u00e7 de concentraci\u00f3 natural, presentat en una elegant ampolla de 0,37 L, \u00e9s un tribut a l\u2019excel\u00b7l\u00e8ncia i a la tradici\u00f3 dels famosos Eisweine alemanys, adaptant la&hellip;<\/p>\n","protected":false},"featured_media":71934,"comment_status":"closed","ping_status":"closed","template":"","meta":{"_acf_changed":false},"pwb-brand":[32866],"product_cat":[33020,33092,33106],"product_tag":[50610,52174,15087,51560],"class_list":{"0":"post-46307","1":"product","2":"type-product","3":"status-publish","4":"has-post-thumbnail","6":"pwb-brand-ca-gramona-ca","7":"product_cat-vi-ca","8":"product_cat-vino-blanco-ca","9":"product_cat-vi-generos","10":"product_tag-gramona-ca-2","11":"product_tag-penedes-ca-2","12":"product_tag-vi-de-glass-ca","13":"product_tag-xarel-lo-ca-2","14":"pa_anada-2018-ca","15":"pa_bodega-gramona-ca","16":"pa_do-penedes-d-o-ca","17":"pa_formatoenl-36168","18":"pa_formatoenml-375-ca","19":"pa_graduacion-9_5-ca","20":"pa_pais-espanya-ca","21":"pa_pesoengramos-500-ca","22":"pa_pesoenkg-05-ca-2","23":"pa_pueblociudad-santsadurnidanoiabarcelona-ca","24":"pa_region-cataluna-ca","25":"pa_variedades-xarello","26":"entry","27":"has-media","29":"first","30":"instock","31":"taxable","32":"shipping-taxable","33":"purchasable","34":"product-type-simple"},"acf":[],"yoast_head":"<!-- This site is optimized with the Yoast SEO Premium plugin v23.1 (Yoast SEO v24.1) - https:\/\/yoast.com\/wordpress\/plugins\/seo\/ -->\n<title>Gramona de glass Xarel.lo vi dol\u00e7<\/title>\n<meta name=\"description\" content=\"Comprar online al millor preu Gramona Vi de gla\u00e7 Xarel.lo\" \/>\n<meta name=\"robots\" content=\"noindex, follow, max-snippet:-1, max-image-preview:large, max-video-preview:-1\" \/>\n<meta property=\"og:locale\" content=\"ca_ES\" \/>\n<meta property=\"og:type\" content=\"article\" \/>\n<meta property=\"og:title\" content=\"Gramona Vi de Glass Xarel.lo\" \/>\n<meta property=\"og:description\" content=\"Comprar online al millor preu Gramona Vi de gla\u00e7 Xarel.lo\" \/>\n<meta property=\"og:url\" content=\"https:\/\/monlacata.cetrexmarketing.com\/ca\/producto\/gramona-vi-de-glass-xarello\/\" \/>\n<meta property=\"og:site_name\" content=\"M\u00f3n La Cata\" \/>\n<meta property=\"article:modified_time\" content=\"2025-09-05T09:55:58+00:00\" \/>\n<meta property=\"og:image\" content=\"https:\/\/monlacata.cetrexmarketing.com\/wp-content\/uploads\/2021\/03\/GRAMONA-VI-DE-GLASS-XAREL.LO_.jpeg.png\" \/>\n\t<meta property=\"og:image:width\" content=\"765\" \/>\n\t<meta property=\"og:image:height\" content=\"1024\" \/>\n\t<meta property=\"og:image:type\" content=\"image\/png\" \/>\n<meta name=\"twitter:card\" content=\"summary_large_image\" \/>\n<meta name=\"twitter:label1\" content=\"Temps estimat de lectura\" \/>\n\t<meta name=\"twitter:data1\" content=\"2 minuts\" \/>\n<script type=\"application\/ld+json\" class=\"yoast-schema-graph\">{\"@context\":\"https:\/\/schema.org\",\"@graph\":[{\"@type\":\"WebPage\",\"@id\":\"https:\/\/monlacata.cetrexmarketing.com\/ca\/producto\/gramona-vi-de-glass-xarello\/\",\"url\":\"https:\/\/monlacata.cetrexmarketing.com\/ca\/producto\/gramona-vi-de-glass-xarello\/\",\"name\":\"Gramona de glass Xarel.lo vi dol\u00e7\",\"isPartOf\":{\"@id\":\"https:\/\/monlacata.cetrexmarketing.com\/#website\"},\"primaryImageOfPage\":{\"@id\":\"https:\/\/monlacata.cetrexmarketing.com\/ca\/producto\/gramona-vi-de-glass-xarello\/#primaryimage\"},\"image\":{\"@id\":\"https:\/\/monlacata.cetrexmarketing.com\/ca\/producto\/gramona-vi-de-glass-xarello\/#primaryimage\"},\"thumbnailUrl\":\"https:\/\/monlacata.cetrexmarketing.com\/wp-content\/uploads\/2021\/03\/GRAMONA-VI-DE-GLASS-XAREL.LO_.jpeg.png\",\"datePublished\":\"2021-03-05T17:57:53+00:00\",\"dateModified\":\"2025-09-05T09:55:58+00:00\",\"description\":\"Comprar online al millor preu Gramona Vi de gla\u00e7 Xarel.lo\",\"breadcrumb\":{\"@id\":\"https:\/\/monlacata.cetrexmarketing.com\/ca\/producto\/gramona-vi-de-glass-xarello\/#breadcrumb\"},\"inLanguage\":\"ca\",\"potentialAction\":[{\"@type\":\"ReadAction\",\"target\":[\"https:\/\/monlacata.cetrexmarketing.com\/ca\/producto\/gramona-vi-de-glass-xarello\/\"]}]},{\"@type\":\"ImageObject\",\"inLanguage\":\"ca\",\"@id\":\"https:\/\/monlacata.cetrexmarketing.com\/ca\/producto\/gramona-vi-de-glass-xarello\/#primaryimage\",\"url\":\"https:\/\/monlacata.cetrexmarketing.com\/wp-content\/uploads\/2021\/03\/GRAMONA-VI-DE-GLASS-XAREL.LO_.jpeg.png\",\"contentUrl\":\"https:\/\/monlacata.cetrexmarketing.com\/wp-content\/uploads\/2021\/03\/GRAMONA-VI-DE-GLASS-XAREL.LO_.jpeg.png\",\"width\":765,\"height\":1024,\"caption\":\"GRAMONA VI DE GLASS XAREL.LO.jpeg\"},{\"@type\":\"BreadcrumbList\",\"@id\":\"https:\/\/monlacata.cetrexmarketing.com\/ca\/producto\/gramona-vi-de-glass-xarello\/#breadcrumb\",\"itemListElement\":[{\"@type\":\"ListItem\",\"position\":1,\"name\":\"Home\",\"item\":\"https:\/\/monlacata.cetrexmarketing.com\/ca\/\"},{\"@type\":\"ListItem\",\"position\":2,\"name\":\"Tienda\",\"item\":\"https:\/\/monlacata.cetrexmarketing.com\/ca\/tienda-2\/\"},{\"@type\":\"ListItem\",\"position\":3,\"name\":\"Tienda\",\"item\":\"https:\/\/monlacata.cetrexmarketing.com\/categoria-producto\/inicio\/\"},{\"@type\":\"ListItem\",\"position\":4,\"name\":\"Vino\",\"item\":\"https:\/\/monlacata.cetrexmarketing.com\/categoria-producto\/inicio\/vino\/\"},{\"@type\":\"ListItem\",\"position\":5,\"name\":\"Vinos generosos\",\"item\":\"https:\/\/monlacata.cetrexmarketing.com\/categoria-producto\/inicio\/vino\/vino-generoso\/\"},{\"@type\":\"ListItem\",\"position\":6,\"name\":\"Gramona Vi de Glass Xarel.lo\"}]},{\"@type\":\"WebSite\",\"@id\":\"https:\/\/monlacata.cetrexmarketing.com\/#website\",\"url\":\"https:\/\/monlacata.cetrexmarketing.com\/\",\"name\":\"M\u00f3n La Cata\",\"description\":\"Tienda de vinos, licores, cervezas y gourmet\",\"publisher\":{\"@id\":\"https:\/\/monlacata.cetrexmarketing.com\/#organization\"},\"potentialAction\":[{\"@type\":\"SearchAction\",\"target\":{\"@type\":\"EntryPoint\",\"urlTemplate\":\"https:\/\/monlacata.cetrexmarketing.com\/?s={search_term_string}\"},\"query-input\":{\"@type\":\"PropertyValueSpecification\",\"valueRequired\":true,\"valueName\":\"search_term_string\"}}],\"inLanguage\":\"ca\"},{\"@type\":\"Organization\",\"@id\":\"https:\/\/monlacata.cetrexmarketing.com\/#organization\",\"name\":\"M\u00f3n La Cata\",\"url\":\"https:\/\/monlacata.cetrexmarketing.com\/\",\"logo\":{\"@type\":\"ImageObject\",\"inLanguage\":\"ca\",\"@id\":\"https:\/\/monlacata.cetrexmarketing.com\/#\/schema\/logo\/image\/\",\"url\":\"https:\/\/monlacata.cetrexmarketing.com\/wp-content\/uploads\/2024\/02\/monlacata-logo-blanc.png\",\"contentUrl\":\"https:\/\/monlacata.cetrexmarketing.com\/wp-content\/uploads\/2024\/02\/monlacata-logo-blanc.png\",\"width\":454,\"height\":193,\"caption\":\"M\u00f3n La Cata\"},\"image\":{\"@id\":\"https:\/\/monlacata.cetrexmarketing.com\/#\/schema\/logo\/image\/\"}}]}<\/script>\n<!-- \/ Yoast SEO Premium plugin. -->","yoast_head_json":{"title":"Gramona de glass Xarel.lo vi dol\u00e7","description":"Comprar online al millor preu Gramona Vi de gla\u00e7 Xarel.lo","robots":{"index":"noindex","follow":"follow","max-snippet":"max-snippet:-1","max-image-preview":"max-image-preview:large","max-video-preview":"max-video-preview:-1"},"og_locale":"ca_ES","og_type":"article","og_title":"Gramona Vi de Glass Xarel.lo","og_description":"Comprar online al millor preu Gramona Vi de gla\u00e7 Xarel.lo","og_url":"https:\/\/monlacata.cetrexmarketing.com\/ca\/producto\/gramona-vi-de-glass-xarello\/","og_site_name":"M\u00f3n La Cata","article_modified_time":"2025-09-05T09:55:58+00:00","og_image":[{"width":765,"height":1024,"url":"https:\/\/monlacata.cetrexmarketing.com\/wp-content\/uploads\/2021\/03\/GRAMONA-VI-DE-GLASS-XAREL.LO_.jpeg.png","type":"image\/png"}],"twitter_card":"summary_large_image","twitter_misc":{"Temps estimat de lectura":"2 minuts"},"schema":{"@context":"https:\/\/schema.org","@graph":[{"@type":"WebPage","@id":"https:\/\/monlacata.cetrexmarketing.com\/ca\/producto\/gramona-vi-de-glass-xarello\/","url":"https:\/\/monlacata.cetrexmarketing.com\/ca\/producto\/gramona-vi-de-glass-xarello\/","name":"Gramona de glass Xarel.lo vi dol\u00e7","isPartOf":{"@id":"https:\/\/monlacata.cetrexmarketing.com\/#website"},"primaryImageOfPage":{"@id":"https:\/\/monlacata.cetrexmarketing.com\/ca\/producto\/gramona-vi-de-glass-xarello\/#primaryimage"},"image":{"@id":"https:\/\/monlacata.cetrexmarketing.com\/ca\/producto\/gramona-vi-de-glass-xarello\/#primaryimage"},"thumbnailUrl":"https:\/\/monlacata.cetrexmarketing.com\/wp-content\/uploads\/2021\/03\/GRAMONA-VI-DE-GLASS-XAREL.LO_.jpeg.png","datePublished":"2021-03-05T17:57:53+00:00","dateModified":"2025-09-05T09:55:58+00:00","description":"Comprar online al millor preu Gramona Vi de gla\u00e7 Xarel.lo","breadcrumb":{"@id":"https:\/\/monlacata.cetrexmarketing.com\/ca\/producto\/gramona-vi-de-glass-xarello\/#breadcrumb"},"inLanguage":"ca","potentialAction":[{"@type":"ReadAction","target":["https:\/\/monlacata.cetrexmarketing.com\/ca\/producto\/gramona-vi-de-glass-xarello\/"]}]},{"@type":"ImageObject","inLanguage":"ca","@id":"https:\/\/monlacata.cetrexmarketing.com\/ca\/producto\/gramona-vi-de-glass-xarello\/#primaryimage","url":"https:\/\/monlacata.cetrexmarketing.com\/wp-content\/uploads\/2021\/03\/GRAMONA-VI-DE-GLASS-XAREL.LO_.jpeg.png","contentUrl":"https:\/\/monlacata.cetrexmarketing.com\/wp-content\/uploads\/2021\/03\/GRAMONA-VI-DE-GLASS-XAREL.LO_.jpeg.png","width":765,"height":1024,"caption":"GRAMONA VI DE GLASS XAREL.LO.jpeg"},{"@type":"BreadcrumbList","@id":"https:\/\/monlacata.cetrexmarketing.com\/ca\/producto\/gramona-vi-de-glass-xarello\/#breadcrumb","itemListElement":[{"@type":"ListItem","position":1,"name":"Home","item":"https:\/\/monlacata.cetrexmarketing.com\/ca\/"},{"@type":"ListItem","position":2,"name":"Tienda","item":"https:\/\/monlacata.cetrexmarketing.com\/ca\/tienda-2\/"},{"@type":"ListItem","position":3,"name":"Tienda","item":"https:\/\/monlacata.cetrexmarketing.com\/categoria-producto\/inicio\/"},{"@type":"ListItem","position":4,"name":"Vino","item":"https:\/\/monlacata.cetrexmarketing.com\/categoria-producto\/inicio\/vino\/"},{"@type":"ListItem","position":5,"name":"Vinos generosos","item":"https:\/\/monlacata.cetrexmarketing.com\/categoria-producto\/inicio\/vino\/vino-generoso\/"},{"@type":"ListItem","position":6,"name":"Gramona Vi de Glass Xarel.lo"}]},{"@type":"WebSite","@id":"https:\/\/monlacata.cetrexmarketing.com\/#website","url":"https:\/\/monlacata.cetrexmarketing.com\/","name":"M\u00f3n La Cata","description":"Tienda de vinos, licores, cervezas y gourmet","publisher":{"@id":"https:\/\/monlacata.cetrexmarketing.com\/#organization"},"potentialAction":[{"@type":"SearchAction","target":{"@type":"EntryPoint","urlTemplate":"https:\/\/monlacata.cetrexmarketing.com\/?s={search_term_string}"},"query-input":{"@type":"PropertyValueSpecification","valueRequired":true,"valueName":"search_term_string"}}],"inLanguage":"ca"},{"@type":"Organization","@id":"https:\/\/monlacata.cetrexmarketing.com\/#organization","name":"M\u00f3n La Cata","url":"https:\/\/monlacata.cetrexmarketing.com\/","logo":{"@type":"ImageObject","inLanguage":"ca","@id":"https:\/\/monlacata.cetrexmarketing.com\/#\/schema\/logo\/image\/","url":"https:\/\/monlacata.cetrexmarketing.com\/wp-content\/uploads\/2024\/02\/monlacata-logo-blanc.png","contentUrl":"https:\/\/monlacata.cetrexmarketing.com\/wp-content\/uploads\/2024\/02\/monlacata-logo-blanc.png","width":454,"height":193,"caption":"M\u00f3n La Cata"},"image":{"@id":"https:\/\/monlacata.cetrexmarketing.com\/#\/schema\/logo\/image\/"}}]}},"brands":[{"id":32866,"name":"Gramona","slug":"ca-gramona-ca"}],"tiered_pricing_type":"fixed","tiered_pricing_fixed_rules":[],"tiered_pricing_product_settings":{"layout":"default","base_unit_name":{"singular":null,"plural":null},"default_variation":null},"tiered_pricing_minimum_quantity":null,"tiered_pricing_roles_data":[],"tiered_pricing_percentage_rules":[],"tiered_pricing_maximum_quantity":null,"tiered_pricing_quantity_step":null,"_links":{"self":[{"href":"https:\/\/monlacata.cetrexmarketing.com\/ca\/wp-json\/wp\/v2\/product\/46307","targetHints":{"allow":["GET"]}}],"collection":[{"href":"https:\/\/monlacata.cetrexmarketing.com\/ca\/wp-json\/wp\/v2\/product"}],"about":[{"href":"https:\/\/monlacata.cetrexmarketing.com\/ca\/wp-json\/wp\/v2\/types\/product"}],"replies":[{"embeddable":true,"href":"https:\/\/monlacata.cetrexmarketing.com\/ca\/wp-json\/wp\/v2\/comments?post=46307"}],"wp:featuredmedia":[{"embeddable":true,"href":"https:\/\/monlacata.cetrexmarketing.com\/ca\/wp-json\/wp\/v2\/media\/71934"}],"wp:attachment":[{"href":"https:\/\/monlacata.cetrexmarketing.com\/ca\/wp-json\/wp\/v2\/media?parent=46307"}],"wp:term":[{"taxonomy":"pwb-brand","embeddable":true,"href":"https:\/\/monlacata.cetrexmarketing.com\/ca\/wp-json\/wp\/v2\/pwb-brand?post=46307"},{"taxonomy":"product_cat","embeddable":true,"href":"https:\/\/monlacata.cetrexmarketing.com\/ca\/wp-json\/wp\/v2\/product_cat?post=46307"},{"taxonomy":"product_tag","embeddable":true,"href":"https:\/\/monlacata.cetrexmarketing.com\/ca\/wp-json\/wp\/v2\/product_tag?post=46307"}],"curies":[{"name":"wp","href":"https:\/\/api.w.org\/{rel}","templated":true}]}}