{"id":47248,"date":"2021-08-16T12:51:59","date_gmt":"2021-08-16T12:51:59","guid":{"rendered":"https:\/\/monlacata.cetrexmarketing.com\/producto\/niepoort-blanc-porto\/"},"modified":"2025-09-05T09:30:57","modified_gmt":"2025-09-05T09:30:57","slug":"niepoort-blanc-porto","status":"publish","type":"product","link":"https:\/\/monlacata.cetrexmarketing.com\/ca\/producto\/niepoort-blanc-porto\/","title":{"rendered":"Niepoort Blanc Porto"},"content":{"rendered":"<p data-start=\"1093\" data-end=\"1321\">Aquest <strong>Niepoort Blanc Porto<\/strong>\u00a0s\u2019elabora inicialment com un vi blanc tradicional, fins que s\u2019enforteix amb brandi i despr\u00e9s es cria en b\u00f3tes de roure durant un m\u00ednim de <strong data-start=\"1255\" data-end=\"1265\">3 anys<\/strong>, aconseguint aix\u00ed una <strong data-start=\"1288\" data-end=\"1318\">complexitat extraordin\u00e0ria<\/strong>.<\/p>\n<p data-start=\"1323\" data-end=\"1505\">\u00c9s una aut\u00e8ntica <strong data-start=\"1340\" data-end=\"1366\">joia dif\u00edcil de trobar<\/strong>, ideal per a aquells que volen endinsar-se en l\u2019univers dels vins generosos portuguesos des d\u2019un punt de vista m\u00e9s lleuger i accessible.<\/p>\n<p data-start=\"1507\" data-end=\"1798\">Al nas destaca per les seves <strong data-start=\"1536\" data-end=\"1589\">notes fines de fruits secs i fruita blanca madura<\/strong>, mentre que en boca es mostra <strong data-start=\"1620\" data-end=\"1654\">dol\u00e7, estructurat i equilibrat<\/strong>, amb un final elegant. Perfecte per gaudir-lo com a <strong data-start=\"1707\" data-end=\"1719\">aperitiu<\/strong> o per maridar amb <strong data-start=\"1738\" data-end=\"1755\">postres suaus<\/strong> que potenci\u00efn la seva riquesa arom\u00e0tica.<\/p>\n","protected":false},"excerpt":{"rendered":"<p>Aquest Niepoort Blanc Porto\u00a0s\u2019elabora inicialment com un vi blanc tradicional, fins que s\u2019enforteix amb brandi i despr\u00e9s es cria en b\u00f3tes de roure durant un m\u00ednim de 3 anys, aconseguint aix\u00ed una complexitat extraordin\u00e0ria. \u00c9s una aut\u00e8ntica joia dif\u00edcil de trobar, ideal per a aquells que volen endinsar-se en l\u2019univers dels vins generosos portuguesos des&hellip;<\/p>\n","protected":false},"featured_media":72003,"comment_status":"closed","ping_status":"closed","template":"","meta":{"_acf_changed":false},"pwb-brand":[48750,32999],"product_cat":[33020,33106],"product_tag":[15720,52247,52249,15717,15857,17229],"class_list":{"0":"post-47248","1":"product","2":"type-product","3":"status-publish","4":"has-post-thumbnail","6":"pwb-brand-niepoort","7":"pwb-brand-oporto-d-o-portugal","8":"product_cat-vi-ca","9":"product_cat-vi-generos","10":"product_tag-niepoort-ca","11":"product_tag-porto-ca-2","12":"product_tag-portugal-ca-2","13":"product_tag-vila-nova-de-gaia-ca","14":"product_tag-vinoteca-ca","15":"product_tag-white-port-ca","16":"pa_bodega-niepoort-ca","17":"pa_do-porto_dourodoc-ca","18":"pa_formatoenml-750-ca","19":"pa_graduacion-19_5","20":"pa_pais-portugal-ca","21":"pa_pueblociudad-vilanovadegaia-ca","22":"pa_variedades-malvasia_godello_viosinho-ca","23":"entry","24":"has-media","26":"first","27":"instock","28":"taxable","29":"shipping-taxable","30":"purchasable","31":"product-type-simple"},"acf":[],"yoast_head":"<!-- This site is optimized with the Yoast SEO Premium plugin v23.1 (Yoast SEO v24.1) - https:\/\/yoast.com\/wordpress\/plugins\/seo\/ -->\n<title>Niepoort Blanc porto<\/title>\n<meta name=\"description\" content=\"Comprar online al millor preu vi blanc de Porto Niepoort (Portugal). Descomptes per caixes. Ofertes. Web r\u00e0pida i segura. Viniteca. Licoreria. Destil\u00b7lats.\" \/>\n<meta name=\"robots\" content=\"noindex, follow, max-snippet:-1, max-image-preview:large, max-video-preview:-1\" \/>\n<meta property=\"og:locale\" content=\"ca_ES\" \/>\n<meta property=\"og:type\" content=\"article\" \/>\n<meta property=\"og:title\" content=\"Niepoort Blanc Porto\" \/>\n<meta property=\"og:description\" content=\"Comprar online al millor preu vi blanc de Porto Niepoort (Portugal). Descomptes per caixes. Ofertes. Web r\u00e0pida i segura. Viniteca. Licoreria. Destil\u00b7lats.\" \/>\n<meta property=\"og:url\" content=\"https:\/\/monlacata.cetrexmarketing.com\/ca\/producto\/niepoort-blanc-porto\/\" \/>\n<meta property=\"og:site_name\" content=\"M\u00f3n La Cata\" \/>\n<meta property=\"article:modified_time\" content=\"2025-09-05T09:30:57+00:00\" \/>\n<meta property=\"og:image\" content=\"https:\/\/monlacata.cetrexmarketing.com\/wp-content\/uploads\/2021\/08\/niepoort-white.jpeg.png\" \/>\n\t<meta property=\"og:image:width\" content=\"765\" \/>\n\t<meta property=\"og:image:height\" content=\"1024\" \/>\n\t<meta property=\"og:image:type\" content=\"image\/png\" \/>\n<meta name=\"twitter:card\" content=\"summary_large_image\" \/>\n<meta name=\"twitter:label1\" content=\"Temps estimat de lectura\" \/>\n\t<meta name=\"twitter:data1\" content=\"1 minut\" \/>\n<script type=\"application\/ld+json\" class=\"yoast-schema-graph\">{\"@context\":\"https:\/\/schema.org\",\"@graph\":[{\"@type\":\"WebPage\",\"@id\":\"https:\/\/monlacata.cetrexmarketing.com\/ca\/producto\/niepoort-blanc-porto\/\",\"url\":\"https:\/\/monlacata.cetrexmarketing.com\/ca\/producto\/niepoort-blanc-porto\/\",\"name\":\"Niepoort Blanc porto\",\"isPartOf\":{\"@id\":\"https:\/\/monlacata.cetrexmarketing.com\/#website\"},\"primaryImageOfPage\":{\"@id\":\"https:\/\/monlacata.cetrexmarketing.com\/ca\/producto\/niepoort-blanc-porto\/#primaryimage\"},\"image\":{\"@id\":\"https:\/\/monlacata.cetrexmarketing.com\/ca\/producto\/niepoort-blanc-porto\/#primaryimage\"},\"thumbnailUrl\":\"https:\/\/monlacata.cetrexmarketing.com\/wp-content\/uploads\/2021\/08\/niepoort-white.jpeg.png\",\"datePublished\":\"2021-08-16T12:51:59+00:00\",\"dateModified\":\"2025-09-05T09:30:57+00:00\",\"description\":\"Comprar online al millor preu vi blanc de Porto Niepoort (Portugal). Descomptes per caixes. Ofertes. Web r\u00e0pida i segura. Viniteca. Licoreria. Destil\u00b7lats.\",\"breadcrumb\":{\"@id\":\"https:\/\/monlacata.cetrexmarketing.com\/ca\/producto\/niepoort-blanc-porto\/#breadcrumb\"},\"inLanguage\":\"ca\",\"potentialAction\":[{\"@type\":\"ReadAction\",\"target\":[\"https:\/\/monlacata.cetrexmarketing.com\/ca\/producto\/niepoort-blanc-porto\/\"]}]},{\"@type\":\"ImageObject\",\"inLanguage\":\"ca\",\"@id\":\"https:\/\/monlacata.cetrexmarketing.com\/ca\/producto\/niepoort-blanc-porto\/#primaryimage\",\"url\":\"https:\/\/monlacata.cetrexmarketing.com\/wp-content\/uploads\/2021\/08\/niepoort-white.jpeg.png\",\"contentUrl\":\"https:\/\/monlacata.cetrexmarketing.com\/wp-content\/uploads\/2021\/08\/niepoort-white.jpeg.png\",\"width\":765,\"height\":1024,\"caption\":\"niepoort white.jpeg\"},{\"@type\":\"BreadcrumbList\",\"@id\":\"https:\/\/monlacata.cetrexmarketing.com\/ca\/producto\/niepoort-blanc-porto\/#breadcrumb\",\"itemListElement\":[{\"@type\":\"ListItem\",\"position\":1,\"name\":\"Home\",\"item\":\"https:\/\/monlacata.cetrexmarketing.com\/ca\/\"},{\"@type\":\"ListItem\",\"position\":2,\"name\":\"Tienda\",\"item\":\"https:\/\/monlacata.cetrexmarketing.com\/ca\/tienda-2\/\"},{\"@type\":\"ListItem\",\"position\":3,\"name\":\"Vi\",\"item\":\"https:\/\/monlacata.cetrexmarketing.com\/categoria-producto\/home-ca\/vi-ca\/\"},{\"@type\":\"ListItem\",\"position\":4,\"name\":\"Vi Gener\u00f3s\",\"item\":\"https:\/\/monlacata.cetrexmarketing.com\/ca\/categoria-producto\/vi-ca\/vi-generos\/\"},{\"@type\":\"ListItem\",\"position\":5,\"name\":\"Niepoort Blanc Porto\"}]},{\"@type\":\"WebSite\",\"@id\":\"https:\/\/monlacata.cetrexmarketing.com\/#website\",\"url\":\"https:\/\/monlacata.cetrexmarketing.com\/\",\"name\":\"M\u00f3n La Cata\",\"description\":\"Tienda de vinos, licores, cervezas y gourmet\",\"publisher\":{\"@id\":\"https:\/\/monlacata.cetrexmarketing.com\/#organization\"},\"potentialAction\":[{\"@type\":\"SearchAction\",\"target\":{\"@type\":\"EntryPoint\",\"urlTemplate\":\"https:\/\/monlacata.cetrexmarketing.com\/?s={search_term_string}\"},\"query-input\":{\"@type\":\"PropertyValueSpecification\",\"valueRequired\":true,\"valueName\":\"search_term_string\"}}],\"inLanguage\":\"ca\"},{\"@type\":\"Organization\",\"@id\":\"https:\/\/monlacata.cetrexmarketing.com\/#organization\",\"name\":\"M\u00f3n La Cata\",\"url\":\"https:\/\/monlacata.cetrexmarketing.com\/\",\"logo\":{\"@type\":\"ImageObject\",\"inLanguage\":\"ca\",\"@id\":\"https:\/\/monlacata.cetrexmarketing.com\/#\/schema\/logo\/image\/\",\"url\":\"https:\/\/monlacata.cetrexmarketing.com\/wp-content\/uploads\/2024\/02\/monlacata-logo-blanc.png\",\"contentUrl\":\"https:\/\/monlacata.cetrexmarketing.com\/wp-content\/uploads\/2024\/02\/monlacata-logo-blanc.png\",\"width\":454,\"height\":193,\"caption\":\"M\u00f3n La Cata\"},\"image\":{\"@id\":\"https:\/\/monlacata.cetrexmarketing.com\/#\/schema\/logo\/image\/\"}}]}<\/script>\n<!-- \/ Yoast SEO Premium plugin. -->","yoast_head_json":{"title":"Niepoort Blanc porto","description":"Comprar online al millor preu vi blanc de Porto Niepoort (Portugal). Descomptes per caixes. Ofertes. Web r\u00e0pida i segura. Viniteca. Licoreria. Destil\u00b7lats.","robots":{"index":"noindex","follow":"follow","max-snippet":"max-snippet:-1","max-image-preview":"max-image-preview:large","max-video-preview":"max-video-preview:-1"},"og_locale":"ca_ES","og_type":"article","og_title":"Niepoort Blanc Porto","og_description":"Comprar online al millor preu vi blanc de Porto Niepoort (Portugal). Descomptes per caixes. Ofertes. Web r\u00e0pida i segura. Viniteca. Licoreria. Destil\u00b7lats.","og_url":"https:\/\/monlacata.cetrexmarketing.com\/ca\/producto\/niepoort-blanc-porto\/","og_site_name":"M\u00f3n La Cata","article_modified_time":"2025-09-05T09:30:57+00:00","og_image":[{"width":765,"height":1024,"url":"https:\/\/monlacata.cetrexmarketing.com\/wp-content\/uploads\/2021\/08\/niepoort-white.jpeg.png","type":"image\/png"}],"twitter_card":"summary_large_image","twitter_misc":{"Temps estimat de lectura":"1 minut"},"schema":{"@context":"https:\/\/schema.org","@graph":[{"@type":"WebPage","@id":"https:\/\/monlacata.cetrexmarketing.com\/ca\/producto\/niepoort-blanc-porto\/","url":"https:\/\/monlacata.cetrexmarketing.com\/ca\/producto\/niepoort-blanc-porto\/","name":"Niepoort Blanc porto","isPartOf":{"@id":"https:\/\/monlacata.cetrexmarketing.com\/#website"},"primaryImageOfPage":{"@id":"https:\/\/monlacata.cetrexmarketing.com\/ca\/producto\/niepoort-blanc-porto\/#primaryimage"},"image":{"@id":"https:\/\/monlacata.cetrexmarketing.com\/ca\/producto\/niepoort-blanc-porto\/#primaryimage"},"thumbnailUrl":"https:\/\/monlacata.cetrexmarketing.com\/wp-content\/uploads\/2021\/08\/niepoort-white.jpeg.png","datePublished":"2021-08-16T12:51:59+00:00","dateModified":"2025-09-05T09:30:57+00:00","description":"Comprar online al millor preu vi blanc de Porto Niepoort (Portugal). Descomptes per caixes. Ofertes. Web r\u00e0pida i segura. Viniteca. Licoreria. Destil\u00b7lats.","breadcrumb":{"@id":"https:\/\/monlacata.cetrexmarketing.com\/ca\/producto\/niepoort-blanc-porto\/#breadcrumb"},"inLanguage":"ca","potentialAction":[{"@type":"ReadAction","target":["https:\/\/monlacata.cetrexmarketing.com\/ca\/producto\/niepoort-blanc-porto\/"]}]},{"@type":"ImageObject","inLanguage":"ca","@id":"https:\/\/monlacata.cetrexmarketing.com\/ca\/producto\/niepoort-blanc-porto\/#primaryimage","url":"https:\/\/monlacata.cetrexmarketing.com\/wp-content\/uploads\/2021\/08\/niepoort-white.jpeg.png","contentUrl":"https:\/\/monlacata.cetrexmarketing.com\/wp-content\/uploads\/2021\/08\/niepoort-white.jpeg.png","width":765,"height":1024,"caption":"niepoort white.jpeg"},{"@type":"BreadcrumbList","@id":"https:\/\/monlacata.cetrexmarketing.com\/ca\/producto\/niepoort-blanc-porto\/#breadcrumb","itemListElement":[{"@type":"ListItem","position":1,"name":"Home","item":"https:\/\/monlacata.cetrexmarketing.com\/ca\/"},{"@type":"ListItem","position":2,"name":"Tienda","item":"https:\/\/monlacata.cetrexmarketing.com\/ca\/tienda-2\/"},{"@type":"ListItem","position":3,"name":"Vi","item":"https:\/\/monlacata.cetrexmarketing.com\/categoria-producto\/home-ca\/vi-ca\/"},{"@type":"ListItem","position":4,"name":"Vi Gener\u00f3s","item":"https:\/\/monlacata.cetrexmarketing.com\/ca\/categoria-producto\/vi-ca\/vi-generos\/"},{"@type":"ListItem","position":5,"name":"Niepoort Blanc Porto"}]},{"@type":"WebSite","@id":"https:\/\/monlacata.cetrexmarketing.com\/#website","url":"https:\/\/monlacata.cetrexmarketing.com\/","name":"M\u00f3n La Cata","description":"Tienda de vinos, licores, cervezas y gourmet","publisher":{"@id":"https:\/\/monlacata.cetrexmarketing.com\/#organization"},"potentialAction":[{"@type":"SearchAction","target":{"@type":"EntryPoint","urlTemplate":"https:\/\/monlacata.cetrexmarketing.com\/?s={search_term_string}"},"query-input":{"@type":"PropertyValueSpecification","valueRequired":true,"valueName":"search_term_string"}}],"inLanguage":"ca"},{"@type":"Organization","@id":"https:\/\/monlacata.cetrexmarketing.com\/#organization","name":"M\u00f3n La Cata","url":"https:\/\/monlacata.cetrexmarketing.com\/","logo":{"@type":"ImageObject","inLanguage":"ca","@id":"https:\/\/monlacata.cetrexmarketing.com\/#\/schema\/logo\/image\/","url":"https:\/\/monlacata.cetrexmarketing.com\/wp-content\/uploads\/2024\/02\/monlacata-logo-blanc.png","contentUrl":"https:\/\/monlacata.cetrexmarketing.com\/wp-content\/uploads\/2024\/02\/monlacata-logo-blanc.png","width":454,"height":193,"caption":"M\u00f3n La Cata"},"image":{"@id":"https:\/\/monlacata.cetrexmarketing.com\/#\/schema\/logo\/image\/"}}]}},"brands":[{"id":48750,"name":"Niepoort","slug":"niepoort"},{"id":32999,"name":"Oporto D.O. (Portugal)","slug":"oporto-d-o-portugal"}],"tiered_pricing_type":"fixed","tiered_pricing_fixed_rules":[],"tiered_pricing_product_settings":{"layout":"default","base_unit_name":{"singular":null,"plural":null},"default_variation":null},"tiered_pricing_minimum_quantity":null,"tiered_pricing_roles_data":[],"tiered_pricing_percentage_rules":[],"tiered_pricing_maximum_quantity":null,"tiered_pricing_quantity_step":null,"_links":{"self":[{"href":"https:\/\/monlacata.cetrexmarketing.com\/ca\/wp-json\/wp\/v2\/product\/47248","targetHints":{"allow":["GET"]}}],"collection":[{"href":"https:\/\/monlacata.cetrexmarketing.com\/ca\/wp-json\/wp\/v2\/product"}],"about":[{"href":"https:\/\/monlacata.cetrexmarketing.com\/ca\/wp-json\/wp\/v2\/types\/product"}],"replies":[{"embeddable":true,"href":"https:\/\/monlacata.cetrexmarketing.com\/ca\/wp-json\/wp\/v2\/comments?post=47248"}],"wp:featuredmedia":[{"embeddable":true,"href":"https:\/\/monlacata.cetrexmarketing.com\/ca\/wp-json\/wp\/v2\/media\/72003"}],"wp:attachment":[{"href":"https:\/\/monlacata.cetrexmarketing.com\/ca\/wp-json\/wp\/v2\/media?parent=47248"}],"wp:term":[{"taxonomy":"pwb-brand","embeddable":true,"href":"https:\/\/monlacata.cetrexmarketing.com\/ca\/wp-json\/wp\/v2\/pwb-brand?post=47248"},{"taxonomy":"product_cat","embeddable":true,"href":"https:\/\/monlacata.cetrexmarketing.com\/ca\/wp-json\/wp\/v2\/product_cat?post=47248"},{"taxonomy":"product_tag","embeddable":true,"href":"https:\/\/monlacata.cetrexmarketing.com\/ca\/wp-json\/wp\/v2\/product_tag?post=47248"}],"curies":[{"name":"wp","href":"https:\/\/api.w.org\/{rel}","templated":true}]}}