{"id":47416,"date":"2021-08-20T12:22:36","date_gmt":"2021-08-20T12:22:36","guid":{"rendered":"https:\/\/monlacata.cetrexmarketing.com\/producto\/bruni-collin-s\/"},"modified":"2024-08-03T09:21:49","modified_gmt":"2024-08-03T09:21:49","slug":"bruni-collin-s","status":"publish","type":"product","link":"https:\/\/monlacata.cetrexmarketing.com\/ca\/producto\/bruni-collin-s\/","title":{"rendered":"Bruni Collin&#8217;s"},"content":{"rendered":"<p><strong>Bruni Collin&#8217;s<\/strong> \u00e9s un vermut artesanal premium, originari d&#8217;Espanya, elaborat amb cura i dedicaci\u00f3. Utilitza una base de vins selectes i una infusi\u00f3 de m\u00e9s de 20 herbes i esp\u00e8cies naturals, que li confereixen un sabor \u00fanic i complex. Aquest vermut presenta notes de c\u00edtrics, canyella i un subtil toc amarg, ideal per gaudir sol, amb gel, o com a ingredient estrella en c\u00f2ctels cl\u00e0ssics. Bruni Collin&#8217;s es destaca per la seva eleg\u00e0ncia i qualitat, reflectint la rica tradici\u00f3 de la vermuteria artesanal espanyola.<\/p>\n","protected":false},"excerpt":{"rendered":"<p>Bruni Collin&#8217;s \u00e9s un vermut artesanal premium, originari d&#8217;Espanya, elaborat amb cura i dedicaci\u00f3. Utilitza una base de vins selectes i una infusi\u00f3 de m\u00e9s de 20 herbes i esp\u00e8cies naturals, que li confereixen un sabor \u00fanic i complex. Aquest vermut presenta notes de c\u00edtrics, canyella i un subtil toc amarg, ideal per gaudir sol,&hellip;<\/p>\n","protected":false},"featured_media":65814,"comment_status":"closed","ping_status":"closed","template":"","meta":{"_acf_changed":false},"pwb-brand":[],"product_cat":[33040,33164],"product_tag":[15194,15195,17345],"class_list":{"0":"post-47416","1":"product","2":"type-product","3":"status-publish","4":"has-post-thumbnail","6":"product_cat-destil-lats-ca","7":"product_cat-ginebra-ca","8":"product_tag-gin-ca","9":"product_tag-ginebra-ca","10":"product_tag-ginebra-de-granada-ca","11":"pa_destileria-destileriasjoaquinalonso-ca","12":"pa_formatoenl-070-ca","13":"pa_formatoenml-700-ca","14":"pa_graduacion-39_0-ca","15":"pa_pais-espanya-ca","16":"pa_pesoengramos-1250-ca","17":"pa_pesoenkg-125-ca-2","18":"pa_pueblociudad-atarfegranada-ca","19":"entry","20":"has-media","22":"first","23":"instock","24":"taxable","25":"shipping-taxable","26":"purchasable","27":"product-type-simple"},"acf":[],"yoast_head":"<!-- This site is optimized with the Yoast SEO Premium plugin v23.1 (Yoast SEO v24.1) - https:\/\/yoast.com\/wordpress\/plugins\/seo\/ -->\n<title>Bruni Collin&#039;s Ginebra<\/title>\n<meta name=\"description\" content=\"Comprar online al millor preu la ginebra Bruni Collins 70cl elaborada per Destilerias Joaquin Alonso a Granada. Web r\u00e0pida i segura. Ofertes. Descomptes. Beguda\" \/>\n<meta name=\"robots\" content=\"noindex, follow, max-snippet:-1, max-image-preview:large, max-video-preview:-1\" \/>\n<meta property=\"og:locale\" content=\"ca_ES\" \/>\n<meta property=\"og:type\" content=\"article\" \/>\n<meta property=\"og:title\" content=\"Bruni Collin&#039;s\" \/>\n<meta property=\"og:description\" content=\"Comprar online al millor preu la ginebra Bruni Collins 70cl elaborada per Destilerias Joaquin Alonso a Granada. Web r\u00e0pida i segura. Ofertes. Descomptes. Beguda\" \/>\n<meta property=\"og:url\" content=\"https:\/\/monlacata.cetrexmarketing.com\/ca\/producto\/bruni-collin-s\/\" \/>\n<meta property=\"og:site_name\" content=\"M\u00f3n La Cata\" \/>\n<meta property=\"article:modified_time\" content=\"2024-08-03T09:21:49+00:00\" \/>\n<meta property=\"og:image\" content=\"https:\/\/monlacata.cetrexmarketing.com\/wp-content\/uploads\/2021\/08\/BRUNI-COLLINS-GIN.jpg.png\" \/>\n\t<meta property=\"og:image:width\" content=\"765\" \/>\n\t<meta property=\"og:image:height\" content=\"1024\" \/>\n\t<meta property=\"og:image:type\" content=\"image\/png\" \/>\n<meta name=\"twitter:card\" content=\"summary_large_image\" \/>\n<meta name=\"twitter:label1\" content=\"Temps estimat de lectura\" \/>\n\t<meta name=\"twitter:data1\" content=\"1 minut\" \/>\n<script type=\"application\/ld+json\" class=\"yoast-schema-graph\">{\"@context\":\"https:\/\/schema.org\",\"@graph\":[{\"@type\":\"WebPage\",\"@id\":\"https:\/\/monlacata.cetrexmarketing.com\/ca\/producto\/bruni-collin-s\/\",\"url\":\"https:\/\/monlacata.cetrexmarketing.com\/ca\/producto\/bruni-collin-s\/\",\"name\":\"Bruni Collin's Ginebra\",\"isPartOf\":{\"@id\":\"https:\/\/monlacata.cetrexmarketing.com\/#website\"},\"primaryImageOfPage\":{\"@id\":\"https:\/\/monlacata.cetrexmarketing.com\/ca\/producto\/bruni-collin-s\/#primaryimage\"},\"image\":{\"@id\":\"https:\/\/monlacata.cetrexmarketing.com\/ca\/producto\/bruni-collin-s\/#primaryimage\"},\"thumbnailUrl\":\"https:\/\/monlacata.cetrexmarketing.com\/wp-content\/uploads\/2021\/08\/BRUNI-COLLINS-GIN.jpg.png\",\"datePublished\":\"2021-08-20T12:22:36+00:00\",\"dateModified\":\"2024-08-03T09:21:49+00:00\",\"description\":\"Comprar online al millor preu la ginebra Bruni Collins 70cl elaborada per Destilerias Joaquin Alonso a Granada. Web r\u00e0pida i segura. Ofertes. Descomptes. Beguda\",\"breadcrumb\":{\"@id\":\"https:\/\/monlacata.cetrexmarketing.com\/ca\/producto\/bruni-collin-s\/#breadcrumb\"},\"inLanguage\":\"ca\",\"potentialAction\":[{\"@type\":\"ReadAction\",\"target\":[\"https:\/\/monlacata.cetrexmarketing.com\/ca\/producto\/bruni-collin-s\/\"]}]},{\"@type\":\"ImageObject\",\"inLanguage\":\"ca\",\"@id\":\"https:\/\/monlacata.cetrexmarketing.com\/ca\/producto\/bruni-collin-s\/#primaryimage\",\"url\":\"https:\/\/monlacata.cetrexmarketing.com\/wp-content\/uploads\/2021\/08\/BRUNI-COLLINS-GIN.jpg.png\",\"contentUrl\":\"https:\/\/monlacata.cetrexmarketing.com\/wp-content\/uploads\/2021\/08\/BRUNI-COLLINS-GIN.jpg.png\",\"width\":765,\"height\":1024,\"caption\":\"BRUNI COLLIN'S GIN.jpg\"},{\"@type\":\"BreadcrumbList\",\"@id\":\"https:\/\/monlacata.cetrexmarketing.com\/ca\/producto\/bruni-collin-s\/#breadcrumb\",\"itemListElement\":[{\"@type\":\"ListItem\",\"position\":1,\"name\":\"Home\",\"item\":\"https:\/\/monlacata.cetrexmarketing.com\/ca\/\"},{\"@type\":\"ListItem\",\"position\":2,\"name\":\"Tienda\",\"item\":\"https:\/\/monlacata.cetrexmarketing.com\/ca\/tienda-2\/\"},{\"@type\":\"ListItem\",\"position\":3,\"name\":\"Destil\u00b7lats\",\"item\":\"https:\/\/monlacata.cetrexmarketing.com\/categoria-producto\/home-ca\/destil-lats-ca\/\"},{\"@type\":\"ListItem\",\"position\":4,\"name\":\"Ginebra\",\"item\":\"https:\/\/monlacata.cetrexmarketing.com\/ca\/categoria-producto\/destil-lats-ca\/ginebra-ca\/\"},{\"@type\":\"ListItem\",\"position\":5,\"name\":\"Bruni Collin&#8217;s\"}]},{\"@type\":\"WebSite\",\"@id\":\"https:\/\/monlacata.cetrexmarketing.com\/#website\",\"url\":\"https:\/\/monlacata.cetrexmarketing.com\/\",\"name\":\"M\u00f3n La Cata\",\"description\":\"Tienda de vinos, licores, cervezas y gourmet\",\"publisher\":{\"@id\":\"https:\/\/monlacata.cetrexmarketing.com\/#organization\"},\"potentialAction\":[{\"@type\":\"SearchAction\",\"target\":{\"@type\":\"EntryPoint\",\"urlTemplate\":\"https:\/\/monlacata.cetrexmarketing.com\/?s={search_term_string}\"},\"query-input\":{\"@type\":\"PropertyValueSpecification\",\"valueRequired\":true,\"valueName\":\"search_term_string\"}}],\"inLanguage\":\"ca\"},{\"@type\":\"Organization\",\"@id\":\"https:\/\/monlacata.cetrexmarketing.com\/#organization\",\"name\":\"M\u00f3n La Cata\",\"url\":\"https:\/\/monlacata.cetrexmarketing.com\/\",\"logo\":{\"@type\":\"ImageObject\",\"inLanguage\":\"ca\",\"@id\":\"https:\/\/monlacata.cetrexmarketing.com\/#\/schema\/logo\/image\/\",\"url\":\"https:\/\/monlacata.cetrexmarketing.com\/wp-content\/uploads\/2024\/02\/monlacata-logo-blanc.png\",\"contentUrl\":\"https:\/\/monlacata.cetrexmarketing.com\/wp-content\/uploads\/2024\/02\/monlacata-logo-blanc.png\",\"width\":454,\"height\":193,\"caption\":\"M\u00f3n La Cata\"},\"image\":{\"@id\":\"https:\/\/monlacata.cetrexmarketing.com\/#\/schema\/logo\/image\/\"}}]}<\/script>\n<!-- \/ Yoast SEO Premium plugin. -->","yoast_head_json":{"title":"Bruni Collin's Ginebra","description":"Comprar online al millor preu la ginebra Bruni Collins 70cl elaborada per Destilerias Joaquin Alonso a Granada. Web r\u00e0pida i segura. Ofertes. Descomptes. Beguda","robots":{"index":"noindex","follow":"follow","max-snippet":"max-snippet:-1","max-image-preview":"max-image-preview:large","max-video-preview":"max-video-preview:-1"},"og_locale":"ca_ES","og_type":"article","og_title":"Bruni Collin's","og_description":"Comprar online al millor preu la ginebra Bruni Collins 70cl elaborada per Destilerias Joaquin Alonso a Granada. Web r\u00e0pida i segura. Ofertes. Descomptes. Beguda","og_url":"https:\/\/monlacata.cetrexmarketing.com\/ca\/producto\/bruni-collin-s\/","og_site_name":"M\u00f3n La Cata","article_modified_time":"2024-08-03T09:21:49+00:00","og_image":[{"width":765,"height":1024,"url":"https:\/\/monlacata.cetrexmarketing.com\/wp-content\/uploads\/2021\/08\/BRUNI-COLLINS-GIN.jpg.png","type":"image\/png"}],"twitter_card":"summary_large_image","twitter_misc":{"Temps estimat de lectura":"1 minut"},"schema":{"@context":"https:\/\/schema.org","@graph":[{"@type":"WebPage","@id":"https:\/\/monlacata.cetrexmarketing.com\/ca\/producto\/bruni-collin-s\/","url":"https:\/\/monlacata.cetrexmarketing.com\/ca\/producto\/bruni-collin-s\/","name":"Bruni Collin's Ginebra","isPartOf":{"@id":"https:\/\/monlacata.cetrexmarketing.com\/#website"},"primaryImageOfPage":{"@id":"https:\/\/monlacata.cetrexmarketing.com\/ca\/producto\/bruni-collin-s\/#primaryimage"},"image":{"@id":"https:\/\/monlacata.cetrexmarketing.com\/ca\/producto\/bruni-collin-s\/#primaryimage"},"thumbnailUrl":"https:\/\/monlacata.cetrexmarketing.com\/wp-content\/uploads\/2021\/08\/BRUNI-COLLINS-GIN.jpg.png","datePublished":"2021-08-20T12:22:36+00:00","dateModified":"2024-08-03T09:21:49+00:00","description":"Comprar online al millor preu la ginebra Bruni Collins 70cl elaborada per Destilerias Joaquin Alonso a Granada. Web r\u00e0pida i segura. Ofertes. Descomptes. Beguda","breadcrumb":{"@id":"https:\/\/monlacata.cetrexmarketing.com\/ca\/producto\/bruni-collin-s\/#breadcrumb"},"inLanguage":"ca","potentialAction":[{"@type":"ReadAction","target":["https:\/\/monlacata.cetrexmarketing.com\/ca\/producto\/bruni-collin-s\/"]}]},{"@type":"ImageObject","inLanguage":"ca","@id":"https:\/\/monlacata.cetrexmarketing.com\/ca\/producto\/bruni-collin-s\/#primaryimage","url":"https:\/\/monlacata.cetrexmarketing.com\/wp-content\/uploads\/2021\/08\/BRUNI-COLLINS-GIN.jpg.png","contentUrl":"https:\/\/monlacata.cetrexmarketing.com\/wp-content\/uploads\/2021\/08\/BRUNI-COLLINS-GIN.jpg.png","width":765,"height":1024,"caption":"BRUNI COLLIN'S GIN.jpg"},{"@type":"BreadcrumbList","@id":"https:\/\/monlacata.cetrexmarketing.com\/ca\/producto\/bruni-collin-s\/#breadcrumb","itemListElement":[{"@type":"ListItem","position":1,"name":"Home","item":"https:\/\/monlacata.cetrexmarketing.com\/ca\/"},{"@type":"ListItem","position":2,"name":"Tienda","item":"https:\/\/monlacata.cetrexmarketing.com\/ca\/tienda-2\/"},{"@type":"ListItem","position":3,"name":"Destil\u00b7lats","item":"https:\/\/monlacata.cetrexmarketing.com\/categoria-producto\/home-ca\/destil-lats-ca\/"},{"@type":"ListItem","position":4,"name":"Ginebra","item":"https:\/\/monlacata.cetrexmarketing.com\/ca\/categoria-producto\/destil-lats-ca\/ginebra-ca\/"},{"@type":"ListItem","position":5,"name":"Bruni Collin&#8217;s"}]},{"@type":"WebSite","@id":"https:\/\/monlacata.cetrexmarketing.com\/#website","url":"https:\/\/monlacata.cetrexmarketing.com\/","name":"M\u00f3n La Cata","description":"Tienda de vinos, licores, cervezas y gourmet","publisher":{"@id":"https:\/\/monlacata.cetrexmarketing.com\/#organization"},"potentialAction":[{"@type":"SearchAction","target":{"@type":"EntryPoint","urlTemplate":"https:\/\/monlacata.cetrexmarketing.com\/?s={search_term_string}"},"query-input":{"@type":"PropertyValueSpecification","valueRequired":true,"valueName":"search_term_string"}}],"inLanguage":"ca"},{"@type":"Organization","@id":"https:\/\/monlacata.cetrexmarketing.com\/#organization","name":"M\u00f3n La Cata","url":"https:\/\/monlacata.cetrexmarketing.com\/","logo":{"@type":"ImageObject","inLanguage":"ca","@id":"https:\/\/monlacata.cetrexmarketing.com\/#\/schema\/logo\/image\/","url":"https:\/\/monlacata.cetrexmarketing.com\/wp-content\/uploads\/2024\/02\/monlacata-logo-blanc.png","contentUrl":"https:\/\/monlacata.cetrexmarketing.com\/wp-content\/uploads\/2024\/02\/monlacata-logo-blanc.png","width":454,"height":193,"caption":"M\u00f3n La Cata"},"image":{"@id":"https:\/\/monlacata.cetrexmarketing.com\/#\/schema\/logo\/image\/"}}]}},"brands":[],"tiered_pricing_type":"fixed","tiered_pricing_fixed_rules":[],"tiered_pricing_product_settings":{"layout":"default","base_unit_name":{"singular":null,"plural":null},"default_variation":null},"tiered_pricing_minimum_quantity":1,"tiered_pricing_roles_data":[],"tiered_pricing_percentage_rules":[],"tiered_pricing_maximum_quantity":null,"tiered_pricing_quantity_step":null,"_links":{"self":[{"href":"https:\/\/monlacata.cetrexmarketing.com\/ca\/wp-json\/wp\/v2\/product\/47416","targetHints":{"allow":["GET"]}}],"collection":[{"href":"https:\/\/monlacata.cetrexmarketing.com\/ca\/wp-json\/wp\/v2\/product"}],"about":[{"href":"https:\/\/monlacata.cetrexmarketing.com\/ca\/wp-json\/wp\/v2\/types\/product"}],"replies":[{"embeddable":true,"href":"https:\/\/monlacata.cetrexmarketing.com\/ca\/wp-json\/wp\/v2\/comments?post=47416"}],"wp:featuredmedia":[{"embeddable":true,"href":"https:\/\/monlacata.cetrexmarketing.com\/ca\/wp-json\/wp\/v2\/media\/65814"}],"wp:attachment":[{"href":"https:\/\/monlacata.cetrexmarketing.com\/ca\/wp-json\/wp\/v2\/media?parent=47416"}],"wp:term":[{"taxonomy":"pwb-brand","embeddable":true,"href":"https:\/\/monlacata.cetrexmarketing.com\/ca\/wp-json\/wp\/v2\/pwb-brand?post=47416"},{"taxonomy":"product_cat","embeddable":true,"href":"https:\/\/monlacata.cetrexmarketing.com\/ca\/wp-json\/wp\/v2\/product_cat?post=47416"},{"taxonomy":"product_tag","embeddable":true,"href":"https:\/\/monlacata.cetrexmarketing.com\/ca\/wp-json\/wp\/v2\/product_tag?post=47416"}],"curies":[{"name":"wp","href":"https:\/\/api.w.org\/{rel}","templated":true}]}}