{"id":47638,"date":"2021-09-14T09:19:40","date_gmt":"2021-09-14T09:19:40","guid":{"rendered":"https:\/\/monlacata.cetrexmarketing.com\/producto\/mirgin-opus-brut-nature\/"},"modified":"2025-06-16T16:29:48","modified_gmt":"2025-06-16T16:29:48","slug":"mirgin-opus-brut-nature","status":"publish","type":"product","link":"https:\/\/monlacata.cetrexmarketing.com\/ca\/producto\/mirgin-opus-brut-nature\/","title":{"rendered":"Alta Alella Mirgin Opus Brut Nature"},"content":{"rendered":"<p>El <strong>Mirgin Opus Brut Nature<\/strong> d\u00b4<strong>Alta Alella<\/strong> \u00e9s un cava d\u00b4alta gamma elaborat a la regi\u00f3 del Cava, Catalunya, Espanya. Aquest escum\u00f3s es produeix a partir de ra\u00efms org\u00e0nics d&#8217;alta qualitat provinents del <strong>paratge qualificat Vallcirera<\/strong>, una distinci\u00f3 que reconeix vinyes amb caracter\u00edstiques excepcionals.<\/p>\n<p><strong>Caracter\u00edstiques principals:<\/strong><\/p>\n<ul>\n<li><strong>Varietats de ra\u00efm:<\/strong> Principalment <strong>Chardonnay<\/strong> i <strong>Pansa Blanca<\/strong> (coneguda tamb\u00e9 com a Xarel\u00b7lo).<\/li>\n<li><strong>Elaboraci\u00f3:<\/strong> S&#8217;elabora seguint el m\u00e8tode tradicional, amb una crian\u00e7a m\u00ednima de 36 mesos en ampolla, cosa que li atorga complexitat i finor.<\/li>\n<li><strong>Classificaci\u00f3:<\/strong> <strong>Brut Nature<\/strong>, la qual cosa indica que no s&#8217;hi afegeix sucre despr\u00e9s de la segona fermentaci\u00f3, resultant en un cava sec.<\/li>\n<\/ul>\n<p><strong>Notes de cata:<\/strong><\/p>\n<ul>\n<li><strong>Vista:<\/strong> Color groc p\u00e0l\u00b7lid amb reflexos daurats i bombolla fina i persistent.<\/li>\n<li><strong>Nas:<\/strong> Aromes elegants de fruites blanques madures, notes florals i tocs de pastisseria i fruits secs, resultat de la seva prolongada crian\u00e7a.<\/li>\n<li><strong>Boca<\/strong>: A la boca \u00e9s equilibrat i estructurat, amb una acidesa refrescant i un final llarg i mineral que reflecteix el terrer de Vallcirera.<\/li>\n<\/ul>\n<p><strong>Maridatge:<\/strong><\/p>\n<p>Aquest cava \u00e9s vers\u00e0til i acompanya b\u00e9 una varietat de plats, incloent marisc, peix, carns blanques i formatges suaus. Tamb\u00e9 \u00e9s una excel\u00b7lent opci\u00f3 per a aperitius i celebracions especials.<\/p>\n","protected":false},"excerpt":{"rendered":"<p>El<strong> Mirgin Opus Brut Nature<\/strong> d&#8217;Alta Alella \u00e9s un cava premium elaborat amb ra\u00efms org\u00e0nics de <strong>Chardonnay <\/strong>i <strong>Pansa Blanca<\/strong> al Paratge Qualificat Vallcirera, Catalunya. Es produeix mitjan\u00e7ant el m\u00e8tode tradicional amb 36 mesos de crian\u00e7a, sent sec (<strong>Brut Nature<\/strong>) i sense sucres afegits. Presenta un color groc p\u00e0l\u00b7lid amb bombolles fines, aromes de fruites madures, brioixeria i fruita seca, i un sabor equilibrat, mineral i fresc. \u00c9s ideal per a mariscs, peixos, carns blanques i formatges. Destaca per la seva alta qualitat i ha rebut reconeixements com a 93 punts a Wine Enthusiast.<\/p>\n","protected":false},"featured_media":67922,"comment_status":"closed","ping_status":"closed","template":"","meta":{"_acf_changed":false},"pwb-brand":[32909],"product_cat":[52175,33038,33080,33238,51985],"product_tag":[14882,52961,50382,50365,16593,52176,17463],"class_list":{"0":"post-47638","1":"product","2":"type-product","3":"status-publish","4":"has-post-thumbnail","6":"pwb-brand-cava-d-o","7":"product_cat-lots-nadal","8":"product_cat-vi-escumos-ca","9":"product_cat-cava-ca","10":"product_cat-cava-blanc-ca","11":"product_cat-estoigs-i-lots","12":"product_tag-alta-alella-ca","13":"product_tag-alta-alella-mirgin-opus-brut-nature-ca","14":"product_tag-brut-nature-ca-2","15":"product_tag-cava-ca-2","16":"product_tag-mirgin-ca","17":"product_tag-mirgin-opus-brut-nature-ca","18":"product_tag-opus-ca","19":"pa_anada-2020-ca","20":"pa_bodega-altaalella-ca","21":"pa_cantidaddeazucar-brutnature-ca","22":"pa_do-cava-d-o-ca-2","23":"pa_ecologico-vegano-natural-ecologic","24":"pa_formatoenml-750-ca","25":"pa_graduacion-12_0-ca","26":"pa_pais-espanya-ca","27":"pa_pueblociudad-tianabarcelona-ca","28":"pa_region-cataluna-ca","29":"pa_variedad-principal-chardonnay-ca","30":"pa_variedad-principal-pansa-blanca-ca","31":"entry","32":"has-media","34":"first","35":"instock","36":"taxable","37":"shipping-taxable","38":"purchasable","39":"product-type-simple"},"acf":[],"yoast_head":"<!-- This site is optimized with the Yoast SEO Premium plugin v23.1 (Yoast SEO v24.1) - https:\/\/yoast.com\/wordpress\/plugins\/seo\/ -->\n<title>Alta Alella Mirgin Opus Brut Nature<\/title>\n<meta name=\"description\" content=\"Comprar online al millor preu el cava de paratge qualificat Mirgin Opus Brut Nature d&#039;Alta Alella. Ecol\u00f3gic. Vinoteca. Descomptes. Ofertes. Begudes.\" \/>\n<meta name=\"robots\" content=\"noindex, follow, max-snippet:-1, max-image-preview:large, max-video-preview:-1\" \/>\n<meta property=\"og:locale\" content=\"ca_ES\" \/>\n<meta property=\"og:type\" content=\"article\" \/>\n<meta property=\"og:title\" content=\"Alta Alella Mirgin Opus Brut Nature\" \/>\n<meta property=\"og:description\" content=\"Comprar online al millor preu el cava de paratge qualificat Mirgin Opus Brut Nature d&#039;Alta Alella. Ecol\u00f3gic. Vinoteca. Descomptes. Ofertes. Begudes.\" \/>\n<meta property=\"og:url\" content=\"https:\/\/monlacata.cetrexmarketing.com\/ca\/producto\/mirgin-opus-brut-nature\/\" \/>\n<meta property=\"og:site_name\" content=\"M\u00f3n La Cata\" \/>\n<meta property=\"article:modified_time\" content=\"2025-06-16T16:29:48+00:00\" \/>\n<meta property=\"og:image\" content=\"https:\/\/monlacata.cetrexmarketing.com\/wp-content\/uploads\/2021\/09\/MIRGIN-OPUS-BRUT-NATURE.png\" \/>\n\t<meta property=\"og:image:width\" content=\"765\" \/>\n\t<meta property=\"og:image:height\" content=\"1024\" \/>\n\t<meta property=\"og:image:type\" content=\"image\/png\" \/>\n<meta name=\"twitter:card\" content=\"summary_large_image\" \/>\n<meta name=\"twitter:label1\" content=\"Temps estimat de lectura\" \/>\n\t<meta name=\"twitter:data1\" content=\"2 minuts\" \/>\n<script type=\"application\/ld+json\" class=\"yoast-schema-graph\">{\"@context\":\"https:\/\/schema.org\",\"@graph\":[{\"@type\":\"WebPage\",\"@id\":\"https:\/\/monlacata.cetrexmarketing.com\/ca\/producto\/mirgin-opus-brut-nature\/\",\"url\":\"https:\/\/monlacata.cetrexmarketing.com\/ca\/producto\/mirgin-opus-brut-nature\/\",\"name\":\"Alta Alella Mirgin Opus Brut Nature\",\"isPartOf\":{\"@id\":\"https:\/\/monlacata.cetrexmarketing.com\/#website\"},\"primaryImageOfPage\":{\"@id\":\"https:\/\/monlacata.cetrexmarketing.com\/ca\/producto\/mirgin-opus-brut-nature\/#primaryimage\"},\"image\":{\"@id\":\"https:\/\/monlacata.cetrexmarketing.com\/ca\/producto\/mirgin-opus-brut-nature\/#primaryimage\"},\"thumbnailUrl\":\"https:\/\/monlacata.cetrexmarketing.com\/wp-content\/uploads\/2021\/09\/MIRGIN-OPUS-BRUT-NATURE.png\",\"datePublished\":\"2021-09-14T09:19:40+00:00\",\"dateModified\":\"2025-06-16T16:29:48+00:00\",\"description\":\"Comprar online al millor preu el cava de paratge qualificat Mirgin Opus Brut Nature d'Alta Alella. Ecol\u00f3gic. Vinoteca. Descomptes. Ofertes. Begudes.\",\"breadcrumb\":{\"@id\":\"https:\/\/monlacata.cetrexmarketing.com\/ca\/producto\/mirgin-opus-brut-nature\/#breadcrumb\"},\"inLanguage\":\"ca\",\"potentialAction\":[{\"@type\":\"ReadAction\",\"target\":[\"https:\/\/monlacata.cetrexmarketing.com\/ca\/producto\/mirgin-opus-brut-nature\/\"]}]},{\"@type\":\"ImageObject\",\"inLanguage\":\"ca\",\"@id\":\"https:\/\/monlacata.cetrexmarketing.com\/ca\/producto\/mirgin-opus-brut-nature\/#primaryimage\",\"url\":\"https:\/\/monlacata.cetrexmarketing.com\/wp-content\/uploads\/2021\/09\/MIRGIN-OPUS-BRUT-NATURE.png\",\"contentUrl\":\"https:\/\/monlacata.cetrexmarketing.com\/wp-content\/uploads\/2021\/09\/MIRGIN-OPUS-BRUT-NATURE.png\",\"width\":765,\"height\":1024,\"caption\":\"MIRGIN OPUS BRUT NATURE\"},{\"@type\":\"BreadcrumbList\",\"@id\":\"https:\/\/monlacata.cetrexmarketing.com\/ca\/producto\/mirgin-opus-brut-nature\/#breadcrumb\",\"itemListElement\":[{\"@type\":\"ListItem\",\"position\":1,\"name\":\"Home\",\"item\":\"https:\/\/monlacata.cetrexmarketing.com\/ca\/\"},{\"@type\":\"ListItem\",\"position\":2,\"name\":\"Tienda\",\"item\":\"https:\/\/monlacata.cetrexmarketing.com\/ca\/tienda-2\/\"},{\"@type\":\"ListItem\",\"position\":3,\"name\":\"Vi Escum\u00f3s\",\"item\":\"https:\/\/monlacata.cetrexmarketing.com\/categoria-producto\/home-ca\/vi-escumos-ca\/\"},{\"@type\":\"ListItem\",\"position\":4,\"name\":\"Cava\",\"item\":\"https:\/\/monlacata.cetrexmarketing.com\/ca\/categoria-producto\/home-ca\/vi-escumos-ca\/cava-ca\/\"},{\"@type\":\"ListItem\",\"position\":5,\"name\":\"Cava Blanc\",\"item\":\"https:\/\/monlacata.cetrexmarketing.com\/ca\/categoria-producto\/vi-escumos-ca\/cava-ca\/cava-blanc-ca\/\"},{\"@type\":\"ListItem\",\"position\":6,\"name\":\"Alta Alella Mirgin Opus Brut Nature\"}]},{\"@type\":\"WebSite\",\"@id\":\"https:\/\/monlacata.cetrexmarketing.com\/#website\",\"url\":\"https:\/\/monlacata.cetrexmarketing.com\/\",\"name\":\"M\u00f3n La Cata\",\"description\":\"Tienda de vinos, licores, cervezas y gourmet\",\"publisher\":{\"@id\":\"https:\/\/monlacata.cetrexmarketing.com\/#organization\"},\"potentialAction\":[{\"@type\":\"SearchAction\",\"target\":{\"@type\":\"EntryPoint\",\"urlTemplate\":\"https:\/\/monlacata.cetrexmarketing.com\/?s={search_term_string}\"},\"query-input\":{\"@type\":\"PropertyValueSpecification\",\"valueRequired\":true,\"valueName\":\"search_term_string\"}}],\"inLanguage\":\"ca\"},{\"@type\":\"Organization\",\"@id\":\"https:\/\/monlacata.cetrexmarketing.com\/#organization\",\"name\":\"M\u00f3n La Cata\",\"url\":\"https:\/\/monlacata.cetrexmarketing.com\/\",\"logo\":{\"@type\":\"ImageObject\",\"inLanguage\":\"ca\",\"@id\":\"https:\/\/monlacata.cetrexmarketing.com\/#\/schema\/logo\/image\/\",\"url\":\"https:\/\/monlacata.cetrexmarketing.com\/wp-content\/uploads\/2024\/02\/monlacata-logo-blanc.png\",\"contentUrl\":\"https:\/\/monlacata.cetrexmarketing.com\/wp-content\/uploads\/2024\/02\/monlacata-logo-blanc.png\",\"width\":454,\"height\":193,\"caption\":\"M\u00f3n La Cata\"},\"image\":{\"@id\":\"https:\/\/monlacata.cetrexmarketing.com\/#\/schema\/logo\/image\/\"}}]}<\/script>\n<!-- \/ Yoast SEO Premium plugin. -->","yoast_head_json":{"title":"Alta Alella Mirgin Opus Brut Nature","description":"Comprar online al millor preu el cava de paratge qualificat Mirgin Opus Brut Nature d'Alta Alella. Ecol\u00f3gic. Vinoteca. Descomptes. Ofertes. Begudes.","robots":{"index":"noindex","follow":"follow","max-snippet":"max-snippet:-1","max-image-preview":"max-image-preview:large","max-video-preview":"max-video-preview:-1"},"og_locale":"ca_ES","og_type":"article","og_title":"Alta Alella Mirgin Opus Brut Nature","og_description":"Comprar online al millor preu el cava de paratge qualificat Mirgin Opus Brut Nature d'Alta Alella. Ecol\u00f3gic. Vinoteca. Descomptes. Ofertes. Begudes.","og_url":"https:\/\/monlacata.cetrexmarketing.com\/ca\/producto\/mirgin-opus-brut-nature\/","og_site_name":"M\u00f3n La Cata","article_modified_time":"2025-06-16T16:29:48+00:00","og_image":[{"width":765,"height":1024,"url":"https:\/\/monlacata.cetrexmarketing.com\/wp-content\/uploads\/2021\/09\/MIRGIN-OPUS-BRUT-NATURE.png","type":"image\/png"}],"twitter_card":"summary_large_image","twitter_misc":{"Temps estimat de lectura":"2 minuts"},"schema":{"@context":"https:\/\/schema.org","@graph":[{"@type":"WebPage","@id":"https:\/\/monlacata.cetrexmarketing.com\/ca\/producto\/mirgin-opus-brut-nature\/","url":"https:\/\/monlacata.cetrexmarketing.com\/ca\/producto\/mirgin-opus-brut-nature\/","name":"Alta Alella Mirgin Opus Brut Nature","isPartOf":{"@id":"https:\/\/monlacata.cetrexmarketing.com\/#website"},"primaryImageOfPage":{"@id":"https:\/\/monlacata.cetrexmarketing.com\/ca\/producto\/mirgin-opus-brut-nature\/#primaryimage"},"image":{"@id":"https:\/\/monlacata.cetrexmarketing.com\/ca\/producto\/mirgin-opus-brut-nature\/#primaryimage"},"thumbnailUrl":"https:\/\/monlacata.cetrexmarketing.com\/wp-content\/uploads\/2021\/09\/MIRGIN-OPUS-BRUT-NATURE.png","datePublished":"2021-09-14T09:19:40+00:00","dateModified":"2025-06-16T16:29:48+00:00","description":"Comprar online al millor preu el cava de paratge qualificat Mirgin Opus Brut Nature d'Alta Alella. Ecol\u00f3gic. Vinoteca. Descomptes. Ofertes. Begudes.","breadcrumb":{"@id":"https:\/\/monlacata.cetrexmarketing.com\/ca\/producto\/mirgin-opus-brut-nature\/#breadcrumb"},"inLanguage":"ca","potentialAction":[{"@type":"ReadAction","target":["https:\/\/monlacata.cetrexmarketing.com\/ca\/producto\/mirgin-opus-brut-nature\/"]}]},{"@type":"ImageObject","inLanguage":"ca","@id":"https:\/\/monlacata.cetrexmarketing.com\/ca\/producto\/mirgin-opus-brut-nature\/#primaryimage","url":"https:\/\/monlacata.cetrexmarketing.com\/wp-content\/uploads\/2021\/09\/MIRGIN-OPUS-BRUT-NATURE.png","contentUrl":"https:\/\/monlacata.cetrexmarketing.com\/wp-content\/uploads\/2021\/09\/MIRGIN-OPUS-BRUT-NATURE.png","width":765,"height":1024,"caption":"MIRGIN OPUS BRUT NATURE"},{"@type":"BreadcrumbList","@id":"https:\/\/monlacata.cetrexmarketing.com\/ca\/producto\/mirgin-opus-brut-nature\/#breadcrumb","itemListElement":[{"@type":"ListItem","position":1,"name":"Home","item":"https:\/\/monlacata.cetrexmarketing.com\/ca\/"},{"@type":"ListItem","position":2,"name":"Tienda","item":"https:\/\/monlacata.cetrexmarketing.com\/ca\/tienda-2\/"},{"@type":"ListItem","position":3,"name":"Vi Escum\u00f3s","item":"https:\/\/monlacata.cetrexmarketing.com\/categoria-producto\/home-ca\/vi-escumos-ca\/"},{"@type":"ListItem","position":4,"name":"Cava","item":"https:\/\/monlacata.cetrexmarketing.com\/ca\/categoria-producto\/home-ca\/vi-escumos-ca\/cava-ca\/"},{"@type":"ListItem","position":5,"name":"Cava Blanc","item":"https:\/\/monlacata.cetrexmarketing.com\/ca\/categoria-producto\/vi-escumos-ca\/cava-ca\/cava-blanc-ca\/"},{"@type":"ListItem","position":6,"name":"Alta Alella Mirgin Opus Brut Nature"}]},{"@type":"WebSite","@id":"https:\/\/monlacata.cetrexmarketing.com\/#website","url":"https:\/\/monlacata.cetrexmarketing.com\/","name":"M\u00f3n La Cata","description":"Tienda de vinos, licores, cervezas y gourmet","publisher":{"@id":"https:\/\/monlacata.cetrexmarketing.com\/#organization"},"potentialAction":[{"@type":"SearchAction","target":{"@type":"EntryPoint","urlTemplate":"https:\/\/monlacata.cetrexmarketing.com\/?s={search_term_string}"},"query-input":{"@type":"PropertyValueSpecification","valueRequired":true,"valueName":"search_term_string"}}],"inLanguage":"ca"},{"@type":"Organization","@id":"https:\/\/monlacata.cetrexmarketing.com\/#organization","name":"M\u00f3n La Cata","url":"https:\/\/monlacata.cetrexmarketing.com\/","logo":{"@type":"ImageObject","inLanguage":"ca","@id":"https:\/\/monlacata.cetrexmarketing.com\/#\/schema\/logo\/image\/","url":"https:\/\/monlacata.cetrexmarketing.com\/wp-content\/uploads\/2024\/02\/monlacata-logo-blanc.png","contentUrl":"https:\/\/monlacata.cetrexmarketing.com\/wp-content\/uploads\/2024\/02\/monlacata-logo-blanc.png","width":454,"height":193,"caption":"M\u00f3n La Cata"},"image":{"@id":"https:\/\/monlacata.cetrexmarketing.com\/#\/schema\/logo\/image\/"}}]}},"brands":[{"id":32909,"name":"Cava D.O.","slug":"cava-d-o"}],"tiered_pricing_type":"fixed","tiered_pricing_fixed_rules":[],"tiered_pricing_product_settings":{"layout":"default","base_unit_name":{"singular":null,"plural":null},"default_variation":null},"tiered_pricing_minimum_quantity":null,"tiered_pricing_roles_data":[],"tiered_pricing_percentage_rules":[],"tiered_pricing_maximum_quantity":null,"tiered_pricing_quantity_step":null,"_links":{"self":[{"href":"https:\/\/monlacata.cetrexmarketing.com\/ca\/wp-json\/wp\/v2\/product\/47638","targetHints":{"allow":["GET"]}}],"collection":[{"href":"https:\/\/monlacata.cetrexmarketing.com\/ca\/wp-json\/wp\/v2\/product"}],"about":[{"href":"https:\/\/monlacata.cetrexmarketing.com\/ca\/wp-json\/wp\/v2\/types\/product"}],"replies":[{"embeddable":true,"href":"https:\/\/monlacata.cetrexmarketing.com\/ca\/wp-json\/wp\/v2\/comments?post=47638"}],"wp:featuredmedia":[{"embeddable":true,"href":"https:\/\/monlacata.cetrexmarketing.com\/ca\/wp-json\/wp\/v2\/media\/67922"}],"wp:attachment":[{"href":"https:\/\/monlacata.cetrexmarketing.com\/ca\/wp-json\/wp\/v2\/media?parent=47638"}],"wp:term":[{"taxonomy":"pwb-brand","embeddable":true,"href":"https:\/\/monlacata.cetrexmarketing.com\/ca\/wp-json\/wp\/v2\/pwb-brand?post=47638"},{"taxonomy":"product_cat","embeddable":true,"href":"https:\/\/monlacata.cetrexmarketing.com\/ca\/wp-json\/wp\/v2\/product_cat?post=47638"},{"taxonomy":"product_tag","embeddable":true,"href":"https:\/\/monlacata.cetrexmarketing.com\/ca\/wp-json\/wp\/v2\/product_tag?post=47638"}],"curies":[{"name":"wp","href":"https:\/\/api.w.org\/{rel}","templated":true}]}}