{"id":47796,"date":"2021-09-27T13:26:18","date_gmt":"2021-09-27T13:26:18","guid":{"rendered":"https:\/\/monlacata.cetrexmarketing.com\/producto\/ferrer-rovellons-sencers-extra\/"},"modified":"2024-09-24T05:31:45","modified_gmt":"2024-09-24T05:31:45","slug":"ferrer-rovellons-sencers-extra","status":"publish","type":"product","link":"https:\/\/monlacata.cetrexmarketing.com\/ca?product=ferrer-rovellons-sencers-extra","title":{"rendered":"Ferrer Rovellons Sencers Extra"},"content":{"rendered":"<p>Ferrer N\u00edscalo Medall\u00f3 \u00e9s un producte gourmet elaborat a partir de n\u00edscalos de primera qualitat, seleccionats i envasats amb cura. Procedent de la regi\u00f3 catalana, aquest medall\u00f3 de n\u00edscalo destaca per la seva textura ferma i el seu sabor intens, caracter\u00edstic d&#8217;aquest tipus de seta. Ideal per incorporar en plats sofisticats com arrossos, guisats i tapes, o simplement com acompanyament en un \u00e0pat especial. El seu format de medall\u00f3 facilita la preparaci\u00f3 i presentaci\u00f3 a la cuina.<\/p>\n<p>&nbsp;<\/p>\n","protected":false},"excerpt":{"rendered":"<p>Ferrer N\u00edscalo Medall\u00f3 \u00e9s un producte gourmet elaborat a partir de n\u00edscalos de primera qualitat, seleccionats i envasats amb cura. Procedent de la regi\u00f3 catalana, aquest medall\u00f3 de n\u00edscalo destaca per la seva textura ferma i el seu sabor intens, caracter\u00edstic d&#8217;aquest tipus de seta. Ideal per incorporar en plats sofisticats com arrossos, guisats i&hellip;<\/p>\n","protected":false},"featured_media":73180,"comment_status":"closed","ping_status":"closed","template":"","meta":{"_acf_changed":false},"pwb-brand":[],"product_cat":[33046,33154],"product_tag":[51237,51314,51012,51015],"class_list":{"0":"post-47796","1":"product","2":"type-product","3":"status-publish","4":"has-post-thumbnail","6":"product_cat-alimentacio-olis-conserves-embotits-formatges-ca","7":"product_cat-conserva-ca","8":"product_tag-bolets","9":"product_tag-conservas-ca","10":"product_tag-conservas-ferrer-ca","11":"product_tag-ferrer-ca-2","12":"pa_elaborador-conservesferrer-ca","13":"pa_pais-espanya-ca","14":"pa_pesoengramos-330-ca","15":"pa_pesoenkg-033-ca","16":"pa_pueblociudad-santpedorbarcelona-ca","17":"pa_region-cataluna-ca","18":"entry","19":"has-media","21":"first","22":"outofstock","23":"taxable","24":"shipping-taxable","25":"purchasable","26":"product-type-simple"},"acf":[],"yoast_head":"<!-- This site is optimized with the Yoast SEO Premium plugin v23.1 (Yoast SEO v24.1) - https:\/\/yoast.com\/wordpress\/plugins\/seo\/ -->\n<title>Ferrer Rovellons sencers extra al natural<\/title>\n<meta name=\"description\" content=\"Comprar online al millor preu rovellons sencers extra al natural Ferrer pot de vidre 330grs. Alimentaci\u00f3. Productes Gourmet. Viniteca. Begudes. Licoreria.\" \/>\n<meta name=\"robots\" content=\"index, follow, max-snippet:-1, max-image-preview:large, max-video-preview:-1\" \/>\n<link rel=\"canonical\" href=\"https:\/\/monlacata.cetrexmarketing.com\/ca\/producto\/ferrer-rovellons-sencers-extra\/\" \/>\n<meta property=\"og:locale\" content=\"ca_ES\" \/>\n<meta property=\"og:type\" content=\"article\" \/>\n<meta property=\"og:title\" content=\"Ferrer Rovellons Sencers Extra\" \/>\n<meta property=\"og:description\" content=\"Comprar online al millor preu rovellons sencers extra al natural Ferrer pot de vidre 330grs. Alimentaci\u00f3. Productes Gourmet. Viniteca. Begudes. Licoreria.\" \/>\n<meta property=\"og:url\" content=\"https:\/\/monlacata.cetrexmarketing.com\/ca\/producto\/ferrer-rovellons-sencers-extra\/\" \/>\n<meta property=\"og:site_name\" content=\"M\u00f3n La Cata\" \/>\n<meta property=\"article:modified_time\" content=\"2024-09-24T05:31:45+00:00\" \/>\n<meta property=\"og:image\" content=\"https:\/\/monlacata.cetrexmarketing.com\/wp-content\/uploads\/2021\/09\/ferrer-niscalos-enteros-extra.jpg.png\" \/>\n\t<meta property=\"og:image:width\" content=\"765\" \/>\n\t<meta property=\"og:image:height\" content=\"1024\" \/>\n\t<meta property=\"og:image:type\" content=\"image\/png\" \/>\n<meta name=\"twitter:card\" content=\"summary_large_image\" \/>\n<meta name=\"twitter:label1\" content=\"Temps estimat de lectura\" \/>\n\t<meta name=\"twitter:data1\" content=\"1 minut\" \/>\n<script type=\"application\/ld+json\" class=\"yoast-schema-graph\">{\"@context\":\"https:\/\/schema.org\",\"@graph\":[{\"@type\":\"WebPage\",\"@id\":\"https:\/\/monlacata.cetrexmarketing.com\/ca\/producto\/ferrer-rovellons-sencers-extra\/\",\"url\":\"https:\/\/monlacata.cetrexmarketing.com\/ca\/producto\/ferrer-rovellons-sencers-extra\/\",\"name\":\"Ferrer Rovellons sencers extra al natural\",\"isPartOf\":{\"@id\":\"https:\/\/monlacata.cetrexmarketing.com\/#website\"},\"primaryImageOfPage\":{\"@id\":\"https:\/\/monlacata.cetrexmarketing.com\/ca\/producto\/ferrer-rovellons-sencers-extra\/#primaryimage\"},\"image\":{\"@id\":\"https:\/\/monlacata.cetrexmarketing.com\/ca\/producto\/ferrer-rovellons-sencers-extra\/#primaryimage\"},\"thumbnailUrl\":\"https:\/\/monlacata.cetrexmarketing.com\/wp-content\/uploads\/2021\/09\/ferrer-niscalos-enteros-extra.jpg.png\",\"datePublished\":\"2021-09-27T13:26:18+00:00\",\"dateModified\":\"2024-09-24T05:31:45+00:00\",\"description\":\"Comprar online al millor preu rovellons sencers extra al natural Ferrer pot de vidre 330grs. Alimentaci\u00f3. Productes Gourmet. Viniteca. Begudes. Licoreria.\",\"breadcrumb\":{\"@id\":\"https:\/\/monlacata.cetrexmarketing.com\/ca\/producto\/ferrer-rovellons-sencers-extra\/#breadcrumb\"},\"inLanguage\":\"ca\",\"potentialAction\":[{\"@type\":\"ReadAction\",\"target\":[\"https:\/\/monlacata.cetrexmarketing.com\/ca\/producto\/ferrer-rovellons-sencers-extra\/\"]}]},{\"@type\":\"ImageObject\",\"inLanguage\":\"ca\",\"@id\":\"https:\/\/monlacata.cetrexmarketing.com\/ca\/producto\/ferrer-rovellons-sencers-extra\/#primaryimage\",\"url\":\"https:\/\/monlacata.cetrexmarketing.com\/wp-content\/uploads\/2021\/09\/ferrer-niscalos-enteros-extra.jpg.png\",\"contentUrl\":\"https:\/\/monlacata.cetrexmarketing.com\/wp-content\/uploads\/2021\/09\/ferrer-niscalos-enteros-extra.jpg.png\",\"width\":765,\"height\":1024,\"caption\":\"ferrer n\u00edscalos enteros extra.jpg\"},{\"@type\":\"BreadcrumbList\",\"@id\":\"https:\/\/monlacata.cetrexmarketing.com\/ca\/producto\/ferrer-rovellons-sencers-extra\/#breadcrumb\",\"itemListElement\":[{\"@type\":\"ListItem\",\"position\":1,\"name\":\"Home\",\"item\":\"https:\/\/monlacata.cetrexmarketing.com\/ca\/\"},{\"@type\":\"ListItem\",\"position\":2,\"name\":\"Tienda\",\"item\":\"https:\/\/monlacata.cetrexmarketing.com\/ca\/tienda-2\/\"},{\"@type\":\"ListItem\",\"position\":3,\"name\":\"Tienda\",\"item\":\"https:\/\/monlacata.cetrexmarketing.com\/categoria-producto\/inicio\/\"},{\"@type\":\"ListItem\",\"position\":4,\"name\":\"Alimentaci\u00f3n, aceites, conservas, embutidos, quesos...\",\"item\":\"https:\/\/monlacata.cetrexmarketing.com\/categoria-producto\/inicio\/alimentacion-aceites-conservas-embutidos-quesos\/\"},{\"@type\":\"ListItem\",\"position\":5,\"name\":\"Conserva\",\"item\":\"https:\/\/monlacata.cetrexmarketing.com\/categoria-producto\/inicio\/alimentacion-aceites-conservas-embutidos-quesos\/conserva\/\"},{\"@type\":\"ListItem\",\"position\":6,\"name\":\"Ferrer Rovellons Sencers Extra\"}]},{\"@type\":\"WebSite\",\"@id\":\"https:\/\/monlacata.cetrexmarketing.com\/#website\",\"url\":\"https:\/\/monlacata.cetrexmarketing.com\/\",\"name\":\"M\u00f3n La Cata\",\"description\":\"Tienda de vinos, licores, cervezas y gourmet\",\"publisher\":{\"@id\":\"https:\/\/monlacata.cetrexmarketing.com\/#organization\"},\"potentialAction\":[{\"@type\":\"SearchAction\",\"target\":{\"@type\":\"EntryPoint\",\"urlTemplate\":\"https:\/\/monlacata.cetrexmarketing.com\/?s={search_term_string}\"},\"query-input\":{\"@type\":\"PropertyValueSpecification\",\"valueRequired\":true,\"valueName\":\"search_term_string\"}}],\"inLanguage\":\"ca\"},{\"@type\":\"Organization\",\"@id\":\"https:\/\/monlacata.cetrexmarketing.com\/#organization\",\"name\":\"M\u00f3n La Cata\",\"url\":\"https:\/\/monlacata.cetrexmarketing.com\/\",\"logo\":{\"@type\":\"ImageObject\",\"inLanguage\":\"ca\",\"@id\":\"https:\/\/monlacata.cetrexmarketing.com\/#\/schema\/logo\/image\/\",\"url\":\"https:\/\/monlacata.cetrexmarketing.com\/wp-content\/uploads\/2024\/02\/monlacata-logo-blanc.png\",\"contentUrl\":\"https:\/\/monlacata.cetrexmarketing.com\/wp-content\/uploads\/2024\/02\/monlacata-logo-blanc.png\",\"width\":454,\"height\":193,\"caption\":\"M\u00f3n La Cata\"},\"image\":{\"@id\":\"https:\/\/monlacata.cetrexmarketing.com\/#\/schema\/logo\/image\/\"}}]}<\/script>\n<!-- \/ Yoast SEO Premium plugin. -->","yoast_head_json":{"title":"Ferrer Rovellons sencers extra al natural","description":"Comprar online al millor preu rovellons sencers extra al natural Ferrer pot de vidre 330grs. Alimentaci\u00f3. Productes Gourmet. Viniteca. Begudes. Licoreria.","robots":{"index":"index","follow":"follow","max-snippet":"max-snippet:-1","max-image-preview":"max-image-preview:large","max-video-preview":"max-video-preview:-1"},"canonical":"https:\/\/monlacata.cetrexmarketing.com\/ca\/producto\/ferrer-rovellons-sencers-extra\/","og_locale":"ca_ES","og_type":"article","og_title":"Ferrer Rovellons Sencers Extra","og_description":"Comprar online al millor preu rovellons sencers extra al natural Ferrer pot de vidre 330grs. Alimentaci\u00f3. Productes Gourmet. Viniteca. Begudes. Licoreria.","og_url":"https:\/\/monlacata.cetrexmarketing.com\/ca\/producto\/ferrer-rovellons-sencers-extra\/","og_site_name":"M\u00f3n La Cata","article_modified_time":"2024-09-24T05:31:45+00:00","og_image":[{"width":765,"height":1024,"url":"https:\/\/monlacata.cetrexmarketing.com\/wp-content\/uploads\/2021\/09\/ferrer-niscalos-enteros-extra.jpg.png","type":"image\/png"}],"twitter_card":"summary_large_image","twitter_misc":{"Temps estimat de lectura":"1 minut"},"schema":{"@context":"https:\/\/schema.org","@graph":[{"@type":"WebPage","@id":"https:\/\/monlacata.cetrexmarketing.com\/ca\/producto\/ferrer-rovellons-sencers-extra\/","url":"https:\/\/monlacata.cetrexmarketing.com\/ca\/producto\/ferrer-rovellons-sencers-extra\/","name":"Ferrer Rovellons sencers extra al natural","isPartOf":{"@id":"https:\/\/monlacata.cetrexmarketing.com\/#website"},"primaryImageOfPage":{"@id":"https:\/\/monlacata.cetrexmarketing.com\/ca\/producto\/ferrer-rovellons-sencers-extra\/#primaryimage"},"image":{"@id":"https:\/\/monlacata.cetrexmarketing.com\/ca\/producto\/ferrer-rovellons-sencers-extra\/#primaryimage"},"thumbnailUrl":"https:\/\/monlacata.cetrexmarketing.com\/wp-content\/uploads\/2021\/09\/ferrer-niscalos-enteros-extra.jpg.png","datePublished":"2021-09-27T13:26:18+00:00","dateModified":"2024-09-24T05:31:45+00:00","description":"Comprar online al millor preu rovellons sencers extra al natural Ferrer pot de vidre 330grs. Alimentaci\u00f3. Productes Gourmet. Viniteca. Begudes. Licoreria.","breadcrumb":{"@id":"https:\/\/monlacata.cetrexmarketing.com\/ca\/producto\/ferrer-rovellons-sencers-extra\/#breadcrumb"},"inLanguage":"ca","potentialAction":[{"@type":"ReadAction","target":["https:\/\/monlacata.cetrexmarketing.com\/ca\/producto\/ferrer-rovellons-sencers-extra\/"]}]},{"@type":"ImageObject","inLanguage":"ca","@id":"https:\/\/monlacata.cetrexmarketing.com\/ca\/producto\/ferrer-rovellons-sencers-extra\/#primaryimage","url":"https:\/\/monlacata.cetrexmarketing.com\/wp-content\/uploads\/2021\/09\/ferrer-niscalos-enteros-extra.jpg.png","contentUrl":"https:\/\/monlacata.cetrexmarketing.com\/wp-content\/uploads\/2021\/09\/ferrer-niscalos-enteros-extra.jpg.png","width":765,"height":1024,"caption":"ferrer n\u00edscalos enteros extra.jpg"},{"@type":"BreadcrumbList","@id":"https:\/\/monlacata.cetrexmarketing.com\/ca\/producto\/ferrer-rovellons-sencers-extra\/#breadcrumb","itemListElement":[{"@type":"ListItem","position":1,"name":"Home","item":"https:\/\/monlacata.cetrexmarketing.com\/ca\/"},{"@type":"ListItem","position":2,"name":"Tienda","item":"https:\/\/monlacata.cetrexmarketing.com\/ca\/tienda-2\/"},{"@type":"ListItem","position":3,"name":"Tienda","item":"https:\/\/monlacata.cetrexmarketing.com\/categoria-producto\/inicio\/"},{"@type":"ListItem","position":4,"name":"Alimentaci\u00f3n, aceites, conservas, embutidos, quesos...","item":"https:\/\/monlacata.cetrexmarketing.com\/categoria-producto\/inicio\/alimentacion-aceites-conservas-embutidos-quesos\/"},{"@type":"ListItem","position":5,"name":"Conserva","item":"https:\/\/monlacata.cetrexmarketing.com\/categoria-producto\/inicio\/alimentacion-aceites-conservas-embutidos-quesos\/conserva\/"},{"@type":"ListItem","position":6,"name":"Ferrer Rovellons Sencers Extra"}]},{"@type":"WebSite","@id":"https:\/\/monlacata.cetrexmarketing.com\/#website","url":"https:\/\/monlacata.cetrexmarketing.com\/","name":"M\u00f3n La Cata","description":"Tienda de vinos, licores, cervezas y gourmet","publisher":{"@id":"https:\/\/monlacata.cetrexmarketing.com\/#organization"},"potentialAction":[{"@type":"SearchAction","target":{"@type":"EntryPoint","urlTemplate":"https:\/\/monlacata.cetrexmarketing.com\/?s={search_term_string}"},"query-input":{"@type":"PropertyValueSpecification","valueRequired":true,"valueName":"search_term_string"}}],"inLanguage":"ca"},{"@type":"Organization","@id":"https:\/\/monlacata.cetrexmarketing.com\/#organization","name":"M\u00f3n La Cata","url":"https:\/\/monlacata.cetrexmarketing.com\/","logo":{"@type":"ImageObject","inLanguage":"ca","@id":"https:\/\/monlacata.cetrexmarketing.com\/#\/schema\/logo\/image\/","url":"https:\/\/monlacata.cetrexmarketing.com\/wp-content\/uploads\/2024\/02\/monlacata-logo-blanc.png","contentUrl":"https:\/\/monlacata.cetrexmarketing.com\/wp-content\/uploads\/2024\/02\/monlacata-logo-blanc.png","width":454,"height":193,"caption":"M\u00f3n La Cata"},"image":{"@id":"https:\/\/monlacata.cetrexmarketing.com\/#\/schema\/logo\/image\/"}}]}},"brands":[],"tiered_pricing_type":"fixed","tiered_pricing_fixed_rules":[],"tiered_pricing_product_settings":{"layout":"default","base_unit_name":{"singular":null,"plural":null},"default_variation":null},"tiered_pricing_minimum_quantity":1,"tiered_pricing_roles_data":[],"tiered_pricing_percentage_rules":[],"tiered_pricing_maximum_quantity":null,"tiered_pricing_quantity_step":null,"_links":{"self":[{"href":"https:\/\/monlacata.cetrexmarketing.com\/ca\/index.php?rest_route=\/wp\/v2\/product\/47796","targetHints":{"allow":["GET"]}}],"collection":[{"href":"https:\/\/monlacata.cetrexmarketing.com\/ca\/index.php?rest_route=\/wp\/v2\/product"}],"about":[{"href":"https:\/\/monlacata.cetrexmarketing.com\/ca\/index.php?rest_route=\/wp\/v2\/types\/product"}],"replies":[{"embeddable":true,"href":"https:\/\/monlacata.cetrexmarketing.com\/ca\/index.php?rest_route=%2Fwp%2Fv2%2Fcomments&post=47796"}],"wp:featuredmedia":[{"embeddable":true,"href":"https:\/\/monlacata.cetrexmarketing.com\/ca\/index.php?rest_route=\/wp\/v2\/media\/73180"}],"wp:attachment":[{"href":"https:\/\/monlacata.cetrexmarketing.com\/ca\/index.php?rest_route=%2Fwp%2Fv2%2Fmedia&parent=47796"}],"wp:term":[{"taxonomy":"pwb-brand","embeddable":true,"href":"https:\/\/monlacata.cetrexmarketing.com\/ca\/index.php?rest_route=%2Fwp%2Fv2%2Fpwb-brand&post=47796"},{"taxonomy":"product_cat","embeddable":true,"href":"https:\/\/monlacata.cetrexmarketing.com\/ca\/index.php?rest_route=%2Fwp%2Fv2%2Fproduct_cat&post=47796"},{"taxonomy":"product_tag","embeddable":true,"href":"https:\/\/monlacata.cetrexmarketing.com\/ca\/index.php?rest_route=%2Fwp%2Fv2%2Fproduct_tag&post=47796"}],"curies":[{"name":"wp","href":"https:\/\/api.w.org\/{rel}","templated":true}]}}