{"id":48274,"date":"2022-02-09T13:48:49","date_gmt":"2022-02-09T13:48:49","guid":{"rendered":"https:\/\/monlacata.cetrexmarketing.com\/producto\/alma-luxury-menta-poliol-20-piramides\/"},"modified":"2025-03-03T16:44:05","modified_gmt":"2025-03-03T16:44:05","slug":"alma-luxury-menta-poliol-20-piramides","status":"publish","type":"product","link":"https:\/\/monlacata.cetrexmarketing.com\/ca\/producto\/alma-luxury-menta-poliol-20-piramides\/","title":{"rendered":"Alma Luxury Menta Poliol"},"content":{"rendered":"<p>L&#8217;infusi\u00f3 Alma Luxury Menta Poliol 20 pir\u00e0mides \u00e9s una elecci\u00f3 perfecta per als amants del sabor i la salut. Lliure de gluten, cafe\u00efna i te\u00efna, \u00e9s ideal per a persones amb sensibilitats aliment\u00e0ries. La seva alta qualitat es reflecteix en cada glop, amb una menta fresca i pura que revitalitza i refresca. Les pir\u00e0mides individualment envasades preserven la frescor i els nutrients, garantint una experi\u00e8ncia arom\u00e0tica intensa. Perfecta per a moments de relaxaci\u00f3 o com a beguda digestiva despr\u00e9s de les menjades, Alma Luxury Menta Poliol 20 pir\u00e0mides \u00e9s la fusi\u00f3 perfecta de sabor i benestar.<\/p>\n","protected":false},"excerpt":{"rendered":"<p>L&#8217;infusi\u00f3 Alma Luxury Menta Poliol 20 pir\u00e0mides \u00e9s una elecci\u00f3 perfecta per als amants del sabor i la salut. Lliure de gluten, cafe\u00efna i te\u00efna, \u00e9s ideal per a persones amb sensibilitats aliment\u00e0ries. La seva alta qualitat es reflecteix en cada glop, amb una menta fresca i pura que revitalitza i refresca. Les pir\u00e0mides individualment&hellip;<\/p>\n","protected":false},"featured_media":82801,"comment_status":"closed","ping_status":"closed","template":"","meta":{"_acf_changed":false},"pwb-brand":[],"product_cat":[33046,33150],"product_tag":[17701,17689,17702,17703,17622,15312,17705,17704,17706],"class_list":{"0":"post-48274","1":"product","2":"type-product","3":"status-publish","4":"has-post-thumbnail","6":"product_cat-alimentacio-olis-conserves-embotits-formatges-ca","7":"product_cat-infusio-ca","8":"product_tag-alma-ca","9":"product_tag-coffee-center-ca","10":"product_tag-infusion-ca","11":"product_tag-infusiones-ca","12":"product_tag-luxury-ca","13":"product_tag-menta-ca","14":"product_tag-menta-poleo-ca","15":"product_tag-poleo-ca","16":"product_tag-poleo-menta-ca","17":"pa_certificado-certificat-dagricultura-ecologica","18":"pa_elaborador-coffecenter-ca","19":"pa_firmacomercial-almaluxury-ca","20":"pa_pais-espanya-ca","21":"pa_pesoengramos-38338","22":"pa_pesoenkg-38232","23":"pa_pueblociudad-aiguavivagirona-ca","24":"pa_region-cataluna-ca","25":"entry","26":"has-media","28":"first","29":"instock","30":"taxable","31":"shipping-taxable","32":"purchasable","33":"product-type-simple"},"acf":[],"yoast_head":"<!-- This site is optimized with the Yoast SEO Premium plugin v23.1 (Yoast SEO v24.1) - https:\/\/yoast.com\/wordpress\/plugins\/seo\/ -->\n<title>Alma Luxury Menta Poleo 20 pir\u00e0mides<\/title>\n<meta name=\"description\" content=\"Comprar online al millor preu 20 bosses d&#039;infusi\u00f3 de Menta Poliol Alma Luxury. Productes gourmet. Alimentaci\u00f3. Viniteca. Licoreria. Begudes. Descomptes.\" \/>\n<meta name=\"robots\" content=\"noindex, follow, max-snippet:-1, max-image-preview:large, max-video-preview:-1\" \/>\n<meta property=\"og:locale\" content=\"ca_ES\" \/>\n<meta property=\"og:type\" content=\"article\" \/>\n<meta property=\"og:title\" content=\"Alma Luxury Menta Poliol\" \/>\n<meta property=\"og:description\" content=\"Comprar online al millor preu 20 bosses d&#039;infusi\u00f3 de Menta Poliol Alma Luxury. Productes gourmet. Alimentaci\u00f3. Viniteca. Licoreria. Begudes. Descomptes.\" \/>\n<meta property=\"og:url\" content=\"https:\/\/monlacata.cetrexmarketing.com\/ca\/producto\/alma-luxury-menta-poliol-20-piramides\/\" \/>\n<meta property=\"og:site_name\" content=\"M\u00f3n La Cata\" \/>\n<meta property=\"article:modified_time\" content=\"2025-03-03T16:44:05+00:00\" \/>\n<meta property=\"og:image\" content=\"https:\/\/monlacata.cetrexmarketing.com\/wp-content\/uploads\/2022\/02\/alma-luxury-menta-polea.jpg.png\" \/>\n\t<meta property=\"og:image:width\" content=\"765\" \/>\n\t<meta property=\"og:image:height\" content=\"1024\" \/>\n\t<meta property=\"og:image:type\" content=\"image\/png\" \/>\n<meta name=\"twitter:card\" content=\"summary_large_image\" \/>\n<meta name=\"twitter:label1\" content=\"Temps estimat de lectura\" \/>\n\t<meta name=\"twitter:data1\" content=\"1 minut\" \/>\n<script type=\"application\/ld+json\" class=\"yoast-schema-graph\">{\"@context\":\"https:\/\/schema.org\",\"@graph\":[{\"@type\":\"WebPage\",\"@id\":\"https:\/\/monlacata.cetrexmarketing.com\/ca\/producto\/alma-luxury-menta-poliol-20-piramides\/\",\"url\":\"https:\/\/monlacata.cetrexmarketing.com\/ca\/producto\/alma-luxury-menta-poliol-20-piramides\/\",\"name\":\"Alma Luxury Menta Poleo 20 pir\u00e0mides\",\"isPartOf\":{\"@id\":\"https:\/\/monlacata.cetrexmarketing.com\/#website\"},\"primaryImageOfPage\":{\"@id\":\"https:\/\/monlacata.cetrexmarketing.com\/ca\/producto\/alma-luxury-menta-poliol-20-piramides\/#primaryimage\"},\"image\":{\"@id\":\"https:\/\/monlacata.cetrexmarketing.com\/ca\/producto\/alma-luxury-menta-poliol-20-piramides\/#primaryimage\"},\"thumbnailUrl\":\"https:\/\/monlacata.cetrexmarketing.com\/wp-content\/uploads\/2022\/02\/alma-luxury-menta-polea.jpg.png\",\"datePublished\":\"2022-02-09T13:48:49+00:00\",\"dateModified\":\"2025-03-03T16:44:05+00:00\",\"description\":\"Comprar online al millor preu 20 bosses d'infusi\u00f3 de Menta Poliol Alma Luxury. Productes gourmet. Alimentaci\u00f3. Viniteca. Licoreria. Begudes. Descomptes.\",\"breadcrumb\":{\"@id\":\"https:\/\/monlacata.cetrexmarketing.com\/ca\/producto\/alma-luxury-menta-poliol-20-piramides\/#breadcrumb\"},\"inLanguage\":\"ca\",\"potentialAction\":[{\"@type\":\"ReadAction\",\"target\":[\"https:\/\/monlacata.cetrexmarketing.com\/ca\/producto\/alma-luxury-menta-poliol-20-piramides\/\"]}]},{\"@type\":\"ImageObject\",\"inLanguage\":\"ca\",\"@id\":\"https:\/\/monlacata.cetrexmarketing.com\/ca\/producto\/alma-luxury-menta-poliol-20-piramides\/#primaryimage\",\"url\":\"https:\/\/monlacata.cetrexmarketing.com\/wp-content\/uploads\/2022\/02\/alma-luxury-menta-polea.jpg.png\",\"contentUrl\":\"https:\/\/monlacata.cetrexmarketing.com\/wp-content\/uploads\/2022\/02\/alma-luxury-menta-polea.jpg.png\",\"width\":765,\"height\":1024,\"caption\":\"alma luxury menta polea.jpg\"},{\"@type\":\"BreadcrumbList\",\"@id\":\"https:\/\/monlacata.cetrexmarketing.com\/ca\/producto\/alma-luxury-menta-poliol-20-piramides\/#breadcrumb\",\"itemListElement\":[{\"@type\":\"ListItem\",\"position\":1,\"name\":\"Home\",\"item\":\"https:\/\/monlacata.cetrexmarketing.com\/ca\/\"},{\"@type\":\"ListItem\",\"position\":2,\"name\":\"Tienda\",\"item\":\"https:\/\/monlacata.cetrexmarketing.com\/ca\/tienda-2\/\"},{\"@type\":\"ListItem\",\"position\":3,\"name\":\"Tienda\",\"item\":\"https:\/\/monlacata.cetrexmarketing.com\/categoria-producto\/inicio\/\"},{\"@type\":\"ListItem\",\"position\":4,\"name\":\"Alimentaci\u00f3n, aceites, conservas, embutidos, quesos...\",\"item\":\"https:\/\/monlacata.cetrexmarketing.com\/categoria-producto\/inicio\/alimentacion-aceites-conservas-embutidos-quesos\/\"},{\"@type\":\"ListItem\",\"position\":5,\"name\":\"Infusi\u00f3n\",\"item\":\"https:\/\/monlacata.cetrexmarketing.com\/categoria-producto\/inicio\/alimentacion-aceites-conservas-embutidos-quesos\/infusion-alimentacio-olis-conserves-embotits-formatges-ca\/\"},{\"@type\":\"ListItem\",\"position\":6,\"name\":\"Alma Luxury Menta Poliol\"}]},{\"@type\":\"WebSite\",\"@id\":\"https:\/\/monlacata.cetrexmarketing.com\/#website\",\"url\":\"https:\/\/monlacata.cetrexmarketing.com\/\",\"name\":\"M\u00f3n La Cata\",\"description\":\"Tienda de vinos, licores, cervezas y gourmet\",\"publisher\":{\"@id\":\"https:\/\/monlacata.cetrexmarketing.com\/#organization\"},\"potentialAction\":[{\"@type\":\"SearchAction\",\"target\":{\"@type\":\"EntryPoint\",\"urlTemplate\":\"https:\/\/monlacata.cetrexmarketing.com\/?s={search_term_string}\"},\"query-input\":{\"@type\":\"PropertyValueSpecification\",\"valueRequired\":true,\"valueName\":\"search_term_string\"}}],\"inLanguage\":\"ca\"},{\"@type\":\"Organization\",\"@id\":\"https:\/\/monlacata.cetrexmarketing.com\/#organization\",\"name\":\"M\u00f3n La Cata\",\"url\":\"https:\/\/monlacata.cetrexmarketing.com\/\",\"logo\":{\"@type\":\"ImageObject\",\"inLanguage\":\"ca\",\"@id\":\"https:\/\/monlacata.cetrexmarketing.com\/#\/schema\/logo\/image\/\",\"url\":\"https:\/\/monlacata.cetrexmarketing.com\/wp-content\/uploads\/2024\/02\/monlacata-logo-blanc.png\",\"contentUrl\":\"https:\/\/monlacata.cetrexmarketing.com\/wp-content\/uploads\/2024\/02\/monlacata-logo-blanc.png\",\"width\":454,\"height\":193,\"caption\":\"M\u00f3n La Cata\"},\"image\":{\"@id\":\"https:\/\/monlacata.cetrexmarketing.com\/#\/schema\/logo\/image\/\"}}]}<\/script>\n<!-- \/ Yoast SEO Premium plugin. -->","yoast_head_json":{"title":"Alma Luxury Menta Poleo 20 pir\u00e0mides","description":"Comprar online al millor preu 20 bosses d'infusi\u00f3 de Menta Poliol Alma Luxury. Productes gourmet. Alimentaci\u00f3. Viniteca. Licoreria. Begudes. Descomptes.","robots":{"index":"noindex","follow":"follow","max-snippet":"max-snippet:-1","max-image-preview":"max-image-preview:large","max-video-preview":"max-video-preview:-1"},"og_locale":"ca_ES","og_type":"article","og_title":"Alma Luxury Menta Poliol","og_description":"Comprar online al millor preu 20 bosses d'infusi\u00f3 de Menta Poliol Alma Luxury. Productes gourmet. Alimentaci\u00f3. Viniteca. Licoreria. Begudes. Descomptes.","og_url":"https:\/\/monlacata.cetrexmarketing.com\/ca\/producto\/alma-luxury-menta-poliol-20-piramides\/","og_site_name":"M\u00f3n La Cata","article_modified_time":"2025-03-03T16:44:05+00:00","og_image":[{"width":765,"height":1024,"url":"https:\/\/monlacata.cetrexmarketing.com\/wp-content\/uploads\/2022\/02\/alma-luxury-menta-polea.jpg.png","type":"image\/png"}],"twitter_card":"summary_large_image","twitter_misc":{"Temps estimat de lectura":"1 minut"},"schema":{"@context":"https:\/\/schema.org","@graph":[{"@type":"WebPage","@id":"https:\/\/monlacata.cetrexmarketing.com\/ca\/producto\/alma-luxury-menta-poliol-20-piramides\/","url":"https:\/\/monlacata.cetrexmarketing.com\/ca\/producto\/alma-luxury-menta-poliol-20-piramides\/","name":"Alma Luxury Menta Poleo 20 pir\u00e0mides","isPartOf":{"@id":"https:\/\/monlacata.cetrexmarketing.com\/#website"},"primaryImageOfPage":{"@id":"https:\/\/monlacata.cetrexmarketing.com\/ca\/producto\/alma-luxury-menta-poliol-20-piramides\/#primaryimage"},"image":{"@id":"https:\/\/monlacata.cetrexmarketing.com\/ca\/producto\/alma-luxury-menta-poliol-20-piramides\/#primaryimage"},"thumbnailUrl":"https:\/\/monlacata.cetrexmarketing.com\/wp-content\/uploads\/2022\/02\/alma-luxury-menta-polea.jpg.png","datePublished":"2022-02-09T13:48:49+00:00","dateModified":"2025-03-03T16:44:05+00:00","description":"Comprar online al millor preu 20 bosses d'infusi\u00f3 de Menta Poliol Alma Luxury. Productes gourmet. Alimentaci\u00f3. Viniteca. Licoreria. Begudes. Descomptes.","breadcrumb":{"@id":"https:\/\/monlacata.cetrexmarketing.com\/ca\/producto\/alma-luxury-menta-poliol-20-piramides\/#breadcrumb"},"inLanguage":"ca","potentialAction":[{"@type":"ReadAction","target":["https:\/\/monlacata.cetrexmarketing.com\/ca\/producto\/alma-luxury-menta-poliol-20-piramides\/"]}]},{"@type":"ImageObject","inLanguage":"ca","@id":"https:\/\/monlacata.cetrexmarketing.com\/ca\/producto\/alma-luxury-menta-poliol-20-piramides\/#primaryimage","url":"https:\/\/monlacata.cetrexmarketing.com\/wp-content\/uploads\/2022\/02\/alma-luxury-menta-polea.jpg.png","contentUrl":"https:\/\/monlacata.cetrexmarketing.com\/wp-content\/uploads\/2022\/02\/alma-luxury-menta-polea.jpg.png","width":765,"height":1024,"caption":"alma luxury menta polea.jpg"},{"@type":"BreadcrumbList","@id":"https:\/\/monlacata.cetrexmarketing.com\/ca\/producto\/alma-luxury-menta-poliol-20-piramides\/#breadcrumb","itemListElement":[{"@type":"ListItem","position":1,"name":"Home","item":"https:\/\/monlacata.cetrexmarketing.com\/ca\/"},{"@type":"ListItem","position":2,"name":"Tienda","item":"https:\/\/monlacata.cetrexmarketing.com\/ca\/tienda-2\/"},{"@type":"ListItem","position":3,"name":"Tienda","item":"https:\/\/monlacata.cetrexmarketing.com\/categoria-producto\/inicio\/"},{"@type":"ListItem","position":4,"name":"Alimentaci\u00f3n, aceites, conservas, embutidos, quesos...","item":"https:\/\/monlacata.cetrexmarketing.com\/categoria-producto\/inicio\/alimentacion-aceites-conservas-embutidos-quesos\/"},{"@type":"ListItem","position":5,"name":"Infusi\u00f3n","item":"https:\/\/monlacata.cetrexmarketing.com\/categoria-producto\/inicio\/alimentacion-aceites-conservas-embutidos-quesos\/infusion-alimentacio-olis-conserves-embotits-formatges-ca\/"},{"@type":"ListItem","position":6,"name":"Alma Luxury Menta Poliol"}]},{"@type":"WebSite","@id":"https:\/\/monlacata.cetrexmarketing.com\/#website","url":"https:\/\/monlacata.cetrexmarketing.com\/","name":"M\u00f3n La Cata","description":"Tienda de vinos, licores, cervezas y gourmet","publisher":{"@id":"https:\/\/monlacata.cetrexmarketing.com\/#organization"},"potentialAction":[{"@type":"SearchAction","target":{"@type":"EntryPoint","urlTemplate":"https:\/\/monlacata.cetrexmarketing.com\/?s={search_term_string}"},"query-input":{"@type":"PropertyValueSpecification","valueRequired":true,"valueName":"search_term_string"}}],"inLanguage":"ca"},{"@type":"Organization","@id":"https:\/\/monlacata.cetrexmarketing.com\/#organization","name":"M\u00f3n La Cata","url":"https:\/\/monlacata.cetrexmarketing.com\/","logo":{"@type":"ImageObject","inLanguage":"ca","@id":"https:\/\/monlacata.cetrexmarketing.com\/#\/schema\/logo\/image\/","url":"https:\/\/monlacata.cetrexmarketing.com\/wp-content\/uploads\/2024\/02\/monlacata-logo-blanc.png","contentUrl":"https:\/\/monlacata.cetrexmarketing.com\/wp-content\/uploads\/2024\/02\/monlacata-logo-blanc.png","width":454,"height":193,"caption":"M\u00f3n La Cata"},"image":{"@id":"https:\/\/monlacata.cetrexmarketing.com\/#\/schema\/logo\/image\/"}}]}},"brands":[],"tiered_pricing_type":"fixed","tiered_pricing_fixed_rules":[],"tiered_pricing_product_settings":{"layout":"default","base_unit_name":{"singular":null,"plural":null},"default_variation":null},"tiered_pricing_minimum_quantity":null,"tiered_pricing_roles_data":[],"tiered_pricing_percentage_rules":[],"tiered_pricing_maximum_quantity":null,"tiered_pricing_quantity_step":null,"_links":{"self":[{"href":"https:\/\/monlacata.cetrexmarketing.com\/ca\/wp-json\/wp\/v2\/product\/48274","targetHints":{"allow":["GET"]}}],"collection":[{"href":"https:\/\/monlacata.cetrexmarketing.com\/ca\/wp-json\/wp\/v2\/product"}],"about":[{"href":"https:\/\/monlacata.cetrexmarketing.com\/ca\/wp-json\/wp\/v2\/types\/product"}],"replies":[{"embeddable":true,"href":"https:\/\/monlacata.cetrexmarketing.com\/ca\/wp-json\/wp\/v2\/comments?post=48274"}],"wp:featuredmedia":[{"embeddable":true,"href":"https:\/\/monlacata.cetrexmarketing.com\/ca\/wp-json\/wp\/v2\/media\/82801"}],"wp:attachment":[{"href":"https:\/\/monlacata.cetrexmarketing.com\/ca\/wp-json\/wp\/v2\/media?parent=48274"}],"wp:term":[{"taxonomy":"pwb-brand","embeddable":true,"href":"https:\/\/monlacata.cetrexmarketing.com\/ca\/wp-json\/wp\/v2\/pwb-brand?post=48274"},{"taxonomy":"product_cat","embeddable":true,"href":"https:\/\/monlacata.cetrexmarketing.com\/ca\/wp-json\/wp\/v2\/product_cat?post=48274"},{"taxonomy":"product_tag","embeddable":true,"href":"https:\/\/monlacata.cetrexmarketing.com\/ca\/wp-json\/wp\/v2\/product_tag?post=48274"}],"curies":[{"name":"wp","href":"https:\/\/api.w.org\/{rel}","templated":true}]}}