{"id":48708,"date":"2022-05-27T13:28:33","date_gmt":"2022-05-27T13:28:33","guid":{"rendered":"https:\/\/monlacata.cetrexmarketing.com\/producto\/vina-pomal-blanc\/"},"modified":"2025-05-26T15:49:31","modified_gmt":"2025-05-26T15:49:31","slug":"vina-pomal-blanc","status":"publish","type":"product","link":"https:\/\/monlacata.cetrexmarketing.com\/ca\/producto\/vina-pomal-blanc\/","title":{"rendered":"Vi\u00f1a Pomal Blanc"},"content":{"rendered":"<p data-start=\"0\" data-end=\"261\"><strong data-start=\"0\" data-end=\"21\">Vi\u00f1a Pomal Blanco<\/strong> \u00e9s un vi blanc amb crian\u00e7a de la D.O.Ca. Rioja, elaborat per Bodegas Bilba\u00ednas, una de les bodegues m\u00e9s antigues de la regi\u00f3. <span class=\"relative -mx-px my-[-0.2rem] rounded px-px py-[0.2rem] transition-colors duration-100 ease-in-out\">Aquest vi \u00e9s un cupatge de 70% Viura i 30% Malvas\u00eda, varietats tradicionals de la zona<\/span><\/p>\n<p data-start=\"263\" data-end=\"280\"><strong data-start=\"263\" data-end=\"280\">Nota de tast:<\/strong><\/p>\n<ul data-start=\"281\" data-end=\"474\">\n<li data-start=\"281\" data-end=\"332\">\n<p data-start=\"283\" data-end=\"332\"><strong data-start=\"283\" data-end=\"293\">Vista:<\/strong> <span class=\"relative -mx-px my-[-0.2rem] rounded px-px py-[0.2rem] transition-colors duration-100 ease-in-out\">Color groc p\u00e0l\u00b7lid amb reflexos acerats<\/span>.<\/p>\n<\/li>\n<li data-start=\"333\" data-end=\"382\">\n<p data-start=\"335\" data-end=\"382\"><strong data-start=\"335\" data-end=\"343\">Nas:<\/strong> <span class=\"relative -mx-px my-[-0.2rem] rounded px-px py-[0.2rem] transition-colors duration-100 ease-in-out\">Aromes frescos de pell de c\u00edtrics, manzanilla, hinojo i fruita de pinyol, amb subtils notes de torrats provinents de la crian\u00e7a en fusta<\/span>.<\/p>\n<\/li>\n<li data-start=\"383\" data-end=\"474\">\n<p data-start=\"385\" data-end=\"474\"><strong data-start=\"385\" data-end=\"394\">Boca:<\/strong> <span class=\"relative -mx-px my-[-0.2rem] rounded px-px py-[0.2rem] transition-colors duration-100 ease-in-out\">Entrada amable i fresca, amb bona longitud i volum, equilibrat amb lleugeres notes salines<\/span><\/p>\n<\/li>\n<\/ul>\n<p data-start=\"476\" data-end=\"620\"><strong data-start=\"476\" data-end=\"500\">Maridatge recomanat:<\/strong> <span class=\"relative -mx-px my-[-0.2rem] rounded px-px py-[0.2rem] transition-colors duration-100 ease-in-out\">Ideal per acompanyar plats com peixos i mariscos, verdures, cremes i formatges semicurats<\/span><\/p>\n<p data-start=\"622\" data-end=\"756\"><strong data-start=\"622\" data-end=\"636\">Conclusi\u00f3:<\/strong> <span class=\"relative -mx-px my-[-0.2rem] rounded px-px py-[0.2rem] transition-colors duration-100 ease-in-out\">Vi\u00f1a Pomal Blanco \u00e9s un vi elegant i equilibrat que reflecteix la tradici\u00f3 vitivin\u00edcola de la Rioja Alta.<\/span> <span class=\"relative -mx-px my-[-0.2rem] rounded px-px py-[0.2rem] transition-colors duration-100 ease-in-out\">La seva frescor, complexitat i versatilitat el converteixen en una excel\u00b7lent elecci\u00f3 per a diverses ocasions gastron\u00f2miques<\/span>.<\/p>\n<p class=\"\" data-start=\"2057\" data-end=\"2173\">\n","protected":false},"excerpt":{"rendered":"<p>Vi\u00f1a Pomal Blanco es un vino blanco con crianza de la D.O.Ca. Rioja elaborado por Bodegas Bilba\u00ednas, que combina Viura y Malvas\u00eda para ofrecer un perfil fresco y elegante. Destaca por sus aromas c\u00edtricos y notas sutiles de fruta de hueso, con un toque tostado de la crianza en madera. En boca es amable, equilibrado y con buena persistencia, ideal para maridar con pescados, mariscos, verduras y quesos semicurados. Un vino vers\u00e1til que refleja la tradici\u00f3n y calidad de la Rioja Alta.<\/p>\n","protected":false},"featured_media":63386,"comment_status":"closed","ping_status":"closed","template":"","meta":{"_acf_changed":false},"pwb-brand":[],"product_cat":[33020,33092],"product_tag":[50428,51742,14914,16187,16026,50359,50324,50331,17179],"class_list":{"0":"post-48708","1":"product","2":"type-product","3":"status-publish","4":"has-post-thumbnail","6":"product_cat-vi-ca","7":"product_cat-vino-blanco-ca","8":"product_tag-bodegas-bilbainas-ca","9":"product_tag-doca-rioja-ca-2","10":"product_tag-haro-ca","11":"product_tag-la-rioja-ca","12":"product_tag-malvasia-ca","13":"product_tag-rioja-ca-2","14":"product_tag-vi-ca-2","15":"product_tag-vi-blanc-ca-2","16":"product_tag-viura-ca","17":"pa_anada-2024-ca","18":"pa_bodega-bodegasbilbainas-ca","19":"pa_do-rioja-d-o-ca-ca","20":"pa_ecologico-vegano-natural-vega","21":"pa_formatoenl-075-ca","22":"pa_formatoenml-750-ca","23":"pa_graduacion-12_5-ca","24":"pa_maridaje-marisc","25":"pa_maridaje-peix","26":"pa_maridaje-verdures","27":"pa_pais-espanya-ca","28":"pa_pesoengramos-1250-ca","29":"pa_pesoenkg-125-ca-2","30":"pa_pueblociudad-harolarioja-ca","31":"pa_tipodevino-vi-tranquil","32":"pa_variedad-principal-viura-ca","33":"pa_variedades-viura_malvasia","34":"entry","35":"has-media","37":"first","38":"instock","39":"taxable","40":"shipping-taxable","41":"purchasable","42":"product-type-simple"},"acf":[],"yoast_head":"<!-- This site is optimized with the Yoast SEO Premium plugin v23.1 (Yoast SEO v24.1) - https:\/\/yoast.com\/wordpress\/plugins\/seo\/ -->\n<title>Vi\u00f1a Pomal Blanc Fermentat en bota vi<\/title>\n<meta name=\"description\" content=\"Comprar online al millor preu vi blanc de la DOCa Rioja. Bodegas Bilba\u00ednas.\" \/>\n<meta name=\"robots\" content=\"noindex, follow, max-snippet:-1, max-image-preview:large, max-video-preview:-1\" \/>\n<meta property=\"og:locale\" content=\"ca_ES\" \/>\n<meta property=\"og:type\" content=\"article\" \/>\n<meta property=\"og:title\" content=\"Vi\u00f1a Pomal Blanc\" \/>\n<meta property=\"og:description\" content=\"Comprar online al millor preu vi blanc de la DOCa Rioja. Bodegas Bilba\u00ednas.\" \/>\n<meta property=\"og:url\" content=\"https:\/\/monlacata.cetrexmarketing.com\/ca\/producto\/vina-pomal-blanc\/\" \/>\n<meta property=\"og:site_name\" content=\"M\u00f3n La Cata\" \/>\n<meta property=\"article:modified_time\" content=\"2025-05-26T15:49:31+00:00\" \/>\n<meta property=\"og:image\" content=\"https:\/\/monlacata.cetrexmarketing.com\/wp-content\/uploads\/2022\/05\/vina-pomal-blanco.png\" \/>\n\t<meta property=\"og:image:width\" content=\"765\" \/>\n\t<meta property=\"og:image:height\" content=\"1024\" \/>\n\t<meta property=\"og:image:type\" content=\"image\/png\" \/>\n<meta name=\"twitter:card\" content=\"summary_large_image\" \/>\n<meta name=\"twitter:label1\" content=\"Temps estimat de lectura\" \/>\n\t<meta name=\"twitter:data1\" content=\"1 minut\" \/>\n<script type=\"application\/ld+json\" class=\"yoast-schema-graph\">{\"@context\":\"https:\/\/schema.org\",\"@graph\":[{\"@type\":\"WebPage\",\"@id\":\"https:\/\/monlacata.cetrexmarketing.com\/ca\/producto\/vina-pomal-blanc\/\",\"url\":\"https:\/\/monlacata.cetrexmarketing.com\/ca\/producto\/vina-pomal-blanc\/\",\"name\":\"Vi\u00f1a Pomal Blanc Fermentat en bota vi\",\"isPartOf\":{\"@id\":\"https:\/\/monlacata.cetrexmarketing.com\/#website\"},\"primaryImageOfPage\":{\"@id\":\"https:\/\/monlacata.cetrexmarketing.com\/ca\/producto\/vina-pomal-blanc\/#primaryimage\"},\"image\":{\"@id\":\"https:\/\/monlacata.cetrexmarketing.com\/ca\/producto\/vina-pomal-blanc\/#primaryimage\"},\"thumbnailUrl\":\"https:\/\/monlacata.cetrexmarketing.com\/wp-content\/uploads\/2022\/05\/vina-pomal-blanco.png\",\"datePublished\":\"2022-05-27T13:28:33+00:00\",\"dateModified\":\"2025-05-26T15:49:31+00:00\",\"description\":\"Comprar online al millor preu vi blanc de la DOCa Rioja. Bodegas Bilba\u00ednas.\",\"breadcrumb\":{\"@id\":\"https:\/\/monlacata.cetrexmarketing.com\/ca\/producto\/vina-pomal-blanc\/#breadcrumb\"},\"inLanguage\":\"ca\",\"potentialAction\":[{\"@type\":\"ReadAction\",\"target\":[\"https:\/\/monlacata.cetrexmarketing.com\/ca\/producto\/vina-pomal-blanc\/\"]}]},{\"@type\":\"ImageObject\",\"inLanguage\":\"ca\",\"@id\":\"https:\/\/monlacata.cetrexmarketing.com\/ca\/producto\/vina-pomal-blanc\/#primaryimage\",\"url\":\"https:\/\/monlacata.cetrexmarketing.com\/wp-content\/uploads\/2022\/05\/vina-pomal-blanco.png\",\"contentUrl\":\"https:\/\/monlacata.cetrexmarketing.com\/wp-content\/uploads\/2022\/05\/vina-pomal-blanco.png\",\"width\":765,\"height\":1024,\"caption\":\"vi\u00f1a pomal blanco\"},{\"@type\":\"BreadcrumbList\",\"@id\":\"https:\/\/monlacata.cetrexmarketing.com\/ca\/producto\/vina-pomal-blanc\/#breadcrumb\",\"itemListElement\":[{\"@type\":\"ListItem\",\"position\":1,\"name\":\"Home\",\"item\":\"https:\/\/monlacata.cetrexmarketing.com\/ca\/\"},{\"@type\":\"ListItem\",\"position\":2,\"name\":\"Tienda\",\"item\":\"https:\/\/monlacata.cetrexmarketing.com\/ca\/tienda-2\/\"},{\"@type\":\"ListItem\",\"position\":3,\"name\":\"Vi\",\"item\":\"https:\/\/monlacata.cetrexmarketing.com\/categoria-producto\/home-ca\/vi-ca\/\"},{\"@type\":\"ListItem\",\"position\":4,\"name\":\"Vi Blanc\",\"item\":\"https:\/\/monlacata.cetrexmarketing.com\/ca\/categoria-producto\/home-ca\/vi-ca\/vino-blanco-ca\/\"},{\"@type\":\"ListItem\",\"position\":5,\"name\":\"Vi\u00f1a Pomal Blanc\"}]},{\"@type\":\"WebSite\",\"@id\":\"https:\/\/monlacata.cetrexmarketing.com\/#website\",\"url\":\"https:\/\/monlacata.cetrexmarketing.com\/\",\"name\":\"M\u00f3n La Cata\",\"description\":\"Tienda de vinos, licores, cervezas y gourmet\",\"publisher\":{\"@id\":\"https:\/\/monlacata.cetrexmarketing.com\/#organization\"},\"potentialAction\":[{\"@type\":\"SearchAction\",\"target\":{\"@type\":\"EntryPoint\",\"urlTemplate\":\"https:\/\/monlacata.cetrexmarketing.com\/?s={search_term_string}\"},\"query-input\":{\"@type\":\"PropertyValueSpecification\",\"valueRequired\":true,\"valueName\":\"search_term_string\"}}],\"inLanguage\":\"ca\"},{\"@type\":\"Organization\",\"@id\":\"https:\/\/monlacata.cetrexmarketing.com\/#organization\",\"name\":\"M\u00f3n La Cata\",\"url\":\"https:\/\/monlacata.cetrexmarketing.com\/\",\"logo\":{\"@type\":\"ImageObject\",\"inLanguage\":\"ca\",\"@id\":\"https:\/\/monlacata.cetrexmarketing.com\/#\/schema\/logo\/image\/\",\"url\":\"https:\/\/monlacata.cetrexmarketing.com\/wp-content\/uploads\/2024\/02\/monlacata-logo-blanc.png\",\"contentUrl\":\"https:\/\/monlacata.cetrexmarketing.com\/wp-content\/uploads\/2024\/02\/monlacata-logo-blanc.png\",\"width\":454,\"height\":193,\"caption\":\"M\u00f3n La Cata\"},\"image\":{\"@id\":\"https:\/\/monlacata.cetrexmarketing.com\/#\/schema\/logo\/image\/\"}}]}<\/script>\n<!-- \/ Yoast SEO Premium plugin. -->","yoast_head_json":{"title":"Vi\u00f1a Pomal Blanc Fermentat en bota vi","description":"Comprar online al millor preu vi blanc de la DOCa Rioja. Bodegas Bilba\u00ednas.","robots":{"index":"noindex","follow":"follow","max-snippet":"max-snippet:-1","max-image-preview":"max-image-preview:large","max-video-preview":"max-video-preview:-1"},"og_locale":"ca_ES","og_type":"article","og_title":"Vi\u00f1a Pomal Blanc","og_description":"Comprar online al millor preu vi blanc de la DOCa Rioja. Bodegas Bilba\u00ednas.","og_url":"https:\/\/monlacata.cetrexmarketing.com\/ca\/producto\/vina-pomal-blanc\/","og_site_name":"M\u00f3n La Cata","article_modified_time":"2025-05-26T15:49:31+00:00","og_image":[{"width":765,"height":1024,"url":"https:\/\/monlacata.cetrexmarketing.com\/wp-content\/uploads\/2022\/05\/vina-pomal-blanco.png","type":"image\/png"}],"twitter_card":"summary_large_image","twitter_misc":{"Temps estimat de lectura":"1 minut"},"schema":{"@context":"https:\/\/schema.org","@graph":[{"@type":"WebPage","@id":"https:\/\/monlacata.cetrexmarketing.com\/ca\/producto\/vina-pomal-blanc\/","url":"https:\/\/monlacata.cetrexmarketing.com\/ca\/producto\/vina-pomal-blanc\/","name":"Vi\u00f1a Pomal Blanc Fermentat en bota vi","isPartOf":{"@id":"https:\/\/monlacata.cetrexmarketing.com\/#website"},"primaryImageOfPage":{"@id":"https:\/\/monlacata.cetrexmarketing.com\/ca\/producto\/vina-pomal-blanc\/#primaryimage"},"image":{"@id":"https:\/\/monlacata.cetrexmarketing.com\/ca\/producto\/vina-pomal-blanc\/#primaryimage"},"thumbnailUrl":"https:\/\/monlacata.cetrexmarketing.com\/wp-content\/uploads\/2022\/05\/vina-pomal-blanco.png","datePublished":"2022-05-27T13:28:33+00:00","dateModified":"2025-05-26T15:49:31+00:00","description":"Comprar online al millor preu vi blanc de la DOCa Rioja. Bodegas Bilba\u00ednas.","breadcrumb":{"@id":"https:\/\/monlacata.cetrexmarketing.com\/ca\/producto\/vina-pomal-blanc\/#breadcrumb"},"inLanguage":"ca","potentialAction":[{"@type":"ReadAction","target":["https:\/\/monlacata.cetrexmarketing.com\/ca\/producto\/vina-pomal-blanc\/"]}]},{"@type":"ImageObject","inLanguage":"ca","@id":"https:\/\/monlacata.cetrexmarketing.com\/ca\/producto\/vina-pomal-blanc\/#primaryimage","url":"https:\/\/monlacata.cetrexmarketing.com\/wp-content\/uploads\/2022\/05\/vina-pomal-blanco.png","contentUrl":"https:\/\/monlacata.cetrexmarketing.com\/wp-content\/uploads\/2022\/05\/vina-pomal-blanco.png","width":765,"height":1024,"caption":"vi\u00f1a pomal blanco"},{"@type":"BreadcrumbList","@id":"https:\/\/monlacata.cetrexmarketing.com\/ca\/producto\/vina-pomal-blanc\/#breadcrumb","itemListElement":[{"@type":"ListItem","position":1,"name":"Home","item":"https:\/\/monlacata.cetrexmarketing.com\/ca\/"},{"@type":"ListItem","position":2,"name":"Tienda","item":"https:\/\/monlacata.cetrexmarketing.com\/ca\/tienda-2\/"},{"@type":"ListItem","position":3,"name":"Vi","item":"https:\/\/monlacata.cetrexmarketing.com\/categoria-producto\/home-ca\/vi-ca\/"},{"@type":"ListItem","position":4,"name":"Vi Blanc","item":"https:\/\/monlacata.cetrexmarketing.com\/ca\/categoria-producto\/home-ca\/vi-ca\/vino-blanco-ca\/"},{"@type":"ListItem","position":5,"name":"Vi\u00f1a Pomal Blanc"}]},{"@type":"WebSite","@id":"https:\/\/monlacata.cetrexmarketing.com\/#website","url":"https:\/\/monlacata.cetrexmarketing.com\/","name":"M\u00f3n La Cata","description":"Tienda de vinos, licores, cervezas y gourmet","publisher":{"@id":"https:\/\/monlacata.cetrexmarketing.com\/#organization"},"potentialAction":[{"@type":"SearchAction","target":{"@type":"EntryPoint","urlTemplate":"https:\/\/monlacata.cetrexmarketing.com\/?s={search_term_string}"},"query-input":{"@type":"PropertyValueSpecification","valueRequired":true,"valueName":"search_term_string"}}],"inLanguage":"ca"},{"@type":"Organization","@id":"https:\/\/monlacata.cetrexmarketing.com\/#organization","name":"M\u00f3n La Cata","url":"https:\/\/monlacata.cetrexmarketing.com\/","logo":{"@type":"ImageObject","inLanguage":"ca","@id":"https:\/\/monlacata.cetrexmarketing.com\/#\/schema\/logo\/image\/","url":"https:\/\/monlacata.cetrexmarketing.com\/wp-content\/uploads\/2024\/02\/monlacata-logo-blanc.png","contentUrl":"https:\/\/monlacata.cetrexmarketing.com\/wp-content\/uploads\/2024\/02\/monlacata-logo-blanc.png","width":454,"height":193,"caption":"M\u00f3n La Cata"},"image":{"@id":"https:\/\/monlacata.cetrexmarketing.com\/#\/schema\/logo\/image\/"}}]}},"brands":[],"tiered_pricing_type":"fixed","tiered_pricing_fixed_rules":[],"tiered_pricing_product_settings":{"layout":"default","base_unit_name":{"singular":null,"plural":null},"default_variation":null},"tiered_pricing_minimum_quantity":null,"tiered_pricing_roles_data":[],"tiered_pricing_percentage_rules":[],"tiered_pricing_maximum_quantity":null,"tiered_pricing_quantity_step":null,"_links":{"self":[{"href":"https:\/\/monlacata.cetrexmarketing.com\/ca\/wp-json\/wp\/v2\/product\/48708","targetHints":{"allow":["GET"]}}],"collection":[{"href":"https:\/\/monlacata.cetrexmarketing.com\/ca\/wp-json\/wp\/v2\/product"}],"about":[{"href":"https:\/\/monlacata.cetrexmarketing.com\/ca\/wp-json\/wp\/v2\/types\/product"}],"replies":[{"embeddable":true,"href":"https:\/\/monlacata.cetrexmarketing.com\/ca\/wp-json\/wp\/v2\/comments?post=48708"}],"wp:featuredmedia":[{"embeddable":true,"href":"https:\/\/monlacata.cetrexmarketing.com\/ca\/wp-json\/wp\/v2\/media\/63386"}],"wp:attachment":[{"href":"https:\/\/monlacata.cetrexmarketing.com\/ca\/wp-json\/wp\/v2\/media?parent=48708"}],"wp:term":[{"taxonomy":"pwb-brand","embeddable":true,"href":"https:\/\/monlacata.cetrexmarketing.com\/ca\/wp-json\/wp\/v2\/pwb-brand?post=48708"},{"taxonomy":"product_cat","embeddable":true,"href":"https:\/\/monlacata.cetrexmarketing.com\/ca\/wp-json\/wp\/v2\/product_cat?post=48708"},{"taxonomy":"product_tag","embeddable":true,"href":"https:\/\/monlacata.cetrexmarketing.com\/ca\/wp-json\/wp\/v2\/product_tag?post=48708"}],"curies":[{"name":"wp","href":"https:\/\/api.w.org\/{rel}","templated":true}]}}