{"id":49116,"date":"2022-07-28T18:51:16","date_gmt":"2022-07-28T18:51:16","guid":{"rendered":"https:\/\/monlacata.cetrexmarketing.com\/producto\/crema-tequila-sabor-sandia-pancho\/"},"modified":"2025-02-14T12:37:26","modified_gmt":"2025-02-14T12:37:26","slug":"crema-tequila-sabor-sandia-pancho","status":"publish","type":"product","link":"https:\/\/monlacata.cetrexmarketing.com\/ca\/producto\/crema-tequila-sabor-sandia-pancho\/","title":{"rendered":"Crema Tequila sabor Sand\u00eda Pancho"},"content":{"rendered":"<p data-start=\"0\" data-end=\"371\">La Crema de Tequila Sabor S\u00edndria \u00e9s una beguda alcoh\u00f2lica premium que combina la suavitat del tequila amb la dol\u00e7or refrescant de la s\u00edndria i la cremositat d\u2019una base l\u00e0ctia acuradament elaborada. La seva textura sedosa i l\u2019equilibri entre dol\u00e7or i notes alcoh\u00f2liques la converteixen en una opci\u00f3 vers\u00e0til per gaudir sola, en c\u00f2ctels o com a acompanyament de postres.<\/p>\n<h3 data-start=\"373\" data-end=\"407\">Caracter\u00edstiques principals:<\/h3>\n<ul data-start=\"409\" data-end=\"780\">\n<li data-start=\"409\" data-end=\"526\"><strong data-start=\"411\" data-end=\"421\">Sabor:<\/strong> Dol\u00e7 i afruitat, amb un marcat toc de s\u00edndria fresca, complementat amb el car\u00e0cter subtil del tequila.<\/li>\n<li data-start=\"527\" data-end=\"595\"><strong data-start=\"529\" data-end=\"541\">Textura:<\/strong> Cremosa i suau, amb una sensaci\u00f3 vellutada en boca.<\/li>\n<li data-start=\"596\" data-end=\"703\"><strong data-start=\"598\" data-end=\"608\">Aroma:<\/strong> Predominen les notes de s\u00edndria madura amb matisos de vainilla i un lleuger fons d\u2019atzavara.<\/li>\n<li data-start=\"704\" data-end=\"780\"><strong data-start=\"706\" data-end=\"716\">Color:<\/strong> Tonalitat rosada i atractiva, evocant la polpa de la s\u00edndria.<\/li>\n<\/ul>\n<h3 data-start=\"782\" data-end=\"800\">Ingredients:<\/h3>\n<ul data-start=\"802\" data-end=\"1012\" data-is-last-node=\"\">\n<li data-start=\"802\" data-end=\"827\">Tequila 100% atzavara<\/li>\n<li data-start=\"828\" data-end=\"866\">Crema l\u00e0ctia o alternativa vegetal<\/li>\n<li data-start=\"867\" data-end=\"898\">Extracte natural de s\u00edndria<\/li>\n<li data-start=\"899\" data-end=\"931\">Sucre o edulcorants naturals<\/li>\n<li data-start=\"932\" data-end=\"969\">Esp\u00e8cies i aromatitzants naturals<\/li>\n<li data-start=\"970\" data-end=\"1012\" data-is-last-node=\"\">Conservants naturals per a l&#8217;estabilitat<\/li>\n<\/ul>\n","protected":false},"excerpt":{"rendered":"<p>La Crema de Tequila Sabor S\u00edndria \u00e9s una beguda alcoh\u00f2lica premium que combina la suavitat del tequila amb la dol\u00e7or refrescant de la s\u00edndria i la cremositat d\u2019una base l\u00e0ctia acuradament elaborada. La seva textura sedosa i l\u2019equilibri entre dol\u00e7or i notes alcoh\u00f2liques la converteixen en una opci\u00f3 vers\u00e0til per gaudir sola, en c\u00f2ctels o&hellip;<\/p>\n","protected":false},"featured_media":65710,"comment_status":"closed","ping_status":"closed","template":"","meta":{"_acf_changed":false},"pwb-brand":[],"product_cat":[33040,33152],"product_tag":[52424,52425,16733],"class_list":{"0":"post-49116","1":"product","2":"type-product","3":"status-publish","4":"has-post-thumbnail","6":"product_cat-destil-lats-ca","7":"product_cat-crema-ca","8":"product_tag-crema-con-tequila-ca","9":"product_tag-crema-de-tequila-ca","10":"product_tag-crema-tequila-ca","11":"pa_destileria-destilleriesdelmaresme-ca","12":"pa_formatoenl-070-ca","13":"pa_formatoenml-700-ca","14":"pa_graduacion-17_0-ca","15":"pa_pais-espanya-ca","16":"pa_pesoengramos-1000-ca","17":"pa_pesoenkg-10-ca-2","18":"pa_pueblociudad-arenysdemuntbarcelona-ca","19":"pa_region-cataluna-ca","20":"pa_subregion-barcelona-ca","21":"entry","22":"has-media","24":"first","25":"instock","26":"taxable","27":"shipping-taxable","28":"purchasable","29":"product-type-simple"},"acf":[],"yoast_head":"<!-- This site is optimized with the Yoast SEO Premium plugin v23.1 (Yoast SEO v24.1) - https:\/\/yoast.com\/wordpress\/plugins\/seo\/ -->\n<title>Crema Tequila sabor Sand\u00eda Pancho - M\u00f3n La Cata<\/title>\n<meta name=\"description\" content=\"Comprar Crema Tequila sabor Sand\u00eda Pancho en M\u00f3n La Cata . Tienda online especilizada en vino y alimentaci\u00f3n. Env\u00edos puntuales y promociones\" \/>\n<meta name=\"robots\" content=\"noindex, follow, max-snippet:-1, max-image-preview:large, max-video-preview:-1\" \/>\n<meta property=\"og:locale\" content=\"ca_ES\" \/>\n<meta property=\"og:type\" content=\"article\" \/>\n<meta property=\"og:title\" content=\"Crema Tequila sabor Sand\u00eda Pancho\" \/>\n<meta property=\"og:description\" content=\"Comprar Crema Tequila sabor Sand\u00eda Pancho en M\u00f3n La Cata . Tienda online especilizada en vino y alimentaci\u00f3n. Env\u00edos puntuales y promociones\" \/>\n<meta property=\"og:url\" content=\"https:\/\/monlacata.cetrexmarketing.com\/ca\/producto\/crema-tequila-sabor-sandia-pancho\/\" \/>\n<meta property=\"og:site_name\" content=\"M\u00f3n La Cata\" \/>\n<meta property=\"article:modified_time\" content=\"2025-02-14T12:37:26+00:00\" \/>\n<meta property=\"og:image\" content=\"https:\/\/monlacata.cetrexmarketing.com\/wp-content\/uploads\/2022\/07\/PANCHO-SANDIA-CREMA-TEQUILA.png\" \/>\n\t<meta property=\"og:image:width\" content=\"765\" \/>\n\t<meta property=\"og:image:height\" content=\"1024\" \/>\n\t<meta property=\"og:image:type\" content=\"image\/png\" \/>\n<meta name=\"twitter:card\" content=\"summary_large_image\" \/>\n<meta name=\"twitter:label1\" content=\"Temps estimat de lectura\" \/>\n\t<meta name=\"twitter:data1\" content=\"1 minut\" \/>\n<script type=\"application\/ld+json\" class=\"yoast-schema-graph\">{\"@context\":\"https:\/\/schema.org\",\"@graph\":[{\"@type\":\"WebPage\",\"@id\":\"https:\/\/monlacata.cetrexmarketing.com\/ca\/producto\/crema-tequila-sabor-sandia-pancho\/\",\"url\":\"https:\/\/monlacata.cetrexmarketing.com\/ca\/producto\/crema-tequila-sabor-sandia-pancho\/\",\"name\":\"Crema Tequila sabor Sand\u00eda Pancho - M\u00f3n La Cata\",\"isPartOf\":{\"@id\":\"https:\/\/monlacata.cetrexmarketing.com\/#website\"},\"primaryImageOfPage\":{\"@id\":\"https:\/\/monlacata.cetrexmarketing.com\/ca\/producto\/crema-tequila-sabor-sandia-pancho\/#primaryimage\"},\"image\":{\"@id\":\"https:\/\/monlacata.cetrexmarketing.com\/ca\/producto\/crema-tequila-sabor-sandia-pancho\/#primaryimage\"},\"thumbnailUrl\":\"https:\/\/monlacata.cetrexmarketing.com\/wp-content\/uploads\/2022\/07\/PANCHO-SANDIA-CREMA-TEQUILA.png\",\"datePublished\":\"2022-07-28T18:51:16+00:00\",\"dateModified\":\"2025-02-14T12:37:26+00:00\",\"description\":\"Comprar Crema Tequila sabor Sand\u00eda Pancho en M\u00f3n La Cata . Tienda online especilizada en vino y alimentaci\u00f3n. Env\u00edos puntuales y promociones\",\"breadcrumb\":{\"@id\":\"https:\/\/monlacata.cetrexmarketing.com\/ca\/producto\/crema-tequila-sabor-sandia-pancho\/#breadcrumb\"},\"inLanguage\":\"ca\",\"potentialAction\":[{\"@type\":\"ReadAction\",\"target\":[\"https:\/\/monlacata.cetrexmarketing.com\/ca\/producto\/crema-tequila-sabor-sandia-pancho\/\"]}]},{\"@type\":\"ImageObject\",\"inLanguage\":\"ca\",\"@id\":\"https:\/\/monlacata.cetrexmarketing.com\/ca\/producto\/crema-tequila-sabor-sandia-pancho\/#primaryimage\",\"url\":\"https:\/\/monlacata.cetrexmarketing.com\/wp-content\/uploads\/2022\/07\/PANCHO-SANDIA-CREMA-TEQUILA.png\",\"contentUrl\":\"https:\/\/monlacata.cetrexmarketing.com\/wp-content\/uploads\/2022\/07\/PANCHO-SANDIA-CREMA-TEQUILA.png\",\"width\":765,\"height\":1024,\"caption\":\"PANCHO SANDIA CREMA TEQUILA\"},{\"@type\":\"BreadcrumbList\",\"@id\":\"https:\/\/monlacata.cetrexmarketing.com\/ca\/producto\/crema-tequila-sabor-sandia-pancho\/#breadcrumb\",\"itemListElement\":[{\"@type\":\"ListItem\",\"position\":1,\"name\":\"Home\",\"item\":\"https:\/\/monlacata.cetrexmarketing.com\/ca\/\"},{\"@type\":\"ListItem\",\"position\":2,\"name\":\"Tienda\",\"item\":\"https:\/\/monlacata.cetrexmarketing.com\/ca\/tienda-2\/\"},{\"@type\":\"ListItem\",\"position\":3,\"name\":\"Tienda\",\"item\":\"https:\/\/monlacata.cetrexmarketing.com\/categoria-producto\/inicio\/\"},{\"@type\":\"ListItem\",\"position\":4,\"name\":\"Destilados\",\"item\":\"https:\/\/monlacata.cetrexmarketing.com\/categoria-producto\/inicio\/destilados\/\"},{\"@type\":\"ListItem\",\"position\":5,\"name\":\"Crema\",\"item\":\"https:\/\/monlacata.cetrexmarketing.com\/categoria-producto\/inicio\/destilados\/crema\/\"},{\"@type\":\"ListItem\",\"position\":6,\"name\":\"Crema Tequila sabor Sand\u00eda Pancho\"}]},{\"@type\":\"WebSite\",\"@id\":\"https:\/\/monlacata.cetrexmarketing.com\/#website\",\"url\":\"https:\/\/monlacata.cetrexmarketing.com\/\",\"name\":\"M\u00f3n La Cata\",\"description\":\"Tienda de vinos, licores, cervezas y gourmet\",\"publisher\":{\"@id\":\"https:\/\/monlacata.cetrexmarketing.com\/#organization\"},\"potentialAction\":[{\"@type\":\"SearchAction\",\"target\":{\"@type\":\"EntryPoint\",\"urlTemplate\":\"https:\/\/monlacata.cetrexmarketing.com\/?s={search_term_string}\"},\"query-input\":{\"@type\":\"PropertyValueSpecification\",\"valueRequired\":true,\"valueName\":\"search_term_string\"}}],\"inLanguage\":\"ca\"},{\"@type\":\"Organization\",\"@id\":\"https:\/\/monlacata.cetrexmarketing.com\/#organization\",\"name\":\"M\u00f3n La Cata\",\"url\":\"https:\/\/monlacata.cetrexmarketing.com\/\",\"logo\":{\"@type\":\"ImageObject\",\"inLanguage\":\"ca\",\"@id\":\"https:\/\/monlacata.cetrexmarketing.com\/#\/schema\/logo\/image\/\",\"url\":\"https:\/\/monlacata.cetrexmarketing.com\/wp-content\/uploads\/2024\/02\/monlacata-logo-blanc.png\",\"contentUrl\":\"https:\/\/monlacata.cetrexmarketing.com\/wp-content\/uploads\/2024\/02\/monlacata-logo-blanc.png\",\"width\":454,\"height\":193,\"caption\":\"M\u00f3n La Cata\"},\"image\":{\"@id\":\"https:\/\/monlacata.cetrexmarketing.com\/#\/schema\/logo\/image\/\"}}]}<\/script>\n<!-- \/ Yoast SEO Premium plugin. -->","yoast_head_json":{"title":"Crema Tequila sabor Sand\u00eda Pancho - M\u00f3n La Cata","description":"Comprar Crema Tequila sabor Sand\u00eda Pancho en M\u00f3n La Cata . Tienda online especilizada en vino y alimentaci\u00f3n. Env\u00edos puntuales y promociones","robots":{"index":"noindex","follow":"follow","max-snippet":"max-snippet:-1","max-image-preview":"max-image-preview:large","max-video-preview":"max-video-preview:-1"},"og_locale":"ca_ES","og_type":"article","og_title":"Crema Tequila sabor Sand\u00eda Pancho","og_description":"Comprar Crema Tequila sabor Sand\u00eda Pancho en M\u00f3n La Cata . Tienda online especilizada en vino y alimentaci\u00f3n. Env\u00edos puntuales y promociones","og_url":"https:\/\/monlacata.cetrexmarketing.com\/ca\/producto\/crema-tequila-sabor-sandia-pancho\/","og_site_name":"M\u00f3n La Cata","article_modified_time":"2025-02-14T12:37:26+00:00","og_image":[{"width":765,"height":1024,"url":"https:\/\/monlacata.cetrexmarketing.com\/wp-content\/uploads\/2022\/07\/PANCHO-SANDIA-CREMA-TEQUILA.png","type":"image\/png"}],"twitter_card":"summary_large_image","twitter_misc":{"Temps estimat de lectura":"1 minut"},"schema":{"@context":"https:\/\/schema.org","@graph":[{"@type":"WebPage","@id":"https:\/\/monlacata.cetrexmarketing.com\/ca\/producto\/crema-tequila-sabor-sandia-pancho\/","url":"https:\/\/monlacata.cetrexmarketing.com\/ca\/producto\/crema-tequila-sabor-sandia-pancho\/","name":"Crema Tequila sabor Sand\u00eda Pancho - M\u00f3n La Cata","isPartOf":{"@id":"https:\/\/monlacata.cetrexmarketing.com\/#website"},"primaryImageOfPage":{"@id":"https:\/\/monlacata.cetrexmarketing.com\/ca\/producto\/crema-tequila-sabor-sandia-pancho\/#primaryimage"},"image":{"@id":"https:\/\/monlacata.cetrexmarketing.com\/ca\/producto\/crema-tequila-sabor-sandia-pancho\/#primaryimage"},"thumbnailUrl":"https:\/\/monlacata.cetrexmarketing.com\/wp-content\/uploads\/2022\/07\/PANCHO-SANDIA-CREMA-TEQUILA.png","datePublished":"2022-07-28T18:51:16+00:00","dateModified":"2025-02-14T12:37:26+00:00","description":"Comprar Crema Tequila sabor Sand\u00eda Pancho en M\u00f3n La Cata . Tienda online especilizada en vino y alimentaci\u00f3n. Env\u00edos puntuales y promociones","breadcrumb":{"@id":"https:\/\/monlacata.cetrexmarketing.com\/ca\/producto\/crema-tequila-sabor-sandia-pancho\/#breadcrumb"},"inLanguage":"ca","potentialAction":[{"@type":"ReadAction","target":["https:\/\/monlacata.cetrexmarketing.com\/ca\/producto\/crema-tequila-sabor-sandia-pancho\/"]}]},{"@type":"ImageObject","inLanguage":"ca","@id":"https:\/\/monlacata.cetrexmarketing.com\/ca\/producto\/crema-tequila-sabor-sandia-pancho\/#primaryimage","url":"https:\/\/monlacata.cetrexmarketing.com\/wp-content\/uploads\/2022\/07\/PANCHO-SANDIA-CREMA-TEQUILA.png","contentUrl":"https:\/\/monlacata.cetrexmarketing.com\/wp-content\/uploads\/2022\/07\/PANCHO-SANDIA-CREMA-TEQUILA.png","width":765,"height":1024,"caption":"PANCHO SANDIA CREMA TEQUILA"},{"@type":"BreadcrumbList","@id":"https:\/\/monlacata.cetrexmarketing.com\/ca\/producto\/crema-tequila-sabor-sandia-pancho\/#breadcrumb","itemListElement":[{"@type":"ListItem","position":1,"name":"Home","item":"https:\/\/monlacata.cetrexmarketing.com\/ca\/"},{"@type":"ListItem","position":2,"name":"Tienda","item":"https:\/\/monlacata.cetrexmarketing.com\/ca\/tienda-2\/"},{"@type":"ListItem","position":3,"name":"Tienda","item":"https:\/\/monlacata.cetrexmarketing.com\/categoria-producto\/inicio\/"},{"@type":"ListItem","position":4,"name":"Destilados","item":"https:\/\/monlacata.cetrexmarketing.com\/categoria-producto\/inicio\/destilados\/"},{"@type":"ListItem","position":5,"name":"Crema","item":"https:\/\/monlacata.cetrexmarketing.com\/categoria-producto\/inicio\/destilados\/crema\/"},{"@type":"ListItem","position":6,"name":"Crema Tequila sabor Sand\u00eda Pancho"}]},{"@type":"WebSite","@id":"https:\/\/monlacata.cetrexmarketing.com\/#website","url":"https:\/\/monlacata.cetrexmarketing.com\/","name":"M\u00f3n La Cata","description":"Tienda de vinos, licores, cervezas y gourmet","publisher":{"@id":"https:\/\/monlacata.cetrexmarketing.com\/#organization"},"potentialAction":[{"@type":"SearchAction","target":{"@type":"EntryPoint","urlTemplate":"https:\/\/monlacata.cetrexmarketing.com\/?s={search_term_string}"},"query-input":{"@type":"PropertyValueSpecification","valueRequired":true,"valueName":"search_term_string"}}],"inLanguage":"ca"},{"@type":"Organization","@id":"https:\/\/monlacata.cetrexmarketing.com\/#organization","name":"M\u00f3n La Cata","url":"https:\/\/monlacata.cetrexmarketing.com\/","logo":{"@type":"ImageObject","inLanguage":"ca","@id":"https:\/\/monlacata.cetrexmarketing.com\/#\/schema\/logo\/image\/","url":"https:\/\/monlacata.cetrexmarketing.com\/wp-content\/uploads\/2024\/02\/monlacata-logo-blanc.png","contentUrl":"https:\/\/monlacata.cetrexmarketing.com\/wp-content\/uploads\/2024\/02\/monlacata-logo-blanc.png","width":454,"height":193,"caption":"M\u00f3n La Cata"},"image":{"@id":"https:\/\/monlacata.cetrexmarketing.com\/#\/schema\/logo\/image\/"}}]}},"brands":[],"tiered_pricing_type":"fixed","tiered_pricing_fixed_rules":[],"tiered_pricing_product_settings":{"layout":"default","base_unit_name":{"singular":null,"plural":null},"default_variation":null},"tiered_pricing_minimum_quantity":null,"tiered_pricing_roles_data":[],"tiered_pricing_percentage_rules":[],"tiered_pricing_maximum_quantity":null,"tiered_pricing_quantity_step":null,"_links":{"self":[{"href":"https:\/\/monlacata.cetrexmarketing.com\/ca\/wp-json\/wp\/v2\/product\/49116","targetHints":{"allow":["GET"]}}],"collection":[{"href":"https:\/\/monlacata.cetrexmarketing.com\/ca\/wp-json\/wp\/v2\/product"}],"about":[{"href":"https:\/\/monlacata.cetrexmarketing.com\/ca\/wp-json\/wp\/v2\/types\/product"}],"replies":[{"embeddable":true,"href":"https:\/\/monlacata.cetrexmarketing.com\/ca\/wp-json\/wp\/v2\/comments?post=49116"}],"wp:featuredmedia":[{"embeddable":true,"href":"https:\/\/monlacata.cetrexmarketing.com\/ca\/wp-json\/wp\/v2\/media\/65710"}],"wp:attachment":[{"href":"https:\/\/monlacata.cetrexmarketing.com\/ca\/wp-json\/wp\/v2\/media?parent=49116"}],"wp:term":[{"taxonomy":"pwb-brand","embeddable":true,"href":"https:\/\/monlacata.cetrexmarketing.com\/ca\/wp-json\/wp\/v2\/pwb-brand?post=49116"},{"taxonomy":"product_cat","embeddable":true,"href":"https:\/\/monlacata.cetrexmarketing.com\/ca\/wp-json\/wp\/v2\/product_cat?post=49116"},{"taxonomy":"product_tag","embeddable":true,"href":"https:\/\/monlacata.cetrexmarketing.com\/ca\/wp-json\/wp\/v2\/product_tag?post=49116"}],"curies":[{"name":"wp","href":"https:\/\/api.w.org\/{rel}","templated":true}]}}