{"id":49202,"date":"2022-08-05T09:37:45","date_gmt":"2022-08-05T09:37:45","guid":{"rendered":"https:\/\/monlacata.cetrexmarketing.com\/producto\/vermut-st-petroni-blanc-1l\/"},"modified":"2024-06-06T11:55:04","modified_gmt":"2024-06-06T11:55:04","slug":"vermut-st-petroni-blanc-1l","status":"publish","type":"product","link":"https:\/\/monlacata.cetrexmarketing.com\/ca\/producto\/vermut-st-petroni-blanc-1l\/","title":{"rendered":"St. Petroni Blanc"},"content":{"rendered":"<div class=\"flex flex-grow flex-col max-w-full\">\n<div class=\"min-h-[20px] text-message flex flex-col items-start whitespace-pre-wrap break-words [.text-message+&amp;]:mt-5 juice:w-full juice:items-end overflow-x-auto gap-2\" dir=\"auto\" data-message-author-role=\"assistant\" data-message-id=\"b2e34bed-f7e0-41c5-8fab-f7edbd3a2772\">\n<div class=\"flex w-full flex-col gap-1 juice:empty:hidden juice:first:pt-[3px]\">\n<div class=\"markdown prose w-full break-words dark:prose-invert light\">\n<p>El  <strong>Vermut St. Petroni Blanc 1L<\/strong>  \u00e9s una expressi\u00f3 sofisticada de la tradici\u00f3 vermutera gallega, elaborat per la destil\u00b7leria <strong>Vermuter\u00eda de Galicia<\/strong> . Aquest vermut es caracteritza pel seu equilibri perfecte i la seva complexitat arom\u00e0tica i resulta en una experi\u00e8ncia sensorial \u00fanica per als amants dels aperitius.<\/p>\n<p>El  <strong>St. Petroni Blanc<\/strong>  s\u00b4elabora a partir d\u00b4una base de vi albari\u00f1o, una de les varietats m\u00e9s emblem\u00e0tiques de Gal\u00edcia. Aquest vi aporta al vermut una frescor i una acidesa natural que s\u00f3n fonamentals pel seu perfil organol\u00e8ptic. La maceraci\u00f3 es realitza amb una selecci\u00f3 de bot\u00e0nics acuradament elegits. Entre els que destaquen el donzell, l&#8217;herba llu\u00efsa i el llorer, a m\u00e9s d&#8217;altres herbes i esp\u00e8cies aut\u00f2ctones.<\/p>\n<p>Pel que fa a les seves caracter\u00edstiques visuals, el  <strong>Vermut St. Petroni Blanc<\/strong>  presenta un color daurat brillant amb reflexos verdosos, que en delaten l&#8217;origen vin\u00edcola i la frescor. Al nas, es despleguen aromes intenses i complexes, amb notes florals i herbals dominants, complementades per matisos c\u00edtrics i de fruites de pinyol. Aquestes sensacions arom\u00e0tiques es tradueixen en boca en un vermut equilibrat, amb una entrada suau i un pas en boca elegant, on l&#8217;acidesa de l&#8217;albari\u00f1o s&#8217;harmonitza amb la caracter\u00edstica amargor del vermut i la dol\u00e7or dels bot\u00e0nics.<\/p>\n<h6>Combinats<\/h6>\n<p>El  <strong>St. Petroni Blanc<\/strong>  \u00e9s vers\u00e0til i es presta a una varietat de combinats i c\u00f2ctels. Entre els combinats m\u00e9s destacats hi ha el cl\u00e0ssic <strong>Vermut Tonic.<\/strong> On es barreja amb t\u00f2nica premium i una rodanxa de llima, creant una beguda refrescant i sofisticada. Una altra opci\u00f3 \u00e9s el <strong>Petroni Spritz<\/strong> , combinant el vermut amb prosecco i un toc de soda, adornat amb una rodanxa de taronja i una branqueta de roman\u00ed. Aquests combinats no nom\u00e9s potencien les caracter\u00edstiques del vermut, sin\u00f3 que tamb\u00e9 ofereixen una forma innovadora de gaudir-ne en diferents ocasions.<\/p>\n<p>En resum, el  <strong>Vermut St. Petroni Blanc<\/strong>  \u00e9s un producte d&#8217;alta qualitat que destaca per l&#8217;equilibri i la complexitat, ideal tant per degustar sol com en sofisticats combinats, capturant l&#8217;ess\u00e8ncia dels vermuts gallecs i elevant qualsevol ocasi\u00f3 especial.<\/p>\n<\/div>\n<\/div>\n<\/div>\n<\/div>\n","protected":false},"excerpt":{"rendered":"<p>El  <strong>Vermut St. Petroni Blanc 1L<\/strong>  \u00e9s una expressi\u00f3 sofisticada de la tradici\u00f3 vermutera gallega, elaborat per la destil\u00b7leria <strong>Vermuter\u00eda de Galicia<\/strong> . Aquest vermut es caracteritza pel seu equilibri perfecte i la seva complexitat arom\u00e0tica i resulta en una experi\u00e8ncia sensorial \u00fanica per als amants dels aperitius.<\/p>\n","protected":false},"featured_media":68712,"comment_status":"closed","ping_status":"closed","template":"","meta":{"_acf_changed":false},"pwb-brand":[],"product_cat":[33040,33224],"product_tag":[15052,16535,16533,50306,50573,50571,50572,50570,16534],"class_list":{"0":"post-49202","1":"product","2":"type-product","3":"status-publish","4":"has-post-thumbnail","6":"product_cat-destil-lats-ca","7":"product_cat-vermut-blanc-ca","8":"product_tag-blanco-ca","9":"product_tag-branco-ca","10":"product_tag-petroni-ca","11":"product_tag-st-petroni-ca-2","12":"product_tag-st-petroni-blanc","13":"product_tag-st-petroni-blanc-1l","14":"product_tag-vermouth-ca-2","15":"product_tag-vermu-ca","16":"product_tag-vermuteria-de-galicia-ca","17":"pa_bodega-vermuteriadegalicia-ca","18":"pa_formatoenml-1000-ca","19":"pa_graduacion-15_0-ca","20":"pa_pais-espanya-ca","21":"pa_pueblociudad-padronterrasdeiriagalicia-ca","22":"entry","23":"has-media","25":"first","26":"instock","27":"taxable","28":"shipping-taxable","29":"purchasable","30":"product-type-simple"},"acf":[],"yoast_head":"<!-- This site is optimized with the Yoast SEO Premium plugin v23.1 (Yoast SEO v24.1) - https:\/\/yoast.com\/wordpress\/plugins\/seo\/ -->\n<title>St. Petroni Blanc 1L<\/title>\n<meta name=\"description\" content=\"Comprar en l\u00ednia al millor preu St. Petroni Blanc. Vermouth, aperitius i molts destil\u00b7lats de tot el m\u00f3n. Web especialitzada en vins i destil\u00b7lats.\" \/>\n<meta name=\"robots\" content=\"noindex, follow, max-snippet:-1, max-image-preview:large, max-video-preview:-1\" \/>\n<meta property=\"og:locale\" content=\"ca_ES\" \/>\n<meta property=\"og:type\" content=\"article\" \/>\n<meta property=\"og:title\" content=\"St. Petroni Blanc\" \/>\n<meta property=\"og:description\" content=\"Comprar en l\u00ednia al millor preu St. Petroni Blanc. Vermouth, aperitius i molts destil\u00b7lats de tot el m\u00f3n. Web especialitzada en vins i destil\u00b7lats.\" \/>\n<meta property=\"og:url\" content=\"https:\/\/monlacata.cetrexmarketing.com\/ca\/producto\/vermut-st-petroni-blanc-1l\/\" \/>\n<meta property=\"og:site_name\" content=\"M\u00f3n La Cata\" \/>\n<meta property=\"article:modified_time\" content=\"2024-06-06T11:55:04+00:00\" \/>\n<meta property=\"og:image\" content=\"https:\/\/monlacata.cetrexmarketing.com\/wp-content\/uploads\/2022\/08\/ST-PETRONI-BLANCO.jpg-1.png\" \/>\n\t<meta property=\"og:image:width\" content=\"765\" \/>\n\t<meta property=\"og:image:height\" content=\"1024\" \/>\n\t<meta property=\"og:image:type\" content=\"image\/png\" \/>\n<meta name=\"twitter:card\" content=\"summary_large_image\" \/>\n<meta name=\"twitter:label1\" content=\"Temps estimat de lectura\" \/>\n\t<meta name=\"twitter:data1\" content=\"1 minut\" \/>\n<script type=\"application\/ld+json\" class=\"yoast-schema-graph\">{\"@context\":\"https:\/\/schema.org\",\"@graph\":[{\"@type\":\"WebPage\",\"@id\":\"https:\/\/monlacata.cetrexmarketing.com\/ca\/producto\/vermut-st-petroni-blanc-1l\/\",\"url\":\"https:\/\/monlacata.cetrexmarketing.com\/ca\/producto\/vermut-st-petroni-blanc-1l\/\",\"name\":\"St. Petroni Blanc 1L\",\"isPartOf\":{\"@id\":\"https:\/\/monlacata.cetrexmarketing.com\/#website\"},\"primaryImageOfPage\":{\"@id\":\"https:\/\/monlacata.cetrexmarketing.com\/ca\/producto\/vermut-st-petroni-blanc-1l\/#primaryimage\"},\"image\":{\"@id\":\"https:\/\/monlacata.cetrexmarketing.com\/ca\/producto\/vermut-st-petroni-blanc-1l\/#primaryimage\"},\"thumbnailUrl\":\"https:\/\/monlacata.cetrexmarketing.com\/wp-content\/uploads\/2022\/08\/ST-PETRONI-BLANCO.jpg-1.png\",\"datePublished\":\"2022-08-05T09:37:45+00:00\",\"dateModified\":\"2024-06-06T11:55:04+00:00\",\"description\":\"Comprar en l\u00ednia al millor preu St. Petroni Blanc. Vermouth, aperitius i molts destil\u00b7lats de tot el m\u00f3n. Web especialitzada en vins i destil\u00b7lats.\",\"breadcrumb\":{\"@id\":\"https:\/\/monlacata.cetrexmarketing.com\/ca\/producto\/vermut-st-petroni-blanc-1l\/#breadcrumb\"},\"inLanguage\":\"ca\",\"potentialAction\":[{\"@type\":\"ReadAction\",\"target\":[\"https:\/\/monlacata.cetrexmarketing.com\/ca\/producto\/vermut-st-petroni-blanc-1l\/\"]}]},{\"@type\":\"ImageObject\",\"inLanguage\":\"ca\",\"@id\":\"https:\/\/monlacata.cetrexmarketing.com\/ca\/producto\/vermut-st-petroni-blanc-1l\/#primaryimage\",\"url\":\"https:\/\/monlacata.cetrexmarketing.com\/wp-content\/uploads\/2022\/08\/ST-PETRONI-BLANCO.jpg-1.png\",\"contentUrl\":\"https:\/\/monlacata.cetrexmarketing.com\/wp-content\/uploads\/2022\/08\/ST-PETRONI-BLANCO.jpg-1.png\",\"width\":765,\"height\":1024,\"caption\":\"ST PETRONI BLANCO.jpg\"},{\"@type\":\"BreadcrumbList\",\"@id\":\"https:\/\/monlacata.cetrexmarketing.com\/ca\/producto\/vermut-st-petroni-blanc-1l\/#breadcrumb\",\"itemListElement\":[{\"@type\":\"ListItem\",\"position\":1,\"name\":\"Home\",\"item\":\"https:\/\/monlacata.cetrexmarketing.com\/ca\/\"},{\"@type\":\"ListItem\",\"position\":2,\"name\":\"Tienda\",\"item\":\"https:\/\/monlacata.cetrexmarketing.com\/ca\/tienda-2\/\"},{\"@type\":\"ListItem\",\"position\":3,\"name\":\"Tienda\",\"item\":\"https:\/\/monlacata.cetrexmarketing.com\/categoria-producto\/inicio\/\"},{\"@type\":\"ListItem\",\"position\":4,\"name\":\"Destilados\",\"item\":\"https:\/\/monlacata.cetrexmarketing.com\/categoria-producto\/inicio\/destilados\/\"},{\"@type\":\"ListItem\",\"position\":5,\"name\":\"Vermut\",\"item\":\"https:\/\/monlacata.cetrexmarketing.com\/categoria-producto\/inicio\/destilados\/vermut\/\"},{\"@type\":\"ListItem\",\"position\":6,\"name\":\"Vermut Blanco\",\"item\":\"https:\/\/monlacata.cetrexmarketing.com\/categoria-producto\/inicio\/destilados\/vermut\/vermut-blanco\/\"},{\"@type\":\"ListItem\",\"position\":7,\"name\":\"St. Petroni Blanc\"}]},{\"@type\":\"WebSite\",\"@id\":\"https:\/\/monlacata.cetrexmarketing.com\/#website\",\"url\":\"https:\/\/monlacata.cetrexmarketing.com\/\",\"name\":\"M\u00f3n La Cata\",\"description\":\"Tienda de vinos, licores, cervezas y gourmet\",\"publisher\":{\"@id\":\"https:\/\/monlacata.cetrexmarketing.com\/#organization\"},\"potentialAction\":[{\"@type\":\"SearchAction\",\"target\":{\"@type\":\"EntryPoint\",\"urlTemplate\":\"https:\/\/monlacata.cetrexmarketing.com\/?s={search_term_string}\"},\"query-input\":{\"@type\":\"PropertyValueSpecification\",\"valueRequired\":true,\"valueName\":\"search_term_string\"}}],\"inLanguage\":\"ca\"},{\"@type\":\"Organization\",\"@id\":\"https:\/\/monlacata.cetrexmarketing.com\/#organization\",\"name\":\"M\u00f3n La Cata\",\"url\":\"https:\/\/monlacata.cetrexmarketing.com\/\",\"logo\":{\"@type\":\"ImageObject\",\"inLanguage\":\"ca\",\"@id\":\"https:\/\/monlacata.cetrexmarketing.com\/#\/schema\/logo\/image\/\",\"url\":\"https:\/\/monlacata.cetrexmarketing.com\/wp-content\/uploads\/2024\/02\/monlacata-logo-blanc.png\",\"contentUrl\":\"https:\/\/monlacata.cetrexmarketing.com\/wp-content\/uploads\/2024\/02\/monlacata-logo-blanc.png\",\"width\":454,\"height\":193,\"caption\":\"M\u00f3n La Cata\"},\"image\":{\"@id\":\"https:\/\/monlacata.cetrexmarketing.com\/#\/schema\/logo\/image\/\"}}]}<\/script>\n<!-- \/ Yoast SEO Premium plugin. -->","yoast_head_json":{"title":"St. Petroni Blanc 1L","description":"Comprar en l\u00ednia al millor preu St. Petroni Blanc. Vermouth, aperitius i molts destil\u00b7lats de tot el m\u00f3n. Web especialitzada en vins i destil\u00b7lats.","robots":{"index":"noindex","follow":"follow","max-snippet":"max-snippet:-1","max-image-preview":"max-image-preview:large","max-video-preview":"max-video-preview:-1"},"og_locale":"ca_ES","og_type":"article","og_title":"St. Petroni Blanc","og_description":"Comprar en l\u00ednia al millor preu St. Petroni Blanc. Vermouth, aperitius i molts destil\u00b7lats de tot el m\u00f3n. Web especialitzada en vins i destil\u00b7lats.","og_url":"https:\/\/monlacata.cetrexmarketing.com\/ca\/producto\/vermut-st-petroni-blanc-1l\/","og_site_name":"M\u00f3n La Cata","article_modified_time":"2024-06-06T11:55:04+00:00","og_image":[{"width":765,"height":1024,"url":"https:\/\/monlacata.cetrexmarketing.com\/wp-content\/uploads\/2022\/08\/ST-PETRONI-BLANCO.jpg-1.png","type":"image\/png"}],"twitter_card":"summary_large_image","twitter_misc":{"Temps estimat de lectura":"1 minut"},"schema":{"@context":"https:\/\/schema.org","@graph":[{"@type":"WebPage","@id":"https:\/\/monlacata.cetrexmarketing.com\/ca\/producto\/vermut-st-petroni-blanc-1l\/","url":"https:\/\/monlacata.cetrexmarketing.com\/ca\/producto\/vermut-st-petroni-blanc-1l\/","name":"St. Petroni Blanc 1L","isPartOf":{"@id":"https:\/\/monlacata.cetrexmarketing.com\/#website"},"primaryImageOfPage":{"@id":"https:\/\/monlacata.cetrexmarketing.com\/ca\/producto\/vermut-st-petroni-blanc-1l\/#primaryimage"},"image":{"@id":"https:\/\/monlacata.cetrexmarketing.com\/ca\/producto\/vermut-st-petroni-blanc-1l\/#primaryimage"},"thumbnailUrl":"https:\/\/monlacata.cetrexmarketing.com\/wp-content\/uploads\/2022\/08\/ST-PETRONI-BLANCO.jpg-1.png","datePublished":"2022-08-05T09:37:45+00:00","dateModified":"2024-06-06T11:55:04+00:00","description":"Comprar en l\u00ednia al millor preu St. Petroni Blanc. Vermouth, aperitius i molts destil\u00b7lats de tot el m\u00f3n. Web especialitzada en vins i destil\u00b7lats.","breadcrumb":{"@id":"https:\/\/monlacata.cetrexmarketing.com\/ca\/producto\/vermut-st-petroni-blanc-1l\/#breadcrumb"},"inLanguage":"ca","potentialAction":[{"@type":"ReadAction","target":["https:\/\/monlacata.cetrexmarketing.com\/ca\/producto\/vermut-st-petroni-blanc-1l\/"]}]},{"@type":"ImageObject","inLanguage":"ca","@id":"https:\/\/monlacata.cetrexmarketing.com\/ca\/producto\/vermut-st-petroni-blanc-1l\/#primaryimage","url":"https:\/\/monlacata.cetrexmarketing.com\/wp-content\/uploads\/2022\/08\/ST-PETRONI-BLANCO.jpg-1.png","contentUrl":"https:\/\/monlacata.cetrexmarketing.com\/wp-content\/uploads\/2022\/08\/ST-PETRONI-BLANCO.jpg-1.png","width":765,"height":1024,"caption":"ST PETRONI BLANCO.jpg"},{"@type":"BreadcrumbList","@id":"https:\/\/monlacata.cetrexmarketing.com\/ca\/producto\/vermut-st-petroni-blanc-1l\/#breadcrumb","itemListElement":[{"@type":"ListItem","position":1,"name":"Home","item":"https:\/\/monlacata.cetrexmarketing.com\/ca\/"},{"@type":"ListItem","position":2,"name":"Tienda","item":"https:\/\/monlacata.cetrexmarketing.com\/ca\/tienda-2\/"},{"@type":"ListItem","position":3,"name":"Tienda","item":"https:\/\/monlacata.cetrexmarketing.com\/categoria-producto\/inicio\/"},{"@type":"ListItem","position":4,"name":"Destilados","item":"https:\/\/monlacata.cetrexmarketing.com\/categoria-producto\/inicio\/destilados\/"},{"@type":"ListItem","position":5,"name":"Vermut","item":"https:\/\/monlacata.cetrexmarketing.com\/categoria-producto\/inicio\/destilados\/vermut\/"},{"@type":"ListItem","position":6,"name":"Vermut Blanco","item":"https:\/\/monlacata.cetrexmarketing.com\/categoria-producto\/inicio\/destilados\/vermut\/vermut-blanco\/"},{"@type":"ListItem","position":7,"name":"St. Petroni Blanc"}]},{"@type":"WebSite","@id":"https:\/\/monlacata.cetrexmarketing.com\/#website","url":"https:\/\/monlacata.cetrexmarketing.com\/","name":"M\u00f3n La Cata","description":"Tienda de vinos, licores, cervezas y gourmet","publisher":{"@id":"https:\/\/monlacata.cetrexmarketing.com\/#organization"},"potentialAction":[{"@type":"SearchAction","target":{"@type":"EntryPoint","urlTemplate":"https:\/\/monlacata.cetrexmarketing.com\/?s={search_term_string}"},"query-input":{"@type":"PropertyValueSpecification","valueRequired":true,"valueName":"search_term_string"}}],"inLanguage":"ca"},{"@type":"Organization","@id":"https:\/\/monlacata.cetrexmarketing.com\/#organization","name":"M\u00f3n La Cata","url":"https:\/\/monlacata.cetrexmarketing.com\/","logo":{"@type":"ImageObject","inLanguage":"ca","@id":"https:\/\/monlacata.cetrexmarketing.com\/#\/schema\/logo\/image\/","url":"https:\/\/monlacata.cetrexmarketing.com\/wp-content\/uploads\/2024\/02\/monlacata-logo-blanc.png","contentUrl":"https:\/\/monlacata.cetrexmarketing.com\/wp-content\/uploads\/2024\/02\/monlacata-logo-blanc.png","width":454,"height":193,"caption":"M\u00f3n La Cata"},"image":{"@id":"https:\/\/monlacata.cetrexmarketing.com\/#\/schema\/logo\/image\/"}}]}},"brands":[],"tiered_pricing_type":"fixed","tiered_pricing_fixed_rules":[],"tiered_pricing_product_settings":{"layout":"default","base_unit_name":{"singular":null,"plural":null},"default_variation":null},"tiered_pricing_minimum_quantity":1,"tiered_pricing_roles_data":[],"tiered_pricing_percentage_rules":[],"tiered_pricing_maximum_quantity":null,"tiered_pricing_quantity_step":null,"_links":{"self":[{"href":"https:\/\/monlacata.cetrexmarketing.com\/ca\/wp-json\/wp\/v2\/product\/49202","targetHints":{"allow":["GET"]}}],"collection":[{"href":"https:\/\/monlacata.cetrexmarketing.com\/ca\/wp-json\/wp\/v2\/product"}],"about":[{"href":"https:\/\/monlacata.cetrexmarketing.com\/ca\/wp-json\/wp\/v2\/types\/product"}],"replies":[{"embeddable":true,"href":"https:\/\/monlacata.cetrexmarketing.com\/ca\/wp-json\/wp\/v2\/comments?post=49202"}],"wp:featuredmedia":[{"embeddable":true,"href":"https:\/\/monlacata.cetrexmarketing.com\/ca\/wp-json\/wp\/v2\/media\/68712"}],"wp:attachment":[{"href":"https:\/\/monlacata.cetrexmarketing.com\/ca\/wp-json\/wp\/v2\/media?parent=49202"}],"wp:term":[{"taxonomy":"pwb-brand","embeddable":true,"href":"https:\/\/monlacata.cetrexmarketing.com\/ca\/wp-json\/wp\/v2\/pwb-brand?post=49202"},{"taxonomy":"product_cat","embeddable":true,"href":"https:\/\/monlacata.cetrexmarketing.com\/ca\/wp-json\/wp\/v2\/product_cat?post=49202"},{"taxonomy":"product_tag","embeddable":true,"href":"https:\/\/monlacata.cetrexmarketing.com\/ca\/wp-json\/wp\/v2\/product_tag?post=49202"}],"curies":[{"name":"wp","href":"https:\/\/api.w.org\/{rel}","templated":true}]}}