{"id":49230,"date":"2022-08-05T12:17:51","date_gmt":"2022-08-05T12:17:51","guid":{"rendered":"https:\/\/monlacata.cetrexmarketing.com\/producto\/yzaguirre-1884-gran-reserva\/"},"modified":"2024-11-19T16:24:53","modified_gmt":"2024-11-19T16:24:53","slug":"yzaguirre-1884-gran-reserva","status":"publish","type":"product","link":"https:\/\/monlacata.cetrexmarketing.com\/ca\/producto\/yzaguirre-1884-gran-reserva\/","title":{"rendered":"Yzaguirre 1884 Gran Reserva"},"content":{"rendered":"<p>Yzaguirre 1884 Gran Reserva \u00e9s un vermut d&#8217;excepcional qualitat, elaborat a Catalunya i envellit amb cura per assolir la seva m\u00e0xima expressi\u00f3. Amb un profund color ambre i un aroma complex, combina notes d&#8217;esp\u00e8cies, herbes mediterr\u00e0nies i un subtil toc de fusta. El seu sabor ric i equilibrat ofereix matisos de fruites seques, vainilla i un lleu amargor caracter\u00edstic. Ideal per gaudir sol, amb gel, o en c\u00f2ctels sofisticats, aquest vermut \u00e9s un veritable cl\u00e0ssic.<\/p>\n","protected":false},"excerpt":{"rendered":"<p>Yzaguirre 1884 Gran Reserva \u00e9s un vermut d&#8217;excepcional qualitat, elaborat a Catalunya i envellit amb cura per assolir la seva m\u00e0xima expressi\u00f3. Amb un profund color ambre i un aroma complex, combina notes d&#8217;esp\u00e8cies, herbes mediterr\u00e0nies i un subtil toc de fusta. El seu sabor ric i equilibrat ofereix matisos de fruites seques, vainilla i&hellip;<\/p>\n","protected":false},"featured_media":68730,"comment_status":"closed","ping_status":"closed","template":"","meta":{"_acf_changed":false},"pwb-brand":[],"product_cat":[33040,33226,51990],"product_tag":[18117,15250,15248,15247,50572,50570,15241],"class_list":{"0":"post-49230","1":"product","2":"type-product","3":"status-publish","4":"has-post-thumbnail","6":"product_cat-destil-lats-ca","7":"product_cat-vermut-negre-ca","8":"product_cat-lots-i-estoigs","9":"product_tag-1884-ca","10":"product_tag-el-morell-ca","11":"product_tag-reus-ca","12":"product_tag-tarragona-ca","13":"product_tag-vermouth-ca-2","14":"product_tag-vermu-ca","15":"product_tag-yzaguirre-ca","16":"pa_bodega-cellersortdelcastell-ca","17":"pa_destileria-bodegasyzaguirre-ca","18":"pa_envejecimiento-granreserva-ca","19":"pa_firmacomercial-9d-importacionesyexportacione-ca","20":"pa_formatoenl-075-ca","21":"pa_formatoenml-750-ca","22":"pa_graduacion-20_0-ca","23":"pa_pais-espanya-ca","24":"pa_pesoengramos-1000-ca","25":"pa_pesoenkg-10-ca-2","26":"pa_pueblociudad-reustarragona","27":"pa_region-cataluna-ca","28":"entry","29":"has-media","31":"first","32":"instock","33":"taxable","34":"shipping-taxable","35":"purchasable","36":"product-type-simple"},"acf":[],"yoast_head":"<!-- This site is optimized with the Yoast SEO Premium plugin v23.1 (Yoast SEO v24.1) - https:\/\/yoast.com\/wordpress\/plugins\/seo\/ -->\n<title>Yzaguirre 1884 Gran Reserva Vermouth<\/title>\n<meta name=\"description\" content=\"Comprar online al millor preu vermut, aperitius i molts altres destil\u00b7lats d&#039;arreu del m\u00f3n.\" \/>\n<meta name=\"robots\" content=\"noindex, follow, max-snippet:-1, max-image-preview:large, max-video-preview:-1\" \/>\n<meta property=\"og:locale\" content=\"ca_ES\" \/>\n<meta property=\"og:type\" content=\"article\" \/>\n<meta property=\"og:title\" content=\"Yzaguirre 1884 Gran Reserva\" \/>\n<meta property=\"og:description\" content=\"Comprar online al millor preu vermut, aperitius i molts altres destil\u00b7lats d&#039;arreu del m\u00f3n.\" \/>\n<meta property=\"og:url\" content=\"https:\/\/monlacata.cetrexmarketing.com\/producto\/yzaguirre-1884-gran-reserva\/\" \/>\n<meta property=\"og:site_name\" content=\"M\u00f3n La Cata\" \/>\n<meta property=\"article:modified_time\" content=\"2024-11-19T16:24:53+00:00\" \/>\n<meta property=\"og:image\" content=\"https:\/\/monlacata.cetrexmarketing.com\/wp-content\/uploads\/2022\/08\/yzaguirre-1884-gran-reserva.jpg.png\" \/>\n\t<meta property=\"og:image:width\" content=\"765\" \/>\n\t<meta property=\"og:image:height\" content=\"1024\" \/>\n\t<meta property=\"og:image:type\" content=\"image\/png\" \/>\n<meta name=\"twitter:card\" content=\"summary_large_image\" \/>\n<meta name=\"twitter:label1\" content=\"Temps estimat de lectura\" \/>\n\t<meta name=\"twitter:data1\" content=\"1 minut\" \/>\n<script type=\"application\/ld+json\" class=\"yoast-schema-graph\">{\"@context\":\"https:\/\/schema.org\",\"@graph\":[{\"@type\":\"WebPage\",\"@id\":\"https:\/\/monlacata.cetrexmarketing.com\/producto\/yzaguirre-1884-gran-reserva\/\",\"url\":\"https:\/\/monlacata.cetrexmarketing.com\/producto\/yzaguirre-1884-gran-reserva\/\",\"name\":\"Yzaguirre 1884 Gran Reserva Vermouth\",\"isPartOf\":{\"@id\":\"https:\/\/monlacata.cetrexmarketing.com\/#website\"},\"primaryImageOfPage\":{\"@id\":\"https:\/\/monlacata.cetrexmarketing.com\/producto\/yzaguirre-1884-gran-reserva\/#primaryimage\"},\"image\":{\"@id\":\"https:\/\/monlacata.cetrexmarketing.com\/producto\/yzaguirre-1884-gran-reserva\/#primaryimage\"},\"thumbnailUrl\":\"https:\/\/monlacata.cetrexmarketing.com\/wp-content\/uploads\/2022\/08\/yzaguirre-1884-gran-reserva.jpg.png\",\"datePublished\":\"2022-08-05T12:17:51+00:00\",\"dateModified\":\"2024-11-19T16:24:53+00:00\",\"description\":\"Comprar online al millor preu vermut, aperitius i molts altres destil\u00b7lats d'arreu del m\u00f3n.\",\"breadcrumb\":{\"@id\":\"https:\/\/monlacata.cetrexmarketing.com\/producto\/yzaguirre-1884-gran-reserva\/#breadcrumb\"},\"inLanguage\":\"ca\",\"potentialAction\":[{\"@type\":\"ReadAction\",\"target\":[\"https:\/\/monlacata.cetrexmarketing.com\/producto\/yzaguirre-1884-gran-reserva\/\"]}]},{\"@type\":\"ImageObject\",\"inLanguage\":\"ca\",\"@id\":\"https:\/\/monlacata.cetrexmarketing.com\/producto\/yzaguirre-1884-gran-reserva\/#primaryimage\",\"url\":\"https:\/\/monlacata.cetrexmarketing.com\/wp-content\/uploads\/2022\/08\/yzaguirre-1884-gran-reserva.jpg.png\",\"contentUrl\":\"https:\/\/monlacata.cetrexmarketing.com\/wp-content\/uploads\/2022\/08\/yzaguirre-1884-gran-reserva.jpg.png\",\"width\":765,\"height\":1024,\"caption\":\"yzaguirre 1884 gran reserva.jpg\"},{\"@type\":\"BreadcrumbList\",\"@id\":\"https:\/\/monlacata.cetrexmarketing.com\/producto\/yzaguirre-1884-gran-reserva\/#breadcrumb\",\"itemListElement\":[{\"@type\":\"ListItem\",\"position\":1,\"name\":\"Home\",\"item\":\"https:\/\/monlacata.cetrexmarketing.com\/ca\/\"},{\"@type\":\"ListItem\",\"position\":2,\"name\":\"Tienda\",\"item\":\"https:\/\/monlacata.cetrexmarketing.com\/ca\/tienda-2\/\"},{\"@type\":\"ListItem\",\"position\":3,\"name\":\"Destil\u00b7lats\",\"item\":\"https:\/\/monlacata.cetrexmarketing.com\/categoria-producto\/home-ca\/destil-lats-ca\/\"},{\"@type\":\"ListItem\",\"position\":4,\"name\":\"Vermut Negre\",\"item\":\"https:\/\/monlacata.cetrexmarketing.com\/ca\/categoria-producto\/destil-lats-ca\/vermut-negre-ca\/\"},{\"@type\":\"ListItem\",\"position\":5,\"name\":\"Yzaguirre 1884 Gran Reserva\"}]},{\"@type\":\"WebSite\",\"@id\":\"https:\/\/monlacata.cetrexmarketing.com\/#website\",\"url\":\"https:\/\/monlacata.cetrexmarketing.com\/\",\"name\":\"M\u00f3n La Cata\",\"description\":\"Tienda de vinos, licores, cervezas y gourmet\",\"publisher\":{\"@id\":\"https:\/\/monlacata.cetrexmarketing.com\/#organization\"},\"potentialAction\":[{\"@type\":\"SearchAction\",\"target\":{\"@type\":\"EntryPoint\",\"urlTemplate\":\"https:\/\/monlacata.cetrexmarketing.com\/?s={search_term_string}\"},\"query-input\":{\"@type\":\"PropertyValueSpecification\",\"valueRequired\":true,\"valueName\":\"search_term_string\"}}],\"inLanguage\":\"ca\"},{\"@type\":\"Organization\",\"@id\":\"https:\/\/monlacata.cetrexmarketing.com\/#organization\",\"name\":\"M\u00f3n La Cata\",\"url\":\"https:\/\/monlacata.cetrexmarketing.com\/\",\"logo\":{\"@type\":\"ImageObject\",\"inLanguage\":\"ca\",\"@id\":\"https:\/\/monlacata.cetrexmarketing.com\/#\/schema\/logo\/image\/\",\"url\":\"https:\/\/monlacata.cetrexmarketing.com\/wp-content\/uploads\/2024\/02\/monlacata-logo-blanc.png\",\"contentUrl\":\"https:\/\/monlacata.cetrexmarketing.com\/wp-content\/uploads\/2024\/02\/monlacata-logo-blanc.png\",\"width\":454,\"height\":193,\"caption\":\"M\u00f3n La Cata\"},\"image\":{\"@id\":\"https:\/\/monlacata.cetrexmarketing.com\/#\/schema\/logo\/image\/\"}}]}<\/script>\n<!-- \/ Yoast SEO Premium plugin. -->","yoast_head_json":{"title":"Yzaguirre 1884 Gran Reserva Vermouth","description":"Comprar online al millor preu vermut, aperitius i molts altres destil\u00b7lats d'arreu del m\u00f3n.","robots":{"index":"noindex","follow":"follow","max-snippet":"max-snippet:-1","max-image-preview":"max-image-preview:large","max-video-preview":"max-video-preview:-1"},"og_locale":"ca_ES","og_type":"article","og_title":"Yzaguirre 1884 Gran Reserva","og_description":"Comprar online al millor preu vermut, aperitius i molts altres destil\u00b7lats d'arreu del m\u00f3n.","og_url":"https:\/\/monlacata.cetrexmarketing.com\/producto\/yzaguirre-1884-gran-reserva\/","og_site_name":"M\u00f3n La Cata","article_modified_time":"2024-11-19T16:24:53+00:00","og_image":[{"width":765,"height":1024,"url":"https:\/\/monlacata.cetrexmarketing.com\/wp-content\/uploads\/2022\/08\/yzaguirre-1884-gran-reserva.jpg.png","type":"image\/png"}],"twitter_card":"summary_large_image","twitter_misc":{"Temps estimat de lectura":"1 minut"},"schema":{"@context":"https:\/\/schema.org","@graph":[{"@type":"WebPage","@id":"https:\/\/monlacata.cetrexmarketing.com\/producto\/yzaguirre-1884-gran-reserva\/","url":"https:\/\/monlacata.cetrexmarketing.com\/producto\/yzaguirre-1884-gran-reserva\/","name":"Yzaguirre 1884 Gran Reserva Vermouth","isPartOf":{"@id":"https:\/\/monlacata.cetrexmarketing.com\/#website"},"primaryImageOfPage":{"@id":"https:\/\/monlacata.cetrexmarketing.com\/producto\/yzaguirre-1884-gran-reserva\/#primaryimage"},"image":{"@id":"https:\/\/monlacata.cetrexmarketing.com\/producto\/yzaguirre-1884-gran-reserva\/#primaryimage"},"thumbnailUrl":"https:\/\/monlacata.cetrexmarketing.com\/wp-content\/uploads\/2022\/08\/yzaguirre-1884-gran-reserva.jpg.png","datePublished":"2022-08-05T12:17:51+00:00","dateModified":"2024-11-19T16:24:53+00:00","description":"Comprar online al millor preu vermut, aperitius i molts altres destil\u00b7lats d'arreu del m\u00f3n.","breadcrumb":{"@id":"https:\/\/monlacata.cetrexmarketing.com\/producto\/yzaguirre-1884-gran-reserva\/#breadcrumb"},"inLanguage":"ca","potentialAction":[{"@type":"ReadAction","target":["https:\/\/monlacata.cetrexmarketing.com\/producto\/yzaguirre-1884-gran-reserva\/"]}]},{"@type":"ImageObject","inLanguage":"ca","@id":"https:\/\/monlacata.cetrexmarketing.com\/producto\/yzaguirre-1884-gran-reserva\/#primaryimage","url":"https:\/\/monlacata.cetrexmarketing.com\/wp-content\/uploads\/2022\/08\/yzaguirre-1884-gran-reserva.jpg.png","contentUrl":"https:\/\/monlacata.cetrexmarketing.com\/wp-content\/uploads\/2022\/08\/yzaguirre-1884-gran-reserva.jpg.png","width":765,"height":1024,"caption":"yzaguirre 1884 gran reserva.jpg"},{"@type":"BreadcrumbList","@id":"https:\/\/monlacata.cetrexmarketing.com\/producto\/yzaguirre-1884-gran-reserva\/#breadcrumb","itemListElement":[{"@type":"ListItem","position":1,"name":"Home","item":"https:\/\/monlacata.cetrexmarketing.com\/ca\/"},{"@type":"ListItem","position":2,"name":"Tienda","item":"https:\/\/monlacata.cetrexmarketing.com\/ca\/tienda-2\/"},{"@type":"ListItem","position":3,"name":"Destil\u00b7lats","item":"https:\/\/monlacata.cetrexmarketing.com\/categoria-producto\/home-ca\/destil-lats-ca\/"},{"@type":"ListItem","position":4,"name":"Vermut Negre","item":"https:\/\/monlacata.cetrexmarketing.com\/ca\/categoria-producto\/destil-lats-ca\/vermut-negre-ca\/"},{"@type":"ListItem","position":5,"name":"Yzaguirre 1884 Gran Reserva"}]},{"@type":"WebSite","@id":"https:\/\/monlacata.cetrexmarketing.com\/#website","url":"https:\/\/monlacata.cetrexmarketing.com\/","name":"M\u00f3n La Cata","description":"Tienda de vinos, licores, cervezas y gourmet","publisher":{"@id":"https:\/\/monlacata.cetrexmarketing.com\/#organization"},"potentialAction":[{"@type":"SearchAction","target":{"@type":"EntryPoint","urlTemplate":"https:\/\/monlacata.cetrexmarketing.com\/?s={search_term_string}"},"query-input":{"@type":"PropertyValueSpecification","valueRequired":true,"valueName":"search_term_string"}}],"inLanguage":"ca"},{"@type":"Organization","@id":"https:\/\/monlacata.cetrexmarketing.com\/#organization","name":"M\u00f3n La Cata","url":"https:\/\/monlacata.cetrexmarketing.com\/","logo":{"@type":"ImageObject","inLanguage":"ca","@id":"https:\/\/monlacata.cetrexmarketing.com\/#\/schema\/logo\/image\/","url":"https:\/\/monlacata.cetrexmarketing.com\/wp-content\/uploads\/2024\/02\/monlacata-logo-blanc.png","contentUrl":"https:\/\/monlacata.cetrexmarketing.com\/wp-content\/uploads\/2024\/02\/monlacata-logo-blanc.png","width":454,"height":193,"caption":"M\u00f3n La Cata"},"image":{"@id":"https:\/\/monlacata.cetrexmarketing.com\/#\/schema\/logo\/image\/"}}]}},"brands":[],"tiered_pricing_type":"fixed","tiered_pricing_fixed_rules":[],"tiered_pricing_product_settings":{"layout":"default","base_unit_name":{"singular":null,"plural":null},"default_variation":null},"tiered_pricing_minimum_quantity":1,"tiered_pricing_roles_data":[],"tiered_pricing_percentage_rules":[],"tiered_pricing_maximum_quantity":null,"tiered_pricing_quantity_step":null,"_links":{"self":[{"href":"https:\/\/monlacata.cetrexmarketing.com\/ca\/wp-json\/wp\/v2\/product\/49230","targetHints":{"allow":["GET"]}}],"collection":[{"href":"https:\/\/monlacata.cetrexmarketing.com\/ca\/wp-json\/wp\/v2\/product"}],"about":[{"href":"https:\/\/monlacata.cetrexmarketing.com\/ca\/wp-json\/wp\/v2\/types\/product"}],"replies":[{"embeddable":true,"href":"https:\/\/monlacata.cetrexmarketing.com\/ca\/wp-json\/wp\/v2\/comments?post=49230"}],"wp:featuredmedia":[{"embeddable":true,"href":"https:\/\/monlacata.cetrexmarketing.com\/ca\/wp-json\/wp\/v2\/media\/68730"}],"wp:attachment":[{"href":"https:\/\/monlacata.cetrexmarketing.com\/ca\/wp-json\/wp\/v2\/media?parent=49230"}],"wp:term":[{"taxonomy":"pwb-brand","embeddable":true,"href":"https:\/\/monlacata.cetrexmarketing.com\/ca\/wp-json\/wp\/v2\/pwb-brand?post=49230"},{"taxonomy":"product_cat","embeddable":true,"href":"https:\/\/monlacata.cetrexmarketing.com\/ca\/wp-json\/wp\/v2\/product_cat?post=49230"},{"taxonomy":"product_tag","embeddable":true,"href":"https:\/\/monlacata.cetrexmarketing.com\/ca\/wp-json\/wp\/v2\/product_tag?post=49230"}],"curies":[{"name":"wp","href":"https:\/\/api.w.org\/{rel}","templated":true}]}}