{"id":49514,"date":"2022-09-21T10:39:18","date_gmt":"2022-09-21T10:39:18","guid":{"rendered":"https:\/\/monlacata.cetrexmarketing.com\/producto\/lacrima-baccus-brut-nature-reserva\/"},"modified":"2025-04-12T09:19:20","modified_gmt":"2025-04-12T09:19:20","slug":"lacrima-baccus-brut-nature-reserva","status":"publish","type":"product","link":"https:\/\/monlacata.cetrexmarketing.com\/ca\/producto\/lacrima-baccus-brut-nature-reserva\/","title":{"rendered":"Lacrima Baccus Brut Nature Reserva"},"content":{"rendered":"<p class=\"\" data-start=\"0\" data-end=\"419\"><strong data-start=\"0\" data-end=\"38\">Lacrima Baccus Brut Nature Reserva<\/strong> \u00e9s un <strong data-start=\"45\" data-end=\"53\">cava<\/strong> de <strong data-start=\"57\" data-end=\"71\">gamma alta<\/strong>, elaborat amb el <strong data-start=\"89\" data-end=\"111\">m\u00e8tode tradicional<\/strong> de fermentaci\u00f3 en botella. Aquest cava es coneix per la seva <strong data-start=\"173\" data-end=\"188\">complexitat<\/strong>, <strong data-start=\"190\" data-end=\"203\">eleg\u00e0ncia<\/strong> i <strong data-start=\"206\" data-end=\"217\">frescor<\/strong>, resultat d&#8217;una <strong data-start=\"234\" data-end=\"252\">curosa crian\u00e7a<\/strong> a les caves durant diversos mesos. El seu perfil <strong data-start=\"302\" data-end=\"316\">equilibrat<\/strong> i <strong data-start=\"319\" data-end=\"333\">sofisticat<\/strong> el fa ideal per a <strong data-start=\"352\" data-end=\"368\">celebracions<\/strong>, <strong data-start=\"370\" data-end=\"393\" data-is-only-node=\"\">maridatges refinats<\/strong> i <strong data-start=\"396\" data-end=\"418\">ocasions especials<\/strong>.<\/p>\n<h3 class=\"\" data-start=\"426\" data-end=\"462\"><strong data-start=\"430\" data-end=\"462\">Caracter\u00edstiques principals:<\/strong><\/h3>\n<ul data-start=\"463\" data-end=\"1235\">\n<li class=\"\" data-start=\"463\" data-end=\"521\">\n<p class=\"\" data-start=\"465\" data-end=\"521\"><strong data-start=\"465\" data-end=\"476\">Origen:<\/strong> Espanya, elaborat a la <strong data-start=\"500\" data-end=\"521\">regi\u00f3 del Pened\u00e8s<\/strong><\/p>\n<\/li>\n<li class=\"\" data-start=\"522\" data-end=\"563\">\n<p class=\"\" data-start=\"524\" data-end=\"563\"><strong data-start=\"524\" data-end=\"534\">Tipus:<\/strong> <strong data-start=\"535\" data-end=\"563\">Cava Brut Nature Reserva<\/strong><\/p>\n<\/li>\n<li class=\"\" data-start=\"564\" data-end=\"667\">\n<p class=\"\" data-start=\"566\" data-end=\"667\"><strong data-start=\"566\" data-end=\"588\">Varietats de ra\u00efm:<\/strong> <strong data-start=\"589\" data-end=\"600\">Macabeu<\/strong>, <strong data-start=\"602\" data-end=\"614\">Xarel\u00b7lo<\/strong> i <strong data-start=\"617\" data-end=\"630\">Parellada<\/strong>, les varietats tradicionals del cava<\/p>\n<\/li>\n<li class=\"\" data-start=\"668\" data-end=\"723\">\n<p class=\"\" data-start=\"670\" data-end=\"723\"><strong data-start=\"670\" data-end=\"695\">Graduaci\u00f3 alcoh\u00f2lica:<\/strong> Aproximadament <strong data-start=\"711\" data-end=\"723\">12% vol.<\/strong><\/p>\n<\/li>\n<li class=\"\" data-start=\"724\" data-end=\"791\">\n<p class=\"\" data-start=\"726\" data-end=\"791\"><strong data-start=\"726\" data-end=\"736\">Color:<\/strong> <strong data-start=\"737\" data-end=\"753\">Groc p\u00e0l\u00b7lid<\/strong> amb <strong data-start=\"758\" data-end=\"777\">bombolles fines<\/strong> i persistents<\/p>\n<\/li>\n<li class=\"\" data-start=\"792\" data-end=\"983\">\n<p class=\"\" data-start=\"794\" data-end=\"983\"><strong data-start=\"794\" data-end=\"804\">Aroma:<\/strong> Aromes <strong data-start=\"812\" data-end=\"825\">complexos<\/strong> de <strong data-start=\"829\" data-end=\"849\">fruites blanques<\/strong> (com <strong data-start=\"855\" data-end=\"863\">poma<\/strong> i <strong data-start=\"866\" data-end=\"874\">pera<\/strong>) juntament amb <strong data-start=\"890\" data-end=\"911\">tocs de pa torrat<\/strong>, <strong data-start=\"913\" data-end=\"926\">llevedura<\/strong> i <strong data-start=\"929\" data-end=\"946\">notes florals<\/strong>, degut a la seva llarga <strong data-start=\"971\" data-end=\"982\">crian\u00e7a<\/strong>.<\/p>\n<\/li>\n<li class=\"\" data-start=\"984\" data-end=\"1151\">\n<p class=\"\" data-start=\"986\" data-end=\"1151\"><strong data-start=\"986\" data-end=\"996\">Sabor:<\/strong> <strong data-start=\"997\" data-end=\"1004\">Sec<\/strong>, amb una <strong data-start=\"1014\" data-end=\"1039\">acidesa ben integrada<\/strong> que d\u00f3na pas a un perfil <strong data-start=\"1065\" data-end=\"1076\">fruit\u00f3s<\/strong> i una lleugera <strong data-start=\"1092\" data-end=\"1106\">cremositat<\/strong>, equilibrat amb les notes de la <strong data-start=\"1139\" data-end=\"1150\">crian\u00e7a<\/strong>.<\/p>\n<\/li>\n<li class=\"\" data-start=\"1152\" data-end=\"1235\">\n<p class=\"\" data-start=\"1154\" data-end=\"1235\"><strong data-start=\"1154\" data-end=\"1164\">Final:<\/strong> <strong data-start=\"1165\" data-end=\"1174\">Llarg<\/strong> i <strong data-start=\"1177\" data-end=\"1184\">net<\/strong>, amb un <strong data-start=\"1193\" data-end=\"1217\">retrogust refrescant<\/strong> i <strong data-start=\"1220\" data-end=\"1234\">persistent<\/strong>.<\/p>\n<\/li>\n<\/ul>\n<h3 class=\"\" data-start=\"1242\" data-end=\"1266\"><strong data-start=\"1246\" data-end=\"1266\">Usos recomanats:<\/strong><\/h3>\n<p class=\"\" data-start=\"1267\" data-end=\"1603\">\u00a0<strong data-start=\"1269\" data-end=\"1293\">Ideal com a aperitiu<\/strong>, o per acompanyar <strong data-start=\"1312\" data-end=\"1323\">mariscs<\/strong>, <strong data-start=\"1325\" data-end=\"1335\">peixos<\/strong>, <strong data-start=\"1337\" data-end=\"1355\">carns blanques<\/strong> o <strong data-start=\"1358\" data-end=\"1379\">amanides fresques<\/strong>.<br data-start=\"1380\" data-end=\"1383\" \/>\u00a0<strong data-start=\"1385\" data-end=\"1414\">Perfecte per celebracions<\/strong> i <strong data-start=\"1417\" data-end=\"1444\">esdeveniments especials<\/strong>, especialment aquells que requereixen un cava de <strong data-start=\"1494\" data-end=\"1515\">qualitat superior<\/strong>.<br data-start=\"1516\" data-end=\"1519\" \/>\u00a0Tamb\u00e9 \u00e9s una excel\u00b7lent opci\u00f3 per maridar amb <strong data-start=\"1567\" data-end=\"1587\">formatges curats<\/strong> i <strong data-start=\"1590\" data-end=\"1602\">arrossos<\/strong>.<\/p>\n<h3 class=\"\" data-start=\"1610\" data-end=\"1630\"><strong data-start=\"1614\" data-end=\"1630\">Conservaci\u00f3:<\/strong><\/h3>\n<ul data-start=\"1631\" data-end=\"1809\">\n<li class=\"\" data-start=\"1631\" data-end=\"1698\">\n<p class=\"\" data-start=\"1633\" data-end=\"1698\"><strong data-start=\"1633\" data-end=\"1668\">Mantenir en un lloc fresc i sec<\/strong>, allunyat de la llum directa.<\/p>\n<\/li>\n<li class=\"\" data-start=\"1699\" data-end=\"1809\">\n<p class=\"\" data-start=\"1701\" data-end=\"1809\"><strong data-start=\"1701\" data-end=\"1740\">Recomanat consumir dins de 2-3 anys<\/strong> des de la seva compra per gaudir de la seva frescor i bombolla fina.<\/p>\n<\/li>\n<\/ul>\n<p class=\"\" data-start=\"1816\" data-end=\"2087\">\ud83c\udf7e <strong data-start=\"1819\" data-end=\"1857\">Lacrima Baccus Brut Nature Reserva<\/strong> \u00e9s un cava de gran <strong data-start=\"1877\" data-end=\"1889\">qualitat<\/strong>, ideal per aquells que busquen un espum\u00f3s amb una excel\u00b7lent relaci\u00f3 entre <strong data-start=\"1965\" data-end=\"1976\">frescor<\/strong>, <strong data-start=\"1978\" data-end=\"1993\">complexitat<\/strong> i <strong data-start=\"1996\" data-end=\"2009\">eleg\u00e0ncia<\/strong>, perfecte per gaudir en <strong data-start=\"2034\" data-end=\"2050\">celebracions<\/strong> o maridar amb plats <strong data-start=\"2071\" data-end=\"2086\">sofisticats<\/strong>.<\/p>\n","protected":false},"excerpt":{"rendered":"<p>Lacrima Baccus Brut Nature Reserva \u00e9s un cava de gamma alta, elaborat amb el m\u00e8tode tradicional de fermentaci\u00f3 en botella. Aquest cava es coneix per la seva complexitat, eleg\u00e0ncia i frescor, resultat d&#8217;una curosa crian\u00e7a a les caves durant diversos mesos. El seu perfil equilibrat i sofisticat el fa ideal per a celebracions, maridatges refinats&hellip;<\/p>\n","protected":false},"featured_media":62186,"comment_status":"closed","ping_status":"closed","template":"","meta":{"_acf_changed":false},"pwb-brand":[],"product_cat":[52314,33038,33080,33238,33048],"product_tag":[50382,50365,50364,16774,50360,50416],"class_list":{"0":"post-49514","1":"product","2":"type-product","3":"status-publish","4":"has-post-thumbnail","6":"product_cat-rebaixes","7":"product_cat-vi-escumos-ca","8":"product_cat-cava-ca","9":"product_cat-cava-blanc-ca","10":"product_cat-ecologic-ca","11":"product_tag-brut-nature-ca-2","12":"product_tag-cava-ca-2","13":"product_tag-do-cava-ca-2","14":"product_tag-organic-ca","15":"product_tag-reserva-ca-2","16":"product_tag-vi-escumos-ca","17":"pa_anada-2022-ca","18":"pa_cantidaddeazucar-brutnature-ca","19":"pa_certificado-certificat-dagricultura-ecologica","20":"pa_do-cava-d-o-ca-2","21":"pa_ecologico-vegano-natural-ecologic","22":"pa_ecologico-vegano-natural-vega","23":"pa_elaborador-movisa-ca","24":"pa_envejecimiento-reserva-ca","25":"pa_formatoenl-075-ca","26":"pa_formatoenml-750-ca","27":"pa_graduacion-36144","28":"pa_pais-espanya-ca","29":"pa_pesoengramos-1000-ca","30":"pa_pesoenkg-10-ca-2","31":"pa_pueblociudad-castellvidelamarcabarcelona-ca","32":"pa_region-cataluna-ca","33":"pa_tipodevino-vinoespumoso","34":"entry","35":"has-media","37":"first","38":"instock","39":"sale","40":"taxable","41":"shipping-taxable","42":"purchasable","43":"product-type-simple"},"acf":[],"yoast_head":"<!-- This site is optimized with the Yoast SEO Premium plugin v23.1 (Yoast SEO v24.1) - https:\/\/yoast.com\/wordpress\/plugins\/seo\/ -->\n<title>Cava Lacrima Baccus Brut Nature Reserva<\/title>\n<meta name=\"description\" content=\"Comprar online al millor preu cava i molts altres vins escumosos de tot el m\u00f3n.\" \/>\n<meta name=\"robots\" content=\"noindex, follow, max-snippet:-1, max-image-preview:large, max-video-preview:-1\" \/>\n<meta property=\"og:locale\" content=\"ca_ES\" \/>\n<meta property=\"og:type\" content=\"article\" \/>\n<meta property=\"og:title\" content=\"Lacrima Baccus Brut Nature Reserva\" \/>\n<meta property=\"og:description\" content=\"Comprar online al millor preu cava i molts altres vins escumosos de tot el m\u00f3n.\" \/>\n<meta property=\"og:url\" content=\"https:\/\/monlacata.cetrexmarketing.com\/producto\/lacrima-baccus-brut-nature-reserva\/\" \/>\n<meta property=\"og:site_name\" content=\"M\u00f3n La Cata\" \/>\n<meta property=\"article:modified_time\" content=\"2025-04-12T09:19:20+00:00\" \/>\n<meta property=\"og:image\" content=\"https:\/\/monlacata.cetrexmarketing.com\/wp-content\/uploads\/2022\/09\/cava-lacrima-baccus-brut-nature-reserva.jpeg.png\" \/>\n\t<meta property=\"og:image:width\" content=\"765\" \/>\n\t<meta property=\"og:image:height\" content=\"1024\" \/>\n\t<meta property=\"og:image:type\" content=\"image\/png\" \/>\n<meta name=\"twitter:card\" content=\"summary_large_image\" \/>\n<meta name=\"twitter:label1\" content=\"Temps estimat de lectura\" \/>\n\t<meta name=\"twitter:data1\" content=\"2 minuts\" \/>\n<script type=\"application\/ld+json\" class=\"yoast-schema-graph\">{\"@context\":\"https:\/\/schema.org\",\"@graph\":[{\"@type\":\"WebPage\",\"@id\":\"https:\/\/monlacata.cetrexmarketing.com\/producto\/lacrima-baccus-brut-nature-reserva\/\",\"url\":\"https:\/\/monlacata.cetrexmarketing.com\/producto\/lacrima-baccus-brut-nature-reserva\/\",\"name\":\"Cava Lacrima Baccus Brut Nature Reserva\",\"isPartOf\":{\"@id\":\"https:\/\/monlacata.cetrexmarketing.com\/#website\"},\"primaryImageOfPage\":{\"@id\":\"https:\/\/monlacata.cetrexmarketing.com\/producto\/lacrima-baccus-brut-nature-reserva\/#primaryimage\"},\"image\":{\"@id\":\"https:\/\/monlacata.cetrexmarketing.com\/producto\/lacrima-baccus-brut-nature-reserva\/#primaryimage\"},\"thumbnailUrl\":\"https:\/\/monlacata.cetrexmarketing.com\/wp-content\/uploads\/2022\/09\/cava-lacrima-baccus-brut-nature-reserva.jpeg.png\",\"datePublished\":\"2022-09-21T10:39:18+00:00\",\"dateModified\":\"2025-04-12T09:19:20+00:00\",\"description\":\"Comprar online al millor preu cava i molts altres vins escumosos de tot el m\u00f3n.\",\"breadcrumb\":{\"@id\":\"https:\/\/monlacata.cetrexmarketing.com\/producto\/lacrima-baccus-brut-nature-reserva\/#breadcrumb\"},\"inLanguage\":\"ca\",\"potentialAction\":[{\"@type\":\"ReadAction\",\"target\":[\"https:\/\/monlacata.cetrexmarketing.com\/producto\/lacrima-baccus-brut-nature-reserva\/\"]}]},{\"@type\":\"ImageObject\",\"inLanguage\":\"ca\",\"@id\":\"https:\/\/monlacata.cetrexmarketing.com\/producto\/lacrima-baccus-brut-nature-reserva\/#primaryimage\",\"url\":\"https:\/\/monlacata.cetrexmarketing.com\/wp-content\/uploads\/2022\/09\/cava-lacrima-baccus-brut-nature-reserva.jpeg.png\",\"contentUrl\":\"https:\/\/monlacata.cetrexmarketing.com\/wp-content\/uploads\/2022\/09\/cava-lacrima-baccus-brut-nature-reserva.jpeg.png\",\"width\":765,\"height\":1024,\"caption\":\"cava lacrima baccus brut nature reserva.jpeg\"},{\"@type\":\"BreadcrumbList\",\"@id\":\"https:\/\/monlacata.cetrexmarketing.com\/producto\/lacrima-baccus-brut-nature-reserva\/#breadcrumb\",\"itemListElement\":[{\"@type\":\"ListItem\",\"position\":1,\"name\":\"Home\",\"item\":\"https:\/\/monlacata.cetrexmarketing.com\/ca\/\"},{\"@type\":\"ListItem\",\"position\":2,\"name\":\"Tienda\",\"item\":\"https:\/\/monlacata.cetrexmarketing.com\/ca\/tienda-2\/\"},{\"@type\":\"ListItem\",\"position\":3,\"name\":\"Vi Escum\u00f3s\",\"item\":\"https:\/\/monlacata.cetrexmarketing.com\/categoria-producto\/home-ca\/vi-escumos-ca\/\"},{\"@type\":\"ListItem\",\"position\":4,\"name\":\"Cava\",\"item\":\"https:\/\/monlacata.cetrexmarketing.com\/ca\/categoria-producto\/home-ca\/vi-escumos-ca\/cava-ca\/\"},{\"@type\":\"ListItem\",\"position\":5,\"name\":\"Cava Blanc\",\"item\":\"https:\/\/monlacata.cetrexmarketing.com\/ca\/categoria-producto\/vi-escumos-ca\/cava-ca\/cava-blanc-ca\/\"},{\"@type\":\"ListItem\",\"position\":6,\"name\":\"Lacrima Baccus Brut Nature Reserva\"}]},{\"@type\":\"WebSite\",\"@id\":\"https:\/\/monlacata.cetrexmarketing.com\/#website\",\"url\":\"https:\/\/monlacata.cetrexmarketing.com\/\",\"name\":\"M\u00f3n La Cata\",\"description\":\"Tienda de vinos, licores, cervezas y gourmet\",\"publisher\":{\"@id\":\"https:\/\/monlacata.cetrexmarketing.com\/#organization\"},\"potentialAction\":[{\"@type\":\"SearchAction\",\"target\":{\"@type\":\"EntryPoint\",\"urlTemplate\":\"https:\/\/monlacata.cetrexmarketing.com\/?s={search_term_string}\"},\"query-input\":{\"@type\":\"PropertyValueSpecification\",\"valueRequired\":true,\"valueName\":\"search_term_string\"}}],\"inLanguage\":\"ca\"},{\"@type\":\"Organization\",\"@id\":\"https:\/\/monlacata.cetrexmarketing.com\/#organization\",\"name\":\"M\u00f3n La Cata\",\"url\":\"https:\/\/monlacata.cetrexmarketing.com\/\",\"logo\":{\"@type\":\"ImageObject\",\"inLanguage\":\"ca\",\"@id\":\"https:\/\/monlacata.cetrexmarketing.com\/#\/schema\/logo\/image\/\",\"url\":\"https:\/\/monlacata.cetrexmarketing.com\/wp-content\/uploads\/2024\/02\/monlacata-logo-blanc.png\",\"contentUrl\":\"https:\/\/monlacata.cetrexmarketing.com\/wp-content\/uploads\/2024\/02\/monlacata-logo-blanc.png\",\"width\":454,\"height\":193,\"caption\":\"M\u00f3n La Cata\"},\"image\":{\"@id\":\"https:\/\/monlacata.cetrexmarketing.com\/#\/schema\/logo\/image\/\"}}]}<\/script>\n<!-- \/ Yoast SEO Premium plugin. -->","yoast_head_json":{"title":"Cava Lacrima Baccus Brut Nature Reserva","description":"Comprar online al millor preu cava i molts altres vins escumosos de tot el m\u00f3n.","robots":{"index":"noindex","follow":"follow","max-snippet":"max-snippet:-1","max-image-preview":"max-image-preview:large","max-video-preview":"max-video-preview:-1"},"og_locale":"ca_ES","og_type":"article","og_title":"Lacrima Baccus Brut Nature Reserva","og_description":"Comprar online al millor preu cava i molts altres vins escumosos de tot el m\u00f3n.","og_url":"https:\/\/monlacata.cetrexmarketing.com\/producto\/lacrima-baccus-brut-nature-reserva\/","og_site_name":"M\u00f3n La Cata","article_modified_time":"2025-04-12T09:19:20+00:00","og_image":[{"width":765,"height":1024,"url":"https:\/\/monlacata.cetrexmarketing.com\/wp-content\/uploads\/2022\/09\/cava-lacrima-baccus-brut-nature-reserva.jpeg.png","type":"image\/png"}],"twitter_card":"summary_large_image","twitter_misc":{"Temps estimat de lectura":"2 minuts"},"schema":{"@context":"https:\/\/schema.org","@graph":[{"@type":"WebPage","@id":"https:\/\/monlacata.cetrexmarketing.com\/producto\/lacrima-baccus-brut-nature-reserva\/","url":"https:\/\/monlacata.cetrexmarketing.com\/producto\/lacrima-baccus-brut-nature-reserva\/","name":"Cava Lacrima Baccus Brut Nature Reserva","isPartOf":{"@id":"https:\/\/monlacata.cetrexmarketing.com\/#website"},"primaryImageOfPage":{"@id":"https:\/\/monlacata.cetrexmarketing.com\/producto\/lacrima-baccus-brut-nature-reserva\/#primaryimage"},"image":{"@id":"https:\/\/monlacata.cetrexmarketing.com\/producto\/lacrima-baccus-brut-nature-reserva\/#primaryimage"},"thumbnailUrl":"https:\/\/monlacata.cetrexmarketing.com\/wp-content\/uploads\/2022\/09\/cava-lacrima-baccus-brut-nature-reserva.jpeg.png","datePublished":"2022-09-21T10:39:18+00:00","dateModified":"2025-04-12T09:19:20+00:00","description":"Comprar online al millor preu cava i molts altres vins escumosos de tot el m\u00f3n.","breadcrumb":{"@id":"https:\/\/monlacata.cetrexmarketing.com\/producto\/lacrima-baccus-brut-nature-reserva\/#breadcrumb"},"inLanguage":"ca","potentialAction":[{"@type":"ReadAction","target":["https:\/\/monlacata.cetrexmarketing.com\/producto\/lacrima-baccus-brut-nature-reserva\/"]}]},{"@type":"ImageObject","inLanguage":"ca","@id":"https:\/\/monlacata.cetrexmarketing.com\/producto\/lacrima-baccus-brut-nature-reserva\/#primaryimage","url":"https:\/\/monlacata.cetrexmarketing.com\/wp-content\/uploads\/2022\/09\/cava-lacrima-baccus-brut-nature-reserva.jpeg.png","contentUrl":"https:\/\/monlacata.cetrexmarketing.com\/wp-content\/uploads\/2022\/09\/cava-lacrima-baccus-brut-nature-reserva.jpeg.png","width":765,"height":1024,"caption":"cava lacrima baccus brut nature reserva.jpeg"},{"@type":"BreadcrumbList","@id":"https:\/\/monlacata.cetrexmarketing.com\/producto\/lacrima-baccus-brut-nature-reserva\/#breadcrumb","itemListElement":[{"@type":"ListItem","position":1,"name":"Home","item":"https:\/\/monlacata.cetrexmarketing.com\/ca\/"},{"@type":"ListItem","position":2,"name":"Tienda","item":"https:\/\/monlacata.cetrexmarketing.com\/ca\/tienda-2\/"},{"@type":"ListItem","position":3,"name":"Vi Escum\u00f3s","item":"https:\/\/monlacata.cetrexmarketing.com\/categoria-producto\/home-ca\/vi-escumos-ca\/"},{"@type":"ListItem","position":4,"name":"Cava","item":"https:\/\/monlacata.cetrexmarketing.com\/ca\/categoria-producto\/home-ca\/vi-escumos-ca\/cava-ca\/"},{"@type":"ListItem","position":5,"name":"Cava Blanc","item":"https:\/\/monlacata.cetrexmarketing.com\/ca\/categoria-producto\/vi-escumos-ca\/cava-ca\/cava-blanc-ca\/"},{"@type":"ListItem","position":6,"name":"Lacrima Baccus Brut Nature Reserva"}]},{"@type":"WebSite","@id":"https:\/\/monlacata.cetrexmarketing.com\/#website","url":"https:\/\/monlacata.cetrexmarketing.com\/","name":"M\u00f3n La Cata","description":"Tienda de vinos, licores, cervezas y gourmet","publisher":{"@id":"https:\/\/monlacata.cetrexmarketing.com\/#organization"},"potentialAction":[{"@type":"SearchAction","target":{"@type":"EntryPoint","urlTemplate":"https:\/\/monlacata.cetrexmarketing.com\/?s={search_term_string}"},"query-input":{"@type":"PropertyValueSpecification","valueRequired":true,"valueName":"search_term_string"}}],"inLanguage":"ca"},{"@type":"Organization","@id":"https:\/\/monlacata.cetrexmarketing.com\/#organization","name":"M\u00f3n La Cata","url":"https:\/\/monlacata.cetrexmarketing.com\/","logo":{"@type":"ImageObject","inLanguage":"ca","@id":"https:\/\/monlacata.cetrexmarketing.com\/#\/schema\/logo\/image\/","url":"https:\/\/monlacata.cetrexmarketing.com\/wp-content\/uploads\/2024\/02\/monlacata-logo-blanc.png","contentUrl":"https:\/\/monlacata.cetrexmarketing.com\/wp-content\/uploads\/2024\/02\/monlacata-logo-blanc.png","width":454,"height":193,"caption":"M\u00f3n La Cata"},"image":{"@id":"https:\/\/monlacata.cetrexmarketing.com\/#\/schema\/logo\/image\/"}}]}},"brands":[],"tiered_pricing_type":"fixed","tiered_pricing_fixed_rules":[],"tiered_pricing_product_settings":{"layout":"default","base_unit_name":{"singular":null,"plural":null},"default_variation":null},"tiered_pricing_minimum_quantity":null,"tiered_pricing_roles_data":[],"tiered_pricing_percentage_rules":[],"tiered_pricing_maximum_quantity":null,"tiered_pricing_quantity_step":null,"_links":{"self":[{"href":"https:\/\/monlacata.cetrexmarketing.com\/ca\/wp-json\/wp\/v2\/product\/49514","targetHints":{"allow":["GET"]}}],"collection":[{"href":"https:\/\/monlacata.cetrexmarketing.com\/ca\/wp-json\/wp\/v2\/product"}],"about":[{"href":"https:\/\/monlacata.cetrexmarketing.com\/ca\/wp-json\/wp\/v2\/types\/product"}],"replies":[{"embeddable":true,"href":"https:\/\/monlacata.cetrexmarketing.com\/ca\/wp-json\/wp\/v2\/comments?post=49514"}],"wp:featuredmedia":[{"embeddable":true,"href":"https:\/\/monlacata.cetrexmarketing.com\/ca\/wp-json\/wp\/v2\/media\/62186"}],"wp:attachment":[{"href":"https:\/\/monlacata.cetrexmarketing.com\/ca\/wp-json\/wp\/v2\/media?parent=49514"}],"wp:term":[{"taxonomy":"pwb-brand","embeddable":true,"href":"https:\/\/monlacata.cetrexmarketing.com\/ca\/wp-json\/wp\/v2\/pwb-brand?post=49514"},{"taxonomy":"product_cat","embeddable":true,"href":"https:\/\/monlacata.cetrexmarketing.com\/ca\/wp-json\/wp\/v2\/product_cat?post=49514"},{"taxonomy":"product_tag","embeddable":true,"href":"https:\/\/monlacata.cetrexmarketing.com\/ca\/wp-json\/wp\/v2\/product_tag?post=49514"}],"curies":[{"name":"wp","href":"https:\/\/api.w.org\/{rel}","templated":true}]}}