{"id":49852,"date":"2022-11-17T18:04:47","date_gmt":"2022-11-17T18:04:47","guid":{"rendered":"https:\/\/monlacata.cetrexmarketing.com\/producto\/carmelo-rodero-crianca-magnum\/"},"modified":"2026-01-28T12:56:13","modified_gmt":"2026-01-28T12:56:13","slug":"carmelo-rodero-crianca-magnum","status":"publish","type":"product","link":"https:\/\/monlacata.cetrexmarketing.com\/ca\/producto\/carmelo-rodero-crianca-magnum\/","title":{"rendered":"Carmelo Rodero Crian\u00e7a Magnum"},"content":{"rendered":"<p><strong>Carmelo Rodero Crian\u00e7a Magnum<\/strong><\/p>\n<p data-path-to-node=\"6\">Carmelo Rodero Crianza \u00e9s un vi d&#8217;una precisi\u00f3 t\u00e8cnica envejable. Elaborat majorit\u00e0riament amb Ull de Llebre i una petita aportaci\u00f3 de Cabernet Sauvignon, destaca pel seu equilibri entre la pot\u00e8ncia fruitall i l&#8217;aportaci\u00f3 de la fusta. Despr\u00e9s de 15 mesos en b\u00f3ta de roure franc\u00e8s, ofereix un nas complex amb notes de fruita negra madura, regal\u00e8ssia, torrats i un fons especiat molt elegant. En boca \u00e9s estructurat, amb tanins ferms per\u00f2 sedosos i una acidesa que li aporta una frescor excepcional.<\/p>\n<p data-path-to-node=\"7\">El format <b data-path-to-node=\"7\" data-index-in-node=\"10\">Magnum (1,5 Litres)<\/b> \u00e9s, segons els experts, la millor mida per a aquest vi. En ser el doble d&#8217;una ampolla est\u00e0ndard per\u00f2 mantenir una mida de suro similar, el vi &#8220;respira&#8221; m\u00e9s lentament. Aquest fet permet que els matisos de la crian\u00e7a s&#8217;assemblin amb major harmonia, aconseguint una rodonesa i una vida a l&#8217;ampolla molt m\u00e9s llarga.<\/p>\n","protected":false},"excerpt":{"rendered":"<p>Carmelo Rodero Crian\u00e7a Magnum Carmelo Rodero Crianza \u00e9s un vi d&#8217;una precisi\u00f3 t\u00e8cnica envejable. Elaborat majorit\u00e0riament amb Ull de Llebre i una petita aportaci\u00f3 de Cabernet Sauvignon, destaca pel seu equilibri entre la pot\u00e8ncia fruitall i l&#8217;aportaci\u00f3 de la fusta. Despr\u00e9s de 15 mesos en b\u00f3ta de roure franc\u00e8s, ofereix un nas complex amb notes&hellip;<\/p>\n","protected":false},"featured_media":78851,"comment_status":"closed","ping_status":"closed","template":"","meta":{"_acf_changed":false},"pwb-brand":[],"product_cat":[33020,33054],"product_tag":[18321,17018,16156,51527,18322,51035,50324,50323],"class_list":{"0":"post-49852","1":"product","2":"type-product","3":"status-publish","4":"has-post-thumbnail","6":"product_cat-vi-ca","7":"product_cat-vino-tinto-ca","8":"product_tag-bodegas-rodero-ca","9":"product_tag-burgos-ca","10":"product_tag-carmelo-rodero-ca","11":"product_tag-magnum-ca-2","12":"product_tag-pedrosa-de-duero-ca","13":"product_tag-ribera-del-duero-ca-4","14":"product_tag-vi-ca-2","15":"product_tag-vi-negre-ca-2","16":"pa_anada-2022-ca","17":"pa_bodega-bodegasrodero-ca","18":"pa_do-riberadelduerodo-ca","19":"pa_envejecimiento-crianca","20":"pa_formatoenl-15-ca","21":"pa_formatoenml-1500-ca","22":"pa_graduacion-14_8-ca","23":"pa_maridaje-carn-roja","24":"pa_pais-espanya-ca","25":"pa_pesoengramos-2300-ca","26":"pa_pesoenkg-23-ca-2","27":"pa_potente-negre-potent","28":"pa_pueblociudad-pedrosadedueroburgos-ca","29":"pa_tipodevino-vi-tranquil","30":"pa_variedad-principal-cabernet-sauvignon-ca","31":"pa_variedad-principal-tempranillo-ca","32":"pa_variedades-tempranillo_cabernetsauvignon","33":"entry","34":"has-media","36":"first","37":"instock","38":"taxable","39":"shipping-taxable","40":"purchasable","41":"product-type-simple"},"acf":[],"yoast_head":"<!-- This site is optimized with the Yoast SEO Premium plugin v23.1 (Yoast SEO v24.1) - https:\/\/yoast.com\/wordpress\/plugins\/seo\/ -->\n<title>Carmelo Rodero Crian\u00e7a Magnum<\/title>\n<meta name=\"description\" content=\"Comprar online al millor preu vi Carmelo Rodero Crian\u00e7a Magnum a M\u00f3n la Cata. Botiga especialitzada en vins, destil\u00b7lats i alimentaci\u00f3 gurmet.\" \/>\n<meta name=\"robots\" content=\"noindex, follow, max-snippet:-1, max-image-preview:large, max-video-preview:-1\" \/>\n<meta property=\"og:locale\" content=\"ca_ES\" \/>\n<meta property=\"og:type\" content=\"article\" \/>\n<meta property=\"og:title\" content=\"Carmelo Rodero Crian\u00e7a Magnum\" \/>\n<meta property=\"og:description\" content=\"Comprar online al millor preu vi Carmelo Rodero Crian\u00e7a Magnum a M\u00f3n la Cata. Botiga especialitzada en vins, destil\u00b7lats i alimentaci\u00f3 gurmet.\" \/>\n<meta property=\"og:url\" content=\"https:\/\/monlacata.cetrexmarketing.com\/ca\/producto\/carmelo-rodero-crianca-magnum\/\" \/>\n<meta property=\"og:site_name\" content=\"M\u00f3n La Cata\" \/>\n<meta property=\"article:modified_time\" content=\"2026-01-28T12:56:13+00:00\" \/>\n<meta property=\"og:image\" content=\"https:\/\/monlacata.cetrexmarketing.com\/wp-content\/uploads\/2022\/11\/carmelo-rodero-crianza-magnum.png\" \/>\n\t<meta property=\"og:image:width\" content=\"765\" \/>\n\t<meta property=\"og:image:height\" content=\"1024\" \/>\n\t<meta property=\"og:image:type\" content=\"image\/png\" \/>\n<meta name=\"twitter:card\" content=\"summary_large_image\" \/>\n<meta name=\"twitter:label1\" content=\"Temps estimat de lectura\" \/>\n\t<meta name=\"twitter:data1\" content=\"1 minut\" \/>\n<script type=\"application\/ld+json\" class=\"yoast-schema-graph\">{\"@context\":\"https:\/\/schema.org\",\"@graph\":[{\"@type\":\"WebPage\",\"@id\":\"https:\/\/monlacata.cetrexmarketing.com\/ca\/producto\/carmelo-rodero-crianca-magnum\/\",\"url\":\"https:\/\/monlacata.cetrexmarketing.com\/ca\/producto\/carmelo-rodero-crianca-magnum\/\",\"name\":\"Carmelo Rodero Crian\u00e7a Magnum\",\"isPartOf\":{\"@id\":\"https:\/\/monlacata.cetrexmarketing.com\/#website\"},\"primaryImageOfPage\":{\"@id\":\"https:\/\/monlacata.cetrexmarketing.com\/ca\/producto\/carmelo-rodero-crianca-magnum\/#primaryimage\"},\"image\":{\"@id\":\"https:\/\/monlacata.cetrexmarketing.com\/ca\/producto\/carmelo-rodero-crianca-magnum\/#primaryimage\"},\"thumbnailUrl\":\"https:\/\/monlacata.cetrexmarketing.com\/wp-content\/uploads\/2022\/11\/carmelo-rodero-crianza-magnum.png\",\"datePublished\":\"2022-11-17T18:04:47+00:00\",\"dateModified\":\"2026-01-28T12:56:13+00:00\",\"description\":\"Comprar online al millor preu vi Carmelo Rodero Crian\u00e7a Magnum a M\u00f3n la Cata. Botiga especialitzada en vins, destil\u00b7lats i alimentaci\u00f3 gurmet.\",\"breadcrumb\":{\"@id\":\"https:\/\/monlacata.cetrexmarketing.com\/ca\/producto\/carmelo-rodero-crianca-magnum\/#breadcrumb\"},\"inLanguage\":\"ca\",\"potentialAction\":[{\"@type\":\"ReadAction\",\"target\":[\"https:\/\/monlacata.cetrexmarketing.com\/ca\/producto\/carmelo-rodero-crianca-magnum\/\"]}]},{\"@type\":\"ImageObject\",\"inLanguage\":\"ca\",\"@id\":\"https:\/\/monlacata.cetrexmarketing.com\/ca\/producto\/carmelo-rodero-crianca-magnum\/#primaryimage\",\"url\":\"https:\/\/monlacata.cetrexmarketing.com\/wp-content\/uploads\/2022\/11\/carmelo-rodero-crianza-magnum.png\",\"contentUrl\":\"https:\/\/monlacata.cetrexmarketing.com\/wp-content\/uploads\/2022\/11\/carmelo-rodero-crianza-magnum.png\",\"width\":765,\"height\":1024,\"caption\":\"carmelo rodero crianza magnum\"},{\"@type\":\"BreadcrumbList\",\"@id\":\"https:\/\/monlacata.cetrexmarketing.com\/ca\/producto\/carmelo-rodero-crianca-magnum\/#breadcrumb\",\"itemListElement\":[{\"@type\":\"ListItem\",\"position\":1,\"name\":\"Home\",\"item\":\"https:\/\/monlacata.cetrexmarketing.com\/ca\/\"},{\"@type\":\"ListItem\",\"position\":2,\"name\":\"Tienda\",\"item\":\"https:\/\/monlacata.cetrexmarketing.com\/ca\/tienda-2\/\"},{\"@type\":\"ListItem\",\"position\":3,\"name\":\"Vi\",\"item\":\"https:\/\/monlacata.cetrexmarketing.com\/categoria-producto\/home-ca\/vi-ca\/\"},{\"@type\":\"ListItem\",\"position\":4,\"name\":\"Vi Negre\",\"item\":\"https:\/\/monlacata.cetrexmarketing.com\/ca\/categoria-producto\/home-ca\/vi-ca\/vino-tinto-ca\/\"},{\"@type\":\"ListItem\",\"position\":5,\"name\":\"Carmelo Rodero Crian\u00e7a Magnum\"}]},{\"@type\":\"WebSite\",\"@id\":\"https:\/\/monlacata.cetrexmarketing.com\/#website\",\"url\":\"https:\/\/monlacata.cetrexmarketing.com\/\",\"name\":\"M\u00f3n La Cata\",\"description\":\"Tienda de vinos, licores, cervezas y gourmet\",\"publisher\":{\"@id\":\"https:\/\/monlacata.cetrexmarketing.com\/#organization\"},\"potentialAction\":[{\"@type\":\"SearchAction\",\"target\":{\"@type\":\"EntryPoint\",\"urlTemplate\":\"https:\/\/monlacata.cetrexmarketing.com\/?s={search_term_string}\"},\"query-input\":{\"@type\":\"PropertyValueSpecification\",\"valueRequired\":true,\"valueName\":\"search_term_string\"}}],\"inLanguage\":\"ca\"},{\"@type\":\"Organization\",\"@id\":\"https:\/\/monlacata.cetrexmarketing.com\/#organization\",\"name\":\"M\u00f3n La Cata\",\"url\":\"https:\/\/monlacata.cetrexmarketing.com\/\",\"logo\":{\"@type\":\"ImageObject\",\"inLanguage\":\"ca\",\"@id\":\"https:\/\/monlacata.cetrexmarketing.com\/#\/schema\/logo\/image\/\",\"url\":\"https:\/\/monlacata.cetrexmarketing.com\/wp-content\/uploads\/2024\/02\/monlacata-logo-blanc.png\",\"contentUrl\":\"https:\/\/monlacata.cetrexmarketing.com\/wp-content\/uploads\/2024\/02\/monlacata-logo-blanc.png\",\"width\":454,\"height\":193,\"caption\":\"M\u00f3n La Cata\"},\"image\":{\"@id\":\"https:\/\/monlacata.cetrexmarketing.com\/#\/schema\/logo\/image\/\"}}]}<\/script>\n<!-- \/ Yoast SEO Premium plugin. -->","yoast_head_json":{"title":"Carmelo Rodero Crian\u00e7a Magnum","description":"Comprar online al millor preu vi Carmelo Rodero Crian\u00e7a Magnum a M\u00f3n la Cata. Botiga especialitzada en vins, destil\u00b7lats i alimentaci\u00f3 gurmet.","robots":{"index":"noindex","follow":"follow","max-snippet":"max-snippet:-1","max-image-preview":"max-image-preview:large","max-video-preview":"max-video-preview:-1"},"og_locale":"ca_ES","og_type":"article","og_title":"Carmelo Rodero Crian\u00e7a Magnum","og_description":"Comprar online al millor preu vi Carmelo Rodero Crian\u00e7a Magnum a M\u00f3n la Cata. Botiga especialitzada en vins, destil\u00b7lats i alimentaci\u00f3 gurmet.","og_url":"https:\/\/monlacata.cetrexmarketing.com\/ca\/producto\/carmelo-rodero-crianca-magnum\/","og_site_name":"M\u00f3n La Cata","article_modified_time":"2026-01-28T12:56:13+00:00","og_image":[{"width":765,"height":1024,"url":"https:\/\/monlacata.cetrexmarketing.com\/wp-content\/uploads\/2022\/11\/carmelo-rodero-crianza-magnum.png","type":"image\/png"}],"twitter_card":"summary_large_image","twitter_misc":{"Temps estimat de lectura":"1 minut"},"schema":{"@context":"https:\/\/schema.org","@graph":[{"@type":"WebPage","@id":"https:\/\/monlacata.cetrexmarketing.com\/ca\/producto\/carmelo-rodero-crianca-magnum\/","url":"https:\/\/monlacata.cetrexmarketing.com\/ca\/producto\/carmelo-rodero-crianca-magnum\/","name":"Carmelo Rodero Crian\u00e7a Magnum","isPartOf":{"@id":"https:\/\/monlacata.cetrexmarketing.com\/#website"},"primaryImageOfPage":{"@id":"https:\/\/monlacata.cetrexmarketing.com\/ca\/producto\/carmelo-rodero-crianca-magnum\/#primaryimage"},"image":{"@id":"https:\/\/monlacata.cetrexmarketing.com\/ca\/producto\/carmelo-rodero-crianca-magnum\/#primaryimage"},"thumbnailUrl":"https:\/\/monlacata.cetrexmarketing.com\/wp-content\/uploads\/2022\/11\/carmelo-rodero-crianza-magnum.png","datePublished":"2022-11-17T18:04:47+00:00","dateModified":"2026-01-28T12:56:13+00:00","description":"Comprar online al millor preu vi Carmelo Rodero Crian\u00e7a Magnum a M\u00f3n la Cata. Botiga especialitzada en vins, destil\u00b7lats i alimentaci\u00f3 gurmet.","breadcrumb":{"@id":"https:\/\/monlacata.cetrexmarketing.com\/ca\/producto\/carmelo-rodero-crianca-magnum\/#breadcrumb"},"inLanguage":"ca","potentialAction":[{"@type":"ReadAction","target":["https:\/\/monlacata.cetrexmarketing.com\/ca\/producto\/carmelo-rodero-crianca-magnum\/"]}]},{"@type":"ImageObject","inLanguage":"ca","@id":"https:\/\/monlacata.cetrexmarketing.com\/ca\/producto\/carmelo-rodero-crianca-magnum\/#primaryimage","url":"https:\/\/monlacata.cetrexmarketing.com\/wp-content\/uploads\/2022\/11\/carmelo-rodero-crianza-magnum.png","contentUrl":"https:\/\/monlacata.cetrexmarketing.com\/wp-content\/uploads\/2022\/11\/carmelo-rodero-crianza-magnum.png","width":765,"height":1024,"caption":"carmelo rodero crianza magnum"},{"@type":"BreadcrumbList","@id":"https:\/\/monlacata.cetrexmarketing.com\/ca\/producto\/carmelo-rodero-crianca-magnum\/#breadcrumb","itemListElement":[{"@type":"ListItem","position":1,"name":"Home","item":"https:\/\/monlacata.cetrexmarketing.com\/ca\/"},{"@type":"ListItem","position":2,"name":"Tienda","item":"https:\/\/monlacata.cetrexmarketing.com\/ca\/tienda-2\/"},{"@type":"ListItem","position":3,"name":"Vi","item":"https:\/\/monlacata.cetrexmarketing.com\/categoria-producto\/home-ca\/vi-ca\/"},{"@type":"ListItem","position":4,"name":"Vi Negre","item":"https:\/\/monlacata.cetrexmarketing.com\/ca\/categoria-producto\/home-ca\/vi-ca\/vino-tinto-ca\/"},{"@type":"ListItem","position":5,"name":"Carmelo Rodero Crian\u00e7a Magnum"}]},{"@type":"WebSite","@id":"https:\/\/monlacata.cetrexmarketing.com\/#website","url":"https:\/\/monlacata.cetrexmarketing.com\/","name":"M\u00f3n La Cata","description":"Tienda de vinos, licores, cervezas y gourmet","publisher":{"@id":"https:\/\/monlacata.cetrexmarketing.com\/#organization"},"potentialAction":[{"@type":"SearchAction","target":{"@type":"EntryPoint","urlTemplate":"https:\/\/monlacata.cetrexmarketing.com\/?s={search_term_string}"},"query-input":{"@type":"PropertyValueSpecification","valueRequired":true,"valueName":"search_term_string"}}],"inLanguage":"ca"},{"@type":"Organization","@id":"https:\/\/monlacata.cetrexmarketing.com\/#organization","name":"M\u00f3n La Cata","url":"https:\/\/monlacata.cetrexmarketing.com\/","logo":{"@type":"ImageObject","inLanguage":"ca","@id":"https:\/\/monlacata.cetrexmarketing.com\/#\/schema\/logo\/image\/","url":"https:\/\/monlacata.cetrexmarketing.com\/wp-content\/uploads\/2024\/02\/monlacata-logo-blanc.png","contentUrl":"https:\/\/monlacata.cetrexmarketing.com\/wp-content\/uploads\/2024\/02\/monlacata-logo-blanc.png","width":454,"height":193,"caption":"M\u00f3n La Cata"},"image":{"@id":"https:\/\/monlacata.cetrexmarketing.com\/#\/schema\/logo\/image\/"}}]}},"brands":[],"tiered_pricing_type":"fixed","tiered_pricing_fixed_rules":[],"tiered_pricing_product_settings":{"layout":"default","base_unit_name":{"singular":null,"plural":null},"default_variation":null},"tiered_pricing_minimum_quantity":null,"tiered_pricing_roles_data":[],"tiered_pricing_percentage_rules":[],"tiered_pricing_maximum_quantity":null,"tiered_pricing_quantity_step":null,"_links":{"self":[{"href":"https:\/\/monlacata.cetrexmarketing.com\/ca\/wp-json\/wp\/v2\/product\/49852","targetHints":{"allow":["GET"]}}],"collection":[{"href":"https:\/\/monlacata.cetrexmarketing.com\/ca\/wp-json\/wp\/v2\/product"}],"about":[{"href":"https:\/\/monlacata.cetrexmarketing.com\/ca\/wp-json\/wp\/v2\/types\/product"}],"replies":[{"embeddable":true,"href":"https:\/\/monlacata.cetrexmarketing.com\/ca\/wp-json\/wp\/v2\/comments?post=49852"}],"wp:featuredmedia":[{"embeddable":true,"href":"https:\/\/monlacata.cetrexmarketing.com\/ca\/wp-json\/wp\/v2\/media\/78851"}],"wp:attachment":[{"href":"https:\/\/monlacata.cetrexmarketing.com\/ca\/wp-json\/wp\/v2\/media?parent=49852"}],"wp:term":[{"taxonomy":"pwb-brand","embeddable":true,"href":"https:\/\/monlacata.cetrexmarketing.com\/ca\/wp-json\/wp\/v2\/pwb-brand?post=49852"},{"taxonomy":"product_cat","embeddable":true,"href":"https:\/\/monlacata.cetrexmarketing.com\/ca\/wp-json\/wp\/v2\/product_cat?post=49852"},{"taxonomy":"product_tag","embeddable":true,"href":"https:\/\/monlacata.cetrexmarketing.com\/ca\/wp-json\/wp\/v2\/product_tag?post=49852"}],"curies":[{"name":"wp","href":"https:\/\/api.w.org\/{rel}","templated":true}]}}