{"id":50026,"date":"2023-01-20T18:30:09","date_gmt":"2023-01-20T18:30:09","guid":{"rendered":"https:\/\/monlacata.cetrexmarketing.com\/producto\/jaros-roble\/"},"modified":"2025-06-09T11:27:32","modified_gmt":"2025-06-09T11:27:32","slug":"jaros-roble","status":"publish","type":"product","link":"https:\/\/monlacata.cetrexmarketing.com\/ca\/producto\/jaros-roble\/","title":{"rendered":"Jaros Roble"},"content":{"rendered":"<p data-start=\"80\" data-end=\"95\"><strong data-start=\"80\" data-end=\"95\">Jaros Roble<\/strong><\/p>\n<p data-start=\"97\" data-end=\"493\">Jaros Roble \u00e9s un vi negre elaborat exclusivament amb la varietat Tinto Fino (Tempranillo), procedent de vinyes situades a la part m\u00e9s baixa de la finca Vi\u00f1as del Jaro, al prestigi\u00f3s entorn de Pesquera de Duero. Aquest paratge, protegit al nord per una tur\u00f3 i orientat al sud cap al riu Duero, compta amb s\u00f2ls sorrencs, lleugeres argiles i pres\u00e8ncia de cal\u00e7, aportant complexitat i frescor al vi.<\/p>\n<p data-start=\"495\" data-end=\"930\"><strong data-start=\"495\" data-end=\"512\">Notes de tast<\/strong><br data-start=\"512\" data-end=\"515\" \/>De color vermell porpra intens amb reflexos violacis, Jaros Roble presenta un nas expressiu i vibrant, amb protagonisme de fruites vermelles fresques com maduixa i cirera, acompanyades de regal\u00e8ssia negra, subtils notes bals\u00e0miques i tocs dol\u00e7os de vainilla suau. En boca \u00e9s sec i rod\u00f3 a l\u2019entrada, amb una textura sedosa i una persist\u00e8ncia marcada per records torrats, fumat i un final elegant amb notes de brases.<\/p>\n<p data-start=\"932\" data-end=\"1195\"><strong data-start=\"932\" data-end=\"956\">Elaboraci\u00f3 i crian\u00e7a<\/strong><br data-start=\"956\" data-end=\"959\" \/>Fermentat en dip\u00f2sits d\u2019acer inoxidable i macerat durant 17 dies amb les seves pells, aquest vi es cria un m\u00ednim de 4 mesos en b\u00f3tes de roure franc\u00e8s i americ\u00e0 de 300 litres, aportant equilibri entre fruita i fusta sense perdre frescor.<\/p>\n<p data-start=\"1197\" data-end=\"1329\"><strong data-start=\"1197\" data-end=\"1220\">Maridatge recomanat<\/strong><br data-start=\"1220\" data-end=\"1223\" \/>Ideal per acompanyar carns a la brasa, embotits ib\u00e8rics, formatges curats o plats tradicionals de cullera.<\/p>\n<p data-start=\"1331\" data-end=\"1350\"><strong data-start=\"1331\" data-end=\"1348\">Fitxa t\u00e8cnica<\/strong><\/p>\n<ul data-start=\"1351\" data-end=\"1523\">\n<li data-start=\"1351\" data-end=\"1373\">\n<p data-start=\"1353\" data-end=\"1373\">Tipus: Negre Roble<\/p>\n<\/li>\n<li data-start=\"1374\" data-end=\"1417\">\n<p data-start=\"1376\" data-end=\"1417\">Varietat: 100% Tinto Fino (Tempranillo)<\/p>\n<\/li>\n<li data-start=\"1418\" data-end=\"1446\">\n<p data-start=\"1420\" data-end=\"1446\">Crian\u00e7a: 4 mesos en b\u00f3ta<\/p>\n<\/li>\n<li data-start=\"1447\" data-end=\"1468\">\n<p data-start=\"1449\" data-end=\"1468\">Alcohol: 14% vol.<\/p>\n<\/li>\n<li data-start=\"1469\" data-end=\"1495\">\n<p data-start=\"1471\" data-end=\"1495\">D.O.: Ribera del Duero<\/p>\n<\/li>\n<li data-start=\"1496\" data-end=\"1523\">\n<p data-start=\"1498\" data-end=\"1523\">En\u00f2loga: Beatriz Arranz<\/p>\n<\/li>\n<\/ul>\n<p data-start=\"1525\" data-end=\"1631\" data-is-last-node=\"\" data-is-only-node=\"\">Un vi jove amb \u00e0nima madura, que reflecteix el car\u00e0cter aut\u00e8ntic del Duero i l\u2019ess\u00e8ncia del seu territori.<\/p>\n","protected":false},"excerpt":{"rendered":"<p>Jaros Roble Jaros Roble \u00e9s un vi negre elaborat exclusivament amb la varietat Tinto Fino (Tempranillo), procedent de vinyes situades a la part m\u00e9s baixa de la finca Vi\u00f1as del Jaro, al prestigi\u00f3s entorn de Pesquera de Duero. Aquest paratge, protegit al nord per una tur\u00f3 i orientat al sud cap al riu Duero, compta&hellip;<\/p>\n","protected":false},"featured_media":69958,"comment_status":"closed","ping_status":"closed","template":"","meta":{"_acf_changed":false},"pwb-brand":[],"product_cat":[33020,33054],"product_tag":[18414,18393,51035,51847,15207,15104,50324,50323,18415],"class_list":{"0":"post-50026","1":"product","2":"type-product","3":"status-publish","4":"has-post-thumbnail","6":"product_cat-vi-ca","7":"product_cat-vino-tinto-ca","8":"product_tag-jaros-roble-ca","9":"product_tag-pesquera-de-duero-ca","10":"product_tag-ribera-del-duero-ca-4","11":"product_tag-tempranillo-ca-2","12":"product_tag-tinto-fino-ca","13":"product_tag-valladolid-ca","14":"product_tag-vi-ca-2","15":"product_tag-vi-negre-ca-2","16":"product_tag-vinas-del-jaro-ca","17":"pa_anada-2022-ca","18":"pa_bodega-vinasdeljaro","19":"pa_do-riberadelduerodo-ca","20":"pa_envejecimiento-roure","21":"pa_formatoenl-075-ca","22":"pa_formatoenml-750-ca","23":"pa_graduacion-14_5-ca","24":"pa_pais-espanya-ca","25":"pa_pesoengramos-1000-ca","26":"pa_pesoenkg-10-ca-2","27":"pa_pueblociudad-pesqueradeduerovalladolid","28":"pa_tipodevino-vi-tranquil","29":"pa_variedades-tempranillo-ca","30":"entry","31":"has-media","33":"first","34":"instock","35":"taxable","36":"shipping-taxable","37":"purchasable","38":"product-type-simple"},"acf":[],"yoast_head":"<!-- This site is optimized with the Yoast SEO Premium plugin v23.1 (Yoast SEO v24.1) - https:\/\/yoast.com\/wordpress\/plugins\/seo\/ -->\n<title>Jaros Roble vi negre de la DO Ribera del Duero<\/title>\n<meta name=\"description\" content=\"Comprar online al millor preu Jaros Roble, un vi negre de la DO Ribera del Duero a M\u00f3n la Cata, botiga especialitzada en begudes i alimentaci\u00f3 gourmet.\" \/>\n<meta name=\"robots\" content=\"noindex, follow, max-snippet:-1, max-image-preview:large, max-video-preview:-1\" \/>\n<meta property=\"og:locale\" content=\"ca_ES\" \/>\n<meta property=\"og:type\" content=\"article\" \/>\n<meta property=\"og:title\" content=\"Jaros Roble\" \/>\n<meta property=\"og:description\" content=\"Comprar online al millor preu Jaros Roble, un vi negre de la DO Ribera del Duero a M\u00f3n la Cata, botiga especialitzada en begudes i alimentaci\u00f3 gourmet.\" \/>\n<meta property=\"og:url\" content=\"https:\/\/monlacata.cetrexmarketing.com\/ca\/producto\/jaros-roble\/\" \/>\n<meta property=\"og:site_name\" content=\"M\u00f3n La Cata\" \/>\n<meta property=\"article:modified_time\" content=\"2025-06-09T11:27:32+00:00\" \/>\n<meta property=\"og:image\" content=\"https:\/\/monlacata.cetrexmarketing.com\/wp-content\/uploads\/2023\/01\/Jaros-Roble.jpg.png\" \/>\n\t<meta property=\"og:image:width\" content=\"765\" \/>\n\t<meta property=\"og:image:height\" content=\"1024\" \/>\n\t<meta property=\"og:image:type\" content=\"image\/png\" \/>\n<meta name=\"twitter:card\" content=\"summary_large_image\" \/>\n<meta name=\"twitter:label1\" content=\"Temps estimat de lectura\" \/>\n\t<meta name=\"twitter:data1\" content=\"2 minuts\" \/>\n<script type=\"application\/ld+json\" class=\"yoast-schema-graph\">{\"@context\":\"https:\/\/schema.org\",\"@graph\":[{\"@type\":\"WebPage\",\"@id\":\"https:\/\/monlacata.cetrexmarketing.com\/ca\/producto\/jaros-roble\/\",\"url\":\"https:\/\/monlacata.cetrexmarketing.com\/ca\/producto\/jaros-roble\/\",\"name\":\"Jaros Roble vi negre de la DO Ribera del Duero\",\"isPartOf\":{\"@id\":\"https:\/\/monlacata.cetrexmarketing.com\/#website\"},\"primaryImageOfPage\":{\"@id\":\"https:\/\/monlacata.cetrexmarketing.com\/ca\/producto\/jaros-roble\/#primaryimage\"},\"image\":{\"@id\":\"https:\/\/monlacata.cetrexmarketing.com\/ca\/producto\/jaros-roble\/#primaryimage\"},\"thumbnailUrl\":\"https:\/\/monlacata.cetrexmarketing.com\/wp-content\/uploads\/2023\/01\/Jaros-Roble.jpg.png\",\"datePublished\":\"2023-01-20T18:30:09+00:00\",\"dateModified\":\"2025-06-09T11:27:32+00:00\",\"description\":\"Comprar online al millor preu Jaros Roble, un vi negre de la DO Ribera del Duero a M\u00f3n la Cata, botiga especialitzada en begudes i alimentaci\u00f3 gourmet.\",\"breadcrumb\":{\"@id\":\"https:\/\/monlacata.cetrexmarketing.com\/ca\/producto\/jaros-roble\/#breadcrumb\"},\"inLanguage\":\"ca\",\"potentialAction\":[{\"@type\":\"ReadAction\",\"target\":[\"https:\/\/monlacata.cetrexmarketing.com\/ca\/producto\/jaros-roble\/\"]}]},{\"@type\":\"ImageObject\",\"inLanguage\":\"ca\",\"@id\":\"https:\/\/monlacata.cetrexmarketing.com\/ca\/producto\/jaros-roble\/#primaryimage\",\"url\":\"https:\/\/monlacata.cetrexmarketing.com\/wp-content\/uploads\/2023\/01\/Jaros-Roble.jpg.png\",\"contentUrl\":\"https:\/\/monlacata.cetrexmarketing.com\/wp-content\/uploads\/2023\/01\/Jaros-Roble.jpg.png\",\"width\":765,\"height\":1024,\"caption\":\"Jaros Roble.jpg\"},{\"@type\":\"BreadcrumbList\",\"@id\":\"https:\/\/monlacata.cetrexmarketing.com\/ca\/producto\/jaros-roble\/#breadcrumb\",\"itemListElement\":[{\"@type\":\"ListItem\",\"position\":1,\"name\":\"Home\",\"item\":\"https:\/\/monlacata.cetrexmarketing.com\/ca\/\"},{\"@type\":\"ListItem\",\"position\":2,\"name\":\"Tienda\",\"item\":\"https:\/\/monlacata.cetrexmarketing.com\/ca\/tienda-2\/\"},{\"@type\":\"ListItem\",\"position\":3,\"name\":\"Vi\",\"item\":\"https:\/\/monlacata.cetrexmarketing.com\/categoria-producto\/home-ca\/vi-ca\/\"},{\"@type\":\"ListItem\",\"position\":4,\"name\":\"Vi Negre\",\"item\":\"https:\/\/monlacata.cetrexmarketing.com\/ca\/categoria-producto\/home-ca\/vi-ca\/vino-tinto-ca\/\"},{\"@type\":\"ListItem\",\"position\":5,\"name\":\"Jaros Roble\"}]},{\"@type\":\"WebSite\",\"@id\":\"https:\/\/monlacata.cetrexmarketing.com\/#website\",\"url\":\"https:\/\/monlacata.cetrexmarketing.com\/\",\"name\":\"M\u00f3n La Cata\",\"description\":\"Tienda de vinos, licores, cervezas y gourmet\",\"publisher\":{\"@id\":\"https:\/\/monlacata.cetrexmarketing.com\/#organization\"},\"potentialAction\":[{\"@type\":\"SearchAction\",\"target\":{\"@type\":\"EntryPoint\",\"urlTemplate\":\"https:\/\/monlacata.cetrexmarketing.com\/?s={search_term_string}\"},\"query-input\":{\"@type\":\"PropertyValueSpecification\",\"valueRequired\":true,\"valueName\":\"search_term_string\"}}],\"inLanguage\":\"ca\"},{\"@type\":\"Organization\",\"@id\":\"https:\/\/monlacata.cetrexmarketing.com\/#organization\",\"name\":\"M\u00f3n La Cata\",\"url\":\"https:\/\/monlacata.cetrexmarketing.com\/\",\"logo\":{\"@type\":\"ImageObject\",\"inLanguage\":\"ca\",\"@id\":\"https:\/\/monlacata.cetrexmarketing.com\/#\/schema\/logo\/image\/\",\"url\":\"https:\/\/monlacata.cetrexmarketing.com\/wp-content\/uploads\/2024\/02\/monlacata-logo-blanc.png\",\"contentUrl\":\"https:\/\/monlacata.cetrexmarketing.com\/wp-content\/uploads\/2024\/02\/monlacata-logo-blanc.png\",\"width\":454,\"height\":193,\"caption\":\"M\u00f3n La Cata\"},\"image\":{\"@id\":\"https:\/\/monlacata.cetrexmarketing.com\/#\/schema\/logo\/image\/\"}}]}<\/script>\n<!-- \/ Yoast SEO Premium plugin. -->","yoast_head_json":{"title":"Jaros Roble vi negre de la DO Ribera del Duero","description":"Comprar online al millor preu Jaros Roble, un vi negre de la DO Ribera del Duero a M\u00f3n la Cata, botiga especialitzada en begudes i alimentaci\u00f3 gourmet.","robots":{"index":"noindex","follow":"follow","max-snippet":"max-snippet:-1","max-image-preview":"max-image-preview:large","max-video-preview":"max-video-preview:-1"},"og_locale":"ca_ES","og_type":"article","og_title":"Jaros Roble","og_description":"Comprar online al millor preu Jaros Roble, un vi negre de la DO Ribera del Duero a M\u00f3n la Cata, botiga especialitzada en begudes i alimentaci\u00f3 gourmet.","og_url":"https:\/\/monlacata.cetrexmarketing.com\/ca\/producto\/jaros-roble\/","og_site_name":"M\u00f3n La Cata","article_modified_time":"2025-06-09T11:27:32+00:00","og_image":[{"width":765,"height":1024,"url":"https:\/\/monlacata.cetrexmarketing.com\/wp-content\/uploads\/2023\/01\/Jaros-Roble.jpg.png","type":"image\/png"}],"twitter_card":"summary_large_image","twitter_misc":{"Temps estimat de lectura":"2 minuts"},"schema":{"@context":"https:\/\/schema.org","@graph":[{"@type":"WebPage","@id":"https:\/\/monlacata.cetrexmarketing.com\/ca\/producto\/jaros-roble\/","url":"https:\/\/monlacata.cetrexmarketing.com\/ca\/producto\/jaros-roble\/","name":"Jaros Roble vi negre de la DO Ribera del Duero","isPartOf":{"@id":"https:\/\/monlacata.cetrexmarketing.com\/#website"},"primaryImageOfPage":{"@id":"https:\/\/monlacata.cetrexmarketing.com\/ca\/producto\/jaros-roble\/#primaryimage"},"image":{"@id":"https:\/\/monlacata.cetrexmarketing.com\/ca\/producto\/jaros-roble\/#primaryimage"},"thumbnailUrl":"https:\/\/monlacata.cetrexmarketing.com\/wp-content\/uploads\/2023\/01\/Jaros-Roble.jpg.png","datePublished":"2023-01-20T18:30:09+00:00","dateModified":"2025-06-09T11:27:32+00:00","description":"Comprar online al millor preu Jaros Roble, un vi negre de la DO Ribera del Duero a M\u00f3n la Cata, botiga especialitzada en begudes i alimentaci\u00f3 gourmet.","breadcrumb":{"@id":"https:\/\/monlacata.cetrexmarketing.com\/ca\/producto\/jaros-roble\/#breadcrumb"},"inLanguage":"ca","potentialAction":[{"@type":"ReadAction","target":["https:\/\/monlacata.cetrexmarketing.com\/ca\/producto\/jaros-roble\/"]}]},{"@type":"ImageObject","inLanguage":"ca","@id":"https:\/\/monlacata.cetrexmarketing.com\/ca\/producto\/jaros-roble\/#primaryimage","url":"https:\/\/monlacata.cetrexmarketing.com\/wp-content\/uploads\/2023\/01\/Jaros-Roble.jpg.png","contentUrl":"https:\/\/monlacata.cetrexmarketing.com\/wp-content\/uploads\/2023\/01\/Jaros-Roble.jpg.png","width":765,"height":1024,"caption":"Jaros Roble.jpg"},{"@type":"BreadcrumbList","@id":"https:\/\/monlacata.cetrexmarketing.com\/ca\/producto\/jaros-roble\/#breadcrumb","itemListElement":[{"@type":"ListItem","position":1,"name":"Home","item":"https:\/\/monlacata.cetrexmarketing.com\/ca\/"},{"@type":"ListItem","position":2,"name":"Tienda","item":"https:\/\/monlacata.cetrexmarketing.com\/ca\/tienda-2\/"},{"@type":"ListItem","position":3,"name":"Vi","item":"https:\/\/monlacata.cetrexmarketing.com\/categoria-producto\/home-ca\/vi-ca\/"},{"@type":"ListItem","position":4,"name":"Vi Negre","item":"https:\/\/monlacata.cetrexmarketing.com\/ca\/categoria-producto\/home-ca\/vi-ca\/vino-tinto-ca\/"},{"@type":"ListItem","position":5,"name":"Jaros Roble"}]},{"@type":"WebSite","@id":"https:\/\/monlacata.cetrexmarketing.com\/#website","url":"https:\/\/monlacata.cetrexmarketing.com\/","name":"M\u00f3n La Cata","description":"Tienda de vinos, licores, cervezas y gourmet","publisher":{"@id":"https:\/\/monlacata.cetrexmarketing.com\/#organization"},"potentialAction":[{"@type":"SearchAction","target":{"@type":"EntryPoint","urlTemplate":"https:\/\/monlacata.cetrexmarketing.com\/?s={search_term_string}"},"query-input":{"@type":"PropertyValueSpecification","valueRequired":true,"valueName":"search_term_string"}}],"inLanguage":"ca"},{"@type":"Organization","@id":"https:\/\/monlacata.cetrexmarketing.com\/#organization","name":"M\u00f3n La Cata","url":"https:\/\/monlacata.cetrexmarketing.com\/","logo":{"@type":"ImageObject","inLanguage":"ca","@id":"https:\/\/monlacata.cetrexmarketing.com\/#\/schema\/logo\/image\/","url":"https:\/\/monlacata.cetrexmarketing.com\/wp-content\/uploads\/2024\/02\/monlacata-logo-blanc.png","contentUrl":"https:\/\/monlacata.cetrexmarketing.com\/wp-content\/uploads\/2024\/02\/monlacata-logo-blanc.png","width":454,"height":193,"caption":"M\u00f3n La Cata"},"image":{"@id":"https:\/\/monlacata.cetrexmarketing.com\/#\/schema\/logo\/image\/"}}]}},"brands":[],"tiered_pricing_type":"fixed","tiered_pricing_fixed_rules":[],"tiered_pricing_product_settings":{"layout":"default","base_unit_name":{"singular":null,"plural":null},"default_variation":null},"tiered_pricing_minimum_quantity":null,"tiered_pricing_roles_data":[],"tiered_pricing_percentage_rules":[],"tiered_pricing_maximum_quantity":null,"tiered_pricing_quantity_step":null,"_links":{"self":[{"href":"https:\/\/monlacata.cetrexmarketing.com\/ca\/wp-json\/wp\/v2\/product\/50026","targetHints":{"allow":["GET"]}}],"collection":[{"href":"https:\/\/monlacata.cetrexmarketing.com\/ca\/wp-json\/wp\/v2\/product"}],"about":[{"href":"https:\/\/monlacata.cetrexmarketing.com\/ca\/wp-json\/wp\/v2\/types\/product"}],"replies":[{"embeddable":true,"href":"https:\/\/monlacata.cetrexmarketing.com\/ca\/wp-json\/wp\/v2\/comments?post=50026"}],"wp:featuredmedia":[{"embeddable":true,"href":"https:\/\/monlacata.cetrexmarketing.com\/ca\/wp-json\/wp\/v2\/media\/69958"}],"wp:attachment":[{"href":"https:\/\/monlacata.cetrexmarketing.com\/ca\/wp-json\/wp\/v2\/media?parent=50026"}],"wp:term":[{"taxonomy":"pwb-brand","embeddable":true,"href":"https:\/\/monlacata.cetrexmarketing.com\/ca\/wp-json\/wp\/v2\/pwb-brand?post=50026"},{"taxonomy":"product_cat","embeddable":true,"href":"https:\/\/monlacata.cetrexmarketing.com\/ca\/wp-json\/wp\/v2\/product_cat?post=50026"},{"taxonomy":"product_tag","embeddable":true,"href":"https:\/\/monlacata.cetrexmarketing.com\/ca\/wp-json\/wp\/v2\/product_tag?post=50026"}],"curies":[{"name":"wp","href":"https:\/\/api.w.org\/{rel}","templated":true}]}}