{"id":50104,"date":"2023-01-24T13:53:01","date_gmt":"2023-01-24T13:53:01","guid":{"rendered":"https:\/\/monlacata.cetrexmarketing.com\/producto\/200-monges-reserva\/"},"modified":"2025-11-16T16:10:35","modified_gmt":"2025-11-16T16:10:35","slug":"200-monges-reserva","status":"publish","type":"product","link":"https:\/\/monlacata.cetrexmarketing.com\/ca\/producto\/200-monges-reserva\/","title":{"rendered":"200 Monges Reserva"},"content":{"rendered":"<p><strong>200 Monges Reserva<\/strong><\/p>\n<p><span style=\"font-weight: 400;\">Representa un dels reserves m\u00e9s contemporanis dins del perfil cl\u00e0ssic dels vins de Rioja, i destaca com a emblema de la fam\u00edlia 200 Monges.<\/span><\/p>\n<p><span style=\"font-weight: 400;\">Les aromes del 200 Monges Reserva s\u00f3n refinades i despleguen matisos de fruites tant vermelles com negres, acompanyades de tocs fumats i torrats, com caf\u00e8, vainilla i moca. La seva textura sedosa i rica, juntament amb l&#8217;equilibri i la rodonesa, donen lloc a una experi\u00e8ncia sensorial completa.<\/span><\/p>\n<p><span style=\"font-weight: 400;\">Cada glop revela un espectre de sabors en constant evoluci\u00f3 a mesura que el vi s&#8217;oxigena gradualment. Amb una c\u00e0rrega de fruita excel\u00b7lent, el vi es presenta com una expressi\u00f3 delicada i sofisticada, generant un desig constant de continuar degustant-lo.<\/span><\/p>\n<p><span style=\"font-weight: 400;\">Per gaudir plenament de les vostres qualitats, se suggereix obrir l&#8217;ampolla amb 45 minuts d&#8217;antelaci\u00f3 abans de consumir-lo.<\/span><\/p>\n","protected":false},"excerpt":{"rendered":"<p><strong>200 Monges Reserva<\/strong><\/p>\n<p><span style=\"font-weight: 400;\">Representa un dels reserves m\u00e9s contemporanis dins del perfil cl\u00e0ssic dels vins de Rioja, i destaca com a emblema de la fam\u00edlia 200 Monges.<\/span><\/p>\n<p><span style=\"font-weight: 400;\">Les aromes del 200 Monges Reserva s\u00f3n refinades i despleguen matisos de fruites tant vermelles com negres, acompanyades de tocs fumats i torrats, com caf\u00e8, vainilla i moca. La seva textura sedosa i rica, juntament amb l&#8217;equilibri i la rodonesa, donen lloc a una experi\u00e8ncia sensorial completa.<\/span><\/p>\n<p><span style=\"font-weight: 400;\">Cada glop revela un espectre de sabors en constant evoluci\u00f3 a mesura que el vi s&#8217;oxigena gradualment. Amb una c\u00e0rrega de fruita excel\u00b7lent, el vi es presenta com una expressi\u00f3 delicada i sofisticada, generant un desig constant de continuar degustant-lo.<\/span><\/p>\n<p><span style=\"font-weight: 400;\">Per gaudir plenament de les vostres qualitats, se suggereix obrir l&#8217;ampolla amb 45 minuts d&#8217;antelaci\u00f3 abans de consumir-lo.<\/span><\/p>\n","protected":false},"featured_media":76125,"comment_status":"closed","ping_status":"closed","template":"","meta":{"_acf_changed":false},"pwb-brand":[32907],"product_cat":[33020,33054],"product_tag":[18448,18450,18449,50360,50359,50324,50323],"class_list":{"0":"post-50104","1":"product","2":"type-product","3":"status-publish","4":"has-post-thumbnail","6":"pwb-brand-rioja-d-o","7":"product_cat-vi-ca","8":"product_cat-vino-tinto-ca","9":"product_tag-200-monges-ca","10":"product_tag-albelda-de-iregua-ca","11":"product_tag-bodegas-vinicola-real-ca","12":"product_tag-reserva-ca-2","13":"product_tag-rioja-ca-2","14":"product_tag-vi-ca-2","15":"product_tag-vi-negre-ca-2","16":"pa_anada-2014-ca","17":"pa_bodega-bodegasvinicolareal-ca","18":"pa_do-rioja-d-o-ca-ca","19":"pa_formatoenml-750-ca","20":"pa_gastronomico-negre-gastronomic","21":"pa_graduacion-14_0-ca","22":"pa_maridaje-carn-roja","23":"pa_pueblociudad-albeldadeiregualarioja-ca","24":"pa_variedad-principal-garnacha-tinta-ca","25":"pa_variedad-principal-gracia","26":"pa_variedad-principal-tempranillo-ca","27":"entry","28":"has-media","30":"first","31":"onbackorder","32":"taxable","33":"shipping-taxable","34":"purchasable","35":"product-type-simple"},"acf":[],"yoast_head":"<!-- This site is optimized with the Yoast SEO Premium plugin v23.1 (Yoast SEO v24.1) - https:\/\/yoast.com\/wordpress\/plugins\/seo\/ -->\n<title>200 Monges Reserva<\/title>\n<meta name=\"description\" content=\"Comprar en l\u00ednia al millor preu el vi negre 200 Monges Reserva, botiga especialitzada en vins, licors i alimentaci\u00f3. Enviament r\u00e0pid i segur\" \/>\n<meta name=\"robots\" content=\"noindex, follow, max-snippet:-1, max-image-preview:large, max-video-preview:-1\" \/>\n<meta property=\"og:locale\" content=\"ca_ES\" \/>\n<meta property=\"og:type\" content=\"article\" \/>\n<meta property=\"og:title\" content=\"200 Monges Reserva\" \/>\n<meta property=\"og:description\" content=\"Comprar en l\u00ednia al millor preu el vi negre 200 Monges Reserva, botiga especialitzada en vins, licors i alimentaci\u00f3. Enviament r\u00e0pid i segur\" \/>\n<meta property=\"og:url\" content=\"https:\/\/monlacata.cetrexmarketing.com\/ca\/producto\/200-monges-reserva\/\" \/>\n<meta property=\"og:site_name\" content=\"M\u00f3n La Cata\" \/>\n<meta property=\"article:modified_time\" content=\"2025-11-16T16:10:35+00:00\" \/>\n<meta property=\"og:image\" content=\"https:\/\/monlacata.cetrexmarketing.com\/wp-content\/uploads\/2023\/01\/200-Monges-Reserva.jpg.png\" \/>\n\t<meta property=\"og:image:width\" content=\"765\" \/>\n\t<meta property=\"og:image:height\" content=\"1024\" \/>\n\t<meta property=\"og:image:type\" content=\"image\/png\" \/>\n<meta name=\"twitter:card\" content=\"summary_large_image\" \/>\n<meta name=\"twitter:label1\" content=\"Temps estimat de lectura\" \/>\n\t<meta name=\"twitter:data1\" content=\"1 minut\" \/>\n<script type=\"application\/ld+json\" class=\"yoast-schema-graph\">{\"@context\":\"https:\/\/schema.org\",\"@graph\":[{\"@type\":\"WebPage\",\"@id\":\"https:\/\/monlacata.cetrexmarketing.com\/ca\/producto\/200-monges-reserva\/\",\"url\":\"https:\/\/monlacata.cetrexmarketing.com\/ca\/producto\/200-monges-reserva\/\",\"name\":\"200 Monges Reserva\",\"isPartOf\":{\"@id\":\"https:\/\/monlacata.cetrexmarketing.com\/#website\"},\"primaryImageOfPage\":{\"@id\":\"https:\/\/monlacata.cetrexmarketing.com\/ca\/producto\/200-monges-reserva\/#primaryimage\"},\"image\":{\"@id\":\"https:\/\/monlacata.cetrexmarketing.com\/ca\/producto\/200-monges-reserva\/#primaryimage\"},\"thumbnailUrl\":\"https:\/\/monlacata.cetrexmarketing.com\/wp-content\/uploads\/2023\/01\/200-Monges-Reserva.jpg-1-1.png\",\"datePublished\":\"2023-01-24T13:53:01+00:00\",\"dateModified\":\"2025-11-16T16:10:35+00:00\",\"description\":\"Comprar en l\u00ednia al millor preu el vi negre 200 Monges Reserva, botiga especialitzada en vins, licors i alimentaci\u00f3. Enviament r\u00e0pid i segur\",\"breadcrumb\":{\"@id\":\"https:\/\/monlacata.cetrexmarketing.com\/ca\/producto\/200-monges-reserva\/#breadcrumb\"},\"inLanguage\":\"ca\",\"potentialAction\":[{\"@type\":\"ReadAction\",\"target\":[\"https:\/\/monlacata.cetrexmarketing.com\/ca\/producto\/200-monges-reserva\/\"]}]},{\"@type\":\"ImageObject\",\"inLanguage\":\"ca\",\"@id\":\"https:\/\/monlacata.cetrexmarketing.com\/ca\/producto\/200-monges-reserva\/#primaryimage\",\"url\":\"https:\/\/monlacata.cetrexmarketing.com\/wp-content\/uploads\/2023\/01\/200-Monges-Reserva.jpg-1-1.png\",\"contentUrl\":\"https:\/\/monlacata.cetrexmarketing.com\/wp-content\/uploads\/2023\/01\/200-Monges-Reserva.jpg-1-1.png\",\"width\":765,\"height\":1024,\"caption\":\"200 Monges Reserva.jpg-1\"},{\"@type\":\"BreadcrumbList\",\"@id\":\"https:\/\/monlacata.cetrexmarketing.com\/ca\/producto\/200-monges-reserva\/#breadcrumb\",\"itemListElement\":[{\"@type\":\"ListItem\",\"position\":1,\"name\":\"Home\",\"item\":\"https:\/\/monlacata.cetrexmarketing.com\/ca\/\"},{\"@type\":\"ListItem\",\"position\":2,\"name\":\"Tienda\",\"item\":\"https:\/\/monlacata.cetrexmarketing.com\/ca\/tienda-2\/\"},{\"@type\":\"ListItem\",\"position\":3,\"name\":\"Vi\",\"item\":\"https:\/\/monlacata.cetrexmarketing.com\/categoria-producto\/home-ca\/vi-ca\/\"},{\"@type\":\"ListItem\",\"position\":4,\"name\":\"Vi Negre\",\"item\":\"https:\/\/monlacata.cetrexmarketing.com\/ca\/categoria-producto\/home-ca\/vi-ca\/vino-tinto-ca\/\"},{\"@type\":\"ListItem\",\"position\":5,\"name\":\"200 Monges Reserva\"}]},{\"@type\":\"WebSite\",\"@id\":\"https:\/\/monlacata.cetrexmarketing.com\/#website\",\"url\":\"https:\/\/monlacata.cetrexmarketing.com\/\",\"name\":\"M\u00f3n La Cata\",\"description\":\"Tienda de vinos, licores, cervezas y gourmet\",\"publisher\":{\"@id\":\"https:\/\/monlacata.cetrexmarketing.com\/#organization\"},\"potentialAction\":[{\"@type\":\"SearchAction\",\"target\":{\"@type\":\"EntryPoint\",\"urlTemplate\":\"https:\/\/monlacata.cetrexmarketing.com\/?s={search_term_string}\"},\"query-input\":{\"@type\":\"PropertyValueSpecification\",\"valueRequired\":true,\"valueName\":\"search_term_string\"}}],\"inLanguage\":\"ca\"},{\"@type\":\"Organization\",\"@id\":\"https:\/\/monlacata.cetrexmarketing.com\/#organization\",\"name\":\"M\u00f3n La Cata\",\"url\":\"https:\/\/monlacata.cetrexmarketing.com\/\",\"logo\":{\"@type\":\"ImageObject\",\"inLanguage\":\"ca\",\"@id\":\"https:\/\/monlacata.cetrexmarketing.com\/#\/schema\/logo\/image\/\",\"url\":\"https:\/\/monlacata.cetrexmarketing.com\/wp-content\/uploads\/2024\/02\/monlacata-logo-blanc.png\",\"contentUrl\":\"https:\/\/monlacata.cetrexmarketing.com\/wp-content\/uploads\/2024\/02\/monlacata-logo-blanc.png\",\"width\":454,\"height\":193,\"caption\":\"M\u00f3n La Cata\"},\"image\":{\"@id\":\"https:\/\/monlacata.cetrexmarketing.com\/#\/schema\/logo\/image\/\"}}]}<\/script>\n<!-- \/ Yoast SEO Premium plugin. -->","yoast_head_json":{"title":"200 Monges Reserva","description":"Comprar en l\u00ednia al millor preu el vi negre 200 Monges Reserva, botiga especialitzada en vins, licors i alimentaci\u00f3. Enviament r\u00e0pid i segur","robots":{"index":"noindex","follow":"follow","max-snippet":"max-snippet:-1","max-image-preview":"max-image-preview:large","max-video-preview":"max-video-preview:-1"},"og_locale":"ca_ES","og_type":"article","og_title":"200 Monges Reserva","og_description":"Comprar en l\u00ednia al millor preu el vi negre 200 Monges Reserva, botiga especialitzada en vins, licors i alimentaci\u00f3. Enviament r\u00e0pid i segur","og_url":"https:\/\/monlacata.cetrexmarketing.com\/ca\/producto\/200-monges-reserva\/","og_site_name":"M\u00f3n La Cata","article_modified_time":"2025-11-16T16:10:35+00:00","og_image":[{"width":765,"height":1024,"url":"https:\/\/monlacata.cetrexmarketing.com\/wp-content\/uploads\/2023\/01\/200-Monges-Reserva.jpg.png","type":"image\/png"}],"twitter_card":"summary_large_image","twitter_misc":{"Temps estimat de lectura":"1 minut"},"schema":{"@context":"https:\/\/schema.org","@graph":[{"@type":"WebPage","@id":"https:\/\/monlacata.cetrexmarketing.com\/ca\/producto\/200-monges-reserva\/","url":"https:\/\/monlacata.cetrexmarketing.com\/ca\/producto\/200-monges-reserva\/","name":"200 Monges Reserva","isPartOf":{"@id":"https:\/\/monlacata.cetrexmarketing.com\/#website"},"primaryImageOfPage":{"@id":"https:\/\/monlacata.cetrexmarketing.com\/ca\/producto\/200-monges-reserva\/#primaryimage"},"image":{"@id":"https:\/\/monlacata.cetrexmarketing.com\/ca\/producto\/200-monges-reserva\/#primaryimage"},"thumbnailUrl":"https:\/\/monlacata.cetrexmarketing.com\/wp-content\/uploads\/2023\/01\/200-Monges-Reserva.jpg-1-1.png","datePublished":"2023-01-24T13:53:01+00:00","dateModified":"2025-11-16T16:10:35+00:00","description":"Comprar en l\u00ednia al millor preu el vi negre 200 Monges Reserva, botiga especialitzada en vins, licors i alimentaci\u00f3. Enviament r\u00e0pid i segur","breadcrumb":{"@id":"https:\/\/monlacata.cetrexmarketing.com\/ca\/producto\/200-monges-reserva\/#breadcrumb"},"inLanguage":"ca","potentialAction":[{"@type":"ReadAction","target":["https:\/\/monlacata.cetrexmarketing.com\/ca\/producto\/200-monges-reserva\/"]}]},{"@type":"ImageObject","inLanguage":"ca","@id":"https:\/\/monlacata.cetrexmarketing.com\/ca\/producto\/200-monges-reserva\/#primaryimage","url":"https:\/\/monlacata.cetrexmarketing.com\/wp-content\/uploads\/2023\/01\/200-Monges-Reserva.jpg-1-1.png","contentUrl":"https:\/\/monlacata.cetrexmarketing.com\/wp-content\/uploads\/2023\/01\/200-Monges-Reserva.jpg-1-1.png","width":765,"height":1024,"caption":"200 Monges Reserva.jpg-1"},{"@type":"BreadcrumbList","@id":"https:\/\/monlacata.cetrexmarketing.com\/ca\/producto\/200-monges-reserva\/#breadcrumb","itemListElement":[{"@type":"ListItem","position":1,"name":"Home","item":"https:\/\/monlacata.cetrexmarketing.com\/ca\/"},{"@type":"ListItem","position":2,"name":"Tienda","item":"https:\/\/monlacata.cetrexmarketing.com\/ca\/tienda-2\/"},{"@type":"ListItem","position":3,"name":"Vi","item":"https:\/\/monlacata.cetrexmarketing.com\/categoria-producto\/home-ca\/vi-ca\/"},{"@type":"ListItem","position":4,"name":"Vi Negre","item":"https:\/\/monlacata.cetrexmarketing.com\/ca\/categoria-producto\/home-ca\/vi-ca\/vino-tinto-ca\/"},{"@type":"ListItem","position":5,"name":"200 Monges Reserva"}]},{"@type":"WebSite","@id":"https:\/\/monlacata.cetrexmarketing.com\/#website","url":"https:\/\/monlacata.cetrexmarketing.com\/","name":"M\u00f3n La Cata","description":"Tienda de vinos, licores, cervezas y gourmet","publisher":{"@id":"https:\/\/monlacata.cetrexmarketing.com\/#organization"},"potentialAction":[{"@type":"SearchAction","target":{"@type":"EntryPoint","urlTemplate":"https:\/\/monlacata.cetrexmarketing.com\/?s={search_term_string}"},"query-input":{"@type":"PropertyValueSpecification","valueRequired":true,"valueName":"search_term_string"}}],"inLanguage":"ca"},{"@type":"Organization","@id":"https:\/\/monlacata.cetrexmarketing.com\/#organization","name":"M\u00f3n La Cata","url":"https:\/\/monlacata.cetrexmarketing.com\/","logo":{"@type":"ImageObject","inLanguage":"ca","@id":"https:\/\/monlacata.cetrexmarketing.com\/#\/schema\/logo\/image\/","url":"https:\/\/monlacata.cetrexmarketing.com\/wp-content\/uploads\/2024\/02\/monlacata-logo-blanc.png","contentUrl":"https:\/\/monlacata.cetrexmarketing.com\/wp-content\/uploads\/2024\/02\/monlacata-logo-blanc.png","width":454,"height":193,"caption":"M\u00f3n La Cata"},"image":{"@id":"https:\/\/monlacata.cetrexmarketing.com\/#\/schema\/logo\/image\/"}}]}},"brands":[{"id":32907,"name":"Rioja D.O.","slug":"rioja-d-o"}],"tiered_pricing_type":"fixed","tiered_pricing_fixed_rules":[],"tiered_pricing_product_settings":{"layout":"default","base_unit_name":{"singular":null,"plural":null},"default_variation":null},"tiered_pricing_minimum_quantity":null,"tiered_pricing_roles_data":[],"tiered_pricing_percentage_rules":[],"tiered_pricing_maximum_quantity":null,"tiered_pricing_quantity_step":null,"_links":{"self":[{"href":"https:\/\/monlacata.cetrexmarketing.com\/ca\/wp-json\/wp\/v2\/product\/50104","targetHints":{"allow":["GET"]}}],"collection":[{"href":"https:\/\/monlacata.cetrexmarketing.com\/ca\/wp-json\/wp\/v2\/product"}],"about":[{"href":"https:\/\/monlacata.cetrexmarketing.com\/ca\/wp-json\/wp\/v2\/types\/product"}],"replies":[{"embeddable":true,"href":"https:\/\/monlacata.cetrexmarketing.com\/ca\/wp-json\/wp\/v2\/comments?post=50104"}],"wp:featuredmedia":[{"embeddable":true,"href":"https:\/\/monlacata.cetrexmarketing.com\/ca\/wp-json\/wp\/v2\/media\/76125"}],"wp:attachment":[{"href":"https:\/\/monlacata.cetrexmarketing.com\/ca\/wp-json\/wp\/v2\/media?parent=50104"}],"wp:term":[{"taxonomy":"pwb-brand","embeddable":true,"href":"https:\/\/monlacata.cetrexmarketing.com\/ca\/wp-json\/wp\/v2\/pwb-brand?post=50104"},{"taxonomy":"product_cat","embeddable":true,"href":"https:\/\/monlacata.cetrexmarketing.com\/ca\/wp-json\/wp\/v2\/product_cat?post=50104"},{"taxonomy":"product_tag","embeddable":true,"href":"https:\/\/monlacata.cetrexmarketing.com\/ca\/wp-json\/wp\/v2\/product_tag?post=50104"}],"curies":[{"name":"wp","href":"https:\/\/api.w.org\/{rel}","templated":true}]}}