{"id":50166,"date":"2023-01-26T17:47:16","date_gmt":"2023-01-26T17:47:16","guid":{"rendered":"https:\/\/monlacata.cetrexmarketing.com\/producto\/arnaiz-verdejo\/"},"modified":"2025-05-27T11:57:29","modified_gmt":"2025-05-27T11:57:29","slug":"arnaiz-verdejo","status":"publish","type":"product","link":"https:\/\/monlacata.cetrexmarketing.com\/ca\/producto\/arnaiz-verdejo\/","title":{"rendered":"Vi\u00f1a Arn\u00e1iz Verdejo"},"content":{"rendered":"<p data-start=\"60\" data-end=\"441\">Vi\u00f1a Arn\u00e1iz Verdejo \u00e9s un vi blanc jove de la D.O. Rueda, elaborat amb ra\u00efm 100 % Verdejo procedent de vinyes seleccionades. La seva vinificaci\u00f3 es realitza mitjan\u00e7ant una fermentaci\u00f3 controlada en dip\u00f2sits d\u2019acer inoxidable, sense crian\u00e7a en b\u00f3ta, per preservar la frescor i la tipicitat varietal. La temperatura recomanada de servei \u00e9s entre 8 i 10\u202f\u00b0C.<\/p>\n<p data-start=\"443\" data-end=\"460\"><strong>Nota de tast<\/strong><\/p>\n<ul data-start=\"461\" data-end=\"672\">\n<li data-start=\"461\" data-end=\"516\">\n<p data-start=\"463\" data-end=\"516\">Vista: Color groc palla brillant amb tons verdosos.<\/p>\n<\/li>\n<li data-start=\"517\" data-end=\"589\">\n<p data-start=\"519\" data-end=\"589\">Nas: Aromes intensos a fruites tropicals, c\u00edtrics i matisos anisats.<\/p>\n<\/li>\n<li data-start=\"590\" data-end=\"672\">\n<p data-start=\"592\" data-end=\"672\">Boca: Entrada fresca i vibrant, amb una acidesa agradable i un final persistent.<\/p>\n<\/li>\n<\/ul>\n<p data-start=\"674\" data-end=\"820\"><strong>Maridatge recomanat<\/strong><br data-start=\"697\" data-end=\"700\" \/>Ideal per acompanyar peixos, mariscs, arrossos, amanides i plats lleugers. Tamb\u00e9 \u00e9s una excel\u00b7lent opci\u00f3 com a aperitiu.<\/p>\n<p data-start=\"822\" data-end=\"1068\" data-is-last-node=\"\" data-is-only-node=\"\"><br data-start=\"833\" data-end=\"836\" \/>Vi\u00f1a Arn\u00e1iz Verdejo \u00e9s un vi blanc fresc i expressiu que reflecteix la tipicitat de la varietat Verdejo i de la regi\u00f3 de Rueda. El seu equilibri i versatilitat el converteixen en una opci\u00f3 excel\u00b7lent per gaudir en diverses ocasions.<\/p>\n","protected":false},"excerpt":{"rendered":"<p>Vi\u00f1a Arn\u00e1iz Verdejo \u00e9s un vi blanc fresc i vibrant de la D.O. Rueda, elaborat amb ra\u00efm 100% Verdejo i fermentat en acer inoxidable per preservar la seva frescor i aromas de fruita tropical i c\u00edtrics. Amb un color groc palla brillant i una acidesa agradable, \u00e9s ideal per acompanyar plats lleugers com peixos, mariscs i amanides, o per gaudir com a aperitiu, destacant per la seva expressivitat i versatilitat.<\/p>\n","protected":false},"featured_media":72021,"comment_status":"closed","ping_status":"closed","template":"","meta":{"_acf_changed":false},"pwb-brand":[32933],"product_cat":[33020,33092],"product_tag":[18476,15995,50431,15104,50430,50324,50331],"class_list":{"0":"post-50166","1":"product","2":"type-product","3":"status-publish","4":"has-post-thumbnail","6":"pwb-brand-rueda-d-o","7":"product_cat-vi-ca","8":"product_cat-vino-blanco-ca","9":"product_tag-arnaiz-ca","10":"product_tag-la-seca-ca","11":"product_tag-roda","12":"product_tag-valladolid-ca","13":"product_tag-verdejo-ca-2","14":"product_tag-vi-ca-2","15":"product_tag-vi-blanc-ca-2","16":"pa_anada-2023-ca","17":"pa_do-ruedado-ca","18":"pa_envejecimiento-jove","19":"pa_formatoenml-750-ca","20":"pa_fresco-blanc-fresc","21":"pa_graduacion-13_0-ca","22":"pa_maridaje-marisc","23":"pa_maridaje-peix","24":"entry","25":"has-media","27":"first","28":"outofstock","29":"taxable","30":"shipping-taxable","31":"purchasable","32":"product-type-simple"},"acf":[],"yoast_head":"<!-- This site is optimized with the Yoast SEO Premium plugin v23.1 (Yoast SEO v24.1) - https:\/\/yoast.com\/wordpress\/plugins\/seo\/ -->\n<title>Arnaiz Verdejo - DO Rueda<\/title>\n<meta name=\"description\" content=\"Comprar Vi\u00f1a Arn\u00e1iz Verdejo en M\u00f3n La Cata . Botiga especialitzada en vins, destil\u00b7lats i productes gourmet. Gran sel\u00b7lecci\u00f3\" \/>\n<meta name=\"robots\" content=\"noindex, follow, max-snippet:-1, max-image-preview:large, max-video-preview:-1\" \/>\n<meta property=\"og:locale\" content=\"ca_ES\" \/>\n<meta property=\"og:type\" content=\"article\" \/>\n<meta property=\"og:title\" content=\"Vi\u00f1a Arn\u00e1iz Verdejo\" \/>\n<meta property=\"og:description\" content=\"Comprar Vi\u00f1a Arn\u00e1iz Verdejo en M\u00f3n La Cata . Botiga especialitzada en vins, destil\u00b7lats i productes gourmet. Gran sel\u00b7lecci\u00f3\" \/>\n<meta property=\"og:url\" content=\"https:\/\/monlacata.cetrexmarketing.com\/ca\/producto\/arnaiz-verdejo\/\" \/>\n<meta property=\"og:site_name\" content=\"M\u00f3n La Cata\" \/>\n<meta property=\"article:modified_time\" content=\"2025-05-27T11:57:29+00:00\" \/>\n<meta property=\"og:image\" content=\"https:\/\/monlacata.cetrexmarketing.com\/wp-content\/uploads\/2023\/01\/arnaiz-verdejo.jpg-1.png\" \/>\n\t<meta property=\"og:image:width\" content=\"765\" \/>\n\t<meta property=\"og:image:height\" content=\"1024\" \/>\n\t<meta property=\"og:image:type\" content=\"image\/png\" \/>\n<meta name=\"twitter:card\" content=\"summary_large_image\" \/>\n<meta name=\"twitter:label1\" content=\"Temps estimat de lectura\" \/>\n\t<meta name=\"twitter:data1\" content=\"2 minuts\" \/>\n<script type=\"application\/ld+json\" class=\"yoast-schema-graph\">{\"@context\":\"https:\/\/schema.org\",\"@graph\":[{\"@type\":\"WebPage\",\"@id\":\"https:\/\/monlacata.cetrexmarketing.com\/ca\/producto\/arnaiz-verdejo\/\",\"url\":\"https:\/\/monlacata.cetrexmarketing.com\/ca\/producto\/arnaiz-verdejo\/\",\"name\":\"Arnaiz Verdejo - DO Rueda\",\"isPartOf\":{\"@id\":\"https:\/\/monlacata.cetrexmarketing.com\/#website\"},\"primaryImageOfPage\":{\"@id\":\"https:\/\/monlacata.cetrexmarketing.com\/ca\/producto\/arnaiz-verdejo\/#primaryimage\"},\"image\":{\"@id\":\"https:\/\/monlacata.cetrexmarketing.com\/ca\/producto\/arnaiz-verdejo\/#primaryimage\"},\"thumbnailUrl\":\"https:\/\/monlacata.cetrexmarketing.com\/wp-content\/uploads\/2023\/01\/arnaiz-verdejo.jpg-1.png\",\"datePublished\":\"2023-01-26T17:47:16+00:00\",\"dateModified\":\"2025-05-27T11:57:29+00:00\",\"description\":\"Comprar Vi\u00f1a Arn\u00e1iz Verdejo en M\u00f3n La Cata . Botiga especialitzada en vins, destil\u00b7lats i productes gourmet. Gran sel\u00b7lecci\u00f3\",\"breadcrumb\":{\"@id\":\"https:\/\/monlacata.cetrexmarketing.com\/ca\/producto\/arnaiz-verdejo\/#breadcrumb\"},\"inLanguage\":\"ca\",\"potentialAction\":[{\"@type\":\"ReadAction\",\"target\":[\"https:\/\/monlacata.cetrexmarketing.com\/ca\/producto\/arnaiz-verdejo\/\"]}]},{\"@type\":\"ImageObject\",\"inLanguage\":\"ca\",\"@id\":\"https:\/\/monlacata.cetrexmarketing.com\/ca\/producto\/arnaiz-verdejo\/#primaryimage\",\"url\":\"https:\/\/monlacata.cetrexmarketing.com\/wp-content\/uploads\/2023\/01\/arnaiz-verdejo.jpg-1.png\",\"contentUrl\":\"https:\/\/monlacata.cetrexmarketing.com\/wp-content\/uploads\/2023\/01\/arnaiz-verdejo.jpg-1.png\",\"width\":765,\"height\":1024,\"caption\":\"arnaiz verdejo.jpg\"},{\"@type\":\"BreadcrumbList\",\"@id\":\"https:\/\/monlacata.cetrexmarketing.com\/ca\/producto\/arnaiz-verdejo\/#breadcrumb\",\"itemListElement\":[{\"@type\":\"ListItem\",\"position\":1,\"name\":\"Home\",\"item\":\"https:\/\/monlacata.cetrexmarketing.com\/ca\/\"},{\"@type\":\"ListItem\",\"position\":2,\"name\":\"Tienda\",\"item\":\"https:\/\/monlacata.cetrexmarketing.com\/ca\/tienda-2\/\"},{\"@type\":\"ListItem\",\"position\":3,\"name\":\"Vi\",\"item\":\"https:\/\/monlacata.cetrexmarketing.com\/categoria-producto\/home-ca\/vi-ca\/\"},{\"@type\":\"ListItem\",\"position\":4,\"name\":\"Vi Blanc\",\"item\":\"https:\/\/monlacata.cetrexmarketing.com\/ca\/categoria-producto\/home-ca\/vi-ca\/vino-blanco-ca\/\"},{\"@type\":\"ListItem\",\"position\":5,\"name\":\"Vi\u00f1a Arn\u00e1iz Verdejo\"}]},{\"@type\":\"WebSite\",\"@id\":\"https:\/\/monlacata.cetrexmarketing.com\/#website\",\"url\":\"https:\/\/monlacata.cetrexmarketing.com\/\",\"name\":\"M\u00f3n La Cata\",\"description\":\"Tienda de vinos, licores, cervezas y gourmet\",\"publisher\":{\"@id\":\"https:\/\/monlacata.cetrexmarketing.com\/#organization\"},\"potentialAction\":[{\"@type\":\"SearchAction\",\"target\":{\"@type\":\"EntryPoint\",\"urlTemplate\":\"https:\/\/monlacata.cetrexmarketing.com\/?s={search_term_string}\"},\"query-input\":{\"@type\":\"PropertyValueSpecification\",\"valueRequired\":true,\"valueName\":\"search_term_string\"}}],\"inLanguage\":\"ca\"},{\"@type\":\"Organization\",\"@id\":\"https:\/\/monlacata.cetrexmarketing.com\/#organization\",\"name\":\"M\u00f3n La Cata\",\"url\":\"https:\/\/monlacata.cetrexmarketing.com\/\",\"logo\":{\"@type\":\"ImageObject\",\"inLanguage\":\"ca\",\"@id\":\"https:\/\/monlacata.cetrexmarketing.com\/#\/schema\/logo\/image\/\",\"url\":\"https:\/\/monlacata.cetrexmarketing.com\/wp-content\/uploads\/2024\/02\/monlacata-logo-blanc.png\",\"contentUrl\":\"https:\/\/monlacata.cetrexmarketing.com\/wp-content\/uploads\/2024\/02\/monlacata-logo-blanc.png\",\"width\":454,\"height\":193,\"caption\":\"M\u00f3n La Cata\"},\"image\":{\"@id\":\"https:\/\/monlacata.cetrexmarketing.com\/#\/schema\/logo\/image\/\"}}]}<\/script>\n<!-- \/ Yoast SEO Premium plugin. -->","yoast_head_json":{"title":"Arnaiz Verdejo - DO Rueda","description":"Comprar Vi\u00f1a Arn\u00e1iz Verdejo en M\u00f3n La Cata . Botiga especialitzada en vins, destil\u00b7lats i productes gourmet. Gran sel\u00b7lecci\u00f3","robots":{"index":"noindex","follow":"follow","max-snippet":"max-snippet:-1","max-image-preview":"max-image-preview:large","max-video-preview":"max-video-preview:-1"},"og_locale":"ca_ES","og_type":"article","og_title":"Vi\u00f1a Arn\u00e1iz Verdejo","og_description":"Comprar Vi\u00f1a Arn\u00e1iz Verdejo en M\u00f3n La Cata . Botiga especialitzada en vins, destil\u00b7lats i productes gourmet. Gran sel\u00b7lecci\u00f3","og_url":"https:\/\/monlacata.cetrexmarketing.com\/ca\/producto\/arnaiz-verdejo\/","og_site_name":"M\u00f3n La Cata","article_modified_time":"2025-05-27T11:57:29+00:00","og_image":[{"width":765,"height":1024,"url":"https:\/\/monlacata.cetrexmarketing.com\/wp-content\/uploads\/2023\/01\/arnaiz-verdejo.jpg-1.png","type":"image\/png"}],"twitter_card":"summary_large_image","twitter_misc":{"Temps estimat de lectura":"2 minuts"},"schema":{"@context":"https:\/\/schema.org","@graph":[{"@type":"WebPage","@id":"https:\/\/monlacata.cetrexmarketing.com\/ca\/producto\/arnaiz-verdejo\/","url":"https:\/\/monlacata.cetrexmarketing.com\/ca\/producto\/arnaiz-verdejo\/","name":"Arnaiz Verdejo - DO Rueda","isPartOf":{"@id":"https:\/\/monlacata.cetrexmarketing.com\/#website"},"primaryImageOfPage":{"@id":"https:\/\/monlacata.cetrexmarketing.com\/ca\/producto\/arnaiz-verdejo\/#primaryimage"},"image":{"@id":"https:\/\/monlacata.cetrexmarketing.com\/ca\/producto\/arnaiz-verdejo\/#primaryimage"},"thumbnailUrl":"https:\/\/monlacata.cetrexmarketing.com\/wp-content\/uploads\/2023\/01\/arnaiz-verdejo.jpg-1.png","datePublished":"2023-01-26T17:47:16+00:00","dateModified":"2025-05-27T11:57:29+00:00","description":"Comprar Vi\u00f1a Arn\u00e1iz Verdejo en M\u00f3n La Cata . Botiga especialitzada en vins, destil\u00b7lats i productes gourmet. Gran sel\u00b7lecci\u00f3","breadcrumb":{"@id":"https:\/\/monlacata.cetrexmarketing.com\/ca\/producto\/arnaiz-verdejo\/#breadcrumb"},"inLanguage":"ca","potentialAction":[{"@type":"ReadAction","target":["https:\/\/monlacata.cetrexmarketing.com\/ca\/producto\/arnaiz-verdejo\/"]}]},{"@type":"ImageObject","inLanguage":"ca","@id":"https:\/\/monlacata.cetrexmarketing.com\/ca\/producto\/arnaiz-verdejo\/#primaryimage","url":"https:\/\/monlacata.cetrexmarketing.com\/wp-content\/uploads\/2023\/01\/arnaiz-verdejo.jpg-1.png","contentUrl":"https:\/\/monlacata.cetrexmarketing.com\/wp-content\/uploads\/2023\/01\/arnaiz-verdejo.jpg-1.png","width":765,"height":1024,"caption":"arnaiz verdejo.jpg"},{"@type":"BreadcrumbList","@id":"https:\/\/monlacata.cetrexmarketing.com\/ca\/producto\/arnaiz-verdejo\/#breadcrumb","itemListElement":[{"@type":"ListItem","position":1,"name":"Home","item":"https:\/\/monlacata.cetrexmarketing.com\/ca\/"},{"@type":"ListItem","position":2,"name":"Tienda","item":"https:\/\/monlacata.cetrexmarketing.com\/ca\/tienda-2\/"},{"@type":"ListItem","position":3,"name":"Vi","item":"https:\/\/monlacata.cetrexmarketing.com\/categoria-producto\/home-ca\/vi-ca\/"},{"@type":"ListItem","position":4,"name":"Vi Blanc","item":"https:\/\/monlacata.cetrexmarketing.com\/ca\/categoria-producto\/home-ca\/vi-ca\/vino-blanco-ca\/"},{"@type":"ListItem","position":5,"name":"Vi\u00f1a Arn\u00e1iz Verdejo"}]},{"@type":"WebSite","@id":"https:\/\/monlacata.cetrexmarketing.com\/#website","url":"https:\/\/monlacata.cetrexmarketing.com\/","name":"M\u00f3n La Cata","description":"Tienda de vinos, licores, cervezas y gourmet","publisher":{"@id":"https:\/\/monlacata.cetrexmarketing.com\/#organization"},"potentialAction":[{"@type":"SearchAction","target":{"@type":"EntryPoint","urlTemplate":"https:\/\/monlacata.cetrexmarketing.com\/?s={search_term_string}"},"query-input":{"@type":"PropertyValueSpecification","valueRequired":true,"valueName":"search_term_string"}}],"inLanguage":"ca"},{"@type":"Organization","@id":"https:\/\/monlacata.cetrexmarketing.com\/#organization","name":"M\u00f3n La Cata","url":"https:\/\/monlacata.cetrexmarketing.com\/","logo":{"@type":"ImageObject","inLanguage":"ca","@id":"https:\/\/monlacata.cetrexmarketing.com\/#\/schema\/logo\/image\/","url":"https:\/\/monlacata.cetrexmarketing.com\/wp-content\/uploads\/2024\/02\/monlacata-logo-blanc.png","contentUrl":"https:\/\/monlacata.cetrexmarketing.com\/wp-content\/uploads\/2024\/02\/monlacata-logo-blanc.png","width":454,"height":193,"caption":"M\u00f3n La Cata"},"image":{"@id":"https:\/\/monlacata.cetrexmarketing.com\/#\/schema\/logo\/image\/"}}]}},"brands":[{"id":32933,"name":"Rueda D.O.","slug":"rueda-d-o"}],"tiered_pricing_type":"fixed","tiered_pricing_fixed_rules":[],"tiered_pricing_product_settings":{"layout":"default","base_unit_name":{"singular":null,"plural":null},"default_variation":null},"tiered_pricing_minimum_quantity":null,"tiered_pricing_roles_data":[],"tiered_pricing_percentage_rules":[],"tiered_pricing_maximum_quantity":null,"tiered_pricing_quantity_step":null,"_links":{"self":[{"href":"https:\/\/monlacata.cetrexmarketing.com\/ca\/wp-json\/wp\/v2\/product\/50166","targetHints":{"allow":["GET"]}}],"collection":[{"href":"https:\/\/monlacata.cetrexmarketing.com\/ca\/wp-json\/wp\/v2\/product"}],"about":[{"href":"https:\/\/monlacata.cetrexmarketing.com\/ca\/wp-json\/wp\/v2\/types\/product"}],"replies":[{"embeddable":true,"href":"https:\/\/monlacata.cetrexmarketing.com\/ca\/wp-json\/wp\/v2\/comments?post=50166"}],"wp:featuredmedia":[{"embeddable":true,"href":"https:\/\/monlacata.cetrexmarketing.com\/ca\/wp-json\/wp\/v2\/media\/72021"}],"wp:attachment":[{"href":"https:\/\/monlacata.cetrexmarketing.com\/ca\/wp-json\/wp\/v2\/media?parent=50166"}],"wp:term":[{"taxonomy":"pwb-brand","embeddable":true,"href":"https:\/\/monlacata.cetrexmarketing.com\/ca\/wp-json\/wp\/v2\/pwb-brand?post=50166"},{"taxonomy":"product_cat","embeddable":true,"href":"https:\/\/monlacata.cetrexmarketing.com\/ca\/wp-json\/wp\/v2\/product_cat?post=50166"},{"taxonomy":"product_tag","embeddable":true,"href":"https:\/\/monlacata.cetrexmarketing.com\/ca\/wp-json\/wp\/v2\/product_tag?post=50166"}],"curies":[{"name":"wp","href":"https:\/\/api.w.org\/{rel}","templated":true}]}}