{"id":50186,"date":"2023-01-27T09:03:37","date_gmt":"2023-01-27T09:03:37","guid":{"rendered":"https:\/\/monlacata.cetrexmarketing.com\/producto\/analivia-verdejo\/"},"modified":"2025-08-22T11:44:56","modified_gmt":"2025-08-22T11:44:56","slug":"analivia-verdejo","status":"publish","type":"product","link":"https:\/\/monlacata.cetrexmarketing.com\/ca\/producto\/analivia-verdejo\/","title":{"rendered":"Analivia Verdejo"},"content":{"rendered":"<p data-start=\"1948\" data-end=\"2324\"><strong data-start=\"1948\" data-end=\"1968\">Analivia Verdejo<\/strong> \u00e9s un vi blanc elaborat al celler <strong><em data-start=\"2003\" data-end=\"2018\">Pagos del Rey<\/em><\/strong>, situat a Rueda (Valladolid). El ra\u00efm Verdejo, s\u00edmbol de la regi\u00f3, combinat amb modernes t\u00e8cniques de vinificaci\u00f3, d\u00f3na com a resultat un vi fresc, afruitat i amb gran personalitat. Representa fidelment el car\u00e0cter de la D.O. Rueda, una de les denominacions d\u2019origen m\u00e9s prestigioses de Castella i Lle\u00f3.<\/p>\n<h3 data-start=\"2326\" data-end=\"2355\"><strong data-start=\"2330\" data-end=\"2353\">Vinyes i elaboraci\u00f3<\/strong><\/h3>\n<ul data-start=\"2356\" data-end=\"2851\">\n<li data-start=\"2356\" data-end=\"2436\">\n<p data-start=\"2358\" data-end=\"2436\"><strong data-start=\"2358\" data-end=\"2368\">Regi\u00f3:<\/strong> D.O. Rueda, a la plana castellana, entre Ribera del Duero i Toro.<\/p>\n<\/li>\n<li data-start=\"2437\" data-end=\"2530\">\n<p data-start=\"2439\" data-end=\"2530\"><strong data-start=\"2439\" data-end=\"2449\">Clima:<\/strong> Continental, amb hiverns llargs i freds, primaveres curtes i estius calorosos.<\/p>\n<\/li>\n<li data-start=\"2531\" data-end=\"2637\">\n<p data-start=\"2533\" data-end=\"2637\"><strong data-start=\"2533\" data-end=\"2544\">Verema:<\/strong> Finals de setembre i principis d\u2019octubre, realitzada de matinada per preservar els aromes.<\/p>\n<\/li>\n<li data-start=\"2638\" data-end=\"2851\">\n<p data-start=\"2640\" data-end=\"2851\"><strong data-start=\"2640\" data-end=\"2656\">Vinificaci\u00f3:<\/strong> Maceraci\u00f3 en fred del most amb les pells per potenciar-ne l\u2019expressivitat. Fermentaci\u00f3 en dip\u00f2sits d\u2019acer inoxidable a temperatura controlada (14-16 \u00baC) amb estricte control de les oxidacions.<\/p>\n<\/li>\n<\/ul>\n<h3 data-start=\"2853\" data-end=\"2876\"><strong data-start=\"2857\" data-end=\"2874\">Notes de tast<\/strong><\/h3>\n<ul data-start=\"2877\" data-end=\"3207\">\n<li data-start=\"2877\" data-end=\"2941\">\n<p data-start=\"2879\" data-end=\"2941\"><strong data-start=\"2879\" data-end=\"2889\">Vista:<\/strong> Groc palla amb reflexos verdosos, net i brillant.<\/p>\n<\/li>\n<li data-start=\"2942\" data-end=\"3072\">\n<p data-start=\"2944\" data-end=\"3072\"><strong data-start=\"2944\" data-end=\"2952\">Nas:<\/strong> Aromes intensos de fruites tropicals, c\u00edtrics frescos i herbes verdes, amb el caracter\u00edstic toc anisat de la Verdejo.<\/p>\n<\/li>\n<li data-start=\"3073\" data-end=\"3207\">\n<p data-start=\"3075\" data-end=\"3207\"><strong data-start=\"3075\" data-end=\"3084\">Boca:<\/strong> Fresc, viu i equilibrat, amb una acidesa ben integrada i un final lleugerament amarg que aporta car\u00e0cter i persist\u00e8ncia.<\/p>\n<\/li>\n<\/ul>\n<h3 data-start=\"3209\" data-end=\"3228\"><strong data-start=\"3213\" data-end=\"3226\">Maridatge<\/strong><\/h3>\n<p data-start=\"3229\" data-end=\"3252\">Ideal per acompanyar:<\/p>\n<ul data-start=\"3253\" data-end=\"3381\">\n<li data-start=\"3253\" data-end=\"3282\">\n<p data-start=\"3255\" data-end=\"3282\">Peixos blancs a la planxa<\/p>\n<\/li>\n<li data-start=\"3283\" data-end=\"3299\">\n<p data-start=\"3285\" data-end=\"3299\">Marisc fresc<\/p>\n<\/li>\n<li data-start=\"3300\" data-end=\"3326\">\n<p data-start=\"3302\" data-end=\"3326\">Amanides mediterr\u00e0nies<\/p>\n<\/li>\n<li data-start=\"3327\" data-end=\"3348\">\n<p data-start=\"3329\" data-end=\"3348\">Arrossos mariners<\/p>\n<\/li>\n<li data-start=\"3349\" data-end=\"3381\">\n<p data-start=\"3351\" data-end=\"3381\">Formatges tous de pasta tova<\/p>\n<\/li>\n<\/ul>\n<h3 data-start=\"3383\" data-end=\"3399\"><strong data-start=\"3387\" data-end=\"3397\">Servei<\/strong><\/h3>\n<p data-start=\"3400\" data-end=\"3438\">Temperatura \u00f2ptima: <strong data-start=\"3420\" data-end=\"3435\">7 \u00baC \u2013 9 \u00baC<\/strong>.<\/p>\n","protected":false},"excerpt":{"rendered":"<p>Verdejo Analivia<\/p>\n","protected":false},"featured_media":68416,"comment_status":"closed","ping_status":"closed","template":"","meta":{"_acf_changed":false},"pwb-brand":[32933],"product_cat":[33020,33092,33070],"product_tag":[51532,51525,50431,15104,14931,50430,50324,50331],"class_list":{"0":"post-50186","1":"product","2":"type-product","3":"status-publish","4":"has-post-thumbnail","6":"pwb-brand-rueda-d-o","7":"product_cat-vi-ca","8":"product_cat-vino-blanco-ca","9":"product_cat-vega-ca","10":"product_tag-analivia-ca-2","11":"product_tag-analivia-verdejo-ca","12":"product_tag-roda","13":"product_tag-valladolid-ca","14":"product_tag-vegano-ca","15":"product_tag-verdejo-ca-2","16":"product_tag-vi-ca-2","17":"product_tag-vi-blanc-ca-2","18":"pa_anada-2023-ca","19":"pa_bodega-pagosderey-ca","20":"pa_do-ruedado-ca","21":"pa_ecologico-vegano-natural-vega","22":"pa_envejecimiento-jove","23":"pa_formatoenl-075-ca","24":"pa_formatoenml-750-ca","25":"pa_fresco-blanc-fresc","26":"pa_graduacion-13_0-ca","27":"pa_maridaje-formatge-cremos","28":"pa_maridaje-marisc","29":"pa_maridaje-midons","30":"pa_maridaje-peix","31":"pa_pais-espanya-ca","32":"pa_pesoengramos-1000-ca","33":"pa_pesoenkg-10-ca-2","34":"pa_pueblociudad-ruedavalladolid-ca","35":"pa_tipodevino-vi-tranquil","36":"pa_variedad-principal-verdejo-ca","37":"pa_variedades-verdejo-ca","38":"entry","39":"has-media","41":"first","42":"instock","43":"taxable","44":"shipping-taxable","45":"purchasable","46":"product-type-simple"},"acf":[],"yoast_head":"<!-- This site is optimized with the Yoast SEO Premium plugin v23.1 (Yoast SEO v24.1) - https:\/\/yoast.com\/wordpress\/plugins\/seo\/ -->\n<title>Analivia Verdejo vi blanc de la DO Rueda<\/title>\n<meta name=\"description\" content=\"Comprar online al millor preu vins blancs de la DO Rueda.\" \/>\n<meta name=\"robots\" content=\"noindex, follow, max-snippet:-1, max-image-preview:large, max-video-preview:-1\" \/>\n<meta property=\"og:locale\" content=\"ca_ES\" \/>\n<meta property=\"og:type\" content=\"article\" \/>\n<meta property=\"og:title\" content=\"Analivia Verdejo\" \/>\n<meta property=\"og:description\" content=\"Comprar online al millor preu vins blancs de la DO Rueda.\" \/>\n<meta property=\"og:url\" content=\"https:\/\/monlacata.cetrexmarketing.com\/ca\/producto\/analivia-verdejo\/\" \/>\n<meta property=\"og:site_name\" content=\"M\u00f3n La Cata\" \/>\n<meta property=\"article:modified_time\" content=\"2025-08-22T11:44:56+00:00\" \/>\n<meta property=\"og:image\" content=\"https:\/\/monlacata.cetrexmarketing.com\/wp-content\/uploads\/2023\/01\/ANALIVIA-VERDEJO.jpg.png\" \/>\n\t<meta property=\"og:image:width\" content=\"765\" \/>\n\t<meta property=\"og:image:height\" content=\"1024\" \/>\n\t<meta property=\"og:image:type\" content=\"image\/png\" \/>\n<meta name=\"twitter:card\" content=\"summary_large_image\" \/>\n<meta name=\"twitter:label1\" content=\"Temps estimat de lectura\" \/>\n\t<meta name=\"twitter:data1\" content=\"2 minuts\" \/>\n<script type=\"application\/ld+json\" class=\"yoast-schema-graph\">{\"@context\":\"https:\/\/schema.org\",\"@graph\":[{\"@type\":\"WebPage\",\"@id\":\"https:\/\/monlacata.cetrexmarketing.com\/ca\/producto\/analivia-verdejo\/\",\"url\":\"https:\/\/monlacata.cetrexmarketing.com\/ca\/producto\/analivia-verdejo\/\",\"name\":\"Analivia Verdejo vi blanc de la DO Rueda\",\"isPartOf\":{\"@id\":\"https:\/\/monlacata.cetrexmarketing.com\/#website\"},\"primaryImageOfPage\":{\"@id\":\"https:\/\/monlacata.cetrexmarketing.com\/ca\/producto\/analivia-verdejo\/#primaryimage\"},\"image\":{\"@id\":\"https:\/\/monlacata.cetrexmarketing.com\/ca\/producto\/analivia-verdejo\/#primaryimage\"},\"thumbnailUrl\":\"https:\/\/monlacata.cetrexmarketing.com\/wp-content\/uploads\/2023\/01\/ANALIVIA-VERDEJO.jpg.png\",\"datePublished\":\"2023-01-27T09:03:37+00:00\",\"dateModified\":\"2025-08-22T11:44:56+00:00\",\"description\":\"Comprar online al millor preu vins blancs de la DO Rueda.\",\"breadcrumb\":{\"@id\":\"https:\/\/monlacata.cetrexmarketing.com\/ca\/producto\/analivia-verdejo\/#breadcrumb\"},\"inLanguage\":\"ca\",\"potentialAction\":[{\"@type\":\"ReadAction\",\"target\":[\"https:\/\/monlacata.cetrexmarketing.com\/ca\/producto\/analivia-verdejo\/\"]}]},{\"@type\":\"ImageObject\",\"inLanguage\":\"ca\",\"@id\":\"https:\/\/monlacata.cetrexmarketing.com\/ca\/producto\/analivia-verdejo\/#primaryimage\",\"url\":\"https:\/\/monlacata.cetrexmarketing.com\/wp-content\/uploads\/2023\/01\/ANALIVIA-VERDEJO.jpg.png\",\"contentUrl\":\"https:\/\/monlacata.cetrexmarketing.com\/wp-content\/uploads\/2023\/01\/ANALIVIA-VERDEJO.jpg.png\",\"width\":765,\"height\":1024,\"caption\":\"ANALIVIA VERDEJO.jpg\"},{\"@type\":\"BreadcrumbList\",\"@id\":\"https:\/\/monlacata.cetrexmarketing.com\/ca\/producto\/analivia-verdejo\/#breadcrumb\",\"itemListElement\":[{\"@type\":\"ListItem\",\"position\":1,\"name\":\"Home\",\"item\":\"https:\/\/monlacata.cetrexmarketing.com\/ca\/\"},{\"@type\":\"ListItem\",\"position\":2,\"name\":\"Tienda\",\"item\":\"https:\/\/monlacata.cetrexmarketing.com\/ca\/tienda-2\/\"},{\"@type\":\"ListItem\",\"position\":3,\"name\":\"Vi\",\"item\":\"https:\/\/monlacata.cetrexmarketing.com\/categoria-producto\/home-ca\/vi-ca\/\"},{\"@type\":\"ListItem\",\"position\":4,\"name\":\"Vi Blanc\",\"item\":\"https:\/\/monlacata.cetrexmarketing.com\/ca\/categoria-producto\/home-ca\/vi-ca\/vino-blanco-ca\/\"},{\"@type\":\"ListItem\",\"position\":5,\"name\":\"Analivia Verdejo\"}]},{\"@type\":\"WebSite\",\"@id\":\"https:\/\/monlacata.cetrexmarketing.com\/#website\",\"url\":\"https:\/\/monlacata.cetrexmarketing.com\/\",\"name\":\"M\u00f3n La Cata\",\"description\":\"Tienda de vinos, licores, cervezas y gourmet\",\"publisher\":{\"@id\":\"https:\/\/monlacata.cetrexmarketing.com\/#organization\"},\"potentialAction\":[{\"@type\":\"SearchAction\",\"target\":{\"@type\":\"EntryPoint\",\"urlTemplate\":\"https:\/\/monlacata.cetrexmarketing.com\/?s={search_term_string}\"},\"query-input\":{\"@type\":\"PropertyValueSpecification\",\"valueRequired\":true,\"valueName\":\"search_term_string\"}}],\"inLanguage\":\"ca\"},{\"@type\":\"Organization\",\"@id\":\"https:\/\/monlacata.cetrexmarketing.com\/#organization\",\"name\":\"M\u00f3n La Cata\",\"url\":\"https:\/\/monlacata.cetrexmarketing.com\/\",\"logo\":{\"@type\":\"ImageObject\",\"inLanguage\":\"ca\",\"@id\":\"https:\/\/monlacata.cetrexmarketing.com\/#\/schema\/logo\/image\/\",\"url\":\"https:\/\/monlacata.cetrexmarketing.com\/wp-content\/uploads\/2024\/02\/monlacata-logo-blanc.png\",\"contentUrl\":\"https:\/\/monlacata.cetrexmarketing.com\/wp-content\/uploads\/2024\/02\/monlacata-logo-blanc.png\",\"width\":454,\"height\":193,\"caption\":\"M\u00f3n La Cata\"},\"image\":{\"@id\":\"https:\/\/monlacata.cetrexmarketing.com\/#\/schema\/logo\/image\/\"}}]}<\/script>\n<!-- \/ Yoast SEO Premium plugin. -->","yoast_head_json":{"title":"Analivia Verdejo vi blanc de la DO Rueda","description":"Comprar online al millor preu vins blancs de la DO Rueda.","robots":{"index":"noindex","follow":"follow","max-snippet":"max-snippet:-1","max-image-preview":"max-image-preview:large","max-video-preview":"max-video-preview:-1"},"og_locale":"ca_ES","og_type":"article","og_title":"Analivia Verdejo","og_description":"Comprar online al millor preu vins blancs de la DO Rueda.","og_url":"https:\/\/monlacata.cetrexmarketing.com\/ca\/producto\/analivia-verdejo\/","og_site_name":"M\u00f3n La Cata","article_modified_time":"2025-08-22T11:44:56+00:00","og_image":[{"width":765,"height":1024,"url":"https:\/\/monlacata.cetrexmarketing.com\/wp-content\/uploads\/2023\/01\/ANALIVIA-VERDEJO.jpg.png","type":"image\/png"}],"twitter_card":"summary_large_image","twitter_misc":{"Temps estimat de lectura":"2 minuts"},"schema":{"@context":"https:\/\/schema.org","@graph":[{"@type":"WebPage","@id":"https:\/\/monlacata.cetrexmarketing.com\/ca\/producto\/analivia-verdejo\/","url":"https:\/\/monlacata.cetrexmarketing.com\/ca\/producto\/analivia-verdejo\/","name":"Analivia Verdejo vi blanc de la DO Rueda","isPartOf":{"@id":"https:\/\/monlacata.cetrexmarketing.com\/#website"},"primaryImageOfPage":{"@id":"https:\/\/monlacata.cetrexmarketing.com\/ca\/producto\/analivia-verdejo\/#primaryimage"},"image":{"@id":"https:\/\/monlacata.cetrexmarketing.com\/ca\/producto\/analivia-verdejo\/#primaryimage"},"thumbnailUrl":"https:\/\/monlacata.cetrexmarketing.com\/wp-content\/uploads\/2023\/01\/ANALIVIA-VERDEJO.jpg.png","datePublished":"2023-01-27T09:03:37+00:00","dateModified":"2025-08-22T11:44:56+00:00","description":"Comprar online al millor preu vins blancs de la DO Rueda.","breadcrumb":{"@id":"https:\/\/monlacata.cetrexmarketing.com\/ca\/producto\/analivia-verdejo\/#breadcrumb"},"inLanguage":"ca","potentialAction":[{"@type":"ReadAction","target":["https:\/\/monlacata.cetrexmarketing.com\/ca\/producto\/analivia-verdejo\/"]}]},{"@type":"ImageObject","inLanguage":"ca","@id":"https:\/\/monlacata.cetrexmarketing.com\/ca\/producto\/analivia-verdejo\/#primaryimage","url":"https:\/\/monlacata.cetrexmarketing.com\/wp-content\/uploads\/2023\/01\/ANALIVIA-VERDEJO.jpg.png","contentUrl":"https:\/\/monlacata.cetrexmarketing.com\/wp-content\/uploads\/2023\/01\/ANALIVIA-VERDEJO.jpg.png","width":765,"height":1024,"caption":"ANALIVIA VERDEJO.jpg"},{"@type":"BreadcrumbList","@id":"https:\/\/monlacata.cetrexmarketing.com\/ca\/producto\/analivia-verdejo\/#breadcrumb","itemListElement":[{"@type":"ListItem","position":1,"name":"Home","item":"https:\/\/monlacata.cetrexmarketing.com\/ca\/"},{"@type":"ListItem","position":2,"name":"Tienda","item":"https:\/\/monlacata.cetrexmarketing.com\/ca\/tienda-2\/"},{"@type":"ListItem","position":3,"name":"Vi","item":"https:\/\/monlacata.cetrexmarketing.com\/categoria-producto\/home-ca\/vi-ca\/"},{"@type":"ListItem","position":4,"name":"Vi Blanc","item":"https:\/\/monlacata.cetrexmarketing.com\/ca\/categoria-producto\/home-ca\/vi-ca\/vino-blanco-ca\/"},{"@type":"ListItem","position":5,"name":"Analivia Verdejo"}]},{"@type":"WebSite","@id":"https:\/\/monlacata.cetrexmarketing.com\/#website","url":"https:\/\/monlacata.cetrexmarketing.com\/","name":"M\u00f3n La Cata","description":"Tienda de vinos, licores, cervezas y gourmet","publisher":{"@id":"https:\/\/monlacata.cetrexmarketing.com\/#organization"},"potentialAction":[{"@type":"SearchAction","target":{"@type":"EntryPoint","urlTemplate":"https:\/\/monlacata.cetrexmarketing.com\/?s={search_term_string}"},"query-input":{"@type":"PropertyValueSpecification","valueRequired":true,"valueName":"search_term_string"}}],"inLanguage":"ca"},{"@type":"Organization","@id":"https:\/\/monlacata.cetrexmarketing.com\/#organization","name":"M\u00f3n La Cata","url":"https:\/\/monlacata.cetrexmarketing.com\/","logo":{"@type":"ImageObject","inLanguage":"ca","@id":"https:\/\/monlacata.cetrexmarketing.com\/#\/schema\/logo\/image\/","url":"https:\/\/monlacata.cetrexmarketing.com\/wp-content\/uploads\/2024\/02\/monlacata-logo-blanc.png","contentUrl":"https:\/\/monlacata.cetrexmarketing.com\/wp-content\/uploads\/2024\/02\/monlacata-logo-blanc.png","width":454,"height":193,"caption":"M\u00f3n La Cata"},"image":{"@id":"https:\/\/monlacata.cetrexmarketing.com\/#\/schema\/logo\/image\/"}}]}},"brands":[{"id":32933,"name":"Rueda D.O.","slug":"rueda-d-o"}],"tiered_pricing_type":"fixed","tiered_pricing_fixed_rules":[],"tiered_pricing_product_settings":{"layout":"default","base_unit_name":{"singular":null,"plural":null},"default_variation":null},"tiered_pricing_minimum_quantity":null,"tiered_pricing_roles_data":[],"tiered_pricing_percentage_rules":[],"tiered_pricing_maximum_quantity":null,"tiered_pricing_quantity_step":null,"_links":{"self":[{"href":"https:\/\/monlacata.cetrexmarketing.com\/ca\/wp-json\/wp\/v2\/product\/50186","targetHints":{"allow":["GET"]}}],"collection":[{"href":"https:\/\/monlacata.cetrexmarketing.com\/ca\/wp-json\/wp\/v2\/product"}],"about":[{"href":"https:\/\/monlacata.cetrexmarketing.com\/ca\/wp-json\/wp\/v2\/types\/product"}],"replies":[{"embeddable":true,"href":"https:\/\/monlacata.cetrexmarketing.com\/ca\/wp-json\/wp\/v2\/comments?post=50186"}],"wp:featuredmedia":[{"embeddable":true,"href":"https:\/\/monlacata.cetrexmarketing.com\/ca\/wp-json\/wp\/v2\/media\/68416"}],"wp:attachment":[{"href":"https:\/\/monlacata.cetrexmarketing.com\/ca\/wp-json\/wp\/v2\/media?parent=50186"}],"wp:term":[{"taxonomy":"pwb-brand","embeddable":true,"href":"https:\/\/monlacata.cetrexmarketing.com\/ca\/wp-json\/wp\/v2\/pwb-brand?post=50186"},{"taxonomy":"product_cat","embeddable":true,"href":"https:\/\/monlacata.cetrexmarketing.com\/ca\/wp-json\/wp\/v2\/product_cat?post=50186"},{"taxonomy":"product_tag","embeddable":true,"href":"https:\/\/monlacata.cetrexmarketing.com\/ca\/wp-json\/wp\/v2\/product_tag?post=50186"}],"curies":[{"name":"wp","href":"https:\/\/api.w.org\/{rel}","templated":true}]}}