{"id":50866,"date":"2023-05-11T16:29:30","date_gmt":"2023-05-11T16:29:30","guid":{"rendered":"https:\/\/monlacata.cetrexmarketing.com\/producto\/gran-caus-terraprima-tinto\/"},"modified":"2024-12-01T00:07:49","modified_gmt":"2024-12-01T00:07:49","slug":"gran-caus-terraprima-tinto","status":"publish","type":"product","link":"https:\/\/monlacata.cetrexmarketing.com\/ca\/producto\/gran-caus-terraprima-tinto\/","title":{"rendered":"Gran Caus Terraprima Tinto"},"content":{"rendered":"","protected":false},"excerpt":{"rendered":"","protected":false},"featured_media":69884,"comment_status":"closed","ping_status":"closed","template":"","meta":{"_acf_changed":false},"pwb-brand":[32895],"product_cat":[33020,33054,33048,33070],"product_tag":[50402,52337,48480,15082,52174,50403,14931,48481,50323,48484],"class_list":{"0":"post-50866","1":"product","2":"type-product","3":"status-publish","4":"has-post-thumbnail","6":"pwb-brand-penedes-d-o","7":"product_cat-vi-ca","8":"product_cat-vino-tinto-ca","9":"product_cat-ecologic-ca","10":"product_cat-vega-ca","11":"product_tag-apte-per-a-vegans-ca","12":"product_tag-do-penedes-ca-2","13":"product_tag-ecologic","14":"product_tag-gran-caus-ca","15":"product_tag-penedes-ca-2","16":"product_tag-vega-ca","17":"product_tag-vegano-ca","18":"product_tag-vi-ecologic-ca","19":"product_tag-vi-negre-ca-2","20":"product_tag-vi-negre-ecologic-ca","21":"pa_anada-2023-ca","22":"pa_bodega-can-rafols-dels-caus-ca","23":"pa_certificado-ecologic-vega","24":"pa_do-penedes-d-o-ca","25":"pa_formatoenl-075-ca","26":"pa_formatoenml-750-ca","27":"pa_graduacion-13_5-ca","28":"pa_pais-espanya-ca","29":"pa_pueblociudad-avinyonetdelpenedesbarcelona-ca","30":"pa_region-cataluna-ca","31":"pa_tipodevino-vi-tranquil","32":"pa_variedades-f4-cabernetfranc_garnachatint-ca","33":"entry","34":"has-media","36":"first","37":"outofstock","38":"taxable","39":"shipping-taxable","40":"purchasable","41":"product-type-simple"},"acf":[],"yoast_head":"\nTerraprima Negre vi<\/title>\n<meta name=\"description\" content=\"Comprar online al millor preu vins negres de la DO Pened\u00e8s. Can R\u00e0fols dels Caus. Mass\u00eds del Garraf. Vi ecol\u00f2gic i apte per a vegans. 75cl.\" \/>\n<meta name=\"robots\" content=\"noindex, follow, max-snippet:-1, max-image-preview:large, max-video-preview:-1\" \/>\n<meta property=\"og:locale\" content=\"ca_ES\" \/>\n<meta property=\"og:type\" content=\"article\" \/>\n<meta property=\"og:title\" content=\"Gran Caus Terraprima Tinto\" \/>\n<meta property=\"og:description\" content=\"Comprar online al millor preu vins negres de la DO Pened\u00e8s. Can R\u00e0fols dels Caus. Mass\u00eds del Garraf. Vi ecol\u00f2gic i apte per a vegans. 75cl.\" \/>\n<meta property=\"og:url\" content=\"https:\/\/monlacata.cetrexmarketing.com\/ca\/producto\/gran-caus-terraprima-tinto\/\" \/>\n<meta property=\"og:site_name\" content=\"M\u00f3n La Cata\" \/>\n<meta property=\"article:modified_time\" content=\"2024-12-01T00:07:49+00:00\" \/>\n<meta property=\"og:image\" content=\"https:\/\/monlacata.cetrexmarketing.com\/wp-content\/uploads\/2023\/05\/Gran-Caus-Terraprima-Tinto.png\" \/>\n\t<meta property=\"og:image:width\" content=\"765\" \/>\n\t<meta property=\"og:image:height\" content=\"1024\" \/>\n\t<meta property=\"og:image:type\" content=\"image\/png\" \/>\n<meta name=\"twitter:card\" content=\"summary_large_image\" \/>\n<script type=\"application\/ld+json\" class=\"yoast-schema-graph\">{\"@context\":\"https:\/\/schema.org\",\"@graph\":[{\"@type\":\"WebPage\",\"@id\":\"https:\/\/monlacata.cetrexmarketing.com\/ca\/producto\/gran-caus-terraprima-tinto\/\",\"url\":\"https:\/\/monlacata.cetrexmarketing.com\/ca\/producto\/gran-caus-terraprima-tinto\/\",\"name\":\"Terraprima Negre vi\",\"isPartOf\":{\"@id\":\"https:\/\/monlacata.cetrexmarketing.com\/#website\"},\"primaryImageOfPage\":{\"@id\":\"https:\/\/monlacata.cetrexmarketing.com\/ca\/producto\/gran-caus-terraprima-tinto\/#primaryimage\"},\"image\":{\"@id\":\"https:\/\/monlacata.cetrexmarketing.com\/ca\/producto\/gran-caus-terraprima-tinto\/#primaryimage\"},\"thumbnailUrl\":\"https:\/\/monlacata.cetrexmarketing.com\/wp-content\/uploads\/2023\/05\/Gran-Caus-Terraprima-Tinto.png\",\"datePublished\":\"2023-05-11T16:29:30+00:00\",\"dateModified\":\"2024-12-01T00:07:49+00:00\",\"description\":\"Comprar online al millor preu vins negres de la DO Pened\u00e8s. Can R\u00e0fols dels Caus. Mass\u00eds del Garraf. Vi ecol\u00f2gic i apte per a vegans. 75cl.\",\"breadcrumb\":{\"@id\":\"https:\/\/monlacata.cetrexmarketing.com\/ca\/producto\/gran-caus-terraprima-tinto\/#breadcrumb\"},\"inLanguage\":\"ca\",\"potentialAction\":[{\"@type\":\"ReadAction\",\"target\":[\"https:\/\/monlacata.cetrexmarketing.com\/ca\/producto\/gran-caus-terraprima-tinto\/\"]}]},{\"@type\":\"ImageObject\",\"inLanguage\":\"ca\",\"@id\":\"https:\/\/monlacata.cetrexmarketing.com\/ca\/producto\/gran-caus-terraprima-tinto\/#primaryimage\",\"url\":\"https:\/\/monlacata.cetrexmarketing.com\/wp-content\/uploads\/2023\/05\/Gran-Caus-Terraprima-Tinto.png\",\"contentUrl\":\"https:\/\/monlacata.cetrexmarketing.com\/wp-content\/uploads\/2023\/05\/Gran-Caus-Terraprima-Tinto.png\",\"width\":765,\"height\":1024,\"caption\":\"Gran Caus Terraprima Tinto\"},{\"@type\":\"BreadcrumbList\",\"@id\":\"https:\/\/monlacata.cetrexmarketing.com\/ca\/producto\/gran-caus-terraprima-tinto\/#breadcrumb\",\"itemListElement\":[{\"@type\":\"ListItem\",\"position\":1,\"name\":\"Home\",\"item\":\"https:\/\/monlacata.cetrexmarketing.com\/ca\/\"},{\"@type\":\"ListItem\",\"position\":2,\"name\":\"Tienda\",\"item\":\"https:\/\/monlacata.cetrexmarketing.com\/ca\/tienda-2\/\"},{\"@type\":\"ListItem\",\"position\":3,\"name\":\"Vi\",\"item\":\"https:\/\/monlacata.cetrexmarketing.com\/categoria-producto\/home-ca\/vi-ca\/\"},{\"@type\":\"ListItem\",\"position\":4,\"name\":\"Vi Negre\",\"item\":\"https:\/\/monlacata.cetrexmarketing.com\/ca\/categoria-producto\/home-ca\/vi-ca\/vino-tinto-ca\/\"},{\"@type\":\"ListItem\",\"position\":5,\"name\":\"Gran Caus Terraprima Tinto\"}]},{\"@type\":\"WebSite\",\"@id\":\"https:\/\/monlacata.cetrexmarketing.com\/#website\",\"url\":\"https:\/\/monlacata.cetrexmarketing.com\/\",\"name\":\"M\u00f3n La Cata\",\"description\":\"Tienda de vinos, licores, cervezas y gourmet\",\"publisher\":{\"@id\":\"https:\/\/monlacata.cetrexmarketing.com\/#organization\"},\"potentialAction\":[{\"@type\":\"SearchAction\",\"target\":{\"@type\":\"EntryPoint\",\"urlTemplate\":\"https:\/\/monlacata.cetrexmarketing.com\/?s={search_term_string}\"},\"query-input\":{\"@type\":\"PropertyValueSpecification\",\"valueRequired\":true,\"valueName\":\"search_term_string\"}}],\"inLanguage\":\"ca\"},{\"@type\":\"Organization\",\"@id\":\"https:\/\/monlacata.cetrexmarketing.com\/#organization\",\"name\":\"M\u00f3n La Cata\",\"url\":\"https:\/\/monlacata.cetrexmarketing.com\/\",\"logo\":{\"@type\":\"ImageObject\",\"inLanguage\":\"ca\",\"@id\":\"https:\/\/monlacata.cetrexmarketing.com\/#\/schema\/logo\/image\/\",\"url\":\"https:\/\/monlacata.cetrexmarketing.com\/wp-content\/uploads\/2024\/02\/monlacata-logo-blanc.png\",\"contentUrl\":\"https:\/\/monlacata.cetrexmarketing.com\/wp-content\/uploads\/2024\/02\/monlacata-logo-blanc.png\",\"width\":454,\"height\":193,\"caption\":\"M\u00f3n La Cata\"},\"image\":{\"@id\":\"https:\/\/monlacata.cetrexmarketing.com\/#\/schema\/logo\/image\/\"}}]}<\/script>\n<!-- \/ Yoast SEO Premium plugin. -->","yoast_head_json":{"title":"Terraprima Negre vi","description":"Comprar online al millor preu vins negres de la DO Pened\u00e8s. Can R\u00e0fols dels Caus. Mass\u00eds del Garraf. Vi ecol\u00f2gic i apte per a vegans. 75cl.","robots":{"index":"noindex","follow":"follow","max-snippet":"max-snippet:-1","max-image-preview":"max-image-preview:large","max-video-preview":"max-video-preview:-1"},"og_locale":"ca_ES","og_type":"article","og_title":"Gran Caus Terraprima Tinto","og_description":"Comprar online al millor preu vins negres de la DO Pened\u00e8s. Can R\u00e0fols dels Caus. Mass\u00eds del Garraf. Vi ecol\u00f2gic i apte per a vegans. 75cl.","og_url":"https:\/\/monlacata.cetrexmarketing.com\/ca\/producto\/gran-caus-terraprima-tinto\/","og_site_name":"M\u00f3n La Cata","article_modified_time":"2024-12-01T00:07:49+00:00","og_image":[{"width":765,"height":1024,"url":"https:\/\/monlacata.cetrexmarketing.com\/wp-content\/uploads\/2023\/05\/Gran-Caus-Terraprima-Tinto.png","type":"image\/png"}],"twitter_card":"summary_large_image","schema":{"@context":"https:\/\/schema.org","@graph":[{"@type":"WebPage","@id":"https:\/\/monlacata.cetrexmarketing.com\/ca\/producto\/gran-caus-terraprima-tinto\/","url":"https:\/\/monlacata.cetrexmarketing.com\/ca\/producto\/gran-caus-terraprima-tinto\/","name":"Terraprima Negre vi","isPartOf":{"@id":"https:\/\/monlacata.cetrexmarketing.com\/#website"},"primaryImageOfPage":{"@id":"https:\/\/monlacata.cetrexmarketing.com\/ca\/producto\/gran-caus-terraprima-tinto\/#primaryimage"},"image":{"@id":"https:\/\/monlacata.cetrexmarketing.com\/ca\/producto\/gran-caus-terraprima-tinto\/#primaryimage"},"thumbnailUrl":"https:\/\/monlacata.cetrexmarketing.com\/wp-content\/uploads\/2023\/05\/Gran-Caus-Terraprima-Tinto.png","datePublished":"2023-05-11T16:29:30+00:00","dateModified":"2024-12-01T00:07:49+00:00","description":"Comprar online al millor preu vins negres de la DO Pened\u00e8s. Can R\u00e0fols dels Caus. Mass\u00eds del Garraf. Vi ecol\u00f2gic i apte per a vegans. 75cl.","breadcrumb":{"@id":"https:\/\/monlacata.cetrexmarketing.com\/ca\/producto\/gran-caus-terraprima-tinto\/#breadcrumb"},"inLanguage":"ca","potentialAction":[{"@type":"ReadAction","target":["https:\/\/monlacata.cetrexmarketing.com\/ca\/producto\/gran-caus-terraprima-tinto\/"]}]},{"@type":"ImageObject","inLanguage":"ca","@id":"https:\/\/monlacata.cetrexmarketing.com\/ca\/producto\/gran-caus-terraprima-tinto\/#primaryimage","url":"https:\/\/monlacata.cetrexmarketing.com\/wp-content\/uploads\/2023\/05\/Gran-Caus-Terraprima-Tinto.png","contentUrl":"https:\/\/monlacata.cetrexmarketing.com\/wp-content\/uploads\/2023\/05\/Gran-Caus-Terraprima-Tinto.png","width":765,"height":1024,"caption":"Gran Caus Terraprima Tinto"},{"@type":"BreadcrumbList","@id":"https:\/\/monlacata.cetrexmarketing.com\/ca\/producto\/gran-caus-terraprima-tinto\/#breadcrumb","itemListElement":[{"@type":"ListItem","position":1,"name":"Home","item":"https:\/\/monlacata.cetrexmarketing.com\/ca\/"},{"@type":"ListItem","position":2,"name":"Tienda","item":"https:\/\/monlacata.cetrexmarketing.com\/ca\/tienda-2\/"},{"@type":"ListItem","position":3,"name":"Vi","item":"https:\/\/monlacata.cetrexmarketing.com\/categoria-producto\/home-ca\/vi-ca\/"},{"@type":"ListItem","position":4,"name":"Vi Negre","item":"https:\/\/monlacata.cetrexmarketing.com\/ca\/categoria-producto\/home-ca\/vi-ca\/vino-tinto-ca\/"},{"@type":"ListItem","position":5,"name":"Gran Caus Terraprima Tinto"}]},{"@type":"WebSite","@id":"https:\/\/monlacata.cetrexmarketing.com\/#website","url":"https:\/\/monlacata.cetrexmarketing.com\/","name":"M\u00f3n La Cata","description":"Tienda de vinos, licores, cervezas y gourmet","publisher":{"@id":"https:\/\/monlacata.cetrexmarketing.com\/#organization"},"potentialAction":[{"@type":"SearchAction","target":{"@type":"EntryPoint","urlTemplate":"https:\/\/monlacata.cetrexmarketing.com\/?s={search_term_string}"},"query-input":{"@type":"PropertyValueSpecification","valueRequired":true,"valueName":"search_term_string"}}],"inLanguage":"ca"},{"@type":"Organization","@id":"https:\/\/monlacata.cetrexmarketing.com\/#organization","name":"M\u00f3n La Cata","url":"https:\/\/monlacata.cetrexmarketing.com\/","logo":{"@type":"ImageObject","inLanguage":"ca","@id":"https:\/\/monlacata.cetrexmarketing.com\/#\/schema\/logo\/image\/","url":"https:\/\/monlacata.cetrexmarketing.com\/wp-content\/uploads\/2024\/02\/monlacata-logo-blanc.png","contentUrl":"https:\/\/monlacata.cetrexmarketing.com\/wp-content\/uploads\/2024\/02\/monlacata-logo-blanc.png","width":454,"height":193,"caption":"M\u00f3n La Cata"},"image":{"@id":"https:\/\/monlacata.cetrexmarketing.com\/#\/schema\/logo\/image\/"}}]}},"brands":[{"id":32895,"name":"Pened\u00e8s D.O.","slug":"penedes-d-o"}],"tiered_pricing_type":"fixed","tiered_pricing_fixed_rules":[],"tiered_pricing_product_settings":{"layout":"default","base_unit_name":{"singular":null,"plural":null},"default_variation":null},"tiered_pricing_minimum_quantity":null,"tiered_pricing_roles_data":[],"tiered_pricing_percentage_rules":[],"tiered_pricing_maximum_quantity":null,"tiered_pricing_quantity_step":null,"_links":{"self":[{"href":"https:\/\/monlacata.cetrexmarketing.com\/ca\/wp-json\/wp\/v2\/product\/50866","targetHints":{"allow":["GET"]}}],"collection":[{"href":"https:\/\/monlacata.cetrexmarketing.com\/ca\/wp-json\/wp\/v2\/product"}],"about":[{"href":"https:\/\/monlacata.cetrexmarketing.com\/ca\/wp-json\/wp\/v2\/types\/product"}],"replies":[{"embeddable":true,"href":"https:\/\/monlacata.cetrexmarketing.com\/ca\/wp-json\/wp\/v2\/comments?post=50866"}],"wp:featuredmedia":[{"embeddable":true,"href":"https:\/\/monlacata.cetrexmarketing.com\/ca\/wp-json\/wp\/v2\/media\/69884"}],"wp:attachment":[{"href":"https:\/\/monlacata.cetrexmarketing.com\/ca\/wp-json\/wp\/v2\/media?parent=50866"}],"wp:term":[{"taxonomy":"pwb-brand","embeddable":true,"href":"https:\/\/monlacata.cetrexmarketing.com\/ca\/wp-json\/wp\/v2\/pwb-brand?post=50866"},{"taxonomy":"product_cat","embeddable":true,"href":"https:\/\/monlacata.cetrexmarketing.com\/ca\/wp-json\/wp\/v2\/product_cat?post=50866"},{"taxonomy":"product_tag","embeddable":true,"href":"https:\/\/monlacata.cetrexmarketing.com\/ca\/wp-json\/wp\/v2\/product_tag?post=50866"}],"curies":[{"name":"wp","href":"https:\/\/api.w.org\/{rel}","templated":true}]}}