{"id":51008,"date":"2023-05-26T13:30:11","date_gmt":"2023-05-26T13:30:11","guid":{"rendered":"https:\/\/monlacata.cetrexmarketing.com\/producto\/exopto-el-espinal\/"},"modified":"2025-10-18T09:04:54","modified_gmt":"2025-10-18T09:04:54","slug":"exopto-el-espinal","status":"publish","type":"product","link":"https:\/\/monlacata.cetrexmarketing.com\/ca\/producto\/exopto-el-espinal\/","title":{"rendered":"Exopto El Espinal"},"content":{"rendered":"<p data-start=\"1543\" data-end=\"1999\"><strong>Exopto El Espinal<\/strong><\/p>\n<p data-start=\"1543\" data-end=\"1999\">El Espinal 2023 \u00e9s un vi negre de producci\u00f3 molt limitada, amb nom\u00e9s 1.800 ampolles elaborades. Es tracta d\u2019un monovarietal de Maturana Tinta, una varietat aut\u00f2ctona de La Rioja que va estar a punt de desapar\u00e8ixer. Prov\u00e9 de ceps de 30 anys de la finca El Espinal, situada a San Vicente de la Sonsierra, als peus de la Serra Cant\u00e0bria, a 650 metres d\u2019altitud. Els s\u00f2ls argil\u00b7localcaris i l\u2019altitud aporten al vi un marcat car\u00e0cter atl\u00e0ntic, fresc i elegant.<\/p>\n<h3 data-start=\"2001\" data-end=\"2017\"><strong>Elaboraci\u00f3<\/strong><\/h3>\n<p data-start=\"2018\" data-end=\"2381\">El ra\u00efm de Maturana Tinta es verema a m\u00e0 per preservar-ne la puresa varietal. La fermentaci\u00f3 es duu a terme de manera controlada per extreure suaument el seu potencial arom\u00e0tic i estructural. Posteriorment, el vi envelleix durant 15 mesos en b\u00f3tes de roure franc\u00e8s de 600 litres, amb l\u2019objectiu de respectar al m\u00e0xim la fruita i afegir complexitat sense excessos.<\/p>\n<h3 data-start=\"2383\" data-end=\"2402\"><strong>Notes de tast<\/strong><\/h3>\n<p data-start=\"2403\" data-end=\"2779\">Color vermell profund i brillant. Al nas, destaca per les seves notes intenses de fruita vermella silvestre, com gerds i groselles, amb delicats matisos especiats i un fons mineral elegant. En boca \u00e9s rod\u00f3, amb textura sedosa, tanins fins i un equilibri perfecte entre frescor i estructura. El final \u00e9s llarg i persistent, mostrant tota l\u2019eleg\u00e0ncia natural d\u2019aquesta varietat.<\/p>\n<h3 data-start=\"2781\" data-end=\"2796\"><strong>Maridatge<\/strong><\/h3>\n<p data-start=\"2797\" data-end=\"2923\" data-is-last-node=\"\" data-is-only-node=\"\">Ideal per acompanyar carns vermelles a la brasa, guisats tradicionals, embotits curats, plats amb bolets i formatges semicurs.<\/p>\n","protected":false},"excerpt":{"rendered":"<p>Exopto El Espinal El Espinal 2023 \u00e9s un vi negre de producci\u00f3 molt limitada, amb nom\u00e9s 1.800 ampolles elaborades. Es tracta d\u2019un monovarietal de Maturana Tinta, una varietat aut\u00f2ctona de La Rioja que va estar a punt de desapar\u00e8ixer. Prov\u00e9 de ceps de 30 anys de la finca El Espinal, situada a San Vicente de&hellip;<\/p>\n","protected":false},"featured_media":69837,"comment_status":"closed","ping_status":"closed","template":"","meta":{"_acf_changed":false},"pwb-brand":[32907],"product_cat":[33020,33054],"product_tag":[51742,52362,50359,50323,52276],"class_list":{"0":"post-51008","1":"product","2":"type-product","3":"status-publish","4":"has-post-thumbnail","6":"pwb-brand-rioja-d-o","7":"product_cat-vi-ca","8":"product_cat-vino-tinto-ca","9":"product_tag-doca-rioja-ca-2","10":"product_tag-exopto-ca-2","11":"product_tag-rioja-ca-2","12":"product_tag-vi-negre-ca-2","13":"product_tag-vino-de-rioja-ca","14":"pa_anada-2023-ca","15":"pa_bodega-bodegasexopto-ca","16":"pa_do-rioja-d-o-ca-ca","17":"pa_formatoenl-075-ca","18":"pa_formatoenml-750-ca","19":"pa_graduacion-14_5-ca","20":"pa_pais-espanya-ca","21":"pa_pueblociudad-laguardiaalava-ca","22":"pa_tipodevino-vi-tranquil","23":"pa_variedades-maturanatinta-ca","24":"entry","25":"has-media","27":"first","28":"outofstock","29":"taxable","30":"shipping-taxable","31":"purchasable","32":"product-type-simple"},"acf":[],"yoast_head":"<!-- This site is optimized with the Yoast SEO Premium plugin v23.1 (Yoast SEO v24.1) - https:\/\/yoast.com\/wordpress\/plugins\/seo\/ -->\n<title>El Espinal de Exopto vi<\/title>\n<meta name=\"description\" content=\"Comprar online al millor preu vins negres de la DOCa Rioja. Bodegas Exopto (Laguardia, Rioja) Elaborat amb la varietat, Maturana Negre. 75cl.\" \/>\n<meta name=\"robots\" content=\"noindex, follow, max-snippet:-1, max-image-preview:large, max-video-preview:-1\" \/>\n<meta property=\"og:locale\" content=\"ca_ES\" \/>\n<meta property=\"og:type\" content=\"article\" \/>\n<meta property=\"og:title\" content=\"Exopto El Espinal\" \/>\n<meta property=\"og:description\" content=\"Comprar online al millor preu vins negres de la DOCa Rioja. Bodegas Exopto (Laguardia, Rioja) Elaborat amb la varietat, Maturana Negre. 75cl.\" \/>\n<meta property=\"og:url\" content=\"https:\/\/monlacata.cetrexmarketing.com\/ca\/producto\/exopto-el-espinal\/\" \/>\n<meta property=\"og:site_name\" content=\"M\u00f3n La Cata\" \/>\n<meta property=\"article:modified_time\" content=\"2025-10-18T09:04:54+00:00\" \/>\n<meta property=\"og:image\" content=\"https:\/\/monlacata.cetrexmarketing.com\/wp-content\/uploads\/2023\/05\/Exopto-El-Espinal.png\" \/>\n\t<meta property=\"og:image:width\" content=\"765\" \/>\n\t<meta property=\"og:image:height\" content=\"1024\" \/>\n\t<meta property=\"og:image:type\" content=\"image\/png\" \/>\n<meta name=\"twitter:card\" content=\"summary_large_image\" \/>\n<meta name=\"twitter:label1\" content=\"Temps estimat de lectura\" \/>\n\t<meta name=\"twitter:data1\" content=\"2 minuts\" \/>\n<script type=\"application\/ld+json\" class=\"yoast-schema-graph\">{\"@context\":\"https:\/\/schema.org\",\"@graph\":[{\"@type\":\"WebPage\",\"@id\":\"https:\/\/monlacata.cetrexmarketing.com\/ca\/producto\/exopto-el-espinal\/\",\"url\":\"https:\/\/monlacata.cetrexmarketing.com\/ca\/producto\/exopto-el-espinal\/\",\"name\":\"El Espinal de Exopto vi\",\"isPartOf\":{\"@id\":\"https:\/\/monlacata.cetrexmarketing.com\/#website\"},\"primaryImageOfPage\":{\"@id\":\"https:\/\/monlacata.cetrexmarketing.com\/ca\/producto\/exopto-el-espinal\/#primaryimage\"},\"image\":{\"@id\":\"https:\/\/monlacata.cetrexmarketing.com\/ca\/producto\/exopto-el-espinal\/#primaryimage\"},\"thumbnailUrl\":\"https:\/\/monlacata.cetrexmarketing.com\/wp-content\/uploads\/2023\/05\/Exopto-El-Espinal.png\",\"datePublished\":\"2023-05-26T13:30:11+00:00\",\"dateModified\":\"2025-10-18T09:04:54+00:00\",\"description\":\"Comprar online al millor preu vins negres de la DOCa Rioja. Bodegas Exopto (Laguardia, Rioja) Elaborat amb la varietat, Maturana Negre. 75cl.\",\"breadcrumb\":{\"@id\":\"https:\/\/monlacata.cetrexmarketing.com\/ca\/producto\/exopto-el-espinal\/#breadcrumb\"},\"inLanguage\":\"ca\",\"potentialAction\":[{\"@type\":\"ReadAction\",\"target\":[\"https:\/\/monlacata.cetrexmarketing.com\/ca\/producto\/exopto-el-espinal\/\"]}]},{\"@type\":\"ImageObject\",\"inLanguage\":\"ca\",\"@id\":\"https:\/\/monlacata.cetrexmarketing.com\/ca\/producto\/exopto-el-espinal\/#primaryimage\",\"url\":\"https:\/\/monlacata.cetrexmarketing.com\/wp-content\/uploads\/2023\/05\/Exopto-El-Espinal.png\",\"contentUrl\":\"https:\/\/monlacata.cetrexmarketing.com\/wp-content\/uploads\/2023\/05\/Exopto-El-Espinal.png\",\"width\":765,\"height\":1024,\"caption\":\"Exopto El Espinal\"},{\"@type\":\"BreadcrumbList\",\"@id\":\"https:\/\/monlacata.cetrexmarketing.com\/ca\/producto\/exopto-el-espinal\/#breadcrumb\",\"itemListElement\":[{\"@type\":\"ListItem\",\"position\":1,\"name\":\"Home\",\"item\":\"https:\/\/monlacata.cetrexmarketing.com\/ca\/\"},{\"@type\":\"ListItem\",\"position\":2,\"name\":\"Tienda\",\"item\":\"https:\/\/monlacata.cetrexmarketing.com\/ca\/tienda-2\/\"},{\"@type\":\"ListItem\",\"position\":3,\"name\":\"Vi\",\"item\":\"https:\/\/monlacata.cetrexmarketing.com\/categoria-producto\/home-ca\/vi-ca\/\"},{\"@type\":\"ListItem\",\"position\":4,\"name\":\"Vi Negre\",\"item\":\"https:\/\/monlacata.cetrexmarketing.com\/ca\/categoria-producto\/home-ca\/vi-ca\/vino-tinto-ca\/\"},{\"@type\":\"ListItem\",\"position\":5,\"name\":\"Exopto El Espinal\"}]},{\"@type\":\"WebSite\",\"@id\":\"https:\/\/monlacata.cetrexmarketing.com\/#website\",\"url\":\"https:\/\/monlacata.cetrexmarketing.com\/\",\"name\":\"M\u00f3n La Cata\",\"description\":\"Tienda de vinos, licores, cervezas y gourmet\",\"publisher\":{\"@id\":\"https:\/\/monlacata.cetrexmarketing.com\/#organization\"},\"potentialAction\":[{\"@type\":\"SearchAction\",\"target\":{\"@type\":\"EntryPoint\",\"urlTemplate\":\"https:\/\/monlacata.cetrexmarketing.com\/?s={search_term_string}\"},\"query-input\":{\"@type\":\"PropertyValueSpecification\",\"valueRequired\":true,\"valueName\":\"search_term_string\"}}],\"inLanguage\":\"ca\"},{\"@type\":\"Organization\",\"@id\":\"https:\/\/monlacata.cetrexmarketing.com\/#organization\",\"name\":\"M\u00f3n La Cata\",\"url\":\"https:\/\/monlacata.cetrexmarketing.com\/\",\"logo\":{\"@type\":\"ImageObject\",\"inLanguage\":\"ca\",\"@id\":\"https:\/\/monlacata.cetrexmarketing.com\/#\/schema\/logo\/image\/\",\"url\":\"https:\/\/monlacata.cetrexmarketing.com\/wp-content\/uploads\/2024\/02\/monlacata-logo-blanc.png\",\"contentUrl\":\"https:\/\/monlacata.cetrexmarketing.com\/wp-content\/uploads\/2024\/02\/monlacata-logo-blanc.png\",\"width\":454,\"height\":193,\"caption\":\"M\u00f3n La Cata\"},\"image\":{\"@id\":\"https:\/\/monlacata.cetrexmarketing.com\/#\/schema\/logo\/image\/\"}}]}<\/script>\n<!-- \/ Yoast SEO Premium plugin. -->","yoast_head_json":{"title":"El Espinal de Exopto vi","description":"Comprar online al millor preu vins negres de la DOCa Rioja. Bodegas Exopto (Laguardia, Rioja) Elaborat amb la varietat, Maturana Negre. 75cl.","robots":{"index":"noindex","follow":"follow","max-snippet":"max-snippet:-1","max-image-preview":"max-image-preview:large","max-video-preview":"max-video-preview:-1"},"og_locale":"ca_ES","og_type":"article","og_title":"Exopto El Espinal","og_description":"Comprar online al millor preu vins negres de la DOCa Rioja. Bodegas Exopto (Laguardia, Rioja) Elaborat amb la varietat, Maturana Negre. 75cl.","og_url":"https:\/\/monlacata.cetrexmarketing.com\/ca\/producto\/exopto-el-espinal\/","og_site_name":"M\u00f3n La Cata","article_modified_time":"2025-10-18T09:04:54+00:00","og_image":[{"width":765,"height":1024,"url":"https:\/\/monlacata.cetrexmarketing.com\/wp-content\/uploads\/2023\/05\/Exopto-El-Espinal.png","type":"image\/png"}],"twitter_card":"summary_large_image","twitter_misc":{"Temps estimat de lectura":"2 minuts"},"schema":{"@context":"https:\/\/schema.org","@graph":[{"@type":"WebPage","@id":"https:\/\/monlacata.cetrexmarketing.com\/ca\/producto\/exopto-el-espinal\/","url":"https:\/\/monlacata.cetrexmarketing.com\/ca\/producto\/exopto-el-espinal\/","name":"El Espinal de Exopto vi","isPartOf":{"@id":"https:\/\/monlacata.cetrexmarketing.com\/#website"},"primaryImageOfPage":{"@id":"https:\/\/monlacata.cetrexmarketing.com\/ca\/producto\/exopto-el-espinal\/#primaryimage"},"image":{"@id":"https:\/\/monlacata.cetrexmarketing.com\/ca\/producto\/exopto-el-espinal\/#primaryimage"},"thumbnailUrl":"https:\/\/monlacata.cetrexmarketing.com\/wp-content\/uploads\/2023\/05\/Exopto-El-Espinal.png","datePublished":"2023-05-26T13:30:11+00:00","dateModified":"2025-10-18T09:04:54+00:00","description":"Comprar online al millor preu vins negres de la DOCa Rioja. Bodegas Exopto (Laguardia, Rioja) Elaborat amb la varietat, Maturana Negre. 75cl.","breadcrumb":{"@id":"https:\/\/monlacata.cetrexmarketing.com\/ca\/producto\/exopto-el-espinal\/#breadcrumb"},"inLanguage":"ca","potentialAction":[{"@type":"ReadAction","target":["https:\/\/monlacata.cetrexmarketing.com\/ca\/producto\/exopto-el-espinal\/"]}]},{"@type":"ImageObject","inLanguage":"ca","@id":"https:\/\/monlacata.cetrexmarketing.com\/ca\/producto\/exopto-el-espinal\/#primaryimage","url":"https:\/\/monlacata.cetrexmarketing.com\/wp-content\/uploads\/2023\/05\/Exopto-El-Espinal.png","contentUrl":"https:\/\/monlacata.cetrexmarketing.com\/wp-content\/uploads\/2023\/05\/Exopto-El-Espinal.png","width":765,"height":1024,"caption":"Exopto El Espinal"},{"@type":"BreadcrumbList","@id":"https:\/\/monlacata.cetrexmarketing.com\/ca\/producto\/exopto-el-espinal\/#breadcrumb","itemListElement":[{"@type":"ListItem","position":1,"name":"Home","item":"https:\/\/monlacata.cetrexmarketing.com\/ca\/"},{"@type":"ListItem","position":2,"name":"Tienda","item":"https:\/\/monlacata.cetrexmarketing.com\/ca\/tienda-2\/"},{"@type":"ListItem","position":3,"name":"Vi","item":"https:\/\/monlacata.cetrexmarketing.com\/categoria-producto\/home-ca\/vi-ca\/"},{"@type":"ListItem","position":4,"name":"Vi Negre","item":"https:\/\/monlacata.cetrexmarketing.com\/ca\/categoria-producto\/home-ca\/vi-ca\/vino-tinto-ca\/"},{"@type":"ListItem","position":5,"name":"Exopto El Espinal"}]},{"@type":"WebSite","@id":"https:\/\/monlacata.cetrexmarketing.com\/#website","url":"https:\/\/monlacata.cetrexmarketing.com\/","name":"M\u00f3n La Cata","description":"Tienda de vinos, licores, cervezas y gourmet","publisher":{"@id":"https:\/\/monlacata.cetrexmarketing.com\/#organization"},"potentialAction":[{"@type":"SearchAction","target":{"@type":"EntryPoint","urlTemplate":"https:\/\/monlacata.cetrexmarketing.com\/?s={search_term_string}"},"query-input":{"@type":"PropertyValueSpecification","valueRequired":true,"valueName":"search_term_string"}}],"inLanguage":"ca"},{"@type":"Organization","@id":"https:\/\/monlacata.cetrexmarketing.com\/#organization","name":"M\u00f3n La Cata","url":"https:\/\/monlacata.cetrexmarketing.com\/","logo":{"@type":"ImageObject","inLanguage":"ca","@id":"https:\/\/monlacata.cetrexmarketing.com\/#\/schema\/logo\/image\/","url":"https:\/\/monlacata.cetrexmarketing.com\/wp-content\/uploads\/2024\/02\/monlacata-logo-blanc.png","contentUrl":"https:\/\/monlacata.cetrexmarketing.com\/wp-content\/uploads\/2024\/02\/monlacata-logo-blanc.png","width":454,"height":193,"caption":"M\u00f3n La Cata"},"image":{"@id":"https:\/\/monlacata.cetrexmarketing.com\/#\/schema\/logo\/image\/"}}]}},"brands":[{"id":32907,"name":"Rioja D.O.","slug":"rioja-d-o"}],"tiered_pricing_type":"fixed","tiered_pricing_fixed_rules":[],"tiered_pricing_product_settings":{"layout":"default","base_unit_name":{"singular":null,"plural":null},"default_variation":null},"tiered_pricing_minimum_quantity":null,"tiered_pricing_roles_data":[],"tiered_pricing_percentage_rules":[],"tiered_pricing_maximum_quantity":null,"tiered_pricing_quantity_step":null,"_links":{"self":[{"href":"https:\/\/monlacata.cetrexmarketing.com\/ca\/wp-json\/wp\/v2\/product\/51008","targetHints":{"allow":["GET"]}}],"collection":[{"href":"https:\/\/monlacata.cetrexmarketing.com\/ca\/wp-json\/wp\/v2\/product"}],"about":[{"href":"https:\/\/monlacata.cetrexmarketing.com\/ca\/wp-json\/wp\/v2\/types\/product"}],"replies":[{"embeddable":true,"href":"https:\/\/monlacata.cetrexmarketing.com\/ca\/wp-json\/wp\/v2\/comments?post=51008"}],"wp:featuredmedia":[{"embeddable":true,"href":"https:\/\/monlacata.cetrexmarketing.com\/ca\/wp-json\/wp\/v2\/media\/69837"}],"wp:attachment":[{"href":"https:\/\/monlacata.cetrexmarketing.com\/ca\/wp-json\/wp\/v2\/media?parent=51008"}],"wp:term":[{"taxonomy":"pwb-brand","embeddable":true,"href":"https:\/\/monlacata.cetrexmarketing.com\/ca\/wp-json\/wp\/v2\/pwb-brand?post=51008"},{"taxonomy":"product_cat","embeddable":true,"href":"https:\/\/monlacata.cetrexmarketing.com\/ca\/wp-json\/wp\/v2\/product_cat?post=51008"},{"taxonomy":"product_tag","embeddable":true,"href":"https:\/\/monlacata.cetrexmarketing.com\/ca\/wp-json\/wp\/v2\/product_tag?post=51008"}],"curies":[{"name":"wp","href":"https:\/\/api.w.org\/{rel}","templated":true}]}}