{"id":61371,"date":"2024-02-28T11:58:46","date_gmt":"2024-02-28T11:58:46","guid":{"rendered":"https:\/\/monlacata.cetrexmarketing.com\/?post_type=product&#038;p=61371"},"modified":"2026-01-07T13:24:14","modified_gmt":"2026-01-07T13:24:14","slug":"yaso-flor-de-matteria","status":"publish","type":"product","link":"https:\/\/monlacata.cetrexmarketing.com\/ca\/producto\/yaso-flor-de-matteria\/","title":{"rendered":"Yaso Flor de Matteria"},"content":{"rendered":"<p><strong>Yaso Flor de Matteria<\/strong><\/p>\n","protected":false},"excerpt":{"rendered":"<p>Yaso Flor de Matteria<\/p>\n","protected":false},"featured_media":71310,"comment_status":"closed","ping_status":"closed","template":"","meta":{"_acf_changed":false},"pwb-brand":[32915,48812],"product_cat":[33019,33053],"product_tag":[48818,16213,48819,48606,48605,48814,48813,48817],"class_list":{"0":"post-61371","1":"product","2":"type-product","3":"status-publish","4":"has-post-thumbnail","6":"pwb-brand-toro-d-o","7":"pwb-brand-yaso","8":"product_cat-vino","9":"product_cat-vinos-tintos","10":"product_tag-d-o-toro","11":"product_tag-tinta-de-toro-2","12":"product_tag-toro","13":"product_tag-vino","14":"product_tag-vino-tinto","15":"product_tag-vino-tinto-de-toro","16":"product_tag-yaso","17":"product_tag-yaso-flor-de-matteria","18":"pa_anada-36204","19":"pa_do-toro-d-o","20":"pa_formatoenml-38306","21":"pa_graduacion-15_5","22":"pa_maridaje-carne-roja","23":"pa_pais-espana","24":"pa_potente-tinto-potente","25":"pa_variedad-principal-tinta-de-toro","26":"entry","27":"has-media","29":"first","30":"instock","31":"taxable","32":"shipping-taxable","33":"purchasable","34":"product-type-simple"},"acf":[],"yoast_head":"<!-- This site is optimized with the Yoast SEO Premium plugin v23.1 (Yoast SEO v24.1) - https:\/\/yoast.com\/wordpress\/plugins\/seo\/ -->\n<title>Yaso Flor de Matteria - M\u00f3n La Cata<\/title>\n<meta name=\"description\" content=\"Comprar el vino tinto Yaso Flor de Matteria en M\u00f3n La Cata. Tienda online especilizada en vino y alimentaci\u00f3n. Env\u00edos puntuales y promociones.\" \/>\n<meta name=\"robots\" content=\"noindex, follow, max-snippet:-1, max-image-preview:large, max-video-preview:-1\" \/>\n<meta property=\"og:locale\" content=\"ca_ES\" \/>\n<meta property=\"og:type\" content=\"article\" \/>\n<meta property=\"og:title\" content=\"Yaso Flor de Matteria\" \/>\n<meta property=\"og:description\" content=\"Comprar el vino tinto Yaso Flor de Matteria en M\u00f3n La Cata. Tienda online especilizada en vino y alimentaci\u00f3n. Env\u00edos puntuales y promociones.\" \/>\n<meta property=\"og:url\" content=\"https:\/\/monlacata.cetrexmarketing.com\/producto\/yaso-flor-de-matteria\/\" \/>\n<meta property=\"og:site_name\" content=\"M\u00f3n La Cata\" \/>\n<meta property=\"article:modified_time\" content=\"2026-01-07T13:24:14+00:00\" \/>\n<meta property=\"og:image\" content=\"https:\/\/monlacata.cetrexmarketing.com\/wp-content\/uploads\/2024\/02\/Yaso-Flor-de-Matteria.jpg.png\" \/>\n\t<meta property=\"og:image:width\" content=\"765\" \/>\n\t<meta property=\"og:image:height\" content=\"1024\" \/>\n\t<meta property=\"og:image:type\" content=\"image\/png\" \/>\n<meta name=\"twitter:card\" content=\"summary_large_image\" \/>\n<meta name=\"twitter:label1\" content=\"Temps estimat de lectura\" \/>\n\t<meta name=\"twitter:data1\" content=\"1 minut\" \/>\n<script type=\"application\/ld+json\" class=\"yoast-schema-graph\">{\"@context\":\"https:\/\/schema.org\",\"@graph\":[{\"@type\":\"WebPage\",\"@id\":\"https:\/\/monlacata.cetrexmarketing.com\/producto\/yaso-flor-de-matteria\/\",\"url\":\"https:\/\/monlacata.cetrexmarketing.com\/producto\/yaso-flor-de-matteria\/\",\"name\":\"Yaso Flor de Matteria - M\u00f3n La Cata\",\"isPartOf\":{\"@id\":\"https:\/\/monlacata.cetrexmarketing.com\/#website\"},\"primaryImageOfPage\":{\"@id\":\"https:\/\/monlacata.cetrexmarketing.com\/producto\/yaso-flor-de-matteria\/#primaryimage\"},\"image\":{\"@id\":\"https:\/\/monlacata.cetrexmarketing.com\/producto\/yaso-flor-de-matteria\/#primaryimage\"},\"thumbnailUrl\":\"https:\/\/monlacata.cetrexmarketing.com\/wp-content\/uploads\/2024\/02\/Yaso-Flor-de-Matteria.jpg.png\",\"datePublished\":\"2024-02-28T11:58:46+00:00\",\"dateModified\":\"2026-01-07T13:24:14+00:00\",\"description\":\"Comprar el vino tinto Yaso Flor de Matteria en M\u00f3n La Cata. Tienda online especilizada en vino y alimentaci\u00f3n. Env\u00edos puntuales y promociones.\",\"breadcrumb\":{\"@id\":\"https:\/\/monlacata.cetrexmarketing.com\/producto\/yaso-flor-de-matteria\/#breadcrumb\"},\"inLanguage\":\"ca\",\"potentialAction\":[{\"@type\":\"ReadAction\",\"target\":[\"https:\/\/monlacata.cetrexmarketing.com\/producto\/yaso-flor-de-matteria\/\"]}]},{\"@type\":\"ImageObject\",\"inLanguage\":\"ca\",\"@id\":\"https:\/\/monlacata.cetrexmarketing.com\/producto\/yaso-flor-de-matteria\/#primaryimage\",\"url\":\"https:\/\/monlacata.cetrexmarketing.com\/wp-content\/uploads\/2024\/02\/Yaso-Flor-de-Matteria.jpg.png\",\"contentUrl\":\"https:\/\/monlacata.cetrexmarketing.com\/wp-content\/uploads\/2024\/02\/Yaso-Flor-de-Matteria.jpg.png\",\"width\":765,\"height\":1024,\"caption\":\"Yaso Flor de Matteria.jpg\"},{\"@type\":\"BreadcrumbList\",\"@id\":\"https:\/\/monlacata.cetrexmarketing.com\/producto\/yaso-flor-de-matteria\/#breadcrumb\",\"itemListElement\":[{\"@type\":\"ListItem\",\"position\":1,\"name\":\"Home\",\"item\":\"https:\/\/monlacata.cetrexmarketing.com\/ca\/\"},{\"@type\":\"ListItem\",\"position\":2,\"name\":\"Tienda\",\"item\":\"https:\/\/monlacata.cetrexmarketing.com\/ca\/tienda-2\/\"},{\"@type\":\"ListItem\",\"position\":3,\"name\":\"Tienda\",\"item\":\"https:\/\/monlacata.cetrexmarketing.com\/categoria-producto\/inicio\/\"},{\"@type\":\"ListItem\",\"position\":4,\"name\":\"Vino\",\"item\":\"https:\/\/monlacata.cetrexmarketing.com\/categoria-producto\/inicio\/vino\/\"},{\"@type\":\"ListItem\",\"position\":5,\"name\":\"Yaso Flor de Matteria\"}]},{\"@type\":\"WebSite\",\"@id\":\"https:\/\/monlacata.cetrexmarketing.com\/#website\",\"url\":\"https:\/\/monlacata.cetrexmarketing.com\/\",\"name\":\"M\u00f3n La Cata\",\"description\":\"Tienda de vinos, licores, cervezas y gourmet\",\"publisher\":{\"@id\":\"https:\/\/monlacata.cetrexmarketing.com\/#organization\"},\"potentialAction\":[{\"@type\":\"SearchAction\",\"target\":{\"@type\":\"EntryPoint\",\"urlTemplate\":\"https:\/\/monlacata.cetrexmarketing.com\/?s={search_term_string}\"},\"query-input\":{\"@type\":\"PropertyValueSpecification\",\"valueRequired\":true,\"valueName\":\"search_term_string\"}}],\"inLanguage\":\"ca\"},{\"@type\":\"Organization\",\"@id\":\"https:\/\/monlacata.cetrexmarketing.com\/#organization\",\"name\":\"M\u00f3n La Cata\",\"url\":\"https:\/\/monlacata.cetrexmarketing.com\/\",\"logo\":{\"@type\":\"ImageObject\",\"inLanguage\":\"ca\",\"@id\":\"https:\/\/monlacata.cetrexmarketing.com\/#\/schema\/logo\/image\/\",\"url\":\"https:\/\/monlacata.cetrexmarketing.com\/wp-content\/uploads\/2024\/02\/monlacata-logo-blanc.png\",\"contentUrl\":\"https:\/\/monlacata.cetrexmarketing.com\/wp-content\/uploads\/2024\/02\/monlacata-logo-blanc.png\",\"width\":454,\"height\":193,\"caption\":\"M\u00f3n La Cata\"},\"image\":{\"@id\":\"https:\/\/monlacata.cetrexmarketing.com\/#\/schema\/logo\/image\/\"}}]}<\/script>\n<!-- \/ Yoast SEO Premium plugin. -->","yoast_head_json":{"title":"Yaso Flor de Matteria - M\u00f3n La Cata","description":"Comprar el vino tinto Yaso Flor de Matteria en M\u00f3n La Cata. Tienda online especilizada en vino y alimentaci\u00f3n. Env\u00edos puntuales y promociones.","robots":{"index":"noindex","follow":"follow","max-snippet":"max-snippet:-1","max-image-preview":"max-image-preview:large","max-video-preview":"max-video-preview:-1"},"og_locale":"ca_ES","og_type":"article","og_title":"Yaso Flor de Matteria","og_description":"Comprar el vino tinto Yaso Flor de Matteria en M\u00f3n La Cata. Tienda online especilizada en vino y alimentaci\u00f3n. Env\u00edos puntuales y promociones.","og_url":"https:\/\/monlacata.cetrexmarketing.com\/producto\/yaso-flor-de-matteria\/","og_site_name":"M\u00f3n La Cata","article_modified_time":"2026-01-07T13:24:14+00:00","og_image":[{"width":765,"height":1024,"url":"https:\/\/monlacata.cetrexmarketing.com\/wp-content\/uploads\/2024\/02\/Yaso-Flor-de-Matteria.jpg.png","type":"image\/png"}],"twitter_card":"summary_large_image","twitter_misc":{"Temps estimat de lectura":"1 minut"},"schema":{"@context":"https:\/\/schema.org","@graph":[{"@type":"WebPage","@id":"https:\/\/monlacata.cetrexmarketing.com\/producto\/yaso-flor-de-matteria\/","url":"https:\/\/monlacata.cetrexmarketing.com\/producto\/yaso-flor-de-matteria\/","name":"Yaso Flor de Matteria - M\u00f3n La Cata","isPartOf":{"@id":"https:\/\/monlacata.cetrexmarketing.com\/#website"},"primaryImageOfPage":{"@id":"https:\/\/monlacata.cetrexmarketing.com\/producto\/yaso-flor-de-matteria\/#primaryimage"},"image":{"@id":"https:\/\/monlacata.cetrexmarketing.com\/producto\/yaso-flor-de-matteria\/#primaryimage"},"thumbnailUrl":"https:\/\/monlacata.cetrexmarketing.com\/wp-content\/uploads\/2024\/02\/Yaso-Flor-de-Matteria.jpg.png","datePublished":"2024-02-28T11:58:46+00:00","dateModified":"2026-01-07T13:24:14+00:00","description":"Comprar el vino tinto Yaso Flor de Matteria en M\u00f3n La Cata. Tienda online especilizada en vino y alimentaci\u00f3n. Env\u00edos puntuales y promociones.","breadcrumb":{"@id":"https:\/\/monlacata.cetrexmarketing.com\/producto\/yaso-flor-de-matteria\/#breadcrumb"},"inLanguage":"ca","potentialAction":[{"@type":"ReadAction","target":["https:\/\/monlacata.cetrexmarketing.com\/producto\/yaso-flor-de-matteria\/"]}]},{"@type":"ImageObject","inLanguage":"ca","@id":"https:\/\/monlacata.cetrexmarketing.com\/producto\/yaso-flor-de-matteria\/#primaryimage","url":"https:\/\/monlacata.cetrexmarketing.com\/wp-content\/uploads\/2024\/02\/Yaso-Flor-de-Matteria.jpg.png","contentUrl":"https:\/\/monlacata.cetrexmarketing.com\/wp-content\/uploads\/2024\/02\/Yaso-Flor-de-Matteria.jpg.png","width":765,"height":1024,"caption":"Yaso Flor de Matteria.jpg"},{"@type":"BreadcrumbList","@id":"https:\/\/monlacata.cetrexmarketing.com\/producto\/yaso-flor-de-matteria\/#breadcrumb","itemListElement":[{"@type":"ListItem","position":1,"name":"Home","item":"https:\/\/monlacata.cetrexmarketing.com\/ca\/"},{"@type":"ListItem","position":2,"name":"Tienda","item":"https:\/\/monlacata.cetrexmarketing.com\/ca\/tienda-2\/"},{"@type":"ListItem","position":3,"name":"Tienda","item":"https:\/\/monlacata.cetrexmarketing.com\/categoria-producto\/inicio\/"},{"@type":"ListItem","position":4,"name":"Vino","item":"https:\/\/monlacata.cetrexmarketing.com\/categoria-producto\/inicio\/vino\/"},{"@type":"ListItem","position":5,"name":"Yaso Flor de Matteria"}]},{"@type":"WebSite","@id":"https:\/\/monlacata.cetrexmarketing.com\/#website","url":"https:\/\/monlacata.cetrexmarketing.com\/","name":"M\u00f3n La Cata","description":"Tienda de vinos, licores, cervezas y gourmet","publisher":{"@id":"https:\/\/monlacata.cetrexmarketing.com\/#organization"},"potentialAction":[{"@type":"SearchAction","target":{"@type":"EntryPoint","urlTemplate":"https:\/\/monlacata.cetrexmarketing.com\/?s={search_term_string}"},"query-input":{"@type":"PropertyValueSpecification","valueRequired":true,"valueName":"search_term_string"}}],"inLanguage":"ca"},{"@type":"Organization","@id":"https:\/\/monlacata.cetrexmarketing.com\/#organization","name":"M\u00f3n La Cata","url":"https:\/\/monlacata.cetrexmarketing.com\/","logo":{"@type":"ImageObject","inLanguage":"ca","@id":"https:\/\/monlacata.cetrexmarketing.com\/#\/schema\/logo\/image\/","url":"https:\/\/monlacata.cetrexmarketing.com\/wp-content\/uploads\/2024\/02\/monlacata-logo-blanc.png","contentUrl":"https:\/\/monlacata.cetrexmarketing.com\/wp-content\/uploads\/2024\/02\/monlacata-logo-blanc.png","width":454,"height":193,"caption":"M\u00f3n La Cata"},"image":{"@id":"https:\/\/monlacata.cetrexmarketing.com\/#\/schema\/logo\/image\/"}}]}},"brands":[{"id":32915,"name":"Toro D.O.","slug":"toro-d-o"},{"id":48812,"name":"Yaso","slug":"yaso"}],"tiered_pricing_type":"fixed","tiered_pricing_fixed_rules":[],"tiered_pricing_product_settings":{"layout":"default","base_unit_name":{"singular":null,"plural":null},"default_variation":null},"tiered_pricing_minimum_quantity":1,"tiered_pricing_roles_data":[],"tiered_pricing_percentage_rules":[],"tiered_pricing_maximum_quantity":null,"tiered_pricing_quantity_step":null,"_links":{"self":[{"href":"https:\/\/monlacata.cetrexmarketing.com\/ca\/wp-json\/wp\/v2\/product\/61371","targetHints":{"allow":["GET"]}}],"collection":[{"href":"https:\/\/monlacata.cetrexmarketing.com\/ca\/wp-json\/wp\/v2\/product"}],"about":[{"href":"https:\/\/monlacata.cetrexmarketing.com\/ca\/wp-json\/wp\/v2\/types\/product"}],"replies":[{"embeddable":true,"href":"https:\/\/monlacata.cetrexmarketing.com\/ca\/wp-json\/wp\/v2\/comments?post=61371"}],"wp:featuredmedia":[{"embeddable":true,"href":"https:\/\/monlacata.cetrexmarketing.com\/ca\/wp-json\/wp\/v2\/media\/71310"}],"wp:attachment":[{"href":"https:\/\/monlacata.cetrexmarketing.com\/ca\/wp-json\/wp\/v2\/media?parent=61371"}],"wp:term":[{"taxonomy":"pwb-brand","embeddable":true,"href":"https:\/\/monlacata.cetrexmarketing.com\/ca\/wp-json\/wp\/v2\/pwb-brand?post=61371"},{"taxonomy":"product_cat","embeddable":true,"href":"https:\/\/monlacata.cetrexmarketing.com\/ca\/wp-json\/wp\/v2\/product_cat?post=61371"},{"taxonomy":"product_tag","embeddable":true,"href":"https:\/\/monlacata.cetrexmarketing.com\/ca\/wp-json\/wp\/v2\/product_tag?post=61371"}],"curies":[{"name":"wp","href":"https:\/\/api.w.org\/{rel}","templated":true}]}}