{"id":64963,"date":"2024-04-20T14:50:27","date_gmt":"2024-04-20T14:50:27","guid":{"rendered":"https:\/\/monlacata.cetrexmarketing.com\/producto\/st-petroni-aperitiu\/"},"modified":"2024-04-20T14:50:27","modified_gmt":"2024-04-20T14:50:27","slug":"st-petroni-aperitiu","status":"publish","type":"product","link":"https:\/\/monlacata.cetrexmarketing.com\/ca\/producto\/st-petroni-aperitiu\/","title":{"rendered":"St. Petroni Aperitiu"},"content":{"rendered":"<p><strong>St. Petroni Aperitiu<\/strong><\/p>\n<p>L\u00b4aperitiu St. Petroni \u00e9s un vermut premium d&#8217;origen gallec, elaborat amb vi albari\u00f1o i una barreja \u00fanica de bot\u00e0nics seleccionats amb cura. Amb un sabor equilibrat i arom\u00e0tic, \u00e9s perfecte per gaudir com a aperitiu o en c\u00f2ctels. El proc\u00e9s d&#8217;elaboraci\u00f3 artesanal i la qualitat dels ingredients el converteixen en una opci\u00f3 sofisticada i deliciosa. St. Petroni \u00e9s una marca reconeguda per la seva excel\u00b7l\u00e8ncia i el seu comprom\u00eds amb la tradici\u00f3 gallega, cosa que el converteix en una elecci\u00f3 ideal per als que busquen experi\u00e8ncies gastron\u00f2miques aut\u00e8ntiques i memorables.<\/p>\n","protected":false},"excerpt":{"rendered":"<p><strong>St. Petroni Aperitiu<\/strong><\/p>\n<p>L\u00b4aperitiu St. Petroni \u00e9s un vermut premium d&#8217;origen gallec, elaborat amb vi albari\u00f1o i una barreja \u00fanica de bot\u00e0nics seleccionats amb cura. Amb un sabor equilibrat i arom\u00e0tic, \u00e9s perfecte per gaudir com a aperitiu o en c\u00f2ctels. El proc\u00e9s d&#8217;elaboraci\u00f3 artesanal i la qualitat dels ingredients el converteixen en una opci\u00f3 sofisticada i deliciosa. St. Petroni \u00e9s una marca reconeguda per la seva excel\u00b7l\u00e8ncia i el seu comprom\u00eds amb la tradici\u00f3 gallega, cosa que el converteix en una elecci\u00f3 ideal per als que busquen experi\u00e8ncies gastron\u00f2miques aut\u00e8ntiques i memorables.<\/p>\n","protected":false},"featured_media":63450,"comment_status":"closed","ping_status":"closed","template":"","meta":{"_acf_changed":false},"pwb-brand":[],"product_cat":[33040,33234],"product_tag":[50564,50566,50306,50565],"class_list":{"0":"post-64963","1":"product","2":"type-product","3":"status-publish","4":"has-post-thumbnail","6":"product_cat-destil-lats-ca","7":"product_cat-aperitius-ca","8":"product_tag-aperitiu-ca","9":"product_tag-padron-ca","10":"product_tag-st-petroni-ca-2","11":"product_tag-st-petroni-aperitiu","12":"pa_bodega-vermuteriadegalicia-ca","13":"pa_formatoenml-1000-ca","14":"pa_graduacion-11_0-ca","15":"pa_pais-espanya-ca","16":"pa_pueblociudad-padronterrasdeiriagalicia-ca","17":"entry","18":"has-media","20":"first","21":"instock","22":"taxable","23":"shipping-taxable","24":"purchasable","25":"product-type-simple"},"acf":[],"yoast_head":"<!-- This site is optimized with the Yoast SEO Premium plugin v23.1 (Yoast SEO v24.1) - https:\/\/yoast.com\/wordpress\/plugins\/seo\/ -->\n<title>St. Petroni Aperitiu - M\u00f3n La Cata<\/title>\n<meta name=\"description\" content=\"Comprar en l\u00ednia al millor preu St. Petroni Aperitiu. Web especialitzada en destil\u00b7lats, vins, cerveses i alimentaci\u00f3 gurmet.\" \/>\n<meta name=\"robots\" content=\"noindex, follow, max-snippet:-1, max-image-preview:large, max-video-preview:-1\" \/>\n<meta property=\"og:locale\" content=\"ca_ES\" \/>\n<meta property=\"og:type\" content=\"article\" \/>\n<meta property=\"og:title\" content=\"St. Petroni Aperitiu\" \/>\n<meta property=\"og:description\" content=\"Comprar en l\u00ednia al millor preu St. Petroni Aperitiu. Web especialitzada en destil\u00b7lats, vins, cerveses i alimentaci\u00f3 gurmet.\" \/>\n<meta property=\"og:url\" content=\"https:\/\/monlacata.cetrexmarketing.com\/ca\/producto\/st-petroni-aperitiu\/\" \/>\n<meta property=\"og:site_name\" content=\"M\u00f3n La Cata\" \/>\n<meta property=\"og:image\" content=\"https:\/\/monlacata.cetrexmarketing.com\/wp-content\/uploads\/2024\/04\/ST-PETRONI-APERITIVO.jpg.png\" \/>\n\t<meta property=\"og:image:width\" content=\"765\" \/>\n\t<meta property=\"og:image:height\" content=\"1024\" \/>\n\t<meta property=\"og:image:type\" content=\"image\/png\" \/>\n<meta name=\"twitter:card\" content=\"summary_large_image\" \/>\n<meta name=\"twitter:label1\" content=\"Temps estimat de lectura\" \/>\n\t<meta name=\"twitter:data1\" content=\"1 minut\" \/>\n<script type=\"application\/ld+json\" class=\"yoast-schema-graph\">{\"@context\":\"https:\/\/schema.org\",\"@graph\":[{\"@type\":\"WebPage\",\"@id\":\"https:\/\/monlacata.cetrexmarketing.com\/ca\/producto\/st-petroni-aperitiu\/\",\"url\":\"https:\/\/monlacata.cetrexmarketing.com\/ca\/producto\/st-petroni-aperitiu\/\",\"name\":\"St. Petroni Aperitiu - M\u00f3n La Cata\",\"isPartOf\":{\"@id\":\"https:\/\/monlacata.cetrexmarketing.com\/#website\"},\"primaryImageOfPage\":{\"@id\":\"https:\/\/monlacata.cetrexmarketing.com\/ca\/producto\/st-petroni-aperitiu\/#primaryimage\"},\"image\":{\"@id\":\"https:\/\/monlacata.cetrexmarketing.com\/ca\/producto\/st-petroni-aperitiu\/#primaryimage\"},\"thumbnailUrl\":\"https:\/\/monlacata.cetrexmarketing.com\/wp-content\/uploads\/2024\/04\/ST-PETRONI-APERITIVO.jpg.png\",\"datePublished\":\"2024-04-20T14:50:27+00:00\",\"dateModified\":\"2024-04-20T14:50:27+00:00\",\"description\":\"Comprar en l\u00ednia al millor preu St. Petroni Aperitiu. Web especialitzada en destil\u00b7lats, vins, cerveses i alimentaci\u00f3 gurmet.\",\"breadcrumb\":{\"@id\":\"https:\/\/monlacata.cetrexmarketing.com\/ca\/producto\/st-petroni-aperitiu\/#breadcrumb\"},\"inLanguage\":\"ca\",\"potentialAction\":[{\"@type\":\"ReadAction\",\"target\":[\"https:\/\/monlacata.cetrexmarketing.com\/ca\/producto\/st-petroni-aperitiu\/\"]}]},{\"@type\":\"ImageObject\",\"inLanguage\":\"ca\",\"@id\":\"https:\/\/monlacata.cetrexmarketing.com\/ca\/producto\/st-petroni-aperitiu\/#primaryimage\",\"url\":\"https:\/\/monlacata.cetrexmarketing.com\/wp-content\/uploads\/2024\/04\/ST-PETRONI-APERITIVO.jpg.png\",\"contentUrl\":\"https:\/\/monlacata.cetrexmarketing.com\/wp-content\/uploads\/2024\/04\/ST-PETRONI-APERITIVO.jpg.png\",\"width\":765,\"height\":1024,\"caption\":\"ST PETRONI APERITIVO.jpg\"},{\"@type\":\"BreadcrumbList\",\"@id\":\"https:\/\/monlacata.cetrexmarketing.com\/ca\/producto\/st-petroni-aperitiu\/#breadcrumb\",\"itemListElement\":[{\"@type\":\"ListItem\",\"position\":1,\"name\":\"Home\",\"item\":\"https:\/\/monlacata.cetrexmarketing.com\/ca\/\"},{\"@type\":\"ListItem\",\"position\":2,\"name\":\"Tienda\",\"item\":\"https:\/\/monlacata.cetrexmarketing.com\/ca\/tienda-2\/\"},{\"@type\":\"ListItem\",\"position\":3,\"name\":\"Tienda\",\"item\":\"https:\/\/monlacata.cetrexmarketing.com\/categoria-producto\/inicio\/\"},{\"@type\":\"ListItem\",\"position\":4,\"name\":\"Destilados\",\"item\":\"https:\/\/monlacata.cetrexmarketing.com\/categoria-producto\/inicio\/destilados\/\"},{\"@type\":\"ListItem\",\"position\":5,\"name\":\"St. Petroni Aperitiu\"}]},{\"@type\":\"WebSite\",\"@id\":\"https:\/\/monlacata.cetrexmarketing.com\/#website\",\"url\":\"https:\/\/monlacata.cetrexmarketing.com\/\",\"name\":\"M\u00f3n La Cata\",\"description\":\"Tienda de vinos, licores, cervezas y gourmet\",\"publisher\":{\"@id\":\"https:\/\/monlacata.cetrexmarketing.com\/#organization\"},\"potentialAction\":[{\"@type\":\"SearchAction\",\"target\":{\"@type\":\"EntryPoint\",\"urlTemplate\":\"https:\/\/monlacata.cetrexmarketing.com\/?s={search_term_string}\"},\"query-input\":{\"@type\":\"PropertyValueSpecification\",\"valueRequired\":true,\"valueName\":\"search_term_string\"}}],\"inLanguage\":\"ca\"},{\"@type\":\"Organization\",\"@id\":\"https:\/\/monlacata.cetrexmarketing.com\/#organization\",\"name\":\"M\u00f3n La Cata\",\"url\":\"https:\/\/monlacata.cetrexmarketing.com\/\",\"logo\":{\"@type\":\"ImageObject\",\"inLanguage\":\"ca\",\"@id\":\"https:\/\/monlacata.cetrexmarketing.com\/#\/schema\/logo\/image\/\",\"url\":\"https:\/\/monlacata.cetrexmarketing.com\/wp-content\/uploads\/2024\/02\/monlacata-logo-blanc.png\",\"contentUrl\":\"https:\/\/monlacata.cetrexmarketing.com\/wp-content\/uploads\/2024\/02\/monlacata-logo-blanc.png\",\"width\":454,\"height\":193,\"caption\":\"M\u00f3n La Cata\"},\"image\":{\"@id\":\"https:\/\/monlacata.cetrexmarketing.com\/#\/schema\/logo\/image\/\"}}]}<\/script>\n<!-- \/ Yoast SEO Premium plugin. -->","yoast_head_json":{"title":"St. Petroni Aperitiu - M\u00f3n La Cata","description":"Comprar en l\u00ednia al millor preu St. Petroni Aperitiu. Web especialitzada en destil\u00b7lats, vins, cerveses i alimentaci\u00f3 gurmet.","robots":{"index":"noindex","follow":"follow","max-snippet":"max-snippet:-1","max-image-preview":"max-image-preview:large","max-video-preview":"max-video-preview:-1"},"og_locale":"ca_ES","og_type":"article","og_title":"St. Petroni Aperitiu","og_description":"Comprar en l\u00ednia al millor preu St. Petroni Aperitiu. Web especialitzada en destil\u00b7lats, vins, cerveses i alimentaci\u00f3 gurmet.","og_url":"https:\/\/monlacata.cetrexmarketing.com\/ca\/producto\/st-petroni-aperitiu\/","og_site_name":"M\u00f3n La Cata","og_image":[{"width":765,"height":1024,"url":"https:\/\/monlacata.cetrexmarketing.com\/wp-content\/uploads\/2024\/04\/ST-PETRONI-APERITIVO.jpg.png","type":"image\/png"}],"twitter_card":"summary_large_image","twitter_misc":{"Temps estimat de lectura":"1 minut"},"schema":{"@context":"https:\/\/schema.org","@graph":[{"@type":"WebPage","@id":"https:\/\/monlacata.cetrexmarketing.com\/ca\/producto\/st-petroni-aperitiu\/","url":"https:\/\/monlacata.cetrexmarketing.com\/ca\/producto\/st-petroni-aperitiu\/","name":"St. Petroni Aperitiu - M\u00f3n La Cata","isPartOf":{"@id":"https:\/\/monlacata.cetrexmarketing.com\/#website"},"primaryImageOfPage":{"@id":"https:\/\/monlacata.cetrexmarketing.com\/ca\/producto\/st-petroni-aperitiu\/#primaryimage"},"image":{"@id":"https:\/\/monlacata.cetrexmarketing.com\/ca\/producto\/st-petroni-aperitiu\/#primaryimage"},"thumbnailUrl":"https:\/\/monlacata.cetrexmarketing.com\/wp-content\/uploads\/2024\/04\/ST-PETRONI-APERITIVO.jpg.png","datePublished":"2024-04-20T14:50:27+00:00","dateModified":"2024-04-20T14:50:27+00:00","description":"Comprar en l\u00ednia al millor preu St. Petroni Aperitiu. Web especialitzada en destil\u00b7lats, vins, cerveses i alimentaci\u00f3 gurmet.","breadcrumb":{"@id":"https:\/\/monlacata.cetrexmarketing.com\/ca\/producto\/st-petroni-aperitiu\/#breadcrumb"},"inLanguage":"ca","potentialAction":[{"@type":"ReadAction","target":["https:\/\/monlacata.cetrexmarketing.com\/ca\/producto\/st-petroni-aperitiu\/"]}]},{"@type":"ImageObject","inLanguage":"ca","@id":"https:\/\/monlacata.cetrexmarketing.com\/ca\/producto\/st-petroni-aperitiu\/#primaryimage","url":"https:\/\/monlacata.cetrexmarketing.com\/wp-content\/uploads\/2024\/04\/ST-PETRONI-APERITIVO.jpg.png","contentUrl":"https:\/\/monlacata.cetrexmarketing.com\/wp-content\/uploads\/2024\/04\/ST-PETRONI-APERITIVO.jpg.png","width":765,"height":1024,"caption":"ST PETRONI APERITIVO.jpg"},{"@type":"BreadcrumbList","@id":"https:\/\/monlacata.cetrexmarketing.com\/ca\/producto\/st-petroni-aperitiu\/#breadcrumb","itemListElement":[{"@type":"ListItem","position":1,"name":"Home","item":"https:\/\/monlacata.cetrexmarketing.com\/ca\/"},{"@type":"ListItem","position":2,"name":"Tienda","item":"https:\/\/monlacata.cetrexmarketing.com\/ca\/tienda-2\/"},{"@type":"ListItem","position":3,"name":"Tienda","item":"https:\/\/monlacata.cetrexmarketing.com\/categoria-producto\/inicio\/"},{"@type":"ListItem","position":4,"name":"Destilados","item":"https:\/\/monlacata.cetrexmarketing.com\/categoria-producto\/inicio\/destilados\/"},{"@type":"ListItem","position":5,"name":"St. Petroni Aperitiu"}]},{"@type":"WebSite","@id":"https:\/\/monlacata.cetrexmarketing.com\/#website","url":"https:\/\/monlacata.cetrexmarketing.com\/","name":"M\u00f3n La Cata","description":"Tienda de vinos, licores, cervezas y gourmet","publisher":{"@id":"https:\/\/monlacata.cetrexmarketing.com\/#organization"},"potentialAction":[{"@type":"SearchAction","target":{"@type":"EntryPoint","urlTemplate":"https:\/\/monlacata.cetrexmarketing.com\/?s={search_term_string}"},"query-input":{"@type":"PropertyValueSpecification","valueRequired":true,"valueName":"search_term_string"}}],"inLanguage":"ca"},{"@type":"Organization","@id":"https:\/\/monlacata.cetrexmarketing.com\/#organization","name":"M\u00f3n La Cata","url":"https:\/\/monlacata.cetrexmarketing.com\/","logo":{"@type":"ImageObject","inLanguage":"ca","@id":"https:\/\/monlacata.cetrexmarketing.com\/#\/schema\/logo\/image\/","url":"https:\/\/monlacata.cetrexmarketing.com\/wp-content\/uploads\/2024\/02\/monlacata-logo-blanc.png","contentUrl":"https:\/\/monlacata.cetrexmarketing.com\/wp-content\/uploads\/2024\/02\/monlacata-logo-blanc.png","width":454,"height":193,"caption":"M\u00f3n La Cata"},"image":{"@id":"https:\/\/monlacata.cetrexmarketing.com\/#\/schema\/logo\/image\/"}}]}},"brands":[],"tiered_pricing_type":"fixed","tiered_pricing_fixed_rules":[],"tiered_pricing_product_settings":{"layout":"default","base_unit_name":{"singular":null,"plural":null},"default_variation":null},"tiered_pricing_minimum_quantity":1,"tiered_pricing_roles_data":[],"tiered_pricing_percentage_rules":[],"tiered_pricing_maximum_quantity":null,"tiered_pricing_quantity_step":null,"_links":{"self":[{"href":"https:\/\/monlacata.cetrexmarketing.com\/ca\/wp-json\/wp\/v2\/product\/64963","targetHints":{"allow":["GET"]}}],"collection":[{"href":"https:\/\/monlacata.cetrexmarketing.com\/ca\/wp-json\/wp\/v2\/product"}],"about":[{"href":"https:\/\/monlacata.cetrexmarketing.com\/ca\/wp-json\/wp\/v2\/types\/product"}],"replies":[{"embeddable":true,"href":"https:\/\/monlacata.cetrexmarketing.com\/ca\/wp-json\/wp\/v2\/comments?post=64963"}],"wp:featuredmedia":[{"embeddable":true,"href":"https:\/\/monlacata.cetrexmarketing.com\/ca\/wp-json\/wp\/v2\/media\/63450"}],"wp:attachment":[{"href":"https:\/\/monlacata.cetrexmarketing.com\/ca\/wp-json\/wp\/v2\/media?parent=64963"}],"wp:term":[{"taxonomy":"pwb-brand","embeddable":true,"href":"https:\/\/monlacata.cetrexmarketing.com\/ca\/wp-json\/wp\/v2\/pwb-brand?post=64963"},{"taxonomy":"product_cat","embeddable":true,"href":"https:\/\/monlacata.cetrexmarketing.com\/ca\/wp-json\/wp\/v2\/product_cat?post=64963"},{"taxonomy":"product_tag","embeddable":true,"href":"https:\/\/monlacata.cetrexmarketing.com\/ca\/wp-json\/wp\/v2\/product_tag?post=64963"}],"curies":[{"name":"wp","href":"https:\/\/api.w.org\/{rel}","templated":true}]}}